{"id":99503,"date":"2026-01-14T14:26:50","date_gmt":"2026-01-14T11:26:50","guid":{"rendered":"https:\/\/xstyle.md\/?post_type=product&#038;p=99503"},"modified":"2026-03-30T14:26:56","modified_gmt":"2026-03-30T11:26:56","slug":"spasatelnyj-zhilet-cressi-sub-aquaride-bcd-blue","status":"publish","type":"product","link":"https:\/\/xstyle.md\/ro\/produs\/spasatelnyj-zhilet-cressi-sub-aquaride-bcd-blue\/","title":{"rendered":"Vest\u0103 de salvare Cressi-Sub Aquaride BCD blue"},"content":{"rendered":"<\/p>\n<p><strong>Cressi-Sub Aquaride BCD blue<\/strong> &#8212; este un compensator de flotabilitate (BCD) de tip \u201evest\u0103\u201d (jacket), ideal at\u00e2t pentru \u00eencep\u0103tori, c\u00e2t \u0219i pentru scafandri experimenta\u021bi. Acesta combin\u0103 o structur\u0103 clasic\u0103 cu sisteme inovatoare de distribu\u021bie a greut\u0103\u021bii. Accentul este pus pe durabilitate \u0219i confort: vesta se muleaz\u0103 perfect pe corp f\u0103r\u0103 a restric\u021biona mi\u0219c\u0103rile, oferind o stabilitate excelent\u0103 at\u00e2t sub ap\u0103, c\u00e2t \u0219i la suprafa\u021b\u0103.<\/p>\n<h3>Particularit\u0103\u021bi<\/h3>\n<ul>\n<li>Material Cordura &#8212; fabricat din nailon de 420 \u0219i 1500 Denier, ceea ce \u00eei confer\u0103 o rezisten\u021b\u0103 excep\u021bional\u0103 la abraziune \u0219i rupere<\/li>\n<li>Sistem de lestare integrat Flat-Lock Aid System &#8212; permite fixarea u\u0219oar\u0103 \u0219i sigur\u0103 a greut\u0103\u021bilor. Buzunarele au un profil plat, \u00eembun\u0103t\u0103\u021bind hidrodinamica<\/li>\n<li>C\u0103ptu\u0219eala anatomic\u0103 moale de pe spate reduce presiunea asupra coloanei vertebrale \u0219i ofer\u0103 confort \u00een timpul transportului buteliei grele<\/li>\n<li>Camera de aer este separat\u0103 de bretelele de um\u0103r, astfel \u00eenc\u00e2t vesta nu str\u00e2nge pieptul scafandrului atunci c\u00e2nd este umflat\u0103 la maxim<\/li>\n<li>2 buzunare mari cu fermoar pentru accesorii \u0219i 6 inele D din o\u021bel inoxidabil pentru ata\u0219area echipamentului suplimentar<\/li>\n<li>Dou\u0103 buzunare suplimentare pe chinga buteliei pentru o mai bun\u0103 echilibrare \u0219i un \u201etrim\u201d perfect \u00een ap\u0103<\/li>\n<\/ul>\n<h3>Caracteristici<\/h3>\n<ul>\n<li>Material &#8212; Cordura 420\/1500 Denier<\/li>\n<li>Supape &#8212; 3 supape de evacuare pentru controlul rapid al flotabilit\u0103\u021bii \u00een orice pozi\u021bie<\/li>\n<li>Utilizare &#8212; scufund\u0103ri recreative, c\u0103l\u0103torii<\/li>\n<\/ul>\n<p><\/p>\n<h3>Marca<\/h3>\n<p>Cressi-Sub - este unul dintre cei mai importan\u021bi produc\u0103tori de echipamente pentru snorkeling, diving \u0219i v\u00e2n\u0103toare subacvatic\u0103. Fondat\u0103 \u00een 1946 de fra\u021bii Egidio \u0219i Nanni Cressi, compania evolueaz\u0103 constant, lans\u00e2nd periodic produse noi pe pia\u021b\u0103. Istoria scufund\u0103rilor este str\u00e2ns legat\u0103 de istoria firmei Cressi-Sub, multe dintre produsele lansate \u00een ultimii 70 de ani revolu\u021bion\u00e2nd acest tip de activitate recreativ\u0103. Multe inova\u021bii \u0219i inven\u021bii marca Cressi-Sub au fost ulterior adoptate de numero\u0219i al\u021bi produc\u0103tori de echipamente de profil.<\/p>\n<p>Compania a r\u0103mas \u00eentotdeauna o afacere privat\u0103, de\u021binut\u0103 de familia Cressi. Din acest motiv, unit\u0103\u021bile de produc\u021bie nu sunt situate \u00een state asiatice, ci \u00een Genova, Italia. Cu toate acestea, compania men\u021bine pre\u021buri accesibile pentru \u00eentreaga gam\u0103 de produse, fiind popular\u0103 printre scafandrii cu orice buget. Filosofia Cressi \u00eenseamn\u0103 inspira\u021bie \u0219i inova\u021bie, dragoste pentru mare \u0219i produse stilate care respect\u0103 cele mai \u00eenalte standarde de calitate.<\/p>","protected":false},"excerpt":{"rendered":"<p>\u0411\u0440\u0435\u043d\u0434 Cressi-Sub \u2014 \u043e\u0434\u0438\u043d \u0438\u0437 \u0432\u0435\u0434\u0443\u0449\u0438\u0445 \u043f\u0440\u043e\u0438\u0437\u0432\u043e\u0434\u0438\u0442\u0435\u043b\u0435\u0439 \u0441\u043d\u0430\u0440\u044f\u0436\u0435\u043d\u0438\u044f \u0434\u043b\u044f \u0441\u043d\u043e\u0440\u043a\u043b\u0438\u043d\u0433\u0430, \u0434\u0430\u0439\u0432\u0438\u043d\u0433\u0430 \u0438 \u043f\u043e\u0434\u0432\u043e\u0434\u043d\u043e\u0439 \u043e\u0445\u043e\u0442\u044b. \u041e\u0441\u043d\u043e\u0432\u0430\u043d\u043d\u0430\u044f \u0432 1946 \u0433\u043e\u0434\u0443 \u0431\u0440\u0430\u0442\u044c\u044f\u043c\u0438 \u0415\u0434\u0436\u0438\u0434\u0438\u043e \u0438 \u041d\u0430\u043d\u043d\u0438 \u041a\u0440\u0435\u0441\u0441\u0438 (Egidio \u0438 Nanni Cressi), \u043a\u043e\u043c\u043f\u0430\u043d\u0438\u044f \u043f\u043e\u0441\u0442\u043e\u044f\u043d\u043d\u043e \u0440\u0430\u0437\u0432\u0438\u0432\u0430\u0435\u0442\u0441\u044f \u0438 \u0432\u044b\u043f\u0443\u0441\u043a\u0430\u0435\u0442 \u043d\u0430 \u0440\u044b\u043d\u043e\u043a \u0432\u0441\u0435 \u043d\u043e\u0432\u044b\u0435 \u0442\u043e\u0432\u0430\u0440\u044b. \u0421\u0430\u043c\u0430 \u0438\u0441\u0442\u043e\u0440\u0438\u044f \u043f\u043e\u0434\u0432\u043e\u0434\u043d\u043e\u0433\u043e \u043f\u043b\u0430\u0432\u0430\u043d\u0438\u044f \u0442\u0435\u0441\u043d\u043e \u0441\u0432\u044f\u0437\u0430\u043d\u0430 \u0441 \u0438\u0441\u0442\u043e\u0440\u0438\u0435\u0439 \u0444\u0438\u0440\u043c\u044b Cressi-Sub, \u0438 \u043c\u043d\u043e\u0433\u0438\u0435 \u0442\u043e\u0432\u0430\u0440\u044b, \u0432\u044b\u043f\u0443\u0449\u0435\u043d\u043d\u044b\u0435 \u0437\u0430 \u043f\u043e\u0441\u043b\u0435\u0434\u043d\u0438\u0435 70 \u043b\u0435\u0442, [&hellip;]<\/p>\n","protected":false},"featured_media":104453,"comment_status":"open","ping_status":"closed","template":"","meta":{"_acf_changed":false,"inline_featured_image":false},"product_brand":[1451],"product_cat":[223],"product_tag":[],"class_list":{"0":"post-99503","1":"product","2":"type-product","3":"status-publish","4":"has-post-thumbnail","6":"product_brand-cressi-sub","7":"product_cat-life-jackets-and-helmets","9":"first","10":"instock","11":"shipping-taxable","12":"purchasable","13":"product-type-simple"},"acf":[],"yoast_head":"<!-- This site is optimized with the Yoast SEO plugin v27.2 - https:\/\/yoast.com\/product\/yoast-seo-wordpress\/ -->\n<title>\u0421\u043f\u0430\u0441\u0430\u0442\u0435\u043b\u044c\u043d\u044b\u0439 \u0436\u0438\u043b\u0435\u0442 Cressi-Sub Aquaride BCD blue - \u041c\u0430\u0433\u0430\u0437\u0438\u043d Xstyle<\/title>\n<meta name=\"robots\" content=\"index, follow, max-snippet:-1, max-image-preview:large, max-video-preview:-1\" \/>\n<link rel=\"canonical\" href=\"https:\/\/xstyle.md\/ro\/produs\/spasatelnyj-zhilet-cressi-sub-aquaride-bcd-blue\/\" \/>\n<meta property=\"og:locale\" content=\"ro_RO\" \/>\n<meta property=\"og:type\" content=\"article\" \/>\n<meta property=\"og:title\" content=\"\u0421\u043f\u0430\u0441\u0430\u0442\u0435\u043b\u044c\u043d\u044b\u0439 \u0436\u0438\u043b\u0435\u0442 Cressi-Sub Aquaride BCD blue - \u041c\u0430\u0433\u0430\u0437\u0438\u043d Xstyle\" \/>\n<meta property=\"og:description\" content=\"\u0411\u0440\u0435\u043d\u0434 Cressi-Sub \u2014 \u043e\u0434\u0438\u043d \u0438\u0437 \u0432\u0435\u0434\u0443\u0449\u0438\u0445 \u043f\u0440\u043e\u0438\u0437\u0432\u043e\u0434\u0438\u0442\u0435\u043b\u0435\u0439 \u0441\u043d\u0430\u0440\u044f\u0436\u0435\u043d\u0438\u044f \u0434\u043b\u044f \u0441\u043d\u043e\u0440\u043a\u043b\u0438\u043d\u0433\u0430, \u0434\u0430\u0439\u0432\u0438\u043d\u0433\u0430 \u0438 \u043f\u043e\u0434\u0432\u043e\u0434\u043d\u043e\u0439 \u043e\u0445\u043e\u0442\u044b. \u041e\u0441\u043d\u043e\u0432\u0430\u043d\u043d\u0430\u044f \u0432 1946 \u0433\u043e\u0434\u0443 \u0431\u0440\u0430\u0442\u044c\u044f\u043c\u0438 \u0415\u0434\u0436\u0438\u0434\u0438\u043e \u0438 \u041d\u0430\u043d\u043d\u0438 \u041a\u0440\u0435\u0441\u0441\u0438 (Egidio \u0438 Nanni Cressi), \u043a\u043e\u043c\u043f\u0430\u043d\u0438\u044f \u043f\u043e\u0441\u0442\u043e\u044f\u043d\u043d\u043e \u0440\u0430\u0437\u0432\u0438\u0432\u0430\u0435\u0442\u0441\u044f \u0438 \u0432\u044b\u043f\u0443\u0441\u043a\u0430\u0435\u0442 \u043d\u0430 \u0440\u044b\u043d\u043e\u043a \u0432\u0441\u0435 \u043d\u043e\u0432\u044b\u0435 \u0442\u043e\u0432\u0430\u0440\u044b. \u0421\u0430\u043c\u0430 \u0438\u0441\u0442\u043e\u0440\u0438\u044f \u043f\u043e\u0434\u0432\u043e\u0434\u043d\u043e\u0433\u043e \u043f\u043b\u0430\u0432\u0430\u043d\u0438\u044f \u0442\u0435\u0441\u043d\u043e \u0441\u0432\u044f\u0437\u0430\u043d\u0430 \u0441 \u0438\u0441\u0442\u043e\u0440\u0438\u0435\u0439 \u0444\u0438\u0440\u043c\u044b Cressi-Sub, \u0438 \u043c\u043d\u043e\u0433\u0438\u0435 \u0442\u043e\u0432\u0430\u0440\u044b, \u0432\u044b\u043f\u0443\u0449\u0435\u043d\u043d\u044b\u0435 \u0437\u0430 \u043f\u043e\u0441\u043b\u0435\u0434\u043d\u0438\u0435 70 \u043b\u0435\u0442, [&hellip;]\" \/>\n<meta property=\"og:url\" content=\"https:\/\/xstyle.md\/ro\/produs\/spasatelnyj-zhilet-cressi-sub-aquaride-bcd-blue\/\" \/>\n<meta property=\"og:site_name\" content=\"\u041c\u0430\u0433\u0430\u0437\u0438\u043d Xstyle\" \/>\n<meta property=\"article:publisher\" content=\"https:\/\/www.facebook.com\/xstylemd\" \/>\n<meta property=\"article:modified_time\" content=\"2026-03-30T11:26:56+00:00\" \/>\n<meta property=\"og:image\" content=\"https:\/\/xstyle.md\/wp-content\/uploads\/2026\/01\/cressi-sub-aquaride-bcd-blue-3.jpg\" \/>\n\t<meta property=\"og:image:width\" content=\"1200\" \/>\n\t<meta property=\"og:image:height\" content=\"1200\" \/>\n\t<meta property=\"og:image:type\" content=\"image\/jpeg\" \/>\n<meta name=\"twitter:card\" content=\"summary_large_image\" \/>\n<meta name=\"twitter:label1\" content=\"Pre\u021b\" \/>\n\t<meta name=\"twitter:data1\" content=\"10.900&nbsp;MDL\" \/>\n\t<meta name=\"twitter:label2\" content=\"Disponibilitate\" \/>\n\t<meta name=\"twitter:data2\" content=\"\u00cen stoc\" \/>\n<script type=\"application\/ld+json\" class=\"yoast-schema-graph\">{\"@context\":\"https:\/\/schema.org\",\"@graph\":[{\"@type\":\"WebPage\",\"@id\":\"https:\/\/xstyle.md\/product\/spasatelnyj-zhilet-cressi-sub-aquaride-bcd-blue\/\",\"url\":\"https:\/\/xstyle.md\/product\/spasatelnyj-zhilet-cressi-sub-aquaride-bcd-blue\/\",\"name\":\"\u0421\u043f\u0430\u0441\u0430\u0442\u0435\u043b\u044c\u043d\u044b\u0439 \u0436\u0438\u043b\u0435\u0442 Cressi-Sub Aquaride BCD blue - \u041c\u0430\u0433\u0430\u0437\u0438\u043d Xstyle\",\"isPartOf\":{\"@id\":\"https:\/\/xstyle.md\/#website\"},\"primaryImageOfPage\":{\"@id\":\"https:\/\/xstyle.md\/product\/spasatelnyj-zhilet-cressi-sub-aquaride-bcd-blue\/#primaryimage\"},\"image\":{\"@id\":\"https:\/\/xstyle.md\/product\/spasatelnyj-zhilet-cressi-sub-aquaride-bcd-blue\/#primaryimage\"},\"thumbnailUrl\":\"https:\/\/xstyle.md\/wp-content\/uploads\/2026\/01\/cressi-sub-aquaride-bcd-blue-3.jpg\",\"datePublished\":\"2026-01-14T11:26:50+00:00\",\"dateModified\":\"2026-03-30T11:26:56+00:00\",\"breadcrumb\":{\"@id\":\"https:\/\/xstyle.md\/product\/spasatelnyj-zhilet-cressi-sub-aquaride-bcd-blue\/#breadcrumb\"},\"inLanguage\":\"ro-RO\",\"potentialAction\":[{\"@type\":\"ReadAction\",\"target\":[\"https:\/\/xstyle.md\/product\/spasatelnyj-zhilet-cressi-sub-aquaride-bcd-blue\/\"]}]},{\"@type\":\"ImageObject\",\"inLanguage\":\"ro-RO\",\"@id\":\"https:\/\/xstyle.md\/product\/spasatelnyj-zhilet-cressi-sub-aquaride-bcd-blue\/#primaryimage\",\"url\":\"https:\/\/xstyle.md\/wp-content\/uploads\/2026\/01\/cressi-sub-aquaride-bcd-blue-3.jpg\",\"contentUrl\":\"https:\/\/xstyle.md\/wp-content\/uploads\/2026\/01\/cressi-sub-aquaride-bcd-blue-3.jpg\",\"width\":1200,\"height\":1200,\"caption\":\"\u0421\u043f\u0430\u0441\u0430\u0442\u0435\u043b\u044c\u043d\u044b\u0439 \u0436\u0438\u043b\u0435\u0442 Cressi-Sub Aquaride BCD \u0433\u043e\u043b\u0443\u0431\u043e\u0439 \u0434\u043b\u044f \u0430\u043a\u0442\u0438\u0432\u043d\u043e\u0433\u043e \u043e\u0442\u0434\u044b\u0445\u0430, \u043f\u043b\u0430\u0432\u0430\u043d\u0438\u044f, \u0434\u0430\u0439\u0432\u0438\u043d\u0433\u0430 \u0438 \u043f\u0443\u0442\u0435\u0448\u0435\u0441\u0442\u0432\u0438\u0439 \u043d\u0430 \u043e\u043d\u043b\u0430\u0439\u043d-\u043c\u0430\u0433\u0430\u0437\u0438\u043d\u0435 \u0442\u043e\u0432\u0430\u0440\u043e\u0432 \u0434\u043b\u044f \u0430\u043a\u0442\u0438\u0432\u043d\u043e\u0439 \u0436\u0438\u0437\u043d\u0438\"},{\"@type\":\"BreadcrumbList\",\"@id\":\"https:\/\/xstyle.md\/product\/spasatelnyj-zhilet-cressi-sub-aquaride-bcd-blue\/#breadcrumb\",\"itemListElement\":[{\"@type\":\"ListItem\",\"position\":1,\"name\":\"\u0413\u043b\u0430\u0432\u043d\u0430\u044f \u0441\u0442\u0440\u0430\u043d\u0438\u0446\u0430\",\"item\":\"https:\/\/xstyle.md\/\"},{\"@type\":\"ListItem\",\"position\":2,\"name\":\"\u041c\u0430\u0433\u0430\u0437\u0438\u043d\",\"item\":\"https:\/\/xstyle.md\/shop\/\"},{\"@type\":\"ListItem\",\"position\":3,\"name\":\"\u0421\u043f\u0430\u0441\u0430\u0442\u0435\u043b\u044c\u043d\u044b\u0439 \u0436\u0438\u043b\u0435\u0442 Cressi-Sub Aquaride BCD blue\"}]},{\"@type\":\"WebSite\",\"@id\":\"https:\/\/xstyle.md\/#website\",\"url\":\"https:\/\/xstyle.md\/\",\"name\":\"\u041c\u0430\u0433\u0430\u0437\u0438\u043d Xstyle\",\"description\":\"C\u043d\u0430\u0440\u044f\u0436\u0435\u043d\u0438\u0435 \u0434\u043b\u044f \u0442\u0443\u0440\u0438\u0437\u043c\u0430 \u0438 \u044d\u043a\u0441\u0442\u0440\u0435\u043c\u0430\u043b\u044c\u043d\u044b\u0445 \u0432\u0438\u0434\u043e\u0432 \u0441\u043f\u043e\u0440\u0442\u0430 \u0432 \u041c\u043e\u043b\u0434\u043e\u0432\u0435.. \u0426\u0435\u043d\u044b, \u0444\u043e\u0442\u043e, \u0445\u0430\u0440\u0430\u043a\u0442\u0435\u0440\u0438\u0441\u0442\u0438\u043a\u0438 \u0432 \u041c\u043e\u043b\u0434\u043e\u0432\u0435.\",\"publisher\":{\"@id\":\"https:\/\/xstyle.md\/#organization\"},\"alternateName\":\"X-Style\",\"potentialAction\":[{\"@type\":\"SearchAction\",\"target\":{\"@type\":\"EntryPoint\",\"urlTemplate\":\"https:\/\/xstyle.md\/?s={search_term_string}\"},\"query-input\":{\"@type\":\"PropertyValueSpecification\",\"valueRequired\":true,\"valueName\":\"search_term_string\"}}],\"inLanguage\":\"ro-RO\"},{\"@type\":\"Organization\",\"@id\":\"https:\/\/xstyle.md\/#organization\",\"name\":\"\u041c\u0430\u0433\u0430\u0437\u0438\u043d Xstyle\",\"alternateName\":\"x-style\",\"url\":\"https:\/\/xstyle.md\/\",\"logo\":{\"@type\":\"ImageObject\",\"inLanguage\":\"ro-RO\",\"@id\":\"https:\/\/xstyle.md\/#\/schema\/logo\/image\/\",\"url\":\"https:\/\/xstyle.md\/wp-content\/uploads\/2020\/06\/logoicon.svg\",\"contentUrl\":\"https:\/\/xstyle.md\/wp-content\/uploads\/2020\/06\/logoicon.svg\",\"caption\":\"\u041c\u0430\u0433\u0430\u0437\u0438\u043d Xstyle\"},\"image\":{\"@id\":\"https:\/\/xstyle.md\/#\/schema\/logo\/image\/\"},\"sameAs\":[\"https:\/\/www.facebook.com\/xstylemd\",\"https:\/\/www.instagram.com\/xstyle_md\/\",\"https:\/\/t.me\/xstyle_outdoor\"],\"hasMerchantReturnPolicy\":{\"@type\":\"MerchantReturnPolicy\",\"merchantReturnLink\":\"https:\/\/xstyle.md\/ro\/conditions\/\"}}]}<\/script>\n<meta property=\"product:price:amount\" content=\"10900.00\" \/>\n<meta property=\"product:price:currency\" content=\"MDL\" \/>\n<meta property=\"og:availability\" content=\"instock\" \/>\n<meta property=\"product:availability\" content=\"instock\" \/>\n<meta property=\"product:retailer_item_id\" content=\"8022983064659\" \/>\n<meta property=\"product:condition\" content=\"new\" \/>\n<!-- \/ Yoast SEO plugin. -->","yoast_head_json":{"title":"\u0421\u043f\u0430\u0441\u0430\u0442\u0435\u043b\u044c\u043d\u044b\u0439 \u0436\u0438\u043b\u0435\u0442 Cressi-Sub Aquaride BCD blue - \u041c\u0430\u0433\u0430\u0437\u0438\u043d Xstyle","robots":{"index":"index","follow":"follow","max-snippet":"max-snippet:-1","max-image-preview":"max-image-preview:large","max-video-preview":"max-video-preview:-1"},"canonical":"https:\/\/xstyle.md\/ro\/produs\/spasatelnyj-zhilet-cressi-sub-aquaride-bcd-blue\/","og_locale":"ro_RO","og_type":"article","og_title":"\u0421\u043f\u0430\u0441\u0430\u0442\u0435\u043b\u044c\u043d\u044b\u0439 \u0436\u0438\u043b\u0435\u0442 Cressi-Sub Aquaride BCD blue - \u041c\u0430\u0433\u0430\u0437\u0438\u043d Xstyle","og_description":"\u0411\u0440\u0435\u043d\u0434 Cressi-Sub \u2014 \u043e\u0434\u0438\u043d \u0438\u0437 \u0432\u0435\u0434\u0443\u0449\u0438\u0445 \u043f\u0440\u043e\u0438\u0437\u0432\u043e\u0434\u0438\u0442\u0435\u043b\u0435\u0439 \u0441\u043d\u0430\u0440\u044f\u0436\u0435\u043d\u0438\u044f \u0434\u043b\u044f \u0441\u043d\u043e\u0440\u043a\u043b\u0438\u043d\u0433\u0430, \u0434\u0430\u0439\u0432\u0438\u043d\u0433\u0430 \u0438 \u043f\u043e\u0434\u0432\u043e\u0434\u043d\u043e\u0439 \u043e\u0445\u043e\u0442\u044b. \u041e\u0441\u043d\u043e\u0432\u0430\u043d\u043d\u0430\u044f \u0432 1946 \u0433\u043e\u0434\u0443 \u0431\u0440\u0430\u0442\u044c\u044f\u043c\u0438 \u0415\u0434\u0436\u0438\u0434\u0438\u043e \u0438 \u041d\u0430\u043d\u043d\u0438 \u041a\u0440\u0435\u0441\u0441\u0438 (Egidio \u0438 Nanni Cressi), \u043a\u043e\u043c\u043f\u0430\u043d\u0438\u044f \u043f\u043e\u0441\u0442\u043e\u044f\u043d\u043d\u043e \u0440\u0430\u0437\u0432\u0438\u0432\u0430\u0435\u0442\u0441\u044f \u0438 \u0432\u044b\u043f\u0443\u0441\u043a\u0430\u0435\u0442 \u043d\u0430 \u0440\u044b\u043d\u043e\u043a \u0432\u0441\u0435 \u043d\u043e\u0432\u044b\u0435 \u0442\u043e\u0432\u0430\u0440\u044b. \u0421\u0430\u043c\u0430 \u0438\u0441\u0442\u043e\u0440\u0438\u044f \u043f\u043e\u0434\u0432\u043e\u0434\u043d\u043e\u0433\u043e \u043f\u043b\u0430\u0432\u0430\u043d\u0438\u044f \u0442\u0435\u0441\u043d\u043e \u0441\u0432\u044f\u0437\u0430\u043d\u0430 \u0441 \u0438\u0441\u0442\u043e\u0440\u0438\u0435\u0439 \u0444\u0438\u0440\u043c\u044b Cressi-Sub, \u0438 \u043c\u043d\u043e\u0433\u0438\u0435 \u0442\u043e\u0432\u0430\u0440\u044b, \u0432\u044b\u043f\u0443\u0449\u0435\u043d\u043d\u044b\u0435 \u0437\u0430 \u043f\u043e\u0441\u043b\u0435\u0434\u043d\u0438\u0435 70 \u043b\u0435\u0442, [&hellip;]","og_url":"https:\/\/xstyle.md\/ro\/produs\/spasatelnyj-zhilet-cressi-sub-aquaride-bcd-blue\/","og_site_name":"\u041c\u0430\u0433\u0430\u0437\u0438\u043d Xstyle","article_publisher":"https:\/\/www.facebook.com\/xstylemd","article_modified_time":"2026-03-30T11:26:56+00:00","og_image":[{"width":1200,"height":1200,"url":"https:\/\/xstyle.md\/wp-content\/uploads\/2026\/01\/cressi-sub-aquaride-bcd-blue-3.jpg","type":"image\/jpeg"}],"twitter_card":"summary_large_image","twitter_misc":{"Pre\u021b":"10.900&nbsp;MDL","Disponibilitate":"\u00cen stoc"},"schema":{"@context":"https:\/\/schema.org","@graph":[{"@type":"WebPage","@id":"https:\/\/xstyle.md\/product\/spasatelnyj-zhilet-cressi-sub-aquaride-bcd-blue\/","url":"https:\/\/xstyle.md\/product\/spasatelnyj-zhilet-cressi-sub-aquaride-bcd-blue\/","name":"\u0421\u043f\u0430\u0441\u0430\u0442\u0435\u043b\u044c\u043d\u044b\u0439 \u0436\u0438\u043b\u0435\u0442 Cressi-Sub Aquaride BCD blue - \u041c\u0430\u0433\u0430\u0437\u0438\u043d Xstyle","isPartOf":{"@id":"https:\/\/xstyle.md\/#website"},"primaryImageOfPage":{"@id":"https:\/\/xstyle.md\/product\/spasatelnyj-zhilet-cressi-sub-aquaride-bcd-blue\/#primaryimage"},"image":{"@id":"https:\/\/xstyle.md\/product\/spasatelnyj-zhilet-cressi-sub-aquaride-bcd-blue\/#primaryimage"},"thumbnailUrl":"https:\/\/xstyle.md\/wp-content\/uploads\/2026\/01\/cressi-sub-aquaride-bcd-blue-3.jpg","datePublished":"2026-01-14T11:26:50+00:00","dateModified":"2026-03-30T11:26:56+00:00","breadcrumb":{"@id":"https:\/\/xstyle.md\/product\/spasatelnyj-zhilet-cressi-sub-aquaride-bcd-blue\/#breadcrumb"},"inLanguage":"ro-RO","potentialAction":[{"@type":"ReadAction","target":["https:\/\/xstyle.md\/product\/spasatelnyj-zhilet-cressi-sub-aquaride-bcd-blue\/"]}]},{"@type":"ImageObject","inLanguage":"ro-RO","@id":"https:\/\/xstyle.md\/product\/spasatelnyj-zhilet-cressi-sub-aquaride-bcd-blue\/#primaryimage","url":"https:\/\/xstyle.md\/wp-content\/uploads\/2026\/01\/cressi-sub-aquaride-bcd-blue-3.jpg","contentUrl":"https:\/\/xstyle.md\/wp-content\/uploads\/2026\/01\/cressi-sub-aquaride-bcd-blue-3.jpg","width":1200,"height":1200,"caption":"\u0421\u043f\u0430\u0441\u0430\u0442\u0435\u043b\u044c\u043d\u044b\u0439 \u0436\u0438\u043b\u0435\u0442 Cressi-Sub Aquaride BCD \u0433\u043e\u043b\u0443\u0431\u043e\u0439 \u0434\u043b\u044f \u0430\u043a\u0442\u0438\u0432\u043d\u043e\u0433\u043e \u043e\u0442\u0434\u044b\u0445\u0430, \u043f\u043b\u0430\u0432\u0430\u043d\u0438\u044f, \u0434\u0430\u0439\u0432\u0438\u043d\u0433\u0430 \u0438 \u043f\u0443\u0442\u0435\u0448\u0435\u0441\u0442\u0432\u0438\u0439 \u043d\u0430 \u043e\u043d\u043b\u0430\u0439\u043d-\u043c\u0430\u0433\u0430\u0437\u0438\u043d\u0435 \u0442\u043e\u0432\u0430\u0440\u043e\u0432 \u0434\u043b\u044f \u0430\u043a\u0442\u0438\u0432\u043d\u043e\u0439 \u0436\u0438\u0437\u043d\u0438"},{"@type":"BreadcrumbList","@id":"https:\/\/xstyle.md\/product\/spasatelnyj-zhilet-cressi-sub-aquaride-bcd-blue\/#breadcrumb","itemListElement":[{"@type":"ListItem","position":1,"name":"\u0413\u043b\u0430\u0432\u043d\u0430\u044f \u0441\u0442\u0440\u0430\u043d\u0438\u0446\u0430","item":"https:\/\/xstyle.md\/"},{"@type":"ListItem","position":2,"name":"\u041c\u0430\u0433\u0430\u0437\u0438\u043d","item":"https:\/\/xstyle.md\/shop\/"},{"@type":"ListItem","position":3,"name":"\u0421\u043f\u0430\u0441\u0430\u0442\u0435\u043b\u044c\u043d\u044b\u0439 \u0436\u0438\u043b\u0435\u0442 Cressi-Sub Aquaride BCD blue"}]},{"@type":"WebSite","@id":"https:\/\/xstyle.md\/#website","url":"https:\/\/xstyle.md\/","name":"Magazinul X-Style","description":"Echipamente pentru turism \u0219i sporturi extreme \u00een Moldova. Pre\u021buri, fotografii, caracteristici \u00een Moldova.","publisher":{"@id":"https:\/\/xstyle.md\/#organization"},"alternateName":"X-Style","potentialAction":[{"@type":"SearchAction","target":{"@type":"EntryPoint","urlTemplate":"https:\/\/xstyle.md\/?s={search_term_string}"},"query-input":{"@type":"PropertyValueSpecification","valueRequired":true,"valueName":"search_term_string"}}],"inLanguage":"ro-RO"},{"@type":"Organization","@id":"https:\/\/xstyle.md\/#organization","name":"Magazinul X-Style","alternateName":"x-style","url":"https:\/\/xstyle.md\/","logo":{"@type":"ImageObject","inLanguage":"ro-RO","@id":"https:\/\/xstyle.md\/#\/schema\/logo\/image\/","url":"https:\/\/xstyle.md\/wp-content\/uploads\/2020\/06\/logoicon.svg","contentUrl":"https:\/\/xstyle.md\/wp-content\/uploads\/2020\/06\/logoicon.svg","caption":"\u041c\u0430\u0433\u0430\u0437\u0438\u043d Xstyle"},"image":{"@id":"https:\/\/xstyle.md\/#\/schema\/logo\/image\/"},"sameAs":["https:\/\/www.facebook.com\/xstylemd","https:\/\/www.instagram.com\/xstyle_md\/","https:\/\/t.me\/xstyle_outdoor"],"hasMerchantReturnPolicy":{"@type":"MerchantReturnPolicy","merchantReturnLink":"https:\/\/xstyle.md\/ro\/conditions\/"}}]},"product_price_amount":"10900.00","product_price_currency":"MDL","og_availability":"instock","product_availability":"instock","product_retailer_item_id":"8022983064659","product_condition":"new"},"post_mailing_queue_ids":[],"_links":{"self":[{"href":"https:\/\/xstyle.md\/ro\/wp-json\/wp\/v2\/product\/99503","targetHints":{"allow":["GET"]}}],"collection":[{"href":"https:\/\/xstyle.md\/ro\/wp-json\/wp\/v2\/product"}],"about":[{"href":"https:\/\/xstyle.md\/ro\/wp-json\/wp\/v2\/types\/product"}],"replies":[{"embeddable":true,"href":"https:\/\/xstyle.md\/ro\/wp-json\/wp\/v2\/comments?post=99503"}],"wp:featuredmedia":[{"embeddable":true,"href":"https:\/\/xstyle.md\/ro\/wp-json\/wp\/v2\/media\/104453"}],"wp:attachment":[{"href":"https:\/\/xstyle.md\/ro\/wp-json\/wp\/v2\/media?parent=99503"}],"wp:term":[{"taxonomy":"product_brand","embeddable":true,"href":"https:\/\/xstyle.md\/ro\/wp-json\/wp\/v2\/product_brand?post=99503"},{"taxonomy":"product_cat","embeddable":true,"href":"https:\/\/xstyle.md\/ro\/wp-json\/wp\/v2\/product_cat?post=99503"},{"taxonomy":"product_tag","embeddable":true,"href":"https:\/\/xstyle.md\/ro\/wp-json\/wp\/v2\/product_tag?post=99503"}],"curies":[{"name":"wp","href":"https:\/\/api.w.org\/{rel}","templated":true}]}}