{"id":9948,"date":"2020-07-17T09:44:30","date_gmt":"2020-07-17T06:44:30","guid":{"rendered":"https:\/\/xstyle.md\/?post_type=product&#038;p=9948"},"modified":"2025-08-25T00:05:15","modified_gmt":"2025-08-24T21:05:15","slug":"topor-fiskars-splitting-x11-s","status":"publish","type":"product","link":"https:\/\/xstyle.md\/ro\/produs\/topor-fiskars-splitting-x11-s\/","title":{"rendered":"Topor Fiskars Splitting X11 S"},"content":{"rendered":"<\/p>\n<p><strong>Topor Fiskars Splitting X11 S &#8212;\u00a0<\/strong>comod, ideal pentru despicarea lemnului destinat aprinderii sobei. Este proiectat pentru lemn de dimensiuni medii cu un diametru de aproximativ 20 cm. Fiskars X11 este prev\u0103zut cu un capac din plastic pentru depozitare \u0219i transport u\u0219or.<\/p>\n<h3>Particularit\u0103\u021bi<\/h3>\n<ul>\n<li>Forma convex\u0103 a penei faciliteaz\u0103 scoaterea toporului din bu\u0219tean.<\/li>\n<li>Lam\u0103 din o\u021bel carbon \u0219lefuit \u0219i dublu c\u0103lit pentru durabilitate maxim\u0103<\/li>\n<li>Acoperirea antifric\u021biune protejeaz\u0103 lama de coroziune<\/li>\n<li>Lama este fixat\u0103 \u00een siguran\u021b\u0103 \u00een m\u00e2nerul toporului \u0219i nu se va rupe.<\/li>\n<li>Echilibru optim \u00eentre lam\u0103 \u0219i topor pentru o munc\u0103 sigur\u0103, confortabil\u0103 \u0219i eficient\u0103<\/li>\n<li>Capul de topor FiberComp\u2122 u\u0219or, durabil \u0219i rezistent la uzur\u0103 reduce la minimum oboseala.<\/li>\n<li>Acoperirea structural\u0103 SoftGrip\u2122 care absoarbe \u0219ocurile ofer\u0103<\/li>\n<\/ul>\n<h3>Caracteristici<\/h3>\n<ul>\n<li>Materialul lamei &#8212; o\u021bel carbon finlandez forjat cu acoperire antifric\u021biune<\/li>\n<li>Material m\u00e2ner &#8212; poliamid\u0103 armat\u0103 cu fibr\u0103 de sticl\u0103<\/li>\n<li>Lungime &#8212; 445 mm<\/li>\n<li>L\u0103\u021bime &#8212; 153 mm<\/li>\n<li>\u00cen\u0103l\u021bime &#8212; 25 mm<\/li>\n<li>Greutate &#8212; 1000 g<\/li>\n<\/ul>\n<h3>Marca<\/h3>\n<p>Timp de trei secole \u0219i jum\u0103tate, Fiskars a fost unul dintre cei mai importan\u021bi produc\u0103tori de diverse unelte din fier forjat, font\u0103 \u0219i metal. Pornind de la o produc\u021bie artizanal\u0103 \u00eentr-un mic sat din Finlanda, compania a crescut \u0219i a devenit o imens\u0103 corpora\u021bie multina\u021bional\u0103 cu birouri pe patru continente. Ast\u0103zi, produc\u0103torul r\u0103m\u00e2ne lider \u00een produc\u021bia de unelte de gr\u0103din\u0103 \u0219i o varietate de produse pentru activit\u0103\u021bi agricole.<\/p>\n<p><\/p>","protected":false},"excerpt":{"rendered":"<p>Topor Fiskars Splitting X11 S<\/p>","protected":false},"featured_media":9944,"comment_status":"open","ping_status":"closed","template":"","meta":{"_acf_changed":false,"inline_featured_image":false},"product_brand":[1264],"product_cat":[357],"product_tag":[],"class_list":{"0":"post-9948","1":"product","2":"type-product","3":"status-publish","4":"has-post-thumbnail","6":"product_brand-fiskars","7":"product_cat-instrumenti","9":"first","10":"instock","11":"shipping-taxable","12":"purchasable","13":"product-type-simple"},"acf":[],"yoast_head":"<!-- This site is optimized with the Yoast SEO plugin v27.4 - https:\/\/yoast.com\/product\/yoast-seo-wordpress\/ -->\n<title>\u0422\u043e\u043f\u043e\u0440 Fiskars Splitting X11 S - \u041c\u0430\u0433\u0430\u0437\u0438\u043d Xstyle<\/title>\n<meta name=\"description\" content=\"\u0422\u043e\u043f\u043e\u0440 Fiskars Splitting X11 S - \u0438\u0434\u0435\u0430\u043b\u0435\u043d \u0434\u043b\u044f \u043b\u0435\u0433\u043a\u043e\u0433\u043e \u0440\u0430\u0441\u043a\u0430\u043b\u044b\u0432\u0430\u043d\u0438\u044f \u0434\u0440\u0435\u0432\u0435\u0441\u0438\u043d\u044b \u0434\u0438\u0430\u043c\u0435\u0442\u0440\u043e\u043c \u0434\u043e 20 \u0441\u043c. \u0423\u0434\u043e\u0431\u043d\u044b\u0439 \u0437\u0430\u0445\u0432\u0430\u0442 \u0438 \u043b\u0435\u0433\u043a\u0438\u0439 \u0432 \u0442\u0440\u0430\u043d\u0441\u043f\u043e\u0440\u0442\u0438\u0440\u043e\u0432\u043a\u0435.\" \/>\n<meta name=\"robots\" content=\"index, follow, max-snippet:-1, max-image-preview:large, max-video-preview:-1\" \/>\n<link rel=\"canonical\" href=\"https:\/\/xstyle.md\/ro\/produs\/topor-fiskars-splitting-x11-s\/\" \/>\n<meta property=\"og:locale\" content=\"ro_RO\" \/>\n<meta property=\"og:type\" content=\"article\" \/>\n<meta property=\"og:title\" content=\"\u0422\u043e\u043f\u043e\u0440 Fiskars Splitting X11 S - \u041c\u0430\u0433\u0430\u0437\u0438\u043d Xstyle\" \/>\n<meta property=\"og:description\" content=\"\u0422\u043e\u043f\u043e\u0440 Fiskars Splitting X11 S - \u0438\u0434\u0435\u0430\u043b\u0435\u043d \u0434\u043b\u044f \u043b\u0435\u0433\u043a\u043e\u0433\u043e \u0440\u0430\u0441\u043a\u0430\u043b\u044b\u0432\u0430\u043d\u0438\u044f \u0434\u0440\u0435\u0432\u0435\u0441\u0438\u043d\u044b \u0434\u0438\u0430\u043c\u0435\u0442\u0440\u043e\u043c \u0434\u043e 20 \u0441\u043c. \u0423\u0434\u043e\u0431\u043d\u044b\u0439 \u0437\u0430\u0445\u0432\u0430\u0442 \u0438 \u043b\u0435\u0433\u043a\u0438\u0439 \u0432 \u0442\u0440\u0430\u043d\u0441\u043f\u043e\u0440\u0442\u0438\u0440\u043e\u0432\u043a\u0435.\" \/>\n<meta property=\"og:url\" content=\"https:\/\/xstyle.md\/ro\/produs\/topor-fiskars-splitting-x11-s\/\" \/>\n<meta property=\"og:site_name\" content=\"\u041c\u0430\u0433\u0430\u0437\u0438\u043d Xstyle\" \/>\n<meta property=\"article:publisher\" content=\"https:\/\/www.facebook.com\/xstylemd\" \/>\n<meta property=\"article:modified_time\" content=\"2025-08-24T21:05:15+00:00\" \/>\n<meta property=\"og:image\" content=\"https:\/\/xstyle.md\/wp-content\/uploads\/2020\/07\/fiskars_splitting_axe_s_x11-1.jpg\" \/>\n\t<meta property=\"og:image:width\" content=\"757\" \/>\n\t<meta property=\"og:image:height\" content=\"540\" \/>\n\t<meta property=\"og:image:type\" content=\"image\/jpeg\" \/>\n<meta name=\"twitter:card\" content=\"summary_large_image\" \/>\n<meta name=\"twitter:label1\" content=\"Pre\u021b\" \/>\n\t<meta name=\"twitter:data1\" content=\"1.595&nbsp;MDL\" \/>\n\t<meta name=\"twitter:label2\" content=\"Disponibilitate\" \/>\n\t<meta name=\"twitter:data2\" content=\"\u00cen stoc\" \/>\n<script type=\"application\/ld+json\" class=\"yoast-schema-graph\">{\"@context\":\"https:\\\/\\\/schema.org\",\"@graph\":[{\"@type\":\"WebPage\",\"@id\":\"https:\\\/\\\/xstyle.md\\\/product\\\/topor-fiskars-splitting-x11-s\\\/\",\"url\":\"https:\\\/\\\/xstyle.md\\\/product\\\/topor-fiskars-splitting-x11-s\\\/\",\"name\":\"\u0422\u043e\u043f\u043e\u0440 Fiskars Splitting X11 S - \u041c\u0430\u0433\u0430\u0437\u0438\u043d Xstyle\",\"isPartOf\":{\"@id\":\"https:\\\/\\\/xstyle.md\\\/#website\"},\"primaryImageOfPage\":{\"@id\":\"https:\\\/\\\/xstyle.md\\\/product\\\/topor-fiskars-splitting-x11-s\\\/#primaryimage\"},\"image\":{\"@id\":\"https:\\\/\\\/xstyle.md\\\/product\\\/topor-fiskars-splitting-x11-s\\\/#primaryimage\"},\"thumbnailUrl\":\"https:\\\/\\\/xstyle.md\\\/wp-content\\\/uploads\\\/2020\\\/07\\\/fiskars_splitting_axe_s_x11-1.jpg\",\"datePublished\":\"2020-07-17T06:44:30+00:00\",\"dateModified\":\"2025-08-24T21:05:15+00:00\",\"description\":\"\u0422\u043e\u043f\u043e\u0440 Fiskars Splitting X11 S - \u0438\u0434\u0435\u0430\u043b\u0435\u043d \u0434\u043b\u044f \u043b\u0435\u0433\u043a\u043e\u0433\u043e \u0440\u0430\u0441\u043a\u0430\u043b\u044b\u0432\u0430\u043d\u0438\u044f \u0434\u0440\u0435\u0432\u0435\u0441\u0438\u043d\u044b \u0434\u0438\u0430\u043c\u0435\u0442\u0440\u043e\u043c \u0434\u043e 20 \u0441\u043c. \u0423\u0434\u043e\u0431\u043d\u044b\u0439 \u0437\u0430\u0445\u0432\u0430\u0442 \u0438 \u043b\u0435\u0433\u043a\u0438\u0439 \u0432 \u0442\u0440\u0430\u043d\u0441\u043f\u043e\u0440\u0442\u0438\u0440\u043e\u0432\u043a\u0435.\",\"breadcrumb\":{\"@id\":\"https:\\\/\\\/xstyle.md\\\/product\\\/topor-fiskars-splitting-x11-s\\\/#breadcrumb\"},\"inLanguage\":\"ro-RO\",\"potentialAction\":[{\"@type\":\"ReadAction\",\"target\":[\"https:\\\/\\\/xstyle.md\\\/product\\\/topor-fiskars-splitting-x11-s\\\/\"]}]},{\"@type\":\"ImageObject\",\"inLanguage\":\"ro-RO\",\"@id\":\"https:\\\/\\\/xstyle.md\\\/product\\\/topor-fiskars-splitting-x11-s\\\/#primaryimage\",\"url\":\"https:\\\/\\\/xstyle.md\\\/wp-content\\\/uploads\\\/2020\\\/07\\\/fiskars_splitting_axe_s_x11-1.jpg\",\"contentUrl\":\"https:\\\/\\\/xstyle.md\\\/wp-content\\\/uploads\\\/2020\\\/07\\\/fiskars_splitting_axe_s_x11-1.jpg\",\"width\":757,\"height\":540},{\"@type\":\"BreadcrumbList\",\"@id\":\"https:\\\/\\\/xstyle.md\\\/product\\\/topor-fiskars-splitting-x11-s\\\/#breadcrumb\",\"itemListElement\":[{\"@type\":\"ListItem\",\"position\":1,\"name\":\"\u0413\u043b\u0430\u0432\u043d\u0430\u044f \u0441\u0442\u0440\u0430\u043d\u0438\u0446\u0430\",\"item\":\"https:\\\/\\\/xstyle.md\\\/\"},{\"@type\":\"ListItem\",\"position\":2,\"name\":\"\u041c\u0430\u0433\u0430\u0437\u0438\u043d\",\"item\":\"https:\\\/\\\/xstyle.md\\\/shop\\\/\"},{\"@type\":\"ListItem\",\"position\":3,\"name\":\"\u0422\u043e\u043f\u043e\u0440 Fiskars Splitting X11 S\"}]},{\"@type\":\"WebSite\",\"@id\":\"https:\\\/\\\/xstyle.md\\\/#website\",\"url\":\"https:\\\/\\\/xstyle.md\\\/\",\"name\":\"\u041c\u0430\u0433\u0430\u0437\u0438\u043d Xstyle\",\"description\":\"C\u043d\u0430\u0440\u044f\u0436\u0435\u043d\u0438\u0435 \u0434\u043b\u044f \u0442\u0443\u0440\u0438\u0437\u043c\u0430 \u0438 \u044d\u043a\u0441\u0442\u0440\u0435\u043c\u0430\u043b\u044c\u043d\u044b\u0445 \u0432\u0438\u0434\u043e\u0432 \u0441\u043f\u043e\u0440\u0442\u0430 \u0432 \u041c\u043e\u043b\u0434\u043e\u0432\u0435.. \u0426\u0435\u043d\u044b, \u0444\u043e\u0442\u043e, \u0445\u0430\u0440\u0430\u043a\u0442\u0435\u0440\u0438\u0441\u0442\u0438\u043a\u0438 \u0432 \u041c\u043e\u043b\u0434\u043e\u0432\u0435.\",\"publisher\":{\"@id\":\"https:\\\/\\\/xstyle.md\\\/#organization\"},\"alternateName\":\"X-Style\",\"potentialAction\":[{\"@type\":\"SearchAction\",\"target\":{\"@type\":\"EntryPoint\",\"urlTemplate\":\"https:\\\/\\\/xstyle.md\\\/?s={search_term_string}\"},\"query-input\":{\"@type\":\"PropertyValueSpecification\",\"valueRequired\":true,\"valueName\":\"search_term_string\"}}],\"inLanguage\":\"ro-RO\"},{\"@type\":\"Organization\",\"@id\":\"https:\\\/\\\/xstyle.md\\\/#organization\",\"name\":\"\u041c\u0430\u0433\u0430\u0437\u0438\u043d Xstyle\",\"alternateName\":\"x-style\",\"url\":\"https:\\\/\\\/xstyle.md\\\/\",\"logo\":{\"@type\":\"ImageObject\",\"inLanguage\":\"ro-RO\",\"@id\":\"https:\\\/\\\/xstyle.md\\\/#\\\/schema\\\/logo\\\/image\\\/\",\"url\":\"https:\\\/\\\/xstyle.md\\\/wp-content\\\/uploads\\\/2020\\\/06\\\/logoicon.svg\",\"contentUrl\":\"https:\\\/\\\/xstyle.md\\\/wp-content\\\/uploads\\\/2020\\\/06\\\/logoicon.svg\",\"caption\":\"\u041c\u0430\u0433\u0430\u0437\u0438\u043d Xstyle\"},\"image\":{\"@id\":\"https:\\\/\\\/xstyle.md\\\/#\\\/schema\\\/logo\\\/image\\\/\"},\"sameAs\":[\"https:\\\/\\\/www.facebook.com\\\/xstylemd\",\"https:\\\/\\\/www.instagram.com\\\/xstyle_md\\\/\",\"https:\\\/\\\/t.me\\\/xstyle_outdoor\"],\"hasMerchantReturnPolicy\":{\"@type\":\"MerchantReturnPolicy\",\"merchantReturnLink\":\"https:\\\/\\\/xstyle.md\\\/ro\\\/conditions\\\/\"}}]}<\/script>\n<meta property=\"product:price:amount\" content=\"1595.00\" \/>\n<meta property=\"product:price:currency\" content=\"MDL\" \/>\n<meta property=\"og:availability\" content=\"instock\" \/>\n<meta property=\"product:availability\" content=\"instock\" \/>\n<meta property=\"product:retailer_item_id\" content=\"6411501224439\" \/>\n<meta property=\"product:condition\" content=\"new\" \/>\n<!-- \/ Yoast SEO plugin. -->","yoast_head_json":{"title":"Topor Fiskars Splitting X11 S - Magazin Xstyle","description":"Toporul Fiskars Splitting X11 S - ideal pentru felierea u\u0219oar\u0103 a lemnului cu un diametru de p\u00e2n\u0103 la 20 cm. M\u00e2nerul confortabil \u0219i greutatea u\u0219oar\u0103 \u00eel fac u\u0219or de transportat.","robots":{"index":"index","follow":"follow","max-snippet":"max-snippet:-1","max-image-preview":"max-image-preview:large","max-video-preview":"max-video-preview:-1"},"canonical":"https:\/\/xstyle.md\/ro\/produs\/topor-fiskars-splitting-x11-s\/","og_locale":"ro_RO","og_type":"article","og_title":"\u0422\u043e\u043f\u043e\u0440 Fiskars Splitting X11 S - \u041c\u0430\u0433\u0430\u0437\u0438\u043d Xstyle","og_description":"\u0422\u043e\u043f\u043e\u0440 Fiskars Splitting X11 S - \u0438\u0434\u0435\u0430\u043b\u0435\u043d \u0434\u043b\u044f \u043b\u0435\u0433\u043a\u043e\u0433\u043e \u0440\u0430\u0441\u043a\u0430\u043b\u044b\u0432\u0430\u043d\u0438\u044f \u0434\u0440\u0435\u0432\u0435\u0441\u0438\u043d\u044b \u0434\u0438\u0430\u043c\u0435\u0442\u0440\u043e\u043c \u0434\u043e 20 \u0441\u043c. \u0423\u0434\u043e\u0431\u043d\u044b\u0439 \u0437\u0430\u0445\u0432\u0430\u0442 \u0438 \u043b\u0435\u0433\u043a\u0438\u0439 \u0432 \u0442\u0440\u0430\u043d\u0441\u043f\u043e\u0440\u0442\u0438\u0440\u043e\u0432\u043a\u0435.","og_url":"https:\/\/xstyle.md\/ro\/produs\/topor-fiskars-splitting-x11-s\/","og_site_name":"\u041c\u0430\u0433\u0430\u0437\u0438\u043d Xstyle","article_publisher":"https:\/\/www.facebook.com\/xstylemd","article_modified_time":"2025-08-24T21:05:15+00:00","og_image":[{"width":757,"height":540,"url":"https:\/\/xstyle.md\/wp-content\/uploads\/2020\/07\/fiskars_splitting_axe_s_x11-1.jpg","type":"image\/jpeg"}],"twitter_card":"summary_large_image","twitter_misc":{"Pre\u021b":"1.595&nbsp;MDL","Disponibilitate":"\u00cen stoc"},"schema":{"@context":"https:\/\/schema.org","@graph":[{"@type":"WebPage","@id":"https:\/\/xstyle.md\/product\/topor-fiskars-splitting-x11-s\/","url":"https:\/\/xstyle.md\/product\/topor-fiskars-splitting-x11-s\/","name":"Topor Fiskars Splitting X11 S - Magazin Xstyle","isPartOf":{"@id":"https:\/\/xstyle.md\/#website"},"primaryImageOfPage":{"@id":"https:\/\/xstyle.md\/product\/topor-fiskars-splitting-x11-s\/#primaryimage"},"image":{"@id":"https:\/\/xstyle.md\/product\/topor-fiskars-splitting-x11-s\/#primaryimage"},"thumbnailUrl":"https:\/\/xstyle.md\/wp-content\/uploads\/2020\/07\/fiskars_splitting_axe_s_x11-1.jpg","datePublished":"2020-07-17T06:44:30+00:00","dateModified":"2025-08-24T21:05:15+00:00","description":"Toporul Fiskars Splitting X11 S - ideal pentru felierea u\u0219oar\u0103 a lemnului cu un diametru de p\u00e2n\u0103 la 20 cm. M\u00e2nerul confortabil \u0219i greutatea u\u0219oar\u0103 \u00eel fac u\u0219or de transportat.","breadcrumb":{"@id":"https:\/\/xstyle.md\/product\/topor-fiskars-splitting-x11-s\/#breadcrumb"},"inLanguage":"ro-RO","potentialAction":[{"@type":"ReadAction","target":["https:\/\/xstyle.md\/product\/topor-fiskars-splitting-x11-s\/"]}]},{"@type":"ImageObject","inLanguage":"ro-RO","@id":"https:\/\/xstyle.md\/product\/topor-fiskars-splitting-x11-s\/#primaryimage","url":"https:\/\/xstyle.md\/wp-content\/uploads\/2020\/07\/fiskars_splitting_axe_s_x11-1.jpg","contentUrl":"https:\/\/xstyle.md\/wp-content\/uploads\/2020\/07\/fiskars_splitting_axe_s_x11-1.jpg","width":757,"height":540},{"@type":"BreadcrumbList","@id":"https:\/\/xstyle.md\/product\/topor-fiskars-splitting-x11-s\/#breadcrumb","itemListElement":[{"@type":"ListItem","position":1,"name":"\u0413\u043b\u0430\u0432\u043d\u0430\u044f \u0441\u0442\u0440\u0430\u043d\u0438\u0446\u0430","item":"https:\/\/xstyle.md\/"},{"@type":"ListItem","position":2,"name":"\u041c\u0430\u0433\u0430\u0437\u0438\u043d","item":"https:\/\/xstyle.md\/shop\/"},{"@type":"ListItem","position":3,"name":"\u0422\u043e\u043f\u043e\u0440 Fiskars Splitting X11 S"}]},{"@type":"WebSite","@id":"https:\/\/xstyle.md\/#website","url":"https:\/\/xstyle.md\/","name":"Magazinul X-Style","description":"Echipamente pentru turism \u0219i sporturi extreme \u00een Moldova. Pre\u021buri, fotografii, caracteristici \u00een Moldova.","publisher":{"@id":"https:\/\/xstyle.md\/#organization"},"alternateName":"X-Style","potentialAction":[{"@type":"SearchAction","target":{"@type":"EntryPoint","urlTemplate":"https:\/\/xstyle.md\/?s={search_term_string}"},"query-input":{"@type":"PropertyValueSpecification","valueRequired":true,"valueName":"search_term_string"}}],"inLanguage":"ro-RO"},{"@type":"Organization","@id":"https:\/\/xstyle.md\/#organization","name":"Magazinul X-Style","alternateName":"x-style","url":"https:\/\/xstyle.md\/","logo":{"@type":"ImageObject","inLanguage":"ro-RO","@id":"https:\/\/xstyle.md\/#\/schema\/logo\/image\/","url":"https:\/\/xstyle.md\/wp-content\/uploads\/2020\/06\/logoicon.svg","contentUrl":"https:\/\/xstyle.md\/wp-content\/uploads\/2020\/06\/logoicon.svg","caption":"\u041c\u0430\u0433\u0430\u0437\u0438\u043d Xstyle"},"image":{"@id":"https:\/\/xstyle.md\/#\/schema\/logo\/image\/"},"sameAs":["https:\/\/www.facebook.com\/xstylemd","https:\/\/www.instagram.com\/xstyle_md\/","https:\/\/t.me\/xstyle_outdoor"],"hasMerchantReturnPolicy":{"@type":"MerchantReturnPolicy","merchantReturnLink":"https:\/\/xstyle.md\/ro\/conditions\/"}}]},"product_price_amount":"1595.00","product_price_currency":"MDL","og_availability":"instock","product_availability":"instock","product_retailer_item_id":"6411501224439","product_condition":"new"},"post_mailing_queue_ids":[],"_links":{"self":[{"href":"https:\/\/xstyle.md\/ro\/wp-json\/wp\/v2\/product\/9948","targetHints":{"allow":["GET"]}}],"collection":[{"href":"https:\/\/xstyle.md\/ro\/wp-json\/wp\/v2\/product"}],"about":[{"href":"https:\/\/xstyle.md\/ro\/wp-json\/wp\/v2\/types\/product"}],"replies":[{"embeddable":true,"href":"https:\/\/xstyle.md\/ro\/wp-json\/wp\/v2\/comments?post=9948"}],"wp:featuredmedia":[{"embeddable":true,"href":"https:\/\/xstyle.md\/ro\/wp-json\/wp\/v2\/media\/9944"}],"wp:attachment":[{"href":"https:\/\/xstyle.md\/ro\/wp-json\/wp\/v2\/media?parent=9948"}],"wp:term":[{"taxonomy":"product_brand","embeddable":true,"href":"https:\/\/xstyle.md\/ro\/wp-json\/wp\/v2\/product_brand?post=9948"},{"taxonomy":"product_cat","embeddable":true,"href":"https:\/\/xstyle.md\/ro\/wp-json\/wp\/v2\/product_cat?post=9948"},{"taxonomy":"product_tag","embeddable":true,"href":"https:\/\/xstyle.md\/ro\/wp-json\/wp\/v2\/product_tag?post=9948"}],"curies":[{"name":"wp","href":"https:\/\/api.w.org\/{rel}","templated":true}]}}