{"id":99040,"date":"2025-12-24T19:21:29","date_gmt":"2025-12-24T16:21:29","guid":{"rendered":"https:\/\/xstyle.md\/?post_type=product&#038;p=99040"},"modified":"2026-03-19T17:42:33","modified_gmt":"2026-03-19T14:42:33","slug":"gornolyzhnaya-maska-uvex-provoqe-v-white-matt-dl-green-clear","status":"publish","type":"product","link":"https:\/\/xstyle.md\/ro\/produs\/gornolyzhnaya-maska-uvex-provoqe-v-white-matt-dl-green-clear\/","title":{"rendered":"Masc\u0103 schi Uvex Provoqe V white matt dl\/green-clear"},"content":{"rendered":"<\/p>\n<p><strong>Uvex Provoqe V<\/strong> &#8212; sunt echipa\u021bi cu lentila inteligent\u0103 fotocromatic\u0103 Variomatic\u00ae, care \u00ee\u0219i ajusteaz\u0103 automat nuan\u021ba de la deschis la \u00eenchis \u00een func\u021bie de intensitatea luminii solare. Designul f\u0103r\u0103 ram\u0103 (frameless) ofer\u0103 o vedere panoramic\u0103 superb\u0103, iar stratul special Supravision\u00ae, \u00eempreun\u0103 cu lentila dubl\u0103, garanteaz\u0103 c\u0103 ochelarii nu se vor aburi nici m\u0103car \u00een timpul efortului intens.<\/p>\n<h3>Caracteristici<\/h3>\n<ul>\n<li>Protec\u021bie UV 100% &#8212; protejeaz\u0103 ochii \u00eempotriva radia\u021biilor UVA, UVB \u0219i UVC p\u00e2n\u0103 la 400 nm<\/li>\n<li>Design Frameless &#8212; design f\u0103r\u0103 ram\u0103 vizibil\u0103 care ofer\u0103 un c\u00e2mp vizual extrem de larg \u0219i un aspect modern<\/li>\n<li>Spum\u0103 \u00een trei straturi cu velur &#8212; ofer\u0103 o potrivire perfect\u0103 pe conturul fe\u021bei, elimin\u00e2nd punctele de presiune.<\/li>\n<li>Band\u0103 cu silicon &#8212; banda elastic\u0103 lat\u0103 (50 mm) are inser\u021bii de silicon pentru o fixare stabil\u0103 pe casc\u0103, prevenind alunecarea<\/li>\n<li>Lentil\u0103 &#8212; Lentil\u0103 dubl\u0103 cilindric\u0103 cu finisaj oglind\u0103<\/li>\n<\/ul>\n<h3>Tehnologii<\/h3>\n<ul>\n<li><strong>Variomatic<\/strong>\u00ae \u2013 lentil\u0103 fotocromatic\u0103 ce \u00ee\u0219i schimb\u0103 automat gradul de nuan\u021bare \u00een func\u021bie de iluminare. Trecerea \u00eentre categoriile S1 (nebulozitate\/cea\u021b\u0103) \u0219i S3 (soare puternic) are loc lin \u0219i rapid.<\/li>\n<li><strong>Supravision<\/strong>\u00ae \u2013 strat special care protejeaz\u0103 lentila \u00eempotriva aburirii, chiar \u0219i \u00een condi\u021bii de diferen\u021be majore de temperatur\u0103. Numeroase teste au demonstrat c\u0103 acest strat rezist\u0103 de dou\u0103 ori mai mult dec\u00e2t analogii s\u0103i, oferind o protec\u021bie anti-aburire de 200%.<\/li>\n<li><strong>OTG (over the glasses)<\/strong> \u2013 m\u0103\u0219ti speciale concepute pentru a fi purtate peste ochelarii de vedere. Volumul interior al acestor m\u0103\u0219ti este u\u0219or m\u0103rit, iar rama prezint\u0103 canale speciale pentru bra\u021bele ochelarilor.<\/li>\n<\/ul>\n<p><\/p>\n<h3>Marca<\/h3>\n<p>Uvex - este partenerul oficial al Federa\u021biei de Schi Alpin \u0219i Snowboard din Rusia, sponsorul echipei de ciclism T-Mobile \u0219i al multor sportivi, schiori, snowboarderi, motocicli\u0219ti \u0219i para\u0219uti\u0219ti. Compania \u0219i-a \u00eenceput activitatea \u00een anii '20-'30, fabric\u00e2nd produse pentru protec\u021bia ochilor \u00een mediile de lucru industriale nocive, un domeniu extrem de actual \u00een acea perioad\u0103. Deja \u00een anul 1959, a luat na\u0219tere brandul pe care \u00eel cunoa\u0219tem \u0219i ast\u0103zi: \u201eUVEX\u201d. Dar ce \u00eenseamn\u0103, de fapt, acest cuv\u00e2nt? Acesta nu are o traducere propriu-zis\u0103, fiind o abreviere a sloganului companiei: \u201eUltraViolet EXcluded\u201d \u2014 adic\u0103 \u201eUltravioletele sunt excluse\u201d. \u00cenc\u0103 din aceste cuvinte se poate observa c\u0103 produsele destinate sportivilor deveniser\u0103 deja o parte semnificativ\u0103 din produc\u021bia corpora\u021biei de la acea vreme.<\/p>\n<p>Compania UVEX \u00ee\u0219i propune ca obiectiv asigurarea protec\u021biei complete a sportivului, din cap p\u00e2n\u0103 \u00een picioare. De aceea, ast\u0103zi produce absolut totul: de la optic\u0103, p\u00e2n\u0103 la c\u0103\u0219ti \u0219i m\u0103nu\u0219i. Bine\u00een\u021beles, produsele UVEX se bucur\u0103 doar de recenzii pozitive, ceea ce nu este surprinz\u0103tor, av\u00e2nd \u00een vedere c\u0103 \u00een cur\u00e2nd compania va s\u0103rb\u0103tori un secol de existen\u021b\u0103. Pe parcursul tuturor acestor ani, deviza sa a fost: \u201eS\u0103 protej\u0103m oamenii!\u201d. Ast\u0103zi, Uvex este un juc\u0103tor major pe pia\u021ba echipamentelor de schi alpin, oferind anual solu\u021bii \u0219i tehnologii noi \u00een domeniul m\u0103\u0219tilor \u0219i c\u0103\u0219tilor de schi.<\/p>","protected":false},"excerpt":{"rendered":"<p>\u0411\u0440\u0435\u043d\u0434 Uvex \u2013 \u043e\u0444\u0438\u0446\u0438\u0430\u043b\u044c\u043d\u044b\u0439 \u043f\u0430\u0440\u0442\u043d\u0451\u0440 \u0424\u0435\u0434\u0435\u0440\u0430\u0446\u0438\u0438 \u0413\u043e\u0440\u043d\u043e\u043b\u044b\u0436\u043d\u043e\u0433\u043e \u0421\u043f\u043e\u0440\u0442\u0430 \u0438 \u0421\u043d\u043e\u0443\u0431\u043e\u0440\u0434\u0430 \u0420\u043e\u0441\u0441\u0438\u0438, \u0441\u043f\u043e\u043d\u0441\u043e\u0440 \u043a\u043e\u043c\u0430\u043d\u0434\u044b \u0432\u0435\u043b\u043e\u0433\u043e\u043d\u0449\u0438\u043a\u043e\u0432 T-Mobile \u0438 \u043c\u043d\u043e\u0433\u0438\u0445 \u0441\u043f\u043e\u0440\u0442\u0441\u043c\u0435\u043d\u043e\u0432, \u0433\u043e\u0440\u043d\u043e\u043b\u044b\u0436\u043d\u0438\u043a\u043e\u0432 \u0438 \u0441\u043d\u043e\u0443\u0431\u043e\u0440\u0434\u0438\u0441\u0442\u043e\u0432, \u043c\u043e\u0442\u043e\u0433\u043e\u043d\u0449\u0438\u043a\u043e\u0432 \u0438 \u043f\u0430\u0440\u0430\u0448\u044e\u0442\u0438\u0441\u0442\u043e\u0432. \u0410 \u043d\u0430\u0447\u0438\u043d\u0430\u043b\u0430 \u043a\u043e\u043c\u043f\u0430\u043d\u0438\u044f \u0432 20-30-\u0445 \u0433\u043e\u0434\u0430\u0445 \u0441 \u0438\u0437\u0433\u043e\u0442\u043e\u0432\u043b\u0435\u043d\u0438\u044f \u043f\u0440\u043e\u0434\u0443\u043a\u0446\u0438\u0438 \u0434\u043b\u044f \u0437\u0430\u0449\u0438\u0442\u044b \u0433\u043b\u0430\u0437 \u0432\u043e \u0432\u0440\u0435\u043c\u044f \u0440\u0430\u0431\u043e\u0442\u044b \u043d\u0430 \u0432\u0440\u0435\u0434\u043d\u044b\u0445 \u043f\u0440\u043e\u0438\u0437\u0432\u043e\u0434\u0441\u0442\u0432\u0430\u0445, \u0447\u0442\u043e \u0431\u044b\u043b\u043e \u0430\u043a\u0442\u0443\u0430\u043b\u044c\u043d\u043e \u0432 \u0442\u0435 \u0432\u0440\u0435\u043c\u0435\u043d\u0430. \u0423\u0436\u0435 \u0432 1959 \u0433\u043e\u0434\u0443 \u0440\u043e\u0434\u0438\u043b\u0441\u044f \u0437\u043d\u0430\u043a\u043e\u043c\u044b\u0439 \u043d\u0430\u043c [&hellip;]<\/p>\n","protected":false},"featured_media":103021,"comment_status":"open","ping_status":"closed","template":"","meta":{"_acf_changed":false,"inline_featured_image":false},"product_brand":[1366],"product_cat":[390],"product_tag":[],"class_list":{"0":"post-99040","1":"product","2":"type-product","3":"status-publish","4":"has-post-thumbnail","6":"product_brand-uvex","7":"product_cat-ski-mask","9":"first","10":"instock","11":"shipping-taxable","12":"purchasable","13":"product-type-simple"},"acf":[],"yoast_head":"<!-- This site is optimized with the Yoast SEO plugin v27.4 - https:\/\/yoast.com\/product\/yoast-seo-wordpress\/ -->\n<title>\u0413\u043e\u0440\u043d\u043e\u043b\u044b\u0436\u043d\u0430\u044f \u043c\u0430\u0441\u043a\u0430 Uvex Provoqe V white matt dl\/green-clear - \u041c\u0430\u0433\u0430\u0437\u0438\u043d Xstyle<\/title>\n<meta name=\"robots\" content=\"index, follow, max-snippet:-1, max-image-preview:large, max-video-preview:-1\" \/>\n<link rel=\"canonical\" href=\"https:\/\/xstyle.md\/ro\/produs\/gornolyzhnaya-maska-uvex-provoqe-v-white-matt-dl-green-clear\/\" \/>\n<meta property=\"og:locale\" content=\"ro_RO\" \/>\n<meta property=\"og:type\" content=\"article\" \/>\n<meta property=\"og:title\" content=\"\u0413\u043e\u0440\u043d\u043e\u043b\u044b\u0436\u043d\u0430\u044f \u043c\u0430\u0441\u043a\u0430 Uvex Provoqe V white matt dl\/green-clear - \u041c\u0430\u0433\u0430\u0437\u0438\u043d Xstyle\" \/>\n<meta property=\"og:description\" content=\"\u0411\u0440\u0435\u043d\u0434 Uvex \u2013 \u043e\u0444\u0438\u0446\u0438\u0430\u043b\u044c\u043d\u044b\u0439 \u043f\u0430\u0440\u0442\u043d\u0451\u0440 \u0424\u0435\u0434\u0435\u0440\u0430\u0446\u0438\u0438 \u0413\u043e\u0440\u043d\u043e\u043b\u044b\u0436\u043d\u043e\u0433\u043e \u0421\u043f\u043e\u0440\u0442\u0430 \u0438 \u0421\u043d\u043e\u0443\u0431\u043e\u0440\u0434\u0430 \u0420\u043e\u0441\u0441\u0438\u0438, \u0441\u043f\u043e\u043d\u0441\u043e\u0440 \u043a\u043e\u043c\u0430\u043d\u0434\u044b \u0432\u0435\u043b\u043e\u0433\u043e\u043d\u0449\u0438\u043a\u043e\u0432 T-Mobile \u0438 \u043c\u043d\u043e\u0433\u0438\u0445 \u0441\u043f\u043e\u0440\u0442\u0441\u043c\u0435\u043d\u043e\u0432, \u0433\u043e\u0440\u043d\u043e\u043b\u044b\u0436\u043d\u0438\u043a\u043e\u0432 \u0438 \u0441\u043d\u043e\u0443\u0431\u043e\u0440\u0434\u0438\u0441\u0442\u043e\u0432, \u043c\u043e\u0442\u043e\u0433\u043e\u043d\u0449\u0438\u043a\u043e\u0432 \u0438 \u043f\u0430\u0440\u0430\u0448\u044e\u0442\u0438\u0441\u0442\u043e\u0432. \u0410 \u043d\u0430\u0447\u0438\u043d\u0430\u043b\u0430 \u043a\u043e\u043c\u043f\u0430\u043d\u0438\u044f \u0432 20-30-\u0445 \u0433\u043e\u0434\u0430\u0445 \u0441 \u0438\u0437\u0433\u043e\u0442\u043e\u0432\u043b\u0435\u043d\u0438\u044f \u043f\u0440\u043e\u0434\u0443\u043a\u0446\u0438\u0438 \u0434\u043b\u044f \u0437\u0430\u0449\u0438\u0442\u044b \u0433\u043b\u0430\u0437 \u0432\u043e \u0432\u0440\u0435\u043c\u044f \u0440\u0430\u0431\u043e\u0442\u044b \u043d\u0430 \u0432\u0440\u0435\u0434\u043d\u044b\u0445 \u043f\u0440\u043e\u0438\u0437\u0432\u043e\u0434\u0441\u0442\u0432\u0430\u0445, \u0447\u0442\u043e \u0431\u044b\u043b\u043e \u0430\u043a\u0442\u0443\u0430\u043b\u044c\u043d\u043e \u0432 \u0442\u0435 \u0432\u0440\u0435\u043c\u0435\u043d\u0430. \u0423\u0436\u0435 \u0432 1959 \u0433\u043e\u0434\u0443 \u0440\u043e\u0434\u0438\u043b\u0441\u044f \u0437\u043d\u0430\u043a\u043e\u043c\u044b\u0439 \u043d\u0430\u043c [&hellip;]\" \/>\n<meta property=\"og:url\" content=\"https:\/\/xstyle.md\/ro\/produs\/gornolyzhnaya-maska-uvex-provoqe-v-white-matt-dl-green-clear\/\" \/>\n<meta property=\"og:site_name\" content=\"\u041c\u0430\u0433\u0430\u0437\u0438\u043d Xstyle\" \/>\n<meta property=\"article:publisher\" content=\"https:\/\/www.facebook.com\/xstylemd\" \/>\n<meta property=\"article:modified_time\" content=\"2026-03-19T14:42:33+00:00\" \/>\n<meta property=\"og:image\" content=\"https:\/\/xstyle.md\/wp-content\/uploads\/2025\/12\/uvex-provoqe-v-white-matt-dlgreen-clear-1.webp\" \/>\n\t<meta property=\"og:image:width\" content=\"1200\" \/>\n\t<meta property=\"og:image:height\" content=\"1200\" \/>\n\t<meta property=\"og:image:type\" content=\"image\/webp\" \/>\n<meta name=\"twitter:card\" content=\"summary_large_image\" \/>\n<meta name=\"twitter:label1\" content=\"Pre\u021b\" \/>\n\t<meta name=\"twitter:data1\" content=\"1.990&nbsp;MDL\" \/>\n\t<meta name=\"twitter:label2\" content=\"Disponibilitate\" \/>\n\t<meta name=\"twitter:data2\" content=\"\u00cen stoc\" \/>\n<script type=\"application\/ld+json\" class=\"yoast-schema-graph\">{\"@context\":\"https:\\\/\\\/schema.org\",\"@graph\":[{\"@type\":\"WebPage\",\"@id\":\"https:\\\/\\\/xstyle.md\\\/product\\\/gornolyzhnaya-maska-uvex-provoqe-v-white-matt-dl-green-clear\\\/\",\"url\":\"https:\\\/\\\/xstyle.md\\\/product\\\/gornolyzhnaya-maska-uvex-provoqe-v-white-matt-dl-green-clear\\\/\",\"name\":\"\u0413\u043e\u0440\u043d\u043e\u043b\u044b\u0436\u043d\u0430\u044f \u043c\u0430\u0441\u043a\u0430 Uvex Provoqe V white matt dl\\\/green-clear - \u041c\u0430\u0433\u0430\u0437\u0438\u043d Xstyle\",\"isPartOf\":{\"@id\":\"https:\\\/\\\/xstyle.md\\\/#website\"},\"primaryImageOfPage\":{\"@id\":\"https:\\\/\\\/xstyle.md\\\/product\\\/gornolyzhnaya-maska-uvex-provoqe-v-white-matt-dl-green-clear\\\/#primaryimage\"},\"image\":{\"@id\":\"https:\\\/\\\/xstyle.md\\\/product\\\/gornolyzhnaya-maska-uvex-provoqe-v-white-matt-dl-green-clear\\\/#primaryimage\"},\"thumbnailUrl\":\"https:\\\/\\\/xstyle.md\\\/wp-content\\\/uploads\\\/2025\\\/12\\\/uvex-provoqe-v-white-matt-dlgreen-clear-1.webp\",\"datePublished\":\"2025-12-24T16:21:29+00:00\",\"dateModified\":\"2026-03-19T14:42:33+00:00\",\"breadcrumb\":{\"@id\":\"https:\\\/\\\/xstyle.md\\\/product\\\/gornolyzhnaya-maska-uvex-provoqe-v-white-matt-dl-green-clear\\\/#breadcrumb\"},\"inLanguage\":\"ro-RO\",\"potentialAction\":[{\"@type\":\"ReadAction\",\"target\":[\"https:\\\/\\\/xstyle.md\\\/product\\\/gornolyzhnaya-maska-uvex-provoqe-v-white-matt-dl-green-clear\\\/\"]}]},{\"@type\":\"ImageObject\",\"inLanguage\":\"ro-RO\",\"@id\":\"https:\\\/\\\/xstyle.md\\\/product\\\/gornolyzhnaya-maska-uvex-provoqe-v-white-matt-dl-green-clear\\\/#primaryimage\",\"url\":\"https:\\\/\\\/xstyle.md\\\/wp-content\\\/uploads\\\/2025\\\/12\\\/uvex-provoqe-v-white-matt-dlgreen-clear-1.webp\",\"contentUrl\":\"https:\\\/\\\/xstyle.md\\\/wp-content\\\/uploads\\\/2025\\\/12\\\/uvex-provoqe-v-white-matt-dlgreen-clear-1.webp\",\"width\":1200,\"height\":1200,\"caption\":\"\u0413\u043e\u0440\u043d\u043e\u043b\u044b\u0436\u043d\u0430\u044f \u043c\u0430\u0441\u043a\u0430 Uvex Provoqe V \u0431\u0435\u043b\u0430\u044f \u043c\u0430\u0442\u043e\u0432\u0430\u044f \u0437\u0435\u043b\u0435\u043d\u0430\u044f \u043f\u0440\u043e\u0437\u0440\u0430\u0447\u043d\u0430\u044f \u0434\u043b\u044f \u0430\u043a\u0442\u0438\u0432\u043d\u043e\u0433\u043e \u043e\u0442\u0434\u044b\u0445\u0430, \u0442\u0443\u0440\u0438\u0437\u043c\u0430 \u0438 \u0430\u043b\u044c\u043f\u0438\u043d\u0438\u0437\u043c\u0430 \u0432 \u043e\u043d\u043b\u0430\u0439\u043d \u043c\u0430\u0433\u0430\u0437\u0438\u043d\u0435 \u044d\u043a\u0438\u043f\u0438\u0440\u043e\u0432\u043a\u0438 \u0434\u043b\u044f \u0430\u043a\u0442\u0438\u0432\u043d\u043e\u0439 \u0436\u0438\u0437\u043d\u0438\"},{\"@type\":\"BreadcrumbList\",\"@id\":\"https:\\\/\\\/xstyle.md\\\/product\\\/gornolyzhnaya-maska-uvex-provoqe-v-white-matt-dl-green-clear\\\/#breadcrumb\",\"itemListElement\":[{\"@type\":\"ListItem\",\"position\":1,\"name\":\"\u0413\u043b\u0430\u0432\u043d\u0430\u044f \u0441\u0442\u0440\u0430\u043d\u0438\u0446\u0430\",\"item\":\"https:\\\/\\\/xstyle.md\\\/\"},{\"@type\":\"ListItem\",\"position\":2,\"name\":\"\u041c\u0430\u0433\u0430\u0437\u0438\u043d\",\"item\":\"https:\\\/\\\/xstyle.md\\\/shop\\\/\"},{\"@type\":\"ListItem\",\"position\":3,\"name\":\"\u0413\u043e\u0440\u043d\u043e\u043b\u044b\u0436\u043d\u0430\u044f \u043c\u0430\u0441\u043a\u0430 Uvex Provoqe V white matt dl\\\/green-clear\"}]},{\"@type\":\"WebSite\",\"@id\":\"https:\\\/\\\/xstyle.md\\\/#website\",\"url\":\"https:\\\/\\\/xstyle.md\\\/\",\"name\":\"\u041c\u0430\u0433\u0430\u0437\u0438\u043d Xstyle\",\"description\":\"C\u043d\u0430\u0440\u044f\u0436\u0435\u043d\u0438\u0435 \u0434\u043b\u044f \u0442\u0443\u0440\u0438\u0437\u043c\u0430 \u0438 \u044d\u043a\u0441\u0442\u0440\u0435\u043c\u0430\u043b\u044c\u043d\u044b\u0445 \u0432\u0438\u0434\u043e\u0432 \u0441\u043f\u043e\u0440\u0442\u0430 \u0432 \u041c\u043e\u043b\u0434\u043e\u0432\u0435.. \u0426\u0435\u043d\u044b, \u0444\u043e\u0442\u043e, \u0445\u0430\u0440\u0430\u043a\u0442\u0435\u0440\u0438\u0441\u0442\u0438\u043a\u0438 \u0432 \u041c\u043e\u043b\u0434\u043e\u0432\u0435.\",\"publisher\":{\"@id\":\"https:\\\/\\\/xstyle.md\\\/#organization\"},\"alternateName\":\"X-Style\",\"potentialAction\":[{\"@type\":\"SearchAction\",\"target\":{\"@type\":\"EntryPoint\",\"urlTemplate\":\"https:\\\/\\\/xstyle.md\\\/?s={search_term_string}\"},\"query-input\":{\"@type\":\"PropertyValueSpecification\",\"valueRequired\":true,\"valueName\":\"search_term_string\"}}],\"inLanguage\":\"ro-RO\"},{\"@type\":\"Organization\",\"@id\":\"https:\\\/\\\/xstyle.md\\\/#organization\",\"name\":\"\u041c\u0430\u0433\u0430\u0437\u0438\u043d Xstyle\",\"alternateName\":\"x-style\",\"url\":\"https:\\\/\\\/xstyle.md\\\/\",\"logo\":{\"@type\":\"ImageObject\",\"inLanguage\":\"ro-RO\",\"@id\":\"https:\\\/\\\/xstyle.md\\\/#\\\/schema\\\/logo\\\/image\\\/\",\"url\":\"https:\\\/\\\/xstyle.md\\\/wp-content\\\/uploads\\\/2020\\\/06\\\/logoicon.svg\",\"contentUrl\":\"https:\\\/\\\/xstyle.md\\\/wp-content\\\/uploads\\\/2020\\\/06\\\/logoicon.svg\",\"caption\":\"\u041c\u0430\u0433\u0430\u0437\u0438\u043d Xstyle\"},\"image\":{\"@id\":\"https:\\\/\\\/xstyle.md\\\/#\\\/schema\\\/logo\\\/image\\\/\"},\"sameAs\":[\"https:\\\/\\\/www.facebook.com\\\/xstylemd\",\"https:\\\/\\\/www.instagram.com\\\/xstyle_md\\\/\",\"https:\\\/\\\/t.me\\\/xstyle_outdoor\"],\"hasMerchantReturnPolicy\":{\"@type\":\"MerchantReturnPolicy\",\"merchantReturnLink\":\"https:\\\/\\\/xstyle.md\\\/ro\\\/conditions\\\/\"}}]}<\/script>\n<meta property=\"product:price:amount\" content=\"1990.00\" \/>\n<meta property=\"product:price:currency\" content=\"MDL\" \/>\n<meta property=\"og:availability\" content=\"instock\" \/>\n<meta property=\"product:availability\" content=\"instock\" \/>\n<meta property=\"product:retailer_item_id\" content=\"4043197388335\" \/>\n<meta property=\"product:condition\" content=\"new\" \/>\n<!-- \/ Yoast SEO plugin. -->","yoast_head_json":{"title":"\u0413\u043e\u0440\u043d\u043e\u043b\u044b\u0436\u043d\u0430\u044f \u043c\u0430\u0441\u043a\u0430 Uvex Provoqe V white matt dl\/green-clear - \u041c\u0430\u0433\u0430\u0437\u0438\u043d Xstyle","robots":{"index":"index","follow":"follow","max-snippet":"max-snippet:-1","max-image-preview":"max-image-preview:large","max-video-preview":"max-video-preview:-1"},"canonical":"https:\/\/xstyle.md\/ro\/produs\/gornolyzhnaya-maska-uvex-provoqe-v-white-matt-dl-green-clear\/","og_locale":"ro_RO","og_type":"article","og_title":"\u0413\u043e\u0440\u043d\u043e\u043b\u044b\u0436\u043d\u0430\u044f \u043c\u0430\u0441\u043a\u0430 Uvex Provoqe V white matt dl\/green-clear - \u041c\u0430\u0433\u0430\u0437\u0438\u043d Xstyle","og_description":"\u0411\u0440\u0435\u043d\u0434 Uvex \u2013 \u043e\u0444\u0438\u0446\u0438\u0430\u043b\u044c\u043d\u044b\u0439 \u043f\u0430\u0440\u0442\u043d\u0451\u0440 \u0424\u0435\u0434\u0435\u0440\u0430\u0446\u0438\u0438 \u0413\u043e\u0440\u043d\u043e\u043b\u044b\u0436\u043d\u043e\u0433\u043e \u0421\u043f\u043e\u0440\u0442\u0430 \u0438 \u0421\u043d\u043e\u0443\u0431\u043e\u0440\u0434\u0430 \u0420\u043e\u0441\u0441\u0438\u0438, \u0441\u043f\u043e\u043d\u0441\u043e\u0440 \u043a\u043e\u043c\u0430\u043d\u0434\u044b \u0432\u0435\u043b\u043e\u0433\u043e\u043d\u0449\u0438\u043a\u043e\u0432 T-Mobile \u0438 \u043c\u043d\u043e\u0433\u0438\u0445 \u0441\u043f\u043e\u0440\u0442\u0441\u043c\u0435\u043d\u043e\u0432, \u0433\u043e\u0440\u043d\u043e\u043b\u044b\u0436\u043d\u0438\u043a\u043e\u0432 \u0438 \u0441\u043d\u043e\u0443\u0431\u043e\u0440\u0434\u0438\u0441\u0442\u043e\u0432, \u043c\u043e\u0442\u043e\u0433\u043e\u043d\u0449\u0438\u043a\u043e\u0432 \u0438 \u043f\u0430\u0440\u0430\u0448\u044e\u0442\u0438\u0441\u0442\u043e\u0432. \u0410 \u043d\u0430\u0447\u0438\u043d\u0430\u043b\u0430 \u043a\u043e\u043c\u043f\u0430\u043d\u0438\u044f \u0432 20-30-\u0445 \u0433\u043e\u0434\u0430\u0445 \u0441 \u0438\u0437\u0433\u043e\u0442\u043e\u0432\u043b\u0435\u043d\u0438\u044f \u043f\u0440\u043e\u0434\u0443\u043a\u0446\u0438\u0438 \u0434\u043b\u044f \u0437\u0430\u0449\u0438\u0442\u044b \u0433\u043b\u0430\u0437 \u0432\u043e \u0432\u0440\u0435\u043c\u044f \u0440\u0430\u0431\u043e\u0442\u044b \u043d\u0430 \u0432\u0440\u0435\u0434\u043d\u044b\u0445 \u043f\u0440\u043e\u0438\u0437\u0432\u043e\u0434\u0441\u0442\u0432\u0430\u0445, \u0447\u0442\u043e \u0431\u044b\u043b\u043e \u0430\u043a\u0442\u0443\u0430\u043b\u044c\u043d\u043e \u0432 \u0442\u0435 \u0432\u0440\u0435\u043c\u0435\u043d\u0430. \u0423\u0436\u0435 \u0432 1959 \u0433\u043e\u0434\u0443 \u0440\u043e\u0434\u0438\u043b\u0441\u044f \u0437\u043d\u0430\u043a\u043e\u043c\u044b\u0439 \u043d\u0430\u043c [&hellip;]","og_url":"https:\/\/xstyle.md\/ro\/produs\/gornolyzhnaya-maska-uvex-provoqe-v-white-matt-dl-green-clear\/","og_site_name":"\u041c\u0430\u0433\u0430\u0437\u0438\u043d Xstyle","article_publisher":"https:\/\/www.facebook.com\/xstylemd","article_modified_time":"2026-03-19T14:42:33+00:00","og_image":[{"width":1200,"height":1200,"url":"https:\/\/xstyle.md\/wp-content\/uploads\/2025\/12\/uvex-provoqe-v-white-matt-dlgreen-clear-1.webp","type":"image\/webp"}],"twitter_card":"summary_large_image","twitter_misc":{"Pre\u021b":"1.990&nbsp;MDL","Disponibilitate":"\u00cen stoc"},"schema":{"@context":"https:\/\/schema.org","@graph":[{"@type":"WebPage","@id":"https:\/\/xstyle.md\/product\/gornolyzhnaya-maska-uvex-provoqe-v-white-matt-dl-green-clear\/","url":"https:\/\/xstyle.md\/product\/gornolyzhnaya-maska-uvex-provoqe-v-white-matt-dl-green-clear\/","name":"\u0413\u043e\u0440\u043d\u043e\u043b\u044b\u0436\u043d\u0430\u044f \u043c\u0430\u0441\u043a\u0430 Uvex Provoqe V white matt dl\/green-clear - \u041c\u0430\u0433\u0430\u0437\u0438\u043d Xstyle","isPartOf":{"@id":"https:\/\/xstyle.md\/#website"},"primaryImageOfPage":{"@id":"https:\/\/xstyle.md\/product\/gornolyzhnaya-maska-uvex-provoqe-v-white-matt-dl-green-clear\/#primaryimage"},"image":{"@id":"https:\/\/xstyle.md\/product\/gornolyzhnaya-maska-uvex-provoqe-v-white-matt-dl-green-clear\/#primaryimage"},"thumbnailUrl":"https:\/\/xstyle.md\/wp-content\/uploads\/2025\/12\/uvex-provoqe-v-white-matt-dlgreen-clear-1.webp","datePublished":"2025-12-24T16:21:29+00:00","dateModified":"2026-03-19T14:42:33+00:00","breadcrumb":{"@id":"https:\/\/xstyle.md\/product\/gornolyzhnaya-maska-uvex-provoqe-v-white-matt-dl-green-clear\/#breadcrumb"},"inLanguage":"ro-RO","potentialAction":[{"@type":"ReadAction","target":["https:\/\/xstyle.md\/product\/gornolyzhnaya-maska-uvex-provoqe-v-white-matt-dl-green-clear\/"]}]},{"@type":"ImageObject","inLanguage":"ro-RO","@id":"https:\/\/xstyle.md\/product\/gornolyzhnaya-maska-uvex-provoqe-v-white-matt-dl-green-clear\/#primaryimage","url":"https:\/\/xstyle.md\/wp-content\/uploads\/2025\/12\/uvex-provoqe-v-white-matt-dlgreen-clear-1.webp","contentUrl":"https:\/\/xstyle.md\/wp-content\/uploads\/2025\/12\/uvex-provoqe-v-white-matt-dlgreen-clear-1.webp","width":1200,"height":1200,"caption":"\u0413\u043e\u0440\u043d\u043e\u043b\u044b\u0436\u043d\u0430\u044f \u043c\u0430\u0441\u043a\u0430 Uvex Provoqe V \u0431\u0435\u043b\u0430\u044f \u043c\u0430\u0442\u043e\u0432\u0430\u044f \u0437\u0435\u043b\u0435\u043d\u0430\u044f \u043f\u0440\u043e\u0437\u0440\u0430\u0447\u043d\u0430\u044f \u0434\u043b\u044f \u0430\u043a\u0442\u0438\u0432\u043d\u043e\u0433\u043e \u043e\u0442\u0434\u044b\u0445\u0430, \u0442\u0443\u0440\u0438\u0437\u043c\u0430 \u0438 \u0430\u043b\u044c\u043f\u0438\u043d\u0438\u0437\u043c\u0430 \u0432 \u043e\u043d\u043b\u0430\u0439\u043d \u043c\u0430\u0433\u0430\u0437\u0438\u043d\u0435 \u044d\u043a\u0438\u043f\u0438\u0440\u043e\u0432\u043a\u0438 \u0434\u043b\u044f \u0430\u043a\u0442\u0438\u0432\u043d\u043e\u0439 \u0436\u0438\u0437\u043d\u0438"},{"@type":"BreadcrumbList","@id":"https:\/\/xstyle.md\/product\/gornolyzhnaya-maska-uvex-provoqe-v-white-matt-dl-green-clear\/#breadcrumb","itemListElement":[{"@type":"ListItem","position":1,"name":"\u0413\u043b\u0430\u0432\u043d\u0430\u044f \u0441\u0442\u0440\u0430\u043d\u0438\u0446\u0430","item":"https:\/\/xstyle.md\/"},{"@type":"ListItem","position":2,"name":"\u041c\u0430\u0433\u0430\u0437\u0438\u043d","item":"https:\/\/xstyle.md\/shop\/"},{"@type":"ListItem","position":3,"name":"\u0413\u043e\u0440\u043d\u043e\u043b\u044b\u0436\u043d\u0430\u044f \u043c\u0430\u0441\u043a\u0430 Uvex Provoqe V white matt dl\/green-clear"}]},{"@type":"WebSite","@id":"https:\/\/xstyle.md\/#website","url":"https:\/\/xstyle.md\/","name":"Magazinul X-Style","description":"Echipamente pentru turism \u0219i sporturi extreme \u00een Moldova. Pre\u021buri, fotografii, caracteristici \u00een Moldova.","publisher":{"@id":"https:\/\/xstyle.md\/#organization"},"alternateName":"X-Style","potentialAction":[{"@type":"SearchAction","target":{"@type":"EntryPoint","urlTemplate":"https:\/\/xstyle.md\/?s={search_term_string}"},"query-input":{"@type":"PropertyValueSpecification","valueRequired":true,"valueName":"search_term_string"}}],"inLanguage":"ro-RO"},{"@type":"Organization","@id":"https:\/\/xstyle.md\/#organization","name":"Magazinul X-Style","alternateName":"x-style","url":"https:\/\/xstyle.md\/","logo":{"@type":"ImageObject","inLanguage":"ro-RO","@id":"https:\/\/xstyle.md\/#\/schema\/logo\/image\/","url":"https:\/\/xstyle.md\/wp-content\/uploads\/2020\/06\/logoicon.svg","contentUrl":"https:\/\/xstyle.md\/wp-content\/uploads\/2020\/06\/logoicon.svg","caption":"\u041c\u0430\u0433\u0430\u0437\u0438\u043d Xstyle"},"image":{"@id":"https:\/\/xstyle.md\/#\/schema\/logo\/image\/"},"sameAs":["https:\/\/www.facebook.com\/xstylemd","https:\/\/www.instagram.com\/xstyle_md\/","https:\/\/t.me\/xstyle_outdoor"],"hasMerchantReturnPolicy":{"@type":"MerchantReturnPolicy","merchantReturnLink":"https:\/\/xstyle.md\/ro\/conditions\/"}}]},"product_price_amount":"1990.00","product_price_currency":"MDL","og_availability":"instock","product_availability":"instock","product_retailer_item_id":"4043197388335","product_condition":"new"},"_links":{"self":[{"href":"https:\/\/xstyle.md\/ro\/wp-json\/wp\/v2\/product\/99040","targetHints":{"allow":["GET"]}}],"collection":[{"href":"https:\/\/xstyle.md\/ro\/wp-json\/wp\/v2\/product"}],"about":[{"href":"https:\/\/xstyle.md\/ro\/wp-json\/wp\/v2\/types\/product"}],"replies":[{"embeddable":true,"href":"https:\/\/xstyle.md\/ro\/wp-json\/wp\/v2\/comments?post=99040"}],"wp:featuredmedia":[{"embeddable":true,"href":"https:\/\/xstyle.md\/ro\/wp-json\/wp\/v2\/media\/103021"}],"wp:attachment":[{"href":"https:\/\/xstyle.md\/ro\/wp-json\/wp\/v2\/media?parent=99040"}],"wp:term":[{"taxonomy":"product_brand","embeddable":true,"href":"https:\/\/xstyle.md\/ro\/wp-json\/wp\/v2\/product_brand?post=99040"},{"taxonomy":"product_cat","embeddable":true,"href":"https:\/\/xstyle.md\/ro\/wp-json\/wp\/v2\/product_cat?post=99040"},{"taxonomy":"product_tag","embeddable":true,"href":"https:\/\/xstyle.md\/ro\/wp-json\/wp\/v2\/product_tag?post=99040"}],"curies":[{"name":"wp","href":"https:\/\/api.w.org\/{rel}","templated":true}]}}