{"id":9903,"date":"2020-07-17T09:41:52","date_gmt":"2020-07-17T06:41:52","guid":{"rendered":"https:\/\/xstyle.md\/product\/tent-msr-rendezvous-120-wing"},"modified":"2024-11-24T01:55:31","modified_gmt":"2024-11-23T22:55:31","slug":"tent-msr-rendezvous-120-wing","status":"publish","type":"product","link":"https:\/\/xstyle.md\/ro\/produs\/tent-msr-rendezvous-120-wing\/","title":{"rendered":"Cort MSR Rendezvous 120 Wing"},"content":{"rendered":"<\/p>\n<p>Cortul <strong>MSR Rendezvous 120 Wing<\/strong> u\u0219or \u0219i compact poate oferi protec\u021bie fiabil\u0103 \u00eempotriva ploii, v\u00e2ntului \u0219i soarelui. Cortul poate fi folosit singur sau ca protec\u021bie suplimentar\u0103 pentru cort. Este simplu \u0219i rapid de asamblat. Acoperi\u0219ul este instalat pe dou\u0103 suporturi incluse \u00een kit. Pute\u021bi, de asemenea, s\u0103-l instala\u021bi folosind st\u00e2lpi de trekking sau chiar v\u00e2sl\u0103. Designul u\u0219or este instalat pe rafturi cu \u00eentindere sau pur \u0219i simplu fixat pe copaci. Poate g\u0103zdui de la una la patru persoane. La o greutate de numai 1,43 kg, \u00eencape \u00een orice rucsac. \u0218apte puncte de ata\u0219are fac structura rigid\u0103 \u0219i stabil\u0103 chiar \u0219i \u00een timpul unor v\u00e2nturi puternice.<\/p>\n<p><strong>Caracteristici:<\/strong><\/p>\n<ul>\n<li>Capacitate: 4 persoane<\/li>\n<li>Suprafa\u021b\u0103: 11 m\u00b2<\/li>\n<li>\u00cen\u0103l\u021bime: 1,8 m<\/li>\n<li>Materiale: ripstop 685 de poliester de 1500 mm cu acoperire poliuretanic\u0103<\/li>\n<li>Suporturi: 2 buc. Seria 7000 Aluminiu<\/li>\n<li>Greutate minim\u0103 f\u0103r\u0103 suporturi: 820 g<\/li>\n<li>Greutate: 1430 g<\/li>\n<\/ul>\n<p><\/p>","protected":false},"excerpt":{"rendered":"<p>Cort MSR Rendezvous 120 Wing<\/p>","protected":false},"featured_media":9896,"comment_status":"open","ping_status":"closed","template":"","meta":{"_acf_changed":false,"inline_featured_image":false},"product_brand":[1279],"product_cat":[85],"product_tag":[],"class_list":{"0":"post-9903","1":"product","2":"type-product","3":"status-publish","4":"has-post-thumbnail","6":"product_brand-msr","7":"product_cat-tent","9":"first","10":"instock","11":"shipping-taxable","12":"purchasable","13":"product-type-simple"},"acf":[],"yoast_head":"<!-- This site is optimized with the Yoast SEO plugin v27.4 - https:\/\/yoast.com\/product\/yoast-seo-wordpress\/ -->\n<title>\u0422\u0435\u043d\u0442 MSR Rendezvous 120 Wing - \u041c\u0430\u0433\u0430\u0437\u0438\u043d Xstyle<\/title>\n<meta name=\"description\" content=\"\u0422\u0435\u043d\u0442 MSR Rendezvous 120 Wing - \u043b\u0435\u0433\u043a\u0438\u0439 \u0438 \u043a\u043e\u043c\u043f\u0430\u043a\u0442\u043d\u044b\u0439, \u043d\u0430\u0434\u0435\u0436\u043d\u043e \u0437\u0430\u0449\u0438\u0449\u0430\u0435\u0442 \u043e\u0442 \u0434\u043e\u0436\u0434\u044f, \u0432\u0435\u0442\u0440\u0430 \u0438 \u0441\u043e\u043b\u043d\u0446\u0430. \u041b\u0435\u0433\u043a\u0430\u044f \u0443\u0441\u0442\u0430\u043d\u043e\u0432\u043a\u0430, \u0438\u0434\u0435\u0430\u043b\u0435\u043d \u0434\u043b\u044f \u043a\u0435\u043c\u043f\u0438\u043d\u0433\u0430 \u0438 \u0430\u043a\u0442\u0438\u0432\u043d\u043e\u0433\u043e \u043e\u0442\u0434\u044b\u0445\u0430.\" \/>\n<meta name=\"robots\" content=\"index, follow, max-snippet:-1, max-image-preview:large, max-video-preview:-1\" \/>\n<link rel=\"canonical\" href=\"https:\/\/xstyle.md\/ro\/produs\/tent-msr-rendezvous-120-wing\/\" \/>\n<meta property=\"og:locale\" content=\"ro_RO\" \/>\n<meta property=\"og:type\" content=\"article\" \/>\n<meta property=\"og:title\" content=\"\u0422\u0435\u043d\u0442 MSR Rendezvous 120 Wing - \u041c\u0430\u0433\u0430\u0437\u0438\u043d Xstyle\" \/>\n<meta property=\"og:description\" content=\"\u0422\u0435\u043d\u0442 MSR Rendezvous 120 Wing - \u043b\u0435\u0433\u043a\u0438\u0439 \u0438 \u043a\u043e\u043c\u043f\u0430\u043a\u0442\u043d\u044b\u0439, \u043d\u0430\u0434\u0435\u0436\u043d\u043e \u0437\u0430\u0449\u0438\u0449\u0430\u0435\u0442 \u043e\u0442 \u0434\u043e\u0436\u0434\u044f, \u0432\u0435\u0442\u0440\u0430 \u0438 \u0441\u043e\u043b\u043d\u0446\u0430. \u041b\u0435\u0433\u043a\u0430\u044f \u0443\u0441\u0442\u0430\u043d\u043e\u0432\u043a\u0430, \u0438\u0434\u0435\u0430\u043b\u0435\u043d \u0434\u043b\u044f \u043a\u0435\u043c\u043f\u0438\u043d\u0433\u0430 \u0438 \u0430\u043a\u0442\u0438\u0432\u043d\u043e\u0433\u043e \u043e\u0442\u0434\u044b\u0445\u0430.\" \/>\n<meta property=\"og:url\" content=\"https:\/\/xstyle.md\/ro\/produs\/tent-msr-rendezvous-120-wing\/\" \/>\n<meta property=\"og:site_name\" content=\"\u041c\u0430\u0433\u0430\u0437\u0438\u043d Xstyle\" \/>\n<meta property=\"article:publisher\" content=\"https:\/\/www.facebook.com\/xstylemd\" \/>\n<meta property=\"article:modified_time\" content=\"2024-11-23T22:55:31+00:00\" \/>\n<meta property=\"og:image\" content=\"https:\/\/xstyle.md\/wp-content\/uploads\/2020\/07\/msr_rendezvous_120-1.jpg\" \/>\n\t<meta property=\"og:image:width\" content=\"793\" \/>\n\t<meta property=\"og:image:height\" content=\"510\" \/>\n\t<meta property=\"og:image:type\" content=\"image\/jpeg\" \/>\n<meta name=\"twitter:card\" content=\"summary_large_image\" \/>\n<meta name=\"twitter:label1\" content=\"Pre\u021b\" \/>\n\t<meta name=\"twitter:data1\" content=\"6.380&nbsp;MDL\" \/>\n\t<meta name=\"twitter:label2\" content=\"Disponibilitate\" \/>\n\t<meta name=\"twitter:data2\" content=\"\u00cen stoc\" \/>\n<script type=\"application\/ld+json\" class=\"yoast-schema-graph\">{\"@context\":\"https:\\\/\\\/schema.org\",\"@graph\":[{\"@type\":\"WebPage\",\"@id\":\"https:\\\/\\\/xstyle.md\\\/product\\\/tent-msr-rendezvous-120-wing\\\/\",\"url\":\"https:\\\/\\\/xstyle.md\\\/product\\\/tent-msr-rendezvous-120-wing\\\/\",\"name\":\"\u0422\u0435\u043d\u0442 MSR Rendezvous 120 Wing - \u041c\u0430\u0433\u0430\u0437\u0438\u043d Xstyle\",\"isPartOf\":{\"@id\":\"https:\\\/\\\/xstyle.md\\\/#website\"},\"primaryImageOfPage\":{\"@id\":\"https:\\\/\\\/xstyle.md\\\/product\\\/tent-msr-rendezvous-120-wing\\\/#primaryimage\"},\"image\":{\"@id\":\"https:\\\/\\\/xstyle.md\\\/product\\\/tent-msr-rendezvous-120-wing\\\/#primaryimage\"},\"thumbnailUrl\":\"https:\\\/\\\/xstyle.md\\\/wp-content\\\/uploads\\\/2020\\\/07\\\/msr_rendezvous_120-1.jpg\",\"datePublished\":\"2020-07-17T06:41:52+00:00\",\"dateModified\":\"2024-11-23T22:55:31+00:00\",\"description\":\"\u0422\u0435\u043d\u0442 MSR Rendezvous 120 Wing - \u043b\u0435\u0433\u043a\u0438\u0439 \u0438 \u043a\u043e\u043c\u043f\u0430\u043a\u0442\u043d\u044b\u0439, \u043d\u0430\u0434\u0435\u0436\u043d\u043e \u0437\u0430\u0449\u0438\u0449\u0430\u0435\u0442 \u043e\u0442 \u0434\u043e\u0436\u0434\u044f, \u0432\u0435\u0442\u0440\u0430 \u0438 \u0441\u043e\u043b\u043d\u0446\u0430. \u041b\u0435\u0433\u043a\u0430\u044f \u0443\u0441\u0442\u0430\u043d\u043e\u0432\u043a\u0430, \u0438\u0434\u0435\u0430\u043b\u0435\u043d \u0434\u043b\u044f \u043a\u0435\u043c\u043f\u0438\u043d\u0433\u0430 \u0438 \u0430\u043a\u0442\u0438\u0432\u043d\u043e\u0433\u043e \u043e\u0442\u0434\u044b\u0445\u0430.\",\"breadcrumb\":{\"@id\":\"https:\\\/\\\/xstyle.md\\\/product\\\/tent-msr-rendezvous-120-wing\\\/#breadcrumb\"},\"inLanguage\":\"ro-RO\",\"potentialAction\":[{\"@type\":\"ReadAction\",\"target\":[\"https:\\\/\\\/xstyle.md\\\/product\\\/tent-msr-rendezvous-120-wing\\\/\"]}]},{\"@type\":\"ImageObject\",\"inLanguage\":\"ro-RO\",\"@id\":\"https:\\\/\\\/xstyle.md\\\/product\\\/tent-msr-rendezvous-120-wing\\\/#primaryimage\",\"url\":\"https:\\\/\\\/xstyle.md\\\/wp-content\\\/uploads\\\/2020\\\/07\\\/msr_rendezvous_120-1.jpg\",\"contentUrl\":\"https:\\\/\\\/xstyle.md\\\/wp-content\\\/uploads\\\/2020\\\/07\\\/msr_rendezvous_120-1.jpg\",\"width\":793,\"height\":510},{\"@type\":\"BreadcrumbList\",\"@id\":\"https:\\\/\\\/xstyle.md\\\/product\\\/tent-msr-rendezvous-120-wing\\\/#breadcrumb\",\"itemListElement\":[{\"@type\":\"ListItem\",\"position\":1,\"name\":\"\u0413\u043b\u0430\u0432\u043d\u0430\u044f \u0441\u0442\u0440\u0430\u043d\u0438\u0446\u0430\",\"item\":\"https:\\\/\\\/xstyle.md\\\/\"},{\"@type\":\"ListItem\",\"position\":2,\"name\":\"\u041c\u0430\u0433\u0430\u0437\u0438\u043d\",\"item\":\"https:\\\/\\\/xstyle.md\\\/shop\\\/\"},{\"@type\":\"ListItem\",\"position\":3,\"name\":\"\u0422\u0435\u043d\u0442 MSR Rendezvous 120 Wing\"}]},{\"@type\":\"WebSite\",\"@id\":\"https:\\\/\\\/xstyle.md\\\/#website\",\"url\":\"https:\\\/\\\/xstyle.md\\\/\",\"name\":\"\u041c\u0430\u0433\u0430\u0437\u0438\u043d Xstyle\",\"description\":\"C\u043d\u0430\u0440\u044f\u0436\u0435\u043d\u0438\u0435 \u0434\u043b\u044f \u0442\u0443\u0440\u0438\u0437\u043c\u0430 \u0438 \u044d\u043a\u0441\u0442\u0440\u0435\u043c\u0430\u043b\u044c\u043d\u044b\u0445 \u0432\u0438\u0434\u043e\u0432 \u0441\u043f\u043e\u0440\u0442\u0430 \u0432 \u041c\u043e\u043b\u0434\u043e\u0432\u0435.. \u0426\u0435\u043d\u044b, \u0444\u043e\u0442\u043e, \u0445\u0430\u0440\u0430\u043a\u0442\u0435\u0440\u0438\u0441\u0442\u0438\u043a\u0438 \u0432 \u041c\u043e\u043b\u0434\u043e\u0432\u0435.\",\"publisher\":{\"@id\":\"https:\\\/\\\/xstyle.md\\\/#organization\"},\"alternateName\":\"X-Style\",\"potentialAction\":[{\"@type\":\"SearchAction\",\"target\":{\"@type\":\"EntryPoint\",\"urlTemplate\":\"https:\\\/\\\/xstyle.md\\\/?s={search_term_string}\"},\"query-input\":{\"@type\":\"PropertyValueSpecification\",\"valueRequired\":true,\"valueName\":\"search_term_string\"}}],\"inLanguage\":\"ro-RO\"},{\"@type\":\"Organization\",\"@id\":\"https:\\\/\\\/xstyle.md\\\/#organization\",\"name\":\"\u041c\u0430\u0433\u0430\u0437\u0438\u043d Xstyle\",\"alternateName\":\"x-style\",\"url\":\"https:\\\/\\\/xstyle.md\\\/\",\"logo\":{\"@type\":\"ImageObject\",\"inLanguage\":\"ro-RO\",\"@id\":\"https:\\\/\\\/xstyle.md\\\/#\\\/schema\\\/logo\\\/image\\\/\",\"url\":\"https:\\\/\\\/xstyle.md\\\/wp-content\\\/uploads\\\/2020\\\/06\\\/logoicon.svg\",\"contentUrl\":\"https:\\\/\\\/xstyle.md\\\/wp-content\\\/uploads\\\/2020\\\/06\\\/logoicon.svg\",\"caption\":\"\u041c\u0430\u0433\u0430\u0437\u0438\u043d Xstyle\"},\"image\":{\"@id\":\"https:\\\/\\\/xstyle.md\\\/#\\\/schema\\\/logo\\\/image\\\/\"},\"sameAs\":[\"https:\\\/\\\/www.facebook.com\\\/xstylemd\",\"https:\\\/\\\/www.instagram.com\\\/xstyle_md\\\/\",\"https:\\\/\\\/t.me\\\/xstyle_outdoor\"],\"hasMerchantReturnPolicy\":{\"@type\":\"MerchantReturnPolicy\",\"merchantReturnLink\":\"https:\\\/\\\/xstyle.md\\\/ro\\\/conditions\\\/\"}}]}<\/script>\n<meta property=\"product:price:amount\" content=\"6380.00\" \/>\n<meta property=\"product:price:currency\" content=\"MDL\" \/>\n<meta property=\"og:availability\" content=\"instock\" \/>\n<meta property=\"product:availability\" content=\"instock\" \/>\n<meta property=\"product:retailer_item_id\" content=\"40818058473\" \/>\n<meta property=\"product:condition\" content=\"new\" \/>\n<!-- \/ Yoast SEO plugin. -->","yoast_head_json":{"title":"Cort MSR Rendezvous 120 Wing - Magazin Xstyle","description":"Tenda MSR Rendezvous 120 Wing - u\u0219oar\u0103 \u0219i compact\u0103, protejeaz\u0103 fiabil \u00eempotriva ploii, v\u00e2ntului \u0219i soarelui. Montare u\u0219oar\u0103, ideal\u0103 pentru camping \u0219i activit\u0103\u021bi \u00een aer liber.","robots":{"index":"index","follow":"follow","max-snippet":"max-snippet:-1","max-image-preview":"max-image-preview:large","max-video-preview":"max-video-preview:-1"},"canonical":"https:\/\/xstyle.md\/ro\/produs\/tent-msr-rendezvous-120-wing\/","og_locale":"ro_RO","og_type":"article","og_title":"\u0422\u0435\u043d\u0442 MSR Rendezvous 120 Wing - \u041c\u0430\u0433\u0430\u0437\u0438\u043d Xstyle","og_description":"\u0422\u0435\u043d\u0442 MSR Rendezvous 120 Wing - \u043b\u0435\u0433\u043a\u0438\u0439 \u0438 \u043a\u043e\u043c\u043f\u0430\u043a\u0442\u043d\u044b\u0439, \u043d\u0430\u0434\u0435\u0436\u043d\u043e \u0437\u0430\u0449\u0438\u0449\u0430\u0435\u0442 \u043e\u0442 \u0434\u043e\u0436\u0434\u044f, \u0432\u0435\u0442\u0440\u0430 \u0438 \u0441\u043e\u043b\u043d\u0446\u0430. \u041b\u0435\u0433\u043a\u0430\u044f \u0443\u0441\u0442\u0430\u043d\u043e\u0432\u043a\u0430, \u0438\u0434\u0435\u0430\u043b\u0435\u043d \u0434\u043b\u044f \u043a\u0435\u043c\u043f\u0438\u043d\u0433\u0430 \u0438 \u0430\u043a\u0442\u0438\u0432\u043d\u043e\u0433\u043e \u043e\u0442\u0434\u044b\u0445\u0430.","og_url":"https:\/\/xstyle.md\/ro\/produs\/tent-msr-rendezvous-120-wing\/","og_site_name":"\u041c\u0430\u0433\u0430\u0437\u0438\u043d Xstyle","article_publisher":"https:\/\/www.facebook.com\/xstylemd","article_modified_time":"2024-11-23T22:55:31+00:00","og_image":[{"width":793,"height":510,"url":"https:\/\/xstyle.md\/wp-content\/uploads\/2020\/07\/msr_rendezvous_120-1.jpg","type":"image\/jpeg"}],"twitter_card":"summary_large_image","twitter_misc":{"Pre\u021b":"6.380&nbsp;MDL","Disponibilitate":"\u00cen stoc"},"schema":{"@context":"https:\/\/schema.org","@graph":[{"@type":"WebPage","@id":"https:\/\/xstyle.md\/product\/tent-msr-rendezvous-120-wing\/","url":"https:\/\/xstyle.md\/product\/tent-msr-rendezvous-120-wing\/","name":"Cort MSR Rendezvous 120 Wing - Magazin Xstyle","isPartOf":{"@id":"https:\/\/xstyle.md\/#website"},"primaryImageOfPage":{"@id":"https:\/\/xstyle.md\/product\/tent-msr-rendezvous-120-wing\/#primaryimage"},"image":{"@id":"https:\/\/xstyle.md\/product\/tent-msr-rendezvous-120-wing\/#primaryimage"},"thumbnailUrl":"https:\/\/xstyle.md\/wp-content\/uploads\/2020\/07\/msr_rendezvous_120-1.jpg","datePublished":"2020-07-17T06:41:52+00:00","dateModified":"2024-11-23T22:55:31+00:00","description":"Tenda MSR Rendezvous 120 Wing - u\u0219oar\u0103 \u0219i compact\u0103, protejeaz\u0103 fiabil \u00eempotriva ploii, v\u00e2ntului \u0219i soarelui. Montare u\u0219oar\u0103, ideal\u0103 pentru camping \u0219i activit\u0103\u021bi \u00een aer liber.","breadcrumb":{"@id":"https:\/\/xstyle.md\/product\/tent-msr-rendezvous-120-wing\/#breadcrumb"},"inLanguage":"ro-RO","potentialAction":[{"@type":"ReadAction","target":["https:\/\/xstyle.md\/product\/tent-msr-rendezvous-120-wing\/"]}]},{"@type":"ImageObject","inLanguage":"ro-RO","@id":"https:\/\/xstyle.md\/product\/tent-msr-rendezvous-120-wing\/#primaryimage","url":"https:\/\/xstyle.md\/wp-content\/uploads\/2020\/07\/msr_rendezvous_120-1.jpg","contentUrl":"https:\/\/xstyle.md\/wp-content\/uploads\/2020\/07\/msr_rendezvous_120-1.jpg","width":793,"height":510},{"@type":"BreadcrumbList","@id":"https:\/\/xstyle.md\/product\/tent-msr-rendezvous-120-wing\/#breadcrumb","itemListElement":[{"@type":"ListItem","position":1,"name":"\u0413\u043b\u0430\u0432\u043d\u0430\u044f \u0441\u0442\u0440\u0430\u043d\u0438\u0446\u0430","item":"https:\/\/xstyle.md\/"},{"@type":"ListItem","position":2,"name":"\u041c\u0430\u0433\u0430\u0437\u0438\u043d","item":"https:\/\/xstyle.md\/shop\/"},{"@type":"ListItem","position":3,"name":"\u0422\u0435\u043d\u0442 MSR Rendezvous 120 Wing"}]},{"@type":"WebSite","@id":"https:\/\/xstyle.md\/#website","url":"https:\/\/xstyle.md\/","name":"Magazinul X-Style","description":"Echipamente pentru turism \u0219i sporturi extreme \u00een Moldova. Pre\u021buri, fotografii, caracteristici \u00een Moldova.","publisher":{"@id":"https:\/\/xstyle.md\/#organization"},"alternateName":"X-Style","potentialAction":[{"@type":"SearchAction","target":{"@type":"EntryPoint","urlTemplate":"https:\/\/xstyle.md\/?s={search_term_string}"},"query-input":{"@type":"PropertyValueSpecification","valueRequired":true,"valueName":"search_term_string"}}],"inLanguage":"ro-RO"},{"@type":"Organization","@id":"https:\/\/xstyle.md\/#organization","name":"Magazinul X-Style","alternateName":"x-style","url":"https:\/\/xstyle.md\/","logo":{"@type":"ImageObject","inLanguage":"ro-RO","@id":"https:\/\/xstyle.md\/#\/schema\/logo\/image\/","url":"https:\/\/xstyle.md\/wp-content\/uploads\/2020\/06\/logoicon.svg","contentUrl":"https:\/\/xstyle.md\/wp-content\/uploads\/2020\/06\/logoicon.svg","caption":"\u041c\u0430\u0433\u0430\u0437\u0438\u043d Xstyle"},"image":{"@id":"https:\/\/xstyle.md\/#\/schema\/logo\/image\/"},"sameAs":["https:\/\/www.facebook.com\/xstylemd","https:\/\/www.instagram.com\/xstyle_md\/","https:\/\/t.me\/xstyle_outdoor"],"hasMerchantReturnPolicy":{"@type":"MerchantReturnPolicy","merchantReturnLink":"https:\/\/xstyle.md\/ro\/conditions\/"}}]},"product_price_amount":"6380.00","product_price_currency":"MDL","og_availability":"instock","product_availability":"instock","product_retailer_item_id":"40818058473","product_condition":"new"},"post_mailing_queue_ids":[],"_links":{"self":[{"href":"https:\/\/xstyle.md\/ro\/wp-json\/wp\/v2\/product\/9903","targetHints":{"allow":["GET"]}}],"collection":[{"href":"https:\/\/xstyle.md\/ro\/wp-json\/wp\/v2\/product"}],"about":[{"href":"https:\/\/xstyle.md\/ro\/wp-json\/wp\/v2\/types\/product"}],"replies":[{"embeddable":true,"href":"https:\/\/xstyle.md\/ro\/wp-json\/wp\/v2\/comments?post=9903"}],"wp:featuredmedia":[{"embeddable":true,"href":"https:\/\/xstyle.md\/ro\/wp-json\/wp\/v2\/media\/9896"}],"wp:attachment":[{"href":"https:\/\/xstyle.md\/ro\/wp-json\/wp\/v2\/media?parent=9903"}],"wp:term":[{"taxonomy":"product_brand","embeddable":true,"href":"https:\/\/xstyle.md\/ro\/wp-json\/wp\/v2\/product_brand?post=9903"},{"taxonomy":"product_cat","embeddable":true,"href":"https:\/\/xstyle.md\/ro\/wp-json\/wp\/v2\/product_cat?post=9903"},{"taxonomy":"product_tag","embeddable":true,"href":"https:\/\/xstyle.md\/ro\/wp-json\/wp\/v2\/product_tag?post=9903"}],"curies":[{"name":"wp","href":"https:\/\/api.w.org\/{rel}","templated":true}]}}