{"id":99015,"date":"2025-12-24T19:21:18","date_gmt":"2025-12-24T16:21:18","guid":{"rendered":"https:\/\/xstyle.md\/?post_type=product&#038;p=99015"},"modified":"2026-03-19T17:42:18","modified_gmt":"2026-03-19T14:42:18","slug":"gornolyzhnyj-shlem-uvex-viti-blue-bear","status":"publish","type":"product","link":"https:\/\/xstyle.md\/ro\/produs\/gornolyzhnyj-shlem-uvex-viti-blue-bear\/","title":{"rendered":"Casc\u0103 schi Uvex Viti blue bear"},"content":{"rendered":"<p><\/p>\n<p><strong>Uvex Viti<\/strong> &#8212; datorit\u0103 tehnologiei In-mold, casca \u00eembin\u0103 designul modern cu o protec\u021bie fiabil\u0103. Copiii ador\u0103 aspectul s\u0103u cool! Printre avantajele sale se num\u0103r\u0103 u\u0219urin\u021ba, confortul \u0219i o potrivire perfect\u0103 care nu creeaz\u0103 puncte de presiune. Casca este foarte simplu de manevrat, ceea ce o face accesoriul preferat al tinerilor sportivi. Cu designuri vibrante \u0219i unice, Uvex Viti este ideal\u0103 pentru copiii activi: protec\u021bie sigur\u0103, stil \u0219i comoditate, toate \u00eentr-un singur pachet!<\/p>\n<h3>Caracteristici<\/h3>\n<ul>\n<li>Destina\u021bie &#8212; universal\u0103<\/li>\n<li>Ventila\u021bie &#8212; activ\u0103<\/li>\n<li>Construc\u021bie &#8212; In-mold<\/li>\n<li>Certificare &#8212; EN1077<\/li>\n<\/ul>\n<h3>Tehnologii<\/h3>\n<ul>\n<li><strong>Construc\u021bia In-Mold<\/strong> \u2014 reprezint\u0103 fuziunea celor dou\u0103 p\u0103r\u021bi ale carcasei c\u0103\u0219tii (cea interioar\u0103 \u0219i cea exterioar\u0103) \u00eentr-o singur\u0103 matri\u021b\u0103 prin procesul de topire. Aceast\u0103 tehnic\u0103 ofer\u0103 cele mai bune rezultate \u00een absorb\u021bia \u0219ocurilor \u0219i men\u021bine un raport excelent \u00eentre greutate \u0219i volum.<\/li>\n<\/ul>\n<p><\/p>\n<h3>Marca<\/h3>\n<p>Uvex - este partenerul oficial al Federa\u021biei de Schi Alpin \u0219i Snowboard din Rusia, sponsorul echipei de ciclism T-Mobile \u0219i al multor sportivi, schiori, snowboarderi, motocicli\u0219ti \u0219i para\u0219uti\u0219ti. Compania \u0219i-a \u00eenceput activitatea \u00een anii '20-'30, fabric\u00e2nd produse pentru protec\u021bia ochilor \u00een mediile de lucru industriale nocive, un domeniu extrem de actual \u00een acea perioad\u0103. Deja \u00een anul 1959, a luat na\u0219tere brandul pe care \u00eel cunoa\u0219tem \u0219i ast\u0103zi: \u201eUVEX\u201d. Dar ce \u00eenseamn\u0103, de fapt, acest cuv\u00e2nt? Acesta nu are o traducere propriu-zis\u0103, fiind o abreviere a sloganului companiei: \u201eUltraViolet EXcluded\u201d \u2014 adic\u0103 \u201eUltravioletele sunt excluse\u201d. \u00cenc\u0103 din aceste cuvinte se poate observa c\u0103 produsele destinate sportivilor deveniser\u0103 deja o parte semnificativ\u0103 din produc\u021bia corpora\u021biei de la acea vreme.<\/p>\n<p>Compania UVEX \u00ee\u0219i propune ca obiectiv asigurarea protec\u021biei complete a sportivului, din cap p\u00e2n\u0103 \u00een picioare. De aceea, ast\u0103zi produce absolut totul: de la optic\u0103, p\u00e2n\u0103 la c\u0103\u0219ti \u0219i m\u0103nu\u0219i. Bine\u00een\u021beles, produsele UVEX se bucur\u0103 doar de recenzii pozitive, ceea ce nu este surprinz\u0103tor, av\u00e2nd \u00een vedere c\u0103 \u00een cur\u00e2nd compania va s\u0103rb\u0103tori un secol de existen\u021b\u0103. Pe parcursul tuturor acestor ani, deviza sa a fost: \u201eS\u0103 protej\u0103m oamenii!\u201d. Ast\u0103zi, Uvex este un juc\u0103tor major pe pia\u021ba echipamentelor de schi alpin, oferind anual solu\u021bii \u0219i tehnologii noi \u00een domeniul m\u0103\u0219tilor \u0219i c\u0103\u0219tilor de schi.<\/p>","protected":false},"excerpt":{"rendered":"<p>\u0411\u0440\u0435\u043d\u0434 Uvex \u2013 \u043e\u0444\u0438\u0446\u0438\u0430\u043b\u044c\u043d\u044b\u0439 \u043f\u0430\u0440\u0442\u043d\u0451\u0440 \u0424\u0435\u0434\u0435\u0440\u0430\u0446\u0438\u0438 \u0413\u043e\u0440\u043d\u043e\u043b\u044b\u0436\u043d\u043e\u0433\u043e \u0421\u043f\u043e\u0440\u0442\u0430 \u0438 \u0421\u043d\u043e\u0443\u0431\u043e\u0440\u0434\u0430 \u0420\u043e\u0441\u0441\u0438\u0438, \u0441\u043f\u043e\u043d\u0441\u043e\u0440 \u043a\u043e\u043c\u0430\u043d\u0434\u044b \u0432\u0435\u043b\u043e\u0433\u043e\u043d\u0449\u0438\u043a\u043e\u0432 T-Mobile \u0438 \u043c\u043d\u043e\u0433\u0438\u0445 \u0441\u043f\u043e\u0440\u0442\u0441\u043c\u0435\u043d\u043e\u0432, \u0433\u043e\u0440\u043d\u043e\u043b\u044b\u0436\u043d\u0438\u043a\u043e\u0432 \u0438 \u0441\u043d\u043e\u0443\u0431\u043e\u0440\u0434\u0438\u0441\u0442\u043e\u0432, \u043c\u043e\u0442\u043e\u0433\u043e\u043d\u0449\u0438\u043a\u043e\u0432 \u0438 \u043f\u0430\u0440\u0430\u0448\u044e\u0442\u0438\u0441\u0442\u043e\u0432. \u0410 \u043d\u0430\u0447\u0438\u043d\u0430\u043b\u0430 \u043a\u043e\u043c\u043f\u0430\u043d\u0438\u044f \u0432 20-30-\u0445 \u0433\u043e\u0434\u0430\u0445 \u0441 \u0438\u0437\u0433\u043e\u0442\u043e\u0432\u043b\u0435\u043d\u0438\u044f \u043f\u0440\u043e\u0434\u0443\u043a\u0446\u0438\u0438 \u0434\u043b\u044f \u0437\u0430\u0449\u0438\u0442\u044b \u0433\u043b\u0430\u0437 \u0432\u043e \u0432\u0440\u0435\u043c\u044f \u0440\u0430\u0431\u043e\u0442\u044b \u043d\u0430 \u0432\u0440\u0435\u0434\u043d\u044b\u0445 \u043f\u0440\u043e\u0438\u0437\u0432\u043e\u0434\u0441\u0442\u0432\u0430\u0445, \u0447\u0442\u043e \u0431\u044b\u043b\u043e \u0430\u043a\u0442\u0443\u0430\u043b\u044c\u043d\u043e \u0432 \u0442\u0435 \u0432\u0440\u0435\u043c\u0435\u043d\u0430. \u0423\u0436\u0435 \u0432 1959 \u0433\u043e\u0434\u0443 \u0440\u043e\u0434\u0438\u043b\u0441\u044f \u0437\u043d\u0430\u043a\u043e\u043c\u044b\u0439 \u043d\u0430\u043c [&hellip;]<\/p>\n","protected":false},"featured_media":101659,"comment_status":"open","ping_status":"closed","template":"","meta":{"_acf_changed":false,"inline_featured_image":false},"product_brand":[1366],"product_cat":[355],"product_tag":[],"class_list":{"0":"post-99015","1":"product","2":"type-product","3":"status-publish","4":"has-post-thumbnail","6":"product_brand-uvex","7":"product_cat-ski-helmet","9":"first","10":"instock","11":"shipping-taxable","12":"purchasable","13":"product-type-simple"},"acf":[],"yoast_head":"<!-- This site is optimized with the Yoast SEO plugin v27.2 - https:\/\/yoast.com\/product\/yoast-seo-wordpress\/ -->\n<title>\u0413\u043e\u0440\u043d\u043e\u043b\u044b\u0436\u043d\u044b\u0439 \u0448\u043b\u0435\u043c Uvex Viti blue bear - \u041c\u0430\u0433\u0430\u0437\u0438\u043d Xstyle<\/title>\n<meta name=\"robots\" content=\"index, follow, max-snippet:-1, max-image-preview:large, max-video-preview:-1\" \/>\n<link rel=\"canonical\" href=\"https:\/\/xstyle.md\/ro\/produs\/gornolyzhnyj-shlem-uvex-viti-blue-bear\/\" \/>\n<meta property=\"og:locale\" content=\"ro_RO\" \/>\n<meta property=\"og:type\" content=\"article\" \/>\n<meta property=\"og:title\" content=\"\u0413\u043e\u0440\u043d\u043e\u043b\u044b\u0436\u043d\u044b\u0439 \u0448\u043b\u0435\u043c Uvex Viti blue bear - \u041c\u0430\u0433\u0430\u0437\u0438\u043d Xstyle\" \/>\n<meta property=\"og:description\" content=\"\u0411\u0440\u0435\u043d\u0434 Uvex \u2013 \u043e\u0444\u0438\u0446\u0438\u0430\u043b\u044c\u043d\u044b\u0439 \u043f\u0430\u0440\u0442\u043d\u0451\u0440 \u0424\u0435\u0434\u0435\u0440\u0430\u0446\u0438\u0438 \u0413\u043e\u0440\u043d\u043e\u043b\u044b\u0436\u043d\u043e\u0433\u043e \u0421\u043f\u043e\u0440\u0442\u0430 \u0438 \u0421\u043d\u043e\u0443\u0431\u043e\u0440\u0434\u0430 \u0420\u043e\u0441\u0441\u0438\u0438, \u0441\u043f\u043e\u043d\u0441\u043e\u0440 \u043a\u043e\u043c\u0430\u043d\u0434\u044b \u0432\u0435\u043b\u043e\u0433\u043e\u043d\u0449\u0438\u043a\u043e\u0432 T-Mobile \u0438 \u043c\u043d\u043e\u0433\u0438\u0445 \u0441\u043f\u043e\u0440\u0442\u0441\u043c\u0435\u043d\u043e\u0432, \u0433\u043e\u0440\u043d\u043e\u043b\u044b\u0436\u043d\u0438\u043a\u043e\u0432 \u0438 \u0441\u043d\u043e\u0443\u0431\u043e\u0440\u0434\u0438\u0441\u0442\u043e\u0432, \u043c\u043e\u0442\u043e\u0433\u043e\u043d\u0449\u0438\u043a\u043e\u0432 \u0438 \u043f\u0430\u0440\u0430\u0448\u044e\u0442\u0438\u0441\u0442\u043e\u0432. \u0410 \u043d\u0430\u0447\u0438\u043d\u0430\u043b\u0430 \u043a\u043e\u043c\u043f\u0430\u043d\u0438\u044f \u0432 20-30-\u0445 \u0433\u043e\u0434\u0430\u0445 \u0441 \u0438\u0437\u0433\u043e\u0442\u043e\u0432\u043b\u0435\u043d\u0438\u044f \u043f\u0440\u043e\u0434\u0443\u043a\u0446\u0438\u0438 \u0434\u043b\u044f \u0437\u0430\u0449\u0438\u0442\u044b \u0433\u043b\u0430\u0437 \u0432\u043e \u0432\u0440\u0435\u043c\u044f \u0440\u0430\u0431\u043e\u0442\u044b \u043d\u0430 \u0432\u0440\u0435\u0434\u043d\u044b\u0445 \u043f\u0440\u043e\u0438\u0437\u0432\u043e\u0434\u0441\u0442\u0432\u0430\u0445, \u0447\u0442\u043e \u0431\u044b\u043b\u043e \u0430\u043a\u0442\u0443\u0430\u043b\u044c\u043d\u043e \u0432 \u0442\u0435 \u0432\u0440\u0435\u043c\u0435\u043d\u0430. \u0423\u0436\u0435 \u0432 1959 \u0433\u043e\u0434\u0443 \u0440\u043e\u0434\u0438\u043b\u0441\u044f \u0437\u043d\u0430\u043a\u043e\u043c\u044b\u0439 \u043d\u0430\u043c [&hellip;]\" \/>\n<meta property=\"og:url\" content=\"https:\/\/xstyle.md\/ro\/produs\/gornolyzhnyj-shlem-uvex-viti-blue-bear\/\" \/>\n<meta property=\"og:site_name\" content=\"\u041c\u0430\u0433\u0430\u0437\u0438\u043d Xstyle\" \/>\n<meta property=\"article:publisher\" content=\"https:\/\/www.facebook.com\/xstylemd\" \/>\n<meta property=\"article:modified_time\" content=\"2026-03-19T14:42:18+00:00\" \/>\n<meta property=\"og:image\" content=\"https:\/\/xstyle.md\/wp-content\/uploads\/2025\/12\/uvex-viti-blue-bear.webp\" \/>\n\t<meta property=\"og:image:width\" content=\"2244\" \/>\n\t<meta property=\"og:image:height\" content=\"2244\" \/>\n\t<meta property=\"og:image:type\" content=\"image\/webp\" \/>\n<meta name=\"twitter:card\" content=\"summary_large_image\" \/>\n<meta name=\"twitter:label1\" content=\"Pre\u021b\" \/>\n\t<meta name=\"twitter:data1\" content=\"1.590&nbsp;MDL\" \/>\n\t<meta name=\"twitter:label2\" content=\"Disponibilitate\" \/>\n\t<meta name=\"twitter:data2\" content=\"\u00cen stoc\" \/>\n<script type=\"application\/ld+json\" class=\"yoast-schema-graph\">{\"@context\":\"https:\/\/schema.org\",\"@graph\":[{\"@type\":\"WebPage\",\"@id\":\"https:\/\/xstyle.md\/product\/gornolyzhnyj-shlem-uvex-viti-blue-bear\/\",\"url\":\"https:\/\/xstyle.md\/product\/gornolyzhnyj-shlem-uvex-viti-blue-bear\/\",\"name\":\"\u0413\u043e\u0440\u043d\u043e\u043b\u044b\u0436\u043d\u044b\u0439 \u0448\u043b\u0435\u043c Uvex Viti blue bear - \u041c\u0430\u0433\u0430\u0437\u0438\u043d Xstyle\",\"isPartOf\":{\"@id\":\"https:\/\/xstyle.md\/#website\"},\"primaryImageOfPage\":{\"@id\":\"https:\/\/xstyle.md\/product\/gornolyzhnyj-shlem-uvex-viti-blue-bear\/#primaryimage\"},\"image\":{\"@id\":\"https:\/\/xstyle.md\/product\/gornolyzhnyj-shlem-uvex-viti-blue-bear\/#primaryimage\"},\"thumbnailUrl\":\"https:\/\/xstyle.md\/wp-content\/uploads\/2025\/12\/uvex-viti-blue-bear.webp\",\"datePublished\":\"2025-12-24T16:21:18+00:00\",\"dateModified\":\"2026-03-19T14:42:18+00:00\",\"breadcrumb\":{\"@id\":\"https:\/\/xstyle.md\/product\/gornolyzhnyj-shlem-uvex-viti-blue-bear\/#breadcrumb\"},\"inLanguage\":\"ro-RO\",\"potentialAction\":[{\"@type\":\"ReadAction\",\"target\":[\"https:\/\/xstyle.md\/product\/gornolyzhnyj-shlem-uvex-viti-blue-bear\/\"]}]},{\"@type\":\"ImageObject\",\"inLanguage\":\"ro-RO\",\"@id\":\"https:\/\/xstyle.md\/product\/gornolyzhnyj-shlem-uvex-viti-blue-bear\/#primaryimage\",\"url\":\"https:\/\/xstyle.md\/wp-content\/uploads\/2025\/12\/uvex-viti-blue-bear.webp\",\"contentUrl\":\"https:\/\/xstyle.md\/wp-content\/uploads\/2025\/12\/uvex-viti-blue-bear.webp\",\"width\":2244,\"height\":2244,\"caption\":\"\u0413\u043e\u0440\u043d\u043e\u043b\u044b\u0436\u043d\u044b\u0439 \u0448\u043b\u0435\u043c Uvex Viti \u0441\u0438\u043d\u0438\u0439 \u043c\u0435\u0434\u0432\u0435\u0434\u044c \u0434\u043b\u044f \u0430\u043a\u0442\u0438\u0432\u043d\u043e\u0433\u043e \u043e\u0442\u0434\u044b\u0445\u0430, \u043b\u044b\u0436 \u0438 \u0441\u043d\u043e\u0443\u0431\u043e\u0440\u0434\u0430, \u044d\u043a\u0438\u043f\u0438\u0440\u043e\u0432\u043a\u0430 \u0434\u043b\u044f \u043f\u0443\u0442\u0435\u0448\u0435\u0441\u0442\u0432\u0438\u0439 \u0438 \u0433\u043e\u0440\u043d\u044b\u0445 \u043f\u043e\u0445\u043e\u0434\u043e\u0432, \u0441\u043f\u043e\u0440\u0442\u0438\u0432\u043d\u0430\u044f \u043e\u0434\u0435\u0436\u0434\u0430 \u043e\u0431\u0443\u0432\u044c \u0434\u043b\u044f \u0430\u043b\u044c\u043f\u0438\u043d\u0438\u0437\u043c\u0430 \u0438 \u0442\u0440\u0435\u043a\u0438\u043d\u0433\u0430\"},{\"@type\":\"BreadcrumbList\",\"@id\":\"https:\/\/xstyle.md\/product\/gornolyzhnyj-shlem-uvex-viti-blue-bear\/#breadcrumb\",\"itemListElement\":[{\"@type\":\"ListItem\",\"position\":1,\"name\":\"\u0413\u043b\u0430\u0432\u043d\u0430\u044f \u0441\u0442\u0440\u0430\u043d\u0438\u0446\u0430\",\"item\":\"https:\/\/xstyle.md\/\"},{\"@type\":\"ListItem\",\"position\":2,\"name\":\"\u041c\u0430\u0433\u0430\u0437\u0438\u043d\",\"item\":\"https:\/\/xstyle.md\/shop\/\"},{\"@type\":\"ListItem\",\"position\":3,\"name\":\"\u0413\u043e\u0440\u043d\u043e\u043b\u044b\u0436\u043d\u044b\u0439 \u0448\u043b\u0435\u043c Uvex Viti blue bear\"}]},{\"@type\":\"WebSite\",\"@id\":\"https:\/\/xstyle.md\/#website\",\"url\":\"https:\/\/xstyle.md\/\",\"name\":\"\u041c\u0430\u0433\u0430\u0437\u0438\u043d Xstyle\",\"description\":\"C\u043d\u0430\u0440\u044f\u0436\u0435\u043d\u0438\u0435 \u0434\u043b\u044f \u0442\u0443\u0440\u0438\u0437\u043c\u0430 \u0438 \u044d\u043a\u0441\u0442\u0440\u0435\u043c\u0430\u043b\u044c\u043d\u044b\u0445 \u0432\u0438\u0434\u043e\u0432 \u0441\u043f\u043e\u0440\u0442\u0430 \u0432 \u041c\u043e\u043b\u0434\u043e\u0432\u0435.. \u0426\u0435\u043d\u044b, \u0444\u043e\u0442\u043e, \u0445\u0430\u0440\u0430\u043a\u0442\u0435\u0440\u0438\u0441\u0442\u0438\u043a\u0438 \u0432 \u041c\u043e\u043b\u0434\u043e\u0432\u0435.\",\"publisher\":{\"@id\":\"https:\/\/xstyle.md\/#organization\"},\"alternateName\":\"X-Style\",\"potentialAction\":[{\"@type\":\"SearchAction\",\"target\":{\"@type\":\"EntryPoint\",\"urlTemplate\":\"https:\/\/xstyle.md\/?s={search_term_string}\"},\"query-input\":{\"@type\":\"PropertyValueSpecification\",\"valueRequired\":true,\"valueName\":\"search_term_string\"}}],\"inLanguage\":\"ro-RO\"},{\"@type\":\"Organization\",\"@id\":\"https:\/\/xstyle.md\/#organization\",\"name\":\"\u041c\u0430\u0433\u0430\u0437\u0438\u043d Xstyle\",\"alternateName\":\"x-style\",\"url\":\"https:\/\/xstyle.md\/\",\"logo\":{\"@type\":\"ImageObject\",\"inLanguage\":\"ro-RO\",\"@id\":\"https:\/\/xstyle.md\/#\/schema\/logo\/image\/\",\"url\":\"https:\/\/xstyle.md\/wp-content\/uploads\/2020\/06\/logoicon.svg\",\"contentUrl\":\"https:\/\/xstyle.md\/wp-content\/uploads\/2020\/06\/logoicon.svg\",\"caption\":\"\u041c\u0430\u0433\u0430\u0437\u0438\u043d Xstyle\"},\"image\":{\"@id\":\"https:\/\/xstyle.md\/#\/schema\/logo\/image\/\"},\"sameAs\":[\"https:\/\/www.facebook.com\/xstylemd\",\"https:\/\/www.instagram.com\/xstyle_md\/\",\"https:\/\/t.me\/xstyle_outdoor\"],\"hasMerchantReturnPolicy\":{\"@type\":\"MerchantReturnPolicy\",\"merchantReturnLink\":\"https:\/\/xstyle.md\/ro\/conditions\/\"}}]}<\/script>\n<meta property=\"product:price:amount\" content=\"1590.00\" \/>\n<meta property=\"product:price:currency\" content=\"MDL\" \/>\n<meta property=\"og:availability\" content=\"instock\" \/>\n<meta property=\"product:availability\" content=\"instock\" \/>\n<meta property=\"product:retailer_item_id\" content=\"4043197366364\" \/>\n<meta property=\"product:condition\" content=\"new\" \/>\n<!-- \/ Yoast SEO plugin. -->","yoast_head_json":{"title":"\u0413\u043e\u0440\u043d\u043e\u043b\u044b\u0436\u043d\u044b\u0439 \u0448\u043b\u0435\u043c Uvex Viti blue bear - \u041c\u0430\u0433\u0430\u0437\u0438\u043d Xstyle","robots":{"index":"index","follow":"follow","max-snippet":"max-snippet:-1","max-image-preview":"max-image-preview:large","max-video-preview":"max-video-preview:-1"},"canonical":"https:\/\/xstyle.md\/ro\/produs\/gornolyzhnyj-shlem-uvex-viti-blue-bear\/","og_locale":"ro_RO","og_type":"article","og_title":"\u0413\u043e\u0440\u043d\u043e\u043b\u044b\u0436\u043d\u044b\u0439 \u0448\u043b\u0435\u043c Uvex Viti blue bear - \u041c\u0430\u0433\u0430\u0437\u0438\u043d Xstyle","og_description":"\u0411\u0440\u0435\u043d\u0434 Uvex \u2013 \u043e\u0444\u0438\u0446\u0438\u0430\u043b\u044c\u043d\u044b\u0439 \u043f\u0430\u0440\u0442\u043d\u0451\u0440 \u0424\u0435\u0434\u0435\u0440\u0430\u0446\u0438\u0438 \u0413\u043e\u0440\u043d\u043e\u043b\u044b\u0436\u043d\u043e\u0433\u043e \u0421\u043f\u043e\u0440\u0442\u0430 \u0438 \u0421\u043d\u043e\u0443\u0431\u043e\u0440\u0434\u0430 \u0420\u043e\u0441\u0441\u0438\u0438, \u0441\u043f\u043e\u043d\u0441\u043e\u0440 \u043a\u043e\u043c\u0430\u043d\u0434\u044b \u0432\u0435\u043b\u043e\u0433\u043e\u043d\u0449\u0438\u043a\u043e\u0432 T-Mobile \u0438 \u043c\u043d\u043e\u0433\u0438\u0445 \u0441\u043f\u043e\u0440\u0442\u0441\u043c\u0435\u043d\u043e\u0432, \u0433\u043e\u0440\u043d\u043e\u043b\u044b\u0436\u043d\u0438\u043a\u043e\u0432 \u0438 \u0441\u043d\u043e\u0443\u0431\u043e\u0440\u0434\u0438\u0441\u0442\u043e\u0432, \u043c\u043e\u0442\u043e\u0433\u043e\u043d\u0449\u0438\u043a\u043e\u0432 \u0438 \u043f\u0430\u0440\u0430\u0448\u044e\u0442\u0438\u0441\u0442\u043e\u0432. \u0410 \u043d\u0430\u0447\u0438\u043d\u0430\u043b\u0430 \u043a\u043e\u043c\u043f\u0430\u043d\u0438\u044f \u0432 20-30-\u0445 \u0433\u043e\u0434\u0430\u0445 \u0441 \u0438\u0437\u0433\u043e\u0442\u043e\u0432\u043b\u0435\u043d\u0438\u044f \u043f\u0440\u043e\u0434\u0443\u043a\u0446\u0438\u0438 \u0434\u043b\u044f \u0437\u0430\u0449\u0438\u0442\u044b \u0433\u043b\u0430\u0437 \u0432\u043e \u0432\u0440\u0435\u043c\u044f \u0440\u0430\u0431\u043e\u0442\u044b \u043d\u0430 \u0432\u0440\u0435\u0434\u043d\u044b\u0445 \u043f\u0440\u043e\u0438\u0437\u0432\u043e\u0434\u0441\u0442\u0432\u0430\u0445, \u0447\u0442\u043e \u0431\u044b\u043b\u043e \u0430\u043a\u0442\u0443\u0430\u043b\u044c\u043d\u043e \u0432 \u0442\u0435 \u0432\u0440\u0435\u043c\u0435\u043d\u0430. \u0423\u0436\u0435 \u0432 1959 \u0433\u043e\u0434\u0443 \u0440\u043e\u0434\u0438\u043b\u0441\u044f \u0437\u043d\u0430\u043a\u043e\u043c\u044b\u0439 \u043d\u0430\u043c [&hellip;]","og_url":"https:\/\/xstyle.md\/ro\/produs\/gornolyzhnyj-shlem-uvex-viti-blue-bear\/","og_site_name":"\u041c\u0430\u0433\u0430\u0437\u0438\u043d Xstyle","article_publisher":"https:\/\/www.facebook.com\/xstylemd","article_modified_time":"2026-03-19T14:42:18+00:00","og_image":[{"width":2244,"height":2244,"url":"https:\/\/xstyle.md\/wp-content\/uploads\/2025\/12\/uvex-viti-blue-bear.webp","type":"image\/webp"}],"twitter_card":"summary_large_image","twitter_misc":{"Pre\u021b":"1.590&nbsp;MDL","Disponibilitate":"\u00cen stoc"},"schema":{"@context":"https:\/\/schema.org","@graph":[{"@type":"WebPage","@id":"https:\/\/xstyle.md\/product\/gornolyzhnyj-shlem-uvex-viti-blue-bear\/","url":"https:\/\/xstyle.md\/product\/gornolyzhnyj-shlem-uvex-viti-blue-bear\/","name":"\u0413\u043e\u0440\u043d\u043e\u043b\u044b\u0436\u043d\u044b\u0439 \u0448\u043b\u0435\u043c Uvex Viti blue bear - \u041c\u0430\u0433\u0430\u0437\u0438\u043d Xstyle","isPartOf":{"@id":"https:\/\/xstyle.md\/#website"},"primaryImageOfPage":{"@id":"https:\/\/xstyle.md\/product\/gornolyzhnyj-shlem-uvex-viti-blue-bear\/#primaryimage"},"image":{"@id":"https:\/\/xstyle.md\/product\/gornolyzhnyj-shlem-uvex-viti-blue-bear\/#primaryimage"},"thumbnailUrl":"https:\/\/xstyle.md\/wp-content\/uploads\/2025\/12\/uvex-viti-blue-bear.webp","datePublished":"2025-12-24T16:21:18+00:00","dateModified":"2026-03-19T14:42:18+00:00","breadcrumb":{"@id":"https:\/\/xstyle.md\/product\/gornolyzhnyj-shlem-uvex-viti-blue-bear\/#breadcrumb"},"inLanguage":"ro-RO","potentialAction":[{"@type":"ReadAction","target":["https:\/\/xstyle.md\/product\/gornolyzhnyj-shlem-uvex-viti-blue-bear\/"]}]},{"@type":"ImageObject","inLanguage":"ro-RO","@id":"https:\/\/xstyle.md\/product\/gornolyzhnyj-shlem-uvex-viti-blue-bear\/#primaryimage","url":"https:\/\/xstyle.md\/wp-content\/uploads\/2025\/12\/uvex-viti-blue-bear.webp","contentUrl":"https:\/\/xstyle.md\/wp-content\/uploads\/2025\/12\/uvex-viti-blue-bear.webp","width":2244,"height":2244,"caption":"\u0413\u043e\u0440\u043d\u043e\u043b\u044b\u0436\u043d\u044b\u0439 \u0448\u043b\u0435\u043c Uvex Viti \u0441\u0438\u043d\u0438\u0439 \u043c\u0435\u0434\u0432\u0435\u0434\u044c \u0434\u043b\u044f \u0430\u043a\u0442\u0438\u0432\u043d\u043e\u0433\u043e \u043e\u0442\u0434\u044b\u0445\u0430, \u043b\u044b\u0436 \u0438 \u0441\u043d\u043e\u0443\u0431\u043e\u0440\u0434\u0430, \u044d\u043a\u0438\u043f\u0438\u0440\u043e\u0432\u043a\u0430 \u0434\u043b\u044f \u043f\u0443\u0442\u0435\u0448\u0435\u0441\u0442\u0432\u0438\u0439 \u0438 \u0433\u043e\u0440\u043d\u044b\u0445 \u043f\u043e\u0445\u043e\u0434\u043e\u0432, \u0441\u043f\u043e\u0440\u0442\u0438\u0432\u043d\u0430\u044f \u043e\u0434\u0435\u0436\u0434\u0430 \u043e\u0431\u0443\u0432\u044c \u0434\u043b\u044f \u0430\u043b\u044c\u043f\u0438\u043d\u0438\u0437\u043c\u0430 \u0438 \u0442\u0440\u0435\u043a\u0438\u043d\u0433\u0430"},{"@type":"BreadcrumbList","@id":"https:\/\/xstyle.md\/product\/gornolyzhnyj-shlem-uvex-viti-blue-bear\/#breadcrumb","itemListElement":[{"@type":"ListItem","position":1,"name":"\u0413\u043b\u0430\u0432\u043d\u0430\u044f \u0441\u0442\u0440\u0430\u043d\u0438\u0446\u0430","item":"https:\/\/xstyle.md\/"},{"@type":"ListItem","position":2,"name":"\u041c\u0430\u0433\u0430\u0437\u0438\u043d","item":"https:\/\/xstyle.md\/shop\/"},{"@type":"ListItem","position":3,"name":"\u0413\u043e\u0440\u043d\u043e\u043b\u044b\u0436\u043d\u044b\u0439 \u0448\u043b\u0435\u043c Uvex Viti blue bear"}]},{"@type":"WebSite","@id":"https:\/\/xstyle.md\/#website","url":"https:\/\/xstyle.md\/","name":"Magazinul X-Style","description":"Echipamente pentru turism \u0219i sporturi extreme \u00een Moldova. Pre\u021buri, fotografii, caracteristici \u00een Moldova.","publisher":{"@id":"https:\/\/xstyle.md\/#organization"},"alternateName":"X-Style","potentialAction":[{"@type":"SearchAction","target":{"@type":"EntryPoint","urlTemplate":"https:\/\/xstyle.md\/?s={search_term_string}"},"query-input":{"@type":"PropertyValueSpecification","valueRequired":true,"valueName":"search_term_string"}}],"inLanguage":"ro-RO"},{"@type":"Organization","@id":"https:\/\/xstyle.md\/#organization","name":"Magazinul X-Style","alternateName":"x-style","url":"https:\/\/xstyle.md\/","logo":{"@type":"ImageObject","inLanguage":"ro-RO","@id":"https:\/\/xstyle.md\/#\/schema\/logo\/image\/","url":"https:\/\/xstyle.md\/wp-content\/uploads\/2020\/06\/logoicon.svg","contentUrl":"https:\/\/xstyle.md\/wp-content\/uploads\/2020\/06\/logoicon.svg","caption":"\u041c\u0430\u0433\u0430\u0437\u0438\u043d Xstyle"},"image":{"@id":"https:\/\/xstyle.md\/#\/schema\/logo\/image\/"},"sameAs":["https:\/\/www.facebook.com\/xstylemd","https:\/\/www.instagram.com\/xstyle_md\/","https:\/\/t.me\/xstyle_outdoor"],"hasMerchantReturnPolicy":{"@type":"MerchantReturnPolicy","merchantReturnLink":"https:\/\/xstyle.md\/ro\/conditions\/"}}]},"product_price_amount":"1590.00","product_price_currency":"MDL","og_availability":"instock","product_availability":"instock","product_retailer_item_id":"4043197366364","product_condition":"new"},"post_mailing_queue_ids":[],"_links":{"self":[{"href":"https:\/\/xstyle.md\/ro\/wp-json\/wp\/v2\/product\/99015","targetHints":{"allow":["GET"]}}],"collection":[{"href":"https:\/\/xstyle.md\/ro\/wp-json\/wp\/v2\/product"}],"about":[{"href":"https:\/\/xstyle.md\/ro\/wp-json\/wp\/v2\/types\/product"}],"replies":[{"embeddable":true,"href":"https:\/\/xstyle.md\/ro\/wp-json\/wp\/v2\/comments?post=99015"}],"wp:featuredmedia":[{"embeddable":true,"href":"https:\/\/xstyle.md\/ro\/wp-json\/wp\/v2\/media\/101659"}],"wp:attachment":[{"href":"https:\/\/xstyle.md\/ro\/wp-json\/wp\/v2\/media?parent=99015"}],"wp:term":[{"taxonomy":"product_brand","embeddable":true,"href":"https:\/\/xstyle.md\/ro\/wp-json\/wp\/v2\/product_brand?post=99015"},{"taxonomy":"product_cat","embeddable":true,"href":"https:\/\/xstyle.md\/ro\/wp-json\/wp\/v2\/product_cat?post=99015"},{"taxonomy":"product_tag","embeddable":true,"href":"https:\/\/xstyle.md\/ro\/wp-json\/wp\/v2\/product_tag?post=99015"}],"curies":[{"name":"wp","href":"https:\/\/api.w.org\/{rel}","templated":true}]}}