{"id":98998,"date":"2025-12-24T19:21:10","date_gmt":"2025-12-24T16:21:10","guid":{"rendered":"https:\/\/xstyle.md\/?post_type=product&#038;p=98998"},"modified":"2026-03-25T15:46:15","modified_gmt":"2026-03-25T12:46:15","slug":"trusy-thermowave-merino-life-boxers-mns-gray-blue","status":"publish","type":"product","link":"https:\/\/xstyle.md\/ro\/produs\/trusy-thermowave-merino-life-boxers-mns-gray-blue\/","title":{"rendered":"Slipi Thermowave Merino Life Boxers Mns gray blue"},"content":{"rendered":"<\/p>\n<p><strong>Thermowave Merino Life Boxers<\/strong> &#8212; lenjerie de corp termic\u0103 de \u00eenalt\u0103 calitate, confec\u021bionat\u0103 din l\u00e2n\u0103 merinos moale.<\/p>\n<p>Ace\u0219tia ofer\u0103 un nivel ridicat de confort la orice nivel de activitate fizic\u0103, elimin\u0103 umezeala \u0219i au propriet\u0103\u021bi bune de economisire a c\u0103ldurii.<br \/>\nTalie elastic\u0103 moale, cus\u0103turi exterioare plate.<\/p>\n<p>Lenjeria de corp Merino Life este primul strat de \u00eembr\u0103c\u0103minte pentru sport \u0219i recreere \u00een aer liber. \u021aes\u0103tura Thermowave Merino este \u021besut\u0103 din fire de l\u00e2n\u0103 Merino 100% de \u00eenalt\u0103 calitate. Produsele realizate din aceast\u0103 \u021bes\u0103tur\u0103 tricotat\u0103 sunt foarte moi, rezistente \u0219i durabile. L\u00e2na Merino se caracterizeaz\u0103 prin elasticitatea \u0219i suple\u021bea sa natural\u0103, motiv pentru care produsele se potrivesc perfect corpului. Lenjeria intim\u0103 este deosebit de sub\u021bire \u0219i cald\u0103, men\u021bine temperatura optim\u0103 a corpului \u0219i evacueaz\u0103 perfect umiditatea.<\/p>\n<h3>Particularit\u0103\u021bi<\/h3>\n<ul>\n<li>Evacueaz\u0103 umezeala c\u0103tre straturile exterioare, men\u021bin\u00e2nd corpul uscat<\/li>\n<li>Are propriet\u0103\u021bi antibacteriene naturale<\/li>\n<li>Nu irit\u0103 pielea, deoarece se utilizeaz\u0103 fire de l\u00e2n\u0103 de cea mai bun\u0103 calitate<\/li>\n<li>Durabilitate crescut\u0103, f\u0103r\u0103 uzur\u0103 \u0219i contrac\u021bie<\/li>\n<li>Cus\u0103turile plate imperceptibile previn irita\u021biile<\/li>\n<li>U\u0219or de \u00eentre\u021binut<\/li>\n<\/ul>\n<h3>Caracteristici<\/h3>\n<ul>\n<li>Sezonul &#8212; prim\u0103var\u0103\/toamn\u0103\/iarn\u0103\/var\u0103\/ var\u0103<\/li>\n<li>Compozi\u021bie &#8212; 98% l\u00e2n\u0103 merinos, 2% elastan<\/li>\n<li>Utilizare &#8212; activit\u0103\u021bi \u00een aer liber \/ pescuit \/ turism \/ trekking<\/li>\n<\/ul>\n<p><\/p>\n<h3>Marca<\/h3>\n<p>Thermowave  - este un brand lituanian cu o tradi\u021bie de peste 90 de ani, specializat \u00een fabricarea hainelor termice de \u00eenalt\u0103 performan\u021b\u0103 din l\u00e2n\u0103 Merino. Brandul este recunoscut pentru abordarea sa sustenabil\u0103 \u0219i tehnologiile inovatoare cu strat dublu, care ofer\u0103 echilibrul perfect \u00eentre reten\u021bia c\u0103ldurii \u0219i gestionarea eficient\u0103 a umidit\u0103\u021bii pentru sportivii profesioni\u0219ti \u0219i entuzia\u0219tii de outdoor.<\/p>","protected":false},"excerpt":{"rendered":"<p>\u0411\u0440\u0435\u043d\u0434 Thermowave \u2014 \u044d\u0442\u043e \u043b\u0438\u0442\u043e\u0432\u0441\u043a\u0438\u0439 \u0431\u0440\u0435\u043d\u0434 \u0441 \u0431\u043e\u043b\u0435\u0435 \u0447\u0435\u043c 90-\u043b\u0435\u0442\u043d\u0435\u0439 \u0438\u0441\u0442\u043e\u0440\u0438\u0435\u0439, \u0441\u043f\u0435\u0446\u0438\u0430\u043b\u0438\u0437\u0438\u0440\u0443\u044e\u0449\u0438\u0439\u0441\u044f \u043d\u0430 \u043f\u0440\u043e\u0438\u0437\u0432\u043e\u0434\u0441\u0442\u0432\u0435 \u0432\u044b\u0441\u043e\u043a\u043e\u0442\u0435\u0445\u043d\u043e\u043b\u043e\u0433\u0438\u0447\u043d\u043e\u0433\u043e \u0442\u0435\u0440\u043c\u043e\u0431\u0435\u043b\u044c\u044f \u0438\u0437 \u0448\u0435\u0440\u0441\u0442\u0438 \u043c\u0435\u0440\u0438\u043d\u043e\u0441\u0430. \u0411\u0440\u0435\u043d\u0434 \u0438\u0437\u0432\u0435\u0441\u0442\u0435\u043d \u0441\u0432\u043e\u0438\u043c \u044d\u043a\u043e\u043b\u043e\u0433\u0438\u0447\u043d\u044b\u043c \u043f\u043e\u0434\u0445\u043e\u0434\u043e\u043c \u0438 \u0438\u043d\u043d\u043e\u0432\u0430\u0446\u0438\u043e\u043d\u043d\u044b\u043c\u0438 \u0434\u0432\u0443\u0445\u0441\u043b\u043e\u0439\u043d\u044b\u043c\u0438 \u0442\u043a\u0430\u043d\u044f\u043c\u0438, \u043a\u043e\u0442\u043e\u0440\u044b\u0435 \u043e\u0431\u0435\u0441\u043f\u0435\u0447\u0438\u0432\u0430\u044e\u0442 \u0438\u0434\u0435\u0430\u043b\u044c\u043d\u044b\u0439 \u0431\u0430\u043b\u0430\u043d\u0441 \u043c\u0435\u0436\u0434\u0443 \u0441\u043e\u0445\u0440\u0430\u043d\u0435\u043d\u0438\u0435\u043c \u0442\u0435\u043f\u043b\u0430 \u0438 \u044d\u0444\u0444\u0435\u043a\u0442\u0438\u0432\u043d\u044b\u043c \u043e\u0442\u0432\u043e\u0434\u043e\u043c \u0432\u043b\u0430\u0433\u0438 \u0434\u043b\u044f \u043f\u0440\u043e\u0444\u0435\u0441\u0441\u0438\u043e\u043d\u0430\u043b\u044c\u043d\u044b\u0445 \u0430\u0442\u043b\u0435\u0442\u043e\u0432 \u0438 \u043b\u044e\u0431\u0438\u0442\u0435\u043b\u0435\u0439 \u0430\u043a\u0442\u0438\u0432\u043d\u043e\u0433\u043e \u043e\u0442\u0434\u044b\u0445\u0430.<\/p>","protected":false},"featured_media":104154,"comment_status":"open","ping_status":"closed","template":"","meta":{"_acf_changed":false,"inline_featured_image":false},"product_brand":[1477],"product_cat":[1198],"product_tag":[],"class_list":{"0":"post-98998","1":"product","2":"type-product","3":"status-publish","4":"has-post-thumbnail","6":"product_brand-thermowave","7":"product_cat-underwear-sport-for-men","9":"first","10":"instock","11":"shipping-taxable","12":"purchasable","13":"product-type-simple"},"acf":[],"yoast_head":"<!-- This site is optimized with the Yoast SEO plugin v27.2 - https:\/\/yoast.com\/product\/yoast-seo-wordpress\/ -->\n<title>\u0422\u0440\u0443\u0441\u044b Thermowave Merino Life Boxers Mns gray blue - \u041c\u0430\u0433\u0430\u0437\u0438\u043d Xstyle<\/title>\n<meta name=\"robots\" content=\"index, follow, max-snippet:-1, max-image-preview:large, max-video-preview:-1\" \/>\n<link rel=\"canonical\" href=\"https:\/\/xstyle.md\/ro\/produs\/trusy-thermowave-merino-life-boxers-mns-gray-blue\/\" \/>\n<meta property=\"og:locale\" content=\"ro_RO\" \/>\n<meta property=\"og:type\" content=\"article\" \/>\n<meta property=\"og:title\" content=\"\u0422\u0440\u0443\u0441\u044b Thermowave Merino Life Boxers Mns gray blue - \u041c\u0430\u0433\u0430\u0437\u0438\u043d Xstyle\" \/>\n<meta property=\"og:description\" content=\"\u0411\u0440\u0435\u043d\u0434 Thermowave \u2014 \u044d\u0442\u043e \u043b\u0438\u0442\u043e\u0432\u0441\u043a\u0438\u0439 \u0431\u0440\u0435\u043d\u0434 \u0441 \u0431\u043e\u043b\u0435\u0435 \u0447\u0435\u043c 90-\u043b\u0435\u0442\u043d\u0435\u0439 \u0438\u0441\u0442\u043e\u0440\u0438\u0435\u0439, \u0441\u043f\u0435\u0446\u0438\u0430\u043b\u0438\u0437\u0438\u0440\u0443\u044e\u0449\u0438\u0439\u0441\u044f \u043d\u0430 \u043f\u0440\u043e\u0438\u0437\u0432\u043e\u0434\u0441\u0442\u0432\u0435 \u0432\u044b\u0441\u043e\u043a\u043e\u0442\u0435\u0445\u043d\u043e\u043b\u043e\u0433\u0438\u0447\u043d\u043e\u0433\u043e \u0442\u0435\u0440\u043c\u043e\u0431\u0435\u043b\u044c\u044f \u0438\u0437 \u0448\u0435\u0440\u0441\u0442\u0438 \u043c\u0435\u0440\u0438\u043d\u043e\u0441\u0430. \u0411\u0440\u0435\u043d\u0434 \u0438\u0437\u0432\u0435\u0441\u0442\u0435\u043d \u0441\u0432\u043e\u0438\u043c \u044d\u043a\u043e\u043b\u043e\u0433\u0438\u0447\u043d\u044b\u043c \u043f\u043e\u0434\u0445\u043e\u0434\u043e\u043c \u0438 \u0438\u043d\u043d\u043e\u0432\u0430\u0446\u0438\u043e\u043d\u043d\u044b\u043c\u0438 \u0434\u0432\u0443\u0445\u0441\u043b\u043e\u0439\u043d\u044b\u043c\u0438 \u0442\u043a\u0430\u043d\u044f\u043c\u0438, \u043a\u043e\u0442\u043e\u0440\u044b\u0435 \u043e\u0431\u0435\u0441\u043f\u0435\u0447\u0438\u0432\u0430\u044e\u0442 \u0438\u0434\u0435\u0430\u043b\u044c\u043d\u044b\u0439 \u0431\u0430\u043b\u0430\u043d\u0441 \u043c\u0435\u0436\u0434\u0443 \u0441\u043e\u0445\u0440\u0430\u043d\u0435\u043d\u0438\u0435\u043c \u0442\u0435\u043f\u043b\u0430 \u0438 \u044d\u0444\u0444\u0435\u043a\u0442\u0438\u0432\u043d\u044b\u043c \u043e\u0442\u0432\u043e\u0434\u043e\u043c \u0432\u043b\u0430\u0433\u0438 \u0434\u043b\u044f \u043f\u0440\u043e\u0444\u0435\u0441\u0441\u0438\u043e\u043d\u0430\u043b\u044c\u043d\u044b\u0445 \u0430\u0442\u043b\u0435\u0442\u043e\u0432 \u0438 \u043b\u044e\u0431\u0438\u0442\u0435\u043b\u0435\u0439 \u0430\u043a\u0442\u0438\u0432\u043d\u043e\u0433\u043e \u043e\u0442\u0434\u044b\u0445\u0430.\" \/>\n<meta property=\"og:url\" content=\"https:\/\/xstyle.md\/ro\/produs\/trusy-thermowave-merino-life-boxers-mns-gray-blue\/\" \/>\n<meta property=\"og:site_name\" content=\"\u041c\u0430\u0433\u0430\u0437\u0438\u043d Xstyle\" \/>\n<meta property=\"article:publisher\" content=\"https:\/\/www.facebook.com\/xstylemd\" \/>\n<meta property=\"article:modified_time\" content=\"2026-03-25T12:46:15+00:00\" \/>\n<meta property=\"og:image\" content=\"https:\/\/xstyle.md\/wp-content\/uploads\/2025\/12\/thermowave-merino-life-boxers-mns-gray-blue.webp\" \/>\n\t<meta property=\"og:image:width\" content=\"1200\" \/>\n\t<meta property=\"og:image:height\" content=\"1200\" \/>\n\t<meta property=\"og:image:type\" content=\"image\/webp\" \/>\n<meta name=\"twitter:card\" content=\"summary_large_image\" \/>\n<meta name=\"twitter:label1\" content=\"Pre\u021b\" \/>\n\t<meta name=\"twitter:data1\" content=\"790&nbsp;MDL\" \/>\n\t<meta name=\"twitter:label2\" content=\"Disponibilitate\" \/>\n\t<meta name=\"twitter:data2\" content=\"\u00cen stoc\" \/>\n<script type=\"application\/ld+json\" class=\"yoast-schema-graph\">{\"@context\":\"https:\/\/schema.org\",\"@graph\":[{\"@type\":\"WebPage\",\"@id\":\"https:\/\/xstyle.md\/product\/trusy-thermowave-merino-life-boxers-mns-gray-blue\/\",\"url\":\"https:\/\/xstyle.md\/product\/trusy-thermowave-merino-life-boxers-mns-gray-blue\/\",\"name\":\"\u0422\u0440\u0443\u0441\u044b Thermowave Merino Life Boxers Mns gray blue - \u041c\u0430\u0433\u0430\u0437\u0438\u043d Xstyle\",\"isPartOf\":{\"@id\":\"https:\/\/xstyle.md\/#website\"},\"primaryImageOfPage\":{\"@id\":\"https:\/\/xstyle.md\/product\/trusy-thermowave-merino-life-boxers-mns-gray-blue\/#primaryimage\"},\"image\":{\"@id\":\"https:\/\/xstyle.md\/product\/trusy-thermowave-merino-life-boxers-mns-gray-blue\/#primaryimage\"},\"thumbnailUrl\":\"https:\/\/xstyle.md\/wp-content\/uploads\/2025\/12\/thermowave-merino-life-boxers-mns-gray-blue.webp\",\"datePublished\":\"2025-12-24T16:21:10+00:00\",\"dateModified\":\"2026-03-25T12:46:15+00:00\",\"breadcrumb\":{\"@id\":\"https:\/\/xstyle.md\/product\/trusy-thermowave-merino-life-boxers-mns-gray-blue\/#breadcrumb\"},\"inLanguage\":\"ro-RO\",\"potentialAction\":[{\"@type\":\"ReadAction\",\"target\":[\"https:\/\/xstyle.md\/product\/trusy-thermowave-merino-life-boxers-mns-gray-blue\/\"]}]},{\"@type\":\"ImageObject\",\"inLanguage\":\"ro-RO\",\"@id\":\"https:\/\/xstyle.md\/product\/trusy-thermowave-merino-life-boxers-mns-gray-blue\/#primaryimage\",\"url\":\"https:\/\/xstyle.md\/wp-content\/uploads\/2025\/12\/thermowave-merino-life-boxers-mns-gray-blue.webp\",\"contentUrl\":\"https:\/\/xstyle.md\/wp-content\/uploads\/2025\/12\/thermowave-merino-life-boxers-mns-gray-blue.webp\",\"width\":1200,\"height\":1200,\"caption\":\"\u0422\u0440\u0443\u0441\u044b Thermowave Merino Life Boxers Mns \u0441\u0435\u0440\u043e-\u0441\u0438\u043d\u0438\u0435 \u0434\u043b\u044f \u0430\u043a\u0442\u0438\u0432\u043d\u043e\u0433\u043e \u043e\u0442\u0434\u044b\u0445\u0430 \u0441\u043f\u043e\u0440\u0442 \u043e\u0434\u0435\u0436\u0434\u044b \u0438 \u043e\u0431\u0443\u0432\u0438 \u0434\u043b\u044f \u0442\u0443\u0440\u0438\u0437\u043c\u0430 \u043f\u043e\u0445\u043e\u0434\u043e\u0432 \u0438 \u0430\u043b\u044c\u043f\u0438\u043d\u0438\u0437\u043c\u0430 \u043d\u0430 \u043e\u043d\u043b\u0430\u0439\u043d \u043c\u0430\u0433\u0430\u0437\u0438\u043d\u0435\"},{\"@type\":\"BreadcrumbList\",\"@id\":\"https:\/\/xstyle.md\/product\/trusy-thermowave-merino-life-boxers-mns-gray-blue\/#breadcrumb\",\"itemListElement\":[{\"@type\":\"ListItem\",\"position\":1,\"name\":\"\u0413\u043b\u0430\u0432\u043d\u0430\u044f \u0441\u0442\u0440\u0430\u043d\u0438\u0446\u0430\",\"item\":\"https:\/\/xstyle.md\/\"},{\"@type\":\"ListItem\",\"position\":2,\"name\":\"\u041c\u0430\u0433\u0430\u0437\u0438\u043d\",\"item\":\"https:\/\/xstyle.md\/shop\/\"},{\"@type\":\"ListItem\",\"position\":3,\"name\":\"\u0422\u0440\u0443\u0441\u044b Thermowave Merino Life Boxers Mns gray blue\"}]},{\"@type\":\"WebSite\",\"@id\":\"https:\/\/xstyle.md\/#website\",\"url\":\"https:\/\/xstyle.md\/\",\"name\":\"\u041c\u0430\u0433\u0430\u0437\u0438\u043d Xstyle\",\"description\":\"C\u043d\u0430\u0440\u044f\u0436\u0435\u043d\u0438\u0435 \u0434\u043b\u044f \u0442\u0443\u0440\u0438\u0437\u043c\u0430 \u0438 \u044d\u043a\u0441\u0442\u0440\u0435\u043c\u0430\u043b\u044c\u043d\u044b\u0445 \u0432\u0438\u0434\u043e\u0432 \u0441\u043f\u043e\u0440\u0442\u0430 \u0432 \u041c\u043e\u043b\u0434\u043e\u0432\u0435.. \u0426\u0435\u043d\u044b, \u0444\u043e\u0442\u043e, \u0445\u0430\u0440\u0430\u043a\u0442\u0435\u0440\u0438\u0441\u0442\u0438\u043a\u0438 \u0432 \u041c\u043e\u043b\u0434\u043e\u0432\u0435.\",\"publisher\":{\"@id\":\"https:\/\/xstyle.md\/#organization\"},\"alternateName\":\"X-Style\",\"potentialAction\":[{\"@type\":\"SearchAction\",\"target\":{\"@type\":\"EntryPoint\",\"urlTemplate\":\"https:\/\/xstyle.md\/?s={search_term_string}\"},\"query-input\":{\"@type\":\"PropertyValueSpecification\",\"valueRequired\":true,\"valueName\":\"search_term_string\"}}],\"inLanguage\":\"ro-RO\"},{\"@type\":\"Organization\",\"@id\":\"https:\/\/xstyle.md\/#organization\",\"name\":\"\u041c\u0430\u0433\u0430\u0437\u0438\u043d Xstyle\",\"alternateName\":\"x-style\",\"url\":\"https:\/\/xstyle.md\/\",\"logo\":{\"@type\":\"ImageObject\",\"inLanguage\":\"ro-RO\",\"@id\":\"https:\/\/xstyle.md\/#\/schema\/logo\/image\/\",\"url\":\"https:\/\/xstyle.md\/wp-content\/uploads\/2020\/06\/logoicon.svg\",\"contentUrl\":\"https:\/\/xstyle.md\/wp-content\/uploads\/2020\/06\/logoicon.svg\",\"caption\":\"\u041c\u0430\u0433\u0430\u0437\u0438\u043d Xstyle\"},\"image\":{\"@id\":\"https:\/\/xstyle.md\/#\/schema\/logo\/image\/\"},\"sameAs\":[\"https:\/\/www.facebook.com\/xstylemd\",\"https:\/\/www.instagram.com\/xstyle_md\/\",\"https:\/\/t.me\/xstyle_outdoor\"],\"hasMerchantReturnPolicy\":{\"@type\":\"MerchantReturnPolicy\",\"merchantReturnLink\":\"https:\/\/xstyle.md\/ro\/conditions\/\"}}]}<\/script>\n<meta property=\"product:price:amount\" content=\"790.00\" \/>\n<meta property=\"product:price:currency\" content=\"MDL\" \/>\n<meta property=\"og:availability\" content=\"instock\" \/>\n<meta property=\"product:availability\" content=\"instock\" \/>\n<meta property=\"product:retailer_item_id\" content=\"4771999412407\" \/>\n<meta property=\"product:condition\" content=\"new\" \/>\n<!-- \/ Yoast SEO plugin. -->","yoast_head_json":{"title":"\u0422\u0440\u0443\u0441\u044b Thermowave Merino Life Boxers Mns gray blue - \u041c\u0430\u0433\u0430\u0437\u0438\u043d Xstyle","robots":{"index":"index","follow":"follow","max-snippet":"max-snippet:-1","max-image-preview":"max-image-preview:large","max-video-preview":"max-video-preview:-1"},"canonical":"https:\/\/xstyle.md\/ro\/produs\/trusy-thermowave-merino-life-boxers-mns-gray-blue\/","og_locale":"ro_RO","og_type":"article","og_title":"\u0422\u0440\u0443\u0441\u044b Thermowave Merino Life Boxers Mns gray blue - \u041c\u0430\u0433\u0430\u0437\u0438\u043d Xstyle","og_description":"\u0411\u0440\u0435\u043d\u0434 Thermowave \u2014 \u044d\u0442\u043e \u043b\u0438\u0442\u043e\u0432\u0441\u043a\u0438\u0439 \u0431\u0440\u0435\u043d\u0434 \u0441 \u0431\u043e\u043b\u0435\u0435 \u0447\u0435\u043c 90-\u043b\u0435\u0442\u043d\u0435\u0439 \u0438\u0441\u0442\u043e\u0440\u0438\u0435\u0439, \u0441\u043f\u0435\u0446\u0438\u0430\u043b\u0438\u0437\u0438\u0440\u0443\u044e\u0449\u0438\u0439\u0441\u044f \u043d\u0430 \u043f\u0440\u043e\u0438\u0437\u0432\u043e\u0434\u0441\u0442\u0432\u0435 \u0432\u044b\u0441\u043e\u043a\u043e\u0442\u0435\u0445\u043d\u043e\u043b\u043e\u0433\u0438\u0447\u043d\u043e\u0433\u043e \u0442\u0435\u0440\u043c\u043e\u0431\u0435\u043b\u044c\u044f \u0438\u0437 \u0448\u0435\u0440\u0441\u0442\u0438 \u043c\u0435\u0440\u0438\u043d\u043e\u0441\u0430. \u0411\u0440\u0435\u043d\u0434 \u0438\u0437\u0432\u0435\u0441\u0442\u0435\u043d \u0441\u0432\u043e\u0438\u043c \u044d\u043a\u043e\u043b\u043e\u0433\u0438\u0447\u043d\u044b\u043c \u043f\u043e\u0434\u0445\u043e\u0434\u043e\u043c \u0438 \u0438\u043d\u043d\u043e\u0432\u0430\u0446\u0438\u043e\u043d\u043d\u044b\u043c\u0438 \u0434\u0432\u0443\u0445\u0441\u043b\u043e\u0439\u043d\u044b\u043c\u0438 \u0442\u043a\u0430\u043d\u044f\u043c\u0438, \u043a\u043e\u0442\u043e\u0440\u044b\u0435 \u043e\u0431\u0435\u0441\u043f\u0435\u0447\u0438\u0432\u0430\u044e\u0442 \u0438\u0434\u0435\u0430\u043b\u044c\u043d\u044b\u0439 \u0431\u0430\u043b\u0430\u043d\u0441 \u043c\u0435\u0436\u0434\u0443 \u0441\u043e\u0445\u0440\u0430\u043d\u0435\u043d\u0438\u0435\u043c \u0442\u0435\u043f\u043b\u0430 \u0438 \u044d\u0444\u0444\u0435\u043a\u0442\u0438\u0432\u043d\u044b\u043c \u043e\u0442\u0432\u043e\u0434\u043e\u043c \u0432\u043b\u0430\u0433\u0438 \u0434\u043b\u044f \u043f\u0440\u043e\u0444\u0435\u0441\u0441\u0438\u043e\u043d\u0430\u043b\u044c\u043d\u044b\u0445 \u0430\u0442\u043b\u0435\u0442\u043e\u0432 \u0438 \u043b\u044e\u0431\u0438\u0442\u0435\u043b\u0435\u0439 \u0430\u043a\u0442\u0438\u0432\u043d\u043e\u0433\u043e \u043e\u0442\u0434\u044b\u0445\u0430.","og_url":"https:\/\/xstyle.md\/ro\/produs\/trusy-thermowave-merino-life-boxers-mns-gray-blue\/","og_site_name":"\u041c\u0430\u0433\u0430\u0437\u0438\u043d Xstyle","article_publisher":"https:\/\/www.facebook.com\/xstylemd","article_modified_time":"2026-03-25T12:46:15+00:00","og_image":[{"width":1200,"height":1200,"url":"https:\/\/xstyle.md\/wp-content\/uploads\/2025\/12\/thermowave-merino-life-boxers-mns-gray-blue.webp","type":"image\/webp"}],"twitter_card":"summary_large_image","twitter_misc":{"Pre\u021b":"790&nbsp;MDL","Disponibilitate":"\u00cen stoc"},"schema":{"@context":"https:\/\/schema.org","@graph":[{"@type":"WebPage","@id":"https:\/\/xstyle.md\/product\/trusy-thermowave-merino-life-boxers-mns-gray-blue\/","url":"https:\/\/xstyle.md\/product\/trusy-thermowave-merino-life-boxers-mns-gray-blue\/","name":"\u0422\u0440\u0443\u0441\u044b Thermowave Merino Life Boxers Mns gray blue - \u041c\u0430\u0433\u0430\u0437\u0438\u043d Xstyle","isPartOf":{"@id":"https:\/\/xstyle.md\/#website"},"primaryImageOfPage":{"@id":"https:\/\/xstyle.md\/product\/trusy-thermowave-merino-life-boxers-mns-gray-blue\/#primaryimage"},"image":{"@id":"https:\/\/xstyle.md\/product\/trusy-thermowave-merino-life-boxers-mns-gray-blue\/#primaryimage"},"thumbnailUrl":"https:\/\/xstyle.md\/wp-content\/uploads\/2025\/12\/thermowave-merino-life-boxers-mns-gray-blue.webp","datePublished":"2025-12-24T16:21:10+00:00","dateModified":"2026-03-25T12:46:15+00:00","breadcrumb":{"@id":"https:\/\/xstyle.md\/product\/trusy-thermowave-merino-life-boxers-mns-gray-blue\/#breadcrumb"},"inLanguage":"ro-RO","potentialAction":[{"@type":"ReadAction","target":["https:\/\/xstyle.md\/product\/trusy-thermowave-merino-life-boxers-mns-gray-blue\/"]}]},{"@type":"ImageObject","inLanguage":"ro-RO","@id":"https:\/\/xstyle.md\/product\/trusy-thermowave-merino-life-boxers-mns-gray-blue\/#primaryimage","url":"https:\/\/xstyle.md\/wp-content\/uploads\/2025\/12\/thermowave-merino-life-boxers-mns-gray-blue.webp","contentUrl":"https:\/\/xstyle.md\/wp-content\/uploads\/2025\/12\/thermowave-merino-life-boxers-mns-gray-blue.webp","width":1200,"height":1200,"caption":"\u0422\u0440\u0443\u0441\u044b Thermowave Merino Life Boxers Mns \u0441\u0435\u0440\u043e-\u0441\u0438\u043d\u0438\u0435 \u0434\u043b\u044f \u0430\u043a\u0442\u0438\u0432\u043d\u043e\u0433\u043e \u043e\u0442\u0434\u044b\u0445\u0430 \u0441\u043f\u043e\u0440\u0442 \u043e\u0434\u0435\u0436\u0434\u044b \u0438 \u043e\u0431\u0443\u0432\u0438 \u0434\u043b\u044f \u0442\u0443\u0440\u0438\u0437\u043c\u0430 \u043f\u043e\u0445\u043e\u0434\u043e\u0432 \u0438 \u0430\u043b\u044c\u043f\u0438\u043d\u0438\u0437\u043c\u0430 \u043d\u0430 \u043e\u043d\u043b\u0430\u0439\u043d \u043c\u0430\u0433\u0430\u0437\u0438\u043d\u0435"},{"@type":"BreadcrumbList","@id":"https:\/\/xstyle.md\/product\/trusy-thermowave-merino-life-boxers-mns-gray-blue\/#breadcrumb","itemListElement":[{"@type":"ListItem","position":1,"name":"\u0413\u043b\u0430\u0432\u043d\u0430\u044f \u0441\u0442\u0440\u0430\u043d\u0438\u0446\u0430","item":"https:\/\/xstyle.md\/"},{"@type":"ListItem","position":2,"name":"\u041c\u0430\u0433\u0430\u0437\u0438\u043d","item":"https:\/\/xstyle.md\/shop\/"},{"@type":"ListItem","position":3,"name":"\u0422\u0440\u0443\u0441\u044b Thermowave Merino Life Boxers Mns gray blue"}]},{"@type":"WebSite","@id":"https:\/\/xstyle.md\/#website","url":"https:\/\/xstyle.md\/","name":"Magazinul X-Style","description":"Echipamente pentru turism \u0219i sporturi extreme \u00een Moldova. Pre\u021buri, fotografii, caracteristici \u00een Moldova.","publisher":{"@id":"https:\/\/xstyle.md\/#organization"},"alternateName":"X-Style","potentialAction":[{"@type":"SearchAction","target":{"@type":"EntryPoint","urlTemplate":"https:\/\/xstyle.md\/?s={search_term_string}"},"query-input":{"@type":"PropertyValueSpecification","valueRequired":true,"valueName":"search_term_string"}}],"inLanguage":"ro-RO"},{"@type":"Organization","@id":"https:\/\/xstyle.md\/#organization","name":"Magazinul X-Style","alternateName":"x-style","url":"https:\/\/xstyle.md\/","logo":{"@type":"ImageObject","inLanguage":"ro-RO","@id":"https:\/\/xstyle.md\/#\/schema\/logo\/image\/","url":"https:\/\/xstyle.md\/wp-content\/uploads\/2020\/06\/logoicon.svg","contentUrl":"https:\/\/xstyle.md\/wp-content\/uploads\/2020\/06\/logoicon.svg","caption":"\u041c\u0430\u0433\u0430\u0437\u0438\u043d Xstyle"},"image":{"@id":"https:\/\/xstyle.md\/#\/schema\/logo\/image\/"},"sameAs":["https:\/\/www.facebook.com\/xstylemd","https:\/\/www.instagram.com\/xstyle_md\/","https:\/\/t.me\/xstyle_outdoor"],"hasMerchantReturnPolicy":{"@type":"MerchantReturnPolicy","merchantReturnLink":"https:\/\/xstyle.md\/ro\/conditions\/"}}]},"product_price_amount":"790.00","product_price_currency":"MDL","og_availability":"instock","product_availability":"instock","product_retailer_item_id":"4771999412407","product_condition":"new"},"post_mailing_queue_ids":[],"_links":{"self":[{"href":"https:\/\/xstyle.md\/ro\/wp-json\/wp\/v2\/product\/98998","targetHints":{"allow":["GET"]}}],"collection":[{"href":"https:\/\/xstyle.md\/ro\/wp-json\/wp\/v2\/product"}],"about":[{"href":"https:\/\/xstyle.md\/ro\/wp-json\/wp\/v2\/types\/product"}],"replies":[{"embeddable":true,"href":"https:\/\/xstyle.md\/ro\/wp-json\/wp\/v2\/comments?post=98998"}],"wp:featuredmedia":[{"embeddable":true,"href":"https:\/\/xstyle.md\/ro\/wp-json\/wp\/v2\/media\/104154"}],"wp:attachment":[{"href":"https:\/\/xstyle.md\/ro\/wp-json\/wp\/v2\/media?parent=98998"}],"wp:term":[{"taxonomy":"product_brand","embeddable":true,"href":"https:\/\/xstyle.md\/ro\/wp-json\/wp\/v2\/product_brand?post=98998"},{"taxonomy":"product_cat","embeddable":true,"href":"https:\/\/xstyle.md\/ro\/wp-json\/wp\/v2\/product_cat?post=98998"},{"taxonomy":"product_tag","embeddable":true,"href":"https:\/\/xstyle.md\/ro\/wp-json\/wp\/v2\/product_tag?post=98998"}],"curies":[{"name":"wp","href":"https:\/\/api.w.org\/{rel}","templated":true}]}}