{"id":9895,"date":"2020-07-17T09:41:18","date_gmt":"2020-07-17T06:41:18","guid":{"rendered":"https:\/\/xstyle.md\/product\/nabor-posudy-msr-ceramic-2-pot-set"},"modified":"2025-10-24T12:30:21","modified_gmt":"2025-10-24T09:30:21","slug":"nabor-posudy-msr-ceramic-2-pot-set","status":"publish","type":"product","link":"https:\/\/xstyle.md\/ro\/produs\/nabor-posudy-msr-ceramic-2-pot-set\/","title":{"rendered":"Set vase MSR Ceramic 2 Pot Set"},"content":{"rendered":"<\/p>\n<p><strong>Set vase MSR Ceramic 2 Pot Set<\/strong> este potrivit pentru a g\u0103ti o mare varietate de alimente pentru 2-3 persoane \u00een condi\u021bii de camping. Tigaia este acoperit\u0103 cu un strat ceramic special antiaderent. M\u00e2nerul deta\u0219abil confortabil Talon\u2122 nu v\u0103 arde m\u00e2inile. C\u0103nile \u0219i bolurile termoizolate DeepDish\u2122 pot fi plasate \u00een interiorul crati\u021bei.<\/p>\n<h3>Particularit\u0103\u021bi<\/h3>\n<ul>\n<li>Acoperire antiaderent\u0103 rezistent\u0103<\/li>\n<li>Capac perforat<\/li>\n<\/ul>\n<h3>Setul include<\/h3>\n<ul>\n<li>Crati\u021b\u0103 &#8212; 2,5 litri<\/li>\n<li>Crati\u021b\u0103 &#8212; 1,5 litri<\/li>\n<li>M\u00e2ner Talon\u2122 deta\u0219abil<\/li>\n<\/ul>\n<h3>Caracteristici<\/h3>\n<ul>\n<li>Material &#8212; aluminiu<\/li>\n<li>Dimensiune pliat\u0103 &#8212; 20 x 13 cm<\/li>\n<li>Greutate &#8212; 460 g<\/li>\n<\/ul>\n<h3>Marca<\/h3>\n<p>MSR este un cunoscut produc\u0103tor de articole sportive, care produce echipamente pentru alpini\u0219tii profesioni\u0219ti \u0219i pentru cei care prefer\u0103 activit\u0103\u021bile de agrement \u00een aer liber. Produsele sunt concepute pentru a face c\u00e2t mai u\u0219or posibil ca o persoan\u0103 s\u0103 r\u0103m\u00e2n\u0103 \u00een aer liber pentru perioade lungi de timp. Acestea sunt dispozitive universale care pot fi folosite at\u00e2t \u00eentr-o drume\u021bie obi\u0219nuit\u0103, c\u00e2t \u0219i \u00eentr-o expedi\u021bie complex\u0103.<\/p>\n<p><\/p>","protected":false},"excerpt":{"rendered":"<p>Set vase MSR Ceramic 2 Pot Set<\/p>","protected":false},"featured_media":9893,"comment_status":"open","ping_status":"closed","template":"","meta":{"_acf_changed":false,"inline_featured_image":false},"product_brand":[1279],"product_cat":[84],"product_tag":[],"class_list":{"0":"post-9895","1":"product","2":"type-product","3":"status-publish","4":"has-post-thumbnail","6":"product_brand-msr","7":"product_cat-pots","9":"first","10":"instock","11":"shipping-taxable","12":"purchasable","13":"product-type-simple"},"acf":[],"yoast_head":"<!-- This site is optimized with the Yoast SEO plugin v27.2 - https:\/\/yoast.com\/product\/yoast-seo-wordpress\/ -->\n<title>\u041d\u0430\u0431\u043e\u0440 \u043a\u0430\u0441\u0442\u0440\u044e\u043b\u044c MSR Ceramic 2 Pot Set - \u041c\u0430\u0433\u0430\u0437\u0438\u043d Xstyle<\/title>\n<meta name=\"description\" content=\"\u041d\u0430\u0431\u043e\u0440 \u043a\u0430\u0441\u0442\u0440\u044e\u043b\u044c MSR Ceramic 2 Pot Set \u0438\u0434\u0435\u0430\u043b\u0435\u043d \u0434\u043b\u044f \u043a\u0435\u043c\u043f\u0438\u043d\u0433\u0430. \u0410\u043d\u0442\u0438\u043f\u0440\u0438\u0433\u0430\u0440\u043d\u043e\u0435 \u043f\u043e\u043a\u0440\u044b\u0442\u0438\u0435, \u043a\u043e\u043c\u0444\u043e\u0440\u0442\u043d\u044b\u0435 \u0440\u0443\u0447\u043a\u0438 \u0438 \u043f\u0440\u043e\u0441\u0442\u043e\u0440\u043d\u044b\u0435 DeepDish \u0434\u043b\u044f \u0443\u0434\u043e\u0431\u0441\u0442\u0432\u0430 \u0432 \u0433\u043e\u0442\u043e\u0432\u043a\u0435!\" \/>\n<meta name=\"robots\" content=\"index, follow, max-snippet:-1, max-image-preview:large, max-video-preview:-1\" \/>\n<link rel=\"canonical\" href=\"https:\/\/xstyle.md\/ro\/produs\/nabor-posudy-msr-ceramic-2-pot-set\/\" \/>\n<meta property=\"og:locale\" content=\"ro_RO\" \/>\n<meta property=\"og:type\" content=\"article\" \/>\n<meta property=\"og:title\" content=\"\u041d\u0430\u0431\u043e\u0440 \u043a\u0430\u0441\u0442\u0440\u044e\u043b\u044c MSR Ceramic 2 Pot Set - \u041c\u0430\u0433\u0430\u0437\u0438\u043d Xstyle\" \/>\n<meta property=\"og:description\" content=\"\u041d\u0430\u0431\u043e\u0440 \u043a\u0430\u0441\u0442\u0440\u044e\u043b\u044c MSR Ceramic 2 Pot Set \u0438\u0434\u0435\u0430\u043b\u0435\u043d \u0434\u043b\u044f \u043a\u0435\u043c\u043f\u0438\u043d\u0433\u0430. \u0410\u043d\u0442\u0438\u043f\u0440\u0438\u0433\u0430\u0440\u043d\u043e\u0435 \u043f\u043e\u043a\u0440\u044b\u0442\u0438\u0435, \u043a\u043e\u043c\u0444\u043e\u0440\u0442\u043d\u044b\u0435 \u0440\u0443\u0447\u043a\u0438 \u0438 \u043f\u0440\u043e\u0441\u0442\u043e\u0440\u043d\u044b\u0435 DeepDish \u0434\u043b\u044f \u0443\u0434\u043e\u0431\u0441\u0442\u0432\u0430 \u0432 \u0433\u043e\u0442\u043e\u0432\u043a\u0435!\" \/>\n<meta property=\"og:url\" content=\"https:\/\/xstyle.md\/ro\/produs\/nabor-posudy-msr-ceramic-2-pot-set\/\" \/>\n<meta property=\"og:site_name\" content=\"\u041c\u0430\u0433\u0430\u0437\u0438\u043d Xstyle\" \/>\n<meta property=\"article:publisher\" content=\"https:\/\/www.facebook.com\/xstylemd\" \/>\n<meta property=\"article:modified_time\" content=\"2025-10-24T09:30:21+00:00\" \/>\n<meta property=\"og:image\" content=\"https:\/\/xstyle.md\/wp-content\/uploads\/2020\/07\/msr_ceramic_2_pot_-1.jpg\" \/>\n\t<meta property=\"og:image:width\" content=\"1100\" \/>\n\t<meta property=\"og:image:height\" content=\"825\" \/>\n\t<meta property=\"og:image:type\" content=\"image\/jpeg\" \/>\n<meta name=\"twitter:card\" content=\"summary_large_image\" \/>\n<meta name=\"twitter:label1\" content=\"Pre\u021b\" \/>\n\t<meta name=\"twitter:data1\" content=\"2.255&nbsp;MDL\" \/>\n\t<meta name=\"twitter:label2\" content=\"Disponibilitate\" \/>\n\t<meta name=\"twitter:data2\" content=\"\u00cen stoc\" \/>\n<script type=\"application\/ld+json\" class=\"yoast-schema-graph\">{\"@context\":\"https:\/\/schema.org\",\"@graph\":[{\"@type\":\"WebPage\",\"@id\":\"https:\/\/xstyle.md\/product\/nabor-posudy-msr-ceramic-2-pot-set\/\",\"url\":\"https:\/\/xstyle.md\/product\/nabor-posudy-msr-ceramic-2-pot-set\/\",\"name\":\"\u041d\u0430\u0431\u043e\u0440 \u043a\u0430\u0441\u0442\u0440\u044e\u043b\u044c MSR Ceramic 2 Pot Set - \u041c\u0430\u0433\u0430\u0437\u0438\u043d Xstyle\",\"isPartOf\":{\"@id\":\"https:\/\/xstyle.md\/#website\"},\"primaryImageOfPage\":{\"@id\":\"https:\/\/xstyle.md\/product\/nabor-posudy-msr-ceramic-2-pot-set\/#primaryimage\"},\"image\":{\"@id\":\"https:\/\/xstyle.md\/product\/nabor-posudy-msr-ceramic-2-pot-set\/#primaryimage\"},\"thumbnailUrl\":\"https:\/\/xstyle.md\/wp-content\/uploads\/2020\/07\/msr_ceramic_2_pot_-1.jpg\",\"datePublished\":\"2020-07-17T06:41:18+00:00\",\"dateModified\":\"2025-10-24T09:30:21+00:00\",\"description\":\"\u041d\u0430\u0431\u043e\u0440 \u043a\u0430\u0441\u0442\u0440\u044e\u043b\u044c MSR Ceramic 2 Pot Set \u0438\u0434\u0435\u0430\u043b\u0435\u043d \u0434\u043b\u044f \u043a\u0435\u043c\u043f\u0438\u043d\u0433\u0430. \u0410\u043d\u0442\u0438\u043f\u0440\u0438\u0433\u0430\u0440\u043d\u043e\u0435 \u043f\u043e\u043a\u0440\u044b\u0442\u0438\u0435, \u043a\u043e\u043c\u0444\u043e\u0440\u0442\u043d\u044b\u0435 \u0440\u0443\u0447\u043a\u0438 \u0438 \u043f\u0440\u043e\u0441\u0442\u043e\u0440\u043d\u044b\u0435 DeepDish \u0434\u043b\u044f \u0443\u0434\u043e\u0431\u0441\u0442\u0432\u0430 \u0432 \u0433\u043e\u0442\u043e\u0432\u043a\u0435!\",\"breadcrumb\":{\"@id\":\"https:\/\/xstyle.md\/product\/nabor-posudy-msr-ceramic-2-pot-set\/#breadcrumb\"},\"inLanguage\":\"ro-RO\",\"potentialAction\":[{\"@type\":\"ReadAction\",\"target\":[\"https:\/\/xstyle.md\/product\/nabor-posudy-msr-ceramic-2-pot-set\/\"]}]},{\"@type\":\"ImageObject\",\"inLanguage\":\"ro-RO\",\"@id\":\"https:\/\/xstyle.md\/product\/nabor-posudy-msr-ceramic-2-pot-set\/#primaryimage\",\"url\":\"https:\/\/xstyle.md\/wp-content\/uploads\/2020\/07\/msr_ceramic_2_pot_-1.jpg\",\"contentUrl\":\"https:\/\/xstyle.md\/wp-content\/uploads\/2020\/07\/msr_ceramic_2_pot_-1.jpg\",\"width\":1100,\"height\":825},{\"@type\":\"BreadcrumbList\",\"@id\":\"https:\/\/xstyle.md\/product\/nabor-posudy-msr-ceramic-2-pot-set\/#breadcrumb\",\"itemListElement\":[{\"@type\":\"ListItem\",\"position\":1,\"name\":\"\u0413\u043b\u0430\u0432\u043d\u0430\u044f \u0441\u0442\u0440\u0430\u043d\u0438\u0446\u0430\",\"item\":\"https:\/\/xstyle.md\/\"},{\"@type\":\"ListItem\",\"position\":2,\"name\":\"\u041c\u0430\u0433\u0430\u0437\u0438\u043d\",\"item\":\"https:\/\/xstyle.md\/shop\/\"},{\"@type\":\"ListItem\",\"position\":3,\"name\":\"\u041d\u0430\u0431\u043e\u0440 \u043a\u0430\u0441\u0442\u0440\u044e\u043b\u044c MSR Ceramic 2 Pot Set\"}]},{\"@type\":\"WebSite\",\"@id\":\"https:\/\/xstyle.md\/#website\",\"url\":\"https:\/\/xstyle.md\/\",\"name\":\"\u041c\u0430\u0433\u0430\u0437\u0438\u043d Xstyle\",\"description\":\"C\u043d\u0430\u0440\u044f\u0436\u0435\u043d\u0438\u0435 \u0434\u043b\u044f \u0442\u0443\u0440\u0438\u0437\u043c\u0430 \u0438 \u044d\u043a\u0441\u0442\u0440\u0435\u043c\u0430\u043b\u044c\u043d\u044b\u0445 \u0432\u0438\u0434\u043e\u0432 \u0441\u043f\u043e\u0440\u0442\u0430 \u0432 \u041c\u043e\u043b\u0434\u043e\u0432\u0435.. \u0426\u0435\u043d\u044b, \u0444\u043e\u0442\u043e, \u0445\u0430\u0440\u0430\u043a\u0442\u0435\u0440\u0438\u0441\u0442\u0438\u043a\u0438 \u0432 \u041c\u043e\u043b\u0434\u043e\u0432\u0435.\",\"publisher\":{\"@id\":\"https:\/\/xstyle.md\/#organization\"},\"alternateName\":\"X-Style\",\"potentialAction\":[{\"@type\":\"SearchAction\",\"target\":{\"@type\":\"EntryPoint\",\"urlTemplate\":\"https:\/\/xstyle.md\/?s={search_term_string}\"},\"query-input\":{\"@type\":\"PropertyValueSpecification\",\"valueRequired\":true,\"valueName\":\"search_term_string\"}}],\"inLanguage\":\"ro-RO\"},{\"@type\":\"Organization\",\"@id\":\"https:\/\/xstyle.md\/#organization\",\"name\":\"\u041c\u0430\u0433\u0430\u0437\u0438\u043d Xstyle\",\"alternateName\":\"x-style\",\"url\":\"https:\/\/xstyle.md\/\",\"logo\":{\"@type\":\"ImageObject\",\"inLanguage\":\"ro-RO\",\"@id\":\"https:\/\/xstyle.md\/#\/schema\/logo\/image\/\",\"url\":\"https:\/\/xstyle.md\/wp-content\/uploads\/2020\/06\/logoicon.svg\",\"contentUrl\":\"https:\/\/xstyle.md\/wp-content\/uploads\/2020\/06\/logoicon.svg\",\"caption\":\"\u041c\u0430\u0433\u0430\u0437\u0438\u043d Xstyle\"},\"image\":{\"@id\":\"https:\/\/xstyle.md\/#\/schema\/logo\/image\/\"},\"sameAs\":[\"https:\/\/www.facebook.com\/xstylemd\",\"https:\/\/www.instagram.com\/xstyle_md\/\",\"https:\/\/t.me\/xstyle_outdoor\"],\"hasMerchantReturnPolicy\":{\"@type\":\"MerchantReturnPolicy\",\"merchantReturnLink\":\"https:\/\/xstyle.md\/ro\/conditions\/\"}}]}<\/script>\n<meta property=\"product:price:amount\" content=\"2255.00\" \/>\n<meta property=\"product:price:currency\" content=\"MDL\" \/>\n<meta property=\"og:availability\" content=\"instock\" \/>\n<meta property=\"product:availability\" content=\"instock\" \/>\n<meta property=\"product:retailer_item_id\" content=\"40818095812\" \/>\n<meta property=\"product:condition\" content=\"new\" \/>\n<!-- \/ Yoast SEO plugin. -->","yoast_head_json":{"title":"Set vase MSR Ceramic 2 Pot Set - Magazin Xstyle","description":"Setul de oale MSR Ceramic 2 Pot Set este ideal pentru camping. \u00cencapsularea antiaderent\u0103, m\u00e2nerele confortabile \u0219i farfurii ad\u00e2nci spa\u021bioase DeepDish ofer\u0103 comoditate \u00een g\u0103tit!","robots":{"index":"index","follow":"follow","max-snippet":"max-snippet:-1","max-image-preview":"max-image-preview:large","max-video-preview":"max-video-preview:-1"},"canonical":"https:\/\/xstyle.md\/ro\/produs\/nabor-posudy-msr-ceramic-2-pot-set\/","og_locale":"ro_RO","og_type":"article","og_title":"\u041d\u0430\u0431\u043e\u0440 \u043a\u0430\u0441\u0442\u0440\u044e\u043b\u044c MSR Ceramic 2 Pot Set - \u041c\u0430\u0433\u0430\u0437\u0438\u043d Xstyle","og_description":"\u041d\u0430\u0431\u043e\u0440 \u043a\u0430\u0441\u0442\u0440\u044e\u043b\u044c MSR Ceramic 2 Pot Set \u0438\u0434\u0435\u0430\u043b\u0435\u043d \u0434\u043b\u044f \u043a\u0435\u043c\u043f\u0438\u043d\u0433\u0430. \u0410\u043d\u0442\u0438\u043f\u0440\u0438\u0433\u0430\u0440\u043d\u043e\u0435 \u043f\u043e\u043a\u0440\u044b\u0442\u0438\u0435, \u043a\u043e\u043c\u0444\u043e\u0440\u0442\u043d\u044b\u0435 \u0440\u0443\u0447\u043a\u0438 \u0438 \u043f\u0440\u043e\u0441\u0442\u043e\u0440\u043d\u044b\u0435 DeepDish \u0434\u043b\u044f \u0443\u0434\u043e\u0431\u0441\u0442\u0432\u0430 \u0432 \u0433\u043e\u0442\u043e\u0432\u043a\u0435!","og_url":"https:\/\/xstyle.md\/ro\/produs\/nabor-posudy-msr-ceramic-2-pot-set\/","og_site_name":"\u041c\u0430\u0433\u0430\u0437\u0438\u043d Xstyle","article_publisher":"https:\/\/www.facebook.com\/xstylemd","article_modified_time":"2025-10-24T09:30:21+00:00","og_image":[{"width":1100,"height":825,"url":"https:\/\/xstyle.md\/wp-content\/uploads\/2020\/07\/msr_ceramic_2_pot_-1.jpg","type":"image\/jpeg"}],"twitter_card":"summary_large_image","twitter_misc":{"Pre\u021b":"2.255&nbsp;MDL","Disponibilitate":"\u00cen stoc"},"schema":{"@context":"https:\/\/schema.org","@graph":[{"@type":"WebPage","@id":"https:\/\/xstyle.md\/product\/nabor-posudy-msr-ceramic-2-pot-set\/","url":"https:\/\/xstyle.md\/product\/nabor-posudy-msr-ceramic-2-pot-set\/","name":"Set vase MSR Ceramic 2 Pot Set - Magazin Xstyle","isPartOf":{"@id":"https:\/\/xstyle.md\/#website"},"primaryImageOfPage":{"@id":"https:\/\/xstyle.md\/product\/nabor-posudy-msr-ceramic-2-pot-set\/#primaryimage"},"image":{"@id":"https:\/\/xstyle.md\/product\/nabor-posudy-msr-ceramic-2-pot-set\/#primaryimage"},"thumbnailUrl":"https:\/\/xstyle.md\/wp-content\/uploads\/2020\/07\/msr_ceramic_2_pot_-1.jpg","datePublished":"2020-07-17T06:41:18+00:00","dateModified":"2025-10-24T09:30:21+00:00","description":"Setul de oale MSR Ceramic 2 Pot Set este ideal pentru camping. \u00cencapsularea antiaderent\u0103, m\u00e2nerele confortabile \u0219i farfurii ad\u00e2nci spa\u021bioase DeepDish ofer\u0103 comoditate \u00een g\u0103tit!","breadcrumb":{"@id":"https:\/\/xstyle.md\/product\/nabor-posudy-msr-ceramic-2-pot-set\/#breadcrumb"},"inLanguage":"ro-RO","potentialAction":[{"@type":"ReadAction","target":["https:\/\/xstyle.md\/product\/nabor-posudy-msr-ceramic-2-pot-set\/"]}]},{"@type":"ImageObject","inLanguage":"ro-RO","@id":"https:\/\/xstyle.md\/product\/nabor-posudy-msr-ceramic-2-pot-set\/#primaryimage","url":"https:\/\/xstyle.md\/wp-content\/uploads\/2020\/07\/msr_ceramic_2_pot_-1.jpg","contentUrl":"https:\/\/xstyle.md\/wp-content\/uploads\/2020\/07\/msr_ceramic_2_pot_-1.jpg","width":1100,"height":825},{"@type":"BreadcrumbList","@id":"https:\/\/xstyle.md\/product\/nabor-posudy-msr-ceramic-2-pot-set\/#breadcrumb","itemListElement":[{"@type":"ListItem","position":1,"name":"\u0413\u043b\u0430\u0432\u043d\u0430\u044f \u0441\u0442\u0440\u0430\u043d\u0438\u0446\u0430","item":"https:\/\/xstyle.md\/"},{"@type":"ListItem","position":2,"name":"\u041c\u0430\u0433\u0430\u0437\u0438\u043d","item":"https:\/\/xstyle.md\/shop\/"},{"@type":"ListItem","position":3,"name":"\u041d\u0430\u0431\u043e\u0440 \u043a\u0430\u0441\u0442\u0440\u044e\u043b\u044c MSR Ceramic 2 Pot Set"}]},{"@type":"WebSite","@id":"https:\/\/xstyle.md\/#website","url":"https:\/\/xstyle.md\/","name":"Magazinul X-Style","description":"Echipamente pentru turism \u0219i sporturi extreme \u00een Moldova. Pre\u021buri, fotografii, caracteristici \u00een Moldova.","publisher":{"@id":"https:\/\/xstyle.md\/#organization"},"alternateName":"X-Style","potentialAction":[{"@type":"SearchAction","target":{"@type":"EntryPoint","urlTemplate":"https:\/\/xstyle.md\/?s={search_term_string}"},"query-input":{"@type":"PropertyValueSpecification","valueRequired":true,"valueName":"search_term_string"}}],"inLanguage":"ro-RO"},{"@type":"Organization","@id":"https:\/\/xstyle.md\/#organization","name":"Magazinul X-Style","alternateName":"x-style","url":"https:\/\/xstyle.md\/","logo":{"@type":"ImageObject","inLanguage":"ro-RO","@id":"https:\/\/xstyle.md\/#\/schema\/logo\/image\/","url":"https:\/\/xstyle.md\/wp-content\/uploads\/2020\/06\/logoicon.svg","contentUrl":"https:\/\/xstyle.md\/wp-content\/uploads\/2020\/06\/logoicon.svg","caption":"\u041c\u0430\u0433\u0430\u0437\u0438\u043d Xstyle"},"image":{"@id":"https:\/\/xstyle.md\/#\/schema\/logo\/image\/"},"sameAs":["https:\/\/www.facebook.com\/xstylemd","https:\/\/www.instagram.com\/xstyle_md\/","https:\/\/t.me\/xstyle_outdoor"],"hasMerchantReturnPolicy":{"@type":"MerchantReturnPolicy","merchantReturnLink":"https:\/\/xstyle.md\/ro\/conditions\/"}}]},"product_price_amount":"2255.00","product_price_currency":"MDL","og_availability":"instock","product_availability":"instock","product_retailer_item_id":"40818095812","product_condition":"new"},"post_mailing_queue_ids":[],"_links":{"self":[{"href":"https:\/\/xstyle.md\/ro\/wp-json\/wp\/v2\/product\/9895","targetHints":{"allow":["GET"]}}],"collection":[{"href":"https:\/\/xstyle.md\/ro\/wp-json\/wp\/v2\/product"}],"about":[{"href":"https:\/\/xstyle.md\/ro\/wp-json\/wp\/v2\/types\/product"}],"replies":[{"embeddable":true,"href":"https:\/\/xstyle.md\/ro\/wp-json\/wp\/v2\/comments?post=9895"}],"wp:featuredmedia":[{"embeddable":true,"href":"https:\/\/xstyle.md\/ro\/wp-json\/wp\/v2\/media\/9893"}],"wp:attachment":[{"href":"https:\/\/xstyle.md\/ro\/wp-json\/wp\/v2\/media?parent=9895"}],"wp:term":[{"taxonomy":"product_brand","embeddable":true,"href":"https:\/\/xstyle.md\/ro\/wp-json\/wp\/v2\/product_brand?post=9895"},{"taxonomy":"product_cat","embeddable":true,"href":"https:\/\/xstyle.md\/ro\/wp-json\/wp\/v2\/product_cat?post=9895"},{"taxonomy":"product_tag","embeddable":true,"href":"https:\/\/xstyle.md\/ro\/wp-json\/wp\/v2\/product_tag?post=9895"}],"curies":[{"name":"wp","href":"https:\/\/api.w.org\/{rel}","templated":true}]}}