{"id":98940,"date":"2025-12-28T19:20:48","date_gmt":"2025-12-28T16:20:48","guid":{"rendered":"https:\/\/xstyle.md\/?post_type=product&#038;p=98940"},"modified":"2026-03-04T12:45:13","modified_gmt":"2026-03-04T09:45:13","slug":"botinki-reimatec-pyrytys-thyme-green","status":"publish","type":"product","link":"https:\/\/xstyle.md\/ro\/produs\/botinki-reimatec-pyrytys-thyme-green\/","title":{"rendered":"Bocanci Reimatec Pyrytys thyme green"},"content":{"rendered":"<\/p>\n<p><strong>Reimatec Pyrytys<\/strong> &#8212; cizmele hidrofobe pentru copii din colec\u021bia Reimatec sunt special concepute pentru protec\u021bie at\u00e2t \u00een caz de ninsoare, c\u00e2t \u0219i \u00een adev\u0103rate furtuni de z\u0103pad\u0103.<\/p>\n<p>Dovedit chiar \u0219i la -20 \u00b0C, acest model este pur \u0219i simplu indispensabil pentru iernile geroase. Talpa flexibil\u0103 din cauciuc asigur\u0103 stabilitate pe orice suprafa\u021b\u0103. C\u0103ptu\u0219eala din blan\u0103 artificial\u0103 v\u0103 \u021bine de cald, iar \u00eenchiderea dubl\u0103 cu Velcro asigur\u0103 o potrivire perfect\u0103. Inser\u021biile speciale cu cus\u0103turi lipite ofer\u0103 protec\u021bie suplimentar\u0103 \u00eempotriva ploii \u0219i a noroiului. Aceste cizme sunt fabricate f\u0103r\u0103 materiale de origine animal\u0103 \u0219i fluorocarburi \u0219i sunt izolate cu t\u0103lpi interioare deta\u0219abile din p\u00e2sl\u0103. Detaliile reflectorizante sporesc vizibilitatea pe timp de noapte, iar izola\u021bia Thinsulate \u021bine frigul afar\u0103.<\/p>\n<h3>Particularit\u0103\u021bi<\/h3>\n<ul>\n<li>\u00cenc\u0103l\u021b\u0103minte de iarn\u0103 rezistent\u0103 la ap\u0103<\/li>\n<li>Partea superioar\u0103 sintetic\u0103 \u0219i textil\u0103<\/li>\n<li>Talp\u0103 elastic\u0103 din cauciuc pentru stabilitate maxim\u0103<\/li>\n<li>Construc\u021bie hidrofug\u0103 cu inser\u021bii sigilate \u0219i c\u0103ptu\u0219eal\u0103 din fleece<\/li>\n<li>Izola\u021bie de 200 g<\/li>\n<li>Talp\u0103 EVA mulat\u0103 deta\u0219abil\u0103 cu c\u0103ptu\u0219eal\u0103 Lycra \u0219i model Happy Fit pentru a v\u0103 ajuta s\u0103 v\u0103 determina\u021bi m\u0103rimea<\/li>\n<li>\u00cenchidere velcro simpl\u0103 cu \u0219ireturi elastice pentru ajustarea m\u0103rimii<\/li>\n<li>F\u0103r\u0103 produse de origine animal\u0103<\/li>\n<li>F\u0103r\u0103 fluorocarburi<\/li>\n<\/ul>\n<h3>Caracteristici<\/h3>\n<ul>\n<li>Material &#8212; 65% poliuretan, 35% poliester<\/li>\n<li>Talp\u0103 &#8212; 100% cauciuc<\/li>\n<li>Izola\u021bie &#8212; 100 g\/m\u00b2<\/li>\n<li>Destina\u021bie &#8212; ora\u0219<\/li>\n<li>Anotimp - iarn\u0103<\/li>\n<\/ul>\n<h3>Marca<\/h3>\n<p>Reima este lider mondial \u00een domeniul \u00eembr\u0103c\u0103mintei \u0219i \u00eenc\u0103l\u021b\u0103mintei func\u021bionale pentru copii, pentru activit\u0103\u021bi active \u00een aer liber, pe orice vreme. Este asociat\u0103 cu cea mai \u00eenalt\u0103 calitate \u0219i este comercializat\u0103 \u00een multe \u021b\u0103ri din \u00eentreaga lume. Principiile care stau la baza proiect\u0103rii sunt: func\u021bionalitate, siguran\u021b\u0103, fiabilitate \u0219i inova\u021bie. Reima se concentreaz\u0103 pe nevoile copiilor activi, cu \u00eembr\u0103c\u0103minte exterioar\u0103 u\u0219oar\u0103, respirabil\u0103, acoperit\u0103 cu membran\u0103, la care se adapteaz\u0103 lenjeria de corp termic\u0103 \u0219i hainele exterioare.<\/p>\n<p>Misiunea principal\u0103 a m\u0103rcii este de a \u00eencuraja copiii s\u0103 descopere bucuria mi\u0219c\u0103rii, iar ideea de afaceri este de a oferi copiilor activi cu v\u00e2rste cuprinse \u00eentre 0 \u0219i 12 ani o garderob\u0103 complet\u0103 de calitate pentru toate anotimpurile.<\/p>\n<p><\/p>","protected":false},"excerpt":{"rendered":"","protected":false},"featured_media":99253,"comment_status":"open","ping_status":"closed","template":"","meta":{"_acf_changed":false,"inline_featured_image":false},"product_brand":[1403],"product_cat":[853],"product_tag":[],"class_list":{"0":"post-98940","1":"product","2":"type-product","3":"status-publish","4":"has-post-thumbnail","6":"product_brand-reima","7":"product_cat-kids-fall-winter","9":"first","10":"instock","11":"shipping-taxable","12":"purchasable","13":"product-type-simple"},"acf":[],"yoast_head":"<!-- This site is optimized with the Yoast SEO plugin v27.2 - https:\/\/yoast.com\/product\/yoast-seo-wordpress\/ -->\n<title>\u0411\u043e\u0442\u0438\u043d\u043a\u0438 Reimatec Pyrytys thyme green - \u041c\u0430\u0433\u0430\u0437\u0438\u043d Xstyle<\/title>\n<meta name=\"robots\" content=\"index, follow, max-snippet:-1, max-image-preview:large, max-video-preview:-1\" \/>\n<link rel=\"canonical\" href=\"https:\/\/xstyle.md\/ro\/produs\/botinki-reimatec-pyrytys-thyme-green\/\" \/>\n<meta property=\"og:locale\" content=\"ro_RO\" \/>\n<meta property=\"og:type\" content=\"article\" \/>\n<meta property=\"og:title\" content=\"\u0411\u043e\u0442\u0438\u043d\u043a\u0438 Reimatec Pyrytys thyme green - \u041c\u0430\u0433\u0430\u0437\u0438\u043d Xstyle\" \/>\n<meta property=\"og:url\" content=\"https:\/\/xstyle.md\/ro\/produs\/botinki-reimatec-pyrytys-thyme-green\/\" \/>\n<meta property=\"og:site_name\" content=\"\u041c\u0430\u0433\u0430\u0437\u0438\u043d Xstyle\" \/>\n<meta property=\"article:publisher\" content=\"https:\/\/www.facebook.com\/xstylemd\" \/>\n<meta property=\"article:modified_time\" content=\"2026-03-04T09:45:13+00:00\" \/>\n<meta property=\"og:image\" content=\"https:\/\/xstyle.md\/wp-content\/uploads\/2025\/12\/reimatec-pyrytys-cinnamon-brown.webp\" \/>\n\t<meta property=\"og:image:width\" content=\"1080\" \/>\n\t<meta property=\"og:image:height\" content=\"1080\" \/>\n\t<meta property=\"og:image:type\" content=\"image\/webp\" \/>\n<meta name=\"twitter:card\" content=\"summary_large_image\" \/>\n<meta name=\"twitter:label1\" content=\"Pre\u021b\" \/>\n\t<meta name=\"twitter:data1\" content=\"1.690&nbsp;MDL\" \/>\n\t<meta name=\"twitter:label2\" content=\"Disponibilitate\" \/>\n\t<meta name=\"twitter:data2\" content=\"\u00cen stoc\" \/>\n<script type=\"application\/ld+json\" class=\"yoast-schema-graph\">{\"@context\":\"https:\/\/schema.org\",\"@graph\":[{\"@type\":\"WebPage\",\"@id\":\"https:\/\/xstyle.md\/product\/botinki-reimatec-pyrytys-thyme-green\/\",\"url\":\"https:\/\/xstyle.md\/product\/botinki-reimatec-pyrytys-thyme-green\/\",\"name\":\"\u0411\u043e\u0442\u0438\u043d\u043a\u0438 Reimatec Pyrytys thyme green - \u041c\u0430\u0433\u0430\u0437\u0438\u043d Xstyle\",\"isPartOf\":{\"@id\":\"https:\/\/xstyle.md\/#website\"},\"primaryImageOfPage\":{\"@id\":\"https:\/\/xstyle.md\/product\/botinki-reimatec-pyrytys-thyme-green\/#primaryimage\"},\"image\":{\"@id\":\"https:\/\/xstyle.md\/product\/botinki-reimatec-pyrytys-thyme-green\/#primaryimage\"},\"thumbnailUrl\":\"https:\/\/xstyle.md\/wp-content\/uploads\/2025\/12\/reimatec-pyrytys-cinnamon-brown.webp\",\"datePublished\":\"2025-12-28T16:20:48+00:00\",\"dateModified\":\"2026-03-04T09:45:13+00:00\",\"breadcrumb\":{\"@id\":\"https:\/\/xstyle.md\/product\/botinki-reimatec-pyrytys-thyme-green\/#breadcrumb\"},\"inLanguage\":\"ro-RO\",\"potentialAction\":[{\"@type\":\"ReadAction\",\"target\":[\"https:\/\/xstyle.md\/product\/botinki-reimatec-pyrytys-thyme-green\/\"]}]},{\"@type\":\"ImageObject\",\"inLanguage\":\"ro-RO\",\"@id\":\"https:\/\/xstyle.md\/product\/botinki-reimatec-pyrytys-thyme-green\/#primaryimage\",\"url\":\"https:\/\/xstyle.md\/wp-content\/uploads\/2025\/12\/reimatec-pyrytys-cinnamon-brown.webp\",\"contentUrl\":\"https:\/\/xstyle.md\/wp-content\/uploads\/2025\/12\/reimatec-pyrytys-cinnamon-brown.webp\",\"width\":1080,\"height\":1080,\"caption\":\"\u0411\u043e\u0442\u0438\u043d\u043a\u0438 Reimatec Pyrytys \u043a\u043e\u0440\u0438\u0447\u043d\u0435\u0432\u043e\u0433\u043e \u0446\u0432\u0435\u0442\u0430 \u0434\u043b\u044f \u0430\u043a\u0442\u0438\u0432\u043d\u043e\u0433\u043e \u043e\u0442\u0434\u044b\u0445\u0430 \u0438 \u043f\u0443\u0442\u0435\u0448\u0435\u0441\u0442\u0432\u0438\u0439, \u043e\u0431\u0443\u0432\u044c \u0434\u043b\u044f \u043f\u043e\u0445\u043e\u0434\u043e\u0432 \u0438 \u0433\u043e\u0440\u043d\u044b\u0445 \u043f\u0440\u0438\u043a\u043b\u044e\u0447\u0435\u043d\u0438\u0439 \u0432 \u0438\u043d\u0442\u0435\u0440\u043d\u0435\u0442-\u043c\u0430\u0433\u0430\u0437\u0438\u043d\u0435 \u0441 \u043e\u0434\u0435\u0436\u0434\u043e\u0439 \u0438 sneakers\"},{\"@type\":\"BreadcrumbList\",\"@id\":\"https:\/\/xstyle.md\/product\/botinki-reimatec-pyrytys-thyme-green\/#breadcrumb\",\"itemListElement\":[{\"@type\":\"ListItem\",\"position\":1,\"name\":\"\u0413\u043b\u0430\u0432\u043d\u0430\u044f \u0441\u0442\u0440\u0430\u043d\u0438\u0446\u0430\",\"item\":\"https:\/\/xstyle.md\/\"},{\"@type\":\"ListItem\",\"position\":2,\"name\":\"\u041c\u0430\u0433\u0430\u0437\u0438\u043d\",\"item\":\"https:\/\/xstyle.md\/shop\/\"},{\"@type\":\"ListItem\",\"position\":3,\"name\":\"\u0411\u043e\u0442\u0438\u043d\u043a\u0438 Reimatec Pyrytys thyme green\"}]},{\"@type\":\"WebSite\",\"@id\":\"https:\/\/xstyle.md\/#website\",\"url\":\"https:\/\/xstyle.md\/\",\"name\":\"\u041c\u0430\u0433\u0430\u0437\u0438\u043d Xstyle\",\"description\":\"C\u043d\u0430\u0440\u044f\u0436\u0435\u043d\u0438\u0435 \u0434\u043b\u044f \u0442\u0443\u0440\u0438\u0437\u043c\u0430 \u0438 \u044d\u043a\u0441\u0442\u0440\u0435\u043c\u0430\u043b\u044c\u043d\u044b\u0445 \u0432\u0438\u0434\u043e\u0432 \u0441\u043f\u043e\u0440\u0442\u0430 \u0432 \u041c\u043e\u043b\u0434\u043e\u0432\u0435.. \u0426\u0435\u043d\u044b, \u0444\u043e\u0442\u043e, \u0445\u0430\u0440\u0430\u043a\u0442\u0435\u0440\u0438\u0441\u0442\u0438\u043a\u0438 \u0432 \u041c\u043e\u043b\u0434\u043e\u0432\u0435.\",\"publisher\":{\"@id\":\"https:\/\/xstyle.md\/#organization\"},\"alternateName\":\"X-Style\",\"potentialAction\":[{\"@type\":\"SearchAction\",\"target\":{\"@type\":\"EntryPoint\",\"urlTemplate\":\"https:\/\/xstyle.md\/?s={search_term_string}\"},\"query-input\":{\"@type\":\"PropertyValueSpecification\",\"valueRequired\":true,\"valueName\":\"search_term_string\"}}],\"inLanguage\":\"ro-RO\"},{\"@type\":\"Organization\",\"@id\":\"https:\/\/xstyle.md\/#organization\",\"name\":\"\u041c\u0430\u0433\u0430\u0437\u0438\u043d Xstyle\",\"alternateName\":\"x-style\",\"url\":\"https:\/\/xstyle.md\/\",\"logo\":{\"@type\":\"ImageObject\",\"inLanguage\":\"ro-RO\",\"@id\":\"https:\/\/xstyle.md\/#\/schema\/logo\/image\/\",\"url\":\"https:\/\/xstyle.md\/wp-content\/uploads\/2020\/06\/logoicon.svg\",\"contentUrl\":\"https:\/\/xstyle.md\/wp-content\/uploads\/2020\/06\/logoicon.svg\",\"caption\":\"\u041c\u0430\u0433\u0430\u0437\u0438\u043d Xstyle\"},\"image\":{\"@id\":\"https:\/\/xstyle.md\/#\/schema\/logo\/image\/\"},\"sameAs\":[\"https:\/\/www.facebook.com\/xstylemd\",\"https:\/\/www.instagram.com\/xstyle_md\/\",\"https:\/\/t.me\/xstyle_outdoor\"],\"hasMerchantReturnPolicy\":{\"@type\":\"MerchantReturnPolicy\",\"merchantReturnLink\":\"https:\/\/xstyle.md\/ro\/conditions\/\"}}]}<\/script>\n<meta property=\"product:price:amount\" content=\"1690.00\" \/>\n<meta property=\"product:price:currency\" content=\"MDL\" \/>\n<meta property=\"og:availability\" content=\"instock\" \/>\n<meta property=\"product:availability\" content=\"instock\" \/>\n<meta property=\"product:retailer_item_id\" content=\"6438557275079\" \/>\n<meta property=\"product:condition\" content=\"new\" \/>\n<!-- \/ Yoast SEO plugin. -->","yoast_head_json":{"title":"\u0411\u043e\u0442\u0438\u043d\u043a\u0438 Reimatec Pyrytys thyme green - \u041c\u0430\u0433\u0430\u0437\u0438\u043d Xstyle","robots":{"index":"index","follow":"follow","max-snippet":"max-snippet:-1","max-image-preview":"max-image-preview:large","max-video-preview":"max-video-preview:-1"},"canonical":"https:\/\/xstyle.md\/ro\/produs\/botinki-reimatec-pyrytys-thyme-green\/","og_locale":"ro_RO","og_type":"article","og_title":"\u0411\u043e\u0442\u0438\u043d\u043a\u0438 Reimatec Pyrytys thyme green - \u041c\u0430\u0433\u0430\u0437\u0438\u043d Xstyle","og_url":"https:\/\/xstyle.md\/ro\/produs\/botinki-reimatec-pyrytys-thyme-green\/","og_site_name":"\u041c\u0430\u0433\u0430\u0437\u0438\u043d Xstyle","article_publisher":"https:\/\/www.facebook.com\/xstylemd","article_modified_time":"2026-03-04T09:45:13+00:00","og_image":[{"width":1080,"height":1080,"url":"https:\/\/xstyle.md\/wp-content\/uploads\/2025\/12\/reimatec-pyrytys-cinnamon-brown.webp","type":"image\/webp"}],"twitter_card":"summary_large_image","twitter_misc":{"Pre\u021b":"1.690&nbsp;MDL","Disponibilitate":"\u00cen stoc"},"schema":{"@context":"https:\/\/schema.org","@graph":[{"@type":"WebPage","@id":"https:\/\/xstyle.md\/product\/botinki-reimatec-pyrytys-thyme-green\/","url":"https:\/\/xstyle.md\/product\/botinki-reimatec-pyrytys-thyme-green\/","name":"\u0411\u043e\u0442\u0438\u043d\u043a\u0438 Reimatec Pyrytys thyme green - \u041c\u0430\u0433\u0430\u0437\u0438\u043d Xstyle","isPartOf":{"@id":"https:\/\/xstyle.md\/#website"},"primaryImageOfPage":{"@id":"https:\/\/xstyle.md\/product\/botinki-reimatec-pyrytys-thyme-green\/#primaryimage"},"image":{"@id":"https:\/\/xstyle.md\/product\/botinki-reimatec-pyrytys-thyme-green\/#primaryimage"},"thumbnailUrl":"https:\/\/xstyle.md\/wp-content\/uploads\/2025\/12\/reimatec-pyrytys-cinnamon-brown.webp","datePublished":"2025-12-28T16:20:48+00:00","dateModified":"2026-03-04T09:45:13+00:00","breadcrumb":{"@id":"https:\/\/xstyle.md\/product\/botinki-reimatec-pyrytys-thyme-green\/#breadcrumb"},"inLanguage":"ro-RO","potentialAction":[{"@type":"ReadAction","target":["https:\/\/xstyle.md\/product\/botinki-reimatec-pyrytys-thyme-green\/"]}]},{"@type":"ImageObject","inLanguage":"ro-RO","@id":"https:\/\/xstyle.md\/product\/botinki-reimatec-pyrytys-thyme-green\/#primaryimage","url":"https:\/\/xstyle.md\/wp-content\/uploads\/2025\/12\/reimatec-pyrytys-cinnamon-brown.webp","contentUrl":"https:\/\/xstyle.md\/wp-content\/uploads\/2025\/12\/reimatec-pyrytys-cinnamon-brown.webp","width":1080,"height":1080,"caption":"\u0411\u043e\u0442\u0438\u043d\u043a\u0438 Reimatec Pyrytys \u043a\u043e\u0440\u0438\u0447\u043d\u0435\u0432\u043e\u0433\u043e \u0446\u0432\u0435\u0442\u0430 \u0434\u043b\u044f \u0430\u043a\u0442\u0438\u0432\u043d\u043e\u0433\u043e \u043e\u0442\u0434\u044b\u0445\u0430 \u0438 \u043f\u0443\u0442\u0435\u0448\u0435\u0441\u0442\u0432\u0438\u0439, \u043e\u0431\u0443\u0432\u044c \u0434\u043b\u044f \u043f\u043e\u0445\u043e\u0434\u043e\u0432 \u0438 \u0433\u043e\u0440\u043d\u044b\u0445 \u043f\u0440\u0438\u043a\u043b\u044e\u0447\u0435\u043d\u0438\u0439 \u0432 \u0438\u043d\u0442\u0435\u0440\u043d\u0435\u0442-\u043c\u0430\u0433\u0430\u0437\u0438\u043d\u0435 \u0441 \u043e\u0434\u0435\u0436\u0434\u043e\u0439 \u0438 sneakers"},{"@type":"BreadcrumbList","@id":"https:\/\/xstyle.md\/product\/botinki-reimatec-pyrytys-thyme-green\/#breadcrumb","itemListElement":[{"@type":"ListItem","position":1,"name":"\u0413\u043b\u0430\u0432\u043d\u0430\u044f \u0441\u0442\u0440\u0430\u043d\u0438\u0446\u0430","item":"https:\/\/xstyle.md\/"},{"@type":"ListItem","position":2,"name":"\u041c\u0430\u0433\u0430\u0437\u0438\u043d","item":"https:\/\/xstyle.md\/shop\/"},{"@type":"ListItem","position":3,"name":"\u0411\u043e\u0442\u0438\u043d\u043a\u0438 Reimatec Pyrytys thyme green"}]},{"@type":"WebSite","@id":"https:\/\/xstyle.md\/#website","url":"https:\/\/xstyle.md\/","name":"Magazinul X-Style","description":"Echipamente pentru turism \u0219i sporturi extreme \u00een Moldova. Pre\u021buri, fotografii, caracteristici \u00een Moldova.","publisher":{"@id":"https:\/\/xstyle.md\/#organization"},"alternateName":"X-Style","potentialAction":[{"@type":"SearchAction","target":{"@type":"EntryPoint","urlTemplate":"https:\/\/xstyle.md\/?s={search_term_string}"},"query-input":{"@type":"PropertyValueSpecification","valueRequired":true,"valueName":"search_term_string"}}],"inLanguage":"ro-RO"},{"@type":"Organization","@id":"https:\/\/xstyle.md\/#organization","name":"Magazinul X-Style","alternateName":"x-style","url":"https:\/\/xstyle.md\/","logo":{"@type":"ImageObject","inLanguage":"ro-RO","@id":"https:\/\/xstyle.md\/#\/schema\/logo\/image\/","url":"https:\/\/xstyle.md\/wp-content\/uploads\/2020\/06\/logoicon.svg","contentUrl":"https:\/\/xstyle.md\/wp-content\/uploads\/2020\/06\/logoicon.svg","caption":"\u041c\u0430\u0433\u0430\u0437\u0438\u043d Xstyle"},"image":{"@id":"https:\/\/xstyle.md\/#\/schema\/logo\/image\/"},"sameAs":["https:\/\/www.facebook.com\/xstylemd","https:\/\/www.instagram.com\/xstyle_md\/","https:\/\/t.me\/xstyle_outdoor"],"hasMerchantReturnPolicy":{"@type":"MerchantReturnPolicy","merchantReturnLink":"https:\/\/xstyle.md\/ro\/conditions\/"}}]},"product_price_amount":"1690.00","product_price_currency":"MDL","og_availability":"instock","product_availability":"instock","product_retailer_item_id":"6438557275079","product_condition":"new"},"post_mailing_queue_ids":[],"_links":{"self":[{"href":"https:\/\/xstyle.md\/ro\/wp-json\/wp\/v2\/product\/98940","targetHints":{"allow":["GET"]}}],"collection":[{"href":"https:\/\/xstyle.md\/ro\/wp-json\/wp\/v2\/product"}],"about":[{"href":"https:\/\/xstyle.md\/ro\/wp-json\/wp\/v2\/types\/product"}],"replies":[{"embeddable":true,"href":"https:\/\/xstyle.md\/ro\/wp-json\/wp\/v2\/comments?post=98940"}],"wp:featuredmedia":[{"embeddable":true,"href":"https:\/\/xstyle.md\/ro\/wp-json\/wp\/v2\/media\/99253"}],"wp:attachment":[{"href":"https:\/\/xstyle.md\/ro\/wp-json\/wp\/v2\/media?parent=98940"}],"wp:term":[{"taxonomy":"product_brand","embeddable":true,"href":"https:\/\/xstyle.md\/ro\/wp-json\/wp\/v2\/product_brand?post=98940"},{"taxonomy":"product_cat","embeddable":true,"href":"https:\/\/xstyle.md\/ro\/wp-json\/wp\/v2\/product_cat?post=98940"},{"taxonomy":"product_tag","embeddable":true,"href":"https:\/\/xstyle.md\/ro\/wp-json\/wp\/v2\/product_tag?post=98940"}],"curies":[{"name":"wp","href":"https:\/\/api.w.org\/{rel}","templated":true}]}}