{"id":98936,"date":"2025-12-24T19:20:46","date_gmt":"2025-12-24T16:20:46","guid":{"rendered":"https:\/\/xstyle.md\/?post_type=product&#038;p=98936"},"modified":"2026-02-19T17:13:18","modified_gmt":"2026-02-19T14:13:18","slug":"skladnoj-gril-primus-aeril-large","status":"publish","type":"product","link":"https:\/\/xstyle.md\/ro\/produs\/skladnoj-gril-primus-aeril-large\/","title":{"rendered":"Gr\u0103tar Primus Aeril Large"},"content":{"rendered":"<\/p>\n<p><strong>Gr\u0103tar Primus Aeril Large<\/strong> &#8212; comod \u0219i compact, v\u0103 permite s\u0103 g\u0103ti\u021bi preparatele preferate la foc deschis cu un confort deosebit. Construc\u021bia robust\u0103 \u0219i fiabil\u0103 din o\u021bel, prev\u0103zut\u0103 cu picioare, este potrivit\u0103 pentru utilizarea cu gr\u0103tare tip plas\u0103, t\u0103i \u0219i oale de toate tipurile. Forma plat\u0103 \u00een stare pliat\u0103 faciliteaz\u0103 transportul \u0219i depozitarea convenabil\u0103.<\/p>\n<p>Gr\u0103tarul este reglabil pe \u00een\u0103l\u021bime pentru a controla nivelul de g\u0103tit, deplas\u00e2ndu-se mai aproape sau mai departe de foc. Datorit\u0103 versatilit\u0103\u021bii \u0219i compactit\u0103\u021bii sale, acest grill este o alegere excelent\u0103 pentru drume\u021biile de weekend \u0219i camping.<\/p>\n<h3>Particularit\u0103\u021bi<\/h3>\n<ul>\n<li>U\u0219or \u0219i compact<\/li>\n<li>Construc\u021bie stabil\u0103 din o\u021bel inoxidabil<\/li>\n<li>Gr\u0103tar universal pentru toate tipurile de oale \u0219i t\u0103i<\/li>\n<li>Ambalare ergonomic\u0103 datorit\u0103 formatului plat pliabil \u0219i husei pentru depozitare \u0219i transport<\/li>\n<\/ul>\n<h3>Caracteristici<\/h3>\n<ul>\n<li>Materiale &#8212; o\u021bel inoxidabil<\/li>\n<li>Destina\u021bie &#8212; camping, c\u0103l\u0103torii, recreere \u00een natur\u0103, picnicuri<\/li>\n<li>Dimensiuni &#8212; 43x43x23 cm (l\u0103\u021bime\/lungime\/\u00een\u0103l\u021bime)<\/li>\n<li>Greutate &#8212; 2,2 kg<\/li>\n<\/ul>\n<p><\/p>\n<h3>Marca<\/h3>\n<p>Primus este o companie suedez\u0103 fondat\u0103 de mecanicul F.W.Lindqvist, care a inventat primul arz\u0103tor cu parafin\u0103, care nu avea fitil, iar designul sem\u0103na cu cel al unui blowtorch, f\u0103r\u0103 funingine \u0219i murd\u0103rie la utilizare. Ini\u021bial a fost conceput pentru a facilita g\u0103titul la domiciliu, dar cu timpul arz\u0103torul \u0219i-a schimbat scopul, devenind un instrument indispensabil pentru a face via\u021ba mai u\u0219oar\u0103 \u00een campingul amatorilor, \u00een taberele de baz\u0103 de alpinism \u0219i \u00een sta\u021bionarele mobile din expedi\u021biile de cercetare.<\/p>\n<p>Ast\u0103zi, legendara companie Primus produce o gam\u0103 larg\u0103 de produse pentru g\u0103tit \u0219i conservarea alimentelor: arz\u0103toare cu gaz \u0219i combustibil lichid, seturi de ustensile de g\u0103tit de c\u0103l\u0103torie, termosuri, wok-uri, butelii de gaz. Toate produsele sub sigla acestei companii sunt fiabile \u0219i durabile.<\/p>","protected":false},"excerpt":{"rendered":"<p>\u0411\u0440\u0435\u043d\u0434 Primus \u2013 \u0448\u0432\u0435\u0434\u0441\u043a\u0430\u044f \u043a\u043e\u043c\u043f\u0430\u043d\u0438\u044f, \u043e\u0441\u043d\u043e\u0432\u0430\u0442\u0435\u043b\u0435\u043c \u043a\u043e\u0442\u043e\u0440\u043e\u0433\u043e \u044f\u0432\u043b\u044f\u0435\u0442\u0441\u044f \u043c\u0435\u0445\u0430\u043d\u0438\u043a \u0424.\u0412.\u041b\u0438\u043d\u0434\u043a\u0432\u0438\u0441\u0442, \u0438\u0437\u043e\u0431\u0440\u0435\u0442\u0448\u0438\u0439 \u043f\u0435\u0440\u0432\u0443\u044e \u043a\u0435\u0440\u043e\u0441\u0438\u043d\u043e\u0432\u0443\u044e \u0433\u043e\u0440\u0435\u043b\u043a\u0443, \u0432 \u043a\u043e\u0442\u043e\u0440\u043e\u0439 \u043d\u0435 \u0431\u044b\u043b\u043e \u0444\u0438\u0442\u0438\u043b\u044f, \u0430 \u043a\u043e\u043d\u0441\u0442\u0440\u0443\u043a\u0446\u0438\u044f \u043d\u0430\u043f\u043e\u043c\u0438\u043d\u0430\u043b\u0430 \u043a\u043e\u043d\u0441\u0442\u0440\u0443\u043a\u0446\u0438\u044e \u043f\u0430\u044f\u043b\u044c\u043d\u043e\u0439 \u043b\u0430\u043c\u043f\u044b, \u043f\u0440\u0438 \u0438\u0441\u043f\u043e\u043b\u044c\u0437\u043e\u0432\u0430\u043d\u0438\u0438 \u043a\u043e\u0442\u043e\u0440\u043e\u0439 \u043d\u0435 \u0431\u044b\u043b\u043e \u0441\u0430\u0436\u0438 \u0438 \u043a\u043e\u043f\u043e\u0442\u0438. \u041f\u0435\u0440\u0432\u043e\u043d\u0430\u0447\u0430\u043b\u044c\u043d\u043e \u043e\u043d\u0430 \u0431\u044b\u043b\u0430 \u0440\u0430\u0441\u0441\u0447\u0438\u0442\u0430\u043d\u0430 \u0434\u043b\u044f \u043e\u0431\u043b\u0435\u0433\u0447\u0435\u043d\u0438\u044f \u043f\u0440\u043e\u0446\u0435\u0441\u0441\u0430 \u0433\u043e\u0442\u043e\u0432\u043a\u0438 \u0432 \u0434\u043e\u043c\u0430\u0448\u043d\u0438\u0445 \u0443\u0441\u043b\u043e\u0432\u0438\u044f\u0445, \u043d\u043e \u0441\u043e \u0432\u0440\u0435\u043c\u0435\u043d\u0435\u043c \u0433\u043e\u0440\u0435\u043b\u043a\u0430 \u0438\u0437\u043c\u0435\u043d\u0438\u043b\u0430 \u0441\u0432\u043e\u0435 \u043d\u0430\u0437\u043d\u0430\u0447\u0435\u043d\u0438\u0435, \u0441\u0442\u0430\u0432 \u043d\u0435\u0437\u0430\u043c\u0435\u043d\u0438\u043c\u044b\u043c \u043f\u0440\u0438\u0441\u043f\u043e\u0441\u043e\u0431\u043b\u0435\u043d\u0438\u0435\u043c, \u043e\u0431\u043b\u0435\u0433\u0447\u0430\u044f [&hellip;]<\/p>\n","protected":false},"featured_media":101808,"comment_status":"open","ping_status":"closed","template":"","meta":{"_acf_changed":false,"inline_featured_image":false},"product_brand":[1272],"product_cat":[896],"product_tag":[],"class_list":{"0":"post-98936","1":"product","2":"type-product","3":"status-publish","4":"has-post-thumbnail","6":"product_brand-primus","7":"product_cat-mangal","9":"first","10":"instock","11":"shipping-taxable","12":"purchasable","13":"product-type-simple"},"acf":[],"yoast_head":"<!-- This site is optimized with the Yoast SEO plugin v27.2 - https:\/\/yoast.com\/product\/yoast-seo-wordpress\/ -->\n<title>\u0421\u043a\u043b\u0430\u0434\u043d\u043e\u0439 \u0433\u0440\u0438\u043b\u044c Primus Aeril Large - \u041c\u0430\u0433\u0430\u0437\u0438\u043d Xstyle<\/title>\n<meta name=\"robots\" content=\"index, follow, max-snippet:-1, max-image-preview:large, max-video-preview:-1\" \/>\n<link rel=\"canonical\" href=\"https:\/\/xstyle.md\/ro\/produs\/skladnoj-gril-primus-aeril-large\/\" \/>\n<meta property=\"og:locale\" content=\"ro_RO\" \/>\n<meta property=\"og:type\" content=\"article\" \/>\n<meta property=\"og:title\" content=\"\u0421\u043a\u043b\u0430\u0434\u043d\u043e\u0439 \u0433\u0440\u0438\u043b\u044c Primus Aeril Large - \u041c\u0430\u0433\u0430\u0437\u0438\u043d Xstyle\" \/>\n<meta property=\"og:description\" content=\"\u0411\u0440\u0435\u043d\u0434 Primus \u2013 \u0448\u0432\u0435\u0434\u0441\u043a\u0430\u044f \u043a\u043e\u043c\u043f\u0430\u043d\u0438\u044f, \u043e\u0441\u043d\u043e\u0432\u0430\u0442\u0435\u043b\u0435\u043c \u043a\u043e\u0442\u043e\u0440\u043e\u0433\u043e \u044f\u0432\u043b\u044f\u0435\u0442\u0441\u044f \u043c\u0435\u0445\u0430\u043d\u0438\u043a \u0424.\u0412.\u041b\u0438\u043d\u0434\u043a\u0432\u0438\u0441\u0442, \u0438\u0437\u043e\u0431\u0440\u0435\u0442\u0448\u0438\u0439 \u043f\u0435\u0440\u0432\u0443\u044e \u043a\u0435\u0440\u043e\u0441\u0438\u043d\u043e\u0432\u0443\u044e \u0433\u043e\u0440\u0435\u043b\u043a\u0443, \u0432 \u043a\u043e\u0442\u043e\u0440\u043e\u0439 \u043d\u0435 \u0431\u044b\u043b\u043e \u0444\u0438\u0442\u0438\u043b\u044f, \u0430 \u043a\u043e\u043d\u0441\u0442\u0440\u0443\u043a\u0446\u0438\u044f \u043d\u0430\u043f\u043e\u043c\u0438\u043d\u0430\u043b\u0430 \u043a\u043e\u043d\u0441\u0442\u0440\u0443\u043a\u0446\u0438\u044e \u043f\u0430\u044f\u043b\u044c\u043d\u043e\u0439 \u043b\u0430\u043c\u043f\u044b, \u043f\u0440\u0438 \u0438\u0441\u043f\u043e\u043b\u044c\u0437\u043e\u0432\u0430\u043d\u0438\u0438 \u043a\u043e\u0442\u043e\u0440\u043e\u0439 \u043d\u0435 \u0431\u044b\u043b\u043e \u0441\u0430\u0436\u0438 \u0438 \u043a\u043e\u043f\u043e\u0442\u0438. \u041f\u0435\u0440\u0432\u043e\u043d\u0430\u0447\u0430\u043b\u044c\u043d\u043e \u043e\u043d\u0430 \u0431\u044b\u043b\u0430 \u0440\u0430\u0441\u0441\u0447\u0438\u0442\u0430\u043d\u0430 \u0434\u043b\u044f \u043e\u0431\u043b\u0435\u0433\u0447\u0435\u043d\u0438\u044f \u043f\u0440\u043e\u0446\u0435\u0441\u0441\u0430 \u0433\u043e\u0442\u043e\u0432\u043a\u0438 \u0432 \u0434\u043e\u043c\u0430\u0448\u043d\u0438\u0445 \u0443\u0441\u043b\u043e\u0432\u0438\u044f\u0445, \u043d\u043e \u0441\u043e \u0432\u0440\u0435\u043c\u0435\u043d\u0435\u043c \u0433\u043e\u0440\u0435\u043b\u043a\u0430 \u0438\u0437\u043c\u0435\u043d\u0438\u043b\u0430 \u0441\u0432\u043e\u0435 \u043d\u0430\u0437\u043d\u0430\u0447\u0435\u043d\u0438\u0435, \u0441\u0442\u0430\u0432 \u043d\u0435\u0437\u0430\u043c\u0435\u043d\u0438\u043c\u044b\u043c \u043f\u0440\u0438\u0441\u043f\u043e\u0441\u043e\u0431\u043b\u0435\u043d\u0438\u0435\u043c, \u043e\u0431\u043b\u0435\u0433\u0447\u0430\u044f [&hellip;]\" \/>\n<meta property=\"og:url\" content=\"https:\/\/xstyle.md\/ro\/produs\/skladnoj-gril-primus-aeril-large\/\" \/>\n<meta property=\"og:site_name\" content=\"\u041c\u0430\u0433\u0430\u0437\u0438\u043d Xstyle\" \/>\n<meta property=\"article:publisher\" content=\"https:\/\/www.facebook.com\/xstylemd\" \/>\n<meta property=\"article:modified_time\" content=\"2026-02-19T14:13:18+00:00\" \/>\n<meta property=\"og:image\" content=\"https:\/\/xstyle.md\/wp-content\/uploads\/2025\/12\/primus-aeril-large-2.webp\" \/>\n\t<meta property=\"og:image:width\" content=\"1200\" \/>\n\t<meta property=\"og:image:height\" content=\"1200\" \/>\n\t<meta property=\"og:image:type\" content=\"image\/webp\" \/>\n<meta name=\"twitter:card\" content=\"summary_large_image\" \/>\n<meta name=\"twitter:label1\" content=\"Pre\u021b\" \/>\n\t<meta name=\"twitter:data1\" content=\"2.490&nbsp;MDL\" \/>\n\t<meta name=\"twitter:label2\" content=\"Disponibilitate\" \/>\n\t<meta name=\"twitter:data2\" content=\"\u00cen stoc\" \/>\n<script type=\"application\/ld+json\" class=\"yoast-schema-graph\">{\"@context\":\"https:\/\/schema.org\",\"@graph\":[{\"@type\":\"WebPage\",\"@id\":\"https:\/\/xstyle.md\/product\/skladnoj-gril-primus-aeril-large\/\",\"url\":\"https:\/\/xstyle.md\/product\/skladnoj-gril-primus-aeril-large\/\",\"name\":\"\u0421\u043a\u043b\u0430\u0434\u043d\u043e\u0439 \u0433\u0440\u0438\u043b\u044c Primus Aeril Large - \u041c\u0430\u0433\u0430\u0437\u0438\u043d Xstyle\",\"isPartOf\":{\"@id\":\"https:\/\/xstyle.md\/#website\"},\"primaryImageOfPage\":{\"@id\":\"https:\/\/xstyle.md\/product\/skladnoj-gril-primus-aeril-large\/#primaryimage\"},\"image\":{\"@id\":\"https:\/\/xstyle.md\/product\/skladnoj-gril-primus-aeril-large\/#primaryimage\"},\"thumbnailUrl\":\"https:\/\/xstyle.md\/wp-content\/uploads\/2025\/12\/primus-aeril-large-2.webp\",\"datePublished\":\"2025-12-24T16:20:46+00:00\",\"dateModified\":\"2026-02-19T14:13:18+00:00\",\"breadcrumb\":{\"@id\":\"https:\/\/xstyle.md\/product\/skladnoj-gril-primus-aeril-large\/#breadcrumb\"},\"inLanguage\":\"ro-RO\",\"potentialAction\":[{\"@type\":\"ReadAction\",\"target\":[\"https:\/\/xstyle.md\/product\/skladnoj-gril-primus-aeril-large\/\"]}]},{\"@type\":\"ImageObject\",\"inLanguage\":\"ro-RO\",\"@id\":\"https:\/\/xstyle.md\/product\/skladnoj-gril-primus-aeril-large\/#primaryimage\",\"url\":\"https:\/\/xstyle.md\/wp-content\/uploads\/2025\/12\/primus-aeril-large-2.webp\",\"contentUrl\":\"https:\/\/xstyle.md\/wp-content\/uploads\/2025\/12\/primus-aeril-large-2.webp\",\"width\":1200,\"height\":1200,\"caption\":\"\u0421\u043a\u043b\u0430\u0434\u043d\u043e\u0439 \u0433\u0440\u0438\u043b\u044c Primus Aeril Large \u0434\u043b\u044f \u0430\u043a\u0442\u0438\u0432\u043d\u043e\u0433\u043e \u043e\u0442\u0434\u044b\u0445\u0430, \u043f\u0443\u0442\u0435\u0448\u0435\u0441\u0442\u0432\u0438\u0439 \u0438 \u0442\u0443\u0440\u0438\u0441\u0442\u0438\u0447\u0435\u0441\u043a\u043e\u0439 \u044d\u043a\u0438\u043f\u0438\u0440\u043e\u0432\u043a\u0438, \u043f\u043e\u0434\u0445\u043e\u0434\u044f\u0449\u0438\u0439 \u0434\u043b\u044f \u043a\u0435\u043c\u043f\u0438\u043d\u0433\u0430 \u0438 \u0430\u043b\u044c\u043f\u0438\u043d\u0438\u0437\u043c\u0430 \u0432 \u0438\u043d\u0442\u0435\u0440\u043d\u0435\u0442-\u043c\u0430\u0433\u0430\u0437\u0438\u043d\u0435 \u0442\u043e\u0432\u0430\u0440\u043e\u0432 \u0434\u043b\u044f \u0430\u043a\u0442\u0438\u0432\u043d\u043e\u0439 \u0436\u0438\u0437\u043d\u0438\"},{\"@type\":\"BreadcrumbList\",\"@id\":\"https:\/\/xstyle.md\/product\/skladnoj-gril-primus-aeril-large\/#breadcrumb\",\"itemListElement\":[{\"@type\":\"ListItem\",\"position\":1,\"name\":\"\u0413\u043b\u0430\u0432\u043d\u0430\u044f \u0441\u0442\u0440\u0430\u043d\u0438\u0446\u0430\",\"item\":\"https:\/\/xstyle.md\/\"},{\"@type\":\"ListItem\",\"position\":2,\"name\":\"\u041c\u0430\u0433\u0430\u0437\u0438\u043d\",\"item\":\"https:\/\/xstyle.md\/shop\/\"},{\"@type\":\"ListItem\",\"position\":3,\"name\":\"\u0421\u043a\u043b\u0430\u0434\u043d\u043e\u0439 \u0433\u0440\u0438\u043b\u044c Primus Aeril Large\"}]},{\"@type\":\"WebSite\",\"@id\":\"https:\/\/xstyle.md\/#website\",\"url\":\"https:\/\/xstyle.md\/\",\"name\":\"\u041c\u0430\u0433\u0430\u0437\u0438\u043d Xstyle\",\"description\":\"C\u043d\u0430\u0440\u044f\u0436\u0435\u043d\u0438\u0435 \u0434\u043b\u044f \u0442\u0443\u0440\u0438\u0437\u043c\u0430 \u0438 \u044d\u043a\u0441\u0442\u0440\u0435\u043c\u0430\u043b\u044c\u043d\u044b\u0445 \u0432\u0438\u0434\u043e\u0432 \u0441\u043f\u043e\u0440\u0442\u0430 \u0432 \u041c\u043e\u043b\u0434\u043e\u0432\u0435.. \u0426\u0435\u043d\u044b, \u0444\u043e\u0442\u043e, \u0445\u0430\u0440\u0430\u043a\u0442\u0435\u0440\u0438\u0441\u0442\u0438\u043a\u0438 \u0432 \u041c\u043e\u043b\u0434\u043e\u0432\u0435.\",\"publisher\":{\"@id\":\"https:\/\/xstyle.md\/#organization\"},\"alternateName\":\"X-Style\",\"potentialAction\":[{\"@type\":\"SearchAction\",\"target\":{\"@type\":\"EntryPoint\",\"urlTemplate\":\"https:\/\/xstyle.md\/?s={search_term_string}\"},\"query-input\":{\"@type\":\"PropertyValueSpecification\",\"valueRequired\":true,\"valueName\":\"search_term_string\"}}],\"inLanguage\":\"ro-RO\"},{\"@type\":\"Organization\",\"@id\":\"https:\/\/xstyle.md\/#organization\",\"name\":\"\u041c\u0430\u0433\u0430\u0437\u0438\u043d Xstyle\",\"alternateName\":\"x-style\",\"url\":\"https:\/\/xstyle.md\/\",\"logo\":{\"@type\":\"ImageObject\",\"inLanguage\":\"ro-RO\",\"@id\":\"https:\/\/xstyle.md\/#\/schema\/logo\/image\/\",\"url\":\"https:\/\/xstyle.md\/wp-content\/uploads\/2020\/06\/logoicon.svg\",\"contentUrl\":\"https:\/\/xstyle.md\/wp-content\/uploads\/2020\/06\/logoicon.svg\",\"caption\":\"\u041c\u0430\u0433\u0430\u0437\u0438\u043d Xstyle\"},\"image\":{\"@id\":\"https:\/\/xstyle.md\/#\/schema\/logo\/image\/\"},\"sameAs\":[\"https:\/\/www.facebook.com\/xstylemd\",\"https:\/\/www.instagram.com\/xstyle_md\/\",\"https:\/\/t.me\/xstyle_outdoor\"],\"hasMerchantReturnPolicy\":{\"@type\":\"MerchantReturnPolicy\",\"merchantReturnLink\":\"https:\/\/xstyle.md\/ro\/conditions\/\"}}]}<\/script>\n<meta property=\"product:price:amount\" content=\"2490.00\" \/>\n<meta property=\"product:price:currency\" content=\"MDL\" \/>\n<meta property=\"og:availability\" content=\"instock\" \/>\n<meta property=\"product:availability\" content=\"instock\" \/>\n<meta property=\"product:retailer_item_id\" content=\"7330033909432\" \/>\n<meta property=\"product:condition\" content=\"new\" \/>\n<!-- \/ Yoast SEO plugin. -->","yoast_head_json":{"title":"\u0421\u043a\u043b\u0430\u0434\u043d\u043e\u0439 \u0433\u0440\u0438\u043b\u044c Primus Aeril Large - \u041c\u0430\u0433\u0430\u0437\u0438\u043d Xstyle","robots":{"index":"index","follow":"follow","max-snippet":"max-snippet:-1","max-image-preview":"max-image-preview:large","max-video-preview":"max-video-preview:-1"},"canonical":"https:\/\/xstyle.md\/ro\/produs\/skladnoj-gril-primus-aeril-large\/","og_locale":"ro_RO","og_type":"article","og_title":"\u0421\u043a\u043b\u0430\u0434\u043d\u043e\u0439 \u0433\u0440\u0438\u043b\u044c Primus Aeril Large - \u041c\u0430\u0433\u0430\u0437\u0438\u043d Xstyle","og_description":"\u0411\u0440\u0435\u043d\u0434 Primus \u2013 \u0448\u0432\u0435\u0434\u0441\u043a\u0430\u044f \u043a\u043e\u043c\u043f\u0430\u043d\u0438\u044f, \u043e\u0441\u043d\u043e\u0432\u0430\u0442\u0435\u043b\u0435\u043c \u043a\u043e\u0442\u043e\u0440\u043e\u0433\u043e \u044f\u0432\u043b\u044f\u0435\u0442\u0441\u044f \u043c\u0435\u0445\u0430\u043d\u0438\u043a \u0424.\u0412.\u041b\u0438\u043d\u0434\u043a\u0432\u0438\u0441\u0442, \u0438\u0437\u043e\u0431\u0440\u0435\u0442\u0448\u0438\u0439 \u043f\u0435\u0440\u0432\u0443\u044e \u043a\u0435\u0440\u043e\u0441\u0438\u043d\u043e\u0432\u0443\u044e \u0433\u043e\u0440\u0435\u043b\u043a\u0443, \u0432 \u043a\u043e\u0442\u043e\u0440\u043e\u0439 \u043d\u0435 \u0431\u044b\u043b\u043e \u0444\u0438\u0442\u0438\u043b\u044f, \u0430 \u043a\u043e\u043d\u0441\u0442\u0440\u0443\u043a\u0446\u0438\u044f \u043d\u0430\u043f\u043e\u043c\u0438\u043d\u0430\u043b\u0430 \u043a\u043e\u043d\u0441\u0442\u0440\u0443\u043a\u0446\u0438\u044e \u043f\u0430\u044f\u043b\u044c\u043d\u043e\u0439 \u043b\u0430\u043c\u043f\u044b, \u043f\u0440\u0438 \u0438\u0441\u043f\u043e\u043b\u044c\u0437\u043e\u0432\u0430\u043d\u0438\u0438 \u043a\u043e\u0442\u043e\u0440\u043e\u0439 \u043d\u0435 \u0431\u044b\u043b\u043e \u0441\u0430\u0436\u0438 \u0438 \u043a\u043e\u043f\u043e\u0442\u0438. \u041f\u0435\u0440\u0432\u043e\u043d\u0430\u0447\u0430\u043b\u044c\u043d\u043e \u043e\u043d\u0430 \u0431\u044b\u043b\u0430 \u0440\u0430\u0441\u0441\u0447\u0438\u0442\u0430\u043d\u0430 \u0434\u043b\u044f \u043e\u0431\u043b\u0435\u0433\u0447\u0435\u043d\u0438\u044f \u043f\u0440\u043e\u0446\u0435\u0441\u0441\u0430 \u0433\u043e\u0442\u043e\u0432\u043a\u0438 \u0432 \u0434\u043e\u043c\u0430\u0448\u043d\u0438\u0445 \u0443\u0441\u043b\u043e\u0432\u0438\u044f\u0445, \u043d\u043e \u0441\u043e \u0432\u0440\u0435\u043c\u0435\u043d\u0435\u043c \u0433\u043e\u0440\u0435\u043b\u043a\u0430 \u0438\u0437\u043c\u0435\u043d\u0438\u043b\u0430 \u0441\u0432\u043e\u0435 \u043d\u0430\u0437\u043d\u0430\u0447\u0435\u043d\u0438\u0435, \u0441\u0442\u0430\u0432 \u043d\u0435\u0437\u0430\u043c\u0435\u043d\u0438\u043c\u044b\u043c \u043f\u0440\u0438\u0441\u043f\u043e\u0441\u043e\u0431\u043b\u0435\u043d\u0438\u0435\u043c, \u043e\u0431\u043b\u0435\u0433\u0447\u0430\u044f [&hellip;]","og_url":"https:\/\/xstyle.md\/ro\/produs\/skladnoj-gril-primus-aeril-large\/","og_site_name":"\u041c\u0430\u0433\u0430\u0437\u0438\u043d Xstyle","article_publisher":"https:\/\/www.facebook.com\/xstylemd","article_modified_time":"2026-02-19T14:13:18+00:00","og_image":[{"width":1200,"height":1200,"url":"https:\/\/xstyle.md\/wp-content\/uploads\/2025\/12\/primus-aeril-large-2.webp","type":"image\/webp"}],"twitter_card":"summary_large_image","twitter_misc":{"Pre\u021b":"2.490&nbsp;MDL","Disponibilitate":"\u00cen stoc"},"schema":{"@context":"https:\/\/schema.org","@graph":[{"@type":"WebPage","@id":"https:\/\/xstyle.md\/product\/skladnoj-gril-primus-aeril-large\/","url":"https:\/\/xstyle.md\/product\/skladnoj-gril-primus-aeril-large\/","name":"\u0421\u043a\u043b\u0430\u0434\u043d\u043e\u0439 \u0433\u0440\u0438\u043b\u044c Primus Aeril Large - \u041c\u0430\u0433\u0430\u0437\u0438\u043d Xstyle","isPartOf":{"@id":"https:\/\/xstyle.md\/#website"},"primaryImageOfPage":{"@id":"https:\/\/xstyle.md\/product\/skladnoj-gril-primus-aeril-large\/#primaryimage"},"image":{"@id":"https:\/\/xstyle.md\/product\/skladnoj-gril-primus-aeril-large\/#primaryimage"},"thumbnailUrl":"https:\/\/xstyle.md\/wp-content\/uploads\/2025\/12\/primus-aeril-large-2.webp","datePublished":"2025-12-24T16:20:46+00:00","dateModified":"2026-02-19T14:13:18+00:00","breadcrumb":{"@id":"https:\/\/xstyle.md\/product\/skladnoj-gril-primus-aeril-large\/#breadcrumb"},"inLanguage":"ro-RO","potentialAction":[{"@type":"ReadAction","target":["https:\/\/xstyle.md\/product\/skladnoj-gril-primus-aeril-large\/"]}]},{"@type":"ImageObject","inLanguage":"ro-RO","@id":"https:\/\/xstyle.md\/product\/skladnoj-gril-primus-aeril-large\/#primaryimage","url":"https:\/\/xstyle.md\/wp-content\/uploads\/2025\/12\/primus-aeril-large-2.webp","contentUrl":"https:\/\/xstyle.md\/wp-content\/uploads\/2025\/12\/primus-aeril-large-2.webp","width":1200,"height":1200,"caption":"\u0421\u043a\u043b\u0430\u0434\u043d\u043e\u0439 \u0433\u0440\u0438\u043b\u044c Primus Aeril Large \u0434\u043b\u044f \u0430\u043a\u0442\u0438\u0432\u043d\u043e\u0433\u043e \u043e\u0442\u0434\u044b\u0445\u0430, \u043f\u0443\u0442\u0435\u0448\u0435\u0441\u0442\u0432\u0438\u0439 \u0438 \u0442\u0443\u0440\u0438\u0441\u0442\u0438\u0447\u0435\u0441\u043a\u043e\u0439 \u044d\u043a\u0438\u043f\u0438\u0440\u043e\u0432\u043a\u0438, \u043f\u043e\u0434\u0445\u043e\u0434\u044f\u0449\u0438\u0439 \u0434\u043b\u044f \u043a\u0435\u043c\u043f\u0438\u043d\u0433\u0430 \u0438 \u0430\u043b\u044c\u043f\u0438\u043d\u0438\u0437\u043c\u0430 \u0432 \u0438\u043d\u0442\u0435\u0440\u043d\u0435\u0442-\u043c\u0430\u0433\u0430\u0437\u0438\u043d\u0435 \u0442\u043e\u0432\u0430\u0440\u043e\u0432 \u0434\u043b\u044f \u0430\u043a\u0442\u0438\u0432\u043d\u043e\u0439 \u0436\u0438\u0437\u043d\u0438"},{"@type":"BreadcrumbList","@id":"https:\/\/xstyle.md\/product\/skladnoj-gril-primus-aeril-large\/#breadcrumb","itemListElement":[{"@type":"ListItem","position":1,"name":"\u0413\u043b\u0430\u0432\u043d\u0430\u044f \u0441\u0442\u0440\u0430\u043d\u0438\u0446\u0430","item":"https:\/\/xstyle.md\/"},{"@type":"ListItem","position":2,"name":"\u041c\u0430\u0433\u0430\u0437\u0438\u043d","item":"https:\/\/xstyle.md\/shop\/"},{"@type":"ListItem","position":3,"name":"\u0421\u043a\u043b\u0430\u0434\u043d\u043e\u0439 \u0433\u0440\u0438\u043b\u044c Primus Aeril Large"}]},{"@type":"WebSite","@id":"https:\/\/xstyle.md\/#website","url":"https:\/\/xstyle.md\/","name":"Magazinul X-Style","description":"Echipamente pentru turism \u0219i sporturi extreme \u00een Moldova. Pre\u021buri, fotografii, caracteristici \u00een Moldova.","publisher":{"@id":"https:\/\/xstyle.md\/#organization"},"alternateName":"X-Style","potentialAction":[{"@type":"SearchAction","target":{"@type":"EntryPoint","urlTemplate":"https:\/\/xstyle.md\/?s={search_term_string}"},"query-input":{"@type":"PropertyValueSpecification","valueRequired":true,"valueName":"search_term_string"}}],"inLanguage":"ro-RO"},{"@type":"Organization","@id":"https:\/\/xstyle.md\/#organization","name":"Magazinul X-Style","alternateName":"x-style","url":"https:\/\/xstyle.md\/","logo":{"@type":"ImageObject","inLanguage":"ro-RO","@id":"https:\/\/xstyle.md\/#\/schema\/logo\/image\/","url":"https:\/\/xstyle.md\/wp-content\/uploads\/2020\/06\/logoicon.svg","contentUrl":"https:\/\/xstyle.md\/wp-content\/uploads\/2020\/06\/logoicon.svg","caption":"\u041c\u0430\u0433\u0430\u0437\u0438\u043d Xstyle"},"image":{"@id":"https:\/\/xstyle.md\/#\/schema\/logo\/image\/"},"sameAs":["https:\/\/www.facebook.com\/xstylemd","https:\/\/www.instagram.com\/xstyle_md\/","https:\/\/t.me\/xstyle_outdoor"],"hasMerchantReturnPolicy":{"@type":"MerchantReturnPolicy","merchantReturnLink":"https:\/\/xstyle.md\/ro\/conditions\/"}}]},"product_price_amount":"2490.00","product_price_currency":"MDL","og_availability":"instock","product_availability":"instock","product_retailer_item_id":"7330033909432","product_condition":"new"},"post_mailing_queue_ids":[],"_links":{"self":[{"href":"https:\/\/xstyle.md\/ro\/wp-json\/wp\/v2\/product\/98936","targetHints":{"allow":["GET"]}}],"collection":[{"href":"https:\/\/xstyle.md\/ro\/wp-json\/wp\/v2\/product"}],"about":[{"href":"https:\/\/xstyle.md\/ro\/wp-json\/wp\/v2\/types\/product"}],"replies":[{"embeddable":true,"href":"https:\/\/xstyle.md\/ro\/wp-json\/wp\/v2\/comments?post=98936"}],"wp:featuredmedia":[{"embeddable":true,"href":"https:\/\/xstyle.md\/ro\/wp-json\/wp\/v2\/media\/101808"}],"wp:attachment":[{"href":"https:\/\/xstyle.md\/ro\/wp-json\/wp\/v2\/media?parent=98936"}],"wp:term":[{"taxonomy":"product_brand","embeddable":true,"href":"https:\/\/xstyle.md\/ro\/wp-json\/wp\/v2\/product_brand?post=98936"},{"taxonomy":"product_cat","embeddable":true,"href":"https:\/\/xstyle.md\/ro\/wp-json\/wp\/v2\/product_cat?post=98936"},{"taxonomy":"product_tag","embeddable":true,"href":"https:\/\/xstyle.md\/ro\/wp-json\/wp\/v2\/product_tag?post=98936"}],"curies":[{"name":"wp","href":"https:\/\/api.w.org\/{rel}","templated":true}]}}