{"id":98933,"date":"2025-12-24T19:20:45","date_gmt":"2025-12-24T16:20:45","guid":{"rendered":"https:\/\/xstyle.md\/?post_type=product&#038;p=98933"},"modified":"2026-04-06T16:07:15","modified_gmt":"2026-04-06T13:07:15","slug":"forma-dlya-vypekaniya-petromax-muffin-mould-mf6","status":"publish","type":"product","link":"https:\/\/xstyle.md\/ro\/produs\/forma-dlya-vypekaniya-petromax-muffin-mould-mf6\/","title":{"rendered":"Form\u0103 din font\u0103 Petromax Muffin Mould mf6"},"content":{"rendered":"<\/p>\n<p><strong>Petromax Muffin Mould mf6<\/strong> &#8212; form\u0103 specializat\u0103 din font\u0103 de \u00eenalt\u0103 calitate, conceput\u0103 pentru coacerea a \u0219ase brio\u0219e sau muffins simultan. Forma este ideal\u0103 pentru utilizarea la foc deschis, \u00een gr\u0103tare cu c\u0103rbuni sau \u00een cuptorul de acas\u0103. Datorit\u0103 propriet\u0103\u021bilor fontei, produsele de patiserie sunt coapte uniform \u0219i cap\u0103t\u0103 o textur\u0103 deosebit\u0103.<\/p>\n<h3>Particularit\u0103\u021bi<\/h3>\n<ul>\n<li>Versatilitate &#8212; forma poate fi introdus\u0103 \u00een interiorul cuptoarelor olandeze (ceaune) Petromax modelele ft6 \u0219i ft9 pentru a crea efectul unui cuptor complet la foc de tab\u0103r\u0103<\/li>\n<li>\u00cenc\u0103lzire uniform\u0103 &#8212; fonta acumuleaz\u0103 c\u0103ldura \u0219i o distribuie pe \u00eentreaga suprafa\u021b\u0103, elimin\u00e2nd riscul de ardere pe o singur\u0103 parte<\/li>\n<li>Manevrare u\u0219oar\u0103 &#8212; dotat\u0103 cu un m\u00e2ner din o\u021bel care permite mutarea facil\u0103 a formei sau suspendarea acesteia la nevoie<\/li>\n<li>Durabilitate &#8212; material rezistent la temperaturi extrem de ridicate, av\u00e2nd o durat\u0103 de via\u021b\u0103 de zeci de ani dac\u0103 este \u00eentre\u021binut corect<\/li>\n<li>Pre-seasoned surface &#8212; suprafa\u021b\u0103 tratat\u0103 din fabric\u0103 cu ulei, cre\u00e2nd un strat protector natural care permite utilizarea imediat\u0103 f\u0103r\u0103 arderi prealabile<\/li>\n<li>Cast-iron heat storage &#8212; tehnologie de re\u021binere a c\u0103ldurii pe termen lung, asigur\u00e2nd o crust\u0103 aurie perfect\u0103<\/li>\n<\/ul>\n<h3>Caracteristici<\/h3>\n<ul>\n<li>Material &#8212; font\u0103<\/li>\n<li>Num\u0103r compartimente &#8212; 6 buc\u0103\u021bi<\/li>\n<li>Dimensiuni &#8212; 28 x 18 x 4.5 cm<\/li>\n<li>Greutate &#8212; 3.25 kg<\/li>\n<li>Volum per compartiment &#8212; 130 ml<\/li>\n<\/ul>\n<p><\/p>\n<h3>Marca<\/h3>\n<p>Petromax  - este un produc\u0103tor german de top, specializat \u00een echipamente pentru g\u0103tit \u0219i via\u021ba \u00een aer liber, iar gama sa armonizat\u0103 de produse \u00eembin\u0103 \u00eentr-un mod unic tradi\u021bia cu inova\u021bia. Toate produsele Petromax se remarc\u0103 prin calitate superioar\u0103, durabilitate, detalii bine g\u00e2ndite \u0219i sunt destinate tuturor celor care caut\u0103 o evadare din rutina zilnic\u0103 \u00een mijlocul naturii \u0219i care aleg s\u0103 campeze \u00een aer liber. \u00cen centrul universului Petromax se afl\u0103 explorarea naturii neatinse cu ajutorul unor echipamente tradi\u021bionale, dar excelent proiectate.<\/p>","protected":false},"excerpt":{"rendered":"<p>\u0411\u0440\u0435\u043d\u0434 Petromax \u2013 \u0432\u0435\u0434\u0443\u0449\u0438\u0439 \u043d\u0435\u043c\u0435\u0446\u043a\u0438\u0439 \u043f\u0440\u043e\u0438\u0437\u0432\u043e\u0434\u0438\u0442\u0435\u043b\u044c \u043e\u0431\u043e\u0440\u0443\u0434\u043e\u0432\u0430\u043d\u0438\u044f \u0434\u043b\u044f \u043f\u0440\u0438\u0433\u043e\u0442\u043e\u0432\u043b\u0435\u043d\u0438\u044f \u043f\u0438\u0449\u0438 \u0438 \u043f\u0440\u043e\u0436\u0438\u0432\u0430\u043d\u0438\u044f \u043d\u0430 \u043e\u0442\u043a\u0440\u044b\u0442\u043e\u043c \u0432\u043e\u0437\u0434\u0443\u0445\u0435, \u0438 \u0432 \u0435\u0433\u043e \u0441\u043e\u0433\u043b\u0430\u0441\u043e\u0432\u0430\u043d\u043d\u043e\u043c \u0430\u0441\u0441\u043e\u0440\u0442\u0438\u043c\u0435\u043d\u0442\u0435 \u043f\u0440\u043e\u0434\u0443\u043a\u0446\u0438\u0438 \u0443\u043d\u0438\u043a\u0430\u043b\u044c\u043d\u044b\u043c \u043e\u0431\u0440\u0430\u0437\u043e\u043c \u0441\u043e\u0447\u0435\u0442\u0430\u044e\u0442\u0441\u044f \u0442\u0440\u0430\u0434\u0438\u0446\u0438\u0438 \u0438 \u0438\u043d\u043d\u043e\u0432\u0430\u0446\u0438\u0438. \u0412\u0441\u0435 \u043f\u0440\u043e\u0434\u0443\u043a\u0442\u044b Petromax \u043e\u0442\u043b\u0438\u0447\u0430\u044e\u0442\u0441\u044f \u0432\u044b\u0441\u043e\u0447\u0430\u0439\u0448\u0438\u043c \u043a\u0430\u0447\u0435\u0441\u0442\u0432\u043e\u043c, \u0434\u043e\u043b\u0433\u043e\u0432\u0435\u0447\u043d\u043e\u0441\u0442\u044c\u044e, \u043f\u0440\u043e\u0434\u0443\u043c\u0430\u043d\u043d\u044b\u043c\u0438 \u0434\u0435\u0442\u0430\u043b\u044f\u043c\u0438 \u0438 \u043f\u0440\u0435\u0434\u043d\u0430\u0437\u043d\u0430\u0447\u0435\u043d\u044b \u0434\u043b\u044f \u0432\u0441\u0435\u0445, \u043a\u0442\u043e \u0438\u0449\u0435\u0442 \u043a\u043e\u043c\u043f\u0435\u043d\u0441\u0430\u0446\u0438\u044e \u0437\u0430 \u0441\u0432\u043e\u0439 \u0440\u0430\u0441\u043f\u043e\u0440\u044f\u0434\u043e\u043a \u0434\u043d\u044f \u043d\u0430 \u043f\u0440\u0438\u0440\u043e\u0434\u0435 \u0438 \u043f\u043e\u044d\u0442\u043e\u043c\u0443 \u0440\u0430\u0437\u0431\u0438\u0432\u0430\u0435\u0442 \u043b\u0430\u0433\u0435\u0440\u044c \u043d\u0430 \u043e\u0442\u043a\u0440\u044b\u0442\u043e\u043c [&hellip;]<\/p>\n","protected":false},"featured_media":104877,"comment_status":"open","ping_status":"closed","template":"","meta":{"_acf_changed":false,"inline_featured_image":false},"product_brand":[1420],"product_cat":[907],"product_tag":[],"class_list":{"0":"post-98933","1":"product","2":"type-product","3":"status-publish","4":"has-post-thumbnail","6":"product_brand-petromax","7":"product_cat-dutch-oven","9":"first","10":"instock","11":"shipping-taxable","12":"purchasable","13":"product-type-simple"},"acf":[],"yoast_head":"<!-- This site is optimized with the Yoast SEO plugin v27.2 - https:\/\/yoast.com\/product\/yoast-seo-wordpress\/ -->\n<title>\u0424\u043e\u0440\u043c\u0430 \u0434\u043b\u044f \u0432\u044b\u043f\u0435\u043a\u0430\u043d\u0438\u044f Petromax Muffin Mould mf6 - \u041c\u0430\u0433\u0430\u0437\u0438\u043d Xstyle<\/title>\n<meta name=\"robots\" content=\"index, follow, max-snippet:-1, max-image-preview:large, max-video-preview:-1\" \/>\n<link rel=\"canonical\" href=\"https:\/\/xstyle.md\/ro\/produs\/forma-dlya-vypekaniya-petromax-muffin-mould-mf6\/\" \/>\n<meta property=\"og:locale\" content=\"ro_RO\" \/>\n<meta property=\"og:type\" content=\"article\" \/>\n<meta property=\"og:title\" content=\"\u0424\u043e\u0440\u043c\u0430 \u0434\u043b\u044f \u0432\u044b\u043f\u0435\u043a\u0430\u043d\u0438\u044f Petromax Muffin Mould mf6 - \u041c\u0430\u0433\u0430\u0437\u0438\u043d Xstyle\" \/>\n<meta property=\"og:description\" content=\"\u0411\u0440\u0435\u043d\u0434 Petromax \u2013 \u0432\u0435\u0434\u0443\u0449\u0438\u0439 \u043d\u0435\u043c\u0435\u0446\u043a\u0438\u0439 \u043f\u0440\u043e\u0438\u0437\u0432\u043e\u0434\u0438\u0442\u0435\u043b\u044c \u043e\u0431\u043e\u0440\u0443\u0434\u043e\u0432\u0430\u043d\u0438\u044f \u0434\u043b\u044f \u043f\u0440\u0438\u0433\u043e\u0442\u043e\u0432\u043b\u0435\u043d\u0438\u044f \u043f\u0438\u0449\u0438 \u0438 \u043f\u0440\u043e\u0436\u0438\u0432\u0430\u043d\u0438\u044f \u043d\u0430 \u043e\u0442\u043a\u0440\u044b\u0442\u043e\u043c \u0432\u043e\u0437\u0434\u0443\u0445\u0435, \u0438 \u0432 \u0435\u0433\u043e \u0441\u043e\u0433\u043b\u0430\u0441\u043e\u0432\u0430\u043d\u043d\u043e\u043c \u0430\u0441\u0441\u043e\u0440\u0442\u0438\u043c\u0435\u043d\u0442\u0435 \u043f\u0440\u043e\u0434\u0443\u043a\u0446\u0438\u0438 \u0443\u043d\u0438\u043a\u0430\u043b\u044c\u043d\u044b\u043c \u043e\u0431\u0440\u0430\u0437\u043e\u043c \u0441\u043e\u0447\u0435\u0442\u0430\u044e\u0442\u0441\u044f \u0442\u0440\u0430\u0434\u0438\u0446\u0438\u0438 \u0438 \u0438\u043d\u043d\u043e\u0432\u0430\u0446\u0438\u0438. \u0412\u0441\u0435 \u043f\u0440\u043e\u0434\u0443\u043a\u0442\u044b Petromax \u043e\u0442\u043b\u0438\u0447\u0430\u044e\u0442\u0441\u044f \u0432\u044b\u0441\u043e\u0447\u0430\u0439\u0448\u0438\u043c \u043a\u0430\u0447\u0435\u0441\u0442\u0432\u043e\u043c, \u0434\u043e\u043b\u0433\u043e\u0432\u0435\u0447\u043d\u043e\u0441\u0442\u044c\u044e, \u043f\u0440\u043e\u0434\u0443\u043c\u0430\u043d\u043d\u044b\u043c\u0438 \u0434\u0435\u0442\u0430\u043b\u044f\u043c\u0438 \u0438 \u043f\u0440\u0435\u0434\u043d\u0430\u0437\u043d\u0430\u0447\u0435\u043d\u044b \u0434\u043b\u044f \u0432\u0441\u0435\u0445, \u043a\u0442\u043e \u0438\u0449\u0435\u0442 \u043a\u043e\u043c\u043f\u0435\u043d\u0441\u0430\u0446\u0438\u044e \u0437\u0430 \u0441\u0432\u043e\u0439 \u0440\u0430\u0441\u043f\u043e\u0440\u044f\u0434\u043e\u043a \u0434\u043d\u044f \u043d\u0430 \u043f\u0440\u0438\u0440\u043e\u0434\u0435 \u0438 \u043f\u043e\u044d\u0442\u043e\u043c\u0443 \u0440\u0430\u0437\u0431\u0438\u0432\u0430\u0435\u0442 \u043b\u0430\u0433\u0435\u0440\u044c \u043d\u0430 \u043e\u0442\u043a\u0440\u044b\u0442\u043e\u043c [&hellip;]\" \/>\n<meta property=\"og:url\" content=\"https:\/\/xstyle.md\/ro\/produs\/forma-dlya-vypekaniya-petromax-muffin-mould-mf6\/\" \/>\n<meta property=\"og:site_name\" content=\"\u041c\u0430\u0433\u0430\u0437\u0438\u043d Xstyle\" \/>\n<meta property=\"article:publisher\" content=\"https:\/\/www.facebook.com\/xstylemd\" \/>\n<meta property=\"article:modified_time\" content=\"2026-04-06T13:07:15+00:00\" \/>\n<meta property=\"og:image\" content=\"https:\/\/xstyle.md\/wp-content\/uploads\/2025\/12\/petromax-muffin-mould-mf61.webp\" \/>\n\t<meta property=\"og:image:width\" content=\"1200\" \/>\n\t<meta property=\"og:image:height\" content=\"1200\" \/>\n\t<meta property=\"og:image:type\" content=\"image\/webp\" \/>\n<meta name=\"twitter:card\" content=\"summary_large_image\" \/>\n<meta name=\"twitter:label1\" content=\"Pre\u021b\" \/>\n\t<meta name=\"twitter:data1\" content=\"985&nbsp;MDL\" \/>\n\t<meta name=\"twitter:label2\" content=\"Disponibilitate\" \/>\n\t<meta name=\"twitter:data2\" content=\"\u00cen stoc\" \/>\n<script type=\"application\/ld+json\" class=\"yoast-schema-graph\">{\"@context\":\"https:\/\/schema.org\",\"@graph\":[{\"@type\":\"WebPage\",\"@id\":\"https:\/\/xstyle.md\/product\/forma-dlya-vypekaniya-petromax-muffin-mould-mf6\/\",\"url\":\"https:\/\/xstyle.md\/product\/forma-dlya-vypekaniya-petromax-muffin-mould-mf6\/\",\"name\":\"\u0424\u043e\u0440\u043c\u0430 \u0434\u043b\u044f \u0432\u044b\u043f\u0435\u043a\u0430\u043d\u0438\u044f Petromax Muffin Mould mf6 - \u041c\u0430\u0433\u0430\u0437\u0438\u043d Xstyle\",\"isPartOf\":{\"@id\":\"https:\/\/xstyle.md\/#website\"},\"primaryImageOfPage\":{\"@id\":\"https:\/\/xstyle.md\/product\/forma-dlya-vypekaniya-petromax-muffin-mould-mf6\/#primaryimage\"},\"image\":{\"@id\":\"https:\/\/xstyle.md\/product\/forma-dlya-vypekaniya-petromax-muffin-mould-mf6\/#primaryimage\"},\"thumbnailUrl\":\"https:\/\/xstyle.md\/wp-content\/uploads\/2025\/12\/petromax-muffin-mould-mf61.webp\",\"datePublished\":\"2025-12-24T16:20:45+00:00\",\"dateModified\":\"2026-04-06T13:07:15+00:00\",\"breadcrumb\":{\"@id\":\"https:\/\/xstyle.md\/product\/forma-dlya-vypekaniya-petromax-muffin-mould-mf6\/#breadcrumb\"},\"inLanguage\":\"ro-RO\",\"potentialAction\":[{\"@type\":\"ReadAction\",\"target\":[\"https:\/\/xstyle.md\/product\/forma-dlya-vypekaniya-petromax-muffin-mould-mf6\/\"]}]},{\"@type\":\"ImageObject\",\"inLanguage\":\"ro-RO\",\"@id\":\"https:\/\/xstyle.md\/product\/forma-dlya-vypekaniya-petromax-muffin-mould-mf6\/#primaryimage\",\"url\":\"https:\/\/xstyle.md\/wp-content\/uploads\/2025\/12\/petromax-muffin-mould-mf61.webp\",\"contentUrl\":\"https:\/\/xstyle.md\/wp-content\/uploads\/2025\/12\/petromax-muffin-mould-mf61.webp\",\"width\":1200,\"height\":1200},{\"@type\":\"BreadcrumbList\",\"@id\":\"https:\/\/xstyle.md\/product\/forma-dlya-vypekaniya-petromax-muffin-mould-mf6\/#breadcrumb\",\"itemListElement\":[{\"@type\":\"ListItem\",\"position\":1,\"name\":\"\u0413\u043b\u0430\u0432\u043d\u0430\u044f \u0441\u0442\u0440\u0430\u043d\u0438\u0446\u0430\",\"item\":\"https:\/\/xstyle.md\/\"},{\"@type\":\"ListItem\",\"position\":2,\"name\":\"\u041c\u0430\u0433\u0430\u0437\u0438\u043d\",\"item\":\"https:\/\/xstyle.md\/shop\/\"},{\"@type\":\"ListItem\",\"position\":3,\"name\":\"\u0424\u043e\u0440\u043c\u0430 \u0434\u043b\u044f \u0432\u044b\u043f\u0435\u043a\u0430\u043d\u0438\u044f Petromax Muffin Mould mf6\"}]},{\"@type\":\"WebSite\",\"@id\":\"https:\/\/xstyle.md\/#website\",\"url\":\"https:\/\/xstyle.md\/\",\"name\":\"\u041c\u0430\u0433\u0430\u0437\u0438\u043d Xstyle\",\"description\":\"C\u043d\u0430\u0440\u044f\u0436\u0435\u043d\u0438\u0435 \u0434\u043b\u044f \u0442\u0443\u0440\u0438\u0437\u043c\u0430 \u0438 \u044d\u043a\u0441\u0442\u0440\u0435\u043c\u0430\u043b\u044c\u043d\u044b\u0445 \u0432\u0438\u0434\u043e\u0432 \u0441\u043f\u043e\u0440\u0442\u0430 \u0432 \u041c\u043e\u043b\u0434\u043e\u0432\u0435.. \u0426\u0435\u043d\u044b, \u0444\u043e\u0442\u043e, \u0445\u0430\u0440\u0430\u043a\u0442\u0435\u0440\u0438\u0441\u0442\u0438\u043a\u0438 \u0432 \u041c\u043e\u043b\u0434\u043e\u0432\u0435.\",\"publisher\":{\"@id\":\"https:\/\/xstyle.md\/#organization\"},\"alternateName\":\"X-Style\",\"potentialAction\":[{\"@type\":\"SearchAction\",\"target\":{\"@type\":\"EntryPoint\",\"urlTemplate\":\"https:\/\/xstyle.md\/?s={search_term_string}\"},\"query-input\":{\"@type\":\"PropertyValueSpecification\",\"valueRequired\":true,\"valueName\":\"search_term_string\"}}],\"inLanguage\":\"ro-RO\"},{\"@type\":\"Organization\",\"@id\":\"https:\/\/xstyle.md\/#organization\",\"name\":\"\u041c\u0430\u0433\u0430\u0437\u0438\u043d Xstyle\",\"alternateName\":\"x-style\",\"url\":\"https:\/\/xstyle.md\/\",\"logo\":{\"@type\":\"ImageObject\",\"inLanguage\":\"ro-RO\",\"@id\":\"https:\/\/xstyle.md\/#\/schema\/logo\/image\/\",\"url\":\"https:\/\/xstyle.md\/wp-content\/uploads\/2020\/06\/logoicon.svg\",\"contentUrl\":\"https:\/\/xstyle.md\/wp-content\/uploads\/2020\/06\/logoicon.svg\",\"caption\":\"\u041c\u0430\u0433\u0430\u0437\u0438\u043d Xstyle\"},\"image\":{\"@id\":\"https:\/\/xstyle.md\/#\/schema\/logo\/image\/\"},\"sameAs\":[\"https:\/\/www.facebook.com\/xstylemd\",\"https:\/\/www.instagram.com\/xstyle_md\/\",\"https:\/\/t.me\/xstyle_outdoor\"],\"hasMerchantReturnPolicy\":{\"@type\":\"MerchantReturnPolicy\",\"merchantReturnLink\":\"https:\/\/xstyle.md\/ro\/conditions\/\"}}]}<\/script>\n<meta property=\"product:price:amount\" content=\"985.00\" \/>\n<meta property=\"product:price:currency\" content=\"MDL\" \/>\n<meta property=\"og:availability\" content=\"instock\" \/>\n<meta property=\"product:availability\" content=\"instock\" \/>\n<meta property=\"product:retailer_item_id\" content=\"4250435730706\" \/>\n<meta property=\"product:condition\" content=\"new\" \/>\n<!-- \/ Yoast SEO plugin. -->","yoast_head_json":{"title":"\u0424\u043e\u0440\u043c\u0430 \u0434\u043b\u044f \u0432\u044b\u043f\u0435\u043a\u0430\u043d\u0438\u044f Petromax Muffin Mould mf6 - \u041c\u0430\u0433\u0430\u0437\u0438\u043d Xstyle","robots":{"index":"index","follow":"follow","max-snippet":"max-snippet:-1","max-image-preview":"max-image-preview:large","max-video-preview":"max-video-preview:-1"},"canonical":"https:\/\/xstyle.md\/ro\/produs\/forma-dlya-vypekaniya-petromax-muffin-mould-mf6\/","og_locale":"ro_RO","og_type":"article","og_title":"\u0424\u043e\u0440\u043c\u0430 \u0434\u043b\u044f \u0432\u044b\u043f\u0435\u043a\u0430\u043d\u0438\u044f Petromax Muffin Mould mf6 - \u041c\u0430\u0433\u0430\u0437\u0438\u043d Xstyle","og_description":"\u0411\u0440\u0435\u043d\u0434 Petromax \u2013 \u0432\u0435\u0434\u0443\u0449\u0438\u0439 \u043d\u0435\u043c\u0435\u0446\u043a\u0438\u0439 \u043f\u0440\u043e\u0438\u0437\u0432\u043e\u0434\u0438\u0442\u0435\u043b\u044c \u043e\u0431\u043e\u0440\u0443\u0434\u043e\u0432\u0430\u043d\u0438\u044f \u0434\u043b\u044f \u043f\u0440\u0438\u0433\u043e\u0442\u043e\u0432\u043b\u0435\u043d\u0438\u044f \u043f\u0438\u0449\u0438 \u0438 \u043f\u0440\u043e\u0436\u0438\u0432\u0430\u043d\u0438\u044f \u043d\u0430 \u043e\u0442\u043a\u0440\u044b\u0442\u043e\u043c \u0432\u043e\u0437\u0434\u0443\u0445\u0435, \u0438 \u0432 \u0435\u0433\u043e \u0441\u043e\u0433\u043b\u0430\u0441\u043e\u0432\u0430\u043d\u043d\u043e\u043c \u0430\u0441\u0441\u043e\u0440\u0442\u0438\u043c\u0435\u043d\u0442\u0435 \u043f\u0440\u043e\u0434\u0443\u043a\u0446\u0438\u0438 \u0443\u043d\u0438\u043a\u0430\u043b\u044c\u043d\u044b\u043c \u043e\u0431\u0440\u0430\u0437\u043e\u043c \u0441\u043e\u0447\u0435\u0442\u0430\u044e\u0442\u0441\u044f \u0442\u0440\u0430\u0434\u0438\u0446\u0438\u0438 \u0438 \u0438\u043d\u043d\u043e\u0432\u0430\u0446\u0438\u0438. \u0412\u0441\u0435 \u043f\u0440\u043e\u0434\u0443\u043a\u0442\u044b Petromax \u043e\u0442\u043b\u0438\u0447\u0430\u044e\u0442\u0441\u044f \u0432\u044b\u0441\u043e\u0447\u0430\u0439\u0448\u0438\u043c \u043a\u0430\u0447\u0435\u0441\u0442\u0432\u043e\u043c, \u0434\u043e\u043b\u0433\u043e\u0432\u0435\u0447\u043d\u043e\u0441\u0442\u044c\u044e, \u043f\u0440\u043e\u0434\u0443\u043c\u0430\u043d\u043d\u044b\u043c\u0438 \u0434\u0435\u0442\u0430\u043b\u044f\u043c\u0438 \u0438 \u043f\u0440\u0435\u0434\u043d\u0430\u0437\u043d\u0430\u0447\u0435\u043d\u044b \u0434\u043b\u044f \u0432\u0441\u0435\u0445, \u043a\u0442\u043e \u0438\u0449\u0435\u0442 \u043a\u043e\u043c\u043f\u0435\u043d\u0441\u0430\u0446\u0438\u044e \u0437\u0430 \u0441\u0432\u043e\u0439 \u0440\u0430\u0441\u043f\u043e\u0440\u044f\u0434\u043e\u043a \u0434\u043d\u044f \u043d\u0430 \u043f\u0440\u0438\u0440\u043e\u0434\u0435 \u0438 \u043f\u043e\u044d\u0442\u043e\u043c\u0443 \u0440\u0430\u0437\u0431\u0438\u0432\u0430\u0435\u0442 \u043b\u0430\u0433\u0435\u0440\u044c \u043d\u0430 \u043e\u0442\u043a\u0440\u044b\u0442\u043e\u043c [&hellip;]","og_url":"https:\/\/xstyle.md\/ro\/produs\/forma-dlya-vypekaniya-petromax-muffin-mould-mf6\/","og_site_name":"\u041c\u0430\u0433\u0430\u0437\u0438\u043d Xstyle","article_publisher":"https:\/\/www.facebook.com\/xstylemd","article_modified_time":"2026-04-06T13:07:15+00:00","og_image":[{"width":1200,"height":1200,"url":"https:\/\/xstyle.md\/wp-content\/uploads\/2025\/12\/petromax-muffin-mould-mf61.webp","type":"image\/webp"}],"twitter_card":"summary_large_image","twitter_misc":{"Pre\u021b":"985&nbsp;MDL","Disponibilitate":"\u00cen stoc"},"schema":{"@context":"https:\/\/schema.org","@graph":[{"@type":"WebPage","@id":"https:\/\/xstyle.md\/product\/forma-dlya-vypekaniya-petromax-muffin-mould-mf6\/","url":"https:\/\/xstyle.md\/product\/forma-dlya-vypekaniya-petromax-muffin-mould-mf6\/","name":"\u0424\u043e\u0440\u043c\u0430 \u0434\u043b\u044f \u0432\u044b\u043f\u0435\u043a\u0430\u043d\u0438\u044f Petromax Muffin Mould mf6 - \u041c\u0430\u0433\u0430\u0437\u0438\u043d Xstyle","isPartOf":{"@id":"https:\/\/xstyle.md\/#website"},"primaryImageOfPage":{"@id":"https:\/\/xstyle.md\/product\/forma-dlya-vypekaniya-petromax-muffin-mould-mf6\/#primaryimage"},"image":{"@id":"https:\/\/xstyle.md\/product\/forma-dlya-vypekaniya-petromax-muffin-mould-mf6\/#primaryimage"},"thumbnailUrl":"https:\/\/xstyle.md\/wp-content\/uploads\/2025\/12\/petromax-muffin-mould-mf61.webp","datePublished":"2025-12-24T16:20:45+00:00","dateModified":"2026-04-06T13:07:15+00:00","breadcrumb":{"@id":"https:\/\/xstyle.md\/product\/forma-dlya-vypekaniya-petromax-muffin-mould-mf6\/#breadcrumb"},"inLanguage":"ro-RO","potentialAction":[{"@type":"ReadAction","target":["https:\/\/xstyle.md\/product\/forma-dlya-vypekaniya-petromax-muffin-mould-mf6\/"]}]},{"@type":"ImageObject","inLanguage":"ro-RO","@id":"https:\/\/xstyle.md\/product\/forma-dlya-vypekaniya-petromax-muffin-mould-mf6\/#primaryimage","url":"https:\/\/xstyle.md\/wp-content\/uploads\/2025\/12\/petromax-muffin-mould-mf61.webp","contentUrl":"https:\/\/xstyle.md\/wp-content\/uploads\/2025\/12\/petromax-muffin-mould-mf61.webp","width":1200,"height":1200},{"@type":"BreadcrumbList","@id":"https:\/\/xstyle.md\/product\/forma-dlya-vypekaniya-petromax-muffin-mould-mf6\/#breadcrumb","itemListElement":[{"@type":"ListItem","position":1,"name":"\u0413\u043b\u0430\u0432\u043d\u0430\u044f \u0441\u0442\u0440\u0430\u043d\u0438\u0446\u0430","item":"https:\/\/xstyle.md\/"},{"@type":"ListItem","position":2,"name":"\u041c\u0430\u0433\u0430\u0437\u0438\u043d","item":"https:\/\/xstyle.md\/shop\/"},{"@type":"ListItem","position":3,"name":"\u0424\u043e\u0440\u043c\u0430 \u0434\u043b\u044f \u0432\u044b\u043f\u0435\u043a\u0430\u043d\u0438\u044f Petromax Muffin Mould mf6"}]},{"@type":"WebSite","@id":"https:\/\/xstyle.md\/#website","url":"https:\/\/xstyle.md\/","name":"Magazinul X-Style","description":"Echipamente pentru turism \u0219i sporturi extreme \u00een Moldova. Pre\u021buri, fotografii, caracteristici \u00een Moldova.","publisher":{"@id":"https:\/\/xstyle.md\/#organization"},"alternateName":"X-Style","potentialAction":[{"@type":"SearchAction","target":{"@type":"EntryPoint","urlTemplate":"https:\/\/xstyle.md\/?s={search_term_string}"},"query-input":{"@type":"PropertyValueSpecification","valueRequired":true,"valueName":"search_term_string"}}],"inLanguage":"ro-RO"},{"@type":"Organization","@id":"https:\/\/xstyle.md\/#organization","name":"Magazinul X-Style","alternateName":"x-style","url":"https:\/\/xstyle.md\/","logo":{"@type":"ImageObject","inLanguage":"ro-RO","@id":"https:\/\/xstyle.md\/#\/schema\/logo\/image\/","url":"https:\/\/xstyle.md\/wp-content\/uploads\/2020\/06\/logoicon.svg","contentUrl":"https:\/\/xstyle.md\/wp-content\/uploads\/2020\/06\/logoicon.svg","caption":"\u041c\u0430\u0433\u0430\u0437\u0438\u043d Xstyle"},"image":{"@id":"https:\/\/xstyle.md\/#\/schema\/logo\/image\/"},"sameAs":["https:\/\/www.facebook.com\/xstylemd","https:\/\/www.instagram.com\/xstyle_md\/","https:\/\/t.me\/xstyle_outdoor"],"hasMerchantReturnPolicy":{"@type":"MerchantReturnPolicy","merchantReturnLink":"https:\/\/xstyle.md\/ro\/conditions\/"}}]},"product_price_amount":"985.00","product_price_currency":"MDL","og_availability":"instock","product_availability":"instock","product_retailer_item_id":"4250435730706","product_condition":"new"},"post_mailing_queue_ids":[],"_links":{"self":[{"href":"https:\/\/xstyle.md\/ro\/wp-json\/wp\/v2\/product\/98933","targetHints":{"allow":["GET"]}}],"collection":[{"href":"https:\/\/xstyle.md\/ro\/wp-json\/wp\/v2\/product"}],"about":[{"href":"https:\/\/xstyle.md\/ro\/wp-json\/wp\/v2\/types\/product"}],"replies":[{"embeddable":true,"href":"https:\/\/xstyle.md\/ro\/wp-json\/wp\/v2\/comments?post=98933"}],"wp:featuredmedia":[{"embeddable":true,"href":"https:\/\/xstyle.md\/ro\/wp-json\/wp\/v2\/media\/104877"}],"wp:attachment":[{"href":"https:\/\/xstyle.md\/ro\/wp-json\/wp\/v2\/media?parent=98933"}],"wp:term":[{"taxonomy":"product_brand","embeddable":true,"href":"https:\/\/xstyle.md\/ro\/wp-json\/wp\/v2\/product_brand?post=98933"},{"taxonomy":"product_cat","embeddable":true,"href":"https:\/\/xstyle.md\/ro\/wp-json\/wp\/v2\/product_cat?post=98933"},{"taxonomy":"product_tag","embeddable":true,"href":"https:\/\/xstyle.md\/ro\/wp-json\/wp\/v2\/product_tag?post=98933"}],"curies":[{"name":"wp","href":"https:\/\/api.w.org\/{rel}","templated":true}]}}