{"id":98931,"date":"2025-12-24T19:20:44","date_gmt":"2025-12-24T16:20:44","guid":{"rendered":"https:\/\/xstyle.md\/?post_type=product&#038;p=98931"},"modified":"2026-04-06T16:00:49","modified_gmt":"2026-04-06T13:00:49","slug":"roster-dlya-pticzy-chugunnyj-petromax-cast-iron-poultry-roaster-cf30","status":"publish","type":"product","link":"https:\/\/xstyle.md\/ro\/produs\/roster-dlya-pticzy-chugunnyj-petromax-cast-iron-poultry-roaster-cf30\/","title":{"rendered":"Form\u0103 din font\u0103 Petromax Cast-iron Poultry Roaster cf30"},"content":{"rendered":"<\/p>\n<p><strong>Petromax Cast-iron Poultry Roaster cf30<\/strong> &#8212; form\u0103 din font\u0103 de \u00eenalt\u0103 calitate, special conceput\u0103 pentru preg\u0103tirea perfect\u0103 a puiului, prepeli\u021belor sau a unei ra\u021be mici. Datorit\u0103 construc\u021biei unice, pas\u0103rea este g\u0103tit\u0103 vertical, ceea ce asigur\u0103 o distribu\u021bie uniform\u0103 a c\u0103ldurii \u0219i ob\u021binerea unei c\u0103rni suculente cu o crust\u0103 crocant\u0103. Forma este potrivit\u0103 pentru utilizare \u00een cuptor, pe gr\u0103tar sau la foc deschis.<\/p>\n<h3>Particularit\u0103\u021bi<\/h3>\n<ul>\n<li>Suport central &#8212; elementul ridicat permite g\u0103tirea p\u0103s\u0103rii din interior, asigur\u00e2nd o pr\u0103jire ideal\u0103<\/li>\n<li>Recipient pentru condimente &#8212; ad\u00e2ncitura central\u0103 poate fi umplut\u0103 cu ierburi, sup\u0103, bere sau vin pentru a oferi c\u0103rnii o arom\u0103 deosebit\u0103 \u0219i suculen\u021b\u0103<\/li>\n<li>Colectarea gr\u0103simii &#8212; baza larg\u0103 colecteaz\u0103 sucurile \u0219i gr\u0103simea scurse, prevenind murd\u0103rirea cuptorului \u0219i permi\u021b\u00e2nd g\u0103tirea legumelor simultan cu carnea<\/li>\n<li>Manevrare u\u0219oar\u0103 &#8212; dotat\u0103 cu dou\u0103 m\u00e2nere \u0219i orificii laterale de scurgere pentru a muta forma cu u\u0219urin\u021b\u0103 \u0219i a v\u0103rsa surplusul de sos sau gr\u0103sime<\/li>\n<li>Seasoned finish &#8212; suprafa\u021b\u0103 pre-tratat\u0103 termic care creeaz\u0103 un strat antiaderent natural, permi\u021b\u00e2nd utilizarea imediat\u0103 a produsului<\/li>\n<li>Cast-iron heat storage &#8212; capacitatea fontei de a stoca \u0219i elibera c\u0103ldura treptat, garant\u00e2nd o g\u0103tire uniform\u0103 f\u0103r\u0103 ardere<\/li>\n<\/ul>\n<h2>Caracteristici<\/h2>\n<ul>\n<li>Material &#8212; font\u0103<\/li>\n<li>Diametru (superior) &#8212; 30 cm<\/li>\n<li>Diametru (inferior) &#8212; 25 cm<\/li>\n<li>\u00cen\u0103l\u021bime &#8212; 10 cm<\/li>\n<li>Greutate &#8212; 4.4 kg<\/li>\n<li>Surs\u0103 de c\u0103ldur\u0103 &#8212; gaz, cuptor, foc deschis, gr\u0103tar<\/li>\n<\/ul>\n<p><\/p>\n<h3>Marca<\/h3>\n<p>Petromax  - este un produc\u0103tor german de top, specializat \u00een echipamente pentru g\u0103tit \u0219i via\u021ba \u00een aer liber, iar gama sa armonizat\u0103 de produse \u00eembin\u0103 \u00eentr-un mod unic tradi\u021bia cu inova\u021bia. Toate produsele Petromax se remarc\u0103 prin calitate superioar\u0103, durabilitate, detalii bine g\u00e2ndite \u0219i sunt destinate tuturor celor care caut\u0103 o evadare din rutina zilnic\u0103 \u00een mijlocul naturii \u0219i care aleg s\u0103 campeze \u00een aer liber. \u00cen centrul universului Petromax se afl\u0103 explorarea naturii neatinse cu ajutorul unor echipamente tradi\u021bionale, dar excelent proiectate.<\/p>","protected":false},"excerpt":{"rendered":"<p>\u0411\u0440\u0435\u043d\u0434 Petromax \u2013 \u0432\u0435\u0434\u0443\u0449\u0438\u0439 \u043d\u0435\u043c\u0435\u0446\u043a\u0438\u0439 \u043f\u0440\u043e\u0438\u0437\u0432\u043e\u0434\u0438\u0442\u0435\u043b\u044c \u043e\u0431\u043e\u0440\u0443\u0434\u043e\u0432\u0430\u043d\u0438\u044f \u0434\u043b\u044f \u043f\u0440\u0438\u0433\u043e\u0442\u043e\u0432\u043b\u0435\u043d\u0438\u044f \u043f\u0438\u0449\u0438 \u0438 \u043f\u0440\u043e\u0436\u0438\u0432\u0430\u043d\u0438\u044f \u043d\u0430 \u043e\u0442\u043a\u0440\u044b\u0442\u043e\u043c \u0432\u043e\u0437\u0434\u0443\u0445\u0435, \u0438 \u0432 \u0435\u0433\u043e \u0441\u043e\u0433\u043b\u0430\u0441\u043e\u0432\u0430\u043d\u043d\u043e\u043c \u0430\u0441\u0441\u043e\u0440\u0442\u0438\u043c\u0435\u043d\u0442\u0435 \u043f\u0440\u043e\u0434\u0443\u043a\u0446\u0438\u0438 \u0443\u043d\u0438\u043a\u0430\u043b\u044c\u043d\u044b\u043c \u043e\u0431\u0440\u0430\u0437\u043e\u043c \u0441\u043e\u0447\u0435\u0442\u0430\u044e\u0442\u0441\u044f \u0442\u0440\u0430\u0434\u0438\u0446\u0438\u0438 \u0438 \u0438\u043d\u043d\u043e\u0432\u0430\u0446\u0438\u0438. \u0412\u0441\u0435 \u043f\u0440\u043e\u0434\u0443\u043a\u0442\u044b Petromax \u043e\u0442\u043b\u0438\u0447\u0430\u044e\u0442\u0441\u044f \u0432\u044b\u0441\u043e\u0447\u0430\u0439\u0448\u0438\u043c \u043a\u0430\u0447\u0435\u0441\u0442\u0432\u043e\u043c, \u0434\u043e\u043b\u0433\u043e\u0432\u0435\u0447\u043d\u043e\u0441\u0442\u044c\u044e, \u043f\u0440\u043e\u0434\u0443\u043c\u0430\u043d\u043d\u044b\u043c\u0438 \u0434\u0435\u0442\u0430\u043b\u044f\u043c\u0438 \u0438 \u043f\u0440\u0435\u0434\u043d\u0430\u0437\u043d\u0430\u0447\u0435\u043d\u044b \u0434\u043b\u044f \u0432\u0441\u0435\u0445, \u043a\u0442\u043e \u0438\u0449\u0435\u0442 \u043a\u043e\u043c\u043f\u0435\u043d\u0441\u0430\u0446\u0438\u044e \u0437\u0430 \u0441\u0432\u043e\u0439 \u0440\u0430\u0441\u043f\u043e\u0440\u044f\u0434\u043e\u043a \u0434\u043d\u044f \u043d\u0430 \u043f\u0440\u0438\u0440\u043e\u0434\u0435 \u0438 \u043f\u043e\u044d\u0442\u043e\u043c\u0443 \u0440\u0430\u0437\u0431\u0438\u0432\u0430\u0435\u0442 \u043b\u0430\u0433\u0435\u0440\u044c \u043d\u0430 \u043e\u0442\u043a\u0440\u044b\u0442\u043e\u043c [&hellip;]<\/p>\n","protected":false},"featured_media":104876,"comment_status":"open","ping_status":"closed","template":"","meta":{"_acf_changed":false,"inline_featured_image":false},"product_brand":[1420],"product_cat":[907],"product_tag":[],"class_list":{"0":"post-98931","1":"product","2":"type-product","3":"status-publish","4":"has-post-thumbnail","6":"product_brand-petromax","7":"product_cat-dutch-oven","9":"first","10":"instock","11":"shipping-taxable","12":"purchasable","13":"product-type-simple"},"acf":[],"yoast_head":"<!-- This site is optimized with the Yoast SEO plugin v27.2 - https:\/\/yoast.com\/product\/yoast-seo-wordpress\/ -->\n<title>\u0420\u043e\u0441\u0442\u0435\u0440 \u0434\u043b\u044f \u043f\u0442\u0438\u0446\u044b \u0447\u0443\u0433\u0443\u043d\u043d\u044b\u0439 Petromax Cast-iron Poultry Roaster cf30 - \u041c\u0430\u0433\u0430\u0437\u0438\u043d Xstyle<\/title>\n<meta name=\"robots\" content=\"index, follow, max-snippet:-1, max-image-preview:large, max-video-preview:-1\" \/>\n<link rel=\"canonical\" href=\"https:\/\/xstyle.md\/ro\/produs\/roster-dlya-pticzy-chugunnyj-petromax-cast-iron-poultry-roaster-cf30\/\" \/>\n<meta property=\"og:locale\" content=\"ro_RO\" \/>\n<meta property=\"og:type\" content=\"article\" \/>\n<meta property=\"og:title\" content=\"\u0420\u043e\u0441\u0442\u0435\u0440 \u0434\u043b\u044f \u043f\u0442\u0438\u0446\u044b \u0447\u0443\u0433\u0443\u043d\u043d\u044b\u0439 Petromax Cast-iron Poultry Roaster cf30 - \u041c\u0430\u0433\u0430\u0437\u0438\u043d Xstyle\" \/>\n<meta property=\"og:description\" content=\"\u0411\u0440\u0435\u043d\u0434 Petromax \u2013 \u0432\u0435\u0434\u0443\u0449\u0438\u0439 \u043d\u0435\u043c\u0435\u0446\u043a\u0438\u0439 \u043f\u0440\u043e\u0438\u0437\u0432\u043e\u0434\u0438\u0442\u0435\u043b\u044c \u043e\u0431\u043e\u0440\u0443\u0434\u043e\u0432\u0430\u043d\u0438\u044f \u0434\u043b\u044f \u043f\u0440\u0438\u0433\u043e\u0442\u043e\u0432\u043b\u0435\u043d\u0438\u044f \u043f\u0438\u0449\u0438 \u0438 \u043f\u0440\u043e\u0436\u0438\u0432\u0430\u043d\u0438\u044f \u043d\u0430 \u043e\u0442\u043a\u0440\u044b\u0442\u043e\u043c \u0432\u043e\u0437\u0434\u0443\u0445\u0435, \u0438 \u0432 \u0435\u0433\u043e \u0441\u043e\u0433\u043b\u0430\u0441\u043e\u0432\u0430\u043d\u043d\u043e\u043c \u0430\u0441\u0441\u043e\u0440\u0442\u0438\u043c\u0435\u043d\u0442\u0435 \u043f\u0440\u043e\u0434\u0443\u043a\u0446\u0438\u0438 \u0443\u043d\u0438\u043a\u0430\u043b\u044c\u043d\u044b\u043c \u043e\u0431\u0440\u0430\u0437\u043e\u043c \u0441\u043e\u0447\u0435\u0442\u0430\u044e\u0442\u0441\u044f \u0442\u0440\u0430\u0434\u0438\u0446\u0438\u0438 \u0438 \u0438\u043d\u043d\u043e\u0432\u0430\u0446\u0438\u0438. \u0412\u0441\u0435 \u043f\u0440\u043e\u0434\u0443\u043a\u0442\u044b Petromax \u043e\u0442\u043b\u0438\u0447\u0430\u044e\u0442\u0441\u044f \u0432\u044b\u0441\u043e\u0447\u0430\u0439\u0448\u0438\u043c \u043a\u0430\u0447\u0435\u0441\u0442\u0432\u043e\u043c, \u0434\u043e\u043b\u0433\u043e\u0432\u0435\u0447\u043d\u043e\u0441\u0442\u044c\u044e, \u043f\u0440\u043e\u0434\u0443\u043c\u0430\u043d\u043d\u044b\u043c\u0438 \u0434\u0435\u0442\u0430\u043b\u044f\u043c\u0438 \u0438 \u043f\u0440\u0435\u0434\u043d\u0430\u0437\u043d\u0430\u0447\u0435\u043d\u044b \u0434\u043b\u044f \u0432\u0441\u0435\u0445, \u043a\u0442\u043e \u0438\u0449\u0435\u0442 \u043a\u043e\u043c\u043f\u0435\u043d\u0441\u0430\u0446\u0438\u044e \u0437\u0430 \u0441\u0432\u043e\u0439 \u0440\u0430\u0441\u043f\u043e\u0440\u044f\u0434\u043e\u043a \u0434\u043d\u044f \u043d\u0430 \u043f\u0440\u0438\u0440\u043e\u0434\u0435 \u0438 \u043f\u043e\u044d\u0442\u043e\u043c\u0443 \u0440\u0430\u0437\u0431\u0438\u0432\u0430\u0435\u0442 \u043b\u0430\u0433\u0435\u0440\u044c \u043d\u0430 \u043e\u0442\u043a\u0440\u044b\u0442\u043e\u043c [&hellip;]\" \/>\n<meta property=\"og:url\" content=\"https:\/\/xstyle.md\/ro\/produs\/roster-dlya-pticzy-chugunnyj-petromax-cast-iron-poultry-roaster-cf30\/\" \/>\n<meta property=\"og:site_name\" content=\"\u041c\u0430\u0433\u0430\u0437\u0438\u043d Xstyle\" \/>\n<meta property=\"article:publisher\" content=\"https:\/\/www.facebook.com\/xstylemd\" \/>\n<meta property=\"article:modified_time\" content=\"2026-04-06T13:00:49+00:00\" \/>\n<meta property=\"og:image\" content=\"https:\/\/xstyle.md\/wp-content\/uploads\/2025\/12\/petromax-cast-iron-poultry-roaster-cf30-1.webp\" \/>\n\t<meta property=\"og:image:width\" content=\"1200\" \/>\n\t<meta property=\"og:image:height\" content=\"1200\" \/>\n\t<meta property=\"og:image:type\" content=\"image\/webp\" \/>\n<meta name=\"twitter:card\" content=\"summary_large_image\" \/>\n<meta name=\"twitter:label1\" content=\"Pre\u021b\" \/>\n\t<meta name=\"twitter:data1\" content=\"1.260&nbsp;MDL\" \/>\n\t<meta name=\"twitter:label2\" content=\"Disponibilitate\" \/>\n\t<meta name=\"twitter:data2\" content=\"\u00cen stoc\" \/>\n<script type=\"application\/ld+json\" class=\"yoast-schema-graph\">{\"@context\":\"https:\/\/schema.org\",\"@graph\":[{\"@type\":\"WebPage\",\"@id\":\"https:\/\/xstyle.md\/product\/roster-dlya-pticzy-chugunnyj-petromax-cast-iron-poultry-roaster-cf30\/\",\"url\":\"https:\/\/xstyle.md\/product\/roster-dlya-pticzy-chugunnyj-petromax-cast-iron-poultry-roaster-cf30\/\",\"name\":\"\u0420\u043e\u0441\u0442\u0435\u0440 \u0434\u043b\u044f \u043f\u0442\u0438\u0446\u044b \u0447\u0443\u0433\u0443\u043d\u043d\u044b\u0439 Petromax Cast-iron Poultry Roaster cf30 - \u041c\u0430\u0433\u0430\u0437\u0438\u043d Xstyle\",\"isPartOf\":{\"@id\":\"https:\/\/xstyle.md\/#website\"},\"primaryImageOfPage\":{\"@id\":\"https:\/\/xstyle.md\/product\/roster-dlya-pticzy-chugunnyj-petromax-cast-iron-poultry-roaster-cf30\/#primaryimage\"},\"image\":{\"@id\":\"https:\/\/xstyle.md\/product\/roster-dlya-pticzy-chugunnyj-petromax-cast-iron-poultry-roaster-cf30\/#primaryimage\"},\"thumbnailUrl\":\"https:\/\/xstyle.md\/wp-content\/uploads\/2025\/12\/petromax-cast-iron-poultry-roaster-cf30-1.webp\",\"datePublished\":\"2025-12-24T16:20:44+00:00\",\"dateModified\":\"2026-04-06T13:00:49+00:00\",\"breadcrumb\":{\"@id\":\"https:\/\/xstyle.md\/product\/roster-dlya-pticzy-chugunnyj-petromax-cast-iron-poultry-roaster-cf30\/#breadcrumb\"},\"inLanguage\":\"ro-RO\",\"potentialAction\":[{\"@type\":\"ReadAction\",\"target\":[\"https:\/\/xstyle.md\/product\/roster-dlya-pticzy-chugunnyj-petromax-cast-iron-poultry-roaster-cf30\/\"]}]},{\"@type\":\"ImageObject\",\"inLanguage\":\"ro-RO\",\"@id\":\"https:\/\/xstyle.md\/product\/roster-dlya-pticzy-chugunnyj-petromax-cast-iron-poultry-roaster-cf30\/#primaryimage\",\"url\":\"https:\/\/xstyle.md\/wp-content\/uploads\/2025\/12\/petromax-cast-iron-poultry-roaster-cf30-1.webp\",\"contentUrl\":\"https:\/\/xstyle.md\/wp-content\/uploads\/2025\/12\/petromax-cast-iron-poultry-roaster-cf30-1.webp\",\"width\":1200,\"height\":1200},{\"@type\":\"BreadcrumbList\",\"@id\":\"https:\/\/xstyle.md\/product\/roster-dlya-pticzy-chugunnyj-petromax-cast-iron-poultry-roaster-cf30\/#breadcrumb\",\"itemListElement\":[{\"@type\":\"ListItem\",\"position\":1,\"name\":\"\u0413\u043b\u0430\u0432\u043d\u0430\u044f \u0441\u0442\u0440\u0430\u043d\u0438\u0446\u0430\",\"item\":\"https:\/\/xstyle.md\/\"},{\"@type\":\"ListItem\",\"position\":2,\"name\":\"\u041c\u0430\u0433\u0430\u0437\u0438\u043d\",\"item\":\"https:\/\/xstyle.md\/shop\/\"},{\"@type\":\"ListItem\",\"position\":3,\"name\":\"\u0420\u043e\u0441\u0442\u0435\u0440 \u0434\u043b\u044f \u043f\u0442\u0438\u0446\u044b \u0447\u0443\u0433\u0443\u043d\u043d\u044b\u0439 Petromax Cast-iron Poultry Roaster cf30\"}]},{\"@type\":\"WebSite\",\"@id\":\"https:\/\/xstyle.md\/#website\",\"url\":\"https:\/\/xstyle.md\/\",\"name\":\"\u041c\u0430\u0433\u0430\u0437\u0438\u043d Xstyle\",\"description\":\"C\u043d\u0430\u0440\u044f\u0436\u0435\u043d\u0438\u0435 \u0434\u043b\u044f \u0442\u0443\u0440\u0438\u0437\u043c\u0430 \u0438 \u044d\u043a\u0441\u0442\u0440\u0435\u043c\u0430\u043b\u044c\u043d\u044b\u0445 \u0432\u0438\u0434\u043e\u0432 \u0441\u043f\u043e\u0440\u0442\u0430 \u0432 \u041c\u043e\u043b\u0434\u043e\u0432\u0435.. \u0426\u0435\u043d\u044b, \u0444\u043e\u0442\u043e, \u0445\u0430\u0440\u0430\u043a\u0442\u0435\u0440\u0438\u0441\u0442\u0438\u043a\u0438 \u0432 \u041c\u043e\u043b\u0434\u043e\u0432\u0435.\",\"publisher\":{\"@id\":\"https:\/\/xstyle.md\/#organization\"},\"alternateName\":\"X-Style\",\"potentialAction\":[{\"@type\":\"SearchAction\",\"target\":{\"@type\":\"EntryPoint\",\"urlTemplate\":\"https:\/\/xstyle.md\/?s={search_term_string}\"},\"query-input\":{\"@type\":\"PropertyValueSpecification\",\"valueRequired\":true,\"valueName\":\"search_term_string\"}}],\"inLanguage\":\"ro-RO\"},{\"@type\":\"Organization\",\"@id\":\"https:\/\/xstyle.md\/#organization\",\"name\":\"\u041c\u0430\u0433\u0430\u0437\u0438\u043d Xstyle\",\"alternateName\":\"x-style\",\"url\":\"https:\/\/xstyle.md\/\",\"logo\":{\"@type\":\"ImageObject\",\"inLanguage\":\"ro-RO\",\"@id\":\"https:\/\/xstyle.md\/#\/schema\/logo\/image\/\",\"url\":\"https:\/\/xstyle.md\/wp-content\/uploads\/2020\/06\/logoicon.svg\",\"contentUrl\":\"https:\/\/xstyle.md\/wp-content\/uploads\/2020\/06\/logoicon.svg\",\"caption\":\"\u041c\u0430\u0433\u0430\u0437\u0438\u043d Xstyle\"},\"image\":{\"@id\":\"https:\/\/xstyle.md\/#\/schema\/logo\/image\/\"},\"sameAs\":[\"https:\/\/www.facebook.com\/xstylemd\",\"https:\/\/www.instagram.com\/xstyle_md\/\",\"https:\/\/t.me\/xstyle_outdoor\"],\"hasMerchantReturnPolicy\":{\"@type\":\"MerchantReturnPolicy\",\"merchantReturnLink\":\"https:\/\/xstyle.md\/ro\/conditions\/\"}}]}<\/script>\n<meta property=\"product:price:amount\" content=\"1260.00\" \/>\n<meta property=\"product:price:currency\" content=\"MDL\" \/>\n<meta property=\"og:availability\" content=\"instock\" \/>\n<meta property=\"product:availability\" content=\"instock\" \/>\n<meta property=\"product:retailer_item_id\" content=\"4250435730447\" \/>\n<meta property=\"product:condition\" content=\"new\" \/>\n<!-- \/ Yoast SEO plugin. -->","yoast_head_json":{"title":"\u0420\u043e\u0441\u0442\u0435\u0440 \u0434\u043b\u044f \u043f\u0442\u0438\u0446\u044b \u0447\u0443\u0433\u0443\u043d\u043d\u044b\u0439 Petromax Cast-iron Poultry Roaster cf30 - \u041c\u0430\u0433\u0430\u0437\u0438\u043d Xstyle","robots":{"index":"index","follow":"follow","max-snippet":"max-snippet:-1","max-image-preview":"max-image-preview:large","max-video-preview":"max-video-preview:-1"},"canonical":"https:\/\/xstyle.md\/ro\/produs\/roster-dlya-pticzy-chugunnyj-petromax-cast-iron-poultry-roaster-cf30\/","og_locale":"ro_RO","og_type":"article","og_title":"\u0420\u043e\u0441\u0442\u0435\u0440 \u0434\u043b\u044f \u043f\u0442\u0438\u0446\u044b \u0447\u0443\u0433\u0443\u043d\u043d\u044b\u0439 Petromax Cast-iron Poultry Roaster cf30 - \u041c\u0430\u0433\u0430\u0437\u0438\u043d Xstyle","og_description":"\u0411\u0440\u0435\u043d\u0434 Petromax \u2013 \u0432\u0435\u0434\u0443\u0449\u0438\u0439 \u043d\u0435\u043c\u0435\u0446\u043a\u0438\u0439 \u043f\u0440\u043e\u0438\u0437\u0432\u043e\u0434\u0438\u0442\u0435\u043b\u044c \u043e\u0431\u043e\u0440\u0443\u0434\u043e\u0432\u0430\u043d\u0438\u044f \u0434\u043b\u044f \u043f\u0440\u0438\u0433\u043e\u0442\u043e\u0432\u043b\u0435\u043d\u0438\u044f \u043f\u0438\u0449\u0438 \u0438 \u043f\u0440\u043e\u0436\u0438\u0432\u0430\u043d\u0438\u044f \u043d\u0430 \u043e\u0442\u043a\u0440\u044b\u0442\u043e\u043c \u0432\u043e\u0437\u0434\u0443\u0445\u0435, \u0438 \u0432 \u0435\u0433\u043e \u0441\u043e\u0433\u043b\u0430\u0441\u043e\u0432\u0430\u043d\u043d\u043e\u043c \u0430\u0441\u0441\u043e\u0440\u0442\u0438\u043c\u0435\u043d\u0442\u0435 \u043f\u0440\u043e\u0434\u0443\u043a\u0446\u0438\u0438 \u0443\u043d\u0438\u043a\u0430\u043b\u044c\u043d\u044b\u043c \u043e\u0431\u0440\u0430\u0437\u043e\u043c \u0441\u043e\u0447\u0435\u0442\u0430\u044e\u0442\u0441\u044f \u0442\u0440\u0430\u0434\u0438\u0446\u0438\u0438 \u0438 \u0438\u043d\u043d\u043e\u0432\u0430\u0446\u0438\u0438. \u0412\u0441\u0435 \u043f\u0440\u043e\u0434\u0443\u043a\u0442\u044b Petromax \u043e\u0442\u043b\u0438\u0447\u0430\u044e\u0442\u0441\u044f \u0432\u044b\u0441\u043e\u0447\u0430\u0439\u0448\u0438\u043c \u043a\u0430\u0447\u0435\u0441\u0442\u0432\u043e\u043c, \u0434\u043e\u043b\u0433\u043e\u0432\u0435\u0447\u043d\u043e\u0441\u0442\u044c\u044e, \u043f\u0440\u043e\u0434\u0443\u043c\u0430\u043d\u043d\u044b\u043c\u0438 \u0434\u0435\u0442\u0430\u043b\u044f\u043c\u0438 \u0438 \u043f\u0440\u0435\u0434\u043d\u0430\u0437\u043d\u0430\u0447\u0435\u043d\u044b \u0434\u043b\u044f \u0432\u0441\u0435\u0445, \u043a\u0442\u043e \u0438\u0449\u0435\u0442 \u043a\u043e\u043c\u043f\u0435\u043d\u0441\u0430\u0446\u0438\u044e \u0437\u0430 \u0441\u0432\u043e\u0439 \u0440\u0430\u0441\u043f\u043e\u0440\u044f\u0434\u043e\u043a \u0434\u043d\u044f \u043d\u0430 \u043f\u0440\u0438\u0440\u043e\u0434\u0435 \u0438 \u043f\u043e\u044d\u0442\u043e\u043c\u0443 \u0440\u0430\u0437\u0431\u0438\u0432\u0430\u0435\u0442 \u043b\u0430\u0433\u0435\u0440\u044c \u043d\u0430 \u043e\u0442\u043a\u0440\u044b\u0442\u043e\u043c [&hellip;]","og_url":"https:\/\/xstyle.md\/ro\/produs\/roster-dlya-pticzy-chugunnyj-petromax-cast-iron-poultry-roaster-cf30\/","og_site_name":"\u041c\u0430\u0433\u0430\u0437\u0438\u043d Xstyle","article_publisher":"https:\/\/www.facebook.com\/xstylemd","article_modified_time":"2026-04-06T13:00:49+00:00","og_image":[{"width":1200,"height":1200,"url":"https:\/\/xstyle.md\/wp-content\/uploads\/2025\/12\/petromax-cast-iron-poultry-roaster-cf30-1.webp","type":"image\/webp"}],"twitter_card":"summary_large_image","twitter_misc":{"Pre\u021b":"1.260&nbsp;MDL","Disponibilitate":"\u00cen stoc"},"schema":{"@context":"https:\/\/schema.org","@graph":[{"@type":"WebPage","@id":"https:\/\/xstyle.md\/product\/roster-dlya-pticzy-chugunnyj-petromax-cast-iron-poultry-roaster-cf30\/","url":"https:\/\/xstyle.md\/product\/roster-dlya-pticzy-chugunnyj-petromax-cast-iron-poultry-roaster-cf30\/","name":"\u0420\u043e\u0441\u0442\u0435\u0440 \u0434\u043b\u044f \u043f\u0442\u0438\u0446\u044b \u0447\u0443\u0433\u0443\u043d\u043d\u044b\u0439 Petromax Cast-iron Poultry Roaster cf30 - \u041c\u0430\u0433\u0430\u0437\u0438\u043d Xstyle","isPartOf":{"@id":"https:\/\/xstyle.md\/#website"},"primaryImageOfPage":{"@id":"https:\/\/xstyle.md\/product\/roster-dlya-pticzy-chugunnyj-petromax-cast-iron-poultry-roaster-cf30\/#primaryimage"},"image":{"@id":"https:\/\/xstyle.md\/product\/roster-dlya-pticzy-chugunnyj-petromax-cast-iron-poultry-roaster-cf30\/#primaryimage"},"thumbnailUrl":"https:\/\/xstyle.md\/wp-content\/uploads\/2025\/12\/petromax-cast-iron-poultry-roaster-cf30-1.webp","datePublished":"2025-12-24T16:20:44+00:00","dateModified":"2026-04-06T13:00:49+00:00","breadcrumb":{"@id":"https:\/\/xstyle.md\/product\/roster-dlya-pticzy-chugunnyj-petromax-cast-iron-poultry-roaster-cf30\/#breadcrumb"},"inLanguage":"ro-RO","potentialAction":[{"@type":"ReadAction","target":["https:\/\/xstyle.md\/product\/roster-dlya-pticzy-chugunnyj-petromax-cast-iron-poultry-roaster-cf30\/"]}]},{"@type":"ImageObject","inLanguage":"ro-RO","@id":"https:\/\/xstyle.md\/product\/roster-dlya-pticzy-chugunnyj-petromax-cast-iron-poultry-roaster-cf30\/#primaryimage","url":"https:\/\/xstyle.md\/wp-content\/uploads\/2025\/12\/petromax-cast-iron-poultry-roaster-cf30-1.webp","contentUrl":"https:\/\/xstyle.md\/wp-content\/uploads\/2025\/12\/petromax-cast-iron-poultry-roaster-cf30-1.webp","width":1200,"height":1200},{"@type":"BreadcrumbList","@id":"https:\/\/xstyle.md\/product\/roster-dlya-pticzy-chugunnyj-petromax-cast-iron-poultry-roaster-cf30\/#breadcrumb","itemListElement":[{"@type":"ListItem","position":1,"name":"\u0413\u043b\u0430\u0432\u043d\u0430\u044f \u0441\u0442\u0440\u0430\u043d\u0438\u0446\u0430","item":"https:\/\/xstyle.md\/"},{"@type":"ListItem","position":2,"name":"\u041c\u0430\u0433\u0430\u0437\u0438\u043d","item":"https:\/\/xstyle.md\/shop\/"},{"@type":"ListItem","position":3,"name":"\u0420\u043e\u0441\u0442\u0435\u0440 \u0434\u043b\u044f \u043f\u0442\u0438\u0446\u044b \u0447\u0443\u0433\u0443\u043d\u043d\u044b\u0439 Petromax Cast-iron Poultry Roaster cf30"}]},{"@type":"WebSite","@id":"https:\/\/xstyle.md\/#website","url":"https:\/\/xstyle.md\/","name":"Magazinul X-Style","description":"Echipamente pentru turism \u0219i sporturi extreme \u00een Moldova. Pre\u021buri, fotografii, caracteristici \u00een Moldova.","publisher":{"@id":"https:\/\/xstyle.md\/#organization"},"alternateName":"X-Style","potentialAction":[{"@type":"SearchAction","target":{"@type":"EntryPoint","urlTemplate":"https:\/\/xstyle.md\/?s={search_term_string}"},"query-input":{"@type":"PropertyValueSpecification","valueRequired":true,"valueName":"search_term_string"}}],"inLanguage":"ro-RO"},{"@type":"Organization","@id":"https:\/\/xstyle.md\/#organization","name":"Magazinul X-Style","alternateName":"x-style","url":"https:\/\/xstyle.md\/","logo":{"@type":"ImageObject","inLanguage":"ro-RO","@id":"https:\/\/xstyle.md\/#\/schema\/logo\/image\/","url":"https:\/\/xstyle.md\/wp-content\/uploads\/2020\/06\/logoicon.svg","contentUrl":"https:\/\/xstyle.md\/wp-content\/uploads\/2020\/06\/logoicon.svg","caption":"\u041c\u0430\u0433\u0430\u0437\u0438\u043d Xstyle"},"image":{"@id":"https:\/\/xstyle.md\/#\/schema\/logo\/image\/"},"sameAs":["https:\/\/www.facebook.com\/xstylemd","https:\/\/www.instagram.com\/xstyle_md\/","https:\/\/t.me\/xstyle_outdoor"],"hasMerchantReturnPolicy":{"@type":"MerchantReturnPolicy","merchantReturnLink":"https:\/\/xstyle.md\/ro\/conditions\/"}}]},"product_price_amount":"1260.00","product_price_currency":"MDL","og_availability":"instock","product_availability":"instock","product_retailer_item_id":"4250435730447","product_condition":"new"},"post_mailing_queue_ids":[],"_links":{"self":[{"href":"https:\/\/xstyle.md\/ro\/wp-json\/wp\/v2\/product\/98931","targetHints":{"allow":["GET"]}}],"collection":[{"href":"https:\/\/xstyle.md\/ro\/wp-json\/wp\/v2\/product"}],"about":[{"href":"https:\/\/xstyle.md\/ro\/wp-json\/wp\/v2\/types\/product"}],"replies":[{"embeddable":true,"href":"https:\/\/xstyle.md\/ro\/wp-json\/wp\/v2\/comments?post=98931"}],"wp:featuredmedia":[{"embeddable":true,"href":"https:\/\/xstyle.md\/ro\/wp-json\/wp\/v2\/media\/104876"}],"wp:attachment":[{"href":"https:\/\/xstyle.md\/ro\/wp-json\/wp\/v2\/media?parent=98931"}],"wp:term":[{"taxonomy":"product_brand","embeddable":true,"href":"https:\/\/xstyle.md\/ro\/wp-json\/wp\/v2\/product_brand?post=98931"},{"taxonomy":"product_cat","embeddable":true,"href":"https:\/\/xstyle.md\/ro\/wp-json\/wp\/v2\/product_cat?post=98931"},{"taxonomy":"product_tag","embeddable":true,"href":"https:\/\/xstyle.md\/ro\/wp-json\/wp\/v2\/product_tag?post=98931"}],"curies":[{"name":"wp","href":"https:\/\/api.w.org\/{rel}","templated":true}]}}