{"id":98929,"date":"2025-12-24T19:20:43","date_gmt":"2025-12-24T16:20:43","guid":{"rendered":"https:\/\/xstyle.md\/?post_type=product&#038;p=98929"},"modified":"2026-04-06T15:50:38","modified_gmt":"2026-04-06T12:50:38","slug":"pechka-petromax-fb1","status":"publish","type":"product","link":"https:\/\/xstyle.md\/ro\/produs\/pechka-petromax-fb1\/","title":{"rendered":"Cuptor Petromax fb1"},"content":{"rendered":"<\/p>\n<p><strong>Cuptor Petromax fb1<\/strong> &#8212; sob\u0103 portabil\u0103 compact\u0103, conceput\u0103 pentru g\u0103tit \u0219i \u00eenc\u0103lzire \u00een condi\u021bii de drume\u021bie. Datorit\u0103 construc\u021biei pliabile, aceasta ocup\u0103 un spa\u021biu minim \u00een rucsac \u0219i se asambleaz\u0103 u\u0219or \u00een doar c\u00e2teva secunde. Este o solu\u021bie ecologic\u0103 \u0219i eficient\u0103 pentru pasiona\u021bii de bushcraft \u0219i turism.<\/p>\n<h3>Particularit\u0103\u021bi<\/h3>\n<ul>\n<li>Design &#8212; corp complet demontabil, care se transform\u0103 \u00eentr-un panou plat atunci c\u00e2nd este pliat<\/li>\n<li>Versatilitate &#8212; permite utilizarea surselor de combustibil precum a\u0219chii de lemn, crengi, lemne sau spirt solid<\/li>\n<li>Eficien\u021b\u0103 &#8212; orificiile speciale de ventila\u021bie asigur\u0103 un tiraj excelent \u0219i arderea complet\u0103 a combustibilului<\/li>\n<li>Stabilitate &#8212; modul de instalare pe sol ofer\u0103 un suport sigur pentru vase de g\u0103tit de diferite volume<\/li>\n<li>Airflow design &#8212; sistem de orificii bine g\u00e2ndite pentru o circula\u021bie optim\u0103 a aerului \u0219i o ardere stabil\u0103<\/li>\n<li>Inox steel &#8212; utilizarea o\u021belului inoxidabil de \u00eenalt\u0103 calitate, rezistent la deformare la temperaturi ridicate \u0219i la coroziune<\/li>\n<\/ul>\n<h3>Caracteristici<\/h3>\n<ul>\n<li>Material carcas\u0103 &#8212; o\u021bel inoxidabil<\/li>\n<li>Tip combustibil &#8212; lemne, a\u0219chii<\/li>\n<li>Control &#8212; mecanic<\/li>\n<li>Lungime &#8212; 30.5 cm<\/li>\n<li>L\u0103\u021bime &#8212; 20.7 cm<\/li>\n<li>\u00cen\u0103l\u021bime &#8212; 17.5 cm<\/li>\n<\/ul>\n<p><\/p>\n<h3>Marca<\/h3>\n<p>Petromax  - este un produc\u0103tor german de top, specializat \u00een echipamente pentru g\u0103tit \u0219i via\u021ba \u00een aer liber, iar gama sa armonizat\u0103 de produse \u00eembin\u0103 \u00eentr-un mod unic tradi\u021bia cu inova\u021bia. Toate produsele Petromax se remarc\u0103 prin calitate superioar\u0103, durabilitate, detalii bine g\u00e2ndite \u0219i sunt destinate tuturor celor care caut\u0103 o evadare din rutina zilnic\u0103 \u00een mijlocul naturii \u0219i care aleg s\u0103 campeze \u00een aer liber. \u00cen centrul universului Petromax se afl\u0103 explorarea naturii neatinse cu ajutorul unor echipamente tradi\u021bionale, dar excelent proiectate.<\/p>","protected":false},"excerpt":{"rendered":"<p>\u0411\u0440\u0435\u043d\u0434 Petromax \u2013 \u0432\u0435\u0434\u0443\u0449\u0438\u0439 \u043d\u0435\u043c\u0435\u0446\u043a\u0438\u0439 \u043f\u0440\u043e\u0438\u0437\u0432\u043e\u0434\u0438\u0442\u0435\u043b\u044c \u043e\u0431\u043e\u0440\u0443\u0434\u043e\u0432\u0430\u043d\u0438\u044f \u0434\u043b\u044f \u043f\u0440\u0438\u0433\u043e\u0442\u043e\u0432\u043b\u0435\u043d\u0438\u044f \u043f\u0438\u0449\u0438 \u0438 \u043f\u0440\u043e\u0436\u0438\u0432\u0430\u043d\u0438\u044f \u043d\u0430 \u043e\u0442\u043a\u0440\u044b\u0442\u043e\u043c \u0432\u043e\u0437\u0434\u0443\u0445\u0435, \u0438 \u0432 \u0435\u0433\u043e \u0441\u043e\u0433\u043b\u0430\u0441\u043e\u0432\u0430\u043d\u043d\u043e\u043c \u0430\u0441\u0441\u043e\u0440\u0442\u0438\u043c\u0435\u043d\u0442\u0435 \u043f\u0440\u043e\u0434\u0443\u043a\u0446\u0438\u0438 \u0443\u043d\u0438\u043a\u0430\u043b\u044c\u043d\u044b\u043c \u043e\u0431\u0440\u0430\u0437\u043e\u043c \u0441\u043e\u0447\u0435\u0442\u0430\u044e\u0442\u0441\u044f \u0442\u0440\u0430\u0434\u0438\u0446\u0438\u0438 \u0438 \u0438\u043d\u043d\u043e\u0432\u0430\u0446\u0438\u0438. \u0412\u0441\u0435 \u043f\u0440\u043e\u0434\u0443\u043a\u0442\u044b Petromax \u043e\u0442\u043b\u0438\u0447\u0430\u044e\u0442\u0441\u044f \u0432\u044b\u0441\u043e\u0447\u0430\u0439\u0448\u0438\u043c \u043a\u0430\u0447\u0435\u0441\u0442\u0432\u043e\u043c, \u0434\u043e\u043b\u0433\u043e\u0432\u0435\u0447\u043d\u043e\u0441\u0442\u044c\u044e, \u043f\u0440\u043e\u0434\u0443\u043c\u0430\u043d\u043d\u044b\u043c\u0438 \u0434\u0435\u0442\u0430\u043b\u044f\u043c\u0438 \u0438 \u043f\u0440\u0435\u0434\u043d\u0430\u0437\u043d\u0430\u0447\u0435\u043d\u044b \u0434\u043b\u044f \u0432\u0441\u0435\u0445, \u043a\u0442\u043e \u0438\u0449\u0435\u0442 \u043a\u043e\u043c\u043f\u0435\u043d\u0441\u0430\u0446\u0438\u044e \u0437\u0430 \u0441\u0432\u043e\u0439 \u0440\u0430\u0441\u043f\u043e\u0440\u044f\u0434\u043e\u043a \u0434\u043d\u044f \u043d\u0430 \u043f\u0440\u0438\u0440\u043e\u0434\u0435 \u0438 \u043f\u043e\u044d\u0442\u043e\u043c\u0443 \u0440\u0430\u0437\u0431\u0438\u0432\u0430\u0435\u0442 \u043b\u0430\u0433\u0435\u0440\u044c \u043d\u0430 \u043e\u0442\u043a\u0440\u044b\u0442\u043e\u043c [&hellip;]<\/p>\n","protected":false},"featured_media":104869,"comment_status":"open","ping_status":"closed","template":"","meta":{"_acf_changed":false,"inline_featured_image":false},"product_brand":[1420],"product_cat":[273],"product_tag":[],"class_list":{"0":"post-98929","1":"product","2":"type-product","3":"status-publish","4":"has-post-thumbnail","6":"product_brand-petromax","7":"product_cat-arzator-combustibil","9":"first","10":"instock","11":"shipping-taxable","12":"purchasable","13":"product-type-simple"},"acf":[],"yoast_head":"<!-- This site is optimized with the Yoast SEO plugin v27.2 - https:\/\/yoast.com\/product\/yoast-seo-wordpress\/ -->\n<title>\u041f\u0435\u0447\u043a\u0430 Petromax fb1 - \u041c\u0430\u0433\u0430\u0437\u0438\u043d Xstyle<\/title>\n<meta name=\"robots\" content=\"index, follow, max-snippet:-1, max-image-preview:large, max-video-preview:-1\" \/>\n<link rel=\"canonical\" href=\"https:\/\/xstyle.md\/ro\/produs\/pechka-petromax-fb1\/\" \/>\n<meta property=\"og:locale\" content=\"ro_RO\" \/>\n<meta property=\"og:type\" content=\"article\" \/>\n<meta property=\"og:title\" content=\"\u041f\u0435\u0447\u043a\u0430 Petromax fb1 - \u041c\u0430\u0433\u0430\u0437\u0438\u043d Xstyle\" \/>\n<meta property=\"og:description\" content=\"\u0411\u0440\u0435\u043d\u0434 Petromax \u2013 \u0432\u0435\u0434\u0443\u0449\u0438\u0439 \u043d\u0435\u043c\u0435\u0446\u043a\u0438\u0439 \u043f\u0440\u043e\u0438\u0437\u0432\u043e\u0434\u0438\u0442\u0435\u043b\u044c \u043e\u0431\u043e\u0440\u0443\u0434\u043e\u0432\u0430\u043d\u0438\u044f \u0434\u043b\u044f \u043f\u0440\u0438\u0433\u043e\u0442\u043e\u0432\u043b\u0435\u043d\u0438\u044f \u043f\u0438\u0449\u0438 \u0438 \u043f\u0440\u043e\u0436\u0438\u0432\u0430\u043d\u0438\u044f \u043d\u0430 \u043e\u0442\u043a\u0440\u044b\u0442\u043e\u043c \u0432\u043e\u0437\u0434\u0443\u0445\u0435, \u0438 \u0432 \u0435\u0433\u043e \u0441\u043e\u0433\u043b\u0430\u0441\u043e\u0432\u0430\u043d\u043d\u043e\u043c \u0430\u0441\u0441\u043e\u0440\u0442\u0438\u043c\u0435\u043d\u0442\u0435 \u043f\u0440\u043e\u0434\u0443\u043a\u0446\u0438\u0438 \u0443\u043d\u0438\u043a\u0430\u043b\u044c\u043d\u044b\u043c \u043e\u0431\u0440\u0430\u0437\u043e\u043c \u0441\u043e\u0447\u0435\u0442\u0430\u044e\u0442\u0441\u044f \u0442\u0440\u0430\u0434\u0438\u0446\u0438\u0438 \u0438 \u0438\u043d\u043d\u043e\u0432\u0430\u0446\u0438\u0438. \u0412\u0441\u0435 \u043f\u0440\u043e\u0434\u0443\u043a\u0442\u044b Petromax \u043e\u0442\u043b\u0438\u0447\u0430\u044e\u0442\u0441\u044f \u0432\u044b\u0441\u043e\u0447\u0430\u0439\u0448\u0438\u043c \u043a\u0430\u0447\u0435\u0441\u0442\u0432\u043e\u043c, \u0434\u043e\u043b\u0433\u043e\u0432\u0435\u0447\u043d\u043e\u0441\u0442\u044c\u044e, \u043f\u0440\u043e\u0434\u0443\u043c\u0430\u043d\u043d\u044b\u043c\u0438 \u0434\u0435\u0442\u0430\u043b\u044f\u043c\u0438 \u0438 \u043f\u0440\u0435\u0434\u043d\u0430\u0437\u043d\u0430\u0447\u0435\u043d\u044b \u0434\u043b\u044f \u0432\u0441\u0435\u0445, \u043a\u0442\u043e \u0438\u0449\u0435\u0442 \u043a\u043e\u043c\u043f\u0435\u043d\u0441\u0430\u0446\u0438\u044e \u0437\u0430 \u0441\u0432\u043e\u0439 \u0440\u0430\u0441\u043f\u043e\u0440\u044f\u0434\u043e\u043a \u0434\u043d\u044f \u043d\u0430 \u043f\u0440\u0438\u0440\u043e\u0434\u0435 \u0438 \u043f\u043e\u044d\u0442\u043e\u043c\u0443 \u0440\u0430\u0437\u0431\u0438\u0432\u0430\u0435\u0442 \u043b\u0430\u0433\u0435\u0440\u044c \u043d\u0430 \u043e\u0442\u043a\u0440\u044b\u0442\u043e\u043c [&hellip;]\" \/>\n<meta property=\"og:url\" content=\"https:\/\/xstyle.md\/ro\/produs\/pechka-petromax-fb1\/\" \/>\n<meta property=\"og:site_name\" content=\"\u041c\u0430\u0433\u0430\u0437\u0438\u043d Xstyle\" \/>\n<meta property=\"article:publisher\" content=\"https:\/\/www.facebook.com\/xstylemd\" \/>\n<meta property=\"article:modified_time\" content=\"2026-04-06T12:50:38+00:00\" \/>\n<meta property=\"og:image\" content=\"https:\/\/xstyle.md\/wp-content\/uploads\/2025\/12\/pechka-petromax-fb1.webp\" \/>\n\t<meta property=\"og:image:width\" content=\"1200\" \/>\n\t<meta property=\"og:image:height\" content=\"1200\" \/>\n\t<meta property=\"og:image:type\" content=\"image\/webp\" \/>\n<meta name=\"twitter:card\" content=\"summary_large_image\" \/>\n<meta name=\"twitter:label1\" content=\"Pre\u021b\" \/>\n\t<meta name=\"twitter:data1\" content=\"3.390&nbsp;MDL\" \/>\n\t<meta name=\"twitter:label2\" content=\"Disponibilitate\" \/>\n\t<meta name=\"twitter:data2\" content=\"\u00cen stoc\" \/>\n<script type=\"application\/ld+json\" class=\"yoast-schema-graph\">{\"@context\":\"https:\/\/schema.org\",\"@graph\":[{\"@type\":\"WebPage\",\"@id\":\"https:\/\/xstyle.md\/product\/pechka-petromax-fb1\/\",\"url\":\"https:\/\/xstyle.md\/product\/pechka-petromax-fb1\/\",\"name\":\"\u041f\u0435\u0447\u043a\u0430 Petromax fb1 - \u041c\u0430\u0433\u0430\u0437\u0438\u043d Xstyle\",\"isPartOf\":{\"@id\":\"https:\/\/xstyle.md\/#website\"},\"primaryImageOfPage\":{\"@id\":\"https:\/\/xstyle.md\/product\/pechka-petromax-fb1\/#primaryimage\"},\"image\":{\"@id\":\"https:\/\/xstyle.md\/product\/pechka-petromax-fb1\/#primaryimage\"},\"thumbnailUrl\":\"https:\/\/xstyle.md\/wp-content\/uploads\/2025\/12\/pechka-petromax-fb1.webp\",\"datePublished\":\"2025-12-24T16:20:43+00:00\",\"dateModified\":\"2026-04-06T12:50:38+00:00\",\"breadcrumb\":{\"@id\":\"https:\/\/xstyle.md\/product\/pechka-petromax-fb1\/#breadcrumb\"},\"inLanguage\":\"ro-RO\",\"potentialAction\":[{\"@type\":\"ReadAction\",\"target\":[\"https:\/\/xstyle.md\/product\/pechka-petromax-fb1\/\"]}]},{\"@type\":\"ImageObject\",\"inLanguage\":\"ro-RO\",\"@id\":\"https:\/\/xstyle.md\/product\/pechka-petromax-fb1\/#primaryimage\",\"url\":\"https:\/\/xstyle.md\/wp-content\/uploads\/2025\/12\/pechka-petromax-fb1.webp\",\"contentUrl\":\"https:\/\/xstyle.md\/wp-content\/uploads\/2025\/12\/pechka-petromax-fb1.webp\",\"width\":1200,\"height\":1200},{\"@type\":\"BreadcrumbList\",\"@id\":\"https:\/\/xstyle.md\/product\/pechka-petromax-fb1\/#breadcrumb\",\"itemListElement\":[{\"@type\":\"ListItem\",\"position\":1,\"name\":\"\u0413\u043b\u0430\u0432\u043d\u0430\u044f \u0441\u0442\u0440\u0430\u043d\u0438\u0446\u0430\",\"item\":\"https:\/\/xstyle.md\/\"},{\"@type\":\"ListItem\",\"position\":2,\"name\":\"\u041c\u0430\u0433\u0430\u0437\u0438\u043d\",\"item\":\"https:\/\/xstyle.md\/shop\/\"},{\"@type\":\"ListItem\",\"position\":3,\"name\":\"\u041f\u0435\u0447\u043a\u0430 Petromax fb1\"}]},{\"@type\":\"WebSite\",\"@id\":\"https:\/\/xstyle.md\/#website\",\"url\":\"https:\/\/xstyle.md\/\",\"name\":\"\u041c\u0430\u0433\u0430\u0437\u0438\u043d Xstyle\",\"description\":\"C\u043d\u0430\u0440\u044f\u0436\u0435\u043d\u0438\u0435 \u0434\u043b\u044f \u0442\u0443\u0440\u0438\u0437\u043c\u0430 \u0438 \u044d\u043a\u0441\u0442\u0440\u0435\u043c\u0430\u043b\u044c\u043d\u044b\u0445 \u0432\u0438\u0434\u043e\u0432 \u0441\u043f\u043e\u0440\u0442\u0430 \u0432 \u041c\u043e\u043b\u0434\u043e\u0432\u0435.. \u0426\u0435\u043d\u044b, \u0444\u043e\u0442\u043e, \u0445\u0430\u0440\u0430\u043a\u0442\u0435\u0440\u0438\u0441\u0442\u0438\u043a\u0438 \u0432 \u041c\u043e\u043b\u0434\u043e\u0432\u0435.\",\"publisher\":{\"@id\":\"https:\/\/xstyle.md\/#organization\"},\"alternateName\":\"X-Style\",\"potentialAction\":[{\"@type\":\"SearchAction\",\"target\":{\"@type\":\"EntryPoint\",\"urlTemplate\":\"https:\/\/xstyle.md\/?s={search_term_string}\"},\"query-input\":{\"@type\":\"PropertyValueSpecification\",\"valueRequired\":true,\"valueName\":\"search_term_string\"}}],\"inLanguage\":\"ro-RO\"},{\"@type\":\"Organization\",\"@id\":\"https:\/\/xstyle.md\/#organization\",\"name\":\"\u041c\u0430\u0433\u0430\u0437\u0438\u043d Xstyle\",\"alternateName\":\"x-style\",\"url\":\"https:\/\/xstyle.md\/\",\"logo\":{\"@type\":\"ImageObject\",\"inLanguage\":\"ro-RO\",\"@id\":\"https:\/\/xstyle.md\/#\/schema\/logo\/image\/\",\"url\":\"https:\/\/xstyle.md\/wp-content\/uploads\/2020\/06\/logoicon.svg\",\"contentUrl\":\"https:\/\/xstyle.md\/wp-content\/uploads\/2020\/06\/logoicon.svg\",\"caption\":\"\u041c\u0430\u0433\u0430\u0437\u0438\u043d Xstyle\"},\"image\":{\"@id\":\"https:\/\/xstyle.md\/#\/schema\/logo\/image\/\"},\"sameAs\":[\"https:\/\/www.facebook.com\/xstylemd\",\"https:\/\/www.instagram.com\/xstyle_md\/\",\"https:\/\/t.me\/xstyle_outdoor\"],\"hasMerchantReturnPolicy\":{\"@type\":\"MerchantReturnPolicy\",\"merchantReturnLink\":\"https:\/\/xstyle.md\/ro\/conditions\/\"}}]}<\/script>\n<meta property=\"product:price:amount\" content=\"3390.00\" \/>\n<meta property=\"product:price:currency\" content=\"MDL\" \/>\n<meta property=\"og:availability\" content=\"instock\" \/>\n<meta property=\"product:availability\" content=\"instock\" \/>\n<meta property=\"product:retailer_item_id\" content=\"4250435701300\" \/>\n<meta property=\"product:condition\" content=\"new\" \/>\n<!-- \/ Yoast SEO plugin. -->","yoast_head_json":{"title":"\u041f\u0435\u0447\u043a\u0430 Petromax fb1 - \u041c\u0430\u0433\u0430\u0437\u0438\u043d Xstyle","robots":{"index":"index","follow":"follow","max-snippet":"max-snippet:-1","max-image-preview":"max-image-preview:large","max-video-preview":"max-video-preview:-1"},"canonical":"https:\/\/xstyle.md\/ro\/produs\/pechka-petromax-fb1\/","og_locale":"ro_RO","og_type":"article","og_title":"\u041f\u0435\u0447\u043a\u0430 Petromax fb1 - \u041c\u0430\u0433\u0430\u0437\u0438\u043d Xstyle","og_description":"\u0411\u0440\u0435\u043d\u0434 Petromax \u2013 \u0432\u0435\u0434\u0443\u0449\u0438\u0439 \u043d\u0435\u043c\u0435\u0446\u043a\u0438\u0439 \u043f\u0440\u043e\u0438\u0437\u0432\u043e\u0434\u0438\u0442\u0435\u043b\u044c \u043e\u0431\u043e\u0440\u0443\u0434\u043e\u0432\u0430\u043d\u0438\u044f \u0434\u043b\u044f \u043f\u0440\u0438\u0433\u043e\u0442\u043e\u0432\u043b\u0435\u043d\u0438\u044f \u043f\u0438\u0449\u0438 \u0438 \u043f\u0440\u043e\u0436\u0438\u0432\u0430\u043d\u0438\u044f \u043d\u0430 \u043e\u0442\u043a\u0440\u044b\u0442\u043e\u043c \u0432\u043e\u0437\u0434\u0443\u0445\u0435, \u0438 \u0432 \u0435\u0433\u043e \u0441\u043e\u0433\u043b\u0430\u0441\u043e\u0432\u0430\u043d\u043d\u043e\u043c \u0430\u0441\u0441\u043e\u0440\u0442\u0438\u043c\u0435\u043d\u0442\u0435 \u043f\u0440\u043e\u0434\u0443\u043a\u0446\u0438\u0438 \u0443\u043d\u0438\u043a\u0430\u043b\u044c\u043d\u044b\u043c \u043e\u0431\u0440\u0430\u0437\u043e\u043c \u0441\u043e\u0447\u0435\u0442\u0430\u044e\u0442\u0441\u044f \u0442\u0440\u0430\u0434\u0438\u0446\u0438\u0438 \u0438 \u0438\u043d\u043d\u043e\u0432\u0430\u0446\u0438\u0438. \u0412\u0441\u0435 \u043f\u0440\u043e\u0434\u0443\u043a\u0442\u044b Petromax \u043e\u0442\u043b\u0438\u0447\u0430\u044e\u0442\u0441\u044f \u0432\u044b\u0441\u043e\u0447\u0430\u0439\u0448\u0438\u043c \u043a\u0430\u0447\u0435\u0441\u0442\u0432\u043e\u043c, \u0434\u043e\u043b\u0433\u043e\u0432\u0435\u0447\u043d\u043e\u0441\u0442\u044c\u044e, \u043f\u0440\u043e\u0434\u0443\u043c\u0430\u043d\u043d\u044b\u043c\u0438 \u0434\u0435\u0442\u0430\u043b\u044f\u043c\u0438 \u0438 \u043f\u0440\u0435\u0434\u043d\u0430\u0437\u043d\u0430\u0447\u0435\u043d\u044b \u0434\u043b\u044f \u0432\u0441\u0435\u0445, \u043a\u0442\u043e \u0438\u0449\u0435\u0442 \u043a\u043e\u043c\u043f\u0435\u043d\u0441\u0430\u0446\u0438\u044e \u0437\u0430 \u0441\u0432\u043e\u0439 \u0440\u0430\u0441\u043f\u043e\u0440\u044f\u0434\u043e\u043a \u0434\u043d\u044f \u043d\u0430 \u043f\u0440\u0438\u0440\u043e\u0434\u0435 \u0438 \u043f\u043e\u044d\u0442\u043e\u043c\u0443 \u0440\u0430\u0437\u0431\u0438\u0432\u0430\u0435\u0442 \u043b\u0430\u0433\u0435\u0440\u044c \u043d\u0430 \u043e\u0442\u043a\u0440\u044b\u0442\u043e\u043c [&hellip;]","og_url":"https:\/\/xstyle.md\/ro\/produs\/pechka-petromax-fb1\/","og_site_name":"\u041c\u0430\u0433\u0430\u0437\u0438\u043d Xstyle","article_publisher":"https:\/\/www.facebook.com\/xstylemd","article_modified_time":"2026-04-06T12:50:38+00:00","og_image":[{"width":1200,"height":1200,"url":"https:\/\/xstyle.md\/wp-content\/uploads\/2025\/12\/pechka-petromax-fb1.webp","type":"image\/webp"}],"twitter_card":"summary_large_image","twitter_misc":{"Pre\u021b":"3.390&nbsp;MDL","Disponibilitate":"\u00cen stoc"},"schema":{"@context":"https:\/\/schema.org","@graph":[{"@type":"WebPage","@id":"https:\/\/xstyle.md\/product\/pechka-petromax-fb1\/","url":"https:\/\/xstyle.md\/product\/pechka-petromax-fb1\/","name":"\u041f\u0435\u0447\u043a\u0430 Petromax fb1 - \u041c\u0430\u0433\u0430\u0437\u0438\u043d Xstyle","isPartOf":{"@id":"https:\/\/xstyle.md\/#website"},"primaryImageOfPage":{"@id":"https:\/\/xstyle.md\/product\/pechka-petromax-fb1\/#primaryimage"},"image":{"@id":"https:\/\/xstyle.md\/product\/pechka-petromax-fb1\/#primaryimage"},"thumbnailUrl":"https:\/\/xstyle.md\/wp-content\/uploads\/2025\/12\/pechka-petromax-fb1.webp","datePublished":"2025-12-24T16:20:43+00:00","dateModified":"2026-04-06T12:50:38+00:00","breadcrumb":{"@id":"https:\/\/xstyle.md\/product\/pechka-petromax-fb1\/#breadcrumb"},"inLanguage":"ro-RO","potentialAction":[{"@type":"ReadAction","target":["https:\/\/xstyle.md\/product\/pechka-petromax-fb1\/"]}]},{"@type":"ImageObject","inLanguage":"ro-RO","@id":"https:\/\/xstyle.md\/product\/pechka-petromax-fb1\/#primaryimage","url":"https:\/\/xstyle.md\/wp-content\/uploads\/2025\/12\/pechka-petromax-fb1.webp","contentUrl":"https:\/\/xstyle.md\/wp-content\/uploads\/2025\/12\/pechka-petromax-fb1.webp","width":1200,"height":1200},{"@type":"BreadcrumbList","@id":"https:\/\/xstyle.md\/product\/pechka-petromax-fb1\/#breadcrumb","itemListElement":[{"@type":"ListItem","position":1,"name":"\u0413\u043b\u0430\u0432\u043d\u0430\u044f \u0441\u0442\u0440\u0430\u043d\u0438\u0446\u0430","item":"https:\/\/xstyle.md\/"},{"@type":"ListItem","position":2,"name":"\u041c\u0430\u0433\u0430\u0437\u0438\u043d","item":"https:\/\/xstyle.md\/shop\/"},{"@type":"ListItem","position":3,"name":"\u041f\u0435\u0447\u043a\u0430 Petromax fb1"}]},{"@type":"WebSite","@id":"https:\/\/xstyle.md\/#website","url":"https:\/\/xstyle.md\/","name":"Magazinul X-Style","description":"Echipamente pentru turism \u0219i sporturi extreme \u00een Moldova. Pre\u021buri, fotografii, caracteristici \u00een Moldova.","publisher":{"@id":"https:\/\/xstyle.md\/#organization"},"alternateName":"X-Style","potentialAction":[{"@type":"SearchAction","target":{"@type":"EntryPoint","urlTemplate":"https:\/\/xstyle.md\/?s={search_term_string}"},"query-input":{"@type":"PropertyValueSpecification","valueRequired":true,"valueName":"search_term_string"}}],"inLanguage":"ro-RO"},{"@type":"Organization","@id":"https:\/\/xstyle.md\/#organization","name":"Magazinul X-Style","alternateName":"x-style","url":"https:\/\/xstyle.md\/","logo":{"@type":"ImageObject","inLanguage":"ro-RO","@id":"https:\/\/xstyle.md\/#\/schema\/logo\/image\/","url":"https:\/\/xstyle.md\/wp-content\/uploads\/2020\/06\/logoicon.svg","contentUrl":"https:\/\/xstyle.md\/wp-content\/uploads\/2020\/06\/logoicon.svg","caption":"\u041c\u0430\u0433\u0430\u0437\u0438\u043d Xstyle"},"image":{"@id":"https:\/\/xstyle.md\/#\/schema\/logo\/image\/"},"sameAs":["https:\/\/www.facebook.com\/xstylemd","https:\/\/www.instagram.com\/xstyle_md\/","https:\/\/t.me\/xstyle_outdoor"],"hasMerchantReturnPolicy":{"@type":"MerchantReturnPolicy","merchantReturnLink":"https:\/\/xstyle.md\/ro\/conditions\/"}}]},"product_price_amount":"3390.00","product_price_currency":"MDL","og_availability":"instock","product_availability":"instock","product_retailer_item_id":"4250435701300","product_condition":"new"},"post_mailing_queue_ids":[],"_links":{"self":[{"href":"https:\/\/xstyle.md\/ro\/wp-json\/wp\/v2\/product\/98929","targetHints":{"allow":["GET"]}}],"collection":[{"href":"https:\/\/xstyle.md\/ro\/wp-json\/wp\/v2\/product"}],"about":[{"href":"https:\/\/xstyle.md\/ro\/wp-json\/wp\/v2\/types\/product"}],"replies":[{"embeddable":true,"href":"https:\/\/xstyle.md\/ro\/wp-json\/wp\/v2\/comments?post=98929"}],"wp:featuredmedia":[{"embeddable":true,"href":"https:\/\/xstyle.md\/ro\/wp-json\/wp\/v2\/media\/104869"}],"wp:attachment":[{"href":"https:\/\/xstyle.md\/ro\/wp-json\/wp\/v2\/media?parent=98929"}],"wp:term":[{"taxonomy":"product_brand","embeddable":true,"href":"https:\/\/xstyle.md\/ro\/wp-json\/wp\/v2\/product_brand?post=98929"},{"taxonomy":"product_cat","embeddable":true,"href":"https:\/\/xstyle.md\/ro\/wp-json\/wp\/v2\/product_cat?post=98929"},{"taxonomy":"product_tag","embeddable":true,"href":"https:\/\/xstyle.md\/ro\/wp-json\/wp\/v2\/product_tag?post=98929"}],"curies":[{"name":"wp","href":"https:\/\/api.w.org\/{rel}","templated":true}]}}