{"id":98900,"date":"2025-12-24T19:20:34","date_gmt":"2025-12-24T16:20:34","guid":{"rendered":"https:\/\/xstyle.md\/?post_type=product&#038;p=98900"},"modified":"2026-03-14T21:53:44","modified_gmt":"2026-03-14T18:53:44","slug":"botinki-keen-kanibou-wp-black-bronze-green","status":"publish","type":"product","link":"https:\/\/xstyle.md\/ro\/produs\/botinki-keen-kanibou-wp-black-bronze-green\/","title":{"rendered":"Bocanci Keen Kanibou WP black\/bronze green"},"content":{"rendered":"<\/p>\n<p><strong>Keen Kanibou WP<\/strong> &#8212; sunt bocanci de iarn\u0103 robusti pentru copii (Little Kids), concepu\u021bi s\u0103 ofere protec\u021bie \u00eempotriva gerului extrem \u0219i confortul necesar purt\u0103rii zilnice. Sunt ideali pentru z\u0103pad\u0103 ad\u00e2nc\u0103 \u0219i noroi, asigur\u00e2ndu-se c\u0103 picioarele celor mici r\u0103m\u00e2n uscate \u0219i calde.<\/p>\n<h3>Particularit\u0103\u021bi<\/h3>\n<ul>\n<li>Membrana KEEN.DRY \u0219i cus\u0103turile etan\u0219e blocheaz\u0103 apa la exterior, permi\u021b\u00e2nd \u00een acela\u0219i timp piciorului s\u0103 respire<\/li>\n<li>Izola\u021bia KEEN.WARM de 200 g ofer\u0103 confort termic p\u00e2n\u0103 la temperaturi de -32\u00b0C<\/li>\n<li>Sistemul de \u0219ireturi elastice (bungee) cu blocator \u0219i banda cu scai (velcro) permit copilului s\u0103 se \u00eencal\u021be singur cu u\u0219urin\u021b\u0103<\/li>\n<li>Talpa din cauciuc cu profil ad\u00e2nc ofer\u0103 aderen\u021b\u0103 sporit\u0103 pe ghea\u021b\u0103 \u0219i z\u0103pad\u0103 topit\u0103<\/li>\n<li>Bombeul iconic din cauciuc protejeaz\u0103 degetele \u00eempotriva loviturilor accidentale<\/li>\n<\/ul>\n<h3>Caracteristici<\/h3>\n<ul>\n<li>Exterior &#8212; piele impermeabil\u0103 \u0219i material textil<\/li>\n<li>Izola\u021bie- 200 g KEEN.WARM (p\u00e2n\u0103 la -32\u00b0C)<\/li>\n<li>Bran\u021b &#8212; bran\u021b deta\u0219abil cu scut termic<\/li>\n<li>Destina\u021bie &#8212; joac\u0103 \u00een z\u0103pad\u0103, \u0219coal\u0103, activit\u0103\u021bi \u00een aer liber pe timp de iarn\u0103<\/li>\n<\/ul>\n<h3>Tehnologii<\/h3>\n<ul>\n<li><strong>Eco Anti-Odor<\/strong> &#8212; Control natural al mirosurilor, f\u0103r\u0103 utilizarea pesticidelor.<\/li>\n<\/ul>\n<p><\/p>\n<h3>Marca<\/h3>\n<p>KEEN - este compania de outdoor cu cea mai rapid\u0103 cre\u0219tere din lume. Povestea Keen a \u00eenceput relativ recent, \u00een martie 2003. Fondatorii s\u0103i, Martin Keen \u0219i Rory Fuerst, \u0219i-au propus obiectivul de a crea sandale care s\u0103 asigure protec\u021bia degetelor de la picioare.<\/p>\n<p>Primele modele de \u00eenc\u0103l\u021b\u0103minte KEEN au fost destinate sporturilor nautice. Tr\u0103s\u0103tura distinctiv\u0103 a acestor modele este v\u00e2rful ranforsat (\u00eent\u0103rit), care protejeaz\u0103 degetele \u0219i pantoful \u00een sine \u00eempotriva uzurii \u0219i a deterior\u0103rilor.<\/p>\n<p>\u00cen prezent, KEEN ofer\u0103 at\u00e2t \u00eenc\u0103l\u021b\u0103minte destinat\u0103 activit\u0103\u021bilor \u00een aer liber (outdoor) \u0219i sportului, c\u00e2t \u0219i \u00eenc\u0103l\u021b\u0103minte modern\u0103 pentru ora\u0219 (stil urban). Compania cre\u0219te \u0219i se dezvolt\u0103 rapid, iar odat\u0103 cu aceast\u0103 evolu\u021bie, se schimb\u0103 constant: \u00ee\u0219i extinde gama de modele \u0219i adaug\u0103 noi stiluri \u0219i culori.<\/p>","protected":false},"excerpt":{"rendered":"<p>\u0411\u0440\u0435\u043d\u0434 KEEN &#8212; \u0441\u0430\u043c\u0430\u044f \u0431\u044b\u0441\u0442\u0440\u043e\u0440\u0430\u0441\u0442\u0443\u0449\u0430\u044f \u0430\u0443\u0442\u0434\u043e\u0440 \u043a\u043e\u043c\u043f\u0430\u043d\u0438\u044f \u0432 \u043c\u0438\u0440\u0435. \u0417\u0430\u0440\u043e\u0434\u0438\u043b\u0430\u0441\u044c Keen \u043e\u0442\u043d\u043e\u0441\u0438\u0442\u0435\u043b\u044c\u043d\u043e \u043d\u0435\u0434\u0430\u0432\u043d\u043e, \u0432 \u043c\u0430\u0440\u0442\u0435 2003-\u0433\u043e \u0433\u043e\u0434\u0430. \u0415\u0451 \u043e\u0441\u043d\u043e\u0432\u0430\u0442\u0435\u043b\u0438, \u041c\u0430\u0440\u0442\u0438\u043d \u041a\u0438\u043d \u0438 \u0420\u043e\u0440\u0438 \u0424\u0443\u044d\u0441\u0442, \u0437\u0430\u0434\u0430\u043b\u0438\u0441\u044c \u0446\u0435\u043b\u044c\u044e \u0441\u043e\u0437\u0434\u0430\u0442\u044c \u0441\u0430\u043d\u0434\u0430\u043b\u0438\u0438, \u043a\u043e\u0442\u043e\u0440\u044b\u0435 \u043e\u0431\u0435\u0441\u043f\u0435\u0447\u0438\u0432\u0430\u043b\u0438 \u0431\u044b \u0437\u0430\u0449\u0438\u0442\u0443 \u043f\u0430\u043b\u044c\u0446\u0435\u0432 \u043d\u043e\u0433. \u041f\u0435\u0440\u0432\u044b\u0435 \u043c\u043e\u0434\u0435\u043b\u0438 \u043e\u0431\u0443\u0432\u0438 KEEN \u0431\u044b\u043b\u0438 \u043f\u0440\u0435\u0434\u043d\u0430\u0437\u043d\u0430\u0447\u0435\u043d\u044b \u0434\u043b\u044f \u0432\u043e\u0434\u043d\u044b\u0445 \u0432\u0438\u0434\u043e\u0432 \u0441\u043f\u043e\u0440\u0442\u0430. \u041e\u0442\u043b\u0438\u0447\u0438\u0442\u0435\u043b\u044c\u043d\u043e\u0439 \u0447\u0435\u0440\u0442\u043e\u0439 \u043c\u043e\u0434\u0435\u043b\u0435\u0439 \u044f\u0432\u043b\u044f\u0435\u0442\u0441\u044f \u0443\u0441\u0438\u043b\u0435\u043d\u043d\u044b\u0439 \u043d\u043e\u0441\u043e\u043a, \u043a\u043e\u0442\u043e\u0440\u044b\u0439 \u0437\u0430\u0449\u0438\u0449\u0430\u0435\u0442 \u043f\u0430\u043b\u044c\u0446\u044b \u043d\u043e\u0433 \u0438 [&hellip;]<\/p>\n","protected":false},"featured_media":102425,"comment_status":"open","ping_status":"closed","template":"","meta":{"_acf_changed":false,"inline_featured_image":false},"product_brand":[1335],"product_cat":[853],"product_tag":[],"class_list":{"0":"post-98900","1":"product","2":"type-product","3":"status-publish","4":"has-post-thumbnail","6":"product_brand-keen","7":"product_cat-kids-fall-winter","9":"first","10":"instock","11":"shipping-taxable","12":"purchasable","13":"product-type-simple"},"acf":[],"yoast_head":"<!-- This site is optimized with the Yoast SEO plugin v27.2 - https:\/\/yoast.com\/product\/yoast-seo-wordpress\/ -->\n<title>\u0411\u043e\u0442\u0438\u043d\u043a\u0438 Keen Kanibou WP black\/bronze green - \u041c\u0430\u0433\u0430\u0437\u0438\u043d Xstyle<\/title>\n<meta name=\"robots\" content=\"index, follow, max-snippet:-1, max-image-preview:large, max-video-preview:-1\" \/>\n<link rel=\"canonical\" href=\"https:\/\/xstyle.md\/ro\/produs\/botinki-keen-kanibou-wp-black-bronze-green\/\" \/>\n<meta property=\"og:locale\" content=\"ro_RO\" \/>\n<meta property=\"og:type\" content=\"article\" \/>\n<meta property=\"og:title\" content=\"\u0411\u043e\u0442\u0438\u043d\u043a\u0438 Keen Kanibou WP black\/bronze green - \u041c\u0430\u0433\u0430\u0437\u0438\u043d Xstyle\" \/>\n<meta property=\"og:description\" content=\"\u0411\u0440\u0435\u043d\u0434 KEEN &#8212; \u0441\u0430\u043c\u0430\u044f \u0431\u044b\u0441\u0442\u0440\u043e\u0440\u0430\u0441\u0442\u0443\u0449\u0430\u044f \u0430\u0443\u0442\u0434\u043e\u0440 \u043a\u043e\u043c\u043f\u0430\u043d\u0438\u044f \u0432 \u043c\u0438\u0440\u0435. \u0417\u0430\u0440\u043e\u0434\u0438\u043b\u0430\u0441\u044c Keen \u043e\u0442\u043d\u043e\u0441\u0438\u0442\u0435\u043b\u044c\u043d\u043e \u043d\u0435\u0434\u0430\u0432\u043d\u043e, \u0432 \u043c\u0430\u0440\u0442\u0435 2003-\u0433\u043e \u0433\u043e\u0434\u0430. \u0415\u0451 \u043e\u0441\u043d\u043e\u0432\u0430\u0442\u0435\u043b\u0438, \u041c\u0430\u0440\u0442\u0438\u043d \u041a\u0438\u043d \u0438 \u0420\u043e\u0440\u0438 \u0424\u0443\u044d\u0441\u0442, \u0437\u0430\u0434\u0430\u043b\u0438\u0441\u044c \u0446\u0435\u043b\u044c\u044e \u0441\u043e\u0437\u0434\u0430\u0442\u044c \u0441\u0430\u043d\u0434\u0430\u043b\u0438\u0438, \u043a\u043e\u0442\u043e\u0440\u044b\u0435 \u043e\u0431\u0435\u0441\u043f\u0435\u0447\u0438\u0432\u0430\u043b\u0438 \u0431\u044b \u0437\u0430\u0449\u0438\u0442\u0443 \u043f\u0430\u043b\u044c\u0446\u0435\u0432 \u043d\u043e\u0433. \u041f\u0435\u0440\u0432\u044b\u0435 \u043c\u043e\u0434\u0435\u043b\u0438 \u043e\u0431\u0443\u0432\u0438 KEEN \u0431\u044b\u043b\u0438 \u043f\u0440\u0435\u0434\u043d\u0430\u0437\u043d\u0430\u0447\u0435\u043d\u044b \u0434\u043b\u044f \u0432\u043e\u0434\u043d\u044b\u0445 \u0432\u0438\u0434\u043e\u0432 \u0441\u043f\u043e\u0440\u0442\u0430. \u041e\u0442\u043b\u0438\u0447\u0438\u0442\u0435\u043b\u044c\u043d\u043e\u0439 \u0447\u0435\u0440\u0442\u043e\u0439 \u043c\u043e\u0434\u0435\u043b\u0435\u0439 \u044f\u0432\u043b\u044f\u0435\u0442\u0441\u044f \u0443\u0441\u0438\u043b\u0435\u043d\u043d\u044b\u0439 \u043d\u043e\u0441\u043e\u043a, \u043a\u043e\u0442\u043e\u0440\u044b\u0439 \u0437\u0430\u0449\u0438\u0449\u0430\u0435\u0442 \u043f\u0430\u043b\u044c\u0446\u044b \u043d\u043e\u0433 \u0438 [&hellip;]\" \/>\n<meta property=\"og:url\" content=\"https:\/\/xstyle.md\/ro\/produs\/botinki-keen-kanibou-wp-black-bronze-green\/\" \/>\n<meta property=\"og:site_name\" content=\"\u041c\u0430\u0433\u0430\u0437\u0438\u043d Xstyle\" \/>\n<meta property=\"article:publisher\" content=\"https:\/\/www.facebook.com\/xstylemd\" \/>\n<meta property=\"article:modified_time\" content=\"2026-03-14T18:53:44+00:00\" \/>\n<meta property=\"og:image\" content=\"https:\/\/xstyle.md\/wp-content\/uploads\/2025\/12\/keen-kanibou-wp-blackbronze-green-3.webp\" \/>\n\t<meta property=\"og:image:width\" content=\"1200\" \/>\n\t<meta property=\"og:image:height\" content=\"1200\" \/>\n\t<meta property=\"og:image:type\" content=\"image\/webp\" \/>\n<meta name=\"twitter:card\" content=\"summary_large_image\" \/>\n<meta name=\"twitter:label1\" content=\"Pre\u021b\" \/>\n\t<meta name=\"twitter:data1\" content=\"1.990&nbsp;MDL\" \/>\n\t<meta name=\"twitter:label2\" content=\"Disponibilitate\" \/>\n\t<meta name=\"twitter:data2\" content=\"\u00cen stoc\" \/>\n<script type=\"application\/ld+json\" class=\"yoast-schema-graph\">{\"@context\":\"https:\/\/schema.org\",\"@graph\":[{\"@type\":\"WebPage\",\"@id\":\"https:\/\/xstyle.md\/product\/botinki-keen-kanibou-wp-black-bronze-green\/\",\"url\":\"https:\/\/xstyle.md\/product\/botinki-keen-kanibou-wp-black-bronze-green\/\",\"name\":\"\u0411\u043e\u0442\u0438\u043d\u043a\u0438 Keen Kanibou WP black\/bronze green - \u041c\u0430\u0433\u0430\u0437\u0438\u043d Xstyle\",\"isPartOf\":{\"@id\":\"https:\/\/xstyle.md\/#website\"},\"primaryImageOfPage\":{\"@id\":\"https:\/\/xstyle.md\/product\/botinki-keen-kanibou-wp-black-bronze-green\/#primaryimage\"},\"image\":{\"@id\":\"https:\/\/xstyle.md\/product\/botinki-keen-kanibou-wp-black-bronze-green\/#primaryimage\"},\"thumbnailUrl\":\"https:\/\/xstyle.md\/wp-content\/uploads\/2025\/12\/keen-kanibou-wp-blackbronze-green-3.webp\",\"datePublished\":\"2025-12-24T16:20:34+00:00\",\"dateModified\":\"2026-03-14T18:53:44+00:00\",\"breadcrumb\":{\"@id\":\"https:\/\/xstyle.md\/product\/botinki-keen-kanibou-wp-black-bronze-green\/#breadcrumb\"},\"inLanguage\":\"ro-RO\",\"potentialAction\":[{\"@type\":\"ReadAction\",\"target\":[\"https:\/\/xstyle.md\/product\/botinki-keen-kanibou-wp-black-bronze-green\/\"]}]},{\"@type\":\"ImageObject\",\"inLanguage\":\"ro-RO\",\"@id\":\"https:\/\/xstyle.md\/product\/botinki-keen-kanibou-wp-black-bronze-green\/#primaryimage\",\"url\":\"https:\/\/xstyle.md\/wp-content\/uploads\/2025\/12\/keen-kanibou-wp-blackbronze-green-3.webp\",\"contentUrl\":\"https:\/\/xstyle.md\/wp-content\/uploads\/2025\/12\/keen-kanibou-wp-blackbronze-green-3.webp\",\"width\":1200,\"height\":1200,\"caption\":\"\u0411\u043e\u0442\u0438\u043d\u043a\u0438 Keen Kanibou WP \u0434\u043b\u044f \u0430\u043a\u0442\u0438\u0432\u043d\u043e\u0433\u043e \u043e\u0442\u0434\u044b\u0445\u0430 \u0438 \u0442\u0443\u0440\u0438\u0437\u043c\u0430, \u043e\u0431\u0443\u0432\u044c \u0434\u043b\u044f \u043f\u043e\u0445\u043e\u0434\u043e\u0432, \u0430\u043b\u044c\u043f\u0438\u043d\u0438\u0437\u043c\u0430 \u0438 \u043f\u0443\u0442\u0435\u0448\u0435\u0441\u0442\u0432\u0438\u0439, \u0441\u0442\u0438\u043b\u044c\u043d\u0430\u044f \u043e\u0431\u0443\u0432\u044c \u0434\u043b\u044f \u043e\u043d\u043b\u0430\u0439\u043d \u043c\u0430\u0433\u0430\u0437\u0438\u043d\u0430 \u0441\u043f\u043e\u0440\u0442\u0438\u0432\u043d\u043e\u0439 \u044d\u043a\u0438\u043f\u0438\u0440\u043e\u0432\u043a\u0438\"},{\"@type\":\"BreadcrumbList\",\"@id\":\"https:\/\/xstyle.md\/product\/botinki-keen-kanibou-wp-black-bronze-green\/#breadcrumb\",\"itemListElement\":[{\"@type\":\"ListItem\",\"position\":1,\"name\":\"\u0413\u043b\u0430\u0432\u043d\u0430\u044f \u0441\u0442\u0440\u0430\u043d\u0438\u0446\u0430\",\"item\":\"https:\/\/xstyle.md\/\"},{\"@type\":\"ListItem\",\"position\":2,\"name\":\"\u041c\u0430\u0433\u0430\u0437\u0438\u043d\",\"item\":\"https:\/\/xstyle.md\/shop\/\"},{\"@type\":\"ListItem\",\"position\":3,\"name\":\"\u0411\u043e\u0442\u0438\u043d\u043a\u0438 Keen Kanibou WP black\/bronze green\"}]},{\"@type\":\"WebSite\",\"@id\":\"https:\/\/xstyle.md\/#website\",\"url\":\"https:\/\/xstyle.md\/\",\"name\":\"\u041c\u0430\u0433\u0430\u0437\u0438\u043d Xstyle\",\"description\":\"C\u043d\u0430\u0440\u044f\u0436\u0435\u043d\u0438\u0435 \u0434\u043b\u044f \u0442\u0443\u0440\u0438\u0437\u043c\u0430 \u0438 \u044d\u043a\u0441\u0442\u0440\u0435\u043c\u0430\u043b\u044c\u043d\u044b\u0445 \u0432\u0438\u0434\u043e\u0432 \u0441\u043f\u043e\u0440\u0442\u0430 \u0432 \u041c\u043e\u043b\u0434\u043e\u0432\u0435.. \u0426\u0435\u043d\u044b, \u0444\u043e\u0442\u043e, \u0445\u0430\u0440\u0430\u043a\u0442\u0435\u0440\u0438\u0441\u0442\u0438\u043a\u0438 \u0432 \u041c\u043e\u043b\u0434\u043e\u0432\u0435.\",\"publisher\":{\"@id\":\"https:\/\/xstyle.md\/#organization\"},\"alternateName\":\"X-Style\",\"potentialAction\":[{\"@type\":\"SearchAction\",\"target\":{\"@type\":\"EntryPoint\",\"urlTemplate\":\"https:\/\/xstyle.md\/?s={search_term_string}\"},\"query-input\":{\"@type\":\"PropertyValueSpecification\",\"valueRequired\":true,\"valueName\":\"search_term_string\"}}],\"inLanguage\":\"ro-RO\"},{\"@type\":\"Organization\",\"@id\":\"https:\/\/xstyle.md\/#organization\",\"name\":\"\u041c\u0430\u0433\u0430\u0437\u0438\u043d Xstyle\",\"alternateName\":\"x-style\",\"url\":\"https:\/\/xstyle.md\/\",\"logo\":{\"@type\":\"ImageObject\",\"inLanguage\":\"ro-RO\",\"@id\":\"https:\/\/xstyle.md\/#\/schema\/logo\/image\/\",\"url\":\"https:\/\/xstyle.md\/wp-content\/uploads\/2020\/06\/logoicon.svg\",\"contentUrl\":\"https:\/\/xstyle.md\/wp-content\/uploads\/2020\/06\/logoicon.svg\",\"caption\":\"\u041c\u0430\u0433\u0430\u0437\u0438\u043d Xstyle\"},\"image\":{\"@id\":\"https:\/\/xstyle.md\/#\/schema\/logo\/image\/\"},\"sameAs\":[\"https:\/\/www.facebook.com\/xstylemd\",\"https:\/\/www.instagram.com\/xstyle_md\/\",\"https:\/\/t.me\/xstyle_outdoor\"],\"hasMerchantReturnPolicy\":{\"@type\":\"MerchantReturnPolicy\",\"merchantReturnLink\":\"https:\/\/xstyle.md\/ro\/conditions\/\"}}]}<\/script>\n<meta property=\"product:price:amount\" content=\"1990.00\" \/>\n<meta property=\"product:price:currency\" content=\"MDL\" \/>\n<meta property=\"og:availability\" content=\"instock\" \/>\n<meta property=\"product:availability\" content=\"instock\" \/>\n<meta property=\"product:retailer_item_id\" content=\"195208767807\" \/>\n<meta property=\"product:condition\" content=\"new\" \/>\n<!-- \/ Yoast SEO plugin. -->","yoast_head_json":{"title":"\u0411\u043e\u0442\u0438\u043d\u043a\u0438 Keen Kanibou WP black\/bronze green - \u041c\u0430\u0433\u0430\u0437\u0438\u043d Xstyle","robots":{"index":"index","follow":"follow","max-snippet":"max-snippet:-1","max-image-preview":"max-image-preview:large","max-video-preview":"max-video-preview:-1"},"canonical":"https:\/\/xstyle.md\/ro\/produs\/botinki-keen-kanibou-wp-black-bronze-green\/","og_locale":"ro_RO","og_type":"article","og_title":"\u0411\u043e\u0442\u0438\u043d\u043a\u0438 Keen Kanibou WP black\/bronze green - \u041c\u0430\u0433\u0430\u0437\u0438\u043d Xstyle","og_description":"\u0411\u0440\u0435\u043d\u0434 KEEN &#8212; \u0441\u0430\u043c\u0430\u044f \u0431\u044b\u0441\u0442\u0440\u043e\u0440\u0430\u0441\u0442\u0443\u0449\u0430\u044f \u0430\u0443\u0442\u0434\u043e\u0440 \u043a\u043e\u043c\u043f\u0430\u043d\u0438\u044f \u0432 \u043c\u0438\u0440\u0435. \u0417\u0430\u0440\u043e\u0434\u0438\u043b\u0430\u0441\u044c Keen \u043e\u0442\u043d\u043e\u0441\u0438\u0442\u0435\u043b\u044c\u043d\u043e \u043d\u0435\u0434\u0430\u0432\u043d\u043e, \u0432 \u043c\u0430\u0440\u0442\u0435 2003-\u0433\u043e \u0433\u043e\u0434\u0430. \u0415\u0451 \u043e\u0441\u043d\u043e\u0432\u0430\u0442\u0435\u043b\u0438, \u041c\u0430\u0440\u0442\u0438\u043d \u041a\u0438\u043d \u0438 \u0420\u043e\u0440\u0438 \u0424\u0443\u044d\u0441\u0442, \u0437\u0430\u0434\u0430\u043b\u0438\u0441\u044c \u0446\u0435\u043b\u044c\u044e \u0441\u043e\u0437\u0434\u0430\u0442\u044c \u0441\u0430\u043d\u0434\u0430\u043b\u0438\u0438, \u043a\u043e\u0442\u043e\u0440\u044b\u0435 \u043e\u0431\u0435\u0441\u043f\u0435\u0447\u0438\u0432\u0430\u043b\u0438 \u0431\u044b \u0437\u0430\u0449\u0438\u0442\u0443 \u043f\u0430\u043b\u044c\u0446\u0435\u0432 \u043d\u043e\u0433. \u041f\u0435\u0440\u0432\u044b\u0435 \u043c\u043e\u0434\u0435\u043b\u0438 \u043e\u0431\u0443\u0432\u0438 KEEN \u0431\u044b\u043b\u0438 \u043f\u0440\u0435\u0434\u043d\u0430\u0437\u043d\u0430\u0447\u0435\u043d\u044b \u0434\u043b\u044f \u0432\u043e\u0434\u043d\u044b\u0445 \u0432\u0438\u0434\u043e\u0432 \u0441\u043f\u043e\u0440\u0442\u0430. \u041e\u0442\u043b\u0438\u0447\u0438\u0442\u0435\u043b\u044c\u043d\u043e\u0439 \u0447\u0435\u0440\u0442\u043e\u0439 \u043c\u043e\u0434\u0435\u043b\u0435\u0439 \u044f\u0432\u043b\u044f\u0435\u0442\u0441\u044f \u0443\u0441\u0438\u043b\u0435\u043d\u043d\u044b\u0439 \u043d\u043e\u0441\u043e\u043a, \u043a\u043e\u0442\u043e\u0440\u044b\u0439 \u0437\u0430\u0449\u0438\u0449\u0430\u0435\u0442 \u043f\u0430\u043b\u044c\u0446\u044b \u043d\u043e\u0433 \u0438 [&hellip;]","og_url":"https:\/\/xstyle.md\/ro\/produs\/botinki-keen-kanibou-wp-black-bronze-green\/","og_site_name":"\u041c\u0430\u0433\u0430\u0437\u0438\u043d Xstyle","article_publisher":"https:\/\/www.facebook.com\/xstylemd","article_modified_time":"2026-03-14T18:53:44+00:00","og_image":[{"width":1200,"height":1200,"url":"https:\/\/xstyle.md\/wp-content\/uploads\/2025\/12\/keen-kanibou-wp-blackbronze-green-3.webp","type":"image\/webp"}],"twitter_card":"summary_large_image","twitter_misc":{"Pre\u021b":"1.990&nbsp;MDL","Disponibilitate":"\u00cen stoc"},"schema":{"@context":"https:\/\/schema.org","@graph":[{"@type":"WebPage","@id":"https:\/\/xstyle.md\/product\/botinki-keen-kanibou-wp-black-bronze-green\/","url":"https:\/\/xstyle.md\/product\/botinki-keen-kanibou-wp-black-bronze-green\/","name":"\u0411\u043e\u0442\u0438\u043d\u043a\u0438 Keen Kanibou WP black\/bronze green - \u041c\u0430\u0433\u0430\u0437\u0438\u043d Xstyle","isPartOf":{"@id":"https:\/\/xstyle.md\/#website"},"primaryImageOfPage":{"@id":"https:\/\/xstyle.md\/product\/botinki-keen-kanibou-wp-black-bronze-green\/#primaryimage"},"image":{"@id":"https:\/\/xstyle.md\/product\/botinki-keen-kanibou-wp-black-bronze-green\/#primaryimage"},"thumbnailUrl":"https:\/\/xstyle.md\/wp-content\/uploads\/2025\/12\/keen-kanibou-wp-blackbronze-green-3.webp","datePublished":"2025-12-24T16:20:34+00:00","dateModified":"2026-03-14T18:53:44+00:00","breadcrumb":{"@id":"https:\/\/xstyle.md\/product\/botinki-keen-kanibou-wp-black-bronze-green\/#breadcrumb"},"inLanguage":"ro-RO","potentialAction":[{"@type":"ReadAction","target":["https:\/\/xstyle.md\/product\/botinki-keen-kanibou-wp-black-bronze-green\/"]}]},{"@type":"ImageObject","inLanguage":"ro-RO","@id":"https:\/\/xstyle.md\/product\/botinki-keen-kanibou-wp-black-bronze-green\/#primaryimage","url":"https:\/\/xstyle.md\/wp-content\/uploads\/2025\/12\/keen-kanibou-wp-blackbronze-green-3.webp","contentUrl":"https:\/\/xstyle.md\/wp-content\/uploads\/2025\/12\/keen-kanibou-wp-blackbronze-green-3.webp","width":1200,"height":1200,"caption":"\u0411\u043e\u0442\u0438\u043d\u043a\u0438 Keen Kanibou WP \u0434\u043b\u044f \u0430\u043a\u0442\u0438\u0432\u043d\u043e\u0433\u043e \u043e\u0442\u0434\u044b\u0445\u0430 \u0438 \u0442\u0443\u0440\u0438\u0437\u043c\u0430, \u043e\u0431\u0443\u0432\u044c \u0434\u043b\u044f \u043f\u043e\u0445\u043e\u0434\u043e\u0432, \u0430\u043b\u044c\u043f\u0438\u043d\u0438\u0437\u043c\u0430 \u0438 \u043f\u0443\u0442\u0435\u0448\u0435\u0441\u0442\u0432\u0438\u0439, \u0441\u0442\u0438\u043b\u044c\u043d\u0430\u044f \u043e\u0431\u0443\u0432\u044c \u0434\u043b\u044f \u043e\u043d\u043b\u0430\u0439\u043d \u043c\u0430\u0433\u0430\u0437\u0438\u043d\u0430 \u0441\u043f\u043e\u0440\u0442\u0438\u0432\u043d\u043e\u0439 \u044d\u043a\u0438\u043f\u0438\u0440\u043e\u0432\u043a\u0438"},{"@type":"BreadcrumbList","@id":"https:\/\/xstyle.md\/product\/botinki-keen-kanibou-wp-black-bronze-green\/#breadcrumb","itemListElement":[{"@type":"ListItem","position":1,"name":"\u0413\u043b\u0430\u0432\u043d\u0430\u044f \u0441\u0442\u0440\u0430\u043d\u0438\u0446\u0430","item":"https:\/\/xstyle.md\/"},{"@type":"ListItem","position":2,"name":"\u041c\u0430\u0433\u0430\u0437\u0438\u043d","item":"https:\/\/xstyle.md\/shop\/"},{"@type":"ListItem","position":3,"name":"\u0411\u043e\u0442\u0438\u043d\u043a\u0438 Keen Kanibou WP black\/bronze green"}]},{"@type":"WebSite","@id":"https:\/\/xstyle.md\/#website","url":"https:\/\/xstyle.md\/","name":"Magazinul X-Style","description":"Echipamente pentru turism \u0219i sporturi extreme \u00een Moldova. Pre\u021buri, fotografii, caracteristici \u00een Moldova.","publisher":{"@id":"https:\/\/xstyle.md\/#organization"},"alternateName":"X-Style","potentialAction":[{"@type":"SearchAction","target":{"@type":"EntryPoint","urlTemplate":"https:\/\/xstyle.md\/?s={search_term_string}"},"query-input":{"@type":"PropertyValueSpecification","valueRequired":true,"valueName":"search_term_string"}}],"inLanguage":"ro-RO"},{"@type":"Organization","@id":"https:\/\/xstyle.md\/#organization","name":"Magazinul X-Style","alternateName":"x-style","url":"https:\/\/xstyle.md\/","logo":{"@type":"ImageObject","inLanguage":"ro-RO","@id":"https:\/\/xstyle.md\/#\/schema\/logo\/image\/","url":"https:\/\/xstyle.md\/wp-content\/uploads\/2020\/06\/logoicon.svg","contentUrl":"https:\/\/xstyle.md\/wp-content\/uploads\/2020\/06\/logoicon.svg","caption":"\u041c\u0430\u0433\u0430\u0437\u0438\u043d Xstyle"},"image":{"@id":"https:\/\/xstyle.md\/#\/schema\/logo\/image\/"},"sameAs":["https:\/\/www.facebook.com\/xstylemd","https:\/\/www.instagram.com\/xstyle_md\/","https:\/\/t.me\/xstyle_outdoor"],"hasMerchantReturnPolicy":{"@type":"MerchantReturnPolicy","merchantReturnLink":"https:\/\/xstyle.md\/ro\/conditions\/"}}]},"product_price_amount":"1990.00","product_price_currency":"MDL","og_availability":"instock","product_availability":"instock","product_retailer_item_id":"195208767807","product_condition":"new"},"post_mailing_queue_ids":[],"_links":{"self":[{"href":"https:\/\/xstyle.md\/ro\/wp-json\/wp\/v2\/product\/98900","targetHints":{"allow":["GET"]}}],"collection":[{"href":"https:\/\/xstyle.md\/ro\/wp-json\/wp\/v2\/product"}],"about":[{"href":"https:\/\/xstyle.md\/ro\/wp-json\/wp\/v2\/types\/product"}],"replies":[{"embeddable":true,"href":"https:\/\/xstyle.md\/ro\/wp-json\/wp\/v2\/comments?post=98900"}],"wp:featuredmedia":[{"embeddable":true,"href":"https:\/\/xstyle.md\/ro\/wp-json\/wp\/v2\/media\/102425"}],"wp:attachment":[{"href":"https:\/\/xstyle.md\/ro\/wp-json\/wp\/v2\/media?parent=98900"}],"wp:term":[{"taxonomy":"product_brand","embeddable":true,"href":"https:\/\/xstyle.md\/ro\/wp-json\/wp\/v2\/product_brand?post=98900"},{"taxonomy":"product_cat","embeddable":true,"href":"https:\/\/xstyle.md\/ro\/wp-json\/wp\/v2\/product_cat?post=98900"},{"taxonomy":"product_tag","embeddable":true,"href":"https:\/\/xstyle.md\/ro\/wp-json\/wp\/v2\/product_tag?post=98900"}],"curies":[{"name":"wp","href":"https:\/\/api.w.org\/{rel}","templated":true}]}}