{"id":98867,"date":"2025-12-24T19:20:23","date_gmt":"2025-12-24T16:20:23","guid":{"rendered":"https:\/\/xstyle.md\/?post_type=product&#038;p=98867"},"modified":"2026-03-14T21:49:17","modified_gmt":"2026-03-14T18:49:17","slug":"gornolyzhnaya-maska-julbo-mars-vert-fonce","status":"publish","type":"product","link":"https:\/\/xstyle.md\/ro\/produs\/gornolyzhnaya-maska-julbo-mars-vert-fonce\/","title":{"rendered":"Masc\u0103 schi Julbo Mars Vert Fonce"},"content":{"rendered":"<\/p>\n<p><strong>Julbo Mars Vert Fonce<\/strong> &#8212; este solu\u021bia ideal\u0103 pentru schiorii care caut\u0103 un echipament de \u00eenalt\u0103 calitate, modern \u0219i la un pre\u021b accesibil.\u00a0 Masca este dotat\u0103 cu o lentil\u0103 dubl\u0103 cilindric\u0103 ventilat\u0103, oferind o vizibilitate optim\u0103 \u0219i un stil remarcabil datorit\u0103 efectului de oglind\u0103.<\/p>\n<h3>Caracteristici<\/h3>\n<ul>\n<li>Lentil\u0103 &#8212; policarbonat, categoria de protec\u021bie 3 (Spectron 3)<\/li>\n<li>Transmisia luminii (VLT) &#8212; 12\u201313% (ideal\u0103 pentru condi\u021bii de soare puternic sau nori par\u021biali)<\/li>\n<li>Anti-fog &#8212; tratament special pe suprafa\u021ba interioar\u0103 pentru a preveni aburirea<\/li>\n<li>Air Flow &#8212; ventila\u021bie integrat\u0103 \u00een ram\u0103 pentru o circula\u021bie optim\u0103 a aerului<\/li>\n<li>Dual Density Foam &#8212; dou\u0103 straturi de spum\u0103 pentru confort sporit \u0219i absorb\u021bia \u0219ocurilor<\/li>\n<li>Overstrap &#8212; band\u0103 elastic\u0103 ajustabil\u0103, compatibil\u0103 cu orice tip de casc\u0103<\/li>\n<li>Anatomical Frame &#8212; cadru flexibil care se adapteaz\u0103 perfect formei fe\u021bei<\/li>\n<li>Greutate &#8212; 120 g<\/li>\n<\/ul>\n<p><\/p>\n<h3>Marca<\/h3>\n<p>Julbo - este un brand francez legendar, cu o istorie de peste 130 de ani, specializat \u00een produc\u021bia de optic\u0103 de \u00eenalt\u0103 performan\u021b\u0103 pentru sporturi extreme. Compania este renumit\u0103 pentru lentilele sale fotocromatice (Reactiv), care se adapteaz\u0103 instantaneu la orice condi\u021bii de lumin\u0103, fiind considerat\u0103 un etalon mondial \u00een echipamentele pentru alpinism, trail running \u0219i schi.<\/p>","protected":false},"excerpt":{"rendered":"<p>\u0411\u0440\u0435\u043d\u0434 Julbo \u2014 \u044d\u0442\u043e \u043b\u0435\u0433\u0435\u043d\u0434\u0430\u0440\u043d\u044b\u0439 \u0444\u0440\u0430\u043d\u0446\u0443\u0437\u0441\u043a\u0438\u0439 \u0431\u0440\u0435\u043d\u0434 \u0441 \u0431\u043e\u043b\u0435\u0435 \u0447\u0435\u043c 130-\u043b\u0435\u0442\u043d\u0435\u0439 \u0438\u0441\u0442\u043e\u0440\u0438\u0435\u0439, \u0441\u043f\u0435\u0446\u0438\u0430\u043b\u0438\u0437\u0438\u0440\u0443\u044e\u0449\u0438\u0439\u0441\u044f \u043d\u0430 \u043f\u0440\u043e\u0438\u0437\u0432\u043e\u0434\u0441\u0442\u0432\u0435 \u0432\u044b\u0441\u043e\u043a\u043e\u0442\u0435\u0445\u043d\u043e\u043b\u043e\u0433\u0438\u0447\u043d\u043e\u0439 \u043e\u043f\u0442\u0438\u043a\u0438 \u0434\u043b\u044f \u044d\u043a\u0441\u0442\u0440\u0435\u043c\u0430\u043b\u044c\u043d\u044b\u0445 \u0432\u0438\u0434\u043e\u0432 \u0441\u043f\u043e\u0440\u0442\u0430. \u041a\u043e\u043c\u043f\u0430\u043d\u0438\u044f \u0437\u043d\u0430\u043c\u0435\u043d\u0438\u0442\u0430 \u0441\u0432\u043e\u0438\u043c\u0438 \u0444\u043e\u0442\u043e\u0445\u0440\u043e\u043c\u043d\u044b\u043c\u0438 \u043b\u0438\u043d\u0437\u0430\u043c\u0438 (Reactiv), \u043a\u043e\u0442\u043e\u0440\u044b\u0435 \u043c\u0433\u043d\u043e\u0432\u0435\u043d\u043d\u043e \u043f\u043e\u0434\u0441\u0442\u0440\u0430\u0438\u0432\u0430\u044e\u0442\u0441\u044f \u043f\u043e\u0434 \u043b\u044e\u0431\u043e\u0435 \u043e\u0441\u0432\u0435\u0449\u0435\u043d\u0438\u0435, \u0438 \u0441\u0447\u0438\u0442\u0430\u0435\u0442\u0441\u044f \u043c\u0438\u0440\u043e\u0432\u044b\u043c \u044d\u0442\u0430\u043b\u043e\u043d\u043e\u043c \u043e\u0447\u043a\u043e\u0432 \u0434\u043b\u044f \u0430\u043b\u044c\u043f\u0438\u043d\u0438\u0437\u043c\u0430, \u0433\u043e\u0440\u043d\u043e\u0433\u043e \u0431\u0435\u0433\u0430 \u0438 \u0433\u043e\u0440\u043d\u043e\u043b\u044b\u0436\u043d\u043e\u0433\u043e \u0441\u043f\u043e\u0440\u0442\u0430.<\/p>","protected":false},"featured_media":102867,"comment_status":"open","ping_status":"closed","template":"","meta":{"_acf_changed":false,"inline_featured_image":false},"product_brand":[1294],"product_cat":[390],"product_tag":[],"class_list":{"0":"post-98867","1":"product","2":"type-product","3":"status-publish","4":"has-post-thumbnail","6":"product_brand-julbo","7":"product_cat-ski-mask","9":"first","10":"outofstock","11":"shipping-taxable","12":"product-type-simple"},"acf":[],"yoast_head":"<!-- This site is optimized with the Yoast SEO plugin v27.2 - https:\/\/yoast.com\/product\/yoast-seo-wordpress\/ -->\n<title>\u0413\u043e\u0440\u043d\u043e\u043b\u044b\u0436\u043d\u0430\u044f \u043c\u0430\u0441\u043a\u0430 Julbo Mars Vert Fonce - \u041c\u0430\u0433\u0430\u0437\u0438\u043d Xstyle<\/title>\n<meta name=\"robots\" content=\"index, follow, max-snippet:-1, max-image-preview:large, max-video-preview:-1\" \/>\n<link rel=\"canonical\" href=\"https:\/\/xstyle.md\/ro\/produs\/gornolyzhnaya-maska-julbo-mars-vert-fonce\/\" \/>\n<meta property=\"og:locale\" content=\"ro_RO\" \/>\n<meta property=\"og:type\" content=\"article\" \/>\n<meta property=\"og:title\" content=\"\u0413\u043e\u0440\u043d\u043e\u043b\u044b\u0436\u043d\u0430\u044f \u043c\u0430\u0441\u043a\u0430 Julbo Mars Vert Fonce - \u041c\u0430\u0433\u0430\u0437\u0438\u043d Xstyle\" \/>\n<meta property=\"og:description\" content=\"\u0411\u0440\u0435\u043d\u0434 Julbo \u2014 \u044d\u0442\u043e \u043b\u0435\u0433\u0435\u043d\u0434\u0430\u0440\u043d\u044b\u0439 \u0444\u0440\u0430\u043d\u0446\u0443\u0437\u0441\u043a\u0438\u0439 \u0431\u0440\u0435\u043d\u0434 \u0441 \u0431\u043e\u043b\u0435\u0435 \u0447\u0435\u043c 130-\u043b\u0435\u0442\u043d\u0435\u0439 \u0438\u0441\u0442\u043e\u0440\u0438\u0435\u0439, \u0441\u043f\u0435\u0446\u0438\u0430\u043b\u0438\u0437\u0438\u0440\u0443\u044e\u0449\u0438\u0439\u0441\u044f \u043d\u0430 \u043f\u0440\u043e\u0438\u0437\u0432\u043e\u0434\u0441\u0442\u0432\u0435 \u0432\u044b\u0441\u043e\u043a\u043e\u0442\u0435\u0445\u043d\u043e\u043b\u043e\u0433\u0438\u0447\u043d\u043e\u0439 \u043e\u043f\u0442\u0438\u043a\u0438 \u0434\u043b\u044f \u044d\u043a\u0441\u0442\u0440\u0435\u043c\u0430\u043b\u044c\u043d\u044b\u0445 \u0432\u0438\u0434\u043e\u0432 \u0441\u043f\u043e\u0440\u0442\u0430. \u041a\u043e\u043c\u043f\u0430\u043d\u0438\u044f \u0437\u043d\u0430\u043c\u0435\u043d\u0438\u0442\u0430 \u0441\u0432\u043e\u0438\u043c\u0438 \u0444\u043e\u0442\u043e\u0445\u0440\u043e\u043c\u043d\u044b\u043c\u0438 \u043b\u0438\u043d\u0437\u0430\u043c\u0438 (Reactiv), \u043a\u043e\u0442\u043e\u0440\u044b\u0435 \u043c\u0433\u043d\u043e\u0432\u0435\u043d\u043d\u043e \u043f\u043e\u0434\u0441\u0442\u0440\u0430\u0438\u0432\u0430\u044e\u0442\u0441\u044f \u043f\u043e\u0434 \u043b\u044e\u0431\u043e\u0435 \u043e\u0441\u0432\u0435\u0449\u0435\u043d\u0438\u0435, \u0438 \u0441\u0447\u0438\u0442\u0430\u0435\u0442\u0441\u044f \u043c\u0438\u0440\u043e\u0432\u044b\u043c \u044d\u0442\u0430\u043b\u043e\u043d\u043e\u043c \u043e\u0447\u043a\u043e\u0432 \u0434\u043b\u044f \u0430\u043b\u044c\u043f\u0438\u043d\u0438\u0437\u043c\u0430, \u0433\u043e\u0440\u043d\u043e\u0433\u043e \u0431\u0435\u0433\u0430 \u0438 \u0433\u043e\u0440\u043d\u043e\u043b\u044b\u0436\u043d\u043e\u0433\u043e \u0441\u043f\u043e\u0440\u0442\u0430.\" \/>\n<meta property=\"og:url\" content=\"https:\/\/xstyle.md\/ro\/produs\/gornolyzhnaya-maska-julbo-mars-vert-fonce\/\" \/>\n<meta property=\"og:site_name\" content=\"\u041c\u0430\u0433\u0430\u0437\u0438\u043d Xstyle\" \/>\n<meta property=\"article:publisher\" content=\"https:\/\/www.facebook.com\/xstylemd\" \/>\n<meta property=\"article:modified_time\" content=\"2026-03-14T18:49:17+00:00\" \/>\n<meta property=\"og:image\" content=\"https:\/\/xstyle.md\/wp-content\/uploads\/2025\/12\/julbo-mars-vert-fonce-1.webp\" \/>\n\t<meta property=\"og:image:width\" content=\"1200\" \/>\n\t<meta property=\"og:image:height\" content=\"1200\" \/>\n\t<meta property=\"og:image:type\" content=\"image\/webp\" \/>\n<meta name=\"twitter:card\" content=\"summary_large_image\" \/>\n<meta name=\"twitter:label1\" content=\"Pre\u021b\" \/>\n\t<meta name=\"twitter:data1\" content=\"1.350&nbsp;MDL\" \/>\n\t<meta name=\"twitter:label2\" content=\"Disponibilitate\" \/>\n\t<meta name=\"twitter:data2\" content=\"Stoc epuizat\" \/>\n<script type=\"application\/ld+json\" class=\"yoast-schema-graph\">{\"@context\":\"https:\/\/schema.org\",\"@graph\":[{\"@type\":\"WebPage\",\"@id\":\"https:\/\/xstyle.md\/product\/gornolyzhnaya-maska-julbo-mars-vert-fonce\/\",\"url\":\"https:\/\/xstyle.md\/product\/gornolyzhnaya-maska-julbo-mars-vert-fonce\/\",\"name\":\"\u0413\u043e\u0440\u043d\u043e\u043b\u044b\u0436\u043d\u0430\u044f \u043c\u0430\u0441\u043a\u0430 Julbo Mars Vert Fonce - \u041c\u0430\u0433\u0430\u0437\u0438\u043d Xstyle\",\"isPartOf\":{\"@id\":\"https:\/\/xstyle.md\/#website\"},\"primaryImageOfPage\":{\"@id\":\"https:\/\/xstyle.md\/product\/gornolyzhnaya-maska-julbo-mars-vert-fonce\/#primaryimage\"},\"image\":{\"@id\":\"https:\/\/xstyle.md\/product\/gornolyzhnaya-maska-julbo-mars-vert-fonce\/#primaryimage\"},\"thumbnailUrl\":\"https:\/\/xstyle.md\/wp-content\/uploads\/2025\/12\/julbo-mars-vert-fonce-1.webp\",\"datePublished\":\"2025-12-24T16:20:23+00:00\",\"dateModified\":\"2026-03-14T18:49:17+00:00\",\"breadcrumb\":{\"@id\":\"https:\/\/xstyle.md\/product\/gornolyzhnaya-maska-julbo-mars-vert-fonce\/#breadcrumb\"},\"inLanguage\":\"ro-RO\",\"potentialAction\":[{\"@type\":\"ReadAction\",\"target\":[\"https:\/\/xstyle.md\/product\/gornolyzhnaya-maska-julbo-mars-vert-fonce\/\"]}]},{\"@type\":\"ImageObject\",\"inLanguage\":\"ro-RO\",\"@id\":\"https:\/\/xstyle.md\/product\/gornolyzhnaya-maska-julbo-mars-vert-fonce\/#primaryimage\",\"url\":\"https:\/\/xstyle.md\/wp-content\/uploads\/2025\/12\/julbo-mars-vert-fonce-1.webp\",\"contentUrl\":\"https:\/\/xstyle.md\/wp-content\/uploads\/2025\/12\/julbo-mars-vert-fonce-1.webp\",\"width\":1200,\"height\":1200,\"caption\":\"\u0413\u043e\u0440\u043d\u043e\u043b\u044b\u0436\u043d\u0430\u044f \u043c\u0430\u0441\u043a\u0430 Julbo Mars Vert Fonce \u0434\u043b\u044f \u0430\u043a\u0442\u0438\u0432\u043d\u043e\u0433\u043e \u043e\u0442\u0434\u044b\u0445\u0430, \u0430\u043a\u0442\u0438\u0432\u043d\u043e\u0439 \u0436\u0438\u0437\u043d\u0438, \u043f\u0443\u0442\u0435\u0448\u0435\u0441\u0442\u0432\u0438\u0439, \u0430\u043b\u044c\u043f\u0438\u043d\u0438\u0437\u043c\u0430 \u0438 outdoor \u044d\u043a\u0438\u043f\u0438\u0440\u043e\u0432\u043a\u0438 \u0432 \u0438\u043d\u0442\u0435\u0440\u043d\u0435\u0442 \u043c\u0430\u0433\u0430\u0437\u0438\u043d\u0435\"},{\"@type\":\"BreadcrumbList\",\"@id\":\"https:\/\/xstyle.md\/product\/gornolyzhnaya-maska-julbo-mars-vert-fonce\/#breadcrumb\",\"itemListElement\":[{\"@type\":\"ListItem\",\"position\":1,\"name\":\"\u0413\u043b\u0430\u0432\u043d\u0430\u044f \u0441\u0442\u0440\u0430\u043d\u0438\u0446\u0430\",\"item\":\"https:\/\/xstyle.md\/\"},{\"@type\":\"ListItem\",\"position\":2,\"name\":\"\u041c\u0430\u0433\u0430\u0437\u0438\u043d\",\"item\":\"https:\/\/xstyle.md\/shop\/\"},{\"@type\":\"ListItem\",\"position\":3,\"name\":\"\u0413\u043e\u0440\u043d\u043e\u043b\u044b\u0436\u043d\u0430\u044f \u043c\u0430\u0441\u043a\u0430 Julbo Mars Vert Fonce\"}]},{\"@type\":\"WebSite\",\"@id\":\"https:\/\/xstyle.md\/#website\",\"url\":\"https:\/\/xstyle.md\/\",\"name\":\"\u041c\u0430\u0433\u0430\u0437\u0438\u043d Xstyle\",\"description\":\"C\u043d\u0430\u0440\u044f\u0436\u0435\u043d\u0438\u0435 \u0434\u043b\u044f \u0442\u0443\u0440\u0438\u0437\u043c\u0430 \u0438 \u044d\u043a\u0441\u0442\u0440\u0435\u043c\u0430\u043b\u044c\u043d\u044b\u0445 \u0432\u0438\u0434\u043e\u0432 \u0441\u043f\u043e\u0440\u0442\u0430 \u0432 \u041c\u043e\u043b\u0434\u043e\u0432\u0435.. \u0426\u0435\u043d\u044b, \u0444\u043e\u0442\u043e, \u0445\u0430\u0440\u0430\u043a\u0442\u0435\u0440\u0438\u0441\u0442\u0438\u043a\u0438 \u0432 \u041c\u043e\u043b\u0434\u043e\u0432\u0435.\",\"publisher\":{\"@id\":\"https:\/\/xstyle.md\/#organization\"},\"alternateName\":\"X-Style\",\"potentialAction\":[{\"@type\":\"SearchAction\",\"target\":{\"@type\":\"EntryPoint\",\"urlTemplate\":\"https:\/\/xstyle.md\/?s={search_term_string}\"},\"query-input\":{\"@type\":\"PropertyValueSpecification\",\"valueRequired\":true,\"valueName\":\"search_term_string\"}}],\"inLanguage\":\"ro-RO\"},{\"@type\":\"Organization\",\"@id\":\"https:\/\/xstyle.md\/#organization\",\"name\":\"\u041c\u0430\u0433\u0430\u0437\u0438\u043d Xstyle\",\"alternateName\":\"x-style\",\"url\":\"https:\/\/xstyle.md\/\",\"logo\":{\"@type\":\"ImageObject\",\"inLanguage\":\"ro-RO\",\"@id\":\"https:\/\/xstyle.md\/#\/schema\/logo\/image\/\",\"url\":\"https:\/\/xstyle.md\/wp-content\/uploads\/2020\/06\/logoicon.svg\",\"contentUrl\":\"https:\/\/xstyle.md\/wp-content\/uploads\/2020\/06\/logoicon.svg\",\"caption\":\"\u041c\u0430\u0433\u0430\u0437\u0438\u043d Xstyle\"},\"image\":{\"@id\":\"https:\/\/xstyle.md\/#\/schema\/logo\/image\/\"},\"sameAs\":[\"https:\/\/www.facebook.com\/xstylemd\",\"https:\/\/www.instagram.com\/xstyle_md\/\",\"https:\/\/t.me\/xstyle_outdoor\"],\"hasMerchantReturnPolicy\":{\"@type\":\"MerchantReturnPolicy\",\"merchantReturnLink\":\"https:\/\/xstyle.md\/ro\/conditions\/\"}}]}<\/script>\n<meta property=\"product:price:amount\" content=\"1350.00\" \/>\n<meta property=\"product:price:currency\" content=\"MDL\" \/>\n<meta property=\"og:availability\" content=\"out of stock\" \/>\n<meta property=\"product:availability\" content=\"out of stock\" \/>\n<meta property=\"product:retailer_item_id\" content=\"3660576312005\" \/>\n<meta property=\"product:condition\" content=\"new\" \/>\n<!-- \/ Yoast SEO plugin. -->","yoast_head_json":{"title":"\u0413\u043e\u0440\u043d\u043e\u043b\u044b\u0436\u043d\u0430\u044f \u043c\u0430\u0441\u043a\u0430 Julbo Mars Vert Fonce - \u041c\u0430\u0433\u0430\u0437\u0438\u043d Xstyle","robots":{"index":"index","follow":"follow","max-snippet":"max-snippet:-1","max-image-preview":"max-image-preview:large","max-video-preview":"max-video-preview:-1"},"canonical":"https:\/\/xstyle.md\/ro\/produs\/gornolyzhnaya-maska-julbo-mars-vert-fonce\/","og_locale":"ro_RO","og_type":"article","og_title":"\u0413\u043e\u0440\u043d\u043e\u043b\u044b\u0436\u043d\u0430\u044f \u043c\u0430\u0441\u043a\u0430 Julbo Mars Vert Fonce - \u041c\u0430\u0433\u0430\u0437\u0438\u043d Xstyle","og_description":"\u0411\u0440\u0435\u043d\u0434 Julbo \u2014 \u044d\u0442\u043e \u043b\u0435\u0433\u0435\u043d\u0434\u0430\u0440\u043d\u044b\u0439 \u0444\u0440\u0430\u043d\u0446\u0443\u0437\u0441\u043a\u0438\u0439 \u0431\u0440\u0435\u043d\u0434 \u0441 \u0431\u043e\u043b\u0435\u0435 \u0447\u0435\u043c 130-\u043b\u0435\u0442\u043d\u0435\u0439 \u0438\u0441\u0442\u043e\u0440\u0438\u0435\u0439, \u0441\u043f\u0435\u0446\u0438\u0430\u043b\u0438\u0437\u0438\u0440\u0443\u044e\u0449\u0438\u0439\u0441\u044f \u043d\u0430 \u043f\u0440\u043e\u0438\u0437\u0432\u043e\u0434\u0441\u0442\u0432\u0435 \u0432\u044b\u0441\u043e\u043a\u043e\u0442\u0435\u0445\u043d\u043e\u043b\u043e\u0433\u0438\u0447\u043d\u043e\u0439 \u043e\u043f\u0442\u0438\u043a\u0438 \u0434\u043b\u044f \u044d\u043a\u0441\u0442\u0440\u0435\u043c\u0430\u043b\u044c\u043d\u044b\u0445 \u0432\u0438\u0434\u043e\u0432 \u0441\u043f\u043e\u0440\u0442\u0430. \u041a\u043e\u043c\u043f\u0430\u043d\u0438\u044f \u0437\u043d\u0430\u043c\u0435\u043d\u0438\u0442\u0430 \u0441\u0432\u043e\u0438\u043c\u0438 \u0444\u043e\u0442\u043e\u0445\u0440\u043e\u043c\u043d\u044b\u043c\u0438 \u043b\u0438\u043d\u0437\u0430\u043c\u0438 (Reactiv), \u043a\u043e\u0442\u043e\u0440\u044b\u0435 \u043c\u0433\u043d\u043e\u0432\u0435\u043d\u043d\u043e \u043f\u043e\u0434\u0441\u0442\u0440\u0430\u0438\u0432\u0430\u044e\u0442\u0441\u044f \u043f\u043e\u0434 \u043b\u044e\u0431\u043e\u0435 \u043e\u0441\u0432\u0435\u0449\u0435\u043d\u0438\u0435, \u0438 \u0441\u0447\u0438\u0442\u0430\u0435\u0442\u0441\u044f \u043c\u0438\u0440\u043e\u0432\u044b\u043c \u044d\u0442\u0430\u043b\u043e\u043d\u043e\u043c \u043e\u0447\u043a\u043e\u0432 \u0434\u043b\u044f \u0430\u043b\u044c\u043f\u0438\u043d\u0438\u0437\u043c\u0430, \u0433\u043e\u0440\u043d\u043e\u0433\u043e \u0431\u0435\u0433\u0430 \u0438 \u0433\u043e\u0440\u043d\u043e\u043b\u044b\u0436\u043d\u043e\u0433\u043e \u0441\u043f\u043e\u0440\u0442\u0430.","og_url":"https:\/\/xstyle.md\/ro\/produs\/gornolyzhnaya-maska-julbo-mars-vert-fonce\/","og_site_name":"\u041c\u0430\u0433\u0430\u0437\u0438\u043d Xstyle","article_publisher":"https:\/\/www.facebook.com\/xstylemd","article_modified_time":"2026-03-14T18:49:17+00:00","og_image":[{"width":1200,"height":1200,"url":"https:\/\/xstyle.md\/wp-content\/uploads\/2025\/12\/julbo-mars-vert-fonce-1.webp","type":"image\/webp"}],"twitter_card":"summary_large_image","twitter_misc":{"Pre\u021b":"1.350&nbsp;MDL","Disponibilitate":"Stoc epuizat"},"schema":{"@context":"https:\/\/schema.org","@graph":[{"@type":"WebPage","@id":"https:\/\/xstyle.md\/product\/gornolyzhnaya-maska-julbo-mars-vert-fonce\/","url":"https:\/\/xstyle.md\/product\/gornolyzhnaya-maska-julbo-mars-vert-fonce\/","name":"\u0413\u043e\u0440\u043d\u043e\u043b\u044b\u0436\u043d\u0430\u044f \u043c\u0430\u0441\u043a\u0430 Julbo Mars Vert Fonce - \u041c\u0430\u0433\u0430\u0437\u0438\u043d Xstyle","isPartOf":{"@id":"https:\/\/xstyle.md\/#website"},"primaryImageOfPage":{"@id":"https:\/\/xstyle.md\/product\/gornolyzhnaya-maska-julbo-mars-vert-fonce\/#primaryimage"},"image":{"@id":"https:\/\/xstyle.md\/product\/gornolyzhnaya-maska-julbo-mars-vert-fonce\/#primaryimage"},"thumbnailUrl":"https:\/\/xstyle.md\/wp-content\/uploads\/2025\/12\/julbo-mars-vert-fonce-1.webp","datePublished":"2025-12-24T16:20:23+00:00","dateModified":"2026-03-14T18:49:17+00:00","breadcrumb":{"@id":"https:\/\/xstyle.md\/product\/gornolyzhnaya-maska-julbo-mars-vert-fonce\/#breadcrumb"},"inLanguage":"ro-RO","potentialAction":[{"@type":"ReadAction","target":["https:\/\/xstyle.md\/product\/gornolyzhnaya-maska-julbo-mars-vert-fonce\/"]}]},{"@type":"ImageObject","inLanguage":"ro-RO","@id":"https:\/\/xstyle.md\/product\/gornolyzhnaya-maska-julbo-mars-vert-fonce\/#primaryimage","url":"https:\/\/xstyle.md\/wp-content\/uploads\/2025\/12\/julbo-mars-vert-fonce-1.webp","contentUrl":"https:\/\/xstyle.md\/wp-content\/uploads\/2025\/12\/julbo-mars-vert-fonce-1.webp","width":1200,"height":1200,"caption":"\u0413\u043e\u0440\u043d\u043e\u043b\u044b\u0436\u043d\u0430\u044f \u043c\u0430\u0441\u043a\u0430 Julbo Mars Vert Fonce \u0434\u043b\u044f \u0430\u043a\u0442\u0438\u0432\u043d\u043e\u0433\u043e \u043e\u0442\u0434\u044b\u0445\u0430, \u0430\u043a\u0442\u0438\u0432\u043d\u043e\u0439 \u0436\u0438\u0437\u043d\u0438, \u043f\u0443\u0442\u0435\u0448\u0435\u0441\u0442\u0432\u0438\u0439, \u0430\u043b\u044c\u043f\u0438\u043d\u0438\u0437\u043c\u0430 \u0438 outdoor \u044d\u043a\u0438\u043f\u0438\u0440\u043e\u0432\u043a\u0438 \u0432 \u0438\u043d\u0442\u0435\u0440\u043d\u0435\u0442 \u043c\u0430\u0433\u0430\u0437\u0438\u043d\u0435"},{"@type":"BreadcrumbList","@id":"https:\/\/xstyle.md\/product\/gornolyzhnaya-maska-julbo-mars-vert-fonce\/#breadcrumb","itemListElement":[{"@type":"ListItem","position":1,"name":"\u0413\u043b\u0430\u0432\u043d\u0430\u044f \u0441\u0442\u0440\u0430\u043d\u0438\u0446\u0430","item":"https:\/\/xstyle.md\/"},{"@type":"ListItem","position":2,"name":"\u041c\u0430\u0433\u0430\u0437\u0438\u043d","item":"https:\/\/xstyle.md\/shop\/"},{"@type":"ListItem","position":3,"name":"\u0413\u043e\u0440\u043d\u043e\u043b\u044b\u0436\u043d\u0430\u044f \u043c\u0430\u0441\u043a\u0430 Julbo Mars Vert Fonce"}]},{"@type":"WebSite","@id":"https:\/\/xstyle.md\/#website","url":"https:\/\/xstyle.md\/","name":"Magazinul X-Style","description":"Echipamente pentru turism \u0219i sporturi extreme \u00een Moldova. Pre\u021buri, fotografii, caracteristici \u00een Moldova.","publisher":{"@id":"https:\/\/xstyle.md\/#organization"},"alternateName":"X-Style","potentialAction":[{"@type":"SearchAction","target":{"@type":"EntryPoint","urlTemplate":"https:\/\/xstyle.md\/?s={search_term_string}"},"query-input":{"@type":"PropertyValueSpecification","valueRequired":true,"valueName":"search_term_string"}}],"inLanguage":"ro-RO"},{"@type":"Organization","@id":"https:\/\/xstyle.md\/#organization","name":"Magazinul X-Style","alternateName":"x-style","url":"https:\/\/xstyle.md\/","logo":{"@type":"ImageObject","inLanguage":"ro-RO","@id":"https:\/\/xstyle.md\/#\/schema\/logo\/image\/","url":"https:\/\/xstyle.md\/wp-content\/uploads\/2020\/06\/logoicon.svg","contentUrl":"https:\/\/xstyle.md\/wp-content\/uploads\/2020\/06\/logoicon.svg","caption":"\u041c\u0430\u0433\u0430\u0437\u0438\u043d Xstyle"},"image":{"@id":"https:\/\/xstyle.md\/#\/schema\/logo\/image\/"},"sameAs":["https:\/\/www.facebook.com\/xstylemd","https:\/\/www.instagram.com\/xstyle_md\/","https:\/\/t.me\/xstyle_outdoor"],"hasMerchantReturnPolicy":{"@type":"MerchantReturnPolicy","merchantReturnLink":"https:\/\/xstyle.md\/ro\/conditions\/"}}]},"product_price_amount":"1350.00","product_price_currency":"MDL","og_availability":"out of stock","product_availability":"out of stock","product_retailer_item_id":"3660576312005","product_condition":"new"},"post_mailing_queue_ids":[],"_links":{"self":[{"href":"https:\/\/xstyle.md\/ro\/wp-json\/wp\/v2\/product\/98867","targetHints":{"allow":["GET"]}}],"collection":[{"href":"https:\/\/xstyle.md\/ro\/wp-json\/wp\/v2\/product"}],"about":[{"href":"https:\/\/xstyle.md\/ro\/wp-json\/wp\/v2\/types\/product"}],"replies":[{"embeddable":true,"href":"https:\/\/xstyle.md\/ro\/wp-json\/wp\/v2\/comments?post=98867"}],"wp:featuredmedia":[{"embeddable":true,"href":"https:\/\/xstyle.md\/ro\/wp-json\/wp\/v2\/media\/102867"}],"wp:attachment":[{"href":"https:\/\/xstyle.md\/ro\/wp-json\/wp\/v2\/media?parent=98867"}],"wp:term":[{"taxonomy":"product_brand","embeddable":true,"href":"https:\/\/xstyle.md\/ro\/wp-json\/wp\/v2\/product_brand?post=98867"},{"taxonomy":"product_cat","embeddable":true,"href":"https:\/\/xstyle.md\/ro\/wp-json\/wp\/v2\/product_cat?post=98867"},{"taxonomy":"product_tag","embeddable":true,"href":"https:\/\/xstyle.md\/ro\/wp-json\/wp\/v2\/product_tag?post=98867"}],"curies":[{"name":"wp","href":"https:\/\/api.w.org\/{rel}","templated":true}]}}