{"id":98826,"date":"2025-12-24T19:20:10","date_gmt":"2025-12-24T16:20:10","guid":{"rendered":"https:\/\/xstyle.md\/?post_type=product&#038;p=98826"},"modified":"2026-03-04T12:15:04","modified_gmt":"2026-03-04T09:15:04","slug":"gornolyzhnyj-shlem-julbo-hal-evo-mips-vert-fonce","status":"publish","type":"product","link":"https:\/\/xstyle.md\/ro\/produs\/gornolyzhnyj-shlem-julbo-hal-evo-mips-vert-fonce\/","title":{"rendered":"Casc\u0103 schi Julbo Hal Evo Mips Vert Fonce"},"content":{"rendered":"<\/p>\n<p><strong>Julbo Hal Evo Mips Vert Fonce<\/strong> &#8212; este o casc\u0103 de schi \u0219i snowboard pentru b\u0103rba\u021bi care \u00eembin\u0103 confortul cu protec\u021bia maxim\u0103.<\/p>\n<p>Dispun\u00e2nd de tehnologia MIPS, care absoarbe energia la impact pentru a garanta o protec\u021bie maxim\u0103 a creierului \u00een caz de accident, acest model se adapteaz\u0103 perfect tuturor formelor de cap datorit\u0103 sistemului de reglare cu roti\u021b\u0103. Include un sistem de ventila\u021bie reglabil pentru a controla fluxul de aer \u00een func\u021bie de nevoile \u0219i intensitatea efortului. Ochelarii de schi se adapteaz\u0103 bine formei c\u0103\u0219tii, \u00een special datorit\u0103 formei cozorocului frontal.<\/p>\n<h3>Particularit\u0103\u021bi<\/h3>\n<ul>\n<li>Construc\u021bie In-Mold (u\u0219oar\u0103 \u0219i rezistent\u0103)<\/li>\n<li>Ajustare potrivire reglabil\u0103 (Adjustable fit)<\/li>\n<li>\u00cenchidere cataram\u0103 magnetic\u0103 Fidlock\u00ae &#8212; u\u0219or de utilizat<\/li>\n<li>Ventila\u021bie Sistem Adjustable Air Flow\u00a0 &#8212; flux de aer reglabil<\/li>\n<li>Urechi protec\u021bii pentru urechi 3D, moi \u0219i deta\u0219abile<\/li>\n<li>Vizier\u0103 &#8212; ventilat\u0103<\/li>\n<\/ul>\n<h3>Caracteristici<\/h3>\n<ul>\n<li>Fixare ochelari &#8212; band\u0103 elastic\u0103 reglabil\u0103 \u00een spate<\/li>\n<li>Siguran\u021b\u0103 &#8212; tehnologie anti-\u0219oc MIPS\u00ae<\/li>\n<li>Certific\u0103ri &#8212; EN1077-B \/ ASTMF2040<\/li>\n<li>Greutate - 480 g<\/li>\n<li>Garan\u021bie &#8212; 2 ani<\/li>\n<\/ul>\n<h3>Tehnologii<\/h3>\n<ul>\n<li><strong>Tehnologia MIPS<\/strong>\u00ae &#8212; un strat cu frecare redus\u0103 \u00een interiorul c\u0103\u0219tii care permite o mi\u0219care multidirec\u021bional\u0103 \u00een cazul unui impact oblic, reduc\u00e2nd for\u021ba rota\u021bional\u0103 transmis\u0103 creierului.<\/li>\n<\/ul>\n<p><\/p>\n<h3>Marca<\/h3>\n<p>Julbo - este un brand francez de renume mondial care produce ochelari de sport de \u00eenalt\u0103 calitate, ochelari de protec\u021bie pentru sporturi nautice, alpinism la mare altitudine, m\u0103\u0219ti pentru sporturi de iarn\u0103, c\u0103\u0219ti de schi \u0219i multe altele. Istoria companiei dateaz\u0103 de mai bine de 130 de ani, iar \u00een acest timp a evoluat de la o mic\u0103 firm\u0103 de familie la un juc\u0103tor important pe pia\u021ba mondial\u0103. Julbo a devenit un adev\u0103rat expert \u0219i un punct de referin\u021b\u0103 \u00een dezvoltarea opticii pentru condi\u021bii extreme. Anii de experien\u021b\u0103 acumulat\u0103, tehnologia inovatoare \u0219i colaborarea cu sportivii au avut ca rezultat o gam\u0103 larg\u0103 de produse care au devenit foarte populare \u00een \u00eentreaga lume.<\/p>","protected":false},"excerpt":{"rendered":"<p>\u0411\u0440\u0435\u043d\u0434 Julbo \u2013 \u0432\u0441\u0435\u043c\u0438\u0440\u043d\u043e \u0438\u0437\u0432\u0435\u0441\u0442\u043d\u044b\u0439 \u0444\u0440\u0430\u043d\u0446\u0443\u0437\u0441\u043a\u0438\u0439 \u0431\u0440\u0435\u043d\u0434, \u0438\u0437\u0433\u043e\u0442\u043e\u0432\u043b\u044f\u044e\u0449\u0438\u0439 \u0432\u044b\u0441\u043e\u043a\u043e\u043a\u0430\u0447\u0435\u0441\u0442\u0432\u0435\u043d\u043d\u044b\u0435 \u0441\u043f\u043e\u0440\u0442\u0438\u0432\u043d\u044b\u0435 \u043e\u0447\u043a\u0438, \u043e\u0447\u043a\u0438 \u0434\u043b\u044f \u0432\u043e\u0434\u043d\u044b\u0445 \u0432\u0438\u0434\u043e\u0432 \u0441\u043f\u043e\u0440\u0442\u0430, \u0434\u043b\u044f \u0432\u044b\u0441\u043e\u043a\u043e\u0433\u043e\u0440\u043d\u043e\u0433\u043e \u0430\u043b\u044c\u043f\u0438\u043d\u0438\u0437\u043c\u0430, \u043c\u0430\u0441\u043a\u0438 \u0434\u043b\u044f \u0437\u0438\u043c\u043d\u0438\u0445 \u0432\u0438\u0434\u043e\u0432 \u0441\u043f\u043e\u0440\u0442\u0430, \u0433\u043e\u0440\u043d\u043e\u043b\u044b\u0436\u043d\u044b\u0435 \u0448\u043b\u0435\u043c\u044b \u0438 \u043c\u043d\u043e\u0433\u043e\u0435 \u0434\u0440\u0443\u0433\u043e\u0435. \u0418\u0441\u0442\u043e\u0440\u0438\u044f \u044d\u0442\u043e\u0439 \u043a\u043e\u043c\u043f\u0430\u043d\u0438\u0438 \u043d\u0430\u0441\u0447\u0438\u0442\u044b\u0432\u0430\u0435\u0442 \u0431\u043e\u043b\u0435\u0435 130 \u043b\u0435\u0442, \u0438 \u0437\u0430 \u044d\u0442\u043e \u0432\u0440\u0435\u043c\u044f \u043e\u043d\u0430 \u043f\u0440\u043e\u0448\u043b\u0430 \u043f\u0443\u0442\u044c \u043e\u0442 \u043c\u0430\u043b\u0435\u043d\u044c\u043a\u043e\u0439 \u0441\u0435\u043c\u0435\u0439\u043d\u043e\u0439 \u0444\u0438\u0440\u043c\u044b \u0434\u043e \u043a\u0440\u0443\u043f\u043d\u043e\u0433\u043e \u0438\u0433\u0440\u043e\u043a\u0430 \u043d\u0430 \u043c\u0438\u0440\u043e\u0432\u043e\u043c \u0440\u044b\u043d\u043a\u0435. Julbo \u0441\u0442\u0430\u043b [&hellip;]<\/p>\n","protected":false},"featured_media":102592,"comment_status":"open","ping_status":"closed","template":"","meta":{"_acf_changed":false,"inline_featured_image":false},"product_brand":[1294],"product_cat":[355],"product_tag":[],"class_list":{"0":"post-98826","1":"product","2":"type-product","3":"status-publish","4":"has-post-thumbnail","6":"product_brand-julbo","7":"product_cat-ski-helmet","9":"first","10":"outofstock","11":"shipping-taxable","12":"product-type-simple"},"acf":[],"yoast_head":"<!-- This site is optimized with the Yoast SEO plugin v27.2 - https:\/\/yoast.com\/product\/yoast-seo-wordpress\/ -->\n<title>\u0413\u043e\u0440\u043d\u043e\u043b\u044b\u0436\u043d\u044b\u0439 \u0448\u043b\u0435\u043c Julbo Hal Evo Mips Vert Fonce - \u041c\u0430\u0433\u0430\u0437\u0438\u043d Xstyle<\/title>\n<meta name=\"robots\" content=\"index, follow, max-snippet:-1, max-image-preview:large, max-video-preview:-1\" \/>\n<link rel=\"canonical\" href=\"https:\/\/xstyle.md\/ro\/produs\/gornolyzhnyj-shlem-julbo-hal-evo-mips-vert-fonce\/\" \/>\n<meta property=\"og:locale\" content=\"ro_RO\" \/>\n<meta property=\"og:type\" content=\"article\" \/>\n<meta property=\"og:title\" content=\"\u0413\u043e\u0440\u043d\u043e\u043b\u044b\u0436\u043d\u044b\u0439 \u0448\u043b\u0435\u043c Julbo Hal Evo Mips Vert Fonce - \u041c\u0430\u0433\u0430\u0437\u0438\u043d Xstyle\" \/>\n<meta property=\"og:description\" content=\"\u0411\u0440\u0435\u043d\u0434 Julbo \u2013 \u0432\u0441\u0435\u043c\u0438\u0440\u043d\u043e \u0438\u0437\u0432\u0435\u0441\u0442\u043d\u044b\u0439 \u0444\u0440\u0430\u043d\u0446\u0443\u0437\u0441\u043a\u0438\u0439 \u0431\u0440\u0435\u043d\u0434, \u0438\u0437\u0433\u043e\u0442\u043e\u0432\u043b\u044f\u044e\u0449\u0438\u0439 \u0432\u044b\u0441\u043e\u043a\u043e\u043a\u0430\u0447\u0435\u0441\u0442\u0432\u0435\u043d\u043d\u044b\u0435 \u0441\u043f\u043e\u0440\u0442\u0438\u0432\u043d\u044b\u0435 \u043e\u0447\u043a\u0438, \u043e\u0447\u043a\u0438 \u0434\u043b\u044f \u0432\u043e\u0434\u043d\u044b\u0445 \u0432\u0438\u0434\u043e\u0432 \u0441\u043f\u043e\u0440\u0442\u0430, \u0434\u043b\u044f \u0432\u044b\u0441\u043e\u043a\u043e\u0433\u043e\u0440\u043d\u043e\u0433\u043e \u0430\u043b\u044c\u043f\u0438\u043d\u0438\u0437\u043c\u0430, \u043c\u0430\u0441\u043a\u0438 \u0434\u043b\u044f \u0437\u0438\u043c\u043d\u0438\u0445 \u0432\u0438\u0434\u043e\u0432 \u0441\u043f\u043e\u0440\u0442\u0430, \u0433\u043e\u0440\u043d\u043e\u043b\u044b\u0436\u043d\u044b\u0435 \u0448\u043b\u0435\u043c\u044b \u0438 \u043c\u043d\u043e\u0433\u043e\u0435 \u0434\u0440\u0443\u0433\u043e\u0435. \u0418\u0441\u0442\u043e\u0440\u0438\u044f \u044d\u0442\u043e\u0439 \u043a\u043e\u043c\u043f\u0430\u043d\u0438\u0438 \u043d\u0430\u0441\u0447\u0438\u0442\u044b\u0432\u0430\u0435\u0442 \u0431\u043e\u043b\u0435\u0435 130 \u043b\u0435\u0442, \u0438 \u0437\u0430 \u044d\u0442\u043e \u0432\u0440\u0435\u043c\u044f \u043e\u043d\u0430 \u043f\u0440\u043e\u0448\u043b\u0430 \u043f\u0443\u0442\u044c \u043e\u0442 \u043c\u0430\u043b\u0435\u043d\u044c\u043a\u043e\u0439 \u0441\u0435\u043c\u0435\u0439\u043d\u043e\u0439 \u0444\u0438\u0440\u043c\u044b \u0434\u043e \u043a\u0440\u0443\u043f\u043d\u043e\u0433\u043e \u0438\u0433\u0440\u043e\u043a\u0430 \u043d\u0430 \u043c\u0438\u0440\u043e\u0432\u043e\u043c \u0440\u044b\u043d\u043a\u0435. Julbo \u0441\u0442\u0430\u043b [&hellip;]\" \/>\n<meta property=\"og:url\" content=\"https:\/\/xstyle.md\/ro\/produs\/gornolyzhnyj-shlem-julbo-hal-evo-mips-vert-fonce\/\" \/>\n<meta property=\"og:site_name\" content=\"\u041c\u0430\u0433\u0430\u0437\u0438\u043d Xstyle\" \/>\n<meta property=\"article:publisher\" content=\"https:\/\/www.facebook.com\/xstylemd\" \/>\n<meta property=\"article:modified_time\" content=\"2026-03-04T09:15:04+00:00\" \/>\n<meta property=\"og:image\" content=\"https:\/\/xstyle.md\/wp-content\/uploads\/2025\/12\/julbo-hal-evo-mips-vert-fonce-1.webp\" \/>\n\t<meta property=\"og:image:width\" content=\"1200\" \/>\n\t<meta property=\"og:image:height\" content=\"1200\" \/>\n\t<meta property=\"og:image:type\" content=\"image\/webp\" \/>\n<meta name=\"twitter:card\" content=\"summary_large_image\" \/>\n<meta name=\"twitter:label1\" content=\"Pre\u021b\" \/>\n\t<meta name=\"twitter:data1\" content=\"3.670&nbsp;MDL\" \/>\n\t<meta name=\"twitter:label2\" content=\"Disponibilitate\" \/>\n\t<meta name=\"twitter:data2\" content=\"Stoc epuizat\" \/>\n<script type=\"application\/ld+json\" class=\"yoast-schema-graph\">{\"@context\":\"https:\/\/schema.org\",\"@graph\":[{\"@type\":\"WebPage\",\"@id\":\"https:\/\/xstyle.md\/product\/gornolyzhnyj-shlem-julbo-hal-evo-mips-vert-fonce\/\",\"url\":\"https:\/\/xstyle.md\/product\/gornolyzhnyj-shlem-julbo-hal-evo-mips-vert-fonce\/\",\"name\":\"\u0413\u043e\u0440\u043d\u043e\u043b\u044b\u0436\u043d\u044b\u0439 \u0448\u043b\u0435\u043c Julbo Hal Evo Mips Vert Fonce - \u041c\u0430\u0433\u0430\u0437\u0438\u043d Xstyle\",\"isPartOf\":{\"@id\":\"https:\/\/xstyle.md\/#website\"},\"primaryImageOfPage\":{\"@id\":\"https:\/\/xstyle.md\/product\/gornolyzhnyj-shlem-julbo-hal-evo-mips-vert-fonce\/#primaryimage\"},\"image\":{\"@id\":\"https:\/\/xstyle.md\/product\/gornolyzhnyj-shlem-julbo-hal-evo-mips-vert-fonce\/#primaryimage\"},\"thumbnailUrl\":\"https:\/\/xstyle.md\/wp-content\/uploads\/2025\/12\/julbo-hal-evo-mips-vert-fonce-1.webp\",\"datePublished\":\"2025-12-24T16:20:10+00:00\",\"dateModified\":\"2026-03-04T09:15:04+00:00\",\"breadcrumb\":{\"@id\":\"https:\/\/xstyle.md\/product\/gornolyzhnyj-shlem-julbo-hal-evo-mips-vert-fonce\/#breadcrumb\"},\"inLanguage\":\"ro-RO\",\"potentialAction\":[{\"@type\":\"ReadAction\",\"target\":[\"https:\/\/xstyle.md\/product\/gornolyzhnyj-shlem-julbo-hal-evo-mips-vert-fonce\/\"]}]},{\"@type\":\"ImageObject\",\"inLanguage\":\"ro-RO\",\"@id\":\"https:\/\/xstyle.md\/product\/gornolyzhnyj-shlem-julbo-hal-evo-mips-vert-fonce\/#primaryimage\",\"url\":\"https:\/\/xstyle.md\/wp-content\/uploads\/2025\/12\/julbo-hal-evo-mips-vert-fonce-1.webp\",\"contentUrl\":\"https:\/\/xstyle.md\/wp-content\/uploads\/2025\/12\/julbo-hal-evo-mips-vert-fonce-1.webp\",\"width\":1200,\"height\":1200,\"caption\":\"\u0422\u0443\u0440\u0438\u0441\u0442\u0438\u0447\u0435\u0441\u043a\u0438\u0439 \u0448\u043b\u0435\u043c \u0434\u043b\u044f \u0433\u043e\u0440\u043d\u044b\u0445 \u043f\u043e\u0445\u043e\u0434\u043e\u0432 \u0438 \u0430\u043b\u044c\u043f\u0438\u043d\u0438\u0437\u043c\u0430 Julbo Hal Evo Mips Vert Fonce \u0434\u043b\u044f \u0430\u043a\u0442\u0438\u0432\u043d\u043e\u0433\u043e \u043e\u0442\u0434\u044b\u0445\u0430, \u0437\u0430\u043d\u044f\u0442\u0438\u0439 \u043b\u044b\u0436\u0430\u043c\u0438, \u043f\u0443\u0442\u0435\u0448\u0435\u0441\u0442\u0432\u0438\u0439 \u0438 \u0445\u0430\u0439\u043a\u0438\u043d\u0433\u0430 \u0432 \u0438\u043d\u0442\u0435\u0440\u043d\u0435\u0442-\u043c\u0430\u0433\u0430\u0437\u0438\u043d\u0435\"},{\"@type\":\"BreadcrumbList\",\"@id\":\"https:\/\/xstyle.md\/product\/gornolyzhnyj-shlem-julbo-hal-evo-mips-vert-fonce\/#breadcrumb\",\"itemListElement\":[{\"@type\":\"ListItem\",\"position\":1,\"name\":\"\u0413\u043b\u0430\u0432\u043d\u0430\u044f \u0441\u0442\u0440\u0430\u043d\u0438\u0446\u0430\",\"item\":\"https:\/\/xstyle.md\/\"},{\"@type\":\"ListItem\",\"position\":2,\"name\":\"\u041c\u0430\u0433\u0430\u0437\u0438\u043d\",\"item\":\"https:\/\/xstyle.md\/shop\/\"},{\"@type\":\"ListItem\",\"position\":3,\"name\":\"\u0413\u043e\u0440\u043d\u043e\u043b\u044b\u0436\u043d\u044b\u0439 \u0448\u043b\u0435\u043c Julbo Hal Evo Mips Vert Fonce\"}]},{\"@type\":\"WebSite\",\"@id\":\"https:\/\/xstyle.md\/#website\",\"url\":\"https:\/\/xstyle.md\/\",\"name\":\"\u041c\u0430\u0433\u0430\u0437\u0438\u043d Xstyle\",\"description\":\"C\u043d\u0430\u0440\u044f\u0436\u0435\u043d\u0438\u0435 \u0434\u043b\u044f \u0442\u0443\u0440\u0438\u0437\u043c\u0430 \u0438 \u044d\u043a\u0441\u0442\u0440\u0435\u043c\u0430\u043b\u044c\u043d\u044b\u0445 \u0432\u0438\u0434\u043e\u0432 \u0441\u043f\u043e\u0440\u0442\u0430 \u0432 \u041c\u043e\u043b\u0434\u043e\u0432\u0435.. \u0426\u0435\u043d\u044b, \u0444\u043e\u0442\u043e, \u0445\u0430\u0440\u0430\u043a\u0442\u0435\u0440\u0438\u0441\u0442\u0438\u043a\u0438 \u0432 \u041c\u043e\u043b\u0434\u043e\u0432\u0435.\",\"publisher\":{\"@id\":\"https:\/\/xstyle.md\/#organization\"},\"alternateName\":\"X-Style\",\"potentialAction\":[{\"@type\":\"SearchAction\",\"target\":{\"@type\":\"EntryPoint\",\"urlTemplate\":\"https:\/\/xstyle.md\/?s={search_term_string}\"},\"query-input\":{\"@type\":\"PropertyValueSpecification\",\"valueRequired\":true,\"valueName\":\"search_term_string\"}}],\"inLanguage\":\"ro-RO\"},{\"@type\":\"Organization\",\"@id\":\"https:\/\/xstyle.md\/#organization\",\"name\":\"\u041c\u0430\u0433\u0430\u0437\u0438\u043d Xstyle\",\"alternateName\":\"x-style\",\"url\":\"https:\/\/xstyle.md\/\",\"logo\":{\"@type\":\"ImageObject\",\"inLanguage\":\"ro-RO\",\"@id\":\"https:\/\/xstyle.md\/#\/schema\/logo\/image\/\",\"url\":\"https:\/\/xstyle.md\/wp-content\/uploads\/2020\/06\/logoicon.svg\",\"contentUrl\":\"https:\/\/xstyle.md\/wp-content\/uploads\/2020\/06\/logoicon.svg\",\"caption\":\"\u041c\u0430\u0433\u0430\u0437\u0438\u043d Xstyle\"},\"image\":{\"@id\":\"https:\/\/xstyle.md\/#\/schema\/logo\/image\/\"},\"sameAs\":[\"https:\/\/www.facebook.com\/xstylemd\",\"https:\/\/www.instagram.com\/xstyle_md\/\",\"https:\/\/t.me\/xstyle_outdoor\"],\"hasMerchantReturnPolicy\":{\"@type\":\"MerchantReturnPolicy\",\"merchantReturnLink\":\"https:\/\/xstyle.md\/ro\/conditions\/\"}}]}<\/script>\n<meta property=\"product:price:amount\" content=\"3670.00\" \/>\n<meta property=\"product:price:currency\" content=\"MDL\" \/>\n<meta property=\"og:availability\" content=\"out of stock\" \/>\n<meta property=\"product:availability\" content=\"out of stock\" \/>\n<meta property=\"product:retailer_item_id\" content=\"3660576921450\" \/>\n<meta property=\"product:condition\" content=\"new\" \/>\n<!-- \/ Yoast SEO plugin. -->","yoast_head_json":{"title":"\u0413\u043e\u0440\u043d\u043e\u043b\u044b\u0436\u043d\u044b\u0439 \u0448\u043b\u0435\u043c Julbo Hal Evo Mips Vert Fonce - \u041c\u0430\u0433\u0430\u0437\u0438\u043d Xstyle","robots":{"index":"index","follow":"follow","max-snippet":"max-snippet:-1","max-image-preview":"max-image-preview:large","max-video-preview":"max-video-preview:-1"},"canonical":"https:\/\/xstyle.md\/ro\/produs\/gornolyzhnyj-shlem-julbo-hal-evo-mips-vert-fonce\/","og_locale":"ro_RO","og_type":"article","og_title":"\u0413\u043e\u0440\u043d\u043e\u043b\u044b\u0436\u043d\u044b\u0439 \u0448\u043b\u0435\u043c Julbo Hal Evo Mips Vert Fonce - \u041c\u0430\u0433\u0430\u0437\u0438\u043d Xstyle","og_description":"\u0411\u0440\u0435\u043d\u0434 Julbo \u2013 \u0432\u0441\u0435\u043c\u0438\u0440\u043d\u043e \u0438\u0437\u0432\u0435\u0441\u0442\u043d\u044b\u0439 \u0444\u0440\u0430\u043d\u0446\u0443\u0437\u0441\u043a\u0438\u0439 \u0431\u0440\u0435\u043d\u0434, \u0438\u0437\u0433\u043e\u0442\u043e\u0432\u043b\u044f\u044e\u0449\u0438\u0439 \u0432\u044b\u0441\u043e\u043a\u043e\u043a\u0430\u0447\u0435\u0441\u0442\u0432\u0435\u043d\u043d\u044b\u0435 \u0441\u043f\u043e\u0440\u0442\u0438\u0432\u043d\u044b\u0435 \u043e\u0447\u043a\u0438, \u043e\u0447\u043a\u0438 \u0434\u043b\u044f \u0432\u043e\u0434\u043d\u044b\u0445 \u0432\u0438\u0434\u043e\u0432 \u0441\u043f\u043e\u0440\u0442\u0430, \u0434\u043b\u044f \u0432\u044b\u0441\u043e\u043a\u043e\u0433\u043e\u0440\u043d\u043e\u0433\u043e \u0430\u043b\u044c\u043f\u0438\u043d\u0438\u0437\u043c\u0430, \u043c\u0430\u0441\u043a\u0438 \u0434\u043b\u044f \u0437\u0438\u043c\u043d\u0438\u0445 \u0432\u0438\u0434\u043e\u0432 \u0441\u043f\u043e\u0440\u0442\u0430, \u0433\u043e\u0440\u043d\u043e\u043b\u044b\u0436\u043d\u044b\u0435 \u0448\u043b\u0435\u043c\u044b \u0438 \u043c\u043d\u043e\u0433\u043e\u0435 \u0434\u0440\u0443\u0433\u043e\u0435. \u0418\u0441\u0442\u043e\u0440\u0438\u044f \u044d\u0442\u043e\u0439 \u043a\u043e\u043c\u043f\u0430\u043d\u0438\u0438 \u043d\u0430\u0441\u0447\u0438\u0442\u044b\u0432\u0430\u0435\u0442 \u0431\u043e\u043b\u0435\u0435 130 \u043b\u0435\u0442, \u0438 \u0437\u0430 \u044d\u0442\u043e \u0432\u0440\u0435\u043c\u044f \u043e\u043d\u0430 \u043f\u0440\u043e\u0448\u043b\u0430 \u043f\u0443\u0442\u044c \u043e\u0442 \u043c\u0430\u043b\u0435\u043d\u044c\u043a\u043e\u0439 \u0441\u0435\u043c\u0435\u0439\u043d\u043e\u0439 \u0444\u0438\u0440\u043c\u044b \u0434\u043e \u043a\u0440\u0443\u043f\u043d\u043e\u0433\u043e \u0438\u0433\u0440\u043e\u043a\u0430 \u043d\u0430 \u043c\u0438\u0440\u043e\u0432\u043e\u043c \u0440\u044b\u043d\u043a\u0435. Julbo \u0441\u0442\u0430\u043b [&hellip;]","og_url":"https:\/\/xstyle.md\/ro\/produs\/gornolyzhnyj-shlem-julbo-hal-evo-mips-vert-fonce\/","og_site_name":"\u041c\u0430\u0433\u0430\u0437\u0438\u043d Xstyle","article_publisher":"https:\/\/www.facebook.com\/xstylemd","article_modified_time":"2026-03-04T09:15:04+00:00","og_image":[{"width":1200,"height":1200,"url":"https:\/\/xstyle.md\/wp-content\/uploads\/2025\/12\/julbo-hal-evo-mips-vert-fonce-1.webp","type":"image\/webp"}],"twitter_card":"summary_large_image","twitter_misc":{"Pre\u021b":"3.670&nbsp;MDL","Disponibilitate":"Stoc epuizat"},"schema":{"@context":"https:\/\/schema.org","@graph":[{"@type":"WebPage","@id":"https:\/\/xstyle.md\/product\/gornolyzhnyj-shlem-julbo-hal-evo-mips-vert-fonce\/","url":"https:\/\/xstyle.md\/product\/gornolyzhnyj-shlem-julbo-hal-evo-mips-vert-fonce\/","name":"\u0413\u043e\u0440\u043d\u043e\u043b\u044b\u0436\u043d\u044b\u0439 \u0448\u043b\u0435\u043c Julbo Hal Evo Mips Vert Fonce - \u041c\u0430\u0433\u0430\u0437\u0438\u043d Xstyle","isPartOf":{"@id":"https:\/\/xstyle.md\/#website"},"primaryImageOfPage":{"@id":"https:\/\/xstyle.md\/product\/gornolyzhnyj-shlem-julbo-hal-evo-mips-vert-fonce\/#primaryimage"},"image":{"@id":"https:\/\/xstyle.md\/product\/gornolyzhnyj-shlem-julbo-hal-evo-mips-vert-fonce\/#primaryimage"},"thumbnailUrl":"https:\/\/xstyle.md\/wp-content\/uploads\/2025\/12\/julbo-hal-evo-mips-vert-fonce-1.webp","datePublished":"2025-12-24T16:20:10+00:00","dateModified":"2026-03-04T09:15:04+00:00","breadcrumb":{"@id":"https:\/\/xstyle.md\/product\/gornolyzhnyj-shlem-julbo-hal-evo-mips-vert-fonce\/#breadcrumb"},"inLanguage":"ro-RO","potentialAction":[{"@type":"ReadAction","target":["https:\/\/xstyle.md\/product\/gornolyzhnyj-shlem-julbo-hal-evo-mips-vert-fonce\/"]}]},{"@type":"ImageObject","inLanguage":"ro-RO","@id":"https:\/\/xstyle.md\/product\/gornolyzhnyj-shlem-julbo-hal-evo-mips-vert-fonce\/#primaryimage","url":"https:\/\/xstyle.md\/wp-content\/uploads\/2025\/12\/julbo-hal-evo-mips-vert-fonce-1.webp","contentUrl":"https:\/\/xstyle.md\/wp-content\/uploads\/2025\/12\/julbo-hal-evo-mips-vert-fonce-1.webp","width":1200,"height":1200,"caption":"\u0422\u0443\u0440\u0438\u0441\u0442\u0438\u0447\u0435\u0441\u043a\u0438\u0439 \u0448\u043b\u0435\u043c \u0434\u043b\u044f \u0433\u043e\u0440\u043d\u044b\u0445 \u043f\u043e\u0445\u043e\u0434\u043e\u0432 \u0438 \u0430\u043b\u044c\u043f\u0438\u043d\u0438\u0437\u043c\u0430 Julbo Hal Evo Mips Vert Fonce \u0434\u043b\u044f \u0430\u043a\u0442\u0438\u0432\u043d\u043e\u0433\u043e \u043e\u0442\u0434\u044b\u0445\u0430, \u0437\u0430\u043d\u044f\u0442\u0438\u0439 \u043b\u044b\u0436\u0430\u043c\u0438, \u043f\u0443\u0442\u0435\u0448\u0435\u0441\u0442\u0432\u0438\u0439 \u0438 \u0445\u0430\u0439\u043a\u0438\u043d\u0433\u0430 \u0432 \u0438\u043d\u0442\u0435\u0440\u043d\u0435\u0442-\u043c\u0430\u0433\u0430\u0437\u0438\u043d\u0435"},{"@type":"BreadcrumbList","@id":"https:\/\/xstyle.md\/product\/gornolyzhnyj-shlem-julbo-hal-evo-mips-vert-fonce\/#breadcrumb","itemListElement":[{"@type":"ListItem","position":1,"name":"\u0413\u043b\u0430\u0432\u043d\u0430\u044f \u0441\u0442\u0440\u0430\u043d\u0438\u0446\u0430","item":"https:\/\/xstyle.md\/"},{"@type":"ListItem","position":2,"name":"\u041c\u0430\u0433\u0430\u0437\u0438\u043d","item":"https:\/\/xstyle.md\/shop\/"},{"@type":"ListItem","position":3,"name":"\u0413\u043e\u0440\u043d\u043e\u043b\u044b\u0436\u043d\u044b\u0439 \u0448\u043b\u0435\u043c Julbo Hal Evo Mips Vert Fonce"}]},{"@type":"WebSite","@id":"https:\/\/xstyle.md\/#website","url":"https:\/\/xstyle.md\/","name":"Magazinul X-Style","description":"Echipamente pentru turism \u0219i sporturi extreme \u00een Moldova. Pre\u021buri, fotografii, caracteristici \u00een Moldova.","publisher":{"@id":"https:\/\/xstyle.md\/#organization"},"alternateName":"X-Style","potentialAction":[{"@type":"SearchAction","target":{"@type":"EntryPoint","urlTemplate":"https:\/\/xstyle.md\/?s={search_term_string}"},"query-input":{"@type":"PropertyValueSpecification","valueRequired":true,"valueName":"search_term_string"}}],"inLanguage":"ro-RO"},{"@type":"Organization","@id":"https:\/\/xstyle.md\/#organization","name":"Magazinul X-Style","alternateName":"x-style","url":"https:\/\/xstyle.md\/","logo":{"@type":"ImageObject","inLanguage":"ro-RO","@id":"https:\/\/xstyle.md\/#\/schema\/logo\/image\/","url":"https:\/\/xstyle.md\/wp-content\/uploads\/2020\/06\/logoicon.svg","contentUrl":"https:\/\/xstyle.md\/wp-content\/uploads\/2020\/06\/logoicon.svg","caption":"\u041c\u0430\u0433\u0430\u0437\u0438\u043d Xstyle"},"image":{"@id":"https:\/\/xstyle.md\/#\/schema\/logo\/image\/"},"sameAs":["https:\/\/www.facebook.com\/xstylemd","https:\/\/www.instagram.com\/xstyle_md\/","https:\/\/t.me\/xstyle_outdoor"],"hasMerchantReturnPolicy":{"@type":"MerchantReturnPolicy","merchantReturnLink":"https:\/\/xstyle.md\/ro\/conditions\/"}}]},"product_price_amount":"3670.00","product_price_currency":"MDL","og_availability":"out of stock","product_availability":"out of stock","product_retailer_item_id":"3660576921450","product_condition":"new"},"post_mailing_queue_ids":[],"_links":{"self":[{"href":"https:\/\/xstyle.md\/ro\/wp-json\/wp\/v2\/product\/98826","targetHints":{"allow":["GET"]}}],"collection":[{"href":"https:\/\/xstyle.md\/ro\/wp-json\/wp\/v2\/product"}],"about":[{"href":"https:\/\/xstyle.md\/ro\/wp-json\/wp\/v2\/types\/product"}],"replies":[{"embeddable":true,"href":"https:\/\/xstyle.md\/ro\/wp-json\/wp\/v2\/comments?post=98826"}],"wp:featuredmedia":[{"embeddable":true,"href":"https:\/\/xstyle.md\/ro\/wp-json\/wp\/v2\/media\/102592"}],"wp:attachment":[{"href":"https:\/\/xstyle.md\/ro\/wp-json\/wp\/v2\/media?parent=98826"}],"wp:term":[{"taxonomy":"product_brand","embeddable":true,"href":"https:\/\/xstyle.md\/ro\/wp-json\/wp\/v2\/product_brand?post=98826"},{"taxonomy":"product_cat","embeddable":true,"href":"https:\/\/xstyle.md\/ro\/wp-json\/wp\/v2\/product_cat?post=98826"},{"taxonomy":"product_tag","embeddable":true,"href":"https:\/\/xstyle.md\/ro\/wp-json\/wp\/v2\/product_tag?post=98826"}],"curies":[{"name":"wp","href":"https:\/\/api.w.org\/{rel}","templated":true}]}}