{"id":98789,"date":"2025-12-24T19:19:56","date_gmt":"2025-12-24T16:19:56","guid":{"rendered":"https:\/\/xstyle.md\/?post_type=product&#038;p=98789"},"modified":"2026-04-04T14:27:48","modified_gmt":"2026-04-04T11:27:48","slug":"zaryadnoe-ustrojstvo-gopro-dual-battery-charger-2-enduro-batteries-addbd-211-ve","status":"publish","type":"product","link":"https:\/\/xstyle.md\/ro\/produs\/zaryadnoe-ustrojstvo-gopro-dual-battery-charger-2-enduro-batteries-addbd-211-ve\/","title":{"rendered":"\u00cenc\u0103rc\u0103tor GoPro Dual Battery Charger + 2 Enduro Batteries (ADDBD-211-VE)"},"content":{"rendered":"<\/p>\n<p><strong>GoPro Dual Battery Charger + 2 Enduro Batteries (ADDBD-211-VE)<\/strong> &#8212; acest pachet include un \u00eenc\u0103rc\u0103tor dublu \u0219i dou\u0103 baterii de ultim\u0103 genera\u021bie Enduro. Bateriile Enduro sporesc considerabil durata de func\u021bionare a camerei \u0219i ofer\u0103 performan\u021be stabile la temperaturi extrem de sc\u0103zute (de exemplu, \u00een timpul schiului sau snowboarding-ului). \u00cenc\u0103rc\u0103torul dual permite alimentarea simultan\u0103 a dou\u0103 baterii, optimiz\u00e2nd procesul pentru a ob\u021bine celule complet \u00eenc\u0103rcate \u00een cel mai scurt timp posibil.<\/p>\n<h3>Particularit\u0103\u021bi<\/h3>\n<ul>\n<li>Baterii Enduro &#8212; baterii litiu-ion de 1720 mAh care m\u0103resc timpul de \u00eenregistrare cu p\u00e2n\u0103 la 40% (folosind set\u0103ri de \u00eenalt\u0103 rezolu\u021bie)<\/li>\n<li>Performan\u021b\u0103 la temperaturi sc\u0103zute &#8212; garanteaz\u0103 func\u021bionarea fiabil\u0103 a camerei la temperaturi de p\u00e2n\u0103 la -10\u00b0C<\/li>\n<li>\u00cenc\u0103rcare rapid\u0103 &#8212; \u00eenc\u0103rc\u0103torul prioritizeaz\u0103 bateria cu nivelul cel mai ridicat de energie pentru a v\u0103 permite s\u0103 reveni\u021bi rapid la filmare<\/li>\n<li>Indicatori LED &#8212; dou\u0103 lumini LED afi\u0219eaz\u0103 starea procesului de \u00eenc\u0103rcare pentru fiecare baterie \u00een parte<\/li>\n<li>Alimentare versatil\u0103 &#8212; se \u00eencarc\u0103 prin port USB (se recomand\u0103 utilizarea GoPro Supercharger pentru performan\u021be maxime)<\/li>\n<\/ul>\n<h3>Caracteristici<\/h3>\n<ul>\n<li>Compatibilitate &#8212; HERO12 Black, HERO11 Black, HERO10 Black, HERO9 Black<\/li>\n<li>Tip baterii &#8212; Enduro (2 buc\u0103\u021bi incluse)<\/li>\n<li>Capacitate &#8212; 1720 mAh<\/li>\n<li>Intrare &#8212; USB<\/li>\n<\/ul>\n<p><\/p>\n<h3>Marca<\/h3>\n<p>GoPro - este cel mai popular brand de camere de ac\u021biune din lume, care a revolu\u021bionat modul \u00een care oamenii \u00ee\u0219i surprind \u0219i \u00ee\u0219i partajeaz\u0103 aventurile. Dispozitivele brandului sunt apreciate pentru durabilitatea lor incredibil\u0103, compactitate \u0219i tehnologiile avansate de stabilizare video, permi\u021b\u00e2nd filmarea de con\u021binut profesional \u00een cele mai extreme condi\u021bii \u2014 de la scufund\u0103ri la mare ad\u00e2ncime p\u00e2n\u0103 la cobor\u00e2ri montane de mare vitez\u0103.<\/p>","protected":false},"excerpt":{"rendered":"<p>\u0411\u0440\u0435\u043d\u0434 GoPro \u2014 \u044d\u0442\u043e \u0441\u0430\u043c\u044b\u0439 \u043f\u043e\u043f\u0443\u043b\u044f\u0440\u043d\u044b\u0439 \u0432 \u043c\u0438\u0440\u0435 \u0431\u0440\u0435\u043d\u0434 \u044d\u043a\u0448\u043d-\u043a\u0430\u043c\u0435\u0440, \u043a\u043e\u0442\u043e\u0440\u044b\u0439 \u043f\u0440\u043e\u0438\u0437\u0432\u0435\u043b \u0440\u0435\u0432\u043e\u043b\u044e\u0446\u0438\u044e \u0432 \u0442\u043e\u043c, \u043a\u0430\u043a \u043b\u044e\u0434\u0438 \u0437\u0430\u043f\u0435\u0447\u0430\u0442\u043b\u0435\u0432\u0430\u044e\u0442 \u0441\u0432\u043e\u0438 \u043f\u0440\u0438\u043a\u043b\u044e\u0447\u0435\u043d\u0438\u044f \u0438 \u0434\u0435\u043b\u044f\u0442\u0441\u044f \u0438\u043c\u0438. \u0423\u0441\u0442\u0440\u043e\u0439\u0441\u0442\u0432\u0430 \u0431\u0440\u0435\u043d\u0434\u0430 \u0446\u0435\u043d\u044f\u0442\u0441\u044f \u0437\u0430 \u0438\u0445 \u043d\u0435\u0432\u0435\u0440\u043e\u044f\u0442\u043d\u0443\u044e \u043f\u0440\u043e\u0447\u043d\u043e\u0441\u0442\u044c, \u043a\u043e\u043c\u043f\u0430\u043a\u0442\u043d\u043e\u0441\u0442\u044c \u0438 \u043f\u0435\u0440\u0435\u0434\u043e\u0432\u044b\u0435 \u0442\u0435\u0445\u043d\u043e\u043b\u043e\u0433\u0438\u0438 \u0441\u0442\u0430\u0431\u0438\u043b\u0438\u0437\u0430\u0446\u0438\u0438 \u0432\u0438\u0434\u0435\u043e, \u043f\u043e\u0437\u0432\u043e\u043b\u044f\u044f \u0441\u043d\u0438\u043c\u0430\u0442\u044c \u043f\u0440\u043e\u0444\u0435\u0441\u0441\u0438\u043e\u043d\u0430\u043b\u044c\u043d\u044b\u0439 \u043a\u043e\u043d\u0442\u0435\u043d\u0442 \u0432 \u0441\u0430\u043c\u044b\u0445 \u044d\u043a\u0441\u0442\u0440\u0435\u043c\u0430\u043b\u044c\u043d\u044b\u0445 \u0443\u0441\u043b\u043e\u0432\u0438\u044f\u0445 \u2014 \u043e\u0442 \u0433\u043b\u0443\u0431\u043e\u043a\u043e\u0432\u043e\u0434\u043d\u044b\u0445 \u043f\u043e\u0433\u0440\u0443\u0436\u0435\u043d\u0438\u0439 \u0434\u043e \u0441\u043a\u043e\u0440\u043e\u0441\u0442\u043d\u044b\u0445 \u0441\u043f\u0443\u0441\u043a\u043e\u0432 \u0441 \u0433\u043e\u0440.<\/p>","protected":false},"featured_media":104776,"comment_status":"open","ping_status":"closed","template":"","meta":{"_acf_changed":false,"inline_featured_image":false},"product_brand":[1307],"product_cat":[879],"product_tag":[],"class_list":{"0":"post-98789","1":"product","2":"type-product","3":"status-publish","4":"has-post-thumbnail","6":"product_brand-gopro","7":"product_cat-accessories-camera","9":"first","10":"instock","11":"shipping-taxable","12":"purchasable","13":"product-type-simple"},"acf":[],"yoast_head":"<!-- This site is optimized with the Yoast SEO plugin v27.2 - https:\/\/yoast.com\/product\/yoast-seo-wordpress\/ -->\n<title>\u0417\u0430\u0440\u044f\u0434\u043d\u043e\u0435 \u0443\u0441\u0442\u0440\u043e\u0439\u0441\u0442\u0432\u043e GoPro Dual Battery Charger + 2 Enduro Batteries (ADDBD-211-VE) - \u041c\u0430\u0433\u0430\u0437\u0438\u043d Xstyle<\/title>\n<meta name=\"robots\" content=\"index, follow, max-snippet:-1, max-image-preview:large, max-video-preview:-1\" \/>\n<link rel=\"canonical\" href=\"https:\/\/xstyle.md\/ro\/produs\/zaryadnoe-ustrojstvo-gopro-dual-battery-charger-2-enduro-batteries-addbd-211-ve\/\" \/>\n<meta property=\"og:locale\" content=\"ro_RO\" \/>\n<meta property=\"og:type\" content=\"article\" \/>\n<meta property=\"og:title\" content=\"\u0417\u0430\u0440\u044f\u0434\u043d\u043e\u0435 \u0443\u0441\u0442\u0440\u043e\u0439\u0441\u0442\u0432\u043e GoPro Dual Battery Charger + 2 Enduro Batteries (ADDBD-211-VE) - \u041c\u0430\u0433\u0430\u0437\u0438\u043d Xstyle\" \/>\n<meta property=\"og:description\" content=\"\u0411\u0440\u0435\u043d\u0434 GoPro \u2014 \u044d\u0442\u043e \u0441\u0430\u043c\u044b\u0439 \u043f\u043e\u043f\u0443\u043b\u044f\u0440\u043d\u044b\u0439 \u0432 \u043c\u0438\u0440\u0435 \u0431\u0440\u0435\u043d\u0434 \u044d\u043a\u0448\u043d-\u043a\u0430\u043c\u0435\u0440, \u043a\u043e\u0442\u043e\u0440\u044b\u0439 \u043f\u0440\u043e\u0438\u0437\u0432\u0435\u043b \u0440\u0435\u0432\u043e\u043b\u044e\u0446\u0438\u044e \u0432 \u0442\u043e\u043c, \u043a\u0430\u043a \u043b\u044e\u0434\u0438 \u0437\u0430\u043f\u0435\u0447\u0430\u0442\u043b\u0435\u0432\u0430\u044e\u0442 \u0441\u0432\u043e\u0438 \u043f\u0440\u0438\u043a\u043b\u044e\u0447\u0435\u043d\u0438\u044f \u0438 \u0434\u0435\u043b\u044f\u0442\u0441\u044f \u0438\u043c\u0438. \u0423\u0441\u0442\u0440\u043e\u0439\u0441\u0442\u0432\u0430 \u0431\u0440\u0435\u043d\u0434\u0430 \u0446\u0435\u043d\u044f\u0442\u0441\u044f \u0437\u0430 \u0438\u0445 \u043d\u0435\u0432\u0435\u0440\u043e\u044f\u0442\u043d\u0443\u044e \u043f\u0440\u043e\u0447\u043d\u043e\u0441\u0442\u044c, \u043a\u043e\u043c\u043f\u0430\u043a\u0442\u043d\u043e\u0441\u0442\u044c \u0438 \u043f\u0435\u0440\u0435\u0434\u043e\u0432\u044b\u0435 \u0442\u0435\u0445\u043d\u043e\u043b\u043e\u0433\u0438\u0438 \u0441\u0442\u0430\u0431\u0438\u043b\u0438\u0437\u0430\u0446\u0438\u0438 \u0432\u0438\u0434\u0435\u043e, \u043f\u043e\u0437\u0432\u043e\u043b\u044f\u044f \u0441\u043d\u0438\u043c\u0430\u0442\u044c \u043f\u0440\u043e\u0444\u0435\u0441\u0441\u0438\u043e\u043d\u0430\u043b\u044c\u043d\u044b\u0439 \u043a\u043e\u043d\u0442\u0435\u043d\u0442 \u0432 \u0441\u0430\u043c\u044b\u0445 \u044d\u043a\u0441\u0442\u0440\u0435\u043c\u0430\u043b\u044c\u043d\u044b\u0445 \u0443\u0441\u043b\u043e\u0432\u0438\u044f\u0445 \u2014 \u043e\u0442 \u0433\u043b\u0443\u0431\u043e\u043a\u043e\u0432\u043e\u0434\u043d\u044b\u0445 \u043f\u043e\u0433\u0440\u0443\u0436\u0435\u043d\u0438\u0439 \u0434\u043e \u0441\u043a\u043e\u0440\u043e\u0441\u0442\u043d\u044b\u0445 \u0441\u043f\u0443\u0441\u043a\u043e\u0432 \u0441 \u0433\u043e\u0440.\" \/>\n<meta property=\"og:url\" content=\"https:\/\/xstyle.md\/ro\/produs\/zaryadnoe-ustrojstvo-gopro-dual-battery-charger-2-enduro-batteries-addbd-211-ve\/\" \/>\n<meta property=\"og:site_name\" content=\"\u041c\u0430\u0433\u0430\u0437\u0438\u043d Xstyle\" \/>\n<meta property=\"article:publisher\" content=\"https:\/\/www.facebook.com\/xstylemd\" \/>\n<meta property=\"article:modified_time\" content=\"2026-04-04T11:27:48+00:00\" \/>\n<meta property=\"og:image\" content=\"https:\/\/xstyle.md\/wp-content\/uploads\/2025\/12\/gopro-dual-battery-charger-2-enduro-batteries-addbd-211-ve.webp\" \/>\n\t<meta property=\"og:image:width\" content=\"1200\" \/>\n\t<meta property=\"og:image:height\" content=\"1200\" \/>\n\t<meta property=\"og:image:type\" content=\"image\/webp\" \/>\n<meta name=\"twitter:card\" content=\"summary_large_image\" \/>\n<meta name=\"twitter:label1\" content=\"Pre\u021b\" \/>\n\t<meta name=\"twitter:data1\" content=\"2.100&nbsp;MDL\" \/>\n\t<meta name=\"twitter:label2\" content=\"Disponibilitate\" \/>\n\t<meta name=\"twitter:data2\" content=\"\u00cen stoc\" \/>\n<script type=\"application\/ld+json\" class=\"yoast-schema-graph\">{\"@context\":\"https:\/\/schema.org\",\"@graph\":[{\"@type\":\"WebPage\",\"@id\":\"https:\/\/xstyle.md\/product\/zaryadnoe-ustrojstvo-gopro-dual-battery-charger-2-enduro-batteries-addbd-211-ve\/\",\"url\":\"https:\/\/xstyle.md\/product\/zaryadnoe-ustrojstvo-gopro-dual-battery-charger-2-enduro-batteries-addbd-211-ve\/\",\"name\":\"\u0417\u0430\u0440\u044f\u0434\u043d\u043e\u0435 \u0443\u0441\u0442\u0440\u043e\u0439\u0441\u0442\u0432\u043e GoPro Dual Battery Charger + 2 Enduro Batteries (ADDBD-211-VE) - \u041c\u0430\u0433\u0430\u0437\u0438\u043d Xstyle\",\"isPartOf\":{\"@id\":\"https:\/\/xstyle.md\/#website\"},\"primaryImageOfPage\":{\"@id\":\"https:\/\/xstyle.md\/product\/zaryadnoe-ustrojstvo-gopro-dual-battery-charger-2-enduro-batteries-addbd-211-ve\/#primaryimage\"},\"image\":{\"@id\":\"https:\/\/xstyle.md\/product\/zaryadnoe-ustrojstvo-gopro-dual-battery-charger-2-enduro-batteries-addbd-211-ve\/#primaryimage\"},\"thumbnailUrl\":\"https:\/\/xstyle.md\/wp-content\/uploads\/2025\/12\/gopro-dual-battery-charger-2-enduro-batteries-addbd-211-ve.webp\",\"datePublished\":\"2025-12-24T16:19:56+00:00\",\"dateModified\":\"2026-04-04T11:27:48+00:00\",\"breadcrumb\":{\"@id\":\"https:\/\/xstyle.md\/product\/zaryadnoe-ustrojstvo-gopro-dual-battery-charger-2-enduro-batteries-addbd-211-ve\/#breadcrumb\"},\"inLanguage\":\"ro-RO\",\"potentialAction\":[{\"@type\":\"ReadAction\",\"target\":[\"https:\/\/xstyle.md\/product\/zaryadnoe-ustrojstvo-gopro-dual-battery-charger-2-enduro-batteries-addbd-211-ve\/\"]}]},{\"@type\":\"ImageObject\",\"inLanguage\":\"ro-RO\",\"@id\":\"https:\/\/xstyle.md\/product\/zaryadnoe-ustrojstvo-gopro-dual-battery-charger-2-enduro-batteries-addbd-211-ve\/#primaryimage\",\"url\":\"https:\/\/xstyle.md\/wp-content\/uploads\/2025\/12\/gopro-dual-battery-charger-2-enduro-batteries-addbd-211-ve.webp\",\"contentUrl\":\"https:\/\/xstyle.md\/wp-content\/uploads\/2025\/12\/gopro-dual-battery-charger-2-enduro-batteries-addbd-211-ve.webp\",\"width\":1200,\"height\":1200},{\"@type\":\"BreadcrumbList\",\"@id\":\"https:\/\/xstyle.md\/product\/zaryadnoe-ustrojstvo-gopro-dual-battery-charger-2-enduro-batteries-addbd-211-ve\/#breadcrumb\",\"itemListElement\":[{\"@type\":\"ListItem\",\"position\":1,\"name\":\"\u0413\u043b\u0430\u0432\u043d\u0430\u044f \u0441\u0442\u0440\u0430\u043d\u0438\u0446\u0430\",\"item\":\"https:\/\/xstyle.md\/\"},{\"@type\":\"ListItem\",\"position\":2,\"name\":\"\u041c\u0430\u0433\u0430\u0437\u0438\u043d\",\"item\":\"https:\/\/xstyle.md\/shop\/\"},{\"@type\":\"ListItem\",\"position\":3,\"name\":\"\u0417\u0430\u0440\u044f\u0434\u043d\u043e\u0435 \u0443\u0441\u0442\u0440\u043e\u0439\u0441\u0442\u0432\u043e GoPro Dual Battery Charger + 2 Enduro Batteries (ADDBD-211-VE)\"}]},{\"@type\":\"WebSite\",\"@id\":\"https:\/\/xstyle.md\/#website\",\"url\":\"https:\/\/xstyle.md\/\",\"name\":\"\u041c\u0430\u0433\u0430\u0437\u0438\u043d Xstyle\",\"description\":\"C\u043d\u0430\u0440\u044f\u0436\u0435\u043d\u0438\u0435 \u0434\u043b\u044f \u0442\u0443\u0440\u0438\u0437\u043c\u0430 \u0438 \u044d\u043a\u0441\u0442\u0440\u0435\u043c\u0430\u043b\u044c\u043d\u044b\u0445 \u0432\u0438\u0434\u043e\u0432 \u0441\u043f\u043e\u0440\u0442\u0430 \u0432 \u041c\u043e\u043b\u0434\u043e\u0432\u0435.. \u0426\u0435\u043d\u044b, \u0444\u043e\u0442\u043e, \u0445\u0430\u0440\u0430\u043a\u0442\u0435\u0440\u0438\u0441\u0442\u0438\u043a\u0438 \u0432 \u041c\u043e\u043b\u0434\u043e\u0432\u0435.\",\"publisher\":{\"@id\":\"https:\/\/xstyle.md\/#organization\"},\"alternateName\":\"X-Style\",\"potentialAction\":[{\"@type\":\"SearchAction\",\"target\":{\"@type\":\"EntryPoint\",\"urlTemplate\":\"https:\/\/xstyle.md\/?s={search_term_string}\"},\"query-input\":{\"@type\":\"PropertyValueSpecification\",\"valueRequired\":true,\"valueName\":\"search_term_string\"}}],\"inLanguage\":\"ro-RO\"},{\"@type\":\"Organization\",\"@id\":\"https:\/\/xstyle.md\/#organization\",\"name\":\"\u041c\u0430\u0433\u0430\u0437\u0438\u043d Xstyle\",\"alternateName\":\"x-style\",\"url\":\"https:\/\/xstyle.md\/\",\"logo\":{\"@type\":\"ImageObject\",\"inLanguage\":\"ro-RO\",\"@id\":\"https:\/\/xstyle.md\/#\/schema\/logo\/image\/\",\"url\":\"https:\/\/xstyle.md\/wp-content\/uploads\/2020\/06\/logoicon.svg\",\"contentUrl\":\"https:\/\/xstyle.md\/wp-content\/uploads\/2020\/06\/logoicon.svg\",\"caption\":\"\u041c\u0430\u0433\u0430\u0437\u0438\u043d Xstyle\"},\"image\":{\"@id\":\"https:\/\/xstyle.md\/#\/schema\/logo\/image\/\"},\"sameAs\":[\"https:\/\/www.facebook.com\/xstylemd\",\"https:\/\/www.instagram.com\/xstyle_md\/\",\"https:\/\/t.me\/xstyle_outdoor\"],\"hasMerchantReturnPolicy\":{\"@type\":\"MerchantReturnPolicy\",\"merchantReturnLink\":\"https:\/\/xstyle.md\/ro\/conditions\/\"}}]}<\/script>\n<meta property=\"product:price:amount\" content=\"2100.00\" \/>\n<meta property=\"product:price:currency\" content=\"MDL\" \/>\n<meta property=\"og:availability\" content=\"instock\" \/>\n<meta property=\"product:availability\" content=\"instock\" \/>\n<meta property=\"product:retailer_item_id\" content=\"810116382361\" \/>\n<meta property=\"product:condition\" content=\"new\" \/>\n<!-- \/ Yoast SEO plugin. -->","yoast_head_json":{"title":"\u0417\u0430\u0440\u044f\u0434\u043d\u043e\u0435 \u0443\u0441\u0442\u0440\u043e\u0439\u0441\u0442\u0432\u043e GoPro Dual Battery Charger + 2 Enduro Batteries (ADDBD-211-VE) - \u041c\u0430\u0433\u0430\u0437\u0438\u043d Xstyle","robots":{"index":"index","follow":"follow","max-snippet":"max-snippet:-1","max-image-preview":"max-image-preview:large","max-video-preview":"max-video-preview:-1"},"canonical":"https:\/\/xstyle.md\/ro\/produs\/zaryadnoe-ustrojstvo-gopro-dual-battery-charger-2-enduro-batteries-addbd-211-ve\/","og_locale":"ro_RO","og_type":"article","og_title":"\u0417\u0430\u0440\u044f\u0434\u043d\u043e\u0435 \u0443\u0441\u0442\u0440\u043e\u0439\u0441\u0442\u0432\u043e GoPro Dual Battery Charger + 2 Enduro Batteries (ADDBD-211-VE) - \u041c\u0430\u0433\u0430\u0437\u0438\u043d Xstyle","og_description":"\u0411\u0440\u0435\u043d\u0434 GoPro \u2014 \u044d\u0442\u043e \u0441\u0430\u043c\u044b\u0439 \u043f\u043e\u043f\u0443\u043b\u044f\u0440\u043d\u044b\u0439 \u0432 \u043c\u0438\u0440\u0435 \u0431\u0440\u0435\u043d\u0434 \u044d\u043a\u0448\u043d-\u043a\u0430\u043c\u0435\u0440, \u043a\u043e\u0442\u043e\u0440\u044b\u0439 \u043f\u0440\u043e\u0438\u0437\u0432\u0435\u043b \u0440\u0435\u0432\u043e\u043b\u044e\u0446\u0438\u044e \u0432 \u0442\u043e\u043c, \u043a\u0430\u043a \u043b\u044e\u0434\u0438 \u0437\u0430\u043f\u0435\u0447\u0430\u0442\u043b\u0435\u0432\u0430\u044e\u0442 \u0441\u0432\u043e\u0438 \u043f\u0440\u0438\u043a\u043b\u044e\u0447\u0435\u043d\u0438\u044f \u0438 \u0434\u0435\u043b\u044f\u0442\u0441\u044f \u0438\u043c\u0438. \u0423\u0441\u0442\u0440\u043e\u0439\u0441\u0442\u0432\u0430 \u0431\u0440\u0435\u043d\u0434\u0430 \u0446\u0435\u043d\u044f\u0442\u0441\u044f \u0437\u0430 \u0438\u0445 \u043d\u0435\u0432\u0435\u0440\u043e\u044f\u0442\u043d\u0443\u044e \u043f\u0440\u043e\u0447\u043d\u043e\u0441\u0442\u044c, \u043a\u043e\u043c\u043f\u0430\u043a\u0442\u043d\u043e\u0441\u0442\u044c \u0438 \u043f\u0435\u0440\u0435\u0434\u043e\u0432\u044b\u0435 \u0442\u0435\u0445\u043d\u043e\u043b\u043e\u0433\u0438\u0438 \u0441\u0442\u0430\u0431\u0438\u043b\u0438\u0437\u0430\u0446\u0438\u0438 \u0432\u0438\u0434\u0435\u043e, \u043f\u043e\u0437\u0432\u043e\u043b\u044f\u044f \u0441\u043d\u0438\u043c\u0430\u0442\u044c \u043f\u0440\u043e\u0444\u0435\u0441\u0441\u0438\u043e\u043d\u0430\u043b\u044c\u043d\u044b\u0439 \u043a\u043e\u043d\u0442\u0435\u043d\u0442 \u0432 \u0441\u0430\u043c\u044b\u0445 \u044d\u043a\u0441\u0442\u0440\u0435\u043c\u0430\u043b\u044c\u043d\u044b\u0445 \u0443\u0441\u043b\u043e\u0432\u0438\u044f\u0445 \u2014 \u043e\u0442 \u0433\u043b\u0443\u0431\u043e\u043a\u043e\u0432\u043e\u0434\u043d\u044b\u0445 \u043f\u043e\u0433\u0440\u0443\u0436\u0435\u043d\u0438\u0439 \u0434\u043e \u0441\u043a\u043e\u0440\u043e\u0441\u0442\u043d\u044b\u0445 \u0441\u043f\u0443\u0441\u043a\u043e\u0432 \u0441 \u0433\u043e\u0440.","og_url":"https:\/\/xstyle.md\/ro\/produs\/zaryadnoe-ustrojstvo-gopro-dual-battery-charger-2-enduro-batteries-addbd-211-ve\/","og_site_name":"\u041c\u0430\u0433\u0430\u0437\u0438\u043d Xstyle","article_publisher":"https:\/\/www.facebook.com\/xstylemd","article_modified_time":"2026-04-04T11:27:48+00:00","og_image":[{"width":1200,"height":1200,"url":"https:\/\/xstyle.md\/wp-content\/uploads\/2025\/12\/gopro-dual-battery-charger-2-enduro-batteries-addbd-211-ve.webp","type":"image\/webp"}],"twitter_card":"summary_large_image","twitter_misc":{"Pre\u021b":"2.100&nbsp;MDL","Disponibilitate":"\u00cen stoc"},"schema":{"@context":"https:\/\/schema.org","@graph":[{"@type":"WebPage","@id":"https:\/\/xstyle.md\/product\/zaryadnoe-ustrojstvo-gopro-dual-battery-charger-2-enduro-batteries-addbd-211-ve\/","url":"https:\/\/xstyle.md\/product\/zaryadnoe-ustrojstvo-gopro-dual-battery-charger-2-enduro-batteries-addbd-211-ve\/","name":"\u0417\u0430\u0440\u044f\u0434\u043d\u043e\u0435 \u0443\u0441\u0442\u0440\u043e\u0439\u0441\u0442\u0432\u043e GoPro Dual Battery Charger + 2 Enduro Batteries (ADDBD-211-VE) - \u041c\u0430\u0433\u0430\u0437\u0438\u043d Xstyle","isPartOf":{"@id":"https:\/\/xstyle.md\/#website"},"primaryImageOfPage":{"@id":"https:\/\/xstyle.md\/product\/zaryadnoe-ustrojstvo-gopro-dual-battery-charger-2-enduro-batteries-addbd-211-ve\/#primaryimage"},"image":{"@id":"https:\/\/xstyle.md\/product\/zaryadnoe-ustrojstvo-gopro-dual-battery-charger-2-enduro-batteries-addbd-211-ve\/#primaryimage"},"thumbnailUrl":"https:\/\/xstyle.md\/wp-content\/uploads\/2025\/12\/gopro-dual-battery-charger-2-enduro-batteries-addbd-211-ve.webp","datePublished":"2025-12-24T16:19:56+00:00","dateModified":"2026-04-04T11:27:48+00:00","breadcrumb":{"@id":"https:\/\/xstyle.md\/product\/zaryadnoe-ustrojstvo-gopro-dual-battery-charger-2-enduro-batteries-addbd-211-ve\/#breadcrumb"},"inLanguage":"ro-RO","potentialAction":[{"@type":"ReadAction","target":["https:\/\/xstyle.md\/product\/zaryadnoe-ustrojstvo-gopro-dual-battery-charger-2-enduro-batteries-addbd-211-ve\/"]}]},{"@type":"ImageObject","inLanguage":"ro-RO","@id":"https:\/\/xstyle.md\/product\/zaryadnoe-ustrojstvo-gopro-dual-battery-charger-2-enduro-batteries-addbd-211-ve\/#primaryimage","url":"https:\/\/xstyle.md\/wp-content\/uploads\/2025\/12\/gopro-dual-battery-charger-2-enduro-batteries-addbd-211-ve.webp","contentUrl":"https:\/\/xstyle.md\/wp-content\/uploads\/2025\/12\/gopro-dual-battery-charger-2-enduro-batteries-addbd-211-ve.webp","width":1200,"height":1200},{"@type":"BreadcrumbList","@id":"https:\/\/xstyle.md\/product\/zaryadnoe-ustrojstvo-gopro-dual-battery-charger-2-enduro-batteries-addbd-211-ve\/#breadcrumb","itemListElement":[{"@type":"ListItem","position":1,"name":"\u0413\u043b\u0430\u0432\u043d\u0430\u044f \u0441\u0442\u0440\u0430\u043d\u0438\u0446\u0430","item":"https:\/\/xstyle.md\/"},{"@type":"ListItem","position":2,"name":"\u041c\u0430\u0433\u0430\u0437\u0438\u043d","item":"https:\/\/xstyle.md\/shop\/"},{"@type":"ListItem","position":3,"name":"\u0417\u0430\u0440\u044f\u0434\u043d\u043e\u0435 \u0443\u0441\u0442\u0440\u043e\u0439\u0441\u0442\u0432\u043e GoPro Dual Battery Charger + 2 Enduro Batteries (ADDBD-211-VE)"}]},{"@type":"WebSite","@id":"https:\/\/xstyle.md\/#website","url":"https:\/\/xstyle.md\/","name":"Magazinul X-Style","description":"Echipamente pentru turism \u0219i sporturi extreme \u00een Moldova. Pre\u021buri, fotografii, caracteristici \u00een Moldova.","publisher":{"@id":"https:\/\/xstyle.md\/#organization"},"alternateName":"X-Style","potentialAction":[{"@type":"SearchAction","target":{"@type":"EntryPoint","urlTemplate":"https:\/\/xstyle.md\/?s={search_term_string}"},"query-input":{"@type":"PropertyValueSpecification","valueRequired":true,"valueName":"search_term_string"}}],"inLanguage":"ro-RO"},{"@type":"Organization","@id":"https:\/\/xstyle.md\/#organization","name":"Magazinul X-Style","alternateName":"x-style","url":"https:\/\/xstyle.md\/","logo":{"@type":"ImageObject","inLanguage":"ro-RO","@id":"https:\/\/xstyle.md\/#\/schema\/logo\/image\/","url":"https:\/\/xstyle.md\/wp-content\/uploads\/2020\/06\/logoicon.svg","contentUrl":"https:\/\/xstyle.md\/wp-content\/uploads\/2020\/06\/logoicon.svg","caption":"\u041c\u0430\u0433\u0430\u0437\u0438\u043d Xstyle"},"image":{"@id":"https:\/\/xstyle.md\/#\/schema\/logo\/image\/"},"sameAs":["https:\/\/www.facebook.com\/xstylemd","https:\/\/www.instagram.com\/xstyle_md\/","https:\/\/t.me\/xstyle_outdoor"],"hasMerchantReturnPolicy":{"@type":"MerchantReturnPolicy","merchantReturnLink":"https:\/\/xstyle.md\/ro\/conditions\/"}}]},"product_price_amount":"2100.00","product_price_currency":"MDL","og_availability":"instock","product_availability":"instock","product_retailer_item_id":"810116382361","product_condition":"new"},"post_mailing_queue_ids":[],"_links":{"self":[{"href":"https:\/\/xstyle.md\/ro\/wp-json\/wp\/v2\/product\/98789","targetHints":{"allow":["GET"]}}],"collection":[{"href":"https:\/\/xstyle.md\/ro\/wp-json\/wp\/v2\/product"}],"about":[{"href":"https:\/\/xstyle.md\/ro\/wp-json\/wp\/v2\/types\/product"}],"replies":[{"embeddable":true,"href":"https:\/\/xstyle.md\/ro\/wp-json\/wp\/v2\/comments?post=98789"}],"wp:featuredmedia":[{"embeddable":true,"href":"https:\/\/xstyle.md\/ro\/wp-json\/wp\/v2\/media\/104776"}],"wp:attachment":[{"href":"https:\/\/xstyle.md\/ro\/wp-json\/wp\/v2\/media?parent=98789"}],"wp:term":[{"taxonomy":"product_brand","embeddable":true,"href":"https:\/\/xstyle.md\/ro\/wp-json\/wp\/v2\/product_brand?post=98789"},{"taxonomy":"product_cat","embeddable":true,"href":"https:\/\/xstyle.md\/ro\/wp-json\/wp\/v2\/product_cat?post=98789"},{"taxonomy":"product_tag","embeddable":true,"href":"https:\/\/xstyle.md\/ro\/wp-json\/wp\/v2\/product_tag?post=98789"}],"curies":[{"name":"wp","href":"https:\/\/api.w.org\/{rel}","templated":true}]}}