{"id":98788,"date":"2025-12-24T19:19:56","date_gmt":"2025-12-24T16:19:56","guid":{"rendered":"https:\/\/xstyle.md\/?post_type=product&#038;p=98788"},"modified":"2026-02-21T11:01:52","modified_gmt":"2026-02-21T08:01:52","slug":"ekshn-kamera-gopro-h13b-ultra-wide-edition-chdrb-133-rw","status":"publish","type":"product","link":"https:\/\/xstyle.md\/ro\/produs\/ekshn-kamera-gopro-h13b-ultra-wide-edition-chdrb-133-rw\/","title":{"rendered":"Camer\u0103 GoPro H13B Ultra Wide Edition (CHDRB-133-RW)"},"content":{"rendered":"<p><\/p>\n<p><strong>Camer\u0103 GoPro H13B Ultra Wide Edition (CHDRB-133-RW)<\/strong> &#8212; reprezint\u0103 un nou nivel pentru creatorii de con\u021binut, dotat cu tehnologii inovatoare, astfel \u00eenc\u00e2t s\u0103 pute\u021bi surprinde cadre spectaculoase \u00een cele mai dificile condi\u021bii \u2013 \u00een mi\u0219care, noaptea, la temperaturi sc\u0103zute \u0219i chiar sub ap\u0103. GoPro HERO13 Black ofer\u0103 cea mai performant\u0103 stabilizare din industrie, posibilit\u0103\u021bi extinse pentru creativitate, o claritate a imaginii f\u0103r\u0103 precedent, numeroase func\u021bii atractive \u0219i inova\u021bii valoroase.<\/p>\n<p><strong>Obiective seria HB cu detectare automat\u0103:<\/strong><\/p>\n<ul>\n<li>Modul lentil\u0103 Macro<\/li>\n<li>Modul lentil\u0103 Ultra Wide<\/li>\n<li>Set 4 filtre ND Smart Motion Blur<\/li>\n<li>Modul lentil\u0103 Anamorphic<\/li>\n<\/ul>\n<h3>Particularit\u0103\u021bi<\/h3>\n<ul>\n<li>Acumulatori de nou\u0103 genera\u021bie<\/li>\n<li>Capac magnetic cu port de \u00eenc\u0103rcare \u0219i cablu de alimentare<\/li>\n<li>Suport magnetic pentru op\u021biuni de montare extinse<\/li>\n<li>Video profesional 5.3K<\/li>\n<\/ul>\n<h3>Caracteristici<\/h3>\n<ul>\n<li>Rezolu\u021bie Video &#8212; 5.3K (p\u00e2n\u0103 la 60 fps), 4K (p\u00e2n\u0103 la 120 fps), 2.7K (240 fps)<\/li>\n<li>Stabilizare &#8212; HyperSmooth 6.0 cu Blocarea Orizontului la 360\u00b0<\/li>\n<li>Senzor &#8212; CMOS 1\/1.9&#8243;, 27.6 MP<\/li>\n<li>Foto &#8212; 27.13 MP, format RAW, SuperPhoto, HDR<\/li>\n<li>Rezisten\u021b\u0103 &#8212; impermeabil\u0103 p\u00e2n\u0103 la 10m<\/li>\n<li>Conectivitate &#8212; Wi-Fi 6, Bluetooth 5.3, GPS<\/li>\n<li>Baterie &#8212; Enduro 1900mAh (deta\u0219abil\u0103)<\/li>\n<\/ul>\n<p><\/p>\n<h3>Marca<\/h3>\n<p>GoPro - este liderul mondial \u00een produc\u021bia de camere de ac\u021biune, devenind sinonim cu aventura \u0219i stilul de via\u021b\u0103 activ. Brandul a revolu\u021bionat lumea film\u0103rii video prin crearea unor camere compacte, rezistente la \u0219ocuri \u0219i ap\u0103, care permit surprinderea momentelor spectaculoase din prima persoan\u0103 la cea mai \u00eenalt\u0103 calitate. Datorit\u0103 stabiliz\u0103rii incredibile HyperSmooth \u0219i a gamei vaste de accesorii de fixare, GoPro este alegerea preferat\u0103 at\u00e2t a sportivilor extremi, c\u00e2t \u0219i a c\u0103l\u0103torilor obi\u0219nui\u021bi pentru crearea de con\u021binut dinamic.<\/p>","protected":false},"excerpt":{"rendered":"<p>\u0411\u0440\u0435\u043d\u0434 GoPro \u2014 \u044d\u0442\u043e \u043c\u0438\u0440\u043e\u0432\u043e\u0439 \u043b\u0438\u0434\u0435\u0440 \u0432 \u043f\u0440\u043e\u0438\u0437\u0432\u043e\u0434\u0441\u0442\u0432\u0435 \u044d\u043a\u0448\u043d-\u043a\u0430\u043c\u0435\u0440, \u0441\u0442\u0430\u0432\u0448\u0438\u0439 \u0441\u0438\u043d\u043e\u043d\u0438\u043c\u043e\u043c \u043f\u0440\u0438\u043a\u043b\u044e\u0447\u0435\u043d\u0438\u0439 \u0438 \u0430\u043a\u0442\u0438\u0432\u043d\u043e\u0433\u043e \u043e\u0431\u0440\u0430\u0437\u0430 \u0436\u0438\u0437\u043d\u0438. \u0411\u0440\u0435\u043d\u0434 \u043f\u0440\u043e\u0438\u0437\u0432\u0435\u043b \u0440\u0435\u0432\u043e\u043b\u044e\u0446\u0438\u044e \u0432 \u043c\u0438\u0440\u0435 \u0432\u0438\u0434\u0435\u043e\u0441\u044a\u0435\u043c\u043a\u0438, \u0441\u043e\u0437\u0434\u0430\u0432 \u043a\u043e\u043c\u043f\u0430\u043a\u0442\u043d\u044b\u0435, \u0443\u0434\u0430\u0440\u043e\u043f\u0440\u043e\u0447\u043d\u044b\u0435 \u0438 \u0432\u043e\u0434\u043e\u043d\u0435\u043f\u0440\u043e\u043d\u0438\u0446\u0430\u0435\u043c\u044b\u0435 \u043a\u0430\u043c\u0435\u0440\u044b, \u043a\u043e\u0442\u043e\u0440\u044b\u0435 \u043f\u043e\u0437\u0432\u043e\u043b\u044f\u044e\u0442 \u0437\u0430\u043f\u0435\u0447\u0430\u0442\u043b\u0435\u0442\u044c \u0437\u0430\u0445\u0432\u0430\u0442\u044b\u0432\u0430\u044e\u0449\u0438\u0435 \u043c\u043e\u043c\u0435\u043d\u0442\u044b \u043e\u0442 \u043f\u0435\u0440\u0432\u043e\u0433\u043e \u043b\u0438\u0446\u0430 \u0432 \u0441\u0430\u043c\u043e\u043c \u0432\u044b\u0441\u043e\u043a\u043e\u043c \u043a\u0430\u0447\u0435\u0441\u0442\u0432\u0435. \u0411\u043b\u0430\u0433\u043e\u0434\u0430\u0440\u044f \u043d\u0435\u0432\u0435\u0440\u043e\u044f\u0442\u043d\u043e\u0439 \u0441\u0442\u0430\u0431\u0438\u043b\u0438\u0437\u0430\u0446\u0438\u0438 HyperSmooth \u0438 \u043e\u0433\u0440\u043e\u043c\u043d\u043e\u043c\u0443 \u0432\u044b\u0431\u043e\u0440\u0443 \u043a\u0440\u0435\u043f\u043b\u0435\u043d\u0438\u0439, GoPro \u0432\u044b\u0431\u0438\u0440\u0430\u044e\u0442 \u043a\u0430\u043a \u043f\u0440\u043e\u0444\u0435\u0441\u0441\u0438\u043e\u043d\u0430\u043b\u044c\u043d\u044b\u0435 \u044d\u043a\u0441\u0442\u0440\u0435\u043c\u0430\u043b\u044b, \u0442\u0430\u043a \u0438 [&hellip;]<\/p>\n","protected":false},"featured_media":101891,"comment_status":"open","ping_status":"closed","template":"","meta":{"_acf_changed":false,"inline_featured_image":false},"product_brand":[1307],"product_cat":[913],"product_tag":[],"class_list":{"0":"post-98788","1":"product","2":"type-product","3":"status-publish","4":"has-post-thumbnail","6":"product_brand-gopro","7":"product_cat-camera","9":"first","10":"instock","11":"shipping-taxable","12":"purchasable","13":"product-type-simple"},"acf":[],"yoast_head":"<!-- This site is optimized with the Yoast SEO plugin v27.4 - https:\/\/yoast.com\/product\/yoast-seo-wordpress\/ -->\n<title>\u042d\u043a\u0448\u043d-\u043a\u0430\u043c\u0435\u0440\u0430 GoPro H13B Ultra Wide Edition (CHDRB-133-RW) - \u041c\u0430\u0433\u0430\u0437\u0438\u043d Xstyle<\/title>\n<meta name=\"robots\" content=\"index, follow, max-snippet:-1, max-image-preview:large, max-video-preview:-1\" \/>\n<link rel=\"canonical\" href=\"https:\/\/xstyle.md\/ro\/produs\/ekshn-kamera-gopro-h13b-ultra-wide-edition-chdrb-133-rw\/\" \/>\n<meta property=\"og:locale\" content=\"ro_RO\" \/>\n<meta property=\"og:type\" content=\"article\" \/>\n<meta property=\"og:title\" content=\"\u042d\u043a\u0448\u043d-\u043a\u0430\u043c\u0435\u0440\u0430 GoPro H13B Ultra Wide Edition (CHDRB-133-RW) - \u041c\u0430\u0433\u0430\u0437\u0438\u043d Xstyle\" \/>\n<meta property=\"og:description\" content=\"\u0411\u0440\u0435\u043d\u0434 GoPro \u2014 \u044d\u0442\u043e \u043c\u0438\u0440\u043e\u0432\u043e\u0439 \u043b\u0438\u0434\u0435\u0440 \u0432 \u043f\u0440\u043e\u0438\u0437\u0432\u043e\u0434\u0441\u0442\u0432\u0435 \u044d\u043a\u0448\u043d-\u043a\u0430\u043c\u0435\u0440, \u0441\u0442\u0430\u0432\u0448\u0438\u0439 \u0441\u0438\u043d\u043e\u043d\u0438\u043c\u043e\u043c \u043f\u0440\u0438\u043a\u043b\u044e\u0447\u0435\u043d\u0438\u0439 \u0438 \u0430\u043a\u0442\u0438\u0432\u043d\u043e\u0433\u043e \u043e\u0431\u0440\u0430\u0437\u0430 \u0436\u0438\u0437\u043d\u0438. \u0411\u0440\u0435\u043d\u0434 \u043f\u0440\u043e\u0438\u0437\u0432\u0435\u043b \u0440\u0435\u0432\u043e\u043b\u044e\u0446\u0438\u044e \u0432 \u043c\u0438\u0440\u0435 \u0432\u0438\u0434\u0435\u043e\u0441\u044a\u0435\u043c\u043a\u0438, \u0441\u043e\u0437\u0434\u0430\u0432 \u043a\u043e\u043c\u043f\u0430\u043a\u0442\u043d\u044b\u0435, \u0443\u0434\u0430\u0440\u043e\u043f\u0440\u043e\u0447\u043d\u044b\u0435 \u0438 \u0432\u043e\u0434\u043e\u043d\u0435\u043f\u0440\u043e\u043d\u0438\u0446\u0430\u0435\u043c\u044b\u0435 \u043a\u0430\u043c\u0435\u0440\u044b, \u043a\u043e\u0442\u043e\u0440\u044b\u0435 \u043f\u043e\u0437\u0432\u043e\u043b\u044f\u044e\u0442 \u0437\u0430\u043f\u0435\u0447\u0430\u0442\u043b\u0435\u0442\u044c \u0437\u0430\u0445\u0432\u0430\u0442\u044b\u0432\u0430\u044e\u0449\u0438\u0435 \u043c\u043e\u043c\u0435\u043d\u0442\u044b \u043e\u0442 \u043f\u0435\u0440\u0432\u043e\u0433\u043e \u043b\u0438\u0446\u0430 \u0432 \u0441\u0430\u043c\u043e\u043c \u0432\u044b\u0441\u043e\u043a\u043e\u043c \u043a\u0430\u0447\u0435\u0441\u0442\u0432\u0435. \u0411\u043b\u0430\u0433\u043e\u0434\u0430\u0440\u044f \u043d\u0435\u0432\u0435\u0440\u043e\u044f\u0442\u043d\u043e\u0439 \u0441\u0442\u0430\u0431\u0438\u043b\u0438\u0437\u0430\u0446\u0438\u0438 HyperSmooth \u0438 \u043e\u0433\u0440\u043e\u043c\u043d\u043e\u043c\u0443 \u0432\u044b\u0431\u043e\u0440\u0443 \u043a\u0440\u0435\u043f\u043b\u0435\u043d\u0438\u0439, GoPro \u0432\u044b\u0431\u0438\u0440\u0430\u044e\u0442 \u043a\u0430\u043a \u043f\u0440\u043e\u0444\u0435\u0441\u0441\u0438\u043e\u043d\u0430\u043b\u044c\u043d\u044b\u0435 \u044d\u043a\u0441\u0442\u0440\u0435\u043c\u0430\u043b\u044b, \u0442\u0430\u043a \u0438 [&hellip;]\" \/>\n<meta property=\"og:url\" content=\"https:\/\/xstyle.md\/ro\/produs\/ekshn-kamera-gopro-h13b-ultra-wide-edition-chdrb-133-rw\/\" \/>\n<meta property=\"og:site_name\" content=\"\u041c\u0430\u0433\u0430\u0437\u0438\u043d Xstyle\" \/>\n<meta property=\"article:publisher\" content=\"https:\/\/www.facebook.com\/xstylemd\" \/>\n<meta property=\"article:modified_time\" content=\"2026-02-21T08:01:52+00:00\" \/>\n<meta property=\"og:image\" content=\"https:\/\/xstyle.md\/wp-content\/uploads\/2025\/12\/gopro-h13b-ultra-wide-edition-chdrb-133-rw-9.webp\" \/>\n\t<meta property=\"og:image:width\" content=\"1200\" \/>\n\t<meta property=\"og:image:height\" content=\"1200\" \/>\n\t<meta property=\"og:image:type\" content=\"image\/webp\" \/>\n<meta name=\"twitter:card\" content=\"summary_large_image\" \/>\n<meta name=\"twitter:label1\" content=\"Pre\u021b\" \/>\n\t<meta name=\"twitter:data1\" content=\"11.900&nbsp;MDL\" \/>\n\t<meta name=\"twitter:label2\" content=\"Disponibilitate\" \/>\n\t<meta name=\"twitter:data2\" content=\"\u00cen stoc\" \/>\n<script type=\"application\/ld+json\" class=\"yoast-schema-graph\">{\"@context\":\"https:\\\/\\\/schema.org\",\"@graph\":[{\"@type\":\"WebPage\",\"@id\":\"https:\\\/\\\/xstyle.md\\\/product\\\/ekshn-kamera-gopro-h13b-ultra-wide-edition-chdrb-133-rw\\\/\",\"url\":\"https:\\\/\\\/xstyle.md\\\/product\\\/ekshn-kamera-gopro-h13b-ultra-wide-edition-chdrb-133-rw\\\/\",\"name\":\"\u042d\u043a\u0448\u043d-\u043a\u0430\u043c\u0435\u0440\u0430 GoPro H13B Ultra Wide Edition (CHDRB-133-RW) - \u041c\u0430\u0433\u0430\u0437\u0438\u043d Xstyle\",\"isPartOf\":{\"@id\":\"https:\\\/\\\/xstyle.md\\\/#website\"},\"primaryImageOfPage\":{\"@id\":\"https:\\\/\\\/xstyle.md\\\/product\\\/ekshn-kamera-gopro-h13b-ultra-wide-edition-chdrb-133-rw\\\/#primaryimage\"},\"image\":{\"@id\":\"https:\\\/\\\/xstyle.md\\\/product\\\/ekshn-kamera-gopro-h13b-ultra-wide-edition-chdrb-133-rw\\\/#primaryimage\"},\"thumbnailUrl\":\"https:\\\/\\\/xstyle.md\\\/wp-content\\\/uploads\\\/2025\\\/12\\\/gopro-h13b-ultra-wide-edition-chdrb-133-rw-9.webp\",\"datePublished\":\"2025-12-24T16:19:56+00:00\",\"dateModified\":\"2026-02-21T08:01:52+00:00\",\"breadcrumb\":{\"@id\":\"https:\\\/\\\/xstyle.md\\\/product\\\/ekshn-kamera-gopro-h13b-ultra-wide-edition-chdrb-133-rw\\\/#breadcrumb\"},\"inLanguage\":\"ro-RO\",\"potentialAction\":[{\"@type\":\"ReadAction\",\"target\":[\"https:\\\/\\\/xstyle.md\\\/product\\\/ekshn-kamera-gopro-h13b-ultra-wide-edition-chdrb-133-rw\\\/\"]}]},{\"@type\":\"ImageObject\",\"inLanguage\":\"ro-RO\",\"@id\":\"https:\\\/\\\/xstyle.md\\\/product\\\/ekshn-kamera-gopro-h13b-ultra-wide-edition-chdrb-133-rw\\\/#primaryimage\",\"url\":\"https:\\\/\\\/xstyle.md\\\/wp-content\\\/uploads\\\/2025\\\/12\\\/gopro-h13b-ultra-wide-edition-chdrb-133-rw-9.webp\",\"contentUrl\":\"https:\\\/\\\/xstyle.md\\\/wp-content\\\/uploads\\\/2025\\\/12\\\/gopro-h13b-ultra-wide-edition-chdrb-133-rw-9.webp\",\"width\":1200,\"height\":1200,\"caption\":\"\u042d\u0448\u043d-\u043a\u0430\u043c\u0435\u0440\u0430 GoPro H13B Ultra Wide Edition \u0434\u043b\u044f \u0430\u043a\u0442\u0438\u0432\u043d\u043e\u0433\u043e \u043e\u0442\u0434\u044b\u0445\u0430 \u043f\u043e\u0445\u043e\u0434\u043e\u0432 \u043f\u0443\u0442\u0435\u0448\u0435\u0441\u0442\u0432\u0438\u0439 \u0438 \u0441\u043f\u043e\u0440\u0442\u0438\u0432\u043d\u043e\u0439 \u044d\u043a\u0438\u043f\u0438\u0440\u043e\u0432\u043a\u0438 \u043d\u0430 \u043e\u043d\u043b\u0430\u0439\u043d \u043c\u0430\u0433\u0430\u0437\u0438\u043d\u0435 \u0442\u043e\u0432\u0430\u0440\u043e\u0432 \u0434\u043b\u044f \u0430\u043a\u0442\u0438\u0432\u043d\u043e\u0439 \u0436\u0438\u0437\u043d\u0438\"},{\"@type\":\"BreadcrumbList\",\"@id\":\"https:\\\/\\\/xstyle.md\\\/product\\\/ekshn-kamera-gopro-h13b-ultra-wide-edition-chdrb-133-rw\\\/#breadcrumb\",\"itemListElement\":[{\"@type\":\"ListItem\",\"position\":1,\"name\":\"\u0413\u043b\u0430\u0432\u043d\u0430\u044f \u0441\u0442\u0440\u0430\u043d\u0438\u0446\u0430\",\"item\":\"https:\\\/\\\/xstyle.md\\\/\"},{\"@type\":\"ListItem\",\"position\":2,\"name\":\"\u041c\u0430\u0433\u0430\u0437\u0438\u043d\",\"item\":\"https:\\\/\\\/xstyle.md\\\/shop\\\/\"},{\"@type\":\"ListItem\",\"position\":3,\"name\":\"\u042d\u043a\u0448\u043d-\u043a\u0430\u043c\u0435\u0440\u0430 GoPro H13B Ultra Wide Edition (CHDRB-133-RW)\"}]},{\"@type\":\"WebSite\",\"@id\":\"https:\\\/\\\/xstyle.md\\\/#website\",\"url\":\"https:\\\/\\\/xstyle.md\\\/\",\"name\":\"\u041c\u0430\u0433\u0430\u0437\u0438\u043d Xstyle\",\"description\":\"C\u043d\u0430\u0440\u044f\u0436\u0435\u043d\u0438\u0435 \u0434\u043b\u044f \u0442\u0443\u0440\u0438\u0437\u043c\u0430 \u0438 \u044d\u043a\u0441\u0442\u0440\u0435\u043c\u0430\u043b\u044c\u043d\u044b\u0445 \u0432\u0438\u0434\u043e\u0432 \u0441\u043f\u043e\u0440\u0442\u0430 \u0432 \u041c\u043e\u043b\u0434\u043e\u0432\u0435.. \u0426\u0435\u043d\u044b, \u0444\u043e\u0442\u043e, \u0445\u0430\u0440\u0430\u043a\u0442\u0435\u0440\u0438\u0441\u0442\u0438\u043a\u0438 \u0432 \u041c\u043e\u043b\u0434\u043e\u0432\u0435.\",\"publisher\":{\"@id\":\"https:\\\/\\\/xstyle.md\\\/#organization\"},\"alternateName\":\"X-Style\",\"potentialAction\":[{\"@type\":\"SearchAction\",\"target\":{\"@type\":\"EntryPoint\",\"urlTemplate\":\"https:\\\/\\\/xstyle.md\\\/?s={search_term_string}\"},\"query-input\":{\"@type\":\"PropertyValueSpecification\",\"valueRequired\":true,\"valueName\":\"search_term_string\"}}],\"inLanguage\":\"ro-RO\"},{\"@type\":\"Organization\",\"@id\":\"https:\\\/\\\/xstyle.md\\\/#organization\",\"name\":\"\u041c\u0430\u0433\u0430\u0437\u0438\u043d Xstyle\",\"alternateName\":\"x-style\",\"url\":\"https:\\\/\\\/xstyle.md\\\/\",\"logo\":{\"@type\":\"ImageObject\",\"inLanguage\":\"ro-RO\",\"@id\":\"https:\\\/\\\/xstyle.md\\\/#\\\/schema\\\/logo\\\/image\\\/\",\"url\":\"https:\\\/\\\/xstyle.md\\\/wp-content\\\/uploads\\\/2020\\\/06\\\/logoicon.svg\",\"contentUrl\":\"https:\\\/\\\/xstyle.md\\\/wp-content\\\/uploads\\\/2020\\\/06\\\/logoicon.svg\",\"caption\":\"\u041c\u0430\u0433\u0430\u0437\u0438\u043d Xstyle\"},\"image\":{\"@id\":\"https:\\\/\\\/xstyle.md\\\/#\\\/schema\\\/logo\\\/image\\\/\"},\"sameAs\":[\"https:\\\/\\\/www.facebook.com\\\/xstylemd\",\"https:\\\/\\\/www.instagram.com\\\/xstyle_md\\\/\",\"https:\\\/\\\/t.me\\\/xstyle_outdoor\"],\"hasMerchantReturnPolicy\":{\"@type\":\"MerchantReturnPolicy\",\"merchantReturnLink\":\"https:\\\/\\\/xstyle.md\\\/ro\\\/conditions\\\/\"}}]}<\/script>\n<meta property=\"product:price:amount\" content=\"11900.00\" \/>\n<meta property=\"product:price:currency\" content=\"MDL\" \/>\n<meta property=\"og:availability\" content=\"instock\" \/>\n<meta property=\"product:availability\" content=\"instock\" \/>\n<meta property=\"product:retailer_item_id\" content=\"810116383818\" \/>\n<meta property=\"product:condition\" content=\"new\" \/>\n<!-- \/ Yoast SEO plugin. -->","yoast_head_json":{"title":"\u042d\u043a\u0448\u043d-\u043a\u0430\u043c\u0435\u0440\u0430 GoPro H13B Ultra Wide Edition (CHDRB-133-RW) - \u041c\u0430\u0433\u0430\u0437\u0438\u043d Xstyle","robots":{"index":"index","follow":"follow","max-snippet":"max-snippet:-1","max-image-preview":"max-image-preview:large","max-video-preview":"max-video-preview:-1"},"canonical":"https:\/\/xstyle.md\/ro\/produs\/ekshn-kamera-gopro-h13b-ultra-wide-edition-chdrb-133-rw\/","og_locale":"ro_RO","og_type":"article","og_title":"\u042d\u043a\u0448\u043d-\u043a\u0430\u043c\u0435\u0440\u0430 GoPro H13B Ultra Wide Edition (CHDRB-133-RW) - \u041c\u0430\u0433\u0430\u0437\u0438\u043d Xstyle","og_description":"\u0411\u0440\u0435\u043d\u0434 GoPro \u2014 \u044d\u0442\u043e \u043c\u0438\u0440\u043e\u0432\u043e\u0439 \u043b\u0438\u0434\u0435\u0440 \u0432 \u043f\u0440\u043e\u0438\u0437\u0432\u043e\u0434\u0441\u0442\u0432\u0435 \u044d\u043a\u0448\u043d-\u043a\u0430\u043c\u0435\u0440, \u0441\u0442\u0430\u0432\u0448\u0438\u0439 \u0441\u0438\u043d\u043e\u043d\u0438\u043c\u043e\u043c \u043f\u0440\u0438\u043a\u043b\u044e\u0447\u0435\u043d\u0438\u0439 \u0438 \u0430\u043a\u0442\u0438\u0432\u043d\u043e\u0433\u043e \u043e\u0431\u0440\u0430\u0437\u0430 \u0436\u0438\u0437\u043d\u0438. \u0411\u0440\u0435\u043d\u0434 \u043f\u0440\u043e\u0438\u0437\u0432\u0435\u043b \u0440\u0435\u0432\u043e\u043b\u044e\u0446\u0438\u044e \u0432 \u043c\u0438\u0440\u0435 \u0432\u0438\u0434\u0435\u043e\u0441\u044a\u0435\u043c\u043a\u0438, \u0441\u043e\u0437\u0434\u0430\u0432 \u043a\u043e\u043c\u043f\u0430\u043a\u0442\u043d\u044b\u0435, \u0443\u0434\u0430\u0440\u043e\u043f\u0440\u043e\u0447\u043d\u044b\u0435 \u0438 \u0432\u043e\u0434\u043e\u043d\u0435\u043f\u0440\u043e\u043d\u0438\u0446\u0430\u0435\u043c\u044b\u0435 \u043a\u0430\u043c\u0435\u0440\u044b, \u043a\u043e\u0442\u043e\u0440\u044b\u0435 \u043f\u043e\u0437\u0432\u043e\u043b\u044f\u044e\u0442 \u0437\u0430\u043f\u0435\u0447\u0430\u0442\u043b\u0435\u0442\u044c \u0437\u0430\u0445\u0432\u0430\u0442\u044b\u0432\u0430\u044e\u0449\u0438\u0435 \u043c\u043e\u043c\u0435\u043d\u0442\u044b \u043e\u0442 \u043f\u0435\u0440\u0432\u043e\u0433\u043e \u043b\u0438\u0446\u0430 \u0432 \u0441\u0430\u043c\u043e\u043c \u0432\u044b\u0441\u043e\u043a\u043e\u043c \u043a\u0430\u0447\u0435\u0441\u0442\u0432\u0435. \u0411\u043b\u0430\u0433\u043e\u0434\u0430\u0440\u044f \u043d\u0435\u0432\u0435\u0440\u043e\u044f\u0442\u043d\u043e\u0439 \u0441\u0442\u0430\u0431\u0438\u043b\u0438\u0437\u0430\u0446\u0438\u0438 HyperSmooth \u0438 \u043e\u0433\u0440\u043e\u043c\u043d\u043e\u043c\u0443 \u0432\u044b\u0431\u043e\u0440\u0443 \u043a\u0440\u0435\u043f\u043b\u0435\u043d\u0438\u0439, GoPro \u0432\u044b\u0431\u0438\u0440\u0430\u044e\u0442 \u043a\u0430\u043a \u043f\u0440\u043e\u0444\u0435\u0441\u0441\u0438\u043e\u043d\u0430\u043b\u044c\u043d\u044b\u0435 \u044d\u043a\u0441\u0442\u0440\u0435\u043c\u0430\u043b\u044b, \u0442\u0430\u043a \u0438 [&hellip;]","og_url":"https:\/\/xstyle.md\/ro\/produs\/ekshn-kamera-gopro-h13b-ultra-wide-edition-chdrb-133-rw\/","og_site_name":"\u041c\u0430\u0433\u0430\u0437\u0438\u043d Xstyle","article_publisher":"https:\/\/www.facebook.com\/xstylemd","article_modified_time":"2026-02-21T08:01:52+00:00","og_image":[{"width":1200,"height":1200,"url":"https:\/\/xstyle.md\/wp-content\/uploads\/2025\/12\/gopro-h13b-ultra-wide-edition-chdrb-133-rw-9.webp","type":"image\/webp"}],"twitter_card":"summary_large_image","twitter_misc":{"Pre\u021b":"11.900&nbsp;MDL","Disponibilitate":"\u00cen stoc"},"schema":{"@context":"https:\/\/schema.org","@graph":[{"@type":"WebPage","@id":"https:\/\/xstyle.md\/product\/ekshn-kamera-gopro-h13b-ultra-wide-edition-chdrb-133-rw\/","url":"https:\/\/xstyle.md\/product\/ekshn-kamera-gopro-h13b-ultra-wide-edition-chdrb-133-rw\/","name":"\u042d\u043a\u0448\u043d-\u043a\u0430\u043c\u0435\u0440\u0430 GoPro H13B Ultra Wide Edition (CHDRB-133-RW) - \u041c\u0430\u0433\u0430\u0437\u0438\u043d Xstyle","isPartOf":{"@id":"https:\/\/xstyle.md\/#website"},"primaryImageOfPage":{"@id":"https:\/\/xstyle.md\/product\/ekshn-kamera-gopro-h13b-ultra-wide-edition-chdrb-133-rw\/#primaryimage"},"image":{"@id":"https:\/\/xstyle.md\/product\/ekshn-kamera-gopro-h13b-ultra-wide-edition-chdrb-133-rw\/#primaryimage"},"thumbnailUrl":"https:\/\/xstyle.md\/wp-content\/uploads\/2025\/12\/gopro-h13b-ultra-wide-edition-chdrb-133-rw-9.webp","datePublished":"2025-12-24T16:19:56+00:00","dateModified":"2026-02-21T08:01:52+00:00","breadcrumb":{"@id":"https:\/\/xstyle.md\/product\/ekshn-kamera-gopro-h13b-ultra-wide-edition-chdrb-133-rw\/#breadcrumb"},"inLanguage":"ro-RO","potentialAction":[{"@type":"ReadAction","target":["https:\/\/xstyle.md\/product\/ekshn-kamera-gopro-h13b-ultra-wide-edition-chdrb-133-rw\/"]}]},{"@type":"ImageObject","inLanguage":"ro-RO","@id":"https:\/\/xstyle.md\/product\/ekshn-kamera-gopro-h13b-ultra-wide-edition-chdrb-133-rw\/#primaryimage","url":"https:\/\/xstyle.md\/wp-content\/uploads\/2025\/12\/gopro-h13b-ultra-wide-edition-chdrb-133-rw-9.webp","contentUrl":"https:\/\/xstyle.md\/wp-content\/uploads\/2025\/12\/gopro-h13b-ultra-wide-edition-chdrb-133-rw-9.webp","width":1200,"height":1200,"caption":"\u042d\u0448\u043d-\u043a\u0430\u043c\u0435\u0440\u0430 GoPro H13B Ultra Wide Edition \u0434\u043b\u044f \u0430\u043a\u0442\u0438\u0432\u043d\u043e\u0433\u043e \u043e\u0442\u0434\u044b\u0445\u0430 \u043f\u043e\u0445\u043e\u0434\u043e\u0432 \u043f\u0443\u0442\u0435\u0448\u0435\u0441\u0442\u0432\u0438\u0439 \u0438 \u0441\u043f\u043e\u0440\u0442\u0438\u0432\u043d\u043e\u0439 \u044d\u043a\u0438\u043f\u0438\u0440\u043e\u0432\u043a\u0438 \u043d\u0430 \u043e\u043d\u043b\u0430\u0439\u043d \u043c\u0430\u0433\u0430\u0437\u0438\u043d\u0435 \u0442\u043e\u0432\u0430\u0440\u043e\u0432 \u0434\u043b\u044f \u0430\u043a\u0442\u0438\u0432\u043d\u043e\u0439 \u0436\u0438\u0437\u043d\u0438"},{"@type":"BreadcrumbList","@id":"https:\/\/xstyle.md\/product\/ekshn-kamera-gopro-h13b-ultra-wide-edition-chdrb-133-rw\/#breadcrumb","itemListElement":[{"@type":"ListItem","position":1,"name":"\u0413\u043b\u0430\u0432\u043d\u0430\u044f \u0441\u0442\u0440\u0430\u043d\u0438\u0446\u0430","item":"https:\/\/xstyle.md\/"},{"@type":"ListItem","position":2,"name":"\u041c\u0430\u0433\u0430\u0437\u0438\u043d","item":"https:\/\/xstyle.md\/shop\/"},{"@type":"ListItem","position":3,"name":"\u042d\u043a\u0448\u043d-\u043a\u0430\u043c\u0435\u0440\u0430 GoPro H13B Ultra Wide Edition (CHDRB-133-RW)"}]},{"@type":"WebSite","@id":"https:\/\/xstyle.md\/#website","url":"https:\/\/xstyle.md\/","name":"Magazinul X-Style","description":"Echipamente pentru turism \u0219i sporturi extreme \u00een Moldova. Pre\u021buri, fotografii, caracteristici \u00een Moldova.","publisher":{"@id":"https:\/\/xstyle.md\/#organization"},"alternateName":"X-Style","potentialAction":[{"@type":"SearchAction","target":{"@type":"EntryPoint","urlTemplate":"https:\/\/xstyle.md\/?s={search_term_string}"},"query-input":{"@type":"PropertyValueSpecification","valueRequired":true,"valueName":"search_term_string"}}],"inLanguage":"ro-RO"},{"@type":"Organization","@id":"https:\/\/xstyle.md\/#organization","name":"Magazinul X-Style","alternateName":"x-style","url":"https:\/\/xstyle.md\/","logo":{"@type":"ImageObject","inLanguage":"ro-RO","@id":"https:\/\/xstyle.md\/#\/schema\/logo\/image\/","url":"https:\/\/xstyle.md\/wp-content\/uploads\/2020\/06\/logoicon.svg","contentUrl":"https:\/\/xstyle.md\/wp-content\/uploads\/2020\/06\/logoicon.svg","caption":"\u041c\u0430\u0433\u0430\u0437\u0438\u043d Xstyle"},"image":{"@id":"https:\/\/xstyle.md\/#\/schema\/logo\/image\/"},"sameAs":["https:\/\/www.facebook.com\/xstylemd","https:\/\/www.instagram.com\/xstyle_md\/","https:\/\/t.me\/xstyle_outdoor"],"hasMerchantReturnPolicy":{"@type":"MerchantReturnPolicy","merchantReturnLink":"https:\/\/xstyle.md\/ro\/conditions\/"}}]},"product_price_amount":"11900.00","product_price_currency":"MDL","og_availability":"instock","product_availability":"instock","product_retailer_item_id":"810116383818","product_condition":"new"},"post_mailing_queue_ids":[],"_links":{"self":[{"href":"https:\/\/xstyle.md\/ro\/wp-json\/wp\/v2\/product\/98788","targetHints":{"allow":["GET"]}}],"collection":[{"href":"https:\/\/xstyle.md\/ro\/wp-json\/wp\/v2\/product"}],"about":[{"href":"https:\/\/xstyle.md\/ro\/wp-json\/wp\/v2\/types\/product"}],"replies":[{"embeddable":true,"href":"https:\/\/xstyle.md\/ro\/wp-json\/wp\/v2\/comments?post=98788"}],"wp:featuredmedia":[{"embeddable":true,"href":"https:\/\/xstyle.md\/ro\/wp-json\/wp\/v2\/media\/101891"}],"wp:attachment":[{"href":"https:\/\/xstyle.md\/ro\/wp-json\/wp\/v2\/media?parent=98788"}],"wp:term":[{"taxonomy":"product_brand","embeddable":true,"href":"https:\/\/xstyle.md\/ro\/wp-json\/wp\/v2\/product_brand?post=98788"},{"taxonomy":"product_cat","embeddable":true,"href":"https:\/\/xstyle.md\/ro\/wp-json\/wp\/v2\/product_cat?post=98788"},{"taxonomy":"product_tag","embeddable":true,"href":"https:\/\/xstyle.md\/ro\/wp-json\/wp\/v2\/product_tag?post=98788"}],"curies":[{"name":"wp","href":"https:\/\/api.w.org\/{rel}","templated":true}]}}