{"id":98786,"date":"2025-12-24T19:19:55","date_gmt":"2025-12-24T16:19:55","guid":{"rendered":"https:\/\/xstyle.md\/?post_type=product&#038;p=98786"},"modified":"2026-02-25T13:42:31","modified_gmt":"2026-02-25T10:42:31","slug":"fonar-fenix-tk11tac-led","status":"publish","type":"product","link":"https:\/\/xstyle.md\/ro\/produs\/fonar-fenix-tk11tac-led\/","title":{"rendered":"Lantern\u0103 Fenix TK11TAC LED"},"content":{"rendered":"<\/p>\n<p>L<strong>anterne de m\u00een\u0103 Fenix TK11TAC LED<\/strong> &#8212; tactic\u0103 de \u00eenalt\u0103 performan\u021b\u0103, dotat\u0103 cu numeroase op\u021biuni practice. Cu o putere de 1600 lumeni \u0219i un fascicul luminos larg, aceast\u0103 lantern\u0103 este ideal\u0103 pentru for\u021bele de ordine, supraveghere \u0219i alte scopuri profesionale. Dispozitivul dispune de dou\u0103 moduri principale: modul tactic (doar set\u0103rile High \u0219i Strobe), optim pentru situa\u021bii de intensitate maxim\u0103, \u0219i modul de serviciu (Duty), care include trei niveluri de luminozitate \u0219i func\u021bia stroboscop. Comutarea \u00eentre acestea se face rapid prin intermediul butonului rotativ magnetic.<\/p>\n<h3>Moduri de func\u021bionare<\/h3>\n<ul>\n<li><strong>High<\/strong>: 1600 lumeni \u2013 autonomie aprox. 2 ore<\/li>\n<li><strong>Medium<\/strong>: 500 lumeni \u2013 autonomie aprox. 4:30 ore<\/li>\n<li><strong>Low<\/strong>: 50 lumeni \u2013 autonomie aprox. 47:30 ore<\/li>\n<li><strong>Strobe<\/strong>: 1600 lumeni<\/li>\n<\/ul>\n<h3>Caracteristici<\/h3>\n<ul>\n<li>Material &#8212; Aluminiu<\/li>\n<li>Carcas\u0103 &#8212; \u0441omplet protejat\u0103 \u00eempotriva apei (impermeabil\u0103)<\/li>\n<li>Alimentare &#8212; \u0430unc\u021bioneaz\u0103 cu un acumulator 18650 sau dou\u0103 baterii CR123A (nu sunt incluse \u00een pachet)<\/li>\n<li>Func\u021bii tactice &#8212; dotat cu sistem de blocare pentru a preveni activarea accidental\u0103 \u00een timpul transportului<\/li>\n<li>Buton tactic &#8212; suport\u0103 trei tipuri de ac\u021biuni: ap\u0103sare scurt\u0103 pentru pornire, selectarea modului de iluminare \u0219i activarea stroboscopului prin men\u021binerea butonului ap\u0103sat timp de 0,8 secunde<\/li>\n<li>Protec\u021bie inteligent\u0103 &#8212; la atingerea unei temperaturi de 60\u00b0C sau mai mare, lanterna reduce automat puterea pentru a preveni supra\u00eenc\u0103lzirea<\/li>\n<\/ul>\n<h3>Setul con\u021bine<\/h3>\n<ul>\n<li>Hus\u0103<\/li>\n<li>Garnitur\u0103 de etan\u0219are suplimentar\u0103<\/li>\n<li>Manual \u0219i garan\u021bie<\/li>\n<\/ul>\n<p><\/p>\n<h3>Marca<\/h3>\n<p>Fenix - este unul dintre cei mai importan\u021bi produc\u0103tori mondiali de lanterne moderne: tactice, de camping, proiectoare, faruri pentru biciclet\u0103 \u0219i accesorii pentru acestea. Fondat\u0103 \u00een urm\u0103 cu peste 20 de ani, compania a c\u00e2\u0219tigat recunoa\u0219terea celor care pun pre\u021b pe func\u021bionalitatea \u0219i fiabilitatea dispozitivelor. Produsele Fenix \u0219i-au g\u0103sit o utilizare larg\u0103 \u00een via\u021ba de zi cu zi \u0219i au devenit preferatele sportivilor, entuzia\u0219tilor de outdoor \u0219i angaja\u021bilor din organiza\u021bii speciale, datorit\u0103 autonomiei extinse a bateriilor, designului ergonomic \u0219i puterii uimitoare. Fabricate din aluminiu aviatic cu anodizare tripl\u0103 \u0219i echipate cu sticl\u0103 rezistent\u0103 la impact, acestea sunt ideale at\u00e2t pentru utilizarea cotidian\u0103, c\u00e2t \u0219i pentru activit\u0103\u021bi recreative intense.<\/p>\n<p>\u00cen prezent, produsele Fenix sunt disponibile \u00een peste 100 de \u021b\u0103ri, deservind zeci de milioane de utilizatori din \u00eentreaga lume.<\/p>","protected":false},"excerpt":{"rendered":"<p>\u0411\u0440\u0435\u043d\u0434 Fenix \u2013 \u0432\u0435\u0434\u0443\u0449\u0438\u0439 \u0432 \u043c\u0438\u0440\u0435 \u043f\u0440\u043e\u0438\u0437\u0432\u043e\u0434\u0438\u0442\u0435\u043b\u044c \u0441\u043e\u0432\u0440\u0435\u043c\u0435\u043d\u043d\u044b\u0445 \u0444\u043e\u043d\u0430\u0440\u0435\u0439: \u0442\u0430\u043a\u0442\u0438\u0447\u0435\u0441\u043a\u0438\u0445, \u0442\u0443\u0440\u0438\u0441\u0442\u0438\u0447\u0435\u0441\u043a\u0438\u0445, \u0444\u043e\u043d\u0430\u0440\u0435\u0439-\u043f\u0440\u043e\u0436\u0435\u043a\u0442\u043e\u0440\u043e\u0432, \u0432\u0435\u043b\u043e\u0444\u0430\u0440 \u0438 \u0430\u043a\u0441\u0435\u0441\u0441\u0443\u0430\u0440\u043e\u0432 \u043a \u043d\u0438\u043c. \u041e\u0441\u043d\u043e\u0432\u0430\u043d\u043d\u0430\u044f \u0431\u043e\u043b\u0435\u0435 20 \u043b\u0435\u0442 \u043d\u0430\u0437\u0430\u0434, \u043a\u043e\u043c\u043f\u0430\u043d\u0438\u044f \u043f\u043e\u043b\u0443\u0447\u0438\u043b\u0430 \u043f\u0440\u0438\u0437\u043d\u0430\u043d\u0438\u0435 \u0442\u0435\u0445, \u043a\u0442\u043e \u0446\u0435\u043d\u0438\u0442 \u0444\u0443\u043d\u043a\u0446\u0438\u043e\u043d\u0430\u043b\u044c\u043d\u043e\u0441\u0442\u044c \u0438 \u0440\u0430\u0431\u043e\u0442\u043e\u0441\u043f\u043e\u0441\u043e\u0431\u043d\u043e\u0441\u0442\u044c \u043f\u0440\u0438\u0431\u043e\u0440\u043e\u0432. \u041f\u0440\u043e\u0434\u0443\u043a\u0446\u0438\u044f Fenix \u043d\u0430\u0448\u043b\u0430 \u0448\u0438\u0440\u043e\u043a\u043e\u0435 \u043f\u0440\u0438\u043c\u0435\u043d\u0435\u043d\u0438\u0435 \u0432 \u0434\u043e\u043c\u0430\u0448\u043d\u0435\u043c \u043e\u0431\u0438\u0445\u043e\u0434\u0435, \u043f\u043e\u043b\u044e\u0431\u0438\u043b\u0430\u0441\u044c \u0441\u043f\u043e\u0440\u0442\u0441\u043c\u0435\u043d\u0430\u043c, \u043b\u044e\u0431\u0438\u0442\u0435\u043b\u044f\u043c \u0442\u0443\u0440\u0438\u0441\u0442\u0438\u0447\u0435\u0441\u043a\u043e\u0433\u043e \u043e\u0442\u0434\u044b\u0445\u0430 \u0438 \u0441\u043b\u0443\u0436\u0430\u0449\u0438\u043c \u0441\u043f\u0435\u0446\u0438\u0430\u043b\u044c\u043d\u044b\u0445 \u043e\u0440\u0433\u0430\u043d\u0438\u0437\u0430\u0446\u0438\u0439, \u0431\u043b\u0430\u0433\u043e\u0434\u0430\u0440\u044f \u0434\u043e\u043b\u0433\u043e\u0432\u0440\u0435\u043c\u0435\u043d\u043d\u043e\u0439 \u0440\u0430\u0431\u043e\u0442\u0435 \u0431\u0430\u0442\u0430\u0440\u0435\u0439, \u044d\u0440\u0433\u043e\u043d\u043e\u043c\u0438\u0447\u043d\u043e\u043c\u0443 \u0434\u0438\u0437\u0430\u0439\u043d\u0443 [&hellip;]<\/p>\n","protected":false},"featured_media":101749,"comment_status":"open","ping_status":"closed","template":"","meta":{"_acf_changed":false,"inline_featured_image":false},"product_brand":[1351],"product_cat":[462],"product_tag":[],"class_list":{"0":"post-98786","1":"product","2":"type-product","3":"status-publish","4":"has-post-thumbnail","6":"product_brand-fenix","7":"product_cat-lumini-de-mana","9":"first","10":"outofstock","11":"shipping-taxable","12":"product-type-simple"},"acf":[],"yoast_head":"<!-- This site is optimized with the Yoast SEO plugin v27.4 - https:\/\/yoast.com\/product\/yoast-seo-wordpress\/ -->\n<title>\u0424\u043e\u043d\u0430\u0440\u044c Fenix TK11TAC LED - \u041c\u0430\u0433\u0430\u0437\u0438\u043d Xstyle<\/title>\n<meta name=\"robots\" content=\"index, follow, max-snippet:-1, max-image-preview:large, max-video-preview:-1\" \/>\n<link rel=\"canonical\" href=\"https:\/\/xstyle.md\/ro\/produs\/fonar-fenix-tk11tac-led\/\" \/>\n<meta property=\"og:locale\" content=\"ro_RO\" \/>\n<meta property=\"og:type\" content=\"article\" \/>\n<meta property=\"og:title\" content=\"\u0424\u043e\u043d\u0430\u0440\u044c Fenix TK11TAC LED - \u041c\u0430\u0433\u0430\u0437\u0438\u043d Xstyle\" \/>\n<meta property=\"og:description\" content=\"\u0411\u0440\u0435\u043d\u0434 Fenix \u2013 \u0432\u0435\u0434\u0443\u0449\u0438\u0439 \u0432 \u043c\u0438\u0440\u0435 \u043f\u0440\u043e\u0438\u0437\u0432\u043e\u0434\u0438\u0442\u0435\u043b\u044c \u0441\u043e\u0432\u0440\u0435\u043c\u0435\u043d\u043d\u044b\u0445 \u0444\u043e\u043d\u0430\u0440\u0435\u0439: \u0442\u0430\u043a\u0442\u0438\u0447\u0435\u0441\u043a\u0438\u0445, \u0442\u0443\u0440\u0438\u0441\u0442\u0438\u0447\u0435\u0441\u043a\u0438\u0445, \u0444\u043e\u043d\u0430\u0440\u0435\u0439-\u043f\u0440\u043e\u0436\u0435\u043a\u0442\u043e\u0440\u043e\u0432, \u0432\u0435\u043b\u043e\u0444\u0430\u0440 \u0438 \u0430\u043a\u0441\u0435\u0441\u0441\u0443\u0430\u0440\u043e\u0432 \u043a \u043d\u0438\u043c. \u041e\u0441\u043d\u043e\u0432\u0430\u043d\u043d\u0430\u044f \u0431\u043e\u043b\u0435\u0435 20 \u043b\u0435\u0442 \u043d\u0430\u0437\u0430\u0434, \u043a\u043e\u043c\u043f\u0430\u043d\u0438\u044f \u043f\u043e\u043b\u0443\u0447\u0438\u043b\u0430 \u043f\u0440\u0438\u0437\u043d\u0430\u043d\u0438\u0435 \u0442\u0435\u0445, \u043a\u0442\u043e \u0446\u0435\u043d\u0438\u0442 \u0444\u0443\u043d\u043a\u0446\u0438\u043e\u043d\u0430\u043b\u044c\u043d\u043e\u0441\u0442\u044c \u0438 \u0440\u0430\u0431\u043e\u0442\u043e\u0441\u043f\u043e\u0441\u043e\u0431\u043d\u043e\u0441\u0442\u044c \u043f\u0440\u0438\u0431\u043e\u0440\u043e\u0432. \u041f\u0440\u043e\u0434\u0443\u043a\u0446\u0438\u044f Fenix \u043d\u0430\u0448\u043b\u0430 \u0448\u0438\u0440\u043e\u043a\u043e\u0435 \u043f\u0440\u0438\u043c\u0435\u043d\u0435\u043d\u0438\u0435 \u0432 \u0434\u043e\u043c\u0430\u0448\u043d\u0435\u043c \u043e\u0431\u0438\u0445\u043e\u0434\u0435, \u043f\u043e\u043b\u044e\u0431\u0438\u043b\u0430\u0441\u044c \u0441\u043f\u043e\u0440\u0442\u0441\u043c\u0435\u043d\u0430\u043c, \u043b\u044e\u0431\u0438\u0442\u0435\u043b\u044f\u043c \u0442\u0443\u0440\u0438\u0441\u0442\u0438\u0447\u0435\u0441\u043a\u043e\u0433\u043e \u043e\u0442\u0434\u044b\u0445\u0430 \u0438 \u0441\u043b\u0443\u0436\u0430\u0449\u0438\u043c \u0441\u043f\u0435\u0446\u0438\u0430\u043b\u044c\u043d\u044b\u0445 \u043e\u0440\u0433\u0430\u043d\u0438\u0437\u0430\u0446\u0438\u0439, \u0431\u043b\u0430\u0433\u043e\u0434\u0430\u0440\u044f \u0434\u043e\u043b\u0433\u043e\u0432\u0440\u0435\u043c\u0435\u043d\u043d\u043e\u0439 \u0440\u0430\u0431\u043e\u0442\u0435 \u0431\u0430\u0442\u0430\u0440\u0435\u0439, \u044d\u0440\u0433\u043e\u043d\u043e\u043c\u0438\u0447\u043d\u043e\u043c\u0443 \u0434\u0438\u0437\u0430\u0439\u043d\u0443 [&hellip;]\" \/>\n<meta property=\"og:url\" content=\"https:\/\/xstyle.md\/ro\/produs\/fonar-fenix-tk11tac-led\/\" \/>\n<meta property=\"og:site_name\" content=\"\u041c\u0430\u0433\u0430\u0437\u0438\u043d Xstyle\" \/>\n<meta property=\"article:publisher\" content=\"https:\/\/www.facebook.com\/xstylemd\" \/>\n<meta property=\"article:modified_time\" content=\"2026-02-25T10:42:31+00:00\" \/>\n<meta property=\"og:image\" content=\"https:\/\/xstyle.md\/wp-content\/uploads\/2025\/12\/fenix-tk11tac-led-4.webp\" \/>\n\t<meta property=\"og:image:width\" content=\"1200\" \/>\n\t<meta property=\"og:image:height\" content=\"1200\" \/>\n\t<meta property=\"og:image:type\" content=\"image\/webp\" \/>\n<meta name=\"twitter:card\" content=\"summary_large_image\" \/>\n<meta name=\"twitter:label1\" content=\"Pre\u021b\" \/>\n\t<meta name=\"twitter:data1\" content=\"1.790&nbsp;MDL\" \/>\n\t<meta name=\"twitter:label2\" content=\"Disponibilitate\" \/>\n\t<meta name=\"twitter:data2\" content=\"Stoc epuizat\" \/>\n<script type=\"application\/ld+json\" class=\"yoast-schema-graph\">{\"@context\":\"https:\\\/\\\/schema.org\",\"@graph\":[{\"@type\":\"WebPage\",\"@id\":\"https:\\\/\\\/xstyle.md\\\/product\\\/fonar-fenix-tk11tac-led\\\/\",\"url\":\"https:\\\/\\\/xstyle.md\\\/product\\\/fonar-fenix-tk11tac-led\\\/\",\"name\":\"\u0424\u043e\u043d\u0430\u0440\u044c Fenix TK11TAC LED - \u041c\u0430\u0433\u0430\u0437\u0438\u043d Xstyle\",\"isPartOf\":{\"@id\":\"https:\\\/\\\/xstyle.md\\\/#website\"},\"primaryImageOfPage\":{\"@id\":\"https:\\\/\\\/xstyle.md\\\/product\\\/fonar-fenix-tk11tac-led\\\/#primaryimage\"},\"image\":{\"@id\":\"https:\\\/\\\/xstyle.md\\\/product\\\/fonar-fenix-tk11tac-led\\\/#primaryimage\"},\"thumbnailUrl\":\"https:\\\/\\\/xstyle.md\\\/wp-content\\\/uploads\\\/2025\\\/12\\\/fenix-tk11tac-led-4.webp\",\"datePublished\":\"2025-12-24T16:19:55+00:00\",\"dateModified\":\"2026-02-25T10:42:31+00:00\",\"breadcrumb\":{\"@id\":\"https:\\\/\\\/xstyle.md\\\/product\\\/fonar-fenix-tk11tac-led\\\/#breadcrumb\"},\"inLanguage\":\"ro-RO\",\"potentialAction\":[{\"@type\":\"ReadAction\",\"target\":[\"https:\\\/\\\/xstyle.md\\\/product\\\/fonar-fenix-tk11tac-led\\\/\"]}]},{\"@type\":\"ImageObject\",\"inLanguage\":\"ro-RO\",\"@id\":\"https:\\\/\\\/xstyle.md\\\/product\\\/fonar-fenix-tk11tac-led\\\/#primaryimage\",\"url\":\"https:\\\/\\\/xstyle.md\\\/wp-content\\\/uploads\\\/2025\\\/12\\\/fenix-tk11tac-led-4.webp\",\"contentUrl\":\"https:\\\/\\\/xstyle.md\\\/wp-content\\\/uploads\\\/2025\\\/12\\\/fenix-tk11tac-led-4.webp\",\"width\":1200,\"height\":1200,\"caption\":\"\u0424\u043e\u043d\u0430\u0440\u044c Fenix TK11TAC LED \u0434\u043b\u044f \u0430\u043a\u0442\u0438\u0432\u043d\u043e\u0433\u043e \u043e\u0442\u0434\u044b\u0445\u0430, \u043f\u043e\u0445\u043e\u0434\u043e\u0432, \u0442\u0443\u0440\u0438\u0437\u043c\u0430 \u0438 \u043f\u0443\u0442\u0435\u0448\u0435\u0441\u0442\u0432\u0438\u0439, \u043e\u0431\u043e\u0440\u0443\u0434\u043e\u0432\u0430\u043d\u0438\u0435 \u0434\u043b\u044f \u0430\u043b\u044c\u043f\u0438\u043d\u0438\u0437\u043c\u0430 \u0438 \u043a\u0435\u043c\u043f\u0438\u043d\u0433\u0430 \u0432 \u043e\u043d\u043b\u0430\u0439\u043d \u043c\u0430\u0433\u0430\u0437\u0438\u043d\u0435 \u0442\u043e\u0432\u0430\u0440\u043e\u0432 \u0434\u043b\u044f \u0430\u043a\u0442\u0438\u0432\u043d\u043e\u0433\u043e \u043e\u0431\u0440\u0430\u0437\u0430 \u0436\u0438\u0437\u043d\u0438\"},{\"@type\":\"BreadcrumbList\",\"@id\":\"https:\\\/\\\/xstyle.md\\\/product\\\/fonar-fenix-tk11tac-led\\\/#breadcrumb\",\"itemListElement\":[{\"@type\":\"ListItem\",\"position\":1,\"name\":\"\u0413\u043b\u0430\u0432\u043d\u0430\u044f \u0441\u0442\u0440\u0430\u043d\u0438\u0446\u0430\",\"item\":\"https:\\\/\\\/xstyle.md\\\/\"},{\"@type\":\"ListItem\",\"position\":2,\"name\":\"\u041c\u0430\u0433\u0430\u0437\u0438\u043d\",\"item\":\"https:\\\/\\\/xstyle.md\\\/shop\\\/\"},{\"@type\":\"ListItem\",\"position\":3,\"name\":\"\u0424\u043e\u043d\u0430\u0440\u044c Fenix TK11TAC LED\"}]},{\"@type\":\"WebSite\",\"@id\":\"https:\\\/\\\/xstyle.md\\\/#website\",\"url\":\"https:\\\/\\\/xstyle.md\\\/\",\"name\":\"\u041c\u0430\u0433\u0430\u0437\u0438\u043d Xstyle\",\"description\":\"C\u043d\u0430\u0440\u044f\u0436\u0435\u043d\u0438\u0435 \u0434\u043b\u044f \u0442\u0443\u0440\u0438\u0437\u043c\u0430 \u0438 \u044d\u043a\u0441\u0442\u0440\u0435\u043c\u0430\u043b\u044c\u043d\u044b\u0445 \u0432\u0438\u0434\u043e\u0432 \u0441\u043f\u043e\u0440\u0442\u0430 \u0432 \u041c\u043e\u043b\u0434\u043e\u0432\u0435.. \u0426\u0435\u043d\u044b, \u0444\u043e\u0442\u043e, \u0445\u0430\u0440\u0430\u043a\u0442\u0435\u0440\u0438\u0441\u0442\u0438\u043a\u0438 \u0432 \u041c\u043e\u043b\u0434\u043e\u0432\u0435.\",\"publisher\":{\"@id\":\"https:\\\/\\\/xstyle.md\\\/#organization\"},\"alternateName\":\"X-Style\",\"potentialAction\":[{\"@type\":\"SearchAction\",\"target\":{\"@type\":\"EntryPoint\",\"urlTemplate\":\"https:\\\/\\\/xstyle.md\\\/?s={search_term_string}\"},\"query-input\":{\"@type\":\"PropertyValueSpecification\",\"valueRequired\":true,\"valueName\":\"search_term_string\"}}],\"inLanguage\":\"ro-RO\"},{\"@type\":\"Organization\",\"@id\":\"https:\\\/\\\/xstyle.md\\\/#organization\",\"name\":\"\u041c\u0430\u0433\u0430\u0437\u0438\u043d Xstyle\",\"alternateName\":\"x-style\",\"url\":\"https:\\\/\\\/xstyle.md\\\/\",\"logo\":{\"@type\":\"ImageObject\",\"inLanguage\":\"ro-RO\",\"@id\":\"https:\\\/\\\/xstyle.md\\\/#\\\/schema\\\/logo\\\/image\\\/\",\"url\":\"https:\\\/\\\/xstyle.md\\\/wp-content\\\/uploads\\\/2020\\\/06\\\/logoicon.svg\",\"contentUrl\":\"https:\\\/\\\/xstyle.md\\\/wp-content\\\/uploads\\\/2020\\\/06\\\/logoicon.svg\",\"caption\":\"\u041c\u0430\u0433\u0430\u0437\u0438\u043d Xstyle\"},\"image\":{\"@id\":\"https:\\\/\\\/xstyle.md\\\/#\\\/schema\\\/logo\\\/image\\\/\"},\"sameAs\":[\"https:\\\/\\\/www.facebook.com\\\/xstylemd\",\"https:\\\/\\\/www.instagram.com\\\/xstyle_md\\\/\",\"https:\\\/\\\/t.me\\\/xstyle_outdoor\"],\"hasMerchantReturnPolicy\":{\"@type\":\"MerchantReturnPolicy\",\"merchantReturnLink\":\"https:\\\/\\\/xstyle.md\\\/ro\\\/conditions\\\/\"}}]}<\/script>\n<meta property=\"product:price:amount\" content=\"1790.00\" \/>\n<meta property=\"product:price:currency\" content=\"MDL\" \/>\n<meta property=\"og:availability\" content=\"out of stock\" \/>\n<meta property=\"product:availability\" content=\"out of stock\" \/>\n<meta property=\"product:retailer_item_id\" content=\"6942870307473\" \/>\n<meta property=\"product:condition\" content=\"new\" \/>\n<!-- \/ Yoast SEO plugin. -->","yoast_head_json":{"title":"\u0424\u043e\u043d\u0430\u0440\u044c Fenix TK11TAC LED - \u041c\u0430\u0433\u0430\u0437\u0438\u043d Xstyle","robots":{"index":"index","follow":"follow","max-snippet":"max-snippet:-1","max-image-preview":"max-image-preview:large","max-video-preview":"max-video-preview:-1"},"canonical":"https:\/\/xstyle.md\/ro\/produs\/fonar-fenix-tk11tac-led\/","og_locale":"ro_RO","og_type":"article","og_title":"\u0424\u043e\u043d\u0430\u0440\u044c Fenix TK11TAC LED - \u041c\u0430\u0433\u0430\u0437\u0438\u043d Xstyle","og_description":"\u0411\u0440\u0435\u043d\u0434 Fenix \u2013 \u0432\u0435\u0434\u0443\u0449\u0438\u0439 \u0432 \u043c\u0438\u0440\u0435 \u043f\u0440\u043e\u0438\u0437\u0432\u043e\u0434\u0438\u0442\u0435\u043b\u044c \u0441\u043e\u0432\u0440\u0435\u043c\u0435\u043d\u043d\u044b\u0445 \u0444\u043e\u043d\u0430\u0440\u0435\u0439: \u0442\u0430\u043a\u0442\u0438\u0447\u0435\u0441\u043a\u0438\u0445, \u0442\u0443\u0440\u0438\u0441\u0442\u0438\u0447\u0435\u0441\u043a\u0438\u0445, \u0444\u043e\u043d\u0430\u0440\u0435\u0439-\u043f\u0440\u043e\u0436\u0435\u043a\u0442\u043e\u0440\u043e\u0432, \u0432\u0435\u043b\u043e\u0444\u0430\u0440 \u0438 \u0430\u043a\u0441\u0435\u0441\u0441\u0443\u0430\u0440\u043e\u0432 \u043a \u043d\u0438\u043c. \u041e\u0441\u043d\u043e\u0432\u0430\u043d\u043d\u0430\u044f \u0431\u043e\u043b\u0435\u0435 20 \u043b\u0435\u0442 \u043d\u0430\u0437\u0430\u0434, \u043a\u043e\u043c\u043f\u0430\u043d\u0438\u044f \u043f\u043e\u043b\u0443\u0447\u0438\u043b\u0430 \u043f\u0440\u0438\u0437\u043d\u0430\u043d\u0438\u0435 \u0442\u0435\u0445, \u043a\u0442\u043e \u0446\u0435\u043d\u0438\u0442 \u0444\u0443\u043d\u043a\u0446\u0438\u043e\u043d\u0430\u043b\u044c\u043d\u043e\u0441\u0442\u044c \u0438 \u0440\u0430\u0431\u043e\u0442\u043e\u0441\u043f\u043e\u0441\u043e\u0431\u043d\u043e\u0441\u0442\u044c \u043f\u0440\u0438\u0431\u043e\u0440\u043e\u0432. \u041f\u0440\u043e\u0434\u0443\u043a\u0446\u0438\u044f Fenix \u043d\u0430\u0448\u043b\u0430 \u0448\u0438\u0440\u043e\u043a\u043e\u0435 \u043f\u0440\u0438\u043c\u0435\u043d\u0435\u043d\u0438\u0435 \u0432 \u0434\u043e\u043c\u0430\u0448\u043d\u0435\u043c \u043e\u0431\u0438\u0445\u043e\u0434\u0435, \u043f\u043e\u043b\u044e\u0431\u0438\u043b\u0430\u0441\u044c \u0441\u043f\u043e\u0440\u0442\u0441\u043c\u0435\u043d\u0430\u043c, \u043b\u044e\u0431\u0438\u0442\u0435\u043b\u044f\u043c \u0442\u0443\u0440\u0438\u0441\u0442\u0438\u0447\u0435\u0441\u043a\u043e\u0433\u043e \u043e\u0442\u0434\u044b\u0445\u0430 \u0438 \u0441\u043b\u0443\u0436\u0430\u0449\u0438\u043c \u0441\u043f\u0435\u0446\u0438\u0430\u043b\u044c\u043d\u044b\u0445 \u043e\u0440\u0433\u0430\u043d\u0438\u0437\u0430\u0446\u0438\u0439, \u0431\u043b\u0430\u0433\u043e\u0434\u0430\u0440\u044f \u0434\u043e\u043b\u0433\u043e\u0432\u0440\u0435\u043c\u0435\u043d\u043d\u043e\u0439 \u0440\u0430\u0431\u043e\u0442\u0435 \u0431\u0430\u0442\u0430\u0440\u0435\u0439, \u044d\u0440\u0433\u043e\u043d\u043e\u043c\u0438\u0447\u043d\u043e\u043c\u0443 \u0434\u0438\u0437\u0430\u0439\u043d\u0443 [&hellip;]","og_url":"https:\/\/xstyle.md\/ro\/produs\/fonar-fenix-tk11tac-led\/","og_site_name":"\u041c\u0430\u0433\u0430\u0437\u0438\u043d Xstyle","article_publisher":"https:\/\/www.facebook.com\/xstylemd","article_modified_time":"2026-02-25T10:42:31+00:00","og_image":[{"width":1200,"height":1200,"url":"https:\/\/xstyle.md\/wp-content\/uploads\/2025\/12\/fenix-tk11tac-led-4.webp","type":"image\/webp"}],"twitter_card":"summary_large_image","twitter_misc":{"Pre\u021b":"1.790&nbsp;MDL","Disponibilitate":"Stoc epuizat"},"schema":{"@context":"https:\/\/schema.org","@graph":[{"@type":"WebPage","@id":"https:\/\/xstyle.md\/product\/fonar-fenix-tk11tac-led\/","url":"https:\/\/xstyle.md\/product\/fonar-fenix-tk11tac-led\/","name":"\u0424\u043e\u043d\u0430\u0440\u044c Fenix TK11TAC LED - \u041c\u0430\u0433\u0430\u0437\u0438\u043d Xstyle","isPartOf":{"@id":"https:\/\/xstyle.md\/#website"},"primaryImageOfPage":{"@id":"https:\/\/xstyle.md\/product\/fonar-fenix-tk11tac-led\/#primaryimage"},"image":{"@id":"https:\/\/xstyle.md\/product\/fonar-fenix-tk11tac-led\/#primaryimage"},"thumbnailUrl":"https:\/\/xstyle.md\/wp-content\/uploads\/2025\/12\/fenix-tk11tac-led-4.webp","datePublished":"2025-12-24T16:19:55+00:00","dateModified":"2026-02-25T10:42:31+00:00","breadcrumb":{"@id":"https:\/\/xstyle.md\/product\/fonar-fenix-tk11tac-led\/#breadcrumb"},"inLanguage":"ro-RO","potentialAction":[{"@type":"ReadAction","target":["https:\/\/xstyle.md\/product\/fonar-fenix-tk11tac-led\/"]}]},{"@type":"ImageObject","inLanguage":"ro-RO","@id":"https:\/\/xstyle.md\/product\/fonar-fenix-tk11tac-led\/#primaryimage","url":"https:\/\/xstyle.md\/wp-content\/uploads\/2025\/12\/fenix-tk11tac-led-4.webp","contentUrl":"https:\/\/xstyle.md\/wp-content\/uploads\/2025\/12\/fenix-tk11tac-led-4.webp","width":1200,"height":1200,"caption":"\u0424\u043e\u043d\u0430\u0440\u044c Fenix TK11TAC LED \u0434\u043b\u044f \u0430\u043a\u0442\u0438\u0432\u043d\u043e\u0433\u043e \u043e\u0442\u0434\u044b\u0445\u0430, \u043f\u043e\u0445\u043e\u0434\u043e\u0432, \u0442\u0443\u0440\u0438\u0437\u043c\u0430 \u0438 \u043f\u0443\u0442\u0435\u0448\u0435\u0441\u0442\u0432\u0438\u0439, \u043e\u0431\u043e\u0440\u0443\u0434\u043e\u0432\u0430\u043d\u0438\u0435 \u0434\u043b\u044f \u0430\u043b\u044c\u043f\u0438\u043d\u0438\u0437\u043c\u0430 \u0438 \u043a\u0435\u043c\u043f\u0438\u043d\u0433\u0430 \u0432 \u043e\u043d\u043b\u0430\u0439\u043d \u043c\u0430\u0433\u0430\u0437\u0438\u043d\u0435 \u0442\u043e\u0432\u0430\u0440\u043e\u0432 \u0434\u043b\u044f \u0430\u043a\u0442\u0438\u0432\u043d\u043e\u0433\u043e \u043e\u0431\u0440\u0430\u0437\u0430 \u0436\u0438\u0437\u043d\u0438"},{"@type":"BreadcrumbList","@id":"https:\/\/xstyle.md\/product\/fonar-fenix-tk11tac-led\/#breadcrumb","itemListElement":[{"@type":"ListItem","position":1,"name":"\u0413\u043b\u0430\u0432\u043d\u0430\u044f \u0441\u0442\u0440\u0430\u043d\u0438\u0446\u0430","item":"https:\/\/xstyle.md\/"},{"@type":"ListItem","position":2,"name":"\u041c\u0430\u0433\u0430\u0437\u0438\u043d","item":"https:\/\/xstyle.md\/shop\/"},{"@type":"ListItem","position":3,"name":"\u0424\u043e\u043d\u0430\u0440\u044c Fenix TK11TAC LED"}]},{"@type":"WebSite","@id":"https:\/\/xstyle.md\/#website","url":"https:\/\/xstyle.md\/","name":"Magazinul X-Style","description":"Echipamente pentru turism \u0219i sporturi extreme \u00een Moldova. Pre\u021buri, fotografii, caracteristici \u00een Moldova.","publisher":{"@id":"https:\/\/xstyle.md\/#organization"},"alternateName":"X-Style","potentialAction":[{"@type":"SearchAction","target":{"@type":"EntryPoint","urlTemplate":"https:\/\/xstyle.md\/?s={search_term_string}"},"query-input":{"@type":"PropertyValueSpecification","valueRequired":true,"valueName":"search_term_string"}}],"inLanguage":"ro-RO"},{"@type":"Organization","@id":"https:\/\/xstyle.md\/#organization","name":"Magazinul X-Style","alternateName":"x-style","url":"https:\/\/xstyle.md\/","logo":{"@type":"ImageObject","inLanguage":"ro-RO","@id":"https:\/\/xstyle.md\/#\/schema\/logo\/image\/","url":"https:\/\/xstyle.md\/wp-content\/uploads\/2020\/06\/logoicon.svg","contentUrl":"https:\/\/xstyle.md\/wp-content\/uploads\/2020\/06\/logoicon.svg","caption":"\u041c\u0430\u0433\u0430\u0437\u0438\u043d Xstyle"},"image":{"@id":"https:\/\/xstyle.md\/#\/schema\/logo\/image\/"},"sameAs":["https:\/\/www.facebook.com\/xstylemd","https:\/\/www.instagram.com\/xstyle_md\/","https:\/\/t.me\/xstyle_outdoor"],"hasMerchantReturnPolicy":{"@type":"MerchantReturnPolicy","merchantReturnLink":"https:\/\/xstyle.md\/ro\/conditions\/"}}]},"product_price_amount":"1790.00","product_price_currency":"MDL","og_availability":"out of stock","product_availability":"out of stock","product_retailer_item_id":"6942870307473","product_condition":"new"},"_links":{"self":[{"href":"https:\/\/xstyle.md\/ro\/wp-json\/wp\/v2\/product\/98786","targetHints":{"allow":["GET"]}}],"collection":[{"href":"https:\/\/xstyle.md\/ro\/wp-json\/wp\/v2\/product"}],"about":[{"href":"https:\/\/xstyle.md\/ro\/wp-json\/wp\/v2\/types\/product"}],"replies":[{"embeddable":true,"href":"https:\/\/xstyle.md\/ro\/wp-json\/wp\/v2\/comments?post=98786"}],"wp:featuredmedia":[{"embeddable":true,"href":"https:\/\/xstyle.md\/ro\/wp-json\/wp\/v2\/media\/101749"}],"wp:attachment":[{"href":"https:\/\/xstyle.md\/ro\/wp-json\/wp\/v2\/media?parent=98786"}],"wp:term":[{"taxonomy":"product_brand","embeddable":true,"href":"https:\/\/xstyle.md\/ro\/wp-json\/wp\/v2\/product_brand?post=98786"},{"taxonomy":"product_cat","embeddable":true,"href":"https:\/\/xstyle.md\/ro\/wp-json\/wp\/v2\/product_cat?post=98786"},{"taxonomy":"product_tag","embeddable":true,"href":"https:\/\/xstyle.md\/ro\/wp-json\/wp\/v2\/product_tag?post=98786"}],"curies":[{"name":"wp","href":"https:\/\/api.w.org\/{rel}","templated":true}]}}