{"id":98783,"date":"2025-12-24T19:19:54","date_gmt":"2025-12-24T16:19:54","guid":{"rendered":"https:\/\/xstyle.md\/?post_type=product&#038;p=98783"},"modified":"2026-03-19T17:39:50","modified_gmt":"2026-03-19T14:39:50","slug":"gornye-lyzhi-elan-primetime-n2-w-blk-sx-el-9-0","status":"publish","type":"product","link":"https:\/\/xstyle.md\/ro\/produs\/gornye-lyzhi-elan-primetime-n2-w-blk-sx-el-9-0\/","title":{"rendered":"Schiuri Elan PRIMETIME N2 W BLK SX EL 9.0"},"content":{"rendered":"<\/p>\n<p><strong>Elan PRIMETIME N2 W BLK SX EL 9.0<\/strong> &#8212; sunt schiuri elegante \u0219i receptive, concepute pentru a face experien\u021ba pe p\u00e2rtiile amenajate c\u00e2t mai pl\u0103cut\u0103 \u0219i relaxant\u0103. Sunt ideale pentru schioarele care caut\u0103 un echilibru \u00eentre stil \u0219i func\u021bionalitate. Datorit\u0103 taliei mai \u00eenguste (73 mm), schiurile sunt foarte manevrabile, permi\u021b\u00e2nd tranzi\u021bii u\u0219oare de la un viraj la altul \u0219i oferind \u00eencredere pe tot parcursul zilei.<\/p>\n<h3>Particularit\u0103\u021bi<\/h3>\n<ul>\n<li>Geometria schiurilor favorizeaz\u0103 virajele intuitive f\u0103r\u0103 efort suplimentar<\/li>\n<li>Construc\u021bia special creat\u0103 reduce vibra\u021biile \u0219i ofer\u0103 o alunecare lin\u0103<\/li>\n<li>Finisajul negru mat subliniaz\u0103 statutul premium al acestui model<\/li>\n<\/ul>\n<h3>Caracteristici<\/h3>\n<ul>\n<li>Tehnologia PowerMatch &#8212; optimizeaz\u0103 structura schiului \u00een func\u021bie de modul \u00een care schioarea transmite for\u021ba, oferind un control natural<\/li>\n<li>Profil Amphibio &#8212; design asimetric (schi st\u00e2ng \u0219i drept diferit), unde cantul interior are camber pentru aderen\u021b\u0103, iar cel exterior are rocker pentru viraje u\u0219oare<\/li>\n<li>Nucleu Mono Woodcore &#8212; nucleu din lemn care ofer\u0103 o bun\u0103 reactivitate \u0219i durabilitate<\/li>\n<li>Construc\u021bie Cap &#8212; o structur\u0103 u\u0219oar\u0103 care este &#171;iert\u0103toare&#187; la gre\u0219eli \u0219i faciliteaz\u0103 manevrarea<\/li>\n<li>Sistem\/Leg\u0103turi &#8212; EL 9.0 GW Shift (compatibile cu cl\u0103parii standard GripWalk)<\/li>\n<\/ul>\n<p><\/p>\n<h3>Marca<\/h3>\n<p>Elan - este un produc\u0103tor sloven de echipamente sportive de renume mondial, fondat \u00een 1945 \u0219i recunoscut ca un inovator de top \u00een industria schiului. Brandul a devenit celebru prin inventarea schiurilor de carving \u0219i a tehnologiilor unice, precum Amphibio \u0219i GrooveTip, care fac schiatul mai intuitiv \u0219i mai u\u0219or pentru schiorii de toate nivelurile.<\/p>","protected":false},"excerpt":{"rendered":"<p>\u0411\u0440\u0435\u043d\u0434 Elan \u2014 \u044d\u0442\u043e \u0432\u0441\u0435\u043c\u0438\u0440\u043d\u043e \u0438\u0437\u0432\u0435\u0441\u0442\u043d\u044b\u0439 \u0441\u043b\u043e\u0432\u0435\u043d\u0441\u043a\u0438\u0439 \u043f\u0440\u043e\u0438\u0437\u0432\u043e\u0434\u0438\u0442\u0435\u043b\u044c \u0441\u043f\u043e\u0440\u0442\u0438\u0432\u043d\u043e\u0433\u043e \u043e\u0431\u043e\u0440\u0443\u0434\u043e\u0432\u0430\u043d\u0438\u044f, \u043e\u0441\u043d\u043e\u0432\u0430\u043d\u043d\u044b\u0439 \u0432 1945 \u0433\u043e\u0434\u0443 \u0438 \u0437\u0430\u0432\u043e\u0435\u0432\u0430\u0432\u0448\u0438\u0439 \u0440\u0435\u043f\u0443\u0442\u0430\u0446\u0438\u044e \u0433\u043b\u0430\u0432\u043d\u043e\u0433\u043e \u0438\u043d\u043d\u043e\u0432\u0430\u0442\u043e\u0440\u0430 \u0432 \u0433\u043e\u0440\u043d\u043e\u043b\u044b\u0436\u043d\u043e\u0439 \u0438\u043d\u0434\u0443\u0441\u0442\u0440\u0438\u0438. \u0411\u0440\u0435\u043d\u0434 \u043f\u0440\u043e\u0441\u043b\u0430\u0432\u0438\u043b\u0441\u044f \u0438\u0437\u043e\u0431\u0440\u0435\u0442\u0435\u043d\u0438\u0435\u043c \u043a\u0430\u0440\u0432\u0438\u043d\u0433\u043e\u0432\u044b\u0445 \u043b\u044b\u0436 \u0438 \u0443\u043d\u0438\u043a\u0430\u043b\u044c\u043d\u044b\u0445 \u0442\u0435\u0445\u043d\u043e\u043b\u043e\u0433\u0438\u0439, \u0442\u0430\u043a\u0438\u0445 \u043a\u0430\u043a Amphibio \u0438 GrooveTip, \u043a\u043e\u0442\u043e\u0440\u044b\u0435 \u0434\u0435\u043b\u0430\u044e\u0442 \u043a\u0430\u0442\u0430\u043d\u0438\u0435 \u0431\u043e\u043b\u0435\u0435 \u0438\u043d\u0442\u0443\u0438\u0442\u0438\u0432\u043d\u044b\u043c \u0438 \u043b\u0435\u0433\u043a\u0438\u043c \u0434\u043b\u044f \u043b\u044b\u0436\u043d\u0438\u043a\u043e\u0432 \u043b\u044e\u0431\u043e\u0433\u043e \u0443\u0440\u043e\u0432\u043d\u044f.<\/p>","protected":false},"featured_media":102526,"comment_status":"open","ping_status":"closed","template":"","meta":{"_acf_changed":false,"inline_featured_image":false},"product_brand":[1315],"product_cat":[398],"product_tag":[],"class_list":{"0":"post-98783","1":"product","2":"type-product","3":"status-publish","4":"has-post-thumbnail","6":"product_brand-elan","7":"product_cat-ski","9":"first","10":"instock","11":"shipping-taxable","12":"purchasable","13":"product-type-simple"},"acf":[],"yoast_head":"<!-- This site is optimized with the Yoast SEO plugin v27.4 - https:\/\/yoast.com\/product\/yoast-seo-wordpress\/ -->\n<title>\u0413\u043e\u0440\u043d\u044b\u0435 \u043b\u044b\u0436\u0438 Elan PRIMETIME N2 W BLK SX EL 9.0 - \u041c\u0430\u0433\u0430\u0437\u0438\u043d Xstyle<\/title>\n<meta name=\"robots\" content=\"index, follow, max-snippet:-1, max-image-preview:large, max-video-preview:-1\" \/>\n<link rel=\"canonical\" href=\"https:\/\/xstyle.md\/ro\/produs\/gornye-lyzhi-elan-primetime-n2-w-blk-sx-el-9-0\/\" \/>\n<meta property=\"og:locale\" content=\"ro_RO\" \/>\n<meta property=\"og:type\" content=\"article\" \/>\n<meta property=\"og:title\" content=\"\u0413\u043e\u0440\u043d\u044b\u0435 \u043b\u044b\u0436\u0438 Elan PRIMETIME N2 W BLK SX EL 9.0 - \u041c\u0430\u0433\u0430\u0437\u0438\u043d Xstyle\" \/>\n<meta property=\"og:description\" content=\"\u0411\u0440\u0435\u043d\u0434 Elan \u2014 \u044d\u0442\u043e \u0432\u0441\u0435\u043c\u0438\u0440\u043d\u043e \u0438\u0437\u0432\u0435\u0441\u0442\u043d\u044b\u0439 \u0441\u043b\u043e\u0432\u0435\u043d\u0441\u043a\u0438\u0439 \u043f\u0440\u043e\u0438\u0437\u0432\u043e\u0434\u0438\u0442\u0435\u043b\u044c \u0441\u043f\u043e\u0440\u0442\u0438\u0432\u043d\u043e\u0433\u043e \u043e\u0431\u043e\u0440\u0443\u0434\u043e\u0432\u0430\u043d\u0438\u044f, \u043e\u0441\u043d\u043e\u0432\u0430\u043d\u043d\u044b\u0439 \u0432 1945 \u0433\u043e\u0434\u0443 \u0438 \u0437\u0430\u0432\u043e\u0435\u0432\u0430\u0432\u0448\u0438\u0439 \u0440\u0435\u043f\u0443\u0442\u0430\u0446\u0438\u044e \u0433\u043b\u0430\u0432\u043d\u043e\u0433\u043e \u0438\u043d\u043d\u043e\u0432\u0430\u0442\u043e\u0440\u0430 \u0432 \u0433\u043e\u0440\u043d\u043e\u043b\u044b\u0436\u043d\u043e\u0439 \u0438\u043d\u0434\u0443\u0441\u0442\u0440\u0438\u0438. \u0411\u0440\u0435\u043d\u0434 \u043f\u0440\u043e\u0441\u043b\u0430\u0432\u0438\u043b\u0441\u044f \u0438\u0437\u043e\u0431\u0440\u0435\u0442\u0435\u043d\u0438\u0435\u043c \u043a\u0430\u0440\u0432\u0438\u043d\u0433\u043e\u0432\u044b\u0445 \u043b\u044b\u0436 \u0438 \u0443\u043d\u0438\u043a\u0430\u043b\u044c\u043d\u044b\u0445 \u0442\u0435\u0445\u043d\u043e\u043b\u043e\u0433\u0438\u0439, \u0442\u0430\u043a\u0438\u0445 \u043a\u0430\u043a Amphibio \u0438 GrooveTip, \u043a\u043e\u0442\u043e\u0440\u044b\u0435 \u0434\u0435\u043b\u0430\u044e\u0442 \u043a\u0430\u0442\u0430\u043d\u0438\u0435 \u0431\u043e\u043b\u0435\u0435 \u0438\u043d\u0442\u0443\u0438\u0442\u0438\u0432\u043d\u044b\u043c \u0438 \u043b\u0435\u0433\u043a\u0438\u043c \u0434\u043b\u044f \u043b\u044b\u0436\u043d\u0438\u043a\u043e\u0432 \u043b\u044e\u0431\u043e\u0433\u043e \u0443\u0440\u043e\u0432\u043d\u044f.\" \/>\n<meta property=\"og:url\" content=\"https:\/\/xstyle.md\/ro\/produs\/gornye-lyzhi-elan-primetime-n2-w-blk-sx-el-9-0\/\" \/>\n<meta property=\"og:site_name\" content=\"\u041c\u0430\u0433\u0430\u0437\u0438\u043d Xstyle\" \/>\n<meta property=\"article:publisher\" content=\"https:\/\/www.facebook.com\/xstylemd\" \/>\n<meta property=\"article:modified_time\" content=\"2026-03-19T14:39:50+00:00\" \/>\n<meta property=\"og:image\" content=\"https:\/\/xstyle.md\/wp-content\/uploads\/2025\/12\/elan-primetime-n2-w-blk-sx-el-9.0-1.webp\" \/>\n\t<meta property=\"og:image:width\" content=\"1200\" \/>\n\t<meta property=\"og:image:height\" content=\"1200\" \/>\n\t<meta property=\"og:image:type\" content=\"image\/webp\" \/>\n<meta name=\"twitter:card\" content=\"summary_large_image\" \/>\n<meta name=\"twitter:label1\" content=\"Pre\u021b\" \/>\n\t<meta name=\"twitter:data1\" content=\"8.890&nbsp;MDL\" \/>\n\t<meta name=\"twitter:label2\" content=\"Disponibilitate\" \/>\n\t<meta name=\"twitter:data2\" content=\"\u00cen stoc\" \/>\n<script type=\"application\/ld+json\" class=\"yoast-schema-graph\">{\"@context\":\"https:\\\/\\\/schema.org\",\"@graph\":[{\"@type\":\"WebPage\",\"@id\":\"https:\\\/\\\/xstyle.md\\\/product\\\/gornye-lyzhi-elan-primetime-n2-w-blk-sx-el-9-0\\\/\",\"url\":\"https:\\\/\\\/xstyle.md\\\/product\\\/gornye-lyzhi-elan-primetime-n2-w-blk-sx-el-9-0\\\/\",\"name\":\"\u0413\u043e\u0440\u043d\u044b\u0435 \u043b\u044b\u0436\u0438 Elan PRIMETIME N2 W BLK SX EL 9.0 - \u041c\u0430\u0433\u0430\u0437\u0438\u043d Xstyle\",\"isPartOf\":{\"@id\":\"https:\\\/\\\/xstyle.md\\\/#website\"},\"primaryImageOfPage\":{\"@id\":\"https:\\\/\\\/xstyle.md\\\/product\\\/gornye-lyzhi-elan-primetime-n2-w-blk-sx-el-9-0\\\/#primaryimage\"},\"image\":{\"@id\":\"https:\\\/\\\/xstyle.md\\\/product\\\/gornye-lyzhi-elan-primetime-n2-w-blk-sx-el-9-0\\\/#primaryimage\"},\"thumbnailUrl\":\"https:\\\/\\\/xstyle.md\\\/wp-content\\\/uploads\\\/2025\\\/12\\\/elan-primetime-n2-w-blk-sx-el-9.0-1.webp\",\"datePublished\":\"2025-12-24T16:19:54+00:00\",\"dateModified\":\"2026-03-19T14:39:50+00:00\",\"breadcrumb\":{\"@id\":\"https:\\\/\\\/xstyle.md\\\/product\\\/gornye-lyzhi-elan-primetime-n2-w-blk-sx-el-9-0\\\/#breadcrumb\"},\"inLanguage\":\"ro-RO\",\"potentialAction\":[{\"@type\":\"ReadAction\",\"target\":[\"https:\\\/\\\/xstyle.md\\\/product\\\/gornye-lyzhi-elan-primetime-n2-w-blk-sx-el-9-0\\\/\"]}]},{\"@type\":\"ImageObject\",\"inLanguage\":\"ro-RO\",\"@id\":\"https:\\\/\\\/xstyle.md\\\/product\\\/gornye-lyzhi-elan-primetime-n2-w-blk-sx-el-9-0\\\/#primaryimage\",\"url\":\"https:\\\/\\\/xstyle.md\\\/wp-content\\\/uploads\\\/2025\\\/12\\\/elan-primetime-n2-w-blk-sx-el-9.0-1.webp\",\"contentUrl\":\"https:\\\/\\\/xstyle.md\\\/wp-content\\\/uploads\\\/2025\\\/12\\\/elan-primetime-n2-w-blk-sx-el-9.0-1.webp\",\"width\":1200,\"height\":1200,\"caption\":\"\u0422\u0435\u0445\u043d\u0438\u0447\u0435\u0441\u043a\u043e\u0435 \u043e\u0431\u043e\u0440\u0443\u0434\u043e\u0432\u0430\u043d\u0438\u0435 \u0434\u043b\u044f \u043b\u044b\u0436\u043d\u044b\u0445 \u043f\u043e\u0435\u0437\u0434\u043e\u043a \u043d\u0430 \u043e\u043d\u043b\u0430\u0439\u043d-\u043c\u0430\u0433\u0430\u0437\u0438\u043d\u0435 \u0430\u043a\u0442\u0438\u0432\u043d\u043e\u0439 \u0436\u0438\u0437\u043d\u0438, \u0433\u043e\u0440\u043d\u044b\u0435 \u043b\u044b\u0436\u0438 Elan PRIMETIME N2 W BLK SX EL 9.0 \u0434\u043b\u044f \u0433\u043e\u0440\u043d\u044b\u0445 \u043f\u043e\u0445\u043e\u0434\u043e\u0432 \u0438 \u043f\u0443\u0442\u0435\u0448\u0435\u0441\u0442\u0432\u0438\u0439\"},{\"@type\":\"BreadcrumbList\",\"@id\":\"https:\\\/\\\/xstyle.md\\\/product\\\/gornye-lyzhi-elan-primetime-n2-w-blk-sx-el-9-0\\\/#breadcrumb\",\"itemListElement\":[{\"@type\":\"ListItem\",\"position\":1,\"name\":\"\u0413\u043b\u0430\u0432\u043d\u0430\u044f \u0441\u0442\u0440\u0430\u043d\u0438\u0446\u0430\",\"item\":\"https:\\\/\\\/xstyle.md\\\/\"},{\"@type\":\"ListItem\",\"position\":2,\"name\":\"\u041c\u0430\u0433\u0430\u0437\u0438\u043d\",\"item\":\"https:\\\/\\\/xstyle.md\\\/shop\\\/\"},{\"@type\":\"ListItem\",\"position\":3,\"name\":\"\u0413\u043e\u0440\u043d\u044b\u0435 \u043b\u044b\u0436\u0438 Elan PRIMETIME N2 W BLK SX EL 9.0\"}]},{\"@type\":\"WebSite\",\"@id\":\"https:\\\/\\\/xstyle.md\\\/#website\",\"url\":\"https:\\\/\\\/xstyle.md\\\/\",\"name\":\"\u041c\u0430\u0433\u0430\u0437\u0438\u043d Xstyle\",\"description\":\"C\u043d\u0430\u0440\u044f\u0436\u0435\u043d\u0438\u0435 \u0434\u043b\u044f \u0442\u0443\u0440\u0438\u0437\u043c\u0430 \u0438 \u044d\u043a\u0441\u0442\u0440\u0435\u043c\u0430\u043b\u044c\u043d\u044b\u0445 \u0432\u0438\u0434\u043e\u0432 \u0441\u043f\u043e\u0440\u0442\u0430 \u0432 \u041c\u043e\u043b\u0434\u043e\u0432\u0435.. \u0426\u0435\u043d\u044b, \u0444\u043e\u0442\u043e, \u0445\u0430\u0440\u0430\u043a\u0442\u0435\u0440\u0438\u0441\u0442\u0438\u043a\u0438 \u0432 \u041c\u043e\u043b\u0434\u043e\u0432\u0435.\",\"publisher\":{\"@id\":\"https:\\\/\\\/xstyle.md\\\/#organization\"},\"alternateName\":\"X-Style\",\"potentialAction\":[{\"@type\":\"SearchAction\",\"target\":{\"@type\":\"EntryPoint\",\"urlTemplate\":\"https:\\\/\\\/xstyle.md\\\/?s={search_term_string}\"},\"query-input\":{\"@type\":\"PropertyValueSpecification\",\"valueRequired\":true,\"valueName\":\"search_term_string\"}}],\"inLanguage\":\"ro-RO\"},{\"@type\":\"Organization\",\"@id\":\"https:\\\/\\\/xstyle.md\\\/#organization\",\"name\":\"\u041c\u0430\u0433\u0430\u0437\u0438\u043d Xstyle\",\"alternateName\":\"x-style\",\"url\":\"https:\\\/\\\/xstyle.md\\\/\",\"logo\":{\"@type\":\"ImageObject\",\"inLanguage\":\"ro-RO\",\"@id\":\"https:\\\/\\\/xstyle.md\\\/#\\\/schema\\\/logo\\\/image\\\/\",\"url\":\"https:\\\/\\\/xstyle.md\\\/wp-content\\\/uploads\\\/2020\\\/06\\\/logoicon.svg\",\"contentUrl\":\"https:\\\/\\\/xstyle.md\\\/wp-content\\\/uploads\\\/2020\\\/06\\\/logoicon.svg\",\"caption\":\"\u041c\u0430\u0433\u0430\u0437\u0438\u043d Xstyle\"},\"image\":{\"@id\":\"https:\\\/\\\/xstyle.md\\\/#\\\/schema\\\/logo\\\/image\\\/\"},\"sameAs\":[\"https:\\\/\\\/www.facebook.com\\\/xstylemd\",\"https:\\\/\\\/www.instagram.com\\\/xstyle_md\\\/\",\"https:\\\/\\\/t.me\\\/xstyle_outdoor\"],\"hasMerchantReturnPolicy\":{\"@type\":\"MerchantReturnPolicy\",\"merchantReturnLink\":\"https:\\\/\\\/xstyle.md\\\/ro\\\/conditions\\\/\"}}]}<\/script>\n<meta property=\"product:price:amount\" content=\"8890.00\" \/>\n<meta property=\"product:price:currency\" content=\"MDL\" \/>\n<meta property=\"og:availability\" content=\"instock\" \/>\n<meta property=\"product:availability\" content=\"instock\" \/>\n<meta property=\"product:retailer_item_id\" content=\"3838855831428\" \/>\n<meta property=\"product:condition\" content=\"new\" \/>\n<!-- \/ Yoast SEO plugin. -->","yoast_head_json":{"title":"\u0413\u043e\u0440\u043d\u044b\u0435 \u043b\u044b\u0436\u0438 Elan PRIMETIME N2 W BLK SX EL 9.0 - \u041c\u0430\u0433\u0430\u0437\u0438\u043d Xstyle","robots":{"index":"index","follow":"follow","max-snippet":"max-snippet:-1","max-image-preview":"max-image-preview:large","max-video-preview":"max-video-preview:-1"},"canonical":"https:\/\/xstyle.md\/ro\/produs\/gornye-lyzhi-elan-primetime-n2-w-blk-sx-el-9-0\/","og_locale":"ro_RO","og_type":"article","og_title":"\u0413\u043e\u0440\u043d\u044b\u0435 \u043b\u044b\u0436\u0438 Elan PRIMETIME N2 W BLK SX EL 9.0 - \u041c\u0430\u0433\u0430\u0437\u0438\u043d Xstyle","og_description":"\u0411\u0440\u0435\u043d\u0434 Elan \u2014 \u044d\u0442\u043e \u0432\u0441\u0435\u043c\u0438\u0440\u043d\u043e \u0438\u0437\u0432\u0435\u0441\u0442\u043d\u044b\u0439 \u0441\u043b\u043e\u0432\u0435\u043d\u0441\u043a\u0438\u0439 \u043f\u0440\u043e\u0438\u0437\u0432\u043e\u0434\u0438\u0442\u0435\u043b\u044c \u0441\u043f\u043e\u0440\u0442\u0438\u0432\u043d\u043e\u0433\u043e \u043e\u0431\u043e\u0440\u0443\u0434\u043e\u0432\u0430\u043d\u0438\u044f, \u043e\u0441\u043d\u043e\u0432\u0430\u043d\u043d\u044b\u0439 \u0432 1945 \u0433\u043e\u0434\u0443 \u0438 \u0437\u0430\u0432\u043e\u0435\u0432\u0430\u0432\u0448\u0438\u0439 \u0440\u0435\u043f\u0443\u0442\u0430\u0446\u0438\u044e \u0433\u043b\u0430\u0432\u043d\u043e\u0433\u043e \u0438\u043d\u043d\u043e\u0432\u0430\u0442\u043e\u0440\u0430 \u0432 \u0433\u043e\u0440\u043d\u043e\u043b\u044b\u0436\u043d\u043e\u0439 \u0438\u043d\u0434\u0443\u0441\u0442\u0440\u0438\u0438. \u0411\u0440\u0435\u043d\u0434 \u043f\u0440\u043e\u0441\u043b\u0430\u0432\u0438\u043b\u0441\u044f \u0438\u0437\u043e\u0431\u0440\u0435\u0442\u0435\u043d\u0438\u0435\u043c \u043a\u0430\u0440\u0432\u0438\u043d\u0433\u043e\u0432\u044b\u0445 \u043b\u044b\u0436 \u0438 \u0443\u043d\u0438\u043a\u0430\u043b\u044c\u043d\u044b\u0445 \u0442\u0435\u0445\u043d\u043e\u043b\u043e\u0433\u0438\u0439, \u0442\u0430\u043a\u0438\u0445 \u043a\u0430\u043a Amphibio \u0438 GrooveTip, \u043a\u043e\u0442\u043e\u0440\u044b\u0435 \u0434\u0435\u043b\u0430\u044e\u0442 \u043a\u0430\u0442\u0430\u043d\u0438\u0435 \u0431\u043e\u043b\u0435\u0435 \u0438\u043d\u0442\u0443\u0438\u0442\u0438\u0432\u043d\u044b\u043c \u0438 \u043b\u0435\u0433\u043a\u0438\u043c \u0434\u043b\u044f \u043b\u044b\u0436\u043d\u0438\u043a\u043e\u0432 \u043b\u044e\u0431\u043e\u0433\u043e \u0443\u0440\u043e\u0432\u043d\u044f.","og_url":"https:\/\/xstyle.md\/ro\/produs\/gornye-lyzhi-elan-primetime-n2-w-blk-sx-el-9-0\/","og_site_name":"\u041c\u0430\u0433\u0430\u0437\u0438\u043d Xstyle","article_publisher":"https:\/\/www.facebook.com\/xstylemd","article_modified_time":"2026-03-19T14:39:50+00:00","og_image":[{"width":1200,"height":1200,"url":"https:\/\/xstyle.md\/wp-content\/uploads\/2025\/12\/elan-primetime-n2-w-blk-sx-el-9.0-1.webp","type":"image\/webp"}],"twitter_card":"summary_large_image","twitter_misc":{"Pre\u021b":"8.890&nbsp;MDL","Disponibilitate":"\u00cen stoc"},"schema":{"@context":"https:\/\/schema.org","@graph":[{"@type":"WebPage","@id":"https:\/\/xstyle.md\/product\/gornye-lyzhi-elan-primetime-n2-w-blk-sx-el-9-0\/","url":"https:\/\/xstyle.md\/product\/gornye-lyzhi-elan-primetime-n2-w-blk-sx-el-9-0\/","name":"\u0413\u043e\u0440\u043d\u044b\u0435 \u043b\u044b\u0436\u0438 Elan PRIMETIME N2 W BLK SX EL 9.0 - \u041c\u0430\u0433\u0430\u0437\u0438\u043d Xstyle","isPartOf":{"@id":"https:\/\/xstyle.md\/#website"},"primaryImageOfPage":{"@id":"https:\/\/xstyle.md\/product\/gornye-lyzhi-elan-primetime-n2-w-blk-sx-el-9-0\/#primaryimage"},"image":{"@id":"https:\/\/xstyle.md\/product\/gornye-lyzhi-elan-primetime-n2-w-blk-sx-el-9-0\/#primaryimage"},"thumbnailUrl":"https:\/\/xstyle.md\/wp-content\/uploads\/2025\/12\/elan-primetime-n2-w-blk-sx-el-9.0-1.webp","datePublished":"2025-12-24T16:19:54+00:00","dateModified":"2026-03-19T14:39:50+00:00","breadcrumb":{"@id":"https:\/\/xstyle.md\/product\/gornye-lyzhi-elan-primetime-n2-w-blk-sx-el-9-0\/#breadcrumb"},"inLanguage":"ro-RO","potentialAction":[{"@type":"ReadAction","target":["https:\/\/xstyle.md\/product\/gornye-lyzhi-elan-primetime-n2-w-blk-sx-el-9-0\/"]}]},{"@type":"ImageObject","inLanguage":"ro-RO","@id":"https:\/\/xstyle.md\/product\/gornye-lyzhi-elan-primetime-n2-w-blk-sx-el-9-0\/#primaryimage","url":"https:\/\/xstyle.md\/wp-content\/uploads\/2025\/12\/elan-primetime-n2-w-blk-sx-el-9.0-1.webp","contentUrl":"https:\/\/xstyle.md\/wp-content\/uploads\/2025\/12\/elan-primetime-n2-w-blk-sx-el-9.0-1.webp","width":1200,"height":1200,"caption":"\u0422\u0435\u0445\u043d\u0438\u0447\u0435\u0441\u043a\u043e\u0435 \u043e\u0431\u043e\u0440\u0443\u0434\u043e\u0432\u0430\u043d\u0438\u0435 \u0434\u043b\u044f \u043b\u044b\u0436\u043d\u044b\u0445 \u043f\u043e\u0435\u0437\u0434\u043e\u043a \u043d\u0430 \u043e\u043d\u043b\u0430\u0439\u043d-\u043c\u0430\u0433\u0430\u0437\u0438\u043d\u0435 \u0430\u043a\u0442\u0438\u0432\u043d\u043e\u0439 \u0436\u0438\u0437\u043d\u0438, \u0433\u043e\u0440\u043d\u044b\u0435 \u043b\u044b\u0436\u0438 Elan PRIMETIME N2 W BLK SX EL 9.0 \u0434\u043b\u044f \u0433\u043e\u0440\u043d\u044b\u0445 \u043f\u043e\u0445\u043e\u0434\u043e\u0432 \u0438 \u043f\u0443\u0442\u0435\u0448\u0435\u0441\u0442\u0432\u0438\u0439"},{"@type":"BreadcrumbList","@id":"https:\/\/xstyle.md\/product\/gornye-lyzhi-elan-primetime-n2-w-blk-sx-el-9-0\/#breadcrumb","itemListElement":[{"@type":"ListItem","position":1,"name":"\u0413\u043b\u0430\u0432\u043d\u0430\u044f \u0441\u0442\u0440\u0430\u043d\u0438\u0446\u0430","item":"https:\/\/xstyle.md\/"},{"@type":"ListItem","position":2,"name":"\u041c\u0430\u0433\u0430\u0437\u0438\u043d","item":"https:\/\/xstyle.md\/shop\/"},{"@type":"ListItem","position":3,"name":"\u0413\u043e\u0440\u043d\u044b\u0435 \u043b\u044b\u0436\u0438 Elan PRIMETIME N2 W BLK SX EL 9.0"}]},{"@type":"WebSite","@id":"https:\/\/xstyle.md\/#website","url":"https:\/\/xstyle.md\/","name":"Magazinul X-Style","description":"Echipamente pentru turism \u0219i sporturi extreme \u00een Moldova. Pre\u021buri, fotografii, caracteristici \u00een Moldova.","publisher":{"@id":"https:\/\/xstyle.md\/#organization"},"alternateName":"X-Style","potentialAction":[{"@type":"SearchAction","target":{"@type":"EntryPoint","urlTemplate":"https:\/\/xstyle.md\/?s={search_term_string}"},"query-input":{"@type":"PropertyValueSpecification","valueRequired":true,"valueName":"search_term_string"}}],"inLanguage":"ro-RO"},{"@type":"Organization","@id":"https:\/\/xstyle.md\/#organization","name":"Magazinul X-Style","alternateName":"x-style","url":"https:\/\/xstyle.md\/","logo":{"@type":"ImageObject","inLanguage":"ro-RO","@id":"https:\/\/xstyle.md\/#\/schema\/logo\/image\/","url":"https:\/\/xstyle.md\/wp-content\/uploads\/2020\/06\/logoicon.svg","contentUrl":"https:\/\/xstyle.md\/wp-content\/uploads\/2020\/06\/logoicon.svg","caption":"\u041c\u0430\u0433\u0430\u0437\u0438\u043d Xstyle"},"image":{"@id":"https:\/\/xstyle.md\/#\/schema\/logo\/image\/"},"sameAs":["https:\/\/www.facebook.com\/xstylemd","https:\/\/www.instagram.com\/xstyle_md\/","https:\/\/t.me\/xstyle_outdoor"],"hasMerchantReturnPolicy":{"@type":"MerchantReturnPolicy","merchantReturnLink":"https:\/\/xstyle.md\/ro\/conditions\/"}}]},"product_price_amount":"8890.00","product_price_currency":"MDL","og_availability":"instock","product_availability":"instock","product_retailer_item_id":"3838855831428","product_condition":"new"},"_links":{"self":[{"href":"https:\/\/xstyle.md\/ro\/wp-json\/wp\/v2\/product\/98783","targetHints":{"allow":["GET"]}}],"collection":[{"href":"https:\/\/xstyle.md\/ro\/wp-json\/wp\/v2\/product"}],"about":[{"href":"https:\/\/xstyle.md\/ro\/wp-json\/wp\/v2\/types\/product"}],"replies":[{"embeddable":true,"href":"https:\/\/xstyle.md\/ro\/wp-json\/wp\/v2\/comments?post=98783"}],"wp:featuredmedia":[{"embeddable":true,"href":"https:\/\/xstyle.md\/ro\/wp-json\/wp\/v2\/media\/102526"}],"wp:attachment":[{"href":"https:\/\/xstyle.md\/ro\/wp-json\/wp\/v2\/media?parent=98783"}],"wp:term":[{"taxonomy":"product_brand","embeddable":true,"href":"https:\/\/xstyle.md\/ro\/wp-json\/wp\/v2\/product_brand?post=98783"},{"taxonomy":"product_cat","embeddable":true,"href":"https:\/\/xstyle.md\/ro\/wp-json\/wp\/v2\/product_cat?post=98783"},{"taxonomy":"product_tag","embeddable":true,"href":"https:\/\/xstyle.md\/ro\/wp-json\/wp\/v2\/product_tag?post=98783"}],"curies":[{"name":"wp","href":"https:\/\/api.w.org\/{rel}","templated":true}]}}