{"id":9875,"date":"2020-07-17T09:39:56","date_gmt":"2020-07-17T06:39:56","guid":{"rendered":"https:\/\/xstyle.md\/product\/gorelka-msr-reactor-1-0l-stovesystem"},"modified":"2024-10-02T21:24:56","modified_gmt":"2024-10-02T18:24:56","slug":"gorelka-msr-reactor-1-0l-stovesystem","status":"publish","type":"product","link":"https:\/\/xstyle.md\/ro\/produs\/gorelka-msr-reactor-1-0l-stovesystem\/","title":{"rendered":"Arz\u0103tor MSR Reactor 1.0L StoveSystem"},"content":{"rendered":"<\/p>\n<p><strong>Arz\u0103tor MSR Reactor 1.0L<\/strong> &#8212; nu este doar un arz\u0103tor, ci un set \u00eentreg de g\u0103tit, care const\u0103 dintr-un arz\u0103tor cu gaz Reactor \u0219i un vas de 1,0 litri. MSR Reactor Stove System 1.0 este unul dintre cele mai puternice sisteme de g\u0103tit cu consum economic de gaz \u00een aceste zile. Arz\u0103torul MSR Reactor se ruleaz\u0103 pe butelii filetate. Este echipat cu un regulator de alimentare cu gaz, care v\u0103 permite s\u0103 seta\u021bi \u00een mod independent puterea necesar\u0103 pentru a asigura func\u021bionarea eficient\u0103 \u0219i uniform\u0103 a arz\u0103torului pe toat\u0103 durata consum\u0103rii cilindrului de gaz. Ceainicul cu volumul de 1 litru care vine \u00een kit este fabricat din aluminiu anodizat u\u0219or, rezistent la coroziune.<\/p>\n<p>Partea inferioar\u0103 a centralei este echipat\u0103 cu un schimb\u0103tor de c\u0103ldur\u0103 pentru radiatoare, care serve\u0219te ca protec\u021bie \u00eempotriva v\u00e2ntului \u0219i cre\u0219te eficien\u021ba. Exist\u0103 o zon\u0103 de oxidare a gazelor catalitice \u00een interiorul schimb\u0103torului de c\u0103ldur\u0103 pentru a oferi protec\u021bie maxim\u0103 chiar \u0219i \u00een cele mai dificile condi\u021bii meteorologice. Potrivit pentru g\u0103tit pentru un grup de 1-2 persoane. Arz\u0103torul \u0219i sticla de gaz sunt plasate \u00een interiorul centralei. M\u00e2nerul este pliat peste capac \u0219i se fixeaz\u0103 pentru a asigura o pozi\u021bie fiabil\u0103 a arz\u0103torului \u0219i a cilindrului \u00een interior. Acest lucru reduce riscul de deteriorare accidental\u0103 a arz\u0103torului sau a cilindrului \u00een timpul transport\u0103rii.<\/p>\n<h3>Specifica\u021bii<\/h3>\n<ul>\n<li>cel mai eficient schimb\u0103tor de c\u0103ldur\u0103 care ofer\u0103 eficien\u021b\u0103 maxim\u0103<\/li>\n<li>un regulator special asigur\u0103 o presiune stabil\u0103 \u00een timp ce reduce gazul din cilindru<\/li>\n<li>protec\u021bie \u00eempotriva v\u00e2ntului inegalabil\u0103: zona de oxidare catalitic\u0103 a gazului este amplasat\u0103 \u00een interiorul schimb\u0103torului de c\u0103ldur\u0103 pentru a oferi o protec\u021bie maxim\u0103 chiar \u0219i \u00een cele mai dificile condi\u021bii meteorologice<\/li>\n<li>performan\u021b\u0103 inegalabil\u0103: \u00eentr-un test de laborator, un litru de ap\u0103 fierbe \u00een doar 3 minute, chiar \u0219i cu un v\u00e2nt puternic<\/li>\n<li>se pliaz\u0103 compact<\/li>\n<li>acoperirea special\u0103 \u00eembun\u0103t\u0103\u021be\u0219te eficien\u021ba<\/li>\n<\/ul>\n<h3>Caracteristici<\/h3>\n<ul>\n<li>greutate minim\u0103 &#8212; 417 g<\/li>\n<li>volumul &#8212; 1,0 L<\/li>\n<li>dimensiune pliat\u0103 &#8212; 12 x 15,5 cm<\/li>\n<li>timp de fierbere 0,5 l ap\u0103 &#8212; 1,6 minute<\/li>\n<li>consumul de gaz &#8212; 110 g cilindru este suficient pentru fierberea a 10,5 litri de ap\u0103<\/li>\n<li>consumul de gaz &#8212; 110 g cilindru este suficient pentru 38 de minute de ardere la \u00eentreaga putere Aprindere Piezo &#8212; nu<\/li>\n<\/ul>\n<p>&nbsp;<\/p>\n<div>\n<p><iframe loading=\"lazy\" title=\"MSR Stoves: WindBurner\u2122 Accessories\" width=\"640\" height=\"360\" src=\"https:\/\/www.youtube.com\/embed\/k_t9UVdDJNU?feature=oembed\" frameborder=\"0\" allow=\"accelerometer; autoplay; clipboard-write; encrypted-media; gyroscope; picture-in-picture; web-share\" referrerpolicy=\"strict-origin-when-cross-origin\" allowfullscreen><\/iframe><\/p>\n<\/div>\n<p><\/p>","protected":false},"excerpt":{"rendered":"<p>Arz\u0103tor MSR Reactor 1.0L StoveSystem<\/p>","protected":false},"featured_media":9868,"comment_status":"open","ping_status":"closed","template":"","meta":{"_acf_changed":false,"inline_featured_image":false},"product_brand":[1279],"product_cat":[453],"product_tag":[],"class_list":{"0":"post-9875","1":"product","2":"type-product","3":"status-publish","4":"has-post-thumbnail","6":"product_brand-msr","7":"product_cat-jetboil","9":"first","10":"outofstock","11":"shipping-taxable","12":"product-type-simple"},"acf":[],"yoast_head":"<!-- This site is optimized with the Yoast SEO plugin v27.2 - https:\/\/yoast.com\/product\/yoast-seo-wordpress\/ -->\n<title>\u0413\u043e\u0440\u0435\u043b\u043a\u0430 MSR Reactor 1.0L - \u041c\u0430\u0433\u0430\u0437\u0438\u043d Xstyle<\/title>\n<meta name=\"description\" content=\"\u0413\u043e\u0440\u0435\u043b\u043a\u0430 MSR Reactor 1.0L - \u043c\u043e\u0449\u043d\u0430\u044f \u0438 \u044d\u0444\u0444\u0435\u043a\u0442\u0438\u0432\u043d\u0430\u044f \u043f\u0435\u0447\u044c \u0434\u043b\u044f \u0442\u0443\u0440\u0438\u0441\u0442\u043e\u0432. \u0418\u0434\u0435\u0430\u043b\u044c\u043d\u0430 \u0434\u043b\u044f \u044d\u043a\u043e\u043d\u043e\u043c\u0438\u0438 \u0433\u0430\u0437\u0430 \u0438 \u0431\u044b\u0441\u0442\u0440\u043e\u0433\u043e \u043f\u0440\u0438\u0433\u043e\u0442\u043e\u0432\u043b\u0435\u043d\u0438\u044f \u043f\u0438\u0449\u0438 \u043d\u0430 \u043f\u0440\u0438\u0440\u043e\u0434\u0435.\" \/>\n<meta name=\"robots\" content=\"index, follow, max-snippet:-1, max-image-preview:large, max-video-preview:-1\" \/>\n<link rel=\"canonical\" href=\"https:\/\/xstyle.md\/ro\/produs\/gorelka-msr-reactor-1-0l-stovesystem\/\" \/>\n<meta property=\"og:locale\" content=\"ro_RO\" \/>\n<meta property=\"og:type\" content=\"article\" \/>\n<meta property=\"og:title\" content=\"\u0413\u043e\u0440\u0435\u043b\u043a\u0430 MSR Reactor 1.0L - \u041c\u0430\u0433\u0430\u0437\u0438\u043d Xstyle\" \/>\n<meta property=\"og:description\" content=\"\u0413\u043e\u0440\u0435\u043b\u043a\u0430 MSR Reactor 1.0L - \u043c\u043e\u0449\u043d\u0430\u044f \u0438 \u044d\u0444\u0444\u0435\u043a\u0442\u0438\u0432\u043d\u0430\u044f \u043f\u0435\u0447\u044c \u0434\u043b\u044f \u0442\u0443\u0440\u0438\u0441\u0442\u043e\u0432. \u0418\u0434\u0435\u0430\u043b\u044c\u043d\u0430 \u0434\u043b\u044f \u044d\u043a\u043e\u043d\u043e\u043c\u0438\u0438 \u0433\u0430\u0437\u0430 \u0438 \u0431\u044b\u0441\u0442\u0440\u043e\u0433\u043e \u043f\u0440\u0438\u0433\u043e\u0442\u043e\u0432\u043b\u0435\u043d\u0438\u044f \u043f\u0438\u0449\u0438 \u043d\u0430 \u043f\u0440\u0438\u0440\u043e\u0434\u0435.\" \/>\n<meta property=\"og:url\" content=\"https:\/\/xstyle.md\/ro\/produs\/gorelka-msr-reactor-1-0l-stovesystem\/\" \/>\n<meta property=\"og:site_name\" content=\"\u041c\u0430\u0433\u0430\u0437\u0438\u043d Xstyle\" \/>\n<meta property=\"article:publisher\" content=\"https:\/\/www.facebook.com\/xstylemd\" \/>\n<meta property=\"article:modified_time\" content=\"2024-10-02T18:24:56+00:00\" \/>\n<meta property=\"og:image\" content=\"https:\/\/xstyle.md\/wp-content\/uploads\/2020\/07\/msr_reactor_1_1.jpg\" \/>\n\t<meta property=\"og:image:width\" content=\"619\" \/>\n\t<meta property=\"og:image:height\" content=\"800\" \/>\n\t<meta property=\"og:image:type\" content=\"image\/jpeg\" \/>\n<meta name=\"twitter:card\" content=\"summary_large_image\" \/>\n<meta name=\"twitter:label1\" content=\"Pre\u021b\" \/>\n\t<meta name=\"twitter:data1\" content=\"6.680&nbsp;MDL\" \/>\n\t<meta name=\"twitter:label2\" content=\"Disponibilitate\" \/>\n\t<meta name=\"twitter:data2\" content=\"Stoc epuizat\" \/>\n<script type=\"application\/ld+json\" class=\"yoast-schema-graph\">{\"@context\":\"https:\/\/schema.org\",\"@graph\":[{\"@type\":\"WebPage\",\"@id\":\"https:\/\/xstyle.md\/product\/gorelka-msr-reactor-1-0l-stovesystem\/\",\"url\":\"https:\/\/xstyle.md\/product\/gorelka-msr-reactor-1-0l-stovesystem\/\",\"name\":\"\u0413\u043e\u0440\u0435\u043b\u043a\u0430 MSR Reactor 1.0L - \u041c\u0430\u0433\u0430\u0437\u0438\u043d Xstyle\",\"isPartOf\":{\"@id\":\"https:\/\/xstyle.md\/#website\"},\"primaryImageOfPage\":{\"@id\":\"https:\/\/xstyle.md\/product\/gorelka-msr-reactor-1-0l-stovesystem\/#primaryimage\"},\"image\":{\"@id\":\"https:\/\/xstyle.md\/product\/gorelka-msr-reactor-1-0l-stovesystem\/#primaryimage\"},\"thumbnailUrl\":\"https:\/\/xstyle.md\/wp-content\/uploads\/2020\/07\/msr_reactor_1_1.jpg\",\"datePublished\":\"2020-07-17T06:39:56+00:00\",\"dateModified\":\"2024-10-02T18:24:56+00:00\",\"description\":\"\u0413\u043e\u0440\u0435\u043b\u043a\u0430 MSR Reactor 1.0L - \u043c\u043e\u0449\u043d\u0430\u044f \u0438 \u044d\u0444\u0444\u0435\u043a\u0442\u0438\u0432\u043d\u0430\u044f \u043f\u0435\u0447\u044c \u0434\u043b\u044f \u0442\u0443\u0440\u0438\u0441\u0442\u043e\u0432. \u0418\u0434\u0435\u0430\u043b\u044c\u043d\u0430 \u0434\u043b\u044f \u044d\u043a\u043e\u043d\u043e\u043c\u0438\u0438 \u0433\u0430\u0437\u0430 \u0438 \u0431\u044b\u0441\u0442\u0440\u043e\u0433\u043e \u043f\u0440\u0438\u0433\u043e\u0442\u043e\u0432\u043b\u0435\u043d\u0438\u044f \u043f\u0438\u0449\u0438 \u043d\u0430 \u043f\u0440\u0438\u0440\u043e\u0434\u0435.\",\"breadcrumb\":{\"@id\":\"https:\/\/xstyle.md\/product\/gorelka-msr-reactor-1-0l-stovesystem\/#breadcrumb\"},\"inLanguage\":\"ro-RO\",\"potentialAction\":[{\"@type\":\"ReadAction\",\"target\":[\"https:\/\/xstyle.md\/product\/gorelka-msr-reactor-1-0l-stovesystem\/\"]}]},{\"@type\":\"ImageObject\",\"inLanguage\":\"ro-RO\",\"@id\":\"https:\/\/xstyle.md\/product\/gorelka-msr-reactor-1-0l-stovesystem\/#primaryimage\",\"url\":\"https:\/\/xstyle.md\/wp-content\/uploads\/2020\/07\/msr_reactor_1_1.jpg\",\"contentUrl\":\"https:\/\/xstyle.md\/wp-content\/uploads\/2020\/07\/msr_reactor_1_1.jpg\",\"width\":619,\"height\":800},{\"@type\":\"BreadcrumbList\",\"@id\":\"https:\/\/xstyle.md\/product\/gorelka-msr-reactor-1-0l-stovesystem\/#breadcrumb\",\"itemListElement\":[{\"@type\":\"ListItem\",\"position\":1,\"name\":\"\u0413\u043b\u0430\u0432\u043d\u0430\u044f \u0441\u0442\u0440\u0430\u043d\u0438\u0446\u0430\",\"item\":\"https:\/\/xstyle.md\/\"},{\"@type\":\"ListItem\",\"position\":2,\"name\":\"\u041c\u0430\u0433\u0430\u0437\u0438\u043d\",\"item\":\"https:\/\/xstyle.md\/shop\/\"},{\"@type\":\"ListItem\",\"position\":3,\"name\":\"\u0413\u043e\u0440\u0435\u043b\u043a\u0430 MSR Reactor 1.0L\"}]},{\"@type\":\"WebSite\",\"@id\":\"https:\/\/xstyle.md\/#website\",\"url\":\"https:\/\/xstyle.md\/\",\"name\":\"\u041c\u0430\u0433\u0430\u0437\u0438\u043d Xstyle\",\"description\":\"C\u043d\u0430\u0440\u044f\u0436\u0435\u043d\u0438\u0435 \u0434\u043b\u044f \u0442\u0443\u0440\u0438\u0437\u043c\u0430 \u0438 \u044d\u043a\u0441\u0442\u0440\u0435\u043c\u0430\u043b\u044c\u043d\u044b\u0445 \u0432\u0438\u0434\u043e\u0432 \u0441\u043f\u043e\u0440\u0442\u0430 \u0432 \u041c\u043e\u043b\u0434\u043e\u0432\u0435.. \u0426\u0435\u043d\u044b, \u0444\u043e\u0442\u043e, \u0445\u0430\u0440\u0430\u043a\u0442\u0435\u0440\u0438\u0441\u0442\u0438\u043a\u0438 \u0432 \u041c\u043e\u043b\u0434\u043e\u0432\u0435.\",\"publisher\":{\"@id\":\"https:\/\/xstyle.md\/#organization\"},\"alternateName\":\"X-Style\",\"potentialAction\":[{\"@type\":\"SearchAction\",\"target\":{\"@type\":\"EntryPoint\",\"urlTemplate\":\"https:\/\/xstyle.md\/?s={search_term_string}\"},\"query-input\":{\"@type\":\"PropertyValueSpecification\",\"valueRequired\":true,\"valueName\":\"search_term_string\"}}],\"inLanguage\":\"ro-RO\"},{\"@type\":\"Organization\",\"@id\":\"https:\/\/xstyle.md\/#organization\",\"name\":\"\u041c\u0430\u0433\u0430\u0437\u0438\u043d Xstyle\",\"alternateName\":\"x-style\",\"url\":\"https:\/\/xstyle.md\/\",\"logo\":{\"@type\":\"ImageObject\",\"inLanguage\":\"ro-RO\",\"@id\":\"https:\/\/xstyle.md\/#\/schema\/logo\/image\/\",\"url\":\"https:\/\/xstyle.md\/wp-content\/uploads\/2020\/06\/logoicon.svg\",\"contentUrl\":\"https:\/\/xstyle.md\/wp-content\/uploads\/2020\/06\/logoicon.svg\",\"caption\":\"\u041c\u0430\u0433\u0430\u0437\u0438\u043d Xstyle\"},\"image\":{\"@id\":\"https:\/\/xstyle.md\/#\/schema\/logo\/image\/\"},\"sameAs\":[\"https:\/\/www.facebook.com\/xstylemd\",\"https:\/\/www.instagram.com\/xstyle_md\/\",\"https:\/\/t.me\/xstyle_outdoor\"],\"hasMerchantReturnPolicy\":{\"@type\":\"MerchantReturnPolicy\",\"merchantReturnLink\":\"https:\/\/xstyle.md\/ro\/conditions\/\"}}]}<\/script>\n<meta property=\"product:price:amount\" content=\"6680.00\" \/>\n<meta property=\"product:price:currency\" content=\"MDL\" \/>\n<meta property=\"og:availability\" content=\"out of stock\" \/>\n<meta property=\"product:availability\" content=\"out of stock\" \/>\n<meta property=\"product:retailer_item_id\" content=\"40818068991\" \/>\n<meta property=\"product:condition\" content=\"new\" \/>\n<!-- \/ Yoast SEO plugin. -->","yoast_head_json":{"title":"Arz\u0103tor MSR Reactor 1.0L StoveSystem - Magazin Xstyle","description":"Cump\u0103r\u0103tor MSR Reactor 1.0L - un aragaz puternic \u0219i eficient pentru turi\u0219ti. Ideal pentru economisirea gazului \u0219i g\u0103tirea rapid\u0103 a m\u00e2nc\u0103rii \u00een natur\u0103.","robots":{"index":"index","follow":"follow","max-snippet":"max-snippet:-1","max-image-preview":"max-image-preview:large","max-video-preview":"max-video-preview:-1"},"canonical":"https:\/\/xstyle.md\/ro\/produs\/gorelka-msr-reactor-1-0l-stovesystem\/","og_locale":"ro_RO","og_type":"article","og_title":"\u0413\u043e\u0440\u0435\u043b\u043a\u0430 MSR Reactor 1.0L - \u041c\u0430\u0433\u0430\u0437\u0438\u043d Xstyle","og_description":"\u0413\u043e\u0440\u0435\u043b\u043a\u0430 MSR Reactor 1.0L - \u043c\u043e\u0449\u043d\u0430\u044f \u0438 \u044d\u0444\u0444\u0435\u043a\u0442\u0438\u0432\u043d\u0430\u044f \u043f\u0435\u0447\u044c \u0434\u043b\u044f \u0442\u0443\u0440\u0438\u0441\u0442\u043e\u0432. \u0418\u0434\u0435\u0430\u043b\u044c\u043d\u0430 \u0434\u043b\u044f \u044d\u043a\u043e\u043d\u043e\u043c\u0438\u0438 \u0433\u0430\u0437\u0430 \u0438 \u0431\u044b\u0441\u0442\u0440\u043e\u0433\u043e \u043f\u0440\u0438\u0433\u043e\u0442\u043e\u0432\u043b\u0435\u043d\u0438\u044f \u043f\u0438\u0449\u0438 \u043d\u0430 \u043f\u0440\u0438\u0440\u043e\u0434\u0435.","og_url":"https:\/\/xstyle.md\/ro\/produs\/gorelka-msr-reactor-1-0l-stovesystem\/","og_site_name":"\u041c\u0430\u0433\u0430\u0437\u0438\u043d Xstyle","article_publisher":"https:\/\/www.facebook.com\/xstylemd","article_modified_time":"2024-10-02T18:24:56+00:00","og_image":[{"width":619,"height":800,"url":"https:\/\/xstyle.md\/wp-content\/uploads\/2020\/07\/msr_reactor_1_1.jpg","type":"image\/jpeg"}],"twitter_card":"summary_large_image","twitter_misc":{"Pre\u021b":"6.680&nbsp;MDL","Disponibilitate":"Stoc epuizat"},"schema":{"@context":"https:\/\/schema.org","@graph":[{"@type":"WebPage","@id":"https:\/\/xstyle.md\/product\/gorelka-msr-reactor-1-0l-stovesystem\/","url":"https:\/\/xstyle.md\/product\/gorelka-msr-reactor-1-0l-stovesystem\/","name":"Arz\u0103tor MSR Reactor 1.0L StoveSystem - Magazin Xstyle","isPartOf":{"@id":"https:\/\/xstyle.md\/#website"},"primaryImageOfPage":{"@id":"https:\/\/xstyle.md\/product\/gorelka-msr-reactor-1-0l-stovesystem\/#primaryimage"},"image":{"@id":"https:\/\/xstyle.md\/product\/gorelka-msr-reactor-1-0l-stovesystem\/#primaryimage"},"thumbnailUrl":"https:\/\/xstyle.md\/wp-content\/uploads\/2020\/07\/msr_reactor_1_1.jpg","datePublished":"2020-07-17T06:39:56+00:00","dateModified":"2024-10-02T18:24:56+00:00","description":"Cump\u0103r\u0103tor MSR Reactor 1.0L - un aragaz puternic \u0219i eficient pentru turi\u0219ti. Ideal pentru economisirea gazului \u0219i g\u0103tirea rapid\u0103 a m\u00e2nc\u0103rii \u00een natur\u0103.","breadcrumb":{"@id":"https:\/\/xstyle.md\/product\/gorelka-msr-reactor-1-0l-stovesystem\/#breadcrumb"},"inLanguage":"ro-RO","potentialAction":[{"@type":"ReadAction","target":["https:\/\/xstyle.md\/product\/gorelka-msr-reactor-1-0l-stovesystem\/"]}]},{"@type":"ImageObject","inLanguage":"ro-RO","@id":"https:\/\/xstyle.md\/product\/gorelka-msr-reactor-1-0l-stovesystem\/#primaryimage","url":"https:\/\/xstyle.md\/wp-content\/uploads\/2020\/07\/msr_reactor_1_1.jpg","contentUrl":"https:\/\/xstyle.md\/wp-content\/uploads\/2020\/07\/msr_reactor_1_1.jpg","width":619,"height":800},{"@type":"BreadcrumbList","@id":"https:\/\/xstyle.md\/product\/gorelka-msr-reactor-1-0l-stovesystem\/#breadcrumb","itemListElement":[{"@type":"ListItem","position":1,"name":"\u0413\u043b\u0430\u0432\u043d\u0430\u044f \u0441\u0442\u0440\u0430\u043d\u0438\u0446\u0430","item":"https:\/\/xstyle.md\/"},{"@type":"ListItem","position":2,"name":"\u041c\u0430\u0433\u0430\u0437\u0438\u043d","item":"https:\/\/xstyle.md\/shop\/"},{"@type":"ListItem","position":3,"name":"\u0413\u043e\u0440\u0435\u043b\u043a\u0430 MSR Reactor 1.0L"}]},{"@type":"WebSite","@id":"https:\/\/xstyle.md\/#website","url":"https:\/\/xstyle.md\/","name":"Magazinul X-Style","description":"Echipamente pentru turism \u0219i sporturi extreme \u00een Moldova. Pre\u021buri, fotografii, caracteristici \u00een Moldova.","publisher":{"@id":"https:\/\/xstyle.md\/#organization"},"alternateName":"X-Style","potentialAction":[{"@type":"SearchAction","target":{"@type":"EntryPoint","urlTemplate":"https:\/\/xstyle.md\/?s={search_term_string}"},"query-input":{"@type":"PropertyValueSpecification","valueRequired":true,"valueName":"search_term_string"}}],"inLanguage":"ro-RO"},{"@type":"Organization","@id":"https:\/\/xstyle.md\/#organization","name":"Magazinul X-Style","alternateName":"x-style","url":"https:\/\/xstyle.md\/","logo":{"@type":"ImageObject","inLanguage":"ro-RO","@id":"https:\/\/xstyle.md\/#\/schema\/logo\/image\/","url":"https:\/\/xstyle.md\/wp-content\/uploads\/2020\/06\/logoicon.svg","contentUrl":"https:\/\/xstyle.md\/wp-content\/uploads\/2020\/06\/logoicon.svg","caption":"\u041c\u0430\u0433\u0430\u0437\u0438\u043d Xstyle"},"image":{"@id":"https:\/\/xstyle.md\/#\/schema\/logo\/image\/"},"sameAs":["https:\/\/www.facebook.com\/xstylemd","https:\/\/www.instagram.com\/xstyle_md\/","https:\/\/t.me\/xstyle_outdoor"],"hasMerchantReturnPolicy":{"@type":"MerchantReturnPolicy","merchantReturnLink":"https:\/\/xstyle.md\/ro\/conditions\/"}}]},"product_price_amount":"6680.00","product_price_currency":"MDL","og_availability":"out of stock","product_availability":"out of stock","product_retailer_item_id":"40818068991","product_condition":"new"},"post_mailing_queue_ids":[],"_links":{"self":[{"href":"https:\/\/xstyle.md\/ro\/wp-json\/wp\/v2\/product\/9875","targetHints":{"allow":["GET"]}}],"collection":[{"href":"https:\/\/xstyle.md\/ro\/wp-json\/wp\/v2\/product"}],"about":[{"href":"https:\/\/xstyle.md\/ro\/wp-json\/wp\/v2\/types\/product"}],"replies":[{"embeddable":true,"href":"https:\/\/xstyle.md\/ro\/wp-json\/wp\/v2\/comments?post=9875"}],"wp:featuredmedia":[{"embeddable":true,"href":"https:\/\/xstyle.md\/ro\/wp-json\/wp\/v2\/media\/9868"}],"wp:attachment":[{"href":"https:\/\/xstyle.md\/ro\/wp-json\/wp\/v2\/media?parent=9875"}],"wp:term":[{"taxonomy":"product_brand","embeddable":true,"href":"https:\/\/xstyle.md\/ro\/wp-json\/wp\/v2\/product_brand?post=9875"},{"taxonomy":"product_cat","embeddable":true,"href":"https:\/\/xstyle.md\/ro\/wp-json\/wp\/v2\/product_cat?post=9875"},{"taxonomy":"product_tag","embeddable":true,"href":"https:\/\/xstyle.md\/ro\/wp-json\/wp\/v2\/product_tag?post=9875"}],"curies":[{"name":"wp","href":"https:\/\/api.w.org\/{rel}","templated":true}]}}