{"id":9851,"date":"2020-07-17T09:38:31","date_gmt":"2020-07-17T06:38:31","guid":{"rendered":"https:\/\/xstyle.md\/product\/kovrik-dlja-jogi-bodhy-yoga-ecopro-mat-xl"},"modified":"2025-12-24T18:40:13","modified_gmt":"2025-12-24T15:40:13","slug":"kovrik-dlja-jogi-bodhy-yoga-ecopro-mat-xl","status":"publish","type":"product","link":"https:\/\/xstyle.md\/ro\/produs\/kovrik-dlja-jogi-bodhy-yoga-ecopro-mat-xl\/","title":{"rendered":"Covora\u0219 Yoga Bodhi EcoPro Mat XL"},"content":{"rendered":"<\/p>\n<p><strong>Saltea pentru yoga Bodhy Yoga EcoPro Mat XL <\/strong>un covora\u0219 de yoga alungit din cauciuc natural cu aderen\u021b\u0103 maxim\u0103. Acest lucru se datoreaz\u0103 faptului c\u0103 aderen\u021ba dintre pielea palmelor \u0219i a picioarelor dvs. \u0219i suprafa\u021ba de cauciuc este mult mai mare dec\u00e2t \u00een cazul materialelor sintetice.<\/p>\n<p>Suprafa\u021ba covora\u0219ului are o textur\u0103, care \u00eempiedic\u0103 \u0219i mai mult alunecarea picioarelor \u0219i a palmelor, chiar \u0219i \u00een condi\u021bii de u\u0219oar\u0103 umezeal\u0103. Rezisten\u021b\u0103 \u0219i durabilitate sporite. Covora\u0219ul eKO este ecologic \u0219i este fabricat din cauciuc natural biodegradabil. Tehnologia inovatoare de fabrica\u021bie a redus mirosul specific de cauciuc al covora\u0219ului.<\/p>\n<h3>Particularit\u0103\u021bi<\/h3>\n<ul>\n<li>Se lipe\u0219te bine de podea, nu se \u00eencovoaie \u0219i nu alunec\u0103.<\/li>\n<li>Ofer\u0103 o fric\u021biune fantastic\u0103 chiar \u0219i cu palmele umede.<\/li>\n<li>Durabil \u0219i rezistent la uzur\u0103.<\/li>\n<li>Certificat conform celui mai \u00eenalt standard Oeko-Tex Standard 100, garant\u00e2nd un contact sigur cu pielea.<\/li>\n<li>Materialul hipoalergenic nu con\u021bine substan\u021be chimice d\u0103un\u0103toare \u0219i este complet ecologic.<\/li>\n<li>Aderen\u021b\u0103 \u00eembun\u0103t\u0103\u021bit\u0103.<\/li>\n<\/ul>\n<h4>\u00cengrijire<\/h4>\n<p>Nu puneti covora\u0219ul \u00een ma\u0219ina de sp\u0103lat, deoarece acest lucru va distruge materialul. Nu \u00eel \u00eenmuia\u021bi sau scufunda\u021bi \u00een ap\u0103. Covora\u0219ul poate fi cur\u0103\u021bat cu un burete umed sau pulverizat cu un spray antibacterian. Nu l\u0103sa\u021bi covora\u0219ul pe un calorifer sau pe usc\u0103tor.<\/p>\n<h4>A pastra<\/h4>\n<p>Nu l\u0103sa\u021bi covora\u0219ul \u00een lumina direct\u0103 a soarelui. Dac\u0103 este umed, l\u0103sa\u021bi covora\u0219ul s\u0103 se usuce \u00eenainte de a-l \u00eenf\u0103\u0219ura. Pentru cele mai bune rezultate, p\u0103stra\u021bi covora\u0219ul \u00eentr-o hus\u0103 atunci c\u00e2nd nu \u00eel folosi\u021bi, deoarece expunerea prelungit\u0103 la aer \u0219i la soare poate deteriora cauciucul de pe covora\u0219. Utilizarea acestui produs \u00eentr-un mediu cald necesit\u0103 o \u00eentre\u021binere regulat\u0103 pentru a men\u021bine.<\/p>\n<h3>Caracteristici<\/h3>\n<ul>\n<li>Dimensiune: 200 x 60 cm<\/li>\n<li>Grosime: 4 mm<\/li>\n<li>Greutate: 1,7 kg.<\/li>\n<\/ul>\n<h3>Marca<\/h3>\n<p>Marca Bodhi Yoga apar\u021bine companiei germane Bodynova, specializat\u0103 \u00een produse de yoga. Oamenii care lucreaz\u0103 pentru aceast\u0103 companie \u00een\u021beleg de ce are nevoie un practicant. Sub aceast\u0103 marc\u0103 sunt disponibile peste 20 de tipuri diferite de covora\u0219e, care se adapteaz\u0103 la diferite stiluri de yoga. Covora\u0219ele sunt realizate din materiale diferite pentru a se potrivi utiliz\u0103rii \u00een interior sau \u00een exterior, precum \u0219i preferin\u021belor personale (de exemplu, mai moi sau mai rigide). Cu at\u00e2t de multe op\u021biuni, v\u0103 pute\u021bi g\u0103si covora\u0219ul de yoga perfect pentru a fi ajutorul dumneavoastr\u0103 indispensabil \u00een practic\u0103.<\/p>\n<p><\/p>","protected":false},"excerpt":{"rendered":"<p>Covora\u0219 Yoga Bodhi EcoPro Mat XL<\/p>","protected":false},"featured_media":9849,"comment_status":"open","ping_status":"closed","template":"","meta":{"_acf_changed":false,"inline_featured_image":false},"product_brand":[1359],"product_cat":[474],"product_tag":[],"class_list":{"0":"post-9851","1":"product","2":"type-product","3":"status-publish","4":"has-post-thumbnail","6":"product_brand-bodhy-yoga","7":"product_cat-yoga-mats","9":"first","10":"instock","11":"shipping-taxable","12":"purchasable","13":"product-type-simple"},"acf":[],"yoast_head":"<!-- This site is optimized with the Yoast SEO plugin v27.2 - https:\/\/yoast.com\/product\/yoast-seo-wordpress\/ -->\n<title>\u041a\u043e\u0432\u0440\u0438\u043a \u0434\u043b\u044f \u0439\u043e\u0433\u0438 Bodhi EcoPro Mat XL - \u041c\u0430\u0433\u0430\u0437\u0438\u043d Xstyle<\/title>\n<meta name=\"description\" content=\"\u041a\u043e\u0432\u0440\u0438\u043a \u0434\u043b\u044f \u0439\u043e\u0433\u0438 Bodhi EcoPro Mat XL: \u044d\u043a\u043e\u043b\u043e\u0433\u0438\u0447\u0435\u0441\u043a\u0438 \u0447\u0438\u0441\u0442\u044b\u0439, \u0438\u0437 \u043d\u0430\u0442\u0443\u0440\u0430\u043b\u044c\u043d\u043e\u0433\u043e \u043a\u0430\u0443\u0447\u0443\u043a\u0430, \u0441 \u043e\u0442\u043b\u0438\u0447\u043d\u043e\u0439 \u0430\u0434\u0433\u0435\u0437\u0438\u0435\u0439. \u0414\u043b\u044f \u043a\u043e\u043c\u0444\u043e\u0440\u0442\u0430 \u0438 \u0443\u0432\u0435\u0440\u0435\u043d\u043d\u043e\u0441\u0442\u0438 \u0432 \u043a\u0430\u0436\u0434\u043e\u0439 \u043f\u0440\u0430\u043a\u0442\u0438\u043a\u0435!\" \/>\n<meta name=\"robots\" content=\"index, follow, max-snippet:-1, max-image-preview:large, max-video-preview:-1\" \/>\n<link rel=\"canonical\" href=\"https:\/\/xstyle.md\/ro\/produs\/kovrik-dlja-jogi-bodhy-yoga-ecopro-mat-xl\/\" \/>\n<meta property=\"og:locale\" content=\"ro_RO\" \/>\n<meta property=\"og:type\" content=\"article\" \/>\n<meta property=\"og:title\" content=\"\u041a\u043e\u0432\u0440\u0438\u043a \u0434\u043b\u044f \u0439\u043e\u0433\u0438 Bodhi EcoPro Mat XL - \u041c\u0430\u0433\u0430\u0437\u0438\u043d Xstyle\" \/>\n<meta property=\"og:description\" content=\"\u041a\u043e\u0432\u0440\u0438\u043a \u0434\u043b\u044f \u0439\u043e\u0433\u0438 Bodhi EcoPro Mat XL: \u044d\u043a\u043e\u043b\u043e\u0433\u0438\u0447\u0435\u0441\u043a\u0438 \u0447\u0438\u0441\u0442\u044b\u0439, \u0438\u0437 \u043d\u0430\u0442\u0443\u0440\u0430\u043b\u044c\u043d\u043e\u0433\u043e \u043a\u0430\u0443\u0447\u0443\u043a\u0430, \u0441 \u043e\u0442\u043b\u0438\u0447\u043d\u043e\u0439 \u0430\u0434\u0433\u0435\u0437\u0438\u0435\u0439. \u0414\u043b\u044f \u043a\u043e\u043c\u0444\u043e\u0440\u0442\u0430 \u0438 \u0443\u0432\u0435\u0440\u0435\u043d\u043d\u043e\u0441\u0442\u0438 \u0432 \u043a\u0430\u0436\u0434\u043e\u0439 \u043f\u0440\u0430\u043a\u0442\u0438\u043a\u0435!\" \/>\n<meta property=\"og:url\" content=\"https:\/\/xstyle.md\/ro\/produs\/kovrik-dlja-jogi-bodhy-yoga-ecopro-mat-xl\/\" \/>\n<meta property=\"og:site_name\" content=\"\u041c\u0430\u0433\u0430\u0437\u0438\u043d Xstyle\" \/>\n<meta property=\"article:publisher\" content=\"https:\/\/www.facebook.com\/xstylemd\" \/>\n<meta property=\"article:modified_time\" content=\"2025-12-24T15:40:13+00:00\" \/>\n<meta property=\"og:image\" content=\"https:\/\/xstyle.md\/wp-content\/uploads\/2020\/07\/4afc3aa227a14c64ba580d488eae15d1.jpg\" \/>\n\t<meta property=\"og:image:width\" content=\"350\" \/>\n\t<meta property=\"og:image:height\" content=\"245\" \/>\n\t<meta property=\"og:image:type\" content=\"image\/jpeg\" \/>\n<meta name=\"twitter:card\" content=\"summary_large_image\" \/>\n<meta name=\"twitter:label1\" content=\"Pre\u021b\" \/>\n\t<meta name=\"twitter:data1\" content=\"1.950&nbsp;MDL\" \/>\n\t<meta name=\"twitter:label2\" content=\"Disponibilitate\" \/>\n\t<meta name=\"twitter:data2\" content=\"\u00cen stoc\" \/>\n<script type=\"application\/ld+json\" class=\"yoast-schema-graph\">{\"@context\":\"https:\/\/schema.org\",\"@graph\":[{\"@type\":\"WebPage\",\"@id\":\"https:\/\/xstyle.md\/product\/kovrik-dlja-jogi-bodhy-yoga-ecopro-mat-xl\/\",\"url\":\"https:\/\/xstyle.md\/product\/kovrik-dlja-jogi-bodhy-yoga-ecopro-mat-xl\/\",\"name\":\"\u041a\u043e\u0432\u0440\u0438\u043a \u0434\u043b\u044f \u0439\u043e\u0433\u0438 Bodhi EcoPro Mat XL - \u041c\u0430\u0433\u0430\u0437\u0438\u043d Xstyle\",\"isPartOf\":{\"@id\":\"https:\/\/xstyle.md\/#website\"},\"primaryImageOfPage\":{\"@id\":\"https:\/\/xstyle.md\/product\/kovrik-dlja-jogi-bodhy-yoga-ecopro-mat-xl\/#primaryimage\"},\"image\":{\"@id\":\"https:\/\/xstyle.md\/product\/kovrik-dlja-jogi-bodhy-yoga-ecopro-mat-xl\/#primaryimage\"},\"thumbnailUrl\":\"https:\/\/xstyle.md\/wp-content\/uploads\/2020\/07\/4afc3aa227a14c64ba580d488eae15d1.jpg\",\"datePublished\":\"2020-07-17T06:38:31+00:00\",\"dateModified\":\"2025-12-24T15:40:13+00:00\",\"description\":\"\u041a\u043e\u0432\u0440\u0438\u043a \u0434\u043b\u044f \u0439\u043e\u0433\u0438 Bodhi EcoPro Mat XL: \u044d\u043a\u043e\u043b\u043e\u0433\u0438\u0447\u0435\u0441\u043a\u0438 \u0447\u0438\u0441\u0442\u044b\u0439, \u0438\u0437 \u043d\u0430\u0442\u0443\u0440\u0430\u043b\u044c\u043d\u043e\u0433\u043e \u043a\u0430\u0443\u0447\u0443\u043a\u0430, \u0441 \u043e\u0442\u043b\u0438\u0447\u043d\u043e\u0439 \u0430\u0434\u0433\u0435\u0437\u0438\u0435\u0439. \u0414\u043b\u044f \u043a\u043e\u043c\u0444\u043e\u0440\u0442\u0430 \u0438 \u0443\u0432\u0435\u0440\u0435\u043d\u043d\u043e\u0441\u0442\u0438 \u0432 \u043a\u0430\u0436\u0434\u043e\u0439 \u043f\u0440\u0430\u043a\u0442\u0438\u043a\u0435!\",\"breadcrumb\":{\"@id\":\"https:\/\/xstyle.md\/product\/kovrik-dlja-jogi-bodhy-yoga-ecopro-mat-xl\/#breadcrumb\"},\"inLanguage\":\"ro-RO\",\"potentialAction\":[{\"@type\":\"ReadAction\",\"target\":[\"https:\/\/xstyle.md\/product\/kovrik-dlja-jogi-bodhy-yoga-ecopro-mat-xl\/\"]}]},{\"@type\":\"ImageObject\",\"inLanguage\":\"ro-RO\",\"@id\":\"https:\/\/xstyle.md\/product\/kovrik-dlja-jogi-bodhy-yoga-ecopro-mat-xl\/#primaryimage\",\"url\":\"https:\/\/xstyle.md\/wp-content\/uploads\/2020\/07\/4afc3aa227a14c64ba580d488eae15d1.jpg\",\"contentUrl\":\"https:\/\/xstyle.md\/wp-content\/uploads\/2020\/07\/4afc3aa227a14c64ba580d488eae15d1.jpg\",\"width\":350,\"height\":245},{\"@type\":\"BreadcrumbList\",\"@id\":\"https:\/\/xstyle.md\/product\/kovrik-dlja-jogi-bodhy-yoga-ecopro-mat-xl\/#breadcrumb\",\"itemListElement\":[{\"@type\":\"ListItem\",\"position\":1,\"name\":\"\u0413\u043b\u0430\u0432\u043d\u0430\u044f \u0441\u0442\u0440\u0430\u043d\u0438\u0446\u0430\",\"item\":\"https:\/\/xstyle.md\/\"},{\"@type\":\"ListItem\",\"position\":2,\"name\":\"\u041c\u0430\u0433\u0430\u0437\u0438\u043d\",\"item\":\"https:\/\/xstyle.md\/shop\/\"},{\"@type\":\"ListItem\",\"position\":3,\"name\":\"\u041a\u043e\u0432\u0440\u0438\u043a \u0434\u043b\u044f \u0439\u043e\u0433\u0438 Bodhi EcoPro Mat XL\"}]},{\"@type\":\"WebSite\",\"@id\":\"https:\/\/xstyle.md\/#website\",\"url\":\"https:\/\/xstyle.md\/\",\"name\":\"\u041c\u0430\u0433\u0430\u0437\u0438\u043d Xstyle\",\"description\":\"C\u043d\u0430\u0440\u044f\u0436\u0435\u043d\u0438\u0435 \u0434\u043b\u044f \u0442\u0443\u0440\u0438\u0437\u043c\u0430 \u0438 \u044d\u043a\u0441\u0442\u0440\u0435\u043c\u0430\u043b\u044c\u043d\u044b\u0445 \u0432\u0438\u0434\u043e\u0432 \u0441\u043f\u043e\u0440\u0442\u0430 \u0432 \u041c\u043e\u043b\u0434\u043e\u0432\u0435.. \u0426\u0435\u043d\u044b, \u0444\u043e\u0442\u043e, \u0445\u0430\u0440\u0430\u043a\u0442\u0435\u0440\u0438\u0441\u0442\u0438\u043a\u0438 \u0432 \u041c\u043e\u043b\u0434\u043e\u0432\u0435.\",\"publisher\":{\"@id\":\"https:\/\/xstyle.md\/#organization\"},\"alternateName\":\"X-Style\",\"potentialAction\":[{\"@type\":\"SearchAction\",\"target\":{\"@type\":\"EntryPoint\",\"urlTemplate\":\"https:\/\/xstyle.md\/?s={search_term_string}\"},\"query-input\":{\"@type\":\"PropertyValueSpecification\",\"valueRequired\":true,\"valueName\":\"search_term_string\"}}],\"inLanguage\":\"ro-RO\"},{\"@type\":\"Organization\",\"@id\":\"https:\/\/xstyle.md\/#organization\",\"name\":\"\u041c\u0430\u0433\u0430\u0437\u0438\u043d Xstyle\",\"alternateName\":\"x-style\",\"url\":\"https:\/\/xstyle.md\/\",\"logo\":{\"@type\":\"ImageObject\",\"inLanguage\":\"ro-RO\",\"@id\":\"https:\/\/xstyle.md\/#\/schema\/logo\/image\/\",\"url\":\"https:\/\/xstyle.md\/wp-content\/uploads\/2020\/06\/logoicon.svg\",\"contentUrl\":\"https:\/\/xstyle.md\/wp-content\/uploads\/2020\/06\/logoicon.svg\",\"caption\":\"\u041c\u0430\u0433\u0430\u0437\u0438\u043d Xstyle\"},\"image\":{\"@id\":\"https:\/\/xstyle.md\/#\/schema\/logo\/image\/\"},\"sameAs\":[\"https:\/\/www.facebook.com\/xstylemd\",\"https:\/\/www.instagram.com\/xstyle_md\/\",\"https:\/\/t.me\/xstyle_outdoor\"],\"hasMerchantReturnPolicy\":{\"@type\":\"MerchantReturnPolicy\",\"merchantReturnLink\":\"https:\/\/xstyle.md\/ro\/conditions\/\"}}]}<\/script>\n<meta property=\"product:price:amount\" content=\"1950.00\" \/>\n<meta property=\"product:price:currency\" content=\"MDL\" \/>\n<meta property=\"og:availability\" content=\"instock\" \/>\n<meta property=\"product:availability\" content=\"instock\" \/>\n<meta property=\"product:retailer_item_id\" content=\"4250367914755\" \/>\n<meta property=\"product:condition\" content=\"new\" \/>\n<!-- \/ Yoast SEO plugin. -->","yoast_head_json":{"title":"Saltea pentru yoga Bodhy Yoga EcoPro Mat XL - Magazin Xstyle","description":"Covor pentru yoga Bodhi EcoPro Mat XL: ecologic, din cauciuc natural, cu aderen\u021b\u0103 excelent\u0103. Pentru confort \u0219i \u00eencredere \u00een fiecare practic\u0103!","robots":{"index":"index","follow":"follow","max-snippet":"max-snippet:-1","max-image-preview":"max-image-preview:large","max-video-preview":"max-video-preview:-1"},"canonical":"https:\/\/xstyle.md\/ro\/produs\/kovrik-dlja-jogi-bodhy-yoga-ecopro-mat-xl\/","og_locale":"ro_RO","og_type":"article","og_title":"\u041a\u043e\u0432\u0440\u0438\u043a \u0434\u043b\u044f \u0439\u043e\u0433\u0438 Bodhi EcoPro Mat XL - \u041c\u0430\u0433\u0430\u0437\u0438\u043d Xstyle","og_description":"\u041a\u043e\u0432\u0440\u0438\u043a \u0434\u043b\u044f \u0439\u043e\u0433\u0438 Bodhi EcoPro Mat XL: \u044d\u043a\u043e\u043b\u043e\u0433\u0438\u0447\u0435\u0441\u043a\u0438 \u0447\u0438\u0441\u0442\u044b\u0439, \u0438\u0437 \u043d\u0430\u0442\u0443\u0440\u0430\u043b\u044c\u043d\u043e\u0433\u043e \u043a\u0430\u0443\u0447\u0443\u043a\u0430, \u0441 \u043e\u0442\u043b\u0438\u0447\u043d\u043e\u0439 \u0430\u0434\u0433\u0435\u0437\u0438\u0435\u0439. \u0414\u043b\u044f \u043a\u043e\u043c\u0444\u043e\u0440\u0442\u0430 \u0438 \u0443\u0432\u0435\u0440\u0435\u043d\u043d\u043e\u0441\u0442\u0438 \u0432 \u043a\u0430\u0436\u0434\u043e\u0439 \u043f\u0440\u0430\u043a\u0442\u0438\u043a\u0435!","og_url":"https:\/\/xstyle.md\/ro\/produs\/kovrik-dlja-jogi-bodhy-yoga-ecopro-mat-xl\/","og_site_name":"\u041c\u0430\u0433\u0430\u0437\u0438\u043d Xstyle","article_publisher":"https:\/\/www.facebook.com\/xstylemd","article_modified_time":"2025-12-24T15:40:13+00:00","og_image":[{"width":350,"height":245,"url":"https:\/\/xstyle.md\/wp-content\/uploads\/2020\/07\/4afc3aa227a14c64ba580d488eae15d1.jpg","type":"image\/jpeg"}],"twitter_card":"summary_large_image","twitter_misc":{"Pre\u021b":"1.950&nbsp;MDL","Disponibilitate":"\u00cen stoc"},"schema":{"@context":"https:\/\/schema.org","@graph":[{"@type":"WebPage","@id":"https:\/\/xstyle.md\/product\/kovrik-dlja-jogi-bodhy-yoga-ecopro-mat-xl\/","url":"https:\/\/xstyle.md\/product\/kovrik-dlja-jogi-bodhy-yoga-ecopro-mat-xl\/","name":"Saltea pentru yoga Bodhy Yoga EcoPro Mat XL - Magazin Xstyle","isPartOf":{"@id":"https:\/\/xstyle.md\/#website"},"primaryImageOfPage":{"@id":"https:\/\/xstyle.md\/product\/kovrik-dlja-jogi-bodhy-yoga-ecopro-mat-xl\/#primaryimage"},"image":{"@id":"https:\/\/xstyle.md\/product\/kovrik-dlja-jogi-bodhy-yoga-ecopro-mat-xl\/#primaryimage"},"thumbnailUrl":"https:\/\/xstyle.md\/wp-content\/uploads\/2020\/07\/4afc3aa227a14c64ba580d488eae15d1.jpg","datePublished":"2020-07-17T06:38:31+00:00","dateModified":"2025-12-24T15:40:13+00:00","description":"Covor pentru yoga Bodhi EcoPro Mat XL: ecologic, din cauciuc natural, cu aderen\u021b\u0103 excelent\u0103. Pentru confort \u0219i \u00eencredere \u00een fiecare practic\u0103!","breadcrumb":{"@id":"https:\/\/xstyle.md\/product\/kovrik-dlja-jogi-bodhy-yoga-ecopro-mat-xl\/#breadcrumb"},"inLanguage":"ro-RO","potentialAction":[{"@type":"ReadAction","target":["https:\/\/xstyle.md\/product\/kovrik-dlja-jogi-bodhy-yoga-ecopro-mat-xl\/"]}]},{"@type":"ImageObject","inLanguage":"ro-RO","@id":"https:\/\/xstyle.md\/product\/kovrik-dlja-jogi-bodhy-yoga-ecopro-mat-xl\/#primaryimage","url":"https:\/\/xstyle.md\/wp-content\/uploads\/2020\/07\/4afc3aa227a14c64ba580d488eae15d1.jpg","contentUrl":"https:\/\/xstyle.md\/wp-content\/uploads\/2020\/07\/4afc3aa227a14c64ba580d488eae15d1.jpg","width":350,"height":245},{"@type":"BreadcrumbList","@id":"https:\/\/xstyle.md\/product\/kovrik-dlja-jogi-bodhy-yoga-ecopro-mat-xl\/#breadcrumb","itemListElement":[{"@type":"ListItem","position":1,"name":"\u0413\u043b\u0430\u0432\u043d\u0430\u044f \u0441\u0442\u0440\u0430\u043d\u0438\u0446\u0430","item":"https:\/\/xstyle.md\/"},{"@type":"ListItem","position":2,"name":"\u041c\u0430\u0433\u0430\u0437\u0438\u043d","item":"https:\/\/xstyle.md\/shop\/"},{"@type":"ListItem","position":3,"name":"\u041a\u043e\u0432\u0440\u0438\u043a \u0434\u043b\u044f \u0439\u043e\u0433\u0438 Bodhi EcoPro Mat XL"}]},{"@type":"WebSite","@id":"https:\/\/xstyle.md\/#website","url":"https:\/\/xstyle.md\/","name":"Magazinul X-Style","description":"Echipamente pentru turism \u0219i sporturi extreme \u00een Moldova. Pre\u021buri, fotografii, caracteristici \u00een Moldova.","publisher":{"@id":"https:\/\/xstyle.md\/#organization"},"alternateName":"X-Style","potentialAction":[{"@type":"SearchAction","target":{"@type":"EntryPoint","urlTemplate":"https:\/\/xstyle.md\/?s={search_term_string}"},"query-input":{"@type":"PropertyValueSpecification","valueRequired":true,"valueName":"search_term_string"}}],"inLanguage":"ro-RO"},{"@type":"Organization","@id":"https:\/\/xstyle.md\/#organization","name":"Magazinul X-Style","alternateName":"x-style","url":"https:\/\/xstyle.md\/","logo":{"@type":"ImageObject","inLanguage":"ro-RO","@id":"https:\/\/xstyle.md\/#\/schema\/logo\/image\/","url":"https:\/\/xstyle.md\/wp-content\/uploads\/2020\/06\/logoicon.svg","contentUrl":"https:\/\/xstyle.md\/wp-content\/uploads\/2020\/06\/logoicon.svg","caption":"\u041c\u0430\u0433\u0430\u0437\u0438\u043d Xstyle"},"image":{"@id":"https:\/\/xstyle.md\/#\/schema\/logo\/image\/"},"sameAs":["https:\/\/www.facebook.com\/xstylemd","https:\/\/www.instagram.com\/xstyle_md\/","https:\/\/t.me\/xstyle_outdoor"],"hasMerchantReturnPolicy":{"@type":"MerchantReturnPolicy","merchantReturnLink":"https:\/\/xstyle.md\/ro\/conditions\/"}}]},"product_price_amount":"1950.00","product_price_currency":"MDL","og_availability":"instock","product_availability":"instock","product_retailer_item_id":"4250367914755","product_condition":"new"},"post_mailing_queue_ids":[],"_links":{"self":[{"href":"https:\/\/xstyle.md\/ro\/wp-json\/wp\/v2\/product\/9851","targetHints":{"allow":["GET"]}}],"collection":[{"href":"https:\/\/xstyle.md\/ro\/wp-json\/wp\/v2\/product"}],"about":[{"href":"https:\/\/xstyle.md\/ro\/wp-json\/wp\/v2\/types\/product"}],"replies":[{"embeddable":true,"href":"https:\/\/xstyle.md\/ro\/wp-json\/wp\/v2\/comments?post=9851"}],"wp:featuredmedia":[{"embeddable":true,"href":"https:\/\/xstyle.md\/ro\/wp-json\/wp\/v2\/media\/9849"}],"wp:attachment":[{"href":"https:\/\/xstyle.md\/ro\/wp-json\/wp\/v2\/media?parent=9851"}],"wp:term":[{"taxonomy":"product_brand","embeddable":true,"href":"https:\/\/xstyle.md\/ro\/wp-json\/wp\/v2\/product_brand?post=9851"},{"taxonomy":"product_cat","embeddable":true,"href":"https:\/\/xstyle.md\/ro\/wp-json\/wp\/v2\/product_cat?post=9851"},{"taxonomy":"product_tag","embeddable":true,"href":"https:\/\/xstyle.md\/ro\/wp-json\/wp\/v2\/product_tag?post=9851"}],"curies":[{"name":"wp","href":"https:\/\/api.w.org\/{rel}","templated":true}]}}