{"id":97988,"date":"2025-11-19T17:22:50","date_gmt":"2025-11-19T14:22:50","guid":{"rendered":"https:\/\/xstyle.md\/?post_type=product&#038;p=97988"},"modified":"2026-03-19T17:39:02","modified_gmt":"2026-03-19T14:39:02","slug":"sharf-truba-thermowave-unisex-highloft-wool-chute-anthracite","status":"publish","type":"product","link":"https:\/\/xstyle.md\/ro\/produs\/sharf-truba-thermowave-unisex-highloft-wool-chute-anthracite\/","title":{"rendered":"Buff cald Thermowave Unisex HighLoft Wool Chute anthracite"},"content":{"rendered":"<p><\/p>\n<p>Fular <strong>Thermowave Unisex HighLoft Wool Chute<\/strong> &#8212; tip tunel (chute) ofer\u0103 cel mai bun raport c\u0103ldur\u0103-greutate, fiind ideal pentru schi de tur\u0103, trekking \u0219i activit\u0103\u021bi \u00een aer liber. Este u\u0219or, se usuc\u0103 rapid, este extrem de respirabil \u0219i r\u0103m\u00e2ne f\u0103r\u0103 mirosuri nepl\u0103cute pentru un confort maxim \u0219i discre\u021bie.<\/p>\n<h3>Particularit\u0103\u021bi<\/h3>\n<ul>\n<li>Realizat din material Polartec\u00ae High Loft\u2122 cu l\u00e2n\u0103<\/li>\n<li>Versatilitate: poate fi purtat doar la g\u00e2t, cu fa\u021ba par\u021bial acoperit\u0103 sau complet acoperit, inclusiv nasul<\/li>\n<li>Orificiu la spate care permite scoaterea p\u0103rului sau a cozii<\/li>\n<li>Raport c\u0103ldur\u0103-greutate extrem de ridicat \u0219i respirabilitate mare<\/li>\n<li>Material elastic cu uscare rapid\u0103<\/li>\n<li>F\u0103r\u0103 mirosuri nepl\u0103cute<\/li>\n<\/ul>\n<h3>Caracteristici<\/h3>\n<ul>\n<li>Material \u2013 52% L\u00e2n\u0103, 40% Poliester, 8% Nylon<\/li>\n<li>Destina\u021bie \u2013 schi \/ activit\u0103\u021bi \u00een aer liber \/ trekking<\/li>\n<li>Sezon \u2013 iarn\u0103<\/li>\n<\/ul>\n<h3>Tehnologii<\/h3>\n<ul>\n<li><strong>L\u00e2na Merino<\/strong> &#8212; ac\u021bioneaz\u0103 ca un sistem de climatizare personal, men\u021bin\u00e2nd temperatura stabil\u0103. Este 100% biodegradabil\u0103, provine din surse sustenabile (mulesing-free) \u0219i este extrem de fin\u0103, elimin\u00e2nd senza\u021bia de m\u00e2nc\u0103rime.<\/li>\n<\/ul>\n<h3>Instruc\u021biuni de \u00eengrijire<\/h3>\n<ul>\n<li>Sp\u0103lare la ma\u0219in\u0103 folosind ciclul pentru l\u00e2n\u0103 (temperatur\u0103 maxim\u0103 30\u00b0C)<\/li>\n<li>Sp\u0103la\u021bi cu culori similare<\/li>\n<li>Sp\u0103la\u021bi pe dos<\/li>\n<li>Utiliza\u021bi detergent special pentru l\u00e2n\u0103; nu folosi\u021bi balsam de rufe<\/li>\n<li>Nu folosi\u021bi \u00een\u0103lbitor<\/li>\n<li>Nu usca\u021bi \u00een ma\u0219ina de uscat rufe<\/li>\n<li>Reda\u021bi forma produsului c\u00e2t timp este umed<\/li>\n<li>C\u0103lca\u021bi la temperatur\u0103 sc\u0103zut\u0103 dac\u0103 este necesar (maximum 110\u00b0C)<\/li>\n<\/ul>\n<p><\/p>\n<h3>Marca<\/h3>\n<p>Thermowave  - este un brand lituanian cu o tradi\u021bie de peste 90 de ani, specializat \u00een fabricarea hainelor termice de \u00eenalt\u0103 performan\u021b\u0103 din l\u00e2n\u0103 Merino. Brandul este recunoscut pentru abordarea sa sustenabil\u0103 \u0219i tehnologiile inovatoare cu strat dublu, care ofer\u0103 echilibrul perfect \u00eentre reten\u021bia c\u0103ldurii \u0219i gestionarea eficient\u0103 a umidit\u0103\u021bii pentru sportivii profesioni\u0219ti \u0219i entuzia\u0219tii de outdoor.<\/p>","protected":false},"excerpt":{"rendered":"<p>\u0411\u0440\u0435\u043d\u0434 Thermowave \u2014 \u044d\u0442\u043e \u043b\u0438\u0442\u043e\u0432\u0441\u043a\u0438\u0439 \u0431\u0440\u0435\u043d\u0434 \u0441 \u0431\u043e\u043b\u0435\u0435 \u0447\u0435\u043c 90-\u043b\u0435\u0442\u043d\u0435\u0439 \u0438\u0441\u0442\u043e\u0440\u0438\u0435\u0439, \u0441\u043f\u0435\u0446\u0438\u0430\u043b\u0438\u0437\u0438\u0440\u0443\u044e\u0449\u0438\u0439\u0441\u044f \u043d\u0430 \u043f\u0440\u043e\u0438\u0437\u0432\u043e\u0434\u0441\u0442\u0432\u0435 \u0432\u044b\u0441\u043e\u043a\u043e\u0442\u0435\u0445\u043d\u043e\u043b\u043e\u0433\u0438\u0447\u043d\u043e\u0433\u043e \u0442\u0435\u0440\u043c\u043e\u0431\u0435\u043b\u044c\u044f \u0438\u0437 \u0448\u0435\u0440\u0441\u0442\u0438 \u043c\u0435\u0440\u0438\u043d\u043e\u0441\u0430. \u0411\u0440\u0435\u043d\u0434 \u0438\u0437\u0432\u0435\u0441\u0442\u0435\u043d \u0441\u0432\u043e\u0438\u043c \u044d\u043a\u043e\u043b\u043e\u0433\u0438\u0447\u043d\u044b\u043c \u043f\u043e\u0434\u0445\u043e\u0434\u043e\u043c \u0438 \u0438\u043d\u043d\u043e\u0432\u0430\u0446\u0438\u043e\u043d\u043d\u044b\u043c\u0438 \u0434\u0432\u0443\u0445\u0441\u043b\u043e\u0439\u043d\u044b\u043c\u0438 \u0442\u043a\u0430\u043d\u044f\u043c\u0438, \u043a\u043e\u0442\u043e\u0440\u044b\u0435 \u043e\u0431\u0435\u0441\u043f\u0435\u0447\u0438\u0432\u0430\u044e\u0442 \u0438\u0434\u0435\u0430\u043b\u044c\u043d\u044b\u0439 \u0431\u0430\u043b\u0430\u043d\u0441 \u043c\u0435\u0436\u0434\u0443 \u0441\u043e\u0445\u0440\u0430\u043d\u0435\u043d\u0438\u0435\u043c \u0442\u0435\u043f\u043b\u0430 \u0438 \u044d\u0444\u0444\u0435\u043a\u0442\u0438\u0432\u043d\u044b\u043c \u043e\u0442\u0432\u043e\u0434\u043e\u043c \u0432\u043b\u0430\u0433\u0438 \u0434\u043b\u044f \u043f\u0440\u043e\u0444\u0435\u0441\u0441\u0438\u043e\u043d\u0430\u043b\u044c\u043d\u044b\u0445 \u0430\u0442\u043b\u0435\u0442\u043e\u0432 \u0438 \u043b\u044e\u0431\u0438\u0442\u0435\u043b\u0435\u0439 \u0430\u043a\u0442\u0438\u0432\u043d\u043e\u0433\u043e \u043e\u0442\u0434\u044b\u0445\u0430.<\/p>","protected":false},"featured_media":101028,"comment_status":"open","ping_status":"closed","template":"","meta":{"_acf_changed":false,"inline_featured_image":false},"product_brand":[1477],"product_cat":[490],"product_tag":[],"class_list":{"0":"post-97988","1":"product","2":"type-product","3":"status-publish","4":"has-post-thumbnail","6":"product_brand-thermowave","7":"product_cat-neckwarmer-buff","9":"first","10":"instock","11":"shipping-taxable","12":"purchasable","13":"product-type-simple"},"acf":[],"yoast_head":"<!-- This site is optimized with the Yoast SEO plugin v27.2 - https:\/\/yoast.com\/product\/yoast-seo-wordpress\/ -->\n<title>\u0428\u0430\u0440\u0444-\u0442\u0440\u0443\u0431\u0430 Thermowave Unisex HighLoft Wool Chute anthracite - \u041c\u0430\u0433\u0430\u0437\u0438\u043d Xstyle<\/title>\n<meta name=\"robots\" content=\"index, follow, max-snippet:-1, max-image-preview:large, max-video-preview:-1\" \/>\n<link rel=\"canonical\" href=\"https:\/\/xstyle.md\/ro\/produs\/sharf-truba-thermowave-unisex-highloft-wool-chute-anthracite\/\" \/>\n<meta property=\"og:locale\" content=\"ro_RO\" \/>\n<meta property=\"og:type\" content=\"article\" \/>\n<meta property=\"og:title\" content=\"\u0428\u0430\u0440\u0444-\u0442\u0440\u0443\u0431\u0430 Thermowave Unisex HighLoft Wool Chute anthracite - \u041c\u0430\u0433\u0430\u0437\u0438\u043d Xstyle\" \/>\n<meta property=\"og:description\" content=\"\u0411\u0440\u0435\u043d\u0434 Thermowave \u2014 \u044d\u0442\u043e \u043b\u0438\u0442\u043e\u0432\u0441\u043a\u0438\u0439 \u0431\u0440\u0435\u043d\u0434 \u0441 \u0431\u043e\u043b\u0435\u0435 \u0447\u0435\u043c 90-\u043b\u0435\u0442\u043d\u0435\u0439 \u0438\u0441\u0442\u043e\u0440\u0438\u0435\u0439, \u0441\u043f\u0435\u0446\u0438\u0430\u043b\u0438\u0437\u0438\u0440\u0443\u044e\u0449\u0438\u0439\u0441\u044f \u043d\u0430 \u043f\u0440\u043e\u0438\u0437\u0432\u043e\u0434\u0441\u0442\u0432\u0435 \u0432\u044b\u0441\u043e\u043a\u043e\u0442\u0435\u0445\u043d\u043e\u043b\u043e\u0433\u0438\u0447\u043d\u043e\u0433\u043e \u0442\u0435\u0440\u043c\u043e\u0431\u0435\u043b\u044c\u044f \u0438\u0437 \u0448\u0435\u0440\u0441\u0442\u0438 \u043c\u0435\u0440\u0438\u043d\u043e\u0441\u0430. \u0411\u0440\u0435\u043d\u0434 \u0438\u0437\u0432\u0435\u0441\u0442\u0435\u043d \u0441\u0432\u043e\u0438\u043c \u044d\u043a\u043e\u043b\u043e\u0433\u0438\u0447\u043d\u044b\u043c \u043f\u043e\u0434\u0445\u043e\u0434\u043e\u043c \u0438 \u0438\u043d\u043d\u043e\u0432\u0430\u0446\u0438\u043e\u043d\u043d\u044b\u043c\u0438 \u0434\u0432\u0443\u0445\u0441\u043b\u043e\u0439\u043d\u044b\u043c\u0438 \u0442\u043a\u0430\u043d\u044f\u043c\u0438, \u043a\u043e\u0442\u043e\u0440\u044b\u0435 \u043e\u0431\u0435\u0441\u043f\u0435\u0447\u0438\u0432\u0430\u044e\u0442 \u0438\u0434\u0435\u0430\u043b\u044c\u043d\u044b\u0439 \u0431\u0430\u043b\u0430\u043d\u0441 \u043c\u0435\u0436\u0434\u0443 \u0441\u043e\u0445\u0440\u0430\u043d\u0435\u043d\u0438\u0435\u043c \u0442\u0435\u043f\u043b\u0430 \u0438 \u044d\u0444\u0444\u0435\u043a\u0442\u0438\u0432\u043d\u044b\u043c \u043e\u0442\u0432\u043e\u0434\u043e\u043c \u0432\u043b\u0430\u0433\u0438 \u0434\u043b\u044f \u043f\u0440\u043e\u0444\u0435\u0441\u0441\u0438\u043e\u043d\u0430\u043b\u044c\u043d\u044b\u0445 \u0430\u0442\u043b\u0435\u0442\u043e\u0432 \u0438 \u043b\u044e\u0431\u0438\u0442\u0435\u043b\u0435\u0439 \u0430\u043a\u0442\u0438\u0432\u043d\u043e\u0433\u043e \u043e\u0442\u0434\u044b\u0445\u0430.\" \/>\n<meta property=\"og:url\" content=\"https:\/\/xstyle.md\/ro\/produs\/sharf-truba-thermowave-unisex-highloft-wool-chute-anthracite\/\" \/>\n<meta property=\"og:site_name\" content=\"\u041c\u0430\u0433\u0430\u0437\u0438\u043d Xstyle\" \/>\n<meta property=\"article:publisher\" content=\"https:\/\/www.facebook.com\/xstylemd\" \/>\n<meta property=\"article:modified_time\" content=\"2026-03-19T14:39:02+00:00\" \/>\n<meta property=\"og:image\" content=\"https:\/\/xstyle.md\/wp-content\/uploads\/2025\/11\/thermowave-unisex-highloft-wool-chute-anthracite-1.webp\" \/>\n\t<meta property=\"og:image:width\" content=\"1200\" \/>\n\t<meta property=\"og:image:height\" content=\"1200\" \/>\n\t<meta property=\"og:image:type\" content=\"image\/webp\" \/>\n<meta name=\"twitter:card\" content=\"summary_large_image\" \/>\n<meta name=\"twitter:label1\" content=\"Pre\u021b\" \/>\n\t<meta name=\"twitter:data1\" content=\"690&nbsp;MDL\" \/>\n\t<meta name=\"twitter:label2\" content=\"Disponibilitate\" \/>\n\t<meta name=\"twitter:data2\" content=\"\u00cen stoc\" \/>\n<script type=\"application\/ld+json\" class=\"yoast-schema-graph\">{\"@context\":\"https:\/\/schema.org\",\"@graph\":[{\"@type\":\"WebPage\",\"@id\":\"https:\/\/xstyle.md\/product\/sharf-truba-thermowave-unisex-highloft-wool-chute-anthracite\/\",\"url\":\"https:\/\/xstyle.md\/product\/sharf-truba-thermowave-unisex-highloft-wool-chute-anthracite\/\",\"name\":\"\u0428\u0430\u0440\u0444-\u0442\u0440\u0443\u0431\u0430 Thermowave Unisex HighLoft Wool Chute anthracite - \u041c\u0430\u0433\u0430\u0437\u0438\u043d Xstyle\",\"isPartOf\":{\"@id\":\"https:\/\/xstyle.md\/#website\"},\"primaryImageOfPage\":{\"@id\":\"https:\/\/xstyle.md\/product\/sharf-truba-thermowave-unisex-highloft-wool-chute-anthracite\/#primaryimage\"},\"image\":{\"@id\":\"https:\/\/xstyle.md\/product\/sharf-truba-thermowave-unisex-highloft-wool-chute-anthracite\/#primaryimage\"},\"thumbnailUrl\":\"https:\/\/xstyle.md\/wp-content\/uploads\/2025\/11\/thermowave-unisex-highloft-wool-chute-anthracite-1.webp\",\"datePublished\":\"2025-11-19T14:22:50+00:00\",\"dateModified\":\"2026-03-19T14:39:02+00:00\",\"breadcrumb\":{\"@id\":\"https:\/\/xstyle.md\/product\/sharf-truba-thermowave-unisex-highloft-wool-chute-anthracite\/#breadcrumb\"},\"inLanguage\":\"ro-RO\",\"potentialAction\":[{\"@type\":\"ReadAction\",\"target\":[\"https:\/\/xstyle.md\/product\/sharf-truba-thermowave-unisex-highloft-wool-chute-anthracite\/\"]}]},{\"@type\":\"ImageObject\",\"inLanguage\":\"ro-RO\",\"@id\":\"https:\/\/xstyle.md\/product\/sharf-truba-thermowave-unisex-highloft-wool-chute-anthracite\/#primaryimage\",\"url\":\"https:\/\/xstyle.md\/wp-content\/uploads\/2025\/11\/thermowave-unisex-highloft-wool-chute-anthracite-1.webp\",\"contentUrl\":\"https:\/\/xstyle.md\/wp-content\/uploads\/2025\/11\/thermowave-unisex-highloft-wool-chute-anthracite-1.webp\",\"width\":1200,\"height\":1200,\"caption\":\"\u0422\u0443\u0440\u0438\u0441\u0442\u0438\u0447\u0435\u0441\u043a\u0438\u0439 \u0448\u0430\u0440\u0444-\u0442\u0440\u0443\u0431\u0430 Thermowave HighLoft Wool \u0434\u043b\u044f \u0430\u043a\u0442\u0438\u0432\u043d\u043e\u0433\u043e \u043e\u0442\u0434\u044b\u0445\u0430 \u0438 \u043f\u043e\u0445\u043e\u0434\u043e\u0432, \u043a\u043e\u043c\u0444\u043e\u0440\u0442\u043d\u0430\u044f \u043e\u0434\u0435\u0436\u0434\u0430 \u0438 \u044d\u043a\u0438\u043f\u0438\u0440\u043e\u0432\u043a\u0430 \u0434\u043b\u044f \u043f\u0443\u0442\u0435\u0448\u0435\u0441\u0442\u0432\u0438\u0439, \u0437\u0438\u043c\u043d\u044f\u044f \u043e\u0434\u0435\u0436\u0434\u0430, \u043e\u0431\u0443\u0432\u044c \u0438 \u0441\u043d\u0430\u0440\u044f\u0436\u0435\u043d\u0438\u0435 \u0434\u043b\u044f \u0445\u0430\u0439\u043a\u0438\u043d\u0433\u0430 \u0438 \u0430\u043b\u044c\u043f\u0438\u043d\u0438\u0437\u043c\u0430\"},{\"@type\":\"BreadcrumbList\",\"@id\":\"https:\/\/xstyle.md\/product\/sharf-truba-thermowave-unisex-highloft-wool-chute-anthracite\/#breadcrumb\",\"itemListElement\":[{\"@type\":\"ListItem\",\"position\":1,\"name\":\"\u0413\u043b\u0430\u0432\u043d\u0430\u044f \u0441\u0442\u0440\u0430\u043d\u0438\u0446\u0430\",\"item\":\"https:\/\/xstyle.md\/\"},{\"@type\":\"ListItem\",\"position\":2,\"name\":\"\u041c\u0430\u0433\u0430\u0437\u0438\u043d\",\"item\":\"https:\/\/xstyle.md\/shop\/\"},{\"@type\":\"ListItem\",\"position\":3,\"name\":\"\u0428\u0430\u0440\u0444-\u0442\u0440\u0443\u0431\u0430 Thermowave Unisex HighLoft Wool Chute anthracite\"}]},{\"@type\":\"WebSite\",\"@id\":\"https:\/\/xstyle.md\/#website\",\"url\":\"https:\/\/xstyle.md\/\",\"name\":\"\u041c\u0430\u0433\u0430\u0437\u0438\u043d Xstyle\",\"description\":\"C\u043d\u0430\u0440\u044f\u0436\u0435\u043d\u0438\u0435 \u0434\u043b\u044f \u0442\u0443\u0440\u0438\u0437\u043c\u0430 \u0438 \u044d\u043a\u0441\u0442\u0440\u0435\u043c\u0430\u043b\u044c\u043d\u044b\u0445 \u0432\u0438\u0434\u043e\u0432 \u0441\u043f\u043e\u0440\u0442\u0430 \u0432 \u041c\u043e\u043b\u0434\u043e\u0432\u0435.. \u0426\u0435\u043d\u044b, \u0444\u043e\u0442\u043e, \u0445\u0430\u0440\u0430\u043a\u0442\u0435\u0440\u0438\u0441\u0442\u0438\u043a\u0438 \u0432 \u041c\u043e\u043b\u0434\u043e\u0432\u0435.\",\"publisher\":{\"@id\":\"https:\/\/xstyle.md\/#organization\"},\"alternateName\":\"X-Style\",\"potentialAction\":[{\"@type\":\"SearchAction\",\"target\":{\"@type\":\"EntryPoint\",\"urlTemplate\":\"https:\/\/xstyle.md\/?s={search_term_string}\"},\"query-input\":{\"@type\":\"PropertyValueSpecification\",\"valueRequired\":true,\"valueName\":\"search_term_string\"}}],\"inLanguage\":\"ro-RO\"},{\"@type\":\"Organization\",\"@id\":\"https:\/\/xstyle.md\/#organization\",\"name\":\"\u041c\u0430\u0433\u0430\u0437\u0438\u043d Xstyle\",\"alternateName\":\"x-style\",\"url\":\"https:\/\/xstyle.md\/\",\"logo\":{\"@type\":\"ImageObject\",\"inLanguage\":\"ro-RO\",\"@id\":\"https:\/\/xstyle.md\/#\/schema\/logo\/image\/\",\"url\":\"https:\/\/xstyle.md\/wp-content\/uploads\/2020\/06\/logoicon.svg\",\"contentUrl\":\"https:\/\/xstyle.md\/wp-content\/uploads\/2020\/06\/logoicon.svg\",\"caption\":\"\u041c\u0430\u0433\u0430\u0437\u0438\u043d Xstyle\"},\"image\":{\"@id\":\"https:\/\/xstyle.md\/#\/schema\/logo\/image\/\"},\"sameAs\":[\"https:\/\/www.facebook.com\/xstylemd\",\"https:\/\/www.instagram.com\/xstyle_md\/\",\"https:\/\/t.me\/xstyle_outdoor\"],\"hasMerchantReturnPolicy\":{\"@type\":\"MerchantReturnPolicy\",\"merchantReturnLink\":\"https:\/\/xstyle.md\/ro\/conditions\/\"}}]}<\/script>\n<meta property=\"product:price:amount\" content=\"690.00\" \/>\n<meta property=\"product:price:currency\" content=\"MDL\" \/>\n<meta property=\"og:availability\" content=\"instock\" \/>\n<meta property=\"product:availability\" content=\"instock\" \/>\n<meta property=\"product:retailer_item_id\" content=\"4771999498784\" \/>\n<meta property=\"product:condition\" content=\"new\" \/>\n<!-- \/ Yoast SEO plugin. -->","yoast_head_json":{"title":"\u0428\u0430\u0440\u0444-\u0442\u0440\u0443\u0431\u0430 Thermowave Unisex HighLoft Wool Chute anthracite - \u041c\u0430\u0433\u0430\u0437\u0438\u043d Xstyle","robots":{"index":"index","follow":"follow","max-snippet":"max-snippet:-1","max-image-preview":"max-image-preview:large","max-video-preview":"max-video-preview:-1"},"canonical":"https:\/\/xstyle.md\/ro\/produs\/sharf-truba-thermowave-unisex-highloft-wool-chute-anthracite\/","og_locale":"ro_RO","og_type":"article","og_title":"\u0428\u0430\u0440\u0444-\u0442\u0440\u0443\u0431\u0430 Thermowave Unisex HighLoft Wool Chute anthracite - \u041c\u0430\u0433\u0430\u0437\u0438\u043d Xstyle","og_description":"\u0411\u0440\u0435\u043d\u0434 Thermowave \u2014 \u044d\u0442\u043e \u043b\u0438\u0442\u043e\u0432\u0441\u043a\u0438\u0439 \u0431\u0440\u0435\u043d\u0434 \u0441 \u0431\u043e\u043b\u0435\u0435 \u0447\u0435\u043c 90-\u043b\u0435\u0442\u043d\u0435\u0439 \u0438\u0441\u0442\u043e\u0440\u0438\u0435\u0439, \u0441\u043f\u0435\u0446\u0438\u0430\u043b\u0438\u0437\u0438\u0440\u0443\u044e\u0449\u0438\u0439\u0441\u044f \u043d\u0430 \u043f\u0440\u043e\u0438\u0437\u0432\u043e\u0434\u0441\u0442\u0432\u0435 \u0432\u044b\u0441\u043e\u043a\u043e\u0442\u0435\u0445\u043d\u043e\u043b\u043e\u0433\u0438\u0447\u043d\u043e\u0433\u043e \u0442\u0435\u0440\u043c\u043e\u0431\u0435\u043b\u044c\u044f \u0438\u0437 \u0448\u0435\u0440\u0441\u0442\u0438 \u043c\u0435\u0440\u0438\u043d\u043e\u0441\u0430. \u0411\u0440\u0435\u043d\u0434 \u0438\u0437\u0432\u0435\u0441\u0442\u0435\u043d \u0441\u0432\u043e\u0438\u043c \u044d\u043a\u043e\u043b\u043e\u0433\u0438\u0447\u043d\u044b\u043c \u043f\u043e\u0434\u0445\u043e\u0434\u043e\u043c \u0438 \u0438\u043d\u043d\u043e\u0432\u0430\u0446\u0438\u043e\u043d\u043d\u044b\u043c\u0438 \u0434\u0432\u0443\u0445\u0441\u043b\u043e\u0439\u043d\u044b\u043c\u0438 \u0442\u043a\u0430\u043d\u044f\u043c\u0438, \u043a\u043e\u0442\u043e\u0440\u044b\u0435 \u043e\u0431\u0435\u0441\u043f\u0435\u0447\u0438\u0432\u0430\u044e\u0442 \u0438\u0434\u0435\u0430\u043b\u044c\u043d\u044b\u0439 \u0431\u0430\u043b\u0430\u043d\u0441 \u043c\u0435\u0436\u0434\u0443 \u0441\u043e\u0445\u0440\u0430\u043d\u0435\u043d\u0438\u0435\u043c \u0442\u0435\u043f\u043b\u0430 \u0438 \u044d\u0444\u0444\u0435\u043a\u0442\u0438\u0432\u043d\u044b\u043c \u043e\u0442\u0432\u043e\u0434\u043e\u043c \u0432\u043b\u0430\u0433\u0438 \u0434\u043b\u044f \u043f\u0440\u043e\u0444\u0435\u0441\u0441\u0438\u043e\u043d\u0430\u043b\u044c\u043d\u044b\u0445 \u0430\u0442\u043b\u0435\u0442\u043e\u0432 \u0438 \u043b\u044e\u0431\u0438\u0442\u0435\u043b\u0435\u0439 \u0430\u043a\u0442\u0438\u0432\u043d\u043e\u0433\u043e \u043e\u0442\u0434\u044b\u0445\u0430.","og_url":"https:\/\/xstyle.md\/ro\/produs\/sharf-truba-thermowave-unisex-highloft-wool-chute-anthracite\/","og_site_name":"\u041c\u0430\u0433\u0430\u0437\u0438\u043d Xstyle","article_publisher":"https:\/\/www.facebook.com\/xstylemd","article_modified_time":"2026-03-19T14:39:02+00:00","og_image":[{"width":1200,"height":1200,"url":"https:\/\/xstyle.md\/wp-content\/uploads\/2025\/11\/thermowave-unisex-highloft-wool-chute-anthracite-1.webp","type":"image\/webp"}],"twitter_card":"summary_large_image","twitter_misc":{"Pre\u021b":"690&nbsp;MDL","Disponibilitate":"\u00cen stoc"},"schema":{"@context":"https:\/\/schema.org","@graph":[{"@type":"WebPage","@id":"https:\/\/xstyle.md\/product\/sharf-truba-thermowave-unisex-highloft-wool-chute-anthracite\/","url":"https:\/\/xstyle.md\/product\/sharf-truba-thermowave-unisex-highloft-wool-chute-anthracite\/","name":"\u0428\u0430\u0440\u0444-\u0442\u0440\u0443\u0431\u0430 Thermowave Unisex HighLoft Wool Chute anthracite - \u041c\u0430\u0433\u0430\u0437\u0438\u043d Xstyle","isPartOf":{"@id":"https:\/\/xstyle.md\/#website"},"primaryImageOfPage":{"@id":"https:\/\/xstyle.md\/product\/sharf-truba-thermowave-unisex-highloft-wool-chute-anthracite\/#primaryimage"},"image":{"@id":"https:\/\/xstyle.md\/product\/sharf-truba-thermowave-unisex-highloft-wool-chute-anthracite\/#primaryimage"},"thumbnailUrl":"https:\/\/xstyle.md\/wp-content\/uploads\/2025\/11\/thermowave-unisex-highloft-wool-chute-anthracite-1.webp","datePublished":"2025-11-19T14:22:50+00:00","dateModified":"2026-03-19T14:39:02+00:00","breadcrumb":{"@id":"https:\/\/xstyle.md\/product\/sharf-truba-thermowave-unisex-highloft-wool-chute-anthracite\/#breadcrumb"},"inLanguage":"ro-RO","potentialAction":[{"@type":"ReadAction","target":["https:\/\/xstyle.md\/product\/sharf-truba-thermowave-unisex-highloft-wool-chute-anthracite\/"]}]},{"@type":"ImageObject","inLanguage":"ro-RO","@id":"https:\/\/xstyle.md\/product\/sharf-truba-thermowave-unisex-highloft-wool-chute-anthracite\/#primaryimage","url":"https:\/\/xstyle.md\/wp-content\/uploads\/2025\/11\/thermowave-unisex-highloft-wool-chute-anthracite-1.webp","contentUrl":"https:\/\/xstyle.md\/wp-content\/uploads\/2025\/11\/thermowave-unisex-highloft-wool-chute-anthracite-1.webp","width":1200,"height":1200,"caption":"\u0422\u0443\u0440\u0438\u0441\u0442\u0438\u0447\u0435\u0441\u043a\u0438\u0439 \u0448\u0430\u0440\u0444-\u0442\u0440\u0443\u0431\u0430 Thermowave HighLoft Wool \u0434\u043b\u044f \u0430\u043a\u0442\u0438\u0432\u043d\u043e\u0433\u043e \u043e\u0442\u0434\u044b\u0445\u0430 \u0438 \u043f\u043e\u0445\u043e\u0434\u043e\u0432, \u043a\u043e\u043c\u0444\u043e\u0440\u0442\u043d\u0430\u044f \u043e\u0434\u0435\u0436\u0434\u0430 \u0438 \u044d\u043a\u0438\u043f\u0438\u0440\u043e\u0432\u043a\u0430 \u0434\u043b\u044f \u043f\u0443\u0442\u0435\u0448\u0435\u0441\u0442\u0432\u0438\u0439, \u0437\u0438\u043c\u043d\u044f\u044f \u043e\u0434\u0435\u0436\u0434\u0430, \u043e\u0431\u0443\u0432\u044c \u0438 \u0441\u043d\u0430\u0440\u044f\u0436\u0435\u043d\u0438\u0435 \u0434\u043b\u044f \u0445\u0430\u0439\u043a\u0438\u043d\u0433\u0430 \u0438 \u0430\u043b\u044c\u043f\u0438\u043d\u0438\u0437\u043c\u0430"},{"@type":"BreadcrumbList","@id":"https:\/\/xstyle.md\/product\/sharf-truba-thermowave-unisex-highloft-wool-chute-anthracite\/#breadcrumb","itemListElement":[{"@type":"ListItem","position":1,"name":"\u0413\u043b\u0430\u0432\u043d\u0430\u044f \u0441\u0442\u0440\u0430\u043d\u0438\u0446\u0430","item":"https:\/\/xstyle.md\/"},{"@type":"ListItem","position":2,"name":"\u041c\u0430\u0433\u0430\u0437\u0438\u043d","item":"https:\/\/xstyle.md\/shop\/"},{"@type":"ListItem","position":3,"name":"\u0428\u0430\u0440\u0444-\u0442\u0440\u0443\u0431\u0430 Thermowave Unisex HighLoft Wool Chute anthracite"}]},{"@type":"WebSite","@id":"https:\/\/xstyle.md\/#website","url":"https:\/\/xstyle.md\/","name":"Magazinul X-Style","description":"Echipamente pentru turism \u0219i sporturi extreme \u00een Moldova. Pre\u021buri, fotografii, caracteristici \u00een Moldova.","publisher":{"@id":"https:\/\/xstyle.md\/#organization"},"alternateName":"X-Style","potentialAction":[{"@type":"SearchAction","target":{"@type":"EntryPoint","urlTemplate":"https:\/\/xstyle.md\/?s={search_term_string}"},"query-input":{"@type":"PropertyValueSpecification","valueRequired":true,"valueName":"search_term_string"}}],"inLanguage":"ro-RO"},{"@type":"Organization","@id":"https:\/\/xstyle.md\/#organization","name":"Magazinul X-Style","alternateName":"x-style","url":"https:\/\/xstyle.md\/","logo":{"@type":"ImageObject","inLanguage":"ro-RO","@id":"https:\/\/xstyle.md\/#\/schema\/logo\/image\/","url":"https:\/\/xstyle.md\/wp-content\/uploads\/2020\/06\/logoicon.svg","contentUrl":"https:\/\/xstyle.md\/wp-content\/uploads\/2020\/06\/logoicon.svg","caption":"\u041c\u0430\u0433\u0430\u0437\u0438\u043d Xstyle"},"image":{"@id":"https:\/\/xstyle.md\/#\/schema\/logo\/image\/"},"sameAs":["https:\/\/www.facebook.com\/xstylemd","https:\/\/www.instagram.com\/xstyle_md\/","https:\/\/t.me\/xstyle_outdoor"],"hasMerchantReturnPolicy":{"@type":"MerchantReturnPolicy","merchantReturnLink":"https:\/\/xstyle.md\/ro\/conditions\/"}}]},"product_price_amount":"690.00","product_price_currency":"MDL","og_availability":"instock","product_availability":"instock","product_retailer_item_id":"4771999498784","product_condition":"new"},"post_mailing_queue_ids":[],"_links":{"self":[{"href":"https:\/\/xstyle.md\/ro\/wp-json\/wp\/v2\/product\/97988","targetHints":{"allow":["GET"]}}],"collection":[{"href":"https:\/\/xstyle.md\/ro\/wp-json\/wp\/v2\/product"}],"about":[{"href":"https:\/\/xstyle.md\/ro\/wp-json\/wp\/v2\/types\/product"}],"replies":[{"embeddable":true,"href":"https:\/\/xstyle.md\/ro\/wp-json\/wp\/v2\/comments?post=97988"}],"wp:featuredmedia":[{"embeddable":true,"href":"https:\/\/xstyle.md\/ro\/wp-json\/wp\/v2\/media\/101028"}],"wp:attachment":[{"href":"https:\/\/xstyle.md\/ro\/wp-json\/wp\/v2\/media?parent=97988"}],"wp:term":[{"taxonomy":"product_brand","embeddable":true,"href":"https:\/\/xstyle.md\/ro\/wp-json\/wp\/v2\/product_brand?post=97988"},{"taxonomy":"product_cat","embeddable":true,"href":"https:\/\/xstyle.md\/ro\/wp-json\/wp\/v2\/product_cat?post=97988"},{"taxonomy":"product_tag","embeddable":true,"href":"https:\/\/xstyle.md\/ro\/wp-json\/wp\/v2\/product_tag?post=97988"}],"curies":[{"name":"wp","href":"https:\/\/api.w.org\/{rel}","templated":true}]}}