{"id":97938,"date":"2025-11-19T17:22:35","date_gmt":"2025-11-19T14:22:35","guid":{"rendered":"https:\/\/xstyle.md\/?post_type=product&#038;p=97938"},"modified":"2026-03-19T17:38:48","modified_gmt":"2026-03-19T14:38:48","slug":"gornye-lyzhi-rossignol-nova-6-xpress","status":"publish","type":"product","link":"https:\/\/xstyle.md\/ro\/produs\/gornye-lyzhi-rossignol-nova-6-xpress\/","title":{"rendered":"Schiuri Rossignol Nova 6 Xpress"},"content":{"rendered":"<\/p>\n<p><strong>Rossignol Nova 6 Xpress<\/strong> &#8212; sunt schiuri de dam\u0103 elegante, concepute pentru schioarele de nivel intermediar care doresc s\u0103 \u00ee\u0219i perfec\u021bioneze tehnica pe p\u00e2rtiile amenajate. Tehnologia LCT Soft ofer\u0103 un control fluid \u0219i o manevrabilitate intuitiv\u0103, absorbind vibra\u021biile \u0219i f\u0103c\u00e2nd experien\u021ba de schi extrem de confortabil\u0103.<\/p>\n<h3>Particularit\u0103\u021bi<\/h3>\n<ul>\n<li>Destinat &#8212; carving<\/li>\n<li>Tip de munte &#8212; schiuri de munte (p\u00e2rtie)<\/li>\n<li>Nivel de preg\u0103tire &#8212; intermediar<\/li>\n<li>Gen &#8212; feminin<\/li>\n<li>Destina\u021bia dup\u0103 v\u00e2rst\u0103 &#8212; pentru adul\u021bi<\/li>\n<\/ul>\n<h3>Caracteristici<\/h3>\n<ul>\n<li>Nucleu &#8212; Poplar Woodcore (lemn de plop) \u2013 ofer\u0103 u\u0219urin\u021b\u0103, flexibilitate \u0219i stabilitate<\/li>\n<li>Geometrie &#8212; oversize Sidecut (t\u0103ietur\u0103 lateral\u0103 supradimensionat\u0103 pentru un control mai bun \u00een viraje)<\/li>\n<li>Profil &#8212; Active Flex \u2013 asigur\u0103 reactivitate \u0219i fluiditate<\/li>\n<li>Sistem de fixare &#8212; Xpress W 11 (sistem u\u0219or \u0219i sigur, reglabil f\u0103r\u0103 unelte)<\/li>\n<\/ul>\n<p><\/p>\n<h3>Marca<\/h3>\n<p>\u00cen urm\u0103 cu mai bine de 100 de ani, mai precis \u00een 1907, \u00een ora\u0219ul Voiron, nu departe de Grenoble (Fran\u021ba), t\u00e2mplarul Abel Rossignol a creat o mic\u0103 firm\u0103 specializat\u0103 \u00een produc\u021bia de produse din lemn pentru industria textil\u0103. Deja \u00een acel moment, Abel Rossignol se g\u00e2ndea cum s\u0103 \u00eenfiin\u021beze produc\u021bia propriilor schiuri din lemn. Patru ani mai t\u00e2rziu, prima pereche de schiuri a v\u0103zut lumina.<\/p>\n<p>Deja \u00een 1911, dup\u0103 o expedi\u021bie \u00een Scandinavia, a fost creat un departament la firma care se ocupa exclusiv de schi. Ast\u0103zi, Rossignol combin\u0103 mai multe m\u0103rci: Rossignol, Dynastar, Lange \u0219i Risport \u0219i ofer\u0103 o gam\u0103 complet\u0103 de echipamente pentru sporturile de iarn\u0103 - totul pentru cei care iubesc sportul.<\/p>","protected":false},"excerpt":{"rendered":"<p>\u0411\u0440\u0435\u043d\u0434 \u0411\u043e\u043b\u0435\u0435 100 \u043b\u0435\u0442 \u043d\u0430\u0437\u0430\u0434, \u0430 \u0442\u043e\u0447\u043d\u0435\u0435 \u0432 1907-\u043c \u0433\u043e\u0434\u0443 \u0432 \u043c\u0435\u0441\u0442\u0435\u0447\u043a\u0435 \u0412\u0443\u0430\u0440\u043e\u043d, \u043d\u0435\u0434\u0430\u043b\u0435\u043a\u043e \u043e\u0442 \u0413\u0440\u0435\u043d\u043e\u0431\u043b\u044f (\u0424\u0440\u0430\u043d\u0446\u0438\u044f) \u043f\u043b\u043e\u0442\u043d\u0438\u043a \u0410\u0431\u0435\u043b\u044c \u0420\u043e\u0441\u0441\u0438\u043d\u044c\u043e\u043b\u044c \u0441\u043e\u0437\u0434\u0430\u043b \u043d\u0435\u0431\u043e\u043b\u044c\u0448\u0443\u044e \u0444\u0438\u0440\u043c\u0443, \u043a\u043e\u0442\u043e\u0440\u0430\u044f \u0441\u043f\u0435\u0446\u0438\u0430\u043b\u0438\u0437\u0438\u0440\u043e\u0432\u0430\u043b\u0430\u0441\u044c \u043d\u0430 \u0432\u044b\u043f\u0443\u0441\u043a\u0435 \u0434\u0435\u0440\u0435\u0432\u044f\u043d\u043d\u044b\u0445 \u0438\u0437\u0434\u0435\u043b\u0438\u0439 \u0434\u043b\u044f \u0442\u0435\u043a\u0441\u0442\u0438\u043b\u044c\u043d\u043e\u0439 \u043f\u0440\u043e\u043c\u044b\u0448\u043b\u0435\u043d\u043d\u043e\u0441\u0442\u0438. \u0423\u0436\u0435 \u0432 \u0442\u043e \u0432\u0440\u0435\u043c\u044f \u0410\u0431\u0435\u043b\u044c \u0420\u043e\u0441\u0441\u0438\u043d\u044c\u043e\u043b\u044c \u0437\u0430\u0434\u0443\u043c\u044b\u0432\u0430\u043b\u0441\u044f \u043e \u0442\u043e\u043c, \u043a\u0430\u043a \u043d\u0430\u043b\u0430\u0434\u0438\u0442\u044c \u043f\u0440\u043e\u0438\u0437\u0432\u043e\u0434\u0441\u0442\u0432\u043e \u0441\u043e\u0431\u0441\u0442\u0432\u0435\u043d\u043d\u044b\u0445 \u0434\u0435\u0440\u0435\u0432\u044f\u043d\u043d\u044b\u0445 \u043b\u044b\u0436. \u0421\u043f\u0443\u0441\u0442\u044f \u0447\u0435\u0442\u044b\u0440\u0435 \u0433\u043e\u0434\u0430 \u043f\u0435\u0440\u0432\u0430\u044f \u043f\u0430\u0440\u0430 \u043b\u044b\u0436 \u0443\u0432\u0438\u0434\u0435\u043b\u0430 \u0441\u0432\u0435\u0442. [&hellip;]<\/p>\n","protected":false},"featured_media":102567,"comment_status":"open","ping_status":"closed","template":"","meta":{"_acf_changed":false,"inline_featured_image":false},"product_brand":[1320],"product_cat":[398],"product_tag":[],"class_list":{"0":"post-97938","1":"product","2":"type-product","3":"status-publish","4":"has-post-thumbnail","6":"product_brand-rossignol","7":"product_cat-ski","9":"first","10":"instock","11":"shipping-taxable","12":"purchasable","13":"product-type-simple"},"acf":[],"yoast_head":"<!-- This site is optimized with the Yoast SEO plugin v27.4 - https:\/\/yoast.com\/product\/yoast-seo-wordpress\/ -->\n<title>\u0413\u043e\u0440\u043d\u044b\u0435 \u043b\u044b\u0436\u0438 Rossignol Nova 6 Xpress - \u041c\u0430\u0433\u0430\u0437\u0438\u043d Xstyle<\/title>\n<meta name=\"robots\" content=\"index, follow, max-snippet:-1, max-image-preview:large, max-video-preview:-1\" \/>\n<link rel=\"canonical\" href=\"https:\/\/xstyle.md\/ro\/produs\/gornye-lyzhi-rossignol-nova-6-xpress\/\" \/>\n<meta property=\"og:locale\" content=\"ro_RO\" \/>\n<meta property=\"og:type\" content=\"article\" \/>\n<meta property=\"og:title\" content=\"\u0413\u043e\u0440\u043d\u044b\u0435 \u043b\u044b\u0436\u0438 Rossignol Nova 6 Xpress - \u041c\u0430\u0433\u0430\u0437\u0438\u043d Xstyle\" \/>\n<meta property=\"og:description\" content=\"\u0411\u0440\u0435\u043d\u0434 \u0411\u043e\u043b\u0435\u0435 100 \u043b\u0435\u0442 \u043d\u0430\u0437\u0430\u0434, \u0430 \u0442\u043e\u0447\u043d\u0435\u0435 \u0432 1907-\u043c \u0433\u043e\u0434\u0443 \u0432 \u043c\u0435\u0441\u0442\u0435\u0447\u043a\u0435 \u0412\u0443\u0430\u0440\u043e\u043d, \u043d\u0435\u0434\u0430\u043b\u0435\u043a\u043e \u043e\u0442 \u0413\u0440\u0435\u043d\u043e\u0431\u043b\u044f (\u0424\u0440\u0430\u043d\u0446\u0438\u044f) \u043f\u043b\u043e\u0442\u043d\u0438\u043a \u0410\u0431\u0435\u043b\u044c \u0420\u043e\u0441\u0441\u0438\u043d\u044c\u043e\u043b\u044c \u0441\u043e\u0437\u0434\u0430\u043b \u043d\u0435\u0431\u043e\u043b\u044c\u0448\u0443\u044e \u0444\u0438\u0440\u043c\u0443, \u043a\u043e\u0442\u043e\u0440\u0430\u044f \u0441\u043f\u0435\u0446\u0438\u0430\u043b\u0438\u0437\u0438\u0440\u043e\u0432\u0430\u043b\u0430\u0441\u044c \u043d\u0430 \u0432\u044b\u043f\u0443\u0441\u043a\u0435 \u0434\u0435\u0440\u0435\u0432\u044f\u043d\u043d\u044b\u0445 \u0438\u0437\u0434\u0435\u043b\u0438\u0439 \u0434\u043b\u044f \u0442\u0435\u043a\u0441\u0442\u0438\u043b\u044c\u043d\u043e\u0439 \u043f\u0440\u043e\u043c\u044b\u0448\u043b\u0435\u043d\u043d\u043e\u0441\u0442\u0438. \u0423\u0436\u0435 \u0432 \u0442\u043e \u0432\u0440\u0435\u043c\u044f \u0410\u0431\u0435\u043b\u044c \u0420\u043e\u0441\u0441\u0438\u043d\u044c\u043e\u043b\u044c \u0437\u0430\u0434\u0443\u043c\u044b\u0432\u0430\u043b\u0441\u044f \u043e \u0442\u043e\u043c, \u043a\u0430\u043a \u043d\u0430\u043b\u0430\u0434\u0438\u0442\u044c \u043f\u0440\u043e\u0438\u0437\u0432\u043e\u0434\u0441\u0442\u0432\u043e \u0441\u043e\u0431\u0441\u0442\u0432\u0435\u043d\u043d\u044b\u0445 \u0434\u0435\u0440\u0435\u0432\u044f\u043d\u043d\u044b\u0445 \u043b\u044b\u0436. \u0421\u043f\u0443\u0441\u0442\u044f \u0447\u0435\u0442\u044b\u0440\u0435 \u0433\u043e\u0434\u0430 \u043f\u0435\u0440\u0432\u0430\u044f \u043f\u0430\u0440\u0430 \u043b\u044b\u0436 \u0443\u0432\u0438\u0434\u0435\u043b\u0430 \u0441\u0432\u0435\u0442. [&hellip;]\" \/>\n<meta property=\"og:url\" content=\"https:\/\/xstyle.md\/ro\/produs\/gornye-lyzhi-rossignol-nova-6-xpress\/\" \/>\n<meta property=\"og:site_name\" content=\"\u041c\u0430\u0433\u0430\u0437\u0438\u043d Xstyle\" \/>\n<meta property=\"article:publisher\" content=\"https:\/\/www.facebook.com\/xstylemd\" \/>\n<meta property=\"article:modified_time\" content=\"2026-03-19T14:38:48+00:00\" \/>\n<meta property=\"og:image\" content=\"https:\/\/xstyle.md\/wp-content\/uploads\/2025\/11\/rossignol-nova-6-xpress.webp\" \/>\n\t<meta property=\"og:image:width\" content=\"1200\" \/>\n\t<meta property=\"og:image:height\" content=\"1200\" \/>\n\t<meta property=\"og:image:type\" content=\"image\/webp\" \/>\n<meta name=\"twitter:card\" content=\"summary_large_image\" \/>\n<meta name=\"twitter:label1\" content=\"Pre\u021b\" \/>\n\t<meta name=\"twitter:data1\" content=\"10.900&nbsp;MDL\" \/>\n\t<meta name=\"twitter:label2\" content=\"Disponibilitate\" \/>\n\t<meta name=\"twitter:data2\" content=\"\u00cen stoc\" \/>\n<script type=\"application\/ld+json\" class=\"yoast-schema-graph\">{\"@context\":\"https:\\\/\\\/schema.org\",\"@graph\":[{\"@type\":\"WebPage\",\"@id\":\"https:\\\/\\\/xstyle.md\\\/product\\\/gornye-lyzhi-rossignol-nova-6-xpress\\\/\",\"url\":\"https:\\\/\\\/xstyle.md\\\/product\\\/gornye-lyzhi-rossignol-nova-6-xpress\\\/\",\"name\":\"\u0413\u043e\u0440\u043d\u044b\u0435 \u043b\u044b\u0436\u0438 Rossignol Nova 6 Xpress - \u041c\u0430\u0433\u0430\u0437\u0438\u043d Xstyle\",\"isPartOf\":{\"@id\":\"https:\\\/\\\/xstyle.md\\\/#website\"},\"primaryImageOfPage\":{\"@id\":\"https:\\\/\\\/xstyle.md\\\/product\\\/gornye-lyzhi-rossignol-nova-6-xpress\\\/#primaryimage\"},\"image\":{\"@id\":\"https:\\\/\\\/xstyle.md\\\/product\\\/gornye-lyzhi-rossignol-nova-6-xpress\\\/#primaryimage\"},\"thumbnailUrl\":\"https:\\\/\\\/xstyle.md\\\/wp-content\\\/uploads\\\/2025\\\/11\\\/rossignol-nova-6-xpress.webp\",\"datePublished\":\"2025-11-19T14:22:35+00:00\",\"dateModified\":\"2026-03-19T14:38:48+00:00\",\"breadcrumb\":{\"@id\":\"https:\\\/\\\/xstyle.md\\\/product\\\/gornye-lyzhi-rossignol-nova-6-xpress\\\/#breadcrumb\"},\"inLanguage\":\"ro-RO\",\"potentialAction\":[{\"@type\":\"ReadAction\",\"target\":[\"https:\\\/\\\/xstyle.md\\\/product\\\/gornye-lyzhi-rossignol-nova-6-xpress\\\/\"]}]},{\"@type\":\"ImageObject\",\"inLanguage\":\"ro-RO\",\"@id\":\"https:\\\/\\\/xstyle.md\\\/product\\\/gornye-lyzhi-rossignol-nova-6-xpress\\\/#primaryimage\",\"url\":\"https:\\\/\\\/xstyle.md\\\/wp-content\\\/uploads\\\/2025\\\/11\\\/rossignol-nova-6-xpress.webp\",\"contentUrl\":\"https:\\\/\\\/xstyle.md\\\/wp-content\\\/uploads\\\/2025\\\/11\\\/rossignol-nova-6-xpress.webp\",\"width\":1200,\"height\":1200,\"caption\":\"\u0418\u0437\u043e\u0431\u0440\u0430\u0436\u0435\u043d\u0438\u0435 \u043b\u044b\u0436 Rossignol Nova 6 Xpress \u0434\u043b\u044f \u0430\u043a\u0442\u0438\u0432\u043d\u043e\u0433\u043e \u043e\u0442\u0434\u044b\u0445\u0430, \u043b\u044b\u0436\u043d\u044b\u0445 \u043f\u043e\u0445\u043e\u0434\u043e\u0432 \u0438 \u0433\u043e\u0440\u043d\u044b\u0445 \u043f\u0443\u0442\u0435\u0448\u0435\u0441\u0442\u0432\u0438\u0439 \u043d\u0430 \u0441\u0430\u0439\u0442\u0435 \u0438\u043d\u0442\u0435\u0440\u043d\u0435\u0442-\u043c\u0430\u0433\u0430\u0437\u0438\u043d\u0430 \u0441\u043f\u043e\u0440\u0442\u0438\u0432\u043d\u043e\u0439 \u043e\u0434\u0435\u0436\u0434\u044b \u0438 \u043e\u0431\u0443\u0432\u0438\"},{\"@type\":\"BreadcrumbList\",\"@id\":\"https:\\\/\\\/xstyle.md\\\/product\\\/gornye-lyzhi-rossignol-nova-6-xpress\\\/#breadcrumb\",\"itemListElement\":[{\"@type\":\"ListItem\",\"position\":1,\"name\":\"\u0413\u043b\u0430\u0432\u043d\u0430\u044f \u0441\u0442\u0440\u0430\u043d\u0438\u0446\u0430\",\"item\":\"https:\\\/\\\/xstyle.md\\\/\"},{\"@type\":\"ListItem\",\"position\":2,\"name\":\"\u041c\u0430\u0433\u0430\u0437\u0438\u043d\",\"item\":\"https:\\\/\\\/xstyle.md\\\/shop\\\/\"},{\"@type\":\"ListItem\",\"position\":3,\"name\":\"\u0413\u043e\u0440\u043d\u044b\u0435 \u043b\u044b\u0436\u0438 Rossignol Nova 6 Xpress\"}]},{\"@type\":\"WebSite\",\"@id\":\"https:\\\/\\\/xstyle.md\\\/#website\",\"url\":\"https:\\\/\\\/xstyle.md\\\/\",\"name\":\"\u041c\u0430\u0433\u0430\u0437\u0438\u043d Xstyle\",\"description\":\"C\u043d\u0430\u0440\u044f\u0436\u0435\u043d\u0438\u0435 \u0434\u043b\u044f \u0442\u0443\u0440\u0438\u0437\u043c\u0430 \u0438 \u044d\u043a\u0441\u0442\u0440\u0435\u043c\u0430\u043b\u044c\u043d\u044b\u0445 \u0432\u0438\u0434\u043e\u0432 \u0441\u043f\u043e\u0440\u0442\u0430 \u0432 \u041c\u043e\u043b\u0434\u043e\u0432\u0435.. \u0426\u0435\u043d\u044b, \u0444\u043e\u0442\u043e, \u0445\u0430\u0440\u0430\u043a\u0442\u0435\u0440\u0438\u0441\u0442\u0438\u043a\u0438 \u0432 \u041c\u043e\u043b\u0434\u043e\u0432\u0435.\",\"publisher\":{\"@id\":\"https:\\\/\\\/xstyle.md\\\/#organization\"},\"alternateName\":\"X-Style\",\"potentialAction\":[{\"@type\":\"SearchAction\",\"target\":{\"@type\":\"EntryPoint\",\"urlTemplate\":\"https:\\\/\\\/xstyle.md\\\/?s={search_term_string}\"},\"query-input\":{\"@type\":\"PropertyValueSpecification\",\"valueRequired\":true,\"valueName\":\"search_term_string\"}}],\"inLanguage\":\"ro-RO\"},{\"@type\":\"Organization\",\"@id\":\"https:\\\/\\\/xstyle.md\\\/#organization\",\"name\":\"\u041c\u0430\u0433\u0430\u0437\u0438\u043d Xstyle\",\"alternateName\":\"x-style\",\"url\":\"https:\\\/\\\/xstyle.md\\\/\",\"logo\":{\"@type\":\"ImageObject\",\"inLanguage\":\"ro-RO\",\"@id\":\"https:\\\/\\\/xstyle.md\\\/#\\\/schema\\\/logo\\\/image\\\/\",\"url\":\"https:\\\/\\\/xstyle.md\\\/wp-content\\\/uploads\\\/2020\\\/06\\\/logoicon.svg\",\"contentUrl\":\"https:\\\/\\\/xstyle.md\\\/wp-content\\\/uploads\\\/2020\\\/06\\\/logoicon.svg\",\"caption\":\"\u041c\u0430\u0433\u0430\u0437\u0438\u043d Xstyle\"},\"image\":{\"@id\":\"https:\\\/\\\/xstyle.md\\\/#\\\/schema\\\/logo\\\/image\\\/\"},\"sameAs\":[\"https:\\\/\\\/www.facebook.com\\\/xstylemd\",\"https:\\\/\\\/www.instagram.com\\\/xstyle_md\\\/\",\"https:\\\/\\\/t.me\\\/xstyle_outdoor\"],\"hasMerchantReturnPolicy\":{\"@type\":\"MerchantReturnPolicy\",\"merchantReturnLink\":\"https:\\\/\\\/xstyle.md\\\/ro\\\/conditions\\\/\"}}]}<\/script>\n<meta property=\"product:price:amount\" content=\"10900.00\" \/>\n<meta property=\"product:price:currency\" content=\"MDL\" \/>\n<meta property=\"og:availability\" content=\"instock\" \/>\n<meta property=\"product:availability\" content=\"instock\" \/>\n<meta property=\"product:retailer_item_id\" content=\"3607684844004\" \/>\n<meta property=\"product:condition\" content=\"new\" \/>\n<!-- \/ Yoast SEO plugin. -->","yoast_head_json":{"title":"\u0413\u043e\u0440\u043d\u044b\u0435 \u043b\u044b\u0436\u0438 Rossignol Nova 6 Xpress - \u041c\u0430\u0433\u0430\u0437\u0438\u043d Xstyle","robots":{"index":"index","follow":"follow","max-snippet":"max-snippet:-1","max-image-preview":"max-image-preview:large","max-video-preview":"max-video-preview:-1"},"canonical":"https:\/\/xstyle.md\/ro\/produs\/gornye-lyzhi-rossignol-nova-6-xpress\/","og_locale":"ro_RO","og_type":"article","og_title":"\u0413\u043e\u0440\u043d\u044b\u0435 \u043b\u044b\u0436\u0438 Rossignol Nova 6 Xpress - \u041c\u0430\u0433\u0430\u0437\u0438\u043d Xstyle","og_description":"\u0411\u0440\u0435\u043d\u0434 \u0411\u043e\u043b\u0435\u0435 100 \u043b\u0435\u0442 \u043d\u0430\u0437\u0430\u0434, \u0430 \u0442\u043e\u0447\u043d\u0435\u0435 \u0432 1907-\u043c \u0433\u043e\u0434\u0443 \u0432 \u043c\u0435\u0441\u0442\u0435\u0447\u043a\u0435 \u0412\u0443\u0430\u0440\u043e\u043d, \u043d\u0435\u0434\u0430\u043b\u0435\u043a\u043e \u043e\u0442 \u0413\u0440\u0435\u043d\u043e\u0431\u043b\u044f (\u0424\u0440\u0430\u043d\u0446\u0438\u044f) \u043f\u043b\u043e\u0442\u043d\u0438\u043a \u0410\u0431\u0435\u043b\u044c \u0420\u043e\u0441\u0441\u0438\u043d\u044c\u043e\u043b\u044c \u0441\u043e\u0437\u0434\u0430\u043b \u043d\u0435\u0431\u043e\u043b\u044c\u0448\u0443\u044e \u0444\u0438\u0440\u043c\u0443, \u043a\u043e\u0442\u043e\u0440\u0430\u044f \u0441\u043f\u0435\u0446\u0438\u0430\u043b\u0438\u0437\u0438\u0440\u043e\u0432\u0430\u043b\u0430\u0441\u044c \u043d\u0430 \u0432\u044b\u043f\u0443\u0441\u043a\u0435 \u0434\u0435\u0440\u0435\u0432\u044f\u043d\u043d\u044b\u0445 \u0438\u0437\u0434\u0435\u043b\u0438\u0439 \u0434\u043b\u044f \u0442\u0435\u043a\u0441\u0442\u0438\u043b\u044c\u043d\u043e\u0439 \u043f\u0440\u043e\u043c\u044b\u0448\u043b\u0435\u043d\u043d\u043e\u0441\u0442\u0438. \u0423\u0436\u0435 \u0432 \u0442\u043e \u0432\u0440\u0435\u043c\u044f \u0410\u0431\u0435\u043b\u044c \u0420\u043e\u0441\u0441\u0438\u043d\u044c\u043e\u043b\u044c \u0437\u0430\u0434\u0443\u043c\u044b\u0432\u0430\u043b\u0441\u044f \u043e \u0442\u043e\u043c, \u043a\u0430\u043a \u043d\u0430\u043b\u0430\u0434\u0438\u0442\u044c \u043f\u0440\u043e\u0438\u0437\u0432\u043e\u0434\u0441\u0442\u0432\u043e \u0441\u043e\u0431\u0441\u0442\u0432\u0435\u043d\u043d\u044b\u0445 \u0434\u0435\u0440\u0435\u0432\u044f\u043d\u043d\u044b\u0445 \u043b\u044b\u0436. \u0421\u043f\u0443\u0441\u0442\u044f \u0447\u0435\u0442\u044b\u0440\u0435 \u0433\u043e\u0434\u0430 \u043f\u0435\u0440\u0432\u0430\u044f \u043f\u0430\u0440\u0430 \u043b\u044b\u0436 \u0443\u0432\u0438\u0434\u0435\u043b\u0430 \u0441\u0432\u0435\u0442. [&hellip;]","og_url":"https:\/\/xstyle.md\/ro\/produs\/gornye-lyzhi-rossignol-nova-6-xpress\/","og_site_name":"\u041c\u0430\u0433\u0430\u0437\u0438\u043d Xstyle","article_publisher":"https:\/\/www.facebook.com\/xstylemd","article_modified_time":"2026-03-19T14:38:48+00:00","og_image":[{"width":1200,"height":1200,"url":"https:\/\/xstyle.md\/wp-content\/uploads\/2025\/11\/rossignol-nova-6-xpress.webp","type":"image\/webp"}],"twitter_card":"summary_large_image","twitter_misc":{"Pre\u021b":"10.900&nbsp;MDL","Disponibilitate":"\u00cen stoc"},"schema":{"@context":"https:\/\/schema.org","@graph":[{"@type":"WebPage","@id":"https:\/\/xstyle.md\/product\/gornye-lyzhi-rossignol-nova-6-xpress\/","url":"https:\/\/xstyle.md\/product\/gornye-lyzhi-rossignol-nova-6-xpress\/","name":"\u0413\u043e\u0440\u043d\u044b\u0435 \u043b\u044b\u0436\u0438 Rossignol Nova 6 Xpress - \u041c\u0430\u0433\u0430\u0437\u0438\u043d Xstyle","isPartOf":{"@id":"https:\/\/xstyle.md\/#website"},"primaryImageOfPage":{"@id":"https:\/\/xstyle.md\/product\/gornye-lyzhi-rossignol-nova-6-xpress\/#primaryimage"},"image":{"@id":"https:\/\/xstyle.md\/product\/gornye-lyzhi-rossignol-nova-6-xpress\/#primaryimage"},"thumbnailUrl":"https:\/\/xstyle.md\/wp-content\/uploads\/2025\/11\/rossignol-nova-6-xpress.webp","datePublished":"2025-11-19T14:22:35+00:00","dateModified":"2026-03-19T14:38:48+00:00","breadcrumb":{"@id":"https:\/\/xstyle.md\/product\/gornye-lyzhi-rossignol-nova-6-xpress\/#breadcrumb"},"inLanguage":"ro-RO","potentialAction":[{"@type":"ReadAction","target":["https:\/\/xstyle.md\/product\/gornye-lyzhi-rossignol-nova-6-xpress\/"]}]},{"@type":"ImageObject","inLanguage":"ro-RO","@id":"https:\/\/xstyle.md\/product\/gornye-lyzhi-rossignol-nova-6-xpress\/#primaryimage","url":"https:\/\/xstyle.md\/wp-content\/uploads\/2025\/11\/rossignol-nova-6-xpress.webp","contentUrl":"https:\/\/xstyle.md\/wp-content\/uploads\/2025\/11\/rossignol-nova-6-xpress.webp","width":1200,"height":1200,"caption":"\u0418\u0437\u043e\u0431\u0440\u0430\u0436\u0435\u043d\u0438\u0435 \u043b\u044b\u0436 Rossignol Nova 6 Xpress \u0434\u043b\u044f \u0430\u043a\u0442\u0438\u0432\u043d\u043e\u0433\u043e \u043e\u0442\u0434\u044b\u0445\u0430, \u043b\u044b\u0436\u043d\u044b\u0445 \u043f\u043e\u0445\u043e\u0434\u043e\u0432 \u0438 \u0433\u043e\u0440\u043d\u044b\u0445 \u043f\u0443\u0442\u0435\u0448\u0435\u0441\u0442\u0432\u0438\u0439 \u043d\u0430 \u0441\u0430\u0439\u0442\u0435 \u0438\u043d\u0442\u0435\u0440\u043d\u0435\u0442-\u043c\u0430\u0433\u0430\u0437\u0438\u043d\u0430 \u0441\u043f\u043e\u0440\u0442\u0438\u0432\u043d\u043e\u0439 \u043e\u0434\u0435\u0436\u0434\u044b \u0438 \u043e\u0431\u0443\u0432\u0438"},{"@type":"BreadcrumbList","@id":"https:\/\/xstyle.md\/product\/gornye-lyzhi-rossignol-nova-6-xpress\/#breadcrumb","itemListElement":[{"@type":"ListItem","position":1,"name":"\u0413\u043b\u0430\u0432\u043d\u0430\u044f \u0441\u0442\u0440\u0430\u043d\u0438\u0446\u0430","item":"https:\/\/xstyle.md\/"},{"@type":"ListItem","position":2,"name":"\u041c\u0430\u0433\u0430\u0437\u0438\u043d","item":"https:\/\/xstyle.md\/shop\/"},{"@type":"ListItem","position":3,"name":"\u0413\u043e\u0440\u043d\u044b\u0435 \u043b\u044b\u0436\u0438 Rossignol Nova 6 Xpress"}]},{"@type":"WebSite","@id":"https:\/\/xstyle.md\/#website","url":"https:\/\/xstyle.md\/","name":"Magazinul X-Style","description":"Echipamente pentru turism \u0219i sporturi extreme \u00een Moldova. Pre\u021buri, fotografii, caracteristici \u00een Moldova.","publisher":{"@id":"https:\/\/xstyle.md\/#organization"},"alternateName":"X-Style","potentialAction":[{"@type":"SearchAction","target":{"@type":"EntryPoint","urlTemplate":"https:\/\/xstyle.md\/?s={search_term_string}"},"query-input":{"@type":"PropertyValueSpecification","valueRequired":true,"valueName":"search_term_string"}}],"inLanguage":"ro-RO"},{"@type":"Organization","@id":"https:\/\/xstyle.md\/#organization","name":"Magazinul X-Style","alternateName":"x-style","url":"https:\/\/xstyle.md\/","logo":{"@type":"ImageObject","inLanguage":"ro-RO","@id":"https:\/\/xstyle.md\/#\/schema\/logo\/image\/","url":"https:\/\/xstyle.md\/wp-content\/uploads\/2020\/06\/logoicon.svg","contentUrl":"https:\/\/xstyle.md\/wp-content\/uploads\/2020\/06\/logoicon.svg","caption":"\u041c\u0430\u0433\u0430\u0437\u0438\u043d Xstyle"},"image":{"@id":"https:\/\/xstyle.md\/#\/schema\/logo\/image\/"},"sameAs":["https:\/\/www.facebook.com\/xstylemd","https:\/\/www.instagram.com\/xstyle_md\/","https:\/\/t.me\/xstyle_outdoor"],"hasMerchantReturnPolicy":{"@type":"MerchantReturnPolicy","merchantReturnLink":"https:\/\/xstyle.md\/ro\/conditions\/"}}]},"product_price_amount":"10900.00","product_price_currency":"MDL","og_availability":"instock","product_availability":"instock","product_retailer_item_id":"3607684844004","product_condition":"new"},"_links":{"self":[{"href":"https:\/\/xstyle.md\/ro\/wp-json\/wp\/v2\/product\/97938","targetHints":{"allow":["GET"]}}],"collection":[{"href":"https:\/\/xstyle.md\/ro\/wp-json\/wp\/v2\/product"}],"about":[{"href":"https:\/\/xstyle.md\/ro\/wp-json\/wp\/v2\/types\/product"}],"replies":[{"embeddable":true,"href":"https:\/\/xstyle.md\/ro\/wp-json\/wp\/v2\/comments?post=97938"}],"wp:featuredmedia":[{"embeddable":true,"href":"https:\/\/xstyle.md\/ro\/wp-json\/wp\/v2\/media\/102567"}],"wp:attachment":[{"href":"https:\/\/xstyle.md\/ro\/wp-json\/wp\/v2\/media?parent=97938"}],"wp:term":[{"taxonomy":"product_brand","embeddable":true,"href":"https:\/\/xstyle.md\/ro\/wp-json\/wp\/v2\/product_brand?post=97938"},{"taxonomy":"product_cat","embeddable":true,"href":"https:\/\/xstyle.md\/ro\/wp-json\/wp\/v2\/product_cat?post=97938"},{"taxonomy":"product_tag","embeddable":true,"href":"https:\/\/xstyle.md\/ro\/wp-json\/wp\/v2\/product_tag?post=97938"}],"curies":[{"name":"wp","href":"https:\/\/api.w.org\/{rel}","templated":true}]}}