{"id":97872,"date":"2025-11-19T17:22:16","date_gmt":"2025-11-19T14:22:16","guid":{"rendered":"https:\/\/xstyle.md\/?post_type=product&#038;p=97872"},"modified":"2026-02-16T19:25:05","modified_gmt":"2026-02-16T16:25:05","slug":"gornolyzhnye-palki-rossignol-tactic-clip-copper","status":"publish","type":"product","link":"https:\/\/xstyle.md\/ro\/produs\/gornolyzhnye-palki-rossignol-tactic-clip-copper\/","title":{"rendered":"Be\u021be schi Rossignol Tactic clip copper"},"content":{"rendered":"<p><\/p>\n<p><strong>Be\u021be schi Rossignol Tactic clip copper<\/strong> &#8212; sunt concepute pentru schiorii all-mountain care caut\u0103 u\u0219urin\u021b\u0103 \u0219i performan\u021b\u0103.<\/p>\n<p>Fabricate din aluminiu Dural cu 20% carbon, aceste be\u021be combin\u0103 rigiditatea \u0219i greutatea redus\u0103 pe toate tipurile de z\u0103pad\u0103. M\u00e2nerul dispune de tehnologia R-Clip, care permite curelei de m\u00e2n\u0103 s\u0103 fie clipsat\u0103 \u0219i declipsat\u0103 pentru o mai bun\u0103 pozi\u021bionare a m\u00e2inii. Fabricat dintr-un singur tip de plastic, acesta este complet reciclabil.<\/p>\n<p>Acest model are un diametru de 14 mm, o rozet\u0103 de 60 mm l\u0103\u021bime \u0219i un v\u00e2rf de o\u021bel pentru aderen\u021b\u0103 suplimentar\u0103.<\/p>\n<h3>Caracteristici<\/h3>\n<ul>\n<li>Material &#8212; aluminiu Dural cu 20% carbon<\/li>\n<li>M\u00e2ner &#8212; R-Clip<\/li>\n<li>V\u00e2rf &#8212; Flex Tip<\/li>\n<li>Destina\u021bie &#8212; schi alpin (all-mountain)<\/li>\n<li>Diametru tub &#8212; 14 mm<\/li>\n<li>Greutate &#8212; 245 g<\/li>\n<li>Material v\u00e2rf &#8212; o\u021bel<\/li>\n<li>Rozet\u0103 (Washer) &#8212; 60 mm<\/li>\n<\/ul>\n<p><\/p>\n<h3>Marca<\/h3>\n<p>\u00cen urm\u0103 cu mai bine de 100 de ani, mai precis \u00een 1907, \u00een ora\u0219ul Voiron, nu departe de Grenoble (Fran\u021ba), t\u00e2mplarul Abel Rossignol a creat o mic\u0103 firm\u0103 specializat\u0103 \u00een produc\u021bia de produse din lemn pentru industria textil\u0103. Deja \u00een acel moment, Abel Rossignol se g\u00e2ndea cum s\u0103 \u00eenfiin\u021beze produc\u021bia propriilor schiuri din lemn. Patru ani mai t\u00e2rziu, prima pereche de schiuri a v\u0103zut lumina.<\/p>\n<p>Deja \u00een 1911, dup\u0103 o expedi\u021bie \u00een Scandinavia, a fost creat un departament la firma care se ocupa exclusiv de schi. Ast\u0103zi, Rossignol combin\u0103 mai multe m\u0103rci: Rossignol, Dynastar, Lange \u0219i Risport \u0219i ofer\u0103 o gam\u0103 complet\u0103 de echipamente pentru sporturile de iarn\u0103 - totul pentru cei care iubesc sportul.<\/p>","protected":false},"excerpt":{"rendered":"<p>\u0411\u0440\u0435\u043d\u0434 \u0411\u043e\u043b\u0435\u0435 100 \u043b\u0435\u0442 \u043d\u0430\u0437\u0430\u0434, \u0430 \u0442\u043e\u0447\u043d\u0435\u0435 \u0432 1907-\u043c \u0433\u043e\u0434\u0443 \u0432 \u043c\u0435\u0441\u0442\u0435\u0447\u043a\u0435 \u0412\u0443\u0430\u0440\u043e\u043d, \u043d\u0435\u0434\u0430\u043b\u0435\u043a\u043e \u043e\u0442 \u0413\u0440\u0435\u043d\u043e\u0431\u043b\u044f (\u0424\u0440\u0430\u043d\u0446\u0438\u044f) \u043f\u043b\u043e\u0442\u043d\u0438\u043a \u0410\u0431\u0435\u043b\u044c \u0420\u043e\u0441\u0441\u0438\u043d\u044c\u043e\u043b\u044c \u0441\u043e\u0437\u0434\u0430\u043b \u043d\u0435\u0431\u043e\u043b\u044c\u0448\u0443\u044e \u0444\u0438\u0440\u043c\u0443, \u043a\u043e\u0442\u043e\u0440\u0430\u044f \u0441\u043f\u0435\u0446\u0438\u0430\u043b\u0438\u0437\u0438\u0440\u043e\u0432\u0430\u043b\u0430\u0441\u044c \u043d\u0430 \u0432\u044b\u043f\u0443\u0441\u043a\u0435 \u0434\u0435\u0440\u0435\u0432\u044f\u043d\u043d\u044b\u0445 \u0438\u0437\u0434\u0435\u043b\u0438\u0439 \u0434\u043b\u044f \u0442\u0435\u043a\u0441\u0442\u0438\u043b\u044c\u043d\u043e\u0439 \u043f\u0440\u043e\u043c\u044b\u0448\u043b\u0435\u043d\u043d\u043e\u0441\u0442\u0438. \u0423\u0436\u0435 \u0432 \u0442\u043e \u0432\u0440\u0435\u043c\u044f \u0410\u0431\u0435\u043b\u044c \u0420\u043e\u0441\u0441\u0438\u043d\u044c\u043e\u043b\u044c \u0437\u0430\u0434\u0443\u043c\u044b\u0432\u0430\u043b\u0441\u044f \u043e \u0442\u043e\u043c, \u043a\u0430\u043a \u043d\u0430\u043b\u0430\u0434\u0438\u0442\u044c \u043f\u0440\u043e\u0438\u0437\u0432\u043e\u0434\u0441\u0442\u0432\u043e \u0441\u043e\u0431\u0441\u0442\u0432\u0435\u043d\u043d\u044b\u0445 \u0434\u0435\u0440\u0435\u0432\u044f\u043d\u043d\u044b\u0445 \u043b\u044b\u0436. \u0421\u043f\u0443\u0441\u0442\u044f \u0447\u0435\u0442\u044b\u0440\u0435 \u0433\u043e\u0434\u0430 \u043f\u0435\u0440\u0432\u0430\u044f \u043f\u0430\u0440\u0430 \u043b\u044b\u0436 \u0443\u0432\u0438\u0434\u0435\u043b\u0430 \u0441\u0432\u0435\u0442. [&hellip;]<\/p>\n","protected":false},"featured_media":101501,"comment_status":"open","ping_status":"closed","template":"","meta":{"_acf_changed":false,"inline_featured_image":false},"product_brand":[1320],"product_cat":[399],"product_tag":[],"class_list":{"0":"post-97872","1":"product","2":"type-product","3":"status-publish","4":"has-post-thumbnail","6":"product_brand-rossignol","7":"product_cat-ski-poles","9":"first","10":"instock","11":"shipping-taxable","12":"purchasable","13":"product-type-simple"},"acf":[],"yoast_head":"<!-- This site is optimized with the Yoast SEO plugin v27.2 - https:\/\/yoast.com\/product\/yoast-seo-wordpress\/ -->\n<title>\u0413\u043e\u0440\u043d\u043e\u043b\u044b\u0436\u043d\u044b\u0435 \u043f\u0430\u043b\u043a\u0438 Rossignol Tactic clip copper - \u041c\u0430\u0433\u0430\u0437\u0438\u043d Xstyle<\/title>\n<meta name=\"robots\" content=\"index, follow, max-snippet:-1, max-image-preview:large, max-video-preview:-1\" \/>\n<link rel=\"canonical\" href=\"https:\/\/xstyle.md\/ro\/produs\/gornolyzhnye-palki-rossignol-tactic-clip-copper\/\" \/>\n<meta property=\"og:locale\" content=\"ro_RO\" \/>\n<meta property=\"og:type\" content=\"article\" \/>\n<meta property=\"og:title\" content=\"\u0413\u043e\u0440\u043d\u043e\u043b\u044b\u0436\u043d\u044b\u0435 \u043f\u0430\u043b\u043a\u0438 Rossignol Tactic clip copper - \u041c\u0430\u0433\u0430\u0437\u0438\u043d Xstyle\" \/>\n<meta property=\"og:description\" content=\"\u0411\u0440\u0435\u043d\u0434 \u0411\u043e\u043b\u0435\u0435 100 \u043b\u0435\u0442 \u043d\u0430\u0437\u0430\u0434, \u0430 \u0442\u043e\u0447\u043d\u0435\u0435 \u0432 1907-\u043c \u0433\u043e\u0434\u0443 \u0432 \u043c\u0435\u0441\u0442\u0435\u0447\u043a\u0435 \u0412\u0443\u0430\u0440\u043e\u043d, \u043d\u0435\u0434\u0430\u043b\u0435\u043a\u043e \u043e\u0442 \u0413\u0440\u0435\u043d\u043e\u0431\u043b\u044f (\u0424\u0440\u0430\u043d\u0446\u0438\u044f) \u043f\u043b\u043e\u0442\u043d\u0438\u043a \u0410\u0431\u0435\u043b\u044c \u0420\u043e\u0441\u0441\u0438\u043d\u044c\u043e\u043b\u044c \u0441\u043e\u0437\u0434\u0430\u043b \u043d\u0435\u0431\u043e\u043b\u044c\u0448\u0443\u044e \u0444\u0438\u0440\u043c\u0443, \u043a\u043e\u0442\u043e\u0440\u0430\u044f \u0441\u043f\u0435\u0446\u0438\u0430\u043b\u0438\u0437\u0438\u0440\u043e\u0432\u0430\u043b\u0430\u0441\u044c \u043d\u0430 \u0432\u044b\u043f\u0443\u0441\u043a\u0435 \u0434\u0435\u0440\u0435\u0432\u044f\u043d\u043d\u044b\u0445 \u0438\u0437\u0434\u0435\u043b\u0438\u0439 \u0434\u043b\u044f \u0442\u0435\u043a\u0441\u0442\u0438\u043b\u044c\u043d\u043e\u0439 \u043f\u0440\u043e\u043c\u044b\u0448\u043b\u0435\u043d\u043d\u043e\u0441\u0442\u0438. \u0423\u0436\u0435 \u0432 \u0442\u043e \u0432\u0440\u0435\u043c\u044f \u0410\u0431\u0435\u043b\u044c \u0420\u043e\u0441\u0441\u0438\u043d\u044c\u043e\u043b\u044c \u0437\u0430\u0434\u0443\u043c\u044b\u0432\u0430\u043b\u0441\u044f \u043e \u0442\u043e\u043c, \u043a\u0430\u043a \u043d\u0430\u043b\u0430\u0434\u0438\u0442\u044c \u043f\u0440\u043e\u0438\u0437\u0432\u043e\u0434\u0441\u0442\u0432\u043e \u0441\u043e\u0431\u0441\u0442\u0432\u0435\u043d\u043d\u044b\u0445 \u0434\u0435\u0440\u0435\u0432\u044f\u043d\u043d\u044b\u0445 \u043b\u044b\u0436. \u0421\u043f\u0443\u0441\u0442\u044f \u0447\u0435\u0442\u044b\u0440\u0435 \u0433\u043e\u0434\u0430 \u043f\u0435\u0440\u0432\u0430\u044f \u043f\u0430\u0440\u0430 \u043b\u044b\u0436 \u0443\u0432\u0438\u0434\u0435\u043b\u0430 \u0441\u0432\u0435\u0442. [&hellip;]\" \/>\n<meta property=\"og:url\" content=\"https:\/\/xstyle.md\/ro\/produs\/gornolyzhnye-palki-rossignol-tactic-clip-copper\/\" \/>\n<meta property=\"og:site_name\" content=\"\u041c\u0430\u0433\u0430\u0437\u0438\u043d Xstyle\" \/>\n<meta property=\"article:publisher\" content=\"https:\/\/www.facebook.com\/xstylemd\" \/>\n<meta property=\"article:modified_time\" content=\"2026-02-16T16:25:05+00:00\" \/>\n<meta property=\"og:image\" content=\"https:\/\/xstyle.md\/wp-content\/uploads\/2025\/11\/rossignol-tactic-clip-copper-1.webp\" \/>\n\t<meta property=\"og:image:width\" content=\"1200\" \/>\n\t<meta property=\"og:image:height\" content=\"1200\" \/>\n\t<meta property=\"og:image:type\" content=\"image\/webp\" \/>\n<meta name=\"twitter:card\" content=\"summary_large_image\" \/>\n<meta name=\"twitter:label1\" content=\"Pre\u021b\" \/>\n\t<meta name=\"twitter:data1\" content=\"1.950&nbsp;MDL\" \/>\n\t<meta name=\"twitter:label2\" content=\"Disponibilitate\" \/>\n\t<meta name=\"twitter:data2\" content=\"\u00cen stoc\" \/>\n<script type=\"application\/ld+json\" class=\"yoast-schema-graph\">{\"@context\":\"https:\/\/schema.org\",\"@graph\":[{\"@type\":\"WebPage\",\"@id\":\"https:\/\/xstyle.md\/product\/gornolyzhnye-palki-rossignol-tactic-clip-copper\/\",\"url\":\"https:\/\/xstyle.md\/product\/gornolyzhnye-palki-rossignol-tactic-clip-copper\/\",\"name\":\"\u0413\u043e\u0440\u043d\u043e\u043b\u044b\u0436\u043d\u044b\u0435 \u043f\u0430\u043b\u043a\u0438 Rossignol Tactic clip copper - \u041c\u0430\u0433\u0430\u0437\u0438\u043d Xstyle\",\"isPartOf\":{\"@id\":\"https:\/\/xstyle.md\/#website\"},\"primaryImageOfPage\":{\"@id\":\"https:\/\/xstyle.md\/product\/gornolyzhnye-palki-rossignol-tactic-clip-copper\/#primaryimage\"},\"image\":{\"@id\":\"https:\/\/xstyle.md\/product\/gornolyzhnye-palki-rossignol-tactic-clip-copper\/#primaryimage\"},\"thumbnailUrl\":\"https:\/\/xstyle.md\/wp-content\/uploads\/2025\/11\/rossignol-tactic-clip-copper-1.webp\",\"datePublished\":\"2025-11-19T14:22:16+00:00\",\"dateModified\":\"2026-02-16T16:25:05+00:00\",\"breadcrumb\":{\"@id\":\"https:\/\/xstyle.md\/product\/gornolyzhnye-palki-rossignol-tactic-clip-copper\/#breadcrumb\"},\"inLanguage\":\"ro-RO\",\"potentialAction\":[{\"@type\":\"ReadAction\",\"target\":[\"https:\/\/xstyle.md\/product\/gornolyzhnye-palki-rossignol-tactic-clip-copper\/\"]}]},{\"@type\":\"ImageObject\",\"inLanguage\":\"ro-RO\",\"@id\":\"https:\/\/xstyle.md\/product\/gornolyzhnye-palki-rossignol-tactic-clip-copper\/#primaryimage\",\"url\":\"https:\/\/xstyle.md\/wp-content\/uploads\/2025\/11\/rossignol-tactic-clip-copper-1.webp\",\"contentUrl\":\"https:\/\/xstyle.md\/wp-content\/uploads\/2025\/11\/rossignol-tactic-clip-copper-1.webp\",\"width\":1200,\"height\":1200,\"caption\":\"\u0413\u043e\u0440\u043d\u043e\u043b\u044b\u0436\u043d\u044b\u0435 \u043f\u0430\u043b\u043a\u0438 Rossignol Tactic clip copper \u0434\u043b\u044f \u0430\u043a\u0442\u0438\u0432\u043d\u043e\u0433\u043e \u043e\u0442\u0434\u044b\u0445\u0430, \u043b\u044b\u0436, \u043f\u0435\u0448\u0438\u0445 \u043f\u043e\u0445\u043e\u0434\u043e\u0432 \u0438 \u043f\u0443\u0442\u0435\u0448\u0435\u0441\u0442\u0432\u0438\u0439 \u0432 \u0438\u043d\u0442\u0435\u0440\u043d\u0435\u0442-\u043c\u0430\u0433\u0430\u0437\u0438\u043d\u0435 \u0441\u043f\u043e\u0440\u0442\u0438\u0432\u043d\u043e\u0439 \u044d\u043a\u0438\u043f\u0438\u0440\u043e\u0432\u043a\u0438\"},{\"@type\":\"BreadcrumbList\",\"@id\":\"https:\/\/xstyle.md\/product\/gornolyzhnye-palki-rossignol-tactic-clip-copper\/#breadcrumb\",\"itemListElement\":[{\"@type\":\"ListItem\",\"position\":1,\"name\":\"\u0413\u043b\u0430\u0432\u043d\u0430\u044f \u0441\u0442\u0440\u0430\u043d\u0438\u0446\u0430\",\"item\":\"https:\/\/xstyle.md\/\"},{\"@type\":\"ListItem\",\"position\":2,\"name\":\"\u041c\u0430\u0433\u0430\u0437\u0438\u043d\",\"item\":\"https:\/\/xstyle.md\/shop\/\"},{\"@type\":\"ListItem\",\"position\":3,\"name\":\"\u0413\u043e\u0440\u043d\u043e\u043b\u044b\u0436\u043d\u044b\u0435 \u043f\u0430\u043b\u043a\u0438 Rossignol Tactic clip copper\"}]},{\"@type\":\"WebSite\",\"@id\":\"https:\/\/xstyle.md\/#website\",\"url\":\"https:\/\/xstyle.md\/\",\"name\":\"\u041c\u0430\u0433\u0430\u0437\u0438\u043d Xstyle\",\"description\":\"C\u043d\u0430\u0440\u044f\u0436\u0435\u043d\u0438\u0435 \u0434\u043b\u044f \u0442\u0443\u0440\u0438\u0437\u043c\u0430 \u0438 \u044d\u043a\u0441\u0442\u0440\u0435\u043c\u0430\u043b\u044c\u043d\u044b\u0445 \u0432\u0438\u0434\u043e\u0432 \u0441\u043f\u043e\u0440\u0442\u0430 \u0432 \u041c\u043e\u043b\u0434\u043e\u0432\u0435.. \u0426\u0435\u043d\u044b, \u0444\u043e\u0442\u043e, \u0445\u0430\u0440\u0430\u043a\u0442\u0435\u0440\u0438\u0441\u0442\u0438\u043a\u0438 \u0432 \u041c\u043e\u043b\u0434\u043e\u0432\u0435.\",\"publisher\":{\"@id\":\"https:\/\/xstyle.md\/#organization\"},\"alternateName\":\"X-Style\",\"potentialAction\":[{\"@type\":\"SearchAction\",\"target\":{\"@type\":\"EntryPoint\",\"urlTemplate\":\"https:\/\/xstyle.md\/?s={search_term_string}\"},\"query-input\":{\"@type\":\"PropertyValueSpecification\",\"valueRequired\":true,\"valueName\":\"search_term_string\"}}],\"inLanguage\":\"ro-RO\"},{\"@type\":\"Organization\",\"@id\":\"https:\/\/xstyle.md\/#organization\",\"name\":\"\u041c\u0430\u0433\u0430\u0437\u0438\u043d Xstyle\",\"alternateName\":\"x-style\",\"url\":\"https:\/\/xstyle.md\/\",\"logo\":{\"@type\":\"ImageObject\",\"inLanguage\":\"ro-RO\",\"@id\":\"https:\/\/xstyle.md\/#\/schema\/logo\/image\/\",\"url\":\"https:\/\/xstyle.md\/wp-content\/uploads\/2020\/06\/logoicon.svg\",\"contentUrl\":\"https:\/\/xstyle.md\/wp-content\/uploads\/2020\/06\/logoicon.svg\",\"caption\":\"\u041c\u0430\u0433\u0430\u0437\u0438\u043d Xstyle\"},\"image\":{\"@id\":\"https:\/\/xstyle.md\/#\/schema\/logo\/image\/\"},\"sameAs\":[\"https:\/\/www.facebook.com\/xstylemd\",\"https:\/\/www.instagram.com\/xstyle_md\/\",\"https:\/\/t.me\/xstyle_outdoor\"],\"hasMerchantReturnPolicy\":{\"@type\":\"MerchantReturnPolicy\",\"merchantReturnLink\":\"https:\/\/xstyle.md\/ro\/conditions\/\"}}]}<\/script>\n<meta property=\"product:price:amount\" content=\"1950.00\" \/>\n<meta property=\"product:price:currency\" content=\"MDL\" \/>\n<meta property=\"og:availability\" content=\"instock\" \/>\n<meta property=\"product:availability\" content=\"instock\" \/>\n<meta property=\"product:retailer_item_id\" content=\"3607684588250\" \/>\n<meta property=\"product:condition\" content=\"new\" \/>\n<!-- \/ Yoast SEO plugin. -->","yoast_head_json":{"title":"\u0413\u043e\u0440\u043d\u043e\u043b\u044b\u0436\u043d\u044b\u0435 \u043f\u0430\u043b\u043a\u0438 Rossignol Tactic clip copper - \u041c\u0430\u0433\u0430\u0437\u0438\u043d Xstyle","robots":{"index":"index","follow":"follow","max-snippet":"max-snippet:-1","max-image-preview":"max-image-preview:large","max-video-preview":"max-video-preview:-1"},"canonical":"https:\/\/xstyle.md\/ro\/produs\/gornolyzhnye-palki-rossignol-tactic-clip-copper\/","og_locale":"ro_RO","og_type":"article","og_title":"\u0413\u043e\u0440\u043d\u043e\u043b\u044b\u0436\u043d\u044b\u0435 \u043f\u0430\u043b\u043a\u0438 Rossignol Tactic clip copper - \u041c\u0430\u0433\u0430\u0437\u0438\u043d Xstyle","og_description":"\u0411\u0440\u0435\u043d\u0434 \u0411\u043e\u043b\u0435\u0435 100 \u043b\u0435\u0442 \u043d\u0430\u0437\u0430\u0434, \u0430 \u0442\u043e\u0447\u043d\u0435\u0435 \u0432 1907-\u043c \u0433\u043e\u0434\u0443 \u0432 \u043c\u0435\u0441\u0442\u0435\u0447\u043a\u0435 \u0412\u0443\u0430\u0440\u043e\u043d, \u043d\u0435\u0434\u0430\u043b\u0435\u043a\u043e \u043e\u0442 \u0413\u0440\u0435\u043d\u043e\u0431\u043b\u044f (\u0424\u0440\u0430\u043d\u0446\u0438\u044f) \u043f\u043b\u043e\u0442\u043d\u0438\u043a \u0410\u0431\u0435\u043b\u044c \u0420\u043e\u0441\u0441\u0438\u043d\u044c\u043e\u043b\u044c \u0441\u043e\u0437\u0434\u0430\u043b \u043d\u0435\u0431\u043e\u043b\u044c\u0448\u0443\u044e \u0444\u0438\u0440\u043c\u0443, \u043a\u043e\u0442\u043e\u0440\u0430\u044f \u0441\u043f\u0435\u0446\u0438\u0430\u043b\u0438\u0437\u0438\u0440\u043e\u0432\u0430\u043b\u0430\u0441\u044c \u043d\u0430 \u0432\u044b\u043f\u0443\u0441\u043a\u0435 \u0434\u0435\u0440\u0435\u0432\u044f\u043d\u043d\u044b\u0445 \u0438\u0437\u0434\u0435\u043b\u0438\u0439 \u0434\u043b\u044f \u0442\u0435\u043a\u0441\u0442\u0438\u043b\u044c\u043d\u043e\u0439 \u043f\u0440\u043e\u043c\u044b\u0448\u043b\u0435\u043d\u043d\u043e\u0441\u0442\u0438. \u0423\u0436\u0435 \u0432 \u0442\u043e \u0432\u0440\u0435\u043c\u044f \u0410\u0431\u0435\u043b\u044c \u0420\u043e\u0441\u0441\u0438\u043d\u044c\u043e\u043b\u044c \u0437\u0430\u0434\u0443\u043c\u044b\u0432\u0430\u043b\u0441\u044f \u043e \u0442\u043e\u043c, \u043a\u0430\u043a \u043d\u0430\u043b\u0430\u0434\u0438\u0442\u044c \u043f\u0440\u043e\u0438\u0437\u0432\u043e\u0434\u0441\u0442\u0432\u043e \u0441\u043e\u0431\u0441\u0442\u0432\u0435\u043d\u043d\u044b\u0445 \u0434\u0435\u0440\u0435\u0432\u044f\u043d\u043d\u044b\u0445 \u043b\u044b\u0436. \u0421\u043f\u0443\u0441\u0442\u044f \u0447\u0435\u0442\u044b\u0440\u0435 \u0433\u043e\u0434\u0430 \u043f\u0435\u0440\u0432\u0430\u044f \u043f\u0430\u0440\u0430 \u043b\u044b\u0436 \u0443\u0432\u0438\u0434\u0435\u043b\u0430 \u0441\u0432\u0435\u0442. [&hellip;]","og_url":"https:\/\/xstyle.md\/ro\/produs\/gornolyzhnye-palki-rossignol-tactic-clip-copper\/","og_site_name":"\u041c\u0430\u0433\u0430\u0437\u0438\u043d Xstyle","article_publisher":"https:\/\/www.facebook.com\/xstylemd","article_modified_time":"2026-02-16T16:25:05+00:00","og_image":[{"width":1200,"height":1200,"url":"https:\/\/xstyle.md\/wp-content\/uploads\/2025\/11\/rossignol-tactic-clip-copper-1.webp","type":"image\/webp"}],"twitter_card":"summary_large_image","twitter_misc":{"Pre\u021b":"1.950&nbsp;MDL","Disponibilitate":"\u00cen stoc"},"schema":{"@context":"https:\/\/schema.org","@graph":[{"@type":"WebPage","@id":"https:\/\/xstyle.md\/product\/gornolyzhnye-palki-rossignol-tactic-clip-copper\/","url":"https:\/\/xstyle.md\/product\/gornolyzhnye-palki-rossignol-tactic-clip-copper\/","name":"\u0413\u043e\u0440\u043d\u043e\u043b\u044b\u0436\u043d\u044b\u0435 \u043f\u0430\u043b\u043a\u0438 Rossignol Tactic clip copper - \u041c\u0430\u0433\u0430\u0437\u0438\u043d Xstyle","isPartOf":{"@id":"https:\/\/xstyle.md\/#website"},"primaryImageOfPage":{"@id":"https:\/\/xstyle.md\/product\/gornolyzhnye-palki-rossignol-tactic-clip-copper\/#primaryimage"},"image":{"@id":"https:\/\/xstyle.md\/product\/gornolyzhnye-palki-rossignol-tactic-clip-copper\/#primaryimage"},"thumbnailUrl":"https:\/\/xstyle.md\/wp-content\/uploads\/2025\/11\/rossignol-tactic-clip-copper-1.webp","datePublished":"2025-11-19T14:22:16+00:00","dateModified":"2026-02-16T16:25:05+00:00","breadcrumb":{"@id":"https:\/\/xstyle.md\/product\/gornolyzhnye-palki-rossignol-tactic-clip-copper\/#breadcrumb"},"inLanguage":"ro-RO","potentialAction":[{"@type":"ReadAction","target":["https:\/\/xstyle.md\/product\/gornolyzhnye-palki-rossignol-tactic-clip-copper\/"]}]},{"@type":"ImageObject","inLanguage":"ro-RO","@id":"https:\/\/xstyle.md\/product\/gornolyzhnye-palki-rossignol-tactic-clip-copper\/#primaryimage","url":"https:\/\/xstyle.md\/wp-content\/uploads\/2025\/11\/rossignol-tactic-clip-copper-1.webp","contentUrl":"https:\/\/xstyle.md\/wp-content\/uploads\/2025\/11\/rossignol-tactic-clip-copper-1.webp","width":1200,"height":1200,"caption":"\u0413\u043e\u0440\u043d\u043e\u043b\u044b\u0436\u043d\u044b\u0435 \u043f\u0430\u043b\u043a\u0438 Rossignol Tactic clip copper \u0434\u043b\u044f \u0430\u043a\u0442\u0438\u0432\u043d\u043e\u0433\u043e \u043e\u0442\u0434\u044b\u0445\u0430, \u043b\u044b\u0436, \u043f\u0435\u0448\u0438\u0445 \u043f\u043e\u0445\u043e\u0434\u043e\u0432 \u0438 \u043f\u0443\u0442\u0435\u0448\u0435\u0441\u0442\u0432\u0438\u0439 \u0432 \u0438\u043d\u0442\u0435\u0440\u043d\u0435\u0442-\u043c\u0430\u0433\u0430\u0437\u0438\u043d\u0435 \u0441\u043f\u043e\u0440\u0442\u0438\u0432\u043d\u043e\u0439 \u044d\u043a\u0438\u043f\u0438\u0440\u043e\u0432\u043a\u0438"},{"@type":"BreadcrumbList","@id":"https:\/\/xstyle.md\/product\/gornolyzhnye-palki-rossignol-tactic-clip-copper\/#breadcrumb","itemListElement":[{"@type":"ListItem","position":1,"name":"\u0413\u043b\u0430\u0432\u043d\u0430\u044f \u0441\u0442\u0440\u0430\u043d\u0438\u0446\u0430","item":"https:\/\/xstyle.md\/"},{"@type":"ListItem","position":2,"name":"\u041c\u0430\u0433\u0430\u0437\u0438\u043d","item":"https:\/\/xstyle.md\/shop\/"},{"@type":"ListItem","position":3,"name":"\u0413\u043e\u0440\u043d\u043e\u043b\u044b\u0436\u043d\u044b\u0435 \u043f\u0430\u043b\u043a\u0438 Rossignol Tactic clip copper"}]},{"@type":"WebSite","@id":"https:\/\/xstyle.md\/#website","url":"https:\/\/xstyle.md\/","name":"Magazinul X-Style","description":"Echipamente pentru turism \u0219i sporturi extreme \u00een Moldova. Pre\u021buri, fotografii, caracteristici \u00een Moldova.","publisher":{"@id":"https:\/\/xstyle.md\/#organization"},"alternateName":"X-Style","potentialAction":[{"@type":"SearchAction","target":{"@type":"EntryPoint","urlTemplate":"https:\/\/xstyle.md\/?s={search_term_string}"},"query-input":{"@type":"PropertyValueSpecification","valueRequired":true,"valueName":"search_term_string"}}],"inLanguage":"ro-RO"},{"@type":"Organization","@id":"https:\/\/xstyle.md\/#organization","name":"Magazinul X-Style","alternateName":"x-style","url":"https:\/\/xstyle.md\/","logo":{"@type":"ImageObject","inLanguage":"ro-RO","@id":"https:\/\/xstyle.md\/#\/schema\/logo\/image\/","url":"https:\/\/xstyle.md\/wp-content\/uploads\/2020\/06\/logoicon.svg","contentUrl":"https:\/\/xstyle.md\/wp-content\/uploads\/2020\/06\/logoicon.svg","caption":"\u041c\u0430\u0433\u0430\u0437\u0438\u043d Xstyle"},"image":{"@id":"https:\/\/xstyle.md\/#\/schema\/logo\/image\/"},"sameAs":["https:\/\/www.facebook.com\/xstylemd","https:\/\/www.instagram.com\/xstyle_md\/","https:\/\/t.me\/xstyle_outdoor"],"hasMerchantReturnPolicy":{"@type":"MerchantReturnPolicy","merchantReturnLink":"https:\/\/xstyle.md\/ro\/conditions\/"}}]},"product_price_amount":"1950.00","product_price_currency":"MDL","og_availability":"instock","product_availability":"instock","product_retailer_item_id":"3607684588250","product_condition":"new"},"post_mailing_queue_ids":[],"_links":{"self":[{"href":"https:\/\/xstyle.md\/ro\/wp-json\/wp\/v2\/product\/97872","targetHints":{"allow":["GET"]}}],"collection":[{"href":"https:\/\/xstyle.md\/ro\/wp-json\/wp\/v2\/product"}],"about":[{"href":"https:\/\/xstyle.md\/ro\/wp-json\/wp\/v2\/types\/product"}],"replies":[{"embeddable":true,"href":"https:\/\/xstyle.md\/ro\/wp-json\/wp\/v2\/comments?post=97872"}],"wp:featuredmedia":[{"embeddable":true,"href":"https:\/\/xstyle.md\/ro\/wp-json\/wp\/v2\/media\/101501"}],"wp:attachment":[{"href":"https:\/\/xstyle.md\/ro\/wp-json\/wp\/v2\/media?parent=97872"}],"wp:term":[{"taxonomy":"product_brand","embeddable":true,"href":"https:\/\/xstyle.md\/ro\/wp-json\/wp\/v2\/product_brand?post=97872"},{"taxonomy":"product_cat","embeddable":true,"href":"https:\/\/xstyle.md\/ro\/wp-json\/wp\/v2\/product_cat?post=97872"},{"taxonomy":"product_tag","embeddable":true,"href":"https:\/\/xstyle.md\/ro\/wp-json\/wp\/v2\/product_tag?post=97872"}],"curies":[{"name":"wp","href":"https:\/\/api.w.org\/{rel}","templated":true}]}}