{"id":97860,"date":"2025-11-19T17:22:12","date_gmt":"2025-11-19T14:22:12","guid":{"rendered":"https:\/\/xstyle.md\/?post_type=product&#038;p=97860"},"modified":"2026-04-03T15:01:14","modified_gmt":"2026-04-03T12:01:14","slug":"zhiletka-rab-cirrus-flex-wmn-plum","status":"publish","type":"product","link":"https:\/\/xstyle.md\/ro\/produs\/zhiletka-rab-cirrus-flex-wmn-plum\/","title":{"rendered":"Vest\u0103 Rab Cirrus Flex Wmn plum"},"content":{"rendered":"<\/p>\n<p><strong>Rab Cirrus Flex Wmn plum<\/strong> &#8212; este o vest\u0103 izolat\u0103, versatil\u0103 \u0219i u\u0219oar\u0103, ideal\u0103 ca strat intermediar sau strat exterior pentru activit\u0103\u021bi outdoor \u00een condi\u021bii de temperaturi sc\u0103zute. Datorit\u0103 izola\u021biei sintetice PrimaLoft\u00ae Silver Luxe, vesta \u00ee\u0219i men\u021bine propriet\u0103\u021bile termice chiar \u0219i \u00een medii umede. Panourile laterale elastice din fleece Thermic\u2122 ofer\u0103 o mobilitate excelent\u0103 \u0219i respirabilitate, f\u0103c\u00e2nd din acest model alegerea perfect\u0103 pentru drume\u021bii, alpinism \u0219i schi de tur\u0103.<\/p>\n<h3>Particularit\u0103\u021bi<\/h3>\n<ul>\n<li>Izola\u021bie PrimaLoft\u00ae Silver Luxe<\/li>\n<li>\u021aes\u0103tur\u0103 Pertex\u00ae Quantum<\/li>\n<li>Inser\u021bii Thermic\u2122 &#8212; panouri laterale din fleece elastic care asigur\u0103 libertatea de mi\u0219care \u0219i ventila\u021bia \u00een timpul efortului intens<\/li>\n<li>Vesta esta poate fi \u00eempachetat\u0103 \u00een propriul buzunar st\u00e2ng (dotat cu bucl\u0103 pentru carabinier\u0103)<\/li>\n<li>Fermoare YKK\u00ae, dou\u0103 buzunare interioare ad\u00e2nci \u0219i tiv reglabil prin cordon<\/li>\n<\/ul>\n<h3>Caracteristici<\/h3>\n<ul>\n<li>Material exterior &#8212; 20D Recycled Pertex\u00ae Quantum (38gsm) cu DWR (f\u0103r\u0103 PFC)<\/li>\n<li>Izola\u021bie &#8212; PrimaLoft\u00ae Silver Insulation Luxe\u2122 (100% sintetic reciclat)<\/li>\n<li>Panouri laterale &#8212; Fleece elastic Thermic\u2122 (215gsm)<\/li>\n<li>Croial\u0103 &#8212; Slim<\/li>\n<\/ul>\n<h3>Tehnologii<\/h3>\n<ul>\n<li><strong>PrimaLoft<\/strong>\u00ae<strong> Silver Luxe\u2122<\/strong>&#8212; izola\u021bie sintetic\u0103 100% reciclat\u0103, care ofer\u0103 o c\u0103ldur\u0103 superioar\u0103 chiar \u0219i pe vreme umed\u0103.<\/li>\n<li><strong>Pertex<\/strong>\u00ae<strong> Quantum Air<\/strong> \u2013 o \u021bes\u0103tur\u0103 cu membran\u0103 cu permeabilitate ridicat\u0103 la aer, care ofer\u0103 rezisten\u021b\u0103 la v\u00e2nt \u0219i, \u00een acela\u0219i timp, o respirabilitate excelent\u0103, ceea ce ajut\u0103 la reglarea temperaturii corpului \u0219i la men\u021binerea confortului pentru mai mult timp. \u00cenveli\u0219ul rezistent la ap\u0103 (DWR) protejeaz\u0103 \u00eempotriva ploii \u0219i a z\u0103pezii, oferind o protec\u021bie suplimentar\u0103 \u00eempotriva intemperiilor.<\/li>\n<li><strong>Thermic\u2122<\/strong> &#8212; o familie de materiale fleece sintetice care se remarc\u0103 prin greutatea redus\u0103, durabilitate, capacitatea de a se usca rapid \u0219i de a re\u021bine eficient c\u0103ldura.<\/li>\n<\/ul>\n<p><\/p>\n<h3>Marca<\/h3>\n<p>Rab -  este un produc\u0103tor britanic de \u00eembr\u0103c\u0103minte \u0219i echipament pentru escalad\u0103 \u0219i alpinism, al c\u0103rui punct forte \u00eel reprezint\u0103 \u00eembr\u0103c\u0103mintea tehnic\u0103 sportiv\u0103 de \u00eenalt\u0103 calitate, izolarea cu puf \u0219i accesoriile pentru cap. Balaclavele acestui produc\u0103tor, de exemplu, sunt printre cele mai bune de pe pia\u021b\u0103, iar sacii de dormit se remarc\u0103, de asemenea, prin designul lor extrem de bine g\u00e2ndit.<\/p>\n<p>Compania a fost fondat\u0103 \u00een 1981 de c\u0103tre Rab Carrington, alpinist sco\u021bian de top. Baz\u00e2ndu-se pe propria sa experien\u021b\u0103 \u00een numeroase expedi\u021bii, Carrington a creat \u00eembr\u0103c\u0103minte care s\u0103 ofere confort, protec\u021bie \u0219i libertate \u00een mun\u021bi, \u00een drume\u021bii, c\u0103\u021b\u0103r\u0103ri sau alpinism.<\/p>\n<p>Jachetele de puf, sacii de dormit \u0219i hainele de expedi\u021bie Rab sunt fabricate din puf european de g\u00e2sc\u0103 \u0219i ra\u021b\u0103, provenit din surse etice \u0219i certificat Responsible Down. O impregnare hidrofug\u0103 f\u0103r\u0103 fluorocarburi numit\u0103 Nikwax este, de asemenea, aplicat\u0103 pufului folosit \u00een haine \u0219i saci de dormit pentru a le \u00eempiedica s\u0103 se \u00eencarce cu ap\u0103. \u00cen plus, se folosesc \u0219i materiale sintetice de \u00eenalt\u0103 calitate pentru izolare. \u00cembr\u0103c\u0103mintea Rab a devenit \"sinonim\u0103 cu produsele din puf de \u00eenalt\u0103 calitate\".<\/p>","protected":false},"excerpt":{"rendered":"<p>\u0411\u0440\u0435\u043d\u0434 Rab \u2014 \u0431\u0440\u0438\u0442\u0430\u043d\u0441\u043a\u0438\u0439 \u043f\u0440\u043e\u0438\u0437\u0432\u043e\u0434\u0438\u0442\u0435\u043b\u044c \u043e\u0434\u0435\u0436\u0434\u044b \u0438 \u0441\u043d\u0430\u0440\u044f\u0436\u0435\u043d\u0438\u044f \u0434\u043b\u044f \u0441\u043a\u0430\u043b\u043e\u043b\u0430\u0437\u0430\u043d\u0438\u044f \u0438 \u0430\u043b\u044c\u043f\u0438\u043d\u0438\u0437\u043c\u0430, \u0447\u0435\u0439 \u043a\u043e\u043d\u0435\u043a \u2014 \u043a\u0430\u0447\u0435\u0441\u0442\u0432\u0435\u043d\u043d\u0430\u044f \u0438 \u0442\u0435\u0445\u043d\u043e\u043b\u043e\u0433\u0438\u0447\u043d\u0430\u044f \u0441\u043f\u043e\u0440\u0442\u0438\u0432\u043d\u0430\u044f \u0442\u0435\u0445\u043d\u0438\u0447\u0435\u0441\u043a\u0430\u044f \u043e\u0434\u0435\u0436\u0434\u0430, \u043f\u0443\u0445\u043e\u0432\u044b\u0439 \u0443\u0442\u0435\u043f\u043b\u0438\u0442\u0435\u043b\u044c \u0438 \u0433\u043e\u043b\u043e\u0432\u043d\u044b\u0435 \u0443\u0431\u043e\u0440\u044b. \u0411\u0430\u043b\u0430\u043a\u043b\u0430\u0432\u044b \u044d\u0442\u043e\u0433\u043e \u043f\u0440\u043e\u0438\u0437\u0432\u043e\u0434\u0438\u0442\u0435\u043b\u044f, \u043a \u043f\u0440\u0438\u043c\u0435\u0440\u0443, \u043e\u0434\u043d\u0438 \u0438\u0437 \u043b\u0443\u0447\u0448\u0438\u0445 \u043e\u0431\u0440\u0430\u0437\u0446\u043e\u0432 \u043d\u0430 \u0440\u044b\u043d\u043a\u0435, \u0441\u043f\u0430\u043b\u044c\u043d\u044b\u0435 \u043c\u0435\u0448\u043a\u0438 \u0442\u0430\u043a\u0436\u0435 \u044f\u0440\u043a\u043e \u0432\u044b\u0434\u0435\u043b\u044f\u044e\u0442\u0441\u044f \u043f\u0440\u043e\u0434\u0443\u043c\u0430\u043d\u043d\u043e\u0441\u0442\u044c\u044e. \u041a\u043e\u043c\u043f\u0430\u043d\u0438\u044f \u043e\u0441\u043d\u043e\u0432\u0430\u043d\u0430 \u0432 1981 \u0433\u043e\u0434\u0443 \u0432\u0435\u0434\u0443\u0449\u0438\u043c \u0448\u043e\u0442\u043b\u0430\u043d\u0434\u0441\u043a\u0438\u043c \u0430\u043b\u044c\u043f\u0438\u043d\u0438\u0441\u0442\u043e\u043c \u0420\u0430\u0431\u043e\u043c \u041a\u044d\u0440\u0440\u0438\u043d\u0433\u0442\u043e\u043d\u043e\u043c. \u041f\u043e\u043b\u0430\u0433\u0430\u044f\u0441\u044c \u043d\u0430 [&hellip;]<\/p>\n","protected":false},"featured_media":104719,"comment_status":"open","ping_status":"closed","template":"","meta":{"_acf_changed":false,"inline_featured_image":false},"product_brand":[1442],"product_cat":[564],"product_tag":[],"class_list":{"0":"post-97860","1":"product","2":"type-product","3":"status-publish","4":"has-post-thumbnail","6":"product_brand-rab","7":"product_cat-vesta-scurta-femei","9":"first","10":"instock","11":"shipping-taxable","12":"purchasable","13":"product-type-simple"},"acf":[],"yoast_head":"<!-- This site is optimized with the Yoast SEO plugin v27.4 - https:\/\/yoast.com\/product\/yoast-seo-wordpress\/ -->\n<title>\u0416\u0438\u043b\u0435\u0442\u043a\u0430 Rab Cirrus Flex Wmn plum - \u041c\u0430\u0433\u0430\u0437\u0438\u043d Xstyle<\/title>\n<meta name=\"robots\" content=\"index, follow, max-snippet:-1, max-image-preview:large, max-video-preview:-1\" \/>\n<link rel=\"canonical\" href=\"https:\/\/xstyle.md\/ro\/produs\/zhiletka-rab-cirrus-flex-wmn-plum\/\" \/>\n<meta property=\"og:locale\" content=\"ro_RO\" \/>\n<meta property=\"og:type\" content=\"article\" \/>\n<meta property=\"og:title\" content=\"\u0416\u0438\u043b\u0435\u0442\u043a\u0430 Rab Cirrus Flex Wmn plum - \u041c\u0430\u0433\u0430\u0437\u0438\u043d Xstyle\" \/>\n<meta property=\"og:description\" content=\"\u0411\u0440\u0435\u043d\u0434 Rab \u2014 \u0431\u0440\u0438\u0442\u0430\u043d\u0441\u043a\u0438\u0439 \u043f\u0440\u043e\u0438\u0437\u0432\u043e\u0434\u0438\u0442\u0435\u043b\u044c \u043e\u0434\u0435\u0436\u0434\u044b \u0438 \u0441\u043d\u0430\u0440\u044f\u0436\u0435\u043d\u0438\u044f \u0434\u043b\u044f \u0441\u043a\u0430\u043b\u043e\u043b\u0430\u0437\u0430\u043d\u0438\u044f \u0438 \u0430\u043b\u044c\u043f\u0438\u043d\u0438\u0437\u043c\u0430, \u0447\u0435\u0439 \u043a\u043e\u043d\u0435\u043a \u2014 \u043a\u0430\u0447\u0435\u0441\u0442\u0432\u0435\u043d\u043d\u0430\u044f \u0438 \u0442\u0435\u0445\u043d\u043e\u043b\u043e\u0433\u0438\u0447\u043d\u0430\u044f \u0441\u043f\u043e\u0440\u0442\u0438\u0432\u043d\u0430\u044f \u0442\u0435\u0445\u043d\u0438\u0447\u0435\u0441\u043a\u0430\u044f \u043e\u0434\u0435\u0436\u0434\u0430, \u043f\u0443\u0445\u043e\u0432\u044b\u0439 \u0443\u0442\u0435\u043f\u043b\u0438\u0442\u0435\u043b\u044c \u0438 \u0433\u043e\u043b\u043e\u0432\u043d\u044b\u0435 \u0443\u0431\u043e\u0440\u044b. \u0411\u0430\u043b\u0430\u043a\u043b\u0430\u0432\u044b \u044d\u0442\u043e\u0433\u043e \u043f\u0440\u043e\u0438\u0437\u0432\u043e\u0434\u0438\u0442\u0435\u043b\u044f, \u043a \u043f\u0440\u0438\u043c\u0435\u0440\u0443, \u043e\u0434\u043d\u0438 \u0438\u0437 \u043b\u0443\u0447\u0448\u0438\u0445 \u043e\u0431\u0440\u0430\u0437\u0446\u043e\u0432 \u043d\u0430 \u0440\u044b\u043d\u043a\u0435, \u0441\u043f\u0430\u043b\u044c\u043d\u044b\u0435 \u043c\u0435\u0448\u043a\u0438 \u0442\u0430\u043a\u0436\u0435 \u044f\u0440\u043a\u043e \u0432\u044b\u0434\u0435\u043b\u044f\u044e\u0442\u0441\u044f \u043f\u0440\u043e\u0434\u0443\u043c\u0430\u043d\u043d\u043e\u0441\u0442\u044c\u044e. \u041a\u043e\u043c\u043f\u0430\u043d\u0438\u044f \u043e\u0441\u043d\u043e\u0432\u0430\u043d\u0430 \u0432 1981 \u0433\u043e\u0434\u0443 \u0432\u0435\u0434\u0443\u0449\u0438\u043c \u0448\u043e\u0442\u043b\u0430\u043d\u0434\u0441\u043a\u0438\u043c \u0430\u043b\u044c\u043f\u0438\u043d\u0438\u0441\u0442\u043e\u043c \u0420\u0430\u0431\u043e\u043c \u041a\u044d\u0440\u0440\u0438\u043d\u0433\u0442\u043e\u043d\u043e\u043c. \u041f\u043e\u043b\u0430\u0433\u0430\u044f\u0441\u044c \u043d\u0430 [&hellip;]\" \/>\n<meta property=\"og:url\" content=\"https:\/\/xstyle.md\/ro\/produs\/zhiletka-rab-cirrus-flex-wmn-plum\/\" \/>\n<meta property=\"og:site_name\" content=\"\u041c\u0430\u0433\u0430\u0437\u0438\u043d Xstyle\" \/>\n<meta property=\"article:publisher\" content=\"https:\/\/www.facebook.com\/xstylemd\" \/>\n<meta property=\"article:modified_time\" content=\"2026-04-03T12:01:14+00:00\" \/>\n<meta property=\"og:image\" content=\"https:\/\/xstyle.md\/wp-content\/uploads\/2025\/11\/rab-cirrus-flex-wmn-plum.webp\" \/>\n\t<meta property=\"og:image:width\" content=\"1200\" \/>\n\t<meta property=\"og:image:height\" content=\"1200\" \/>\n\t<meta property=\"og:image:type\" content=\"image\/webp\" \/>\n<meta name=\"twitter:card\" content=\"summary_large_image\" \/>\n<meta name=\"twitter:label1\" content=\"Pre\u021b\" \/>\n\t<meta name=\"twitter:data1\" content=\"2.050&nbsp;MDL\" \/>\n\t<meta name=\"twitter:label2\" content=\"Disponibilitate\" \/>\n\t<meta name=\"twitter:data2\" content=\"\u00cen stoc\" \/>\n<script type=\"application\/ld+json\" class=\"yoast-schema-graph\">{\"@context\":\"https:\\\/\\\/schema.org\",\"@graph\":[{\"@type\":\"WebPage\",\"@id\":\"https:\\\/\\\/xstyle.md\\\/product\\\/zhiletka-rab-cirrus-flex-wmn-plum\\\/\",\"url\":\"https:\\\/\\\/xstyle.md\\\/product\\\/zhiletka-rab-cirrus-flex-wmn-plum\\\/\",\"name\":\"\u0416\u0438\u043b\u0435\u0442\u043a\u0430 Rab Cirrus Flex Wmn plum - \u041c\u0430\u0433\u0430\u0437\u0438\u043d Xstyle\",\"isPartOf\":{\"@id\":\"https:\\\/\\\/xstyle.md\\\/#website\"},\"primaryImageOfPage\":{\"@id\":\"https:\\\/\\\/xstyle.md\\\/product\\\/zhiletka-rab-cirrus-flex-wmn-plum\\\/#primaryimage\"},\"image\":{\"@id\":\"https:\\\/\\\/xstyle.md\\\/product\\\/zhiletka-rab-cirrus-flex-wmn-plum\\\/#primaryimage\"},\"thumbnailUrl\":\"https:\\\/\\\/xstyle.md\\\/wp-content\\\/uploads\\\/2025\\\/11\\\/rab-cirrus-flex-wmn-plum.webp\",\"datePublished\":\"2025-11-19T14:22:12+00:00\",\"dateModified\":\"2026-04-03T12:01:14+00:00\",\"breadcrumb\":{\"@id\":\"https:\\\/\\\/xstyle.md\\\/product\\\/zhiletka-rab-cirrus-flex-wmn-plum\\\/#breadcrumb\"},\"inLanguage\":\"ro-RO\",\"potentialAction\":[{\"@type\":\"ReadAction\",\"target\":[\"https:\\\/\\\/xstyle.md\\\/product\\\/zhiletka-rab-cirrus-flex-wmn-plum\\\/\"]}]},{\"@type\":\"ImageObject\",\"inLanguage\":\"ro-RO\",\"@id\":\"https:\\\/\\\/xstyle.md\\\/product\\\/zhiletka-rab-cirrus-flex-wmn-plum\\\/#primaryimage\",\"url\":\"https:\\\/\\\/xstyle.md\\\/wp-content\\\/uploads\\\/2025\\\/11\\\/rab-cirrus-flex-wmn-plum.webp\",\"contentUrl\":\"https:\\\/\\\/xstyle.md\\\/wp-content\\\/uploads\\\/2025\\\/11\\\/rab-cirrus-flex-wmn-plum.webp\",\"width\":1200,\"height\":1200,\"caption\":\"\u0416\u0435\u043d\u0441\u043a\u0430\u044f \u0436\u0438\u043b\u0435\u0442\u043a\u0430 Rab Cirrus Flex Wmn \u0432 \u0446\u0432\u0435\u0442\u0435 plum \u043f\u043e\u0434\u0445\u043e\u0434\u044f\u0449\u0430\u044f \u0434\u043b\u044f \u0430\u043a\u0442\u0438\u0432\u043d\u043e\u0433\u043e \u043e\u0442\u0434\u044b\u0445\u0430, \u043f\u043e\u0445\u043e\u0434\u043e\u0432, \u043f\u0443\u0442\u0435\u0448\u0435\u0441\u0442\u0432\u0438\u0439 \u0438 \u0437\u0430\u043d\u044f\u0442\u0438\u0439 \u0441\u043f\u043e\u0440\u0442\u043e\u043c, \u043f\u043e\u043a\u0443\u043f\u0430\u0439\u0442\u0435 \u0432 \u0438\u043d\u0442\u0435\u0440\u043d\u0435\u0442-\u043c\u0430\u0433\u0430\u0437\u0438\u043d\u0435 \u0434\u043b\u044f \u0442\u0443\u0440\u0438\u0441\u0442\u043e\u0432 \u0438 \u0441\u043f\u043e\u0440\u0442\u0441\u043c\u0435\u043d\u043e\u0432\"},{\"@type\":\"BreadcrumbList\",\"@id\":\"https:\\\/\\\/xstyle.md\\\/product\\\/zhiletka-rab-cirrus-flex-wmn-plum\\\/#breadcrumb\",\"itemListElement\":[{\"@type\":\"ListItem\",\"position\":1,\"name\":\"\u0413\u043b\u0430\u0432\u043d\u0430\u044f \u0441\u0442\u0440\u0430\u043d\u0438\u0446\u0430\",\"item\":\"https:\\\/\\\/xstyle.md\\\/\"},{\"@type\":\"ListItem\",\"position\":2,\"name\":\"\u041c\u0430\u0433\u0430\u0437\u0438\u043d\",\"item\":\"https:\\\/\\\/xstyle.md\\\/shop\\\/\"},{\"@type\":\"ListItem\",\"position\":3,\"name\":\"\u0416\u0438\u043b\u0435\u0442\u043a\u0430 Rab Cirrus Flex Wmn plum\"}]},{\"@type\":\"WebSite\",\"@id\":\"https:\\\/\\\/xstyle.md\\\/#website\",\"url\":\"https:\\\/\\\/xstyle.md\\\/\",\"name\":\"\u041c\u0430\u0433\u0430\u0437\u0438\u043d Xstyle\",\"description\":\"C\u043d\u0430\u0440\u044f\u0436\u0435\u043d\u0438\u0435 \u0434\u043b\u044f \u0442\u0443\u0440\u0438\u0437\u043c\u0430 \u0438 \u044d\u043a\u0441\u0442\u0440\u0435\u043c\u0430\u043b\u044c\u043d\u044b\u0445 \u0432\u0438\u0434\u043e\u0432 \u0441\u043f\u043e\u0440\u0442\u0430 \u0432 \u041c\u043e\u043b\u0434\u043e\u0432\u0435.. \u0426\u0435\u043d\u044b, \u0444\u043e\u0442\u043e, \u0445\u0430\u0440\u0430\u043a\u0442\u0435\u0440\u0438\u0441\u0442\u0438\u043a\u0438 \u0432 \u041c\u043e\u043b\u0434\u043e\u0432\u0435.\",\"publisher\":{\"@id\":\"https:\\\/\\\/xstyle.md\\\/#organization\"},\"alternateName\":\"X-Style\",\"potentialAction\":[{\"@type\":\"SearchAction\",\"target\":{\"@type\":\"EntryPoint\",\"urlTemplate\":\"https:\\\/\\\/xstyle.md\\\/?s={search_term_string}\"},\"query-input\":{\"@type\":\"PropertyValueSpecification\",\"valueRequired\":true,\"valueName\":\"search_term_string\"}}],\"inLanguage\":\"ro-RO\"},{\"@type\":\"Organization\",\"@id\":\"https:\\\/\\\/xstyle.md\\\/#organization\",\"name\":\"\u041c\u0430\u0433\u0430\u0437\u0438\u043d Xstyle\",\"alternateName\":\"x-style\",\"url\":\"https:\\\/\\\/xstyle.md\\\/\",\"logo\":{\"@type\":\"ImageObject\",\"inLanguage\":\"ro-RO\",\"@id\":\"https:\\\/\\\/xstyle.md\\\/#\\\/schema\\\/logo\\\/image\\\/\",\"url\":\"https:\\\/\\\/xstyle.md\\\/wp-content\\\/uploads\\\/2020\\\/06\\\/logoicon.svg\",\"contentUrl\":\"https:\\\/\\\/xstyle.md\\\/wp-content\\\/uploads\\\/2020\\\/06\\\/logoicon.svg\",\"caption\":\"\u041c\u0430\u0433\u0430\u0437\u0438\u043d Xstyle\"},\"image\":{\"@id\":\"https:\\\/\\\/xstyle.md\\\/#\\\/schema\\\/logo\\\/image\\\/\"},\"sameAs\":[\"https:\\\/\\\/www.facebook.com\\\/xstylemd\",\"https:\\\/\\\/www.instagram.com\\\/xstyle_md\\\/\",\"https:\\\/\\\/t.me\\\/xstyle_outdoor\"],\"hasMerchantReturnPolicy\":{\"@type\":\"MerchantReturnPolicy\",\"merchantReturnLink\":\"https:\\\/\\\/xstyle.md\\\/ro\\\/conditions\\\/\"}}]}<\/script>\n<meta property=\"product:price:amount\" content=\"2050.00\" \/>\n<meta property=\"product:price:currency\" content=\"MDL\" \/>\n<meta property=\"og:availability\" content=\"instock\" \/>\n<meta property=\"product:availability\" content=\"instock\" \/>\n<meta property=\"product:retailer_item_id\" content=\"5059913167459\" \/>\n<meta property=\"product:condition\" content=\"new\" \/>\n<!-- \/ Yoast SEO plugin. -->","yoast_head_json":{"title":"\u0416\u0438\u043b\u0435\u0442\u043a\u0430 Rab Cirrus Flex Wmn plum - \u041c\u0430\u0433\u0430\u0437\u0438\u043d Xstyle","robots":{"index":"index","follow":"follow","max-snippet":"max-snippet:-1","max-image-preview":"max-image-preview:large","max-video-preview":"max-video-preview:-1"},"canonical":"https:\/\/xstyle.md\/ro\/produs\/zhiletka-rab-cirrus-flex-wmn-plum\/","og_locale":"ro_RO","og_type":"article","og_title":"\u0416\u0438\u043b\u0435\u0442\u043a\u0430 Rab Cirrus Flex Wmn plum - \u041c\u0430\u0433\u0430\u0437\u0438\u043d Xstyle","og_description":"\u0411\u0440\u0435\u043d\u0434 Rab \u2014 \u0431\u0440\u0438\u0442\u0430\u043d\u0441\u043a\u0438\u0439 \u043f\u0440\u043e\u0438\u0437\u0432\u043e\u0434\u0438\u0442\u0435\u043b\u044c \u043e\u0434\u0435\u0436\u0434\u044b \u0438 \u0441\u043d\u0430\u0440\u044f\u0436\u0435\u043d\u0438\u044f \u0434\u043b\u044f \u0441\u043a\u0430\u043b\u043e\u043b\u0430\u0437\u0430\u043d\u0438\u044f \u0438 \u0430\u043b\u044c\u043f\u0438\u043d\u0438\u0437\u043c\u0430, \u0447\u0435\u0439 \u043a\u043e\u043d\u0435\u043a \u2014 \u043a\u0430\u0447\u0435\u0441\u0442\u0432\u0435\u043d\u043d\u0430\u044f \u0438 \u0442\u0435\u0445\u043d\u043e\u043b\u043e\u0433\u0438\u0447\u043d\u0430\u044f \u0441\u043f\u043e\u0440\u0442\u0438\u0432\u043d\u0430\u044f \u0442\u0435\u0445\u043d\u0438\u0447\u0435\u0441\u043a\u0430\u044f \u043e\u0434\u0435\u0436\u0434\u0430, \u043f\u0443\u0445\u043e\u0432\u044b\u0439 \u0443\u0442\u0435\u043f\u043b\u0438\u0442\u0435\u043b\u044c \u0438 \u0433\u043e\u043b\u043e\u0432\u043d\u044b\u0435 \u0443\u0431\u043e\u0440\u044b. \u0411\u0430\u043b\u0430\u043a\u043b\u0430\u0432\u044b \u044d\u0442\u043e\u0433\u043e \u043f\u0440\u043e\u0438\u0437\u0432\u043e\u0434\u0438\u0442\u0435\u043b\u044f, \u043a \u043f\u0440\u0438\u043c\u0435\u0440\u0443, \u043e\u0434\u043d\u0438 \u0438\u0437 \u043b\u0443\u0447\u0448\u0438\u0445 \u043e\u0431\u0440\u0430\u0437\u0446\u043e\u0432 \u043d\u0430 \u0440\u044b\u043d\u043a\u0435, \u0441\u043f\u0430\u043b\u044c\u043d\u044b\u0435 \u043c\u0435\u0448\u043a\u0438 \u0442\u0430\u043a\u0436\u0435 \u044f\u0440\u043a\u043e \u0432\u044b\u0434\u0435\u043b\u044f\u044e\u0442\u0441\u044f \u043f\u0440\u043e\u0434\u0443\u043c\u0430\u043d\u043d\u043e\u0441\u0442\u044c\u044e. \u041a\u043e\u043c\u043f\u0430\u043d\u0438\u044f \u043e\u0441\u043d\u043e\u0432\u0430\u043d\u0430 \u0432 1981 \u0433\u043e\u0434\u0443 \u0432\u0435\u0434\u0443\u0449\u0438\u043c \u0448\u043e\u0442\u043b\u0430\u043d\u0434\u0441\u043a\u0438\u043c \u0430\u043b\u044c\u043f\u0438\u043d\u0438\u0441\u0442\u043e\u043c \u0420\u0430\u0431\u043e\u043c \u041a\u044d\u0440\u0440\u0438\u043d\u0433\u0442\u043e\u043d\u043e\u043c. \u041f\u043e\u043b\u0430\u0433\u0430\u044f\u0441\u044c \u043d\u0430 [&hellip;]","og_url":"https:\/\/xstyle.md\/ro\/produs\/zhiletka-rab-cirrus-flex-wmn-plum\/","og_site_name":"\u041c\u0430\u0433\u0430\u0437\u0438\u043d Xstyle","article_publisher":"https:\/\/www.facebook.com\/xstylemd","article_modified_time":"2026-04-03T12:01:14+00:00","og_image":[{"width":1200,"height":1200,"url":"https:\/\/xstyle.md\/wp-content\/uploads\/2025\/11\/rab-cirrus-flex-wmn-plum.webp","type":"image\/webp"}],"twitter_card":"summary_large_image","twitter_misc":{"Pre\u021b":"2.050&nbsp;MDL","Disponibilitate":"\u00cen stoc"},"schema":{"@context":"https:\/\/schema.org","@graph":[{"@type":"WebPage","@id":"https:\/\/xstyle.md\/product\/zhiletka-rab-cirrus-flex-wmn-plum\/","url":"https:\/\/xstyle.md\/product\/zhiletka-rab-cirrus-flex-wmn-plum\/","name":"\u0416\u0438\u043b\u0435\u0442\u043a\u0430 Rab Cirrus Flex Wmn plum - \u041c\u0430\u0433\u0430\u0437\u0438\u043d Xstyle","isPartOf":{"@id":"https:\/\/xstyle.md\/#website"},"primaryImageOfPage":{"@id":"https:\/\/xstyle.md\/product\/zhiletka-rab-cirrus-flex-wmn-plum\/#primaryimage"},"image":{"@id":"https:\/\/xstyle.md\/product\/zhiletka-rab-cirrus-flex-wmn-plum\/#primaryimage"},"thumbnailUrl":"https:\/\/xstyle.md\/wp-content\/uploads\/2025\/11\/rab-cirrus-flex-wmn-plum.webp","datePublished":"2025-11-19T14:22:12+00:00","dateModified":"2026-04-03T12:01:14+00:00","breadcrumb":{"@id":"https:\/\/xstyle.md\/product\/zhiletka-rab-cirrus-flex-wmn-plum\/#breadcrumb"},"inLanguage":"ro-RO","potentialAction":[{"@type":"ReadAction","target":["https:\/\/xstyle.md\/product\/zhiletka-rab-cirrus-flex-wmn-plum\/"]}]},{"@type":"ImageObject","inLanguage":"ro-RO","@id":"https:\/\/xstyle.md\/product\/zhiletka-rab-cirrus-flex-wmn-plum\/#primaryimage","url":"https:\/\/xstyle.md\/wp-content\/uploads\/2025\/11\/rab-cirrus-flex-wmn-plum.webp","contentUrl":"https:\/\/xstyle.md\/wp-content\/uploads\/2025\/11\/rab-cirrus-flex-wmn-plum.webp","width":1200,"height":1200,"caption":"\u0416\u0435\u043d\u0441\u043a\u0430\u044f \u0436\u0438\u043b\u0435\u0442\u043a\u0430 Rab Cirrus Flex Wmn \u0432 \u0446\u0432\u0435\u0442\u0435 plum \u043f\u043e\u0434\u0445\u043e\u0434\u044f\u0449\u0430\u044f \u0434\u043b\u044f \u0430\u043a\u0442\u0438\u0432\u043d\u043e\u0433\u043e \u043e\u0442\u0434\u044b\u0445\u0430, \u043f\u043e\u0445\u043e\u0434\u043e\u0432, \u043f\u0443\u0442\u0435\u0448\u0435\u0441\u0442\u0432\u0438\u0439 \u0438 \u0437\u0430\u043d\u044f\u0442\u0438\u0439 \u0441\u043f\u043e\u0440\u0442\u043e\u043c, \u043f\u043e\u043a\u0443\u043f\u0430\u0439\u0442\u0435 \u0432 \u0438\u043d\u0442\u0435\u0440\u043d\u0435\u0442-\u043c\u0430\u0433\u0430\u0437\u0438\u043d\u0435 \u0434\u043b\u044f \u0442\u0443\u0440\u0438\u0441\u0442\u043e\u0432 \u0438 \u0441\u043f\u043e\u0440\u0442\u0441\u043c\u0435\u043d\u043e\u0432"},{"@type":"BreadcrumbList","@id":"https:\/\/xstyle.md\/product\/zhiletka-rab-cirrus-flex-wmn-plum\/#breadcrumb","itemListElement":[{"@type":"ListItem","position":1,"name":"\u0413\u043b\u0430\u0432\u043d\u0430\u044f \u0441\u0442\u0440\u0430\u043d\u0438\u0446\u0430","item":"https:\/\/xstyle.md\/"},{"@type":"ListItem","position":2,"name":"\u041c\u0430\u0433\u0430\u0437\u0438\u043d","item":"https:\/\/xstyle.md\/shop\/"},{"@type":"ListItem","position":3,"name":"\u0416\u0438\u043b\u0435\u0442\u043a\u0430 Rab Cirrus Flex Wmn plum"}]},{"@type":"WebSite","@id":"https:\/\/xstyle.md\/#website","url":"https:\/\/xstyle.md\/","name":"Magazinul X-Style","description":"Echipamente pentru turism \u0219i sporturi extreme \u00een Moldova. Pre\u021buri, fotografii, caracteristici \u00een Moldova.","publisher":{"@id":"https:\/\/xstyle.md\/#organization"},"alternateName":"X-Style","potentialAction":[{"@type":"SearchAction","target":{"@type":"EntryPoint","urlTemplate":"https:\/\/xstyle.md\/?s={search_term_string}"},"query-input":{"@type":"PropertyValueSpecification","valueRequired":true,"valueName":"search_term_string"}}],"inLanguage":"ro-RO"},{"@type":"Organization","@id":"https:\/\/xstyle.md\/#organization","name":"Magazinul X-Style","alternateName":"x-style","url":"https:\/\/xstyle.md\/","logo":{"@type":"ImageObject","inLanguage":"ro-RO","@id":"https:\/\/xstyle.md\/#\/schema\/logo\/image\/","url":"https:\/\/xstyle.md\/wp-content\/uploads\/2020\/06\/logoicon.svg","contentUrl":"https:\/\/xstyle.md\/wp-content\/uploads\/2020\/06\/logoicon.svg","caption":"\u041c\u0430\u0433\u0430\u0437\u0438\u043d Xstyle"},"image":{"@id":"https:\/\/xstyle.md\/#\/schema\/logo\/image\/"},"sameAs":["https:\/\/www.facebook.com\/xstylemd","https:\/\/www.instagram.com\/xstyle_md\/","https:\/\/t.me\/xstyle_outdoor"],"hasMerchantReturnPolicy":{"@type":"MerchantReturnPolicy","merchantReturnLink":"https:\/\/xstyle.md\/ro\/conditions\/"}}]},"product_price_amount":"2050.00","product_price_currency":"MDL","og_availability":"instock","product_availability":"instock","product_retailer_item_id":"5059913167459","product_condition":"new"},"post_mailing_queue_ids":[],"_links":{"self":[{"href":"https:\/\/xstyle.md\/ro\/wp-json\/wp\/v2\/product\/97860","targetHints":{"allow":["GET"]}}],"collection":[{"href":"https:\/\/xstyle.md\/ro\/wp-json\/wp\/v2\/product"}],"about":[{"href":"https:\/\/xstyle.md\/ro\/wp-json\/wp\/v2\/types\/product"}],"replies":[{"embeddable":true,"href":"https:\/\/xstyle.md\/ro\/wp-json\/wp\/v2\/comments?post=97860"}],"wp:featuredmedia":[{"embeddable":true,"href":"https:\/\/xstyle.md\/ro\/wp-json\/wp\/v2\/media\/104719"}],"wp:attachment":[{"href":"https:\/\/xstyle.md\/ro\/wp-json\/wp\/v2\/media?parent=97860"}],"wp:term":[{"taxonomy":"product_brand","embeddable":true,"href":"https:\/\/xstyle.md\/ro\/wp-json\/wp\/v2\/product_brand?post=97860"},{"taxonomy":"product_cat","embeddable":true,"href":"https:\/\/xstyle.md\/ro\/wp-json\/wp\/v2\/product_cat?post=97860"},{"taxonomy":"product_tag","embeddable":true,"href":"https:\/\/xstyle.md\/ro\/wp-json\/wp\/v2\/product_tag?post=97860"}],"curies":[{"name":"wp","href":"https:\/\/api.w.org\/{rel}","templated":true}]}}