{"id":97767,"date":"2025-11-19T17:21:41","date_gmt":"2025-11-19T14:21:41","guid":{"rendered":"https:\/\/xstyle.md\/?post_type=product&#038;p=97767"},"modified":"2026-03-10T15:40:45","modified_gmt":"2026-03-10T12:40:45","slug":"perchatki-rab-guide-gtx-black","status":"publish","type":"product","link":"https:\/\/xstyle.md\/ro\/produs\/perchatki-rab-guide-gtx-black\/","title":{"rendered":"M\u0103nu\u0219i schi Rab Guide GTX black"},"content":{"rendered":"<\/p>\n<p><strong>Rab Guide GTX<\/strong> &#8212; sunt m\u0103nu\u0219i extrem de c\u0103lduroase, robuste \u0219i impermeabile, concepute pentru condi\u021bii severe: alpinism de iarn\u0103, escalad\u0103 la ghea\u021b\u0103 \u0219i activit\u0103\u021bi profesionale montane. Acestea ofer\u0103 un echilibru ideal \u00eentre protec\u021bie, durabilitate \u0219i dexteritate.<\/p>\n<h3>Particularit\u0103\u021bi<\/h3>\n<ul>\n<li>Tehnologie GORE-TEX\u00ae &#8212; membrana integrat\u0103 GORE-TEX\u00ae cu tehnologia Gore Active face m\u0103nu\u0219ile complet impermeabile \u0219i, \u00een acela\u0219i timp, extrem de respirabile<\/li>\n<li>Izola\u021bie PrimaLoft\u00ae Gold &#8212; pe dosul palmei se utilizeaz\u0103 izola\u021bie de \u00eenalt\u0103 calitate (60g\/m\u00b2), care men\u021bine c\u0103ldura chiar \u0219i \u00een condi\u021bii de umiditate<\/li>\n<li>Materiale \u0219i Protec\u021bie &#8212; stratul exterior este fabricat din nailon stretch rezistent, \u00een timp ce palma \u0219i degetele sunt ranforsate complet cu piele de capr\u0103 Pittards\u00ae Armortan pentru o rezisten\u021b\u0103 excep\u021bional\u0103 la uzur\u0103<\/li>\n<li>Ergonomie &#8212; forma pre-curbat\u0103 a degetelor (croial\u0103 3D) permite o prindere sigur\u0103 a pioletului sau a be\u021belor de schi<\/li>\n<li>Confort &#8212; c\u0103ptu\u0219eala interioar\u0103 din fleece Bemberg este pl\u0103cut\u0103 la atingere \u0219i elimin\u0103 rapid umiditatea<\/li>\n<li>Man\u0219ete &#8212; ajustabile cu o singur\u0103 m\u00e2n\u0103, dotate cu \u0219nur de siguran\u021b\u0103 deta\u0219abil (leash)<\/li>\n<li>Extra &#8212; zon\u0103 moale pe degetul mare pentru \u0219tergerea nasului sau a ochelarilor.<\/li>\n<li>Greutate &#8212; 220 g<\/li>\n<\/ul>\n<p><\/p>\n<h3>Marca<\/h3>\n<p>Rab -  este un produc\u0103tor britanic de \u00eembr\u0103c\u0103minte \u0219i echipament pentru escalad\u0103 \u0219i alpinism, al c\u0103rui punct forte \u00eel reprezint\u0103 \u00eembr\u0103c\u0103mintea tehnic\u0103 sportiv\u0103 de \u00eenalt\u0103 calitate, izolarea cu puf \u0219i accesoriile pentru cap. Balaclavele acestui produc\u0103tor, de exemplu, sunt printre cele mai bune de pe pia\u021b\u0103, iar sacii de dormit se remarc\u0103, de asemenea, prin designul lor extrem de bine g\u00e2ndit.<\/p>\n<p>Compania a fost fondat\u0103 \u00een 1981 de c\u0103tre Rab Carrington, alpinist sco\u021bian de top. Baz\u00e2ndu-se pe propria sa experien\u021b\u0103 \u00een numeroase expedi\u021bii, Carrington a creat \u00eembr\u0103c\u0103minte care s\u0103 ofere confort, protec\u021bie \u0219i libertate \u00een mun\u021bi, \u00een drume\u021bii, c\u0103\u021b\u0103r\u0103ri sau alpinism.<\/p>\n<p>Jachetele de puf, sacii de dormit \u0219i hainele de expedi\u021bie Rab sunt fabricate din puf european de g\u00e2sc\u0103 \u0219i ra\u021b\u0103, provenit din surse etice \u0219i certificat Responsible Down. O impregnare hidrofug\u0103 f\u0103r\u0103 fluorocarburi numit\u0103 Nikwax este, de asemenea, aplicat\u0103 pufului folosit \u00een haine \u0219i saci de dormit pentru a le \u00eempiedica s\u0103 se \u00eencarce cu ap\u0103. \u00cen plus, se folosesc \u0219i materiale sintetice de \u00eenalt\u0103 calitate pentru izolare. \u00cembr\u0103c\u0103mintea Rab a devenit \"sinonim\u0103 cu produsele din puf de \u00eenalt\u0103 calitate\".<\/p>","protected":false},"excerpt":{"rendered":"<p>\u0411\u0440\u0435\u043d\u0434 Rab \u2014 \u0431\u0440\u0438\u0442\u0430\u043d\u0441\u043a\u0438\u0439 \u043f\u0440\u043e\u0438\u0437\u0432\u043e\u0434\u0438\u0442\u0435\u043b\u044c \u043e\u0434\u0435\u0436\u0434\u044b \u0438 \u0441\u043d\u0430\u0440\u044f\u0436\u0435\u043d\u0438\u044f \u0434\u043b\u044f \u0441\u043a\u0430\u043b\u043e\u043b\u0430\u0437\u0430\u043d\u0438\u044f \u0438 \u0430\u043b\u044c\u043f\u0438\u043d\u0438\u0437\u043c\u0430, \u0447\u0435\u0439 \u043a\u043e\u043d\u0435\u043a \u2014 \u043a\u0430\u0447\u0435\u0441\u0442\u0432\u0435\u043d\u043d\u0430\u044f \u0438 \u0442\u0435\u0445\u043d\u043e\u043b\u043e\u0433\u0438\u0447\u043d\u0430\u044f \u0441\u043f\u043e\u0440\u0442\u0438\u0432\u043d\u0430\u044f \u0442\u0435\u0445\u043d\u0438\u0447\u0435\u0441\u043a\u0430\u044f \u043e\u0434\u0435\u0436\u0434\u0430, \u043f\u0443\u0445\u043e\u0432\u044b\u0439 \u0443\u0442\u0435\u043f\u043b\u0438\u0442\u0435\u043b\u044c \u0438 \u0433\u043e\u043b\u043e\u0432\u043d\u044b\u0435 \u0443\u0431\u043e\u0440\u044b. \u0411\u0430\u043b\u0430\u043a\u043b\u0430\u0432\u044b \u044d\u0442\u043e\u0433\u043e \u043f\u0440\u043e\u0438\u0437\u0432\u043e\u0434\u0438\u0442\u0435\u043b\u044f, \u043a \u043f\u0440\u0438\u043c\u0435\u0440\u0443, \u043e\u0434\u043d\u0438 \u0438\u0437 \u043b\u0443\u0447\u0448\u0438\u0445 \u043e\u0431\u0440\u0430\u0437\u0446\u043e\u0432 \u043d\u0430 \u0440\u044b\u043d\u043a\u0435, \u0441\u043f\u0430\u043b\u044c\u043d\u044b\u0435 \u043c\u0435\u0448\u043a\u0438 \u0442\u0430\u043a\u0436\u0435 \u044f\u0440\u043a\u043e \u0432\u044b\u0434\u0435\u043b\u044f\u044e\u0442\u0441\u044f \u043f\u0440\u043e\u0434\u0443\u043c\u0430\u043d\u043d\u043e\u0441\u0442\u044c\u044e. \u041a\u043e\u043c\u043f\u0430\u043d\u0438\u044f \u043e\u0441\u043d\u043e\u0432\u0430\u043d\u0430 \u0432 1981 \u0433\u043e\u0434\u0443 \u0432\u0435\u0434\u0443\u0449\u0438\u043c \u0448\u043e\u0442\u043b\u0430\u043d\u0434\u0441\u043a\u0438\u043c \u0430\u043b\u044c\u043f\u0438\u043d\u0438\u0441\u0442\u043e\u043c \u0420\u0430\u0431\u043e\u043c \u041a\u044d\u0440\u0440\u0438\u043d\u0433\u0442\u043e\u043d\u043e\u043c. \u041f\u043e\u043b\u0430\u0433\u0430\u044f\u0441\u044c \u043d\u0430 [&hellip;]<\/p>\n","protected":false},"featured_media":103129,"comment_status":"open","ping_status":"closed","template":"","meta":{"_acf_changed":false,"inline_featured_image":false},"product_brand":[1442],"product_cat":[889],"product_tag":[],"class_list":{"0":"post-97767","1":"product","2":"type-product","3":"status-publish","4":"has-post-thumbnail","6":"product_brand-rab","7":"product_cat-ski-gloves-men","9":"first","10":"instock","11":"shipping-taxable","12":"purchasable","13":"product-type-simple"},"acf":[],"yoast_head":"<!-- This site is optimized with the Yoast SEO plugin v27.4 - https:\/\/yoast.com\/product\/yoast-seo-wordpress\/ -->\n<title>\u041f\u0435\u0440\u0447\u0430\u0442\u043a\u0438 Rab Guide GTX black - \u041c\u0430\u0433\u0430\u0437\u0438\u043d Xstyle<\/title>\n<meta name=\"robots\" content=\"index, follow, max-snippet:-1, max-image-preview:large, max-video-preview:-1\" \/>\n<link rel=\"canonical\" href=\"https:\/\/xstyle.md\/ro\/produs\/perchatki-rab-guide-gtx-black\/\" \/>\n<meta property=\"og:locale\" content=\"ro_RO\" \/>\n<meta property=\"og:type\" content=\"article\" \/>\n<meta property=\"og:title\" content=\"\u041f\u0435\u0440\u0447\u0430\u0442\u043a\u0438 Rab Guide GTX black - \u041c\u0430\u0433\u0430\u0437\u0438\u043d Xstyle\" \/>\n<meta property=\"og:description\" content=\"\u0411\u0440\u0435\u043d\u0434 Rab \u2014 \u0431\u0440\u0438\u0442\u0430\u043d\u0441\u043a\u0438\u0439 \u043f\u0440\u043e\u0438\u0437\u0432\u043e\u0434\u0438\u0442\u0435\u043b\u044c \u043e\u0434\u0435\u0436\u0434\u044b \u0438 \u0441\u043d\u0430\u0440\u044f\u0436\u0435\u043d\u0438\u044f \u0434\u043b\u044f \u0441\u043a\u0430\u043b\u043e\u043b\u0430\u0437\u0430\u043d\u0438\u044f \u0438 \u0430\u043b\u044c\u043f\u0438\u043d\u0438\u0437\u043c\u0430, \u0447\u0435\u0439 \u043a\u043e\u043d\u0435\u043a \u2014 \u043a\u0430\u0447\u0435\u0441\u0442\u0432\u0435\u043d\u043d\u0430\u044f \u0438 \u0442\u0435\u0445\u043d\u043e\u043b\u043e\u0433\u0438\u0447\u043d\u0430\u044f \u0441\u043f\u043e\u0440\u0442\u0438\u0432\u043d\u0430\u044f \u0442\u0435\u0445\u043d\u0438\u0447\u0435\u0441\u043a\u0430\u044f \u043e\u0434\u0435\u0436\u0434\u0430, \u043f\u0443\u0445\u043e\u0432\u044b\u0439 \u0443\u0442\u0435\u043f\u043b\u0438\u0442\u0435\u043b\u044c \u0438 \u0433\u043e\u043b\u043e\u0432\u043d\u044b\u0435 \u0443\u0431\u043e\u0440\u044b. \u0411\u0430\u043b\u0430\u043a\u043b\u0430\u0432\u044b \u044d\u0442\u043e\u0433\u043e \u043f\u0440\u043e\u0438\u0437\u0432\u043e\u0434\u0438\u0442\u0435\u043b\u044f, \u043a \u043f\u0440\u0438\u043c\u0435\u0440\u0443, \u043e\u0434\u043d\u0438 \u0438\u0437 \u043b\u0443\u0447\u0448\u0438\u0445 \u043e\u0431\u0440\u0430\u0437\u0446\u043e\u0432 \u043d\u0430 \u0440\u044b\u043d\u043a\u0435, \u0441\u043f\u0430\u043b\u044c\u043d\u044b\u0435 \u043c\u0435\u0448\u043a\u0438 \u0442\u0430\u043a\u0436\u0435 \u044f\u0440\u043a\u043e \u0432\u044b\u0434\u0435\u043b\u044f\u044e\u0442\u0441\u044f \u043f\u0440\u043e\u0434\u0443\u043c\u0430\u043d\u043d\u043e\u0441\u0442\u044c\u044e. \u041a\u043e\u043c\u043f\u0430\u043d\u0438\u044f \u043e\u0441\u043d\u043e\u0432\u0430\u043d\u0430 \u0432 1981 \u0433\u043e\u0434\u0443 \u0432\u0435\u0434\u0443\u0449\u0438\u043c \u0448\u043e\u0442\u043b\u0430\u043d\u0434\u0441\u043a\u0438\u043c \u0430\u043b\u044c\u043f\u0438\u043d\u0438\u0441\u0442\u043e\u043c \u0420\u0430\u0431\u043e\u043c \u041a\u044d\u0440\u0440\u0438\u043d\u0433\u0442\u043e\u043d\u043e\u043c. \u041f\u043e\u043b\u0430\u0433\u0430\u044f\u0441\u044c \u043d\u0430 [&hellip;]\" \/>\n<meta property=\"og:url\" content=\"https:\/\/xstyle.md\/ro\/produs\/perchatki-rab-guide-gtx-black\/\" \/>\n<meta property=\"og:site_name\" content=\"\u041c\u0430\u0433\u0430\u0437\u0438\u043d Xstyle\" \/>\n<meta property=\"article:publisher\" content=\"https:\/\/www.facebook.com\/xstylemd\" \/>\n<meta property=\"article:modified_time\" content=\"2026-03-10T12:40:45+00:00\" \/>\n<meta property=\"og:image\" content=\"https:\/\/xstyle.md\/wp-content\/uploads\/2025\/11\/rab-guide-gtx-black.webp\" \/>\n\t<meta property=\"og:image:width\" content=\"1200\" \/>\n\t<meta property=\"og:image:height\" content=\"1200\" \/>\n\t<meta property=\"og:image:type\" content=\"image\/webp\" \/>\n<meta name=\"twitter:card\" content=\"summary_large_image\" \/>\n<meta name=\"twitter:label1\" content=\"Pre\u021b\" \/>\n\t<meta name=\"twitter:data1\" content=\"1.990&nbsp;MDL\" \/>\n\t<meta name=\"twitter:label2\" content=\"Disponibilitate\" \/>\n\t<meta name=\"twitter:data2\" content=\"\u00cen stoc\" \/>\n<script type=\"application\/ld+json\" class=\"yoast-schema-graph\">{\"@context\":\"https:\\\/\\\/schema.org\",\"@graph\":[{\"@type\":\"WebPage\",\"@id\":\"https:\\\/\\\/xstyle.md\\\/product\\\/perchatki-rab-guide-gtx-black\\\/\",\"url\":\"https:\\\/\\\/xstyle.md\\\/product\\\/perchatki-rab-guide-gtx-black\\\/\",\"name\":\"\u041f\u0435\u0440\u0447\u0430\u0442\u043a\u0438 Rab Guide GTX black - \u041c\u0430\u0433\u0430\u0437\u0438\u043d Xstyle\",\"isPartOf\":{\"@id\":\"https:\\\/\\\/xstyle.md\\\/#website\"},\"primaryImageOfPage\":{\"@id\":\"https:\\\/\\\/xstyle.md\\\/product\\\/perchatki-rab-guide-gtx-black\\\/#primaryimage\"},\"image\":{\"@id\":\"https:\\\/\\\/xstyle.md\\\/product\\\/perchatki-rab-guide-gtx-black\\\/#primaryimage\"},\"thumbnailUrl\":\"https:\\\/\\\/xstyle.md\\\/wp-content\\\/uploads\\\/2025\\\/11\\\/rab-guide-gtx-black.webp\",\"datePublished\":\"2025-11-19T14:21:41+00:00\",\"dateModified\":\"2026-03-10T12:40:45+00:00\",\"breadcrumb\":{\"@id\":\"https:\\\/\\\/xstyle.md\\\/product\\\/perchatki-rab-guide-gtx-black\\\/#breadcrumb\"},\"inLanguage\":\"ro-RO\",\"potentialAction\":[{\"@type\":\"ReadAction\",\"target\":[\"https:\\\/\\\/xstyle.md\\\/product\\\/perchatki-rab-guide-gtx-black\\\/\"]}]},{\"@type\":\"ImageObject\",\"inLanguage\":\"ro-RO\",\"@id\":\"https:\\\/\\\/xstyle.md\\\/product\\\/perchatki-rab-guide-gtx-black\\\/#primaryimage\",\"url\":\"https:\\\/\\\/xstyle.md\\\/wp-content\\\/uploads\\\/2025\\\/11\\\/rab-guide-gtx-black.webp\",\"contentUrl\":\"https:\\\/\\\/xstyle.md\\\/wp-content\\\/uploads\\\/2025\\\/11\\\/rab-guide-gtx-black.webp\",\"width\":1200,\"height\":1200,\"caption\":\"\u041f\u0435\u0440\u0447\u0430\u0442\u043a\u0438 Rab Guide GTX \u0447\u0435\u0440\u043d\u044b\u0435 \u0434\u043b\u044f \u0430\u043a\u0442\u0438\u0432\u043d\u043e\u0433\u043e \u043e\u0442\u0434\u044b\u0445\u0430, \u043f\u043e\u0445\u043e\u0434\u043e\u0432 \u0438 \u0430\u043b\u044c\u043f\u0438\u043d\u0438\u0437\u043c\u0430 \u043d\u0430 \u043e\u043d\u043b\u0430\u0439\u043d-\u043c\u0430\u0433\u0430\u0437\u0438\u043d\u0435 \u0441\u043f\u043e\u0440\u0442\u0438\u0432\u043d\u043e\u0439 \u043e\u0434\u0435\u0436\u0434\u044b \u0438 \u043e\u0431\u0443\u0432\u0438\"},{\"@type\":\"BreadcrumbList\",\"@id\":\"https:\\\/\\\/xstyle.md\\\/product\\\/perchatki-rab-guide-gtx-black\\\/#breadcrumb\",\"itemListElement\":[{\"@type\":\"ListItem\",\"position\":1,\"name\":\"\u0413\u043b\u0430\u0432\u043d\u0430\u044f \u0441\u0442\u0440\u0430\u043d\u0438\u0446\u0430\",\"item\":\"https:\\\/\\\/xstyle.md\\\/\"},{\"@type\":\"ListItem\",\"position\":2,\"name\":\"\u041c\u0430\u0433\u0430\u0437\u0438\u043d\",\"item\":\"https:\\\/\\\/xstyle.md\\\/shop\\\/\"},{\"@type\":\"ListItem\",\"position\":3,\"name\":\"\u041f\u0435\u0440\u0447\u0430\u0442\u043a\u0438 Rab Guide GTX black\"}]},{\"@type\":\"WebSite\",\"@id\":\"https:\\\/\\\/xstyle.md\\\/#website\",\"url\":\"https:\\\/\\\/xstyle.md\\\/\",\"name\":\"\u041c\u0430\u0433\u0430\u0437\u0438\u043d Xstyle\",\"description\":\"C\u043d\u0430\u0440\u044f\u0436\u0435\u043d\u0438\u0435 \u0434\u043b\u044f \u0442\u0443\u0440\u0438\u0437\u043c\u0430 \u0438 \u044d\u043a\u0441\u0442\u0440\u0435\u043c\u0430\u043b\u044c\u043d\u044b\u0445 \u0432\u0438\u0434\u043e\u0432 \u0441\u043f\u043e\u0440\u0442\u0430 \u0432 \u041c\u043e\u043b\u0434\u043e\u0432\u0435.. \u0426\u0435\u043d\u044b, \u0444\u043e\u0442\u043e, \u0445\u0430\u0440\u0430\u043a\u0442\u0435\u0440\u0438\u0441\u0442\u0438\u043a\u0438 \u0432 \u041c\u043e\u043b\u0434\u043e\u0432\u0435.\",\"publisher\":{\"@id\":\"https:\\\/\\\/xstyle.md\\\/#organization\"},\"alternateName\":\"X-Style\",\"potentialAction\":[{\"@type\":\"SearchAction\",\"target\":{\"@type\":\"EntryPoint\",\"urlTemplate\":\"https:\\\/\\\/xstyle.md\\\/?s={search_term_string}\"},\"query-input\":{\"@type\":\"PropertyValueSpecification\",\"valueRequired\":true,\"valueName\":\"search_term_string\"}}],\"inLanguage\":\"ro-RO\"},{\"@type\":\"Organization\",\"@id\":\"https:\\\/\\\/xstyle.md\\\/#organization\",\"name\":\"\u041c\u0430\u0433\u0430\u0437\u0438\u043d Xstyle\",\"alternateName\":\"x-style\",\"url\":\"https:\\\/\\\/xstyle.md\\\/\",\"logo\":{\"@type\":\"ImageObject\",\"inLanguage\":\"ro-RO\",\"@id\":\"https:\\\/\\\/xstyle.md\\\/#\\\/schema\\\/logo\\\/image\\\/\",\"url\":\"https:\\\/\\\/xstyle.md\\\/wp-content\\\/uploads\\\/2020\\\/06\\\/logoicon.svg\",\"contentUrl\":\"https:\\\/\\\/xstyle.md\\\/wp-content\\\/uploads\\\/2020\\\/06\\\/logoicon.svg\",\"caption\":\"\u041c\u0430\u0433\u0430\u0437\u0438\u043d Xstyle\"},\"image\":{\"@id\":\"https:\\\/\\\/xstyle.md\\\/#\\\/schema\\\/logo\\\/image\\\/\"},\"sameAs\":[\"https:\\\/\\\/www.facebook.com\\\/xstylemd\",\"https:\\\/\\\/www.instagram.com\\\/xstyle_md\\\/\",\"https:\\\/\\\/t.me\\\/xstyle_outdoor\"],\"hasMerchantReturnPolicy\":{\"@type\":\"MerchantReturnPolicy\",\"merchantReturnLink\":\"https:\\\/\\\/xstyle.md\\\/ro\\\/conditions\\\/\"}}]}<\/script>\n<meta property=\"product:price:amount\" content=\"1990.00\" \/>\n<meta property=\"product:price:currency\" content=\"MDL\" \/>\n<meta property=\"og:availability\" content=\"instock\" \/>\n<meta property=\"product:availability\" content=\"instock\" \/>\n<meta property=\"product:retailer_item_id\" content=\"5059913191140\" \/>\n<meta property=\"product:condition\" content=\"new\" \/>\n<!-- \/ Yoast SEO plugin. -->","yoast_head_json":{"title":"\u041f\u0435\u0440\u0447\u0430\u0442\u043a\u0438 Rab Guide GTX black - \u041c\u0430\u0433\u0430\u0437\u0438\u043d Xstyle","robots":{"index":"index","follow":"follow","max-snippet":"max-snippet:-1","max-image-preview":"max-image-preview:large","max-video-preview":"max-video-preview:-1"},"canonical":"https:\/\/xstyle.md\/ro\/produs\/perchatki-rab-guide-gtx-black\/","og_locale":"ro_RO","og_type":"article","og_title":"\u041f\u0435\u0440\u0447\u0430\u0442\u043a\u0438 Rab Guide GTX black - \u041c\u0430\u0433\u0430\u0437\u0438\u043d Xstyle","og_description":"\u0411\u0440\u0435\u043d\u0434 Rab \u2014 \u0431\u0440\u0438\u0442\u0430\u043d\u0441\u043a\u0438\u0439 \u043f\u0440\u043e\u0438\u0437\u0432\u043e\u0434\u0438\u0442\u0435\u043b\u044c \u043e\u0434\u0435\u0436\u0434\u044b \u0438 \u0441\u043d\u0430\u0440\u044f\u0436\u0435\u043d\u0438\u044f \u0434\u043b\u044f \u0441\u043a\u0430\u043b\u043e\u043b\u0430\u0437\u0430\u043d\u0438\u044f \u0438 \u0430\u043b\u044c\u043f\u0438\u043d\u0438\u0437\u043c\u0430, \u0447\u0435\u0439 \u043a\u043e\u043d\u0435\u043a \u2014 \u043a\u0430\u0447\u0435\u0441\u0442\u0432\u0435\u043d\u043d\u0430\u044f \u0438 \u0442\u0435\u0445\u043d\u043e\u043b\u043e\u0433\u0438\u0447\u043d\u0430\u044f \u0441\u043f\u043e\u0440\u0442\u0438\u0432\u043d\u0430\u044f \u0442\u0435\u0445\u043d\u0438\u0447\u0435\u0441\u043a\u0430\u044f \u043e\u0434\u0435\u0436\u0434\u0430, \u043f\u0443\u0445\u043e\u0432\u044b\u0439 \u0443\u0442\u0435\u043f\u043b\u0438\u0442\u0435\u043b\u044c \u0438 \u0433\u043e\u043b\u043e\u0432\u043d\u044b\u0435 \u0443\u0431\u043e\u0440\u044b. \u0411\u0430\u043b\u0430\u043a\u043b\u0430\u0432\u044b \u044d\u0442\u043e\u0433\u043e \u043f\u0440\u043e\u0438\u0437\u0432\u043e\u0434\u0438\u0442\u0435\u043b\u044f, \u043a \u043f\u0440\u0438\u043c\u0435\u0440\u0443, \u043e\u0434\u043d\u0438 \u0438\u0437 \u043b\u0443\u0447\u0448\u0438\u0445 \u043e\u0431\u0440\u0430\u0437\u0446\u043e\u0432 \u043d\u0430 \u0440\u044b\u043d\u043a\u0435, \u0441\u043f\u0430\u043b\u044c\u043d\u044b\u0435 \u043c\u0435\u0448\u043a\u0438 \u0442\u0430\u043a\u0436\u0435 \u044f\u0440\u043a\u043e \u0432\u044b\u0434\u0435\u043b\u044f\u044e\u0442\u0441\u044f \u043f\u0440\u043e\u0434\u0443\u043c\u0430\u043d\u043d\u043e\u0441\u0442\u044c\u044e. \u041a\u043e\u043c\u043f\u0430\u043d\u0438\u044f \u043e\u0441\u043d\u043e\u0432\u0430\u043d\u0430 \u0432 1981 \u0433\u043e\u0434\u0443 \u0432\u0435\u0434\u0443\u0449\u0438\u043c \u0448\u043e\u0442\u043b\u0430\u043d\u0434\u0441\u043a\u0438\u043c \u0430\u043b\u044c\u043f\u0438\u043d\u0438\u0441\u0442\u043e\u043c \u0420\u0430\u0431\u043e\u043c \u041a\u044d\u0440\u0440\u0438\u043d\u0433\u0442\u043e\u043d\u043e\u043c. \u041f\u043e\u043b\u0430\u0433\u0430\u044f\u0441\u044c \u043d\u0430 [&hellip;]","og_url":"https:\/\/xstyle.md\/ro\/produs\/perchatki-rab-guide-gtx-black\/","og_site_name":"\u041c\u0430\u0433\u0430\u0437\u0438\u043d Xstyle","article_publisher":"https:\/\/www.facebook.com\/xstylemd","article_modified_time":"2026-03-10T12:40:45+00:00","og_image":[{"width":1200,"height":1200,"url":"https:\/\/xstyle.md\/wp-content\/uploads\/2025\/11\/rab-guide-gtx-black.webp","type":"image\/webp"}],"twitter_card":"summary_large_image","twitter_misc":{"Pre\u021b":"1.990&nbsp;MDL","Disponibilitate":"\u00cen stoc"},"schema":{"@context":"https:\/\/schema.org","@graph":[{"@type":"WebPage","@id":"https:\/\/xstyle.md\/product\/perchatki-rab-guide-gtx-black\/","url":"https:\/\/xstyle.md\/product\/perchatki-rab-guide-gtx-black\/","name":"\u041f\u0435\u0440\u0447\u0430\u0442\u043a\u0438 Rab Guide GTX black - \u041c\u0430\u0433\u0430\u0437\u0438\u043d Xstyle","isPartOf":{"@id":"https:\/\/xstyle.md\/#website"},"primaryImageOfPage":{"@id":"https:\/\/xstyle.md\/product\/perchatki-rab-guide-gtx-black\/#primaryimage"},"image":{"@id":"https:\/\/xstyle.md\/product\/perchatki-rab-guide-gtx-black\/#primaryimage"},"thumbnailUrl":"https:\/\/xstyle.md\/wp-content\/uploads\/2025\/11\/rab-guide-gtx-black.webp","datePublished":"2025-11-19T14:21:41+00:00","dateModified":"2026-03-10T12:40:45+00:00","breadcrumb":{"@id":"https:\/\/xstyle.md\/product\/perchatki-rab-guide-gtx-black\/#breadcrumb"},"inLanguage":"ro-RO","potentialAction":[{"@type":"ReadAction","target":["https:\/\/xstyle.md\/product\/perchatki-rab-guide-gtx-black\/"]}]},{"@type":"ImageObject","inLanguage":"ro-RO","@id":"https:\/\/xstyle.md\/product\/perchatki-rab-guide-gtx-black\/#primaryimage","url":"https:\/\/xstyle.md\/wp-content\/uploads\/2025\/11\/rab-guide-gtx-black.webp","contentUrl":"https:\/\/xstyle.md\/wp-content\/uploads\/2025\/11\/rab-guide-gtx-black.webp","width":1200,"height":1200,"caption":"\u041f\u0435\u0440\u0447\u0430\u0442\u043a\u0438 Rab Guide GTX \u0447\u0435\u0440\u043d\u044b\u0435 \u0434\u043b\u044f \u0430\u043a\u0442\u0438\u0432\u043d\u043e\u0433\u043e \u043e\u0442\u0434\u044b\u0445\u0430, \u043f\u043e\u0445\u043e\u0434\u043e\u0432 \u0438 \u0430\u043b\u044c\u043f\u0438\u043d\u0438\u0437\u043c\u0430 \u043d\u0430 \u043e\u043d\u043b\u0430\u0439\u043d-\u043c\u0430\u0433\u0430\u0437\u0438\u043d\u0435 \u0441\u043f\u043e\u0440\u0442\u0438\u0432\u043d\u043e\u0439 \u043e\u0434\u0435\u0436\u0434\u044b \u0438 \u043e\u0431\u0443\u0432\u0438"},{"@type":"BreadcrumbList","@id":"https:\/\/xstyle.md\/product\/perchatki-rab-guide-gtx-black\/#breadcrumb","itemListElement":[{"@type":"ListItem","position":1,"name":"\u0413\u043b\u0430\u0432\u043d\u0430\u044f \u0441\u0442\u0440\u0430\u043d\u0438\u0446\u0430","item":"https:\/\/xstyle.md\/"},{"@type":"ListItem","position":2,"name":"\u041c\u0430\u0433\u0430\u0437\u0438\u043d","item":"https:\/\/xstyle.md\/shop\/"},{"@type":"ListItem","position":3,"name":"\u041f\u0435\u0440\u0447\u0430\u0442\u043a\u0438 Rab Guide GTX black"}]},{"@type":"WebSite","@id":"https:\/\/xstyle.md\/#website","url":"https:\/\/xstyle.md\/","name":"Magazinul X-Style","description":"Echipamente pentru turism \u0219i sporturi extreme \u00een Moldova. Pre\u021buri, fotografii, caracteristici \u00een Moldova.","publisher":{"@id":"https:\/\/xstyle.md\/#organization"},"alternateName":"X-Style","potentialAction":[{"@type":"SearchAction","target":{"@type":"EntryPoint","urlTemplate":"https:\/\/xstyle.md\/?s={search_term_string}"},"query-input":{"@type":"PropertyValueSpecification","valueRequired":true,"valueName":"search_term_string"}}],"inLanguage":"ro-RO"},{"@type":"Organization","@id":"https:\/\/xstyle.md\/#organization","name":"Magazinul X-Style","alternateName":"x-style","url":"https:\/\/xstyle.md\/","logo":{"@type":"ImageObject","inLanguage":"ro-RO","@id":"https:\/\/xstyle.md\/#\/schema\/logo\/image\/","url":"https:\/\/xstyle.md\/wp-content\/uploads\/2020\/06\/logoicon.svg","contentUrl":"https:\/\/xstyle.md\/wp-content\/uploads\/2020\/06\/logoicon.svg","caption":"\u041c\u0430\u0433\u0430\u0437\u0438\u043d Xstyle"},"image":{"@id":"https:\/\/xstyle.md\/#\/schema\/logo\/image\/"},"sameAs":["https:\/\/www.facebook.com\/xstylemd","https:\/\/www.instagram.com\/xstyle_md\/","https:\/\/t.me\/xstyle_outdoor"],"hasMerchantReturnPolicy":{"@type":"MerchantReturnPolicy","merchantReturnLink":"https:\/\/xstyle.md\/ro\/conditions\/"}}]},"product_price_amount":"1990.00","product_price_currency":"MDL","og_availability":"instock","product_availability":"instock","product_retailer_item_id":"5059913191140","product_condition":"new"},"_links":{"self":[{"href":"https:\/\/xstyle.md\/ro\/wp-json\/wp\/v2\/product\/97767","targetHints":{"allow":["GET"]}}],"collection":[{"href":"https:\/\/xstyle.md\/ro\/wp-json\/wp\/v2\/product"}],"about":[{"href":"https:\/\/xstyle.md\/ro\/wp-json\/wp\/v2\/types\/product"}],"replies":[{"embeddable":true,"href":"https:\/\/xstyle.md\/ro\/wp-json\/wp\/v2\/comments?post=97767"}],"wp:featuredmedia":[{"embeddable":true,"href":"https:\/\/xstyle.md\/ro\/wp-json\/wp\/v2\/media\/103129"}],"wp:attachment":[{"href":"https:\/\/xstyle.md\/ro\/wp-json\/wp\/v2\/media?parent=97767"}],"wp:term":[{"taxonomy":"product_brand","embeddable":true,"href":"https:\/\/xstyle.md\/ro\/wp-json\/wp\/v2\/product_brand?post=97767"},{"taxonomy":"product_cat","embeddable":true,"href":"https:\/\/xstyle.md\/ro\/wp-json\/wp\/v2\/product_cat?post=97767"},{"taxonomy":"product_tag","embeddable":true,"href":"https:\/\/xstyle.md\/ro\/wp-json\/wp\/v2\/product_tag?post=97767"}],"curies":[{"name":"wp","href":"https:\/\/api.w.org\/{rel}","templated":true}]}}