{"id":97678,"date":"2025-11-19T17:21:16","date_gmt":"2025-11-19T14:21:16","guid":{"rendered":"https:\/\/xstyle.md\/?post_type=product&#038;p=97678"},"modified":"2026-04-06T10:47:57","modified_gmt":"2026-04-06T07:47:57","slug":"banush-panskij-idlo","status":"publish","type":"product","link":"https:\/\/xstyle.md\/ro\/produs\/banush-panskij-idlo\/","title":{"rendered":"Banu\u0219 Panskyi IDLO"},"content":{"rendered":"<\/p>\n<p><strong>Banu\u0219 Panskyi<\/strong> &#8212; este un fel de m\u00e2ncare tradi\u021bional carpatic, adaptat pentru condi\u021bii de expedi\u021bie. Produsul este ob\u021binut prin sublimare \u0219i uscare cu infraro\u0219u a ingredientelor naturale, p\u0103str\u00e2nd aroma \u0219i propriet\u0103\u021bile nutritive ale produselor de cas\u0103.<\/p>\n<h3>Particularit\u0103\u021bi<\/h3>\n<ul>\n<li>Ingrediente naturale \u2014 con\u021bine doar componente naturale, f\u0103r\u0103 conservan\u021bi<\/li>\n<li>Tehnologie avansat\u0103 \u2014 utilizarea procesului de liofilizare (sublimare) pentru a men\u021bine textura \u0219i gustul<\/li>\n<li>Practic \u2014 m\u00e2ncarea se prepar\u0103 direct \u00een ambalaj, nefiind necesar\u0103 vesela suplimentar\u0103<\/li>\n<\/ul>\n<h3>Caracteristici<\/h3>\n<ul>\n<li>Ingrediente &#8212; fulgi de porumb (65%), br\u00e2nz\u0103 uscat\u0103 Blue Royal (8%), ceap\u0103 pr\u0103jit\u0103 (10%), ciuperci champignon sublimate, pudr\u0103 de ciuperci, sm\u00e2nt\u00e2n\u0103 vegetal\u0103 uscat\u0103, sare<\/li>\n<li>Valoare energetic\u0103 (per 100 g) &#8212; 392 Kcal<\/li>\n<li>Valori nutri\u021bionale (per 100 g) &#8212; proteine \u2014 10,9 g, gr\u0103simi \u2014 13,3 g, carbohidra\u021bi \u2014 61,2 g<\/li>\n<li>Greutate &#8212; net\u0103 \u2014 100 g; por\u021bie preparat\u0103 \u2014 350 g<\/li>\n<li>Termen de valabilitate &#8212; 2 ani<\/li>\n<\/ul>\n<h3>Mod de preparare<\/h3>\n<ul>\n<li>Deschide\u021bi pachetul \u0219i scoate\u021bi absorbantul de umiditate<\/li>\n<li>Turna\u021bi ap\u0103 clocotit\u0103 p\u00e2n\u0103 la nivelul \u201e3\u201d indicat pe rigla din interior<\/li>\n<li>Amesteca\u021bi bine con\u021binutul<\/li>\n<li>\u00cenchide\u021bi fermoarul pachetului (zip-lock) \u0219i a\u0219tepta\u021bi 10 minute<\/li>\n<\/ul>\n<p><\/p>\n<h3>Marca<\/h3>\n<p>IDLO \u2014 \u044d\u0442\u043e \u043c\u043e\u043b\u043e\u0434\u043e\u0439 \u0443\u043a\u0440\u0430\u0438\u043d\u0441\u043a\u0438\u0439 \u0431\u0440\u0435\u043d\u0434 \u0438\u0437 \u0427\u0435\u0440\u043d\u043e\u0432\u0446\u043e\u0432, \u043a\u043e\u0442\u043e\u0440\u044b\u0439 \u0437\u0430\u043d\u0438\u043c\u0430\u0435\u0442\u0441\u044f \u0438\u0437\u0433\u043e\u0442\u043e\u0432\u043b\u0435\u043d\u0438\u0435\u043c \u0431\u043b\u044e\u0434 \u0438\u0437 \u0441\u0443\u0445\u0438\u0445 \u043f\u0440\u043e\u0434\u0443\u043a\u0442\u043e\u0432. \u0413\u043b\u0430\u0432\u043d\u043e\u0439 \u0446\u0435\u043b\u044c\u044e \u043a\u043e\u043c\u043f\u0430\u043d\u0438\u0438 \u044f\u0432\u043b\u044f\u0435\u0442\u0441\u044f \u043d\u0430\u043a\u043e\u0440\u043c\u0438\u0442\u044c \u0432\u043d\u0443\u0442\u0440\u0435\u043d\u043d\u0435\u0433\u043e \u0437\u0432\u0435\u0440\u044f, \u043a\u043e\u0442\u043e\u0440\u044b\u0439 \u00ab\u043f\u0440\u043e\u0441\u044b\u043f\u0430\u0435\u0442\u0441\u044f\u00bb \u0432\u043d\u0443\u0442\u0440\u0438 \u043d\u0430\u0441 \u043f\u0440\u0438 \u0447\u0443\u0432\u0441\u0442\u0432\u0435 \u0433\u043e\u043b\u043e\u0434\u0430 \u0432 \u0441\u0430\u043c\u044b\u0439 \u043d\u0435\u043f\u043e\u0434\u0445\u043e\u0434\u044f\u0449\u0438\u0439 \u043c\u043e\u043c\u0435\u043d\u0442. \u0414\u043b\u044f \u044d\u0442\u043e\u0433\u043e \u0441\u0442\u043e\u0438\u0442 \u0442\u043e\u043b\u044c\u043a\u043e \u0434\u043e\u0431\u0430\u0432\u0438\u0442\u044c \u043a\u0438\u043f\u044f\u0442\u043a\u0430, \u043f\u0435\u0440\u0435\u043c\u0435\u0448\u0430\u0442\u044c, \u043f\u043e\u0434\u043e\u0436\u0434\u0430\u0442\u044c \u0431\u0443\u043a\u0432\u0430\u043b\u044c\u043d\u043e \u043d\u0435\u0441\u043a\u043e\u043b\u044c\u043a\u043e \u043c\u0438\u043d\u0443\u0442, \u0438 \u0432\u044b \u0441\u043c\u043e\u0436\u0435\u0442\u0435 \u0441\u043c\u0435\u043b\u043e \u043b\u0430\u043a\u043e\u043c\u0438\u0442\u044c\u0441\u044f \u0441\u0432\u043e\u0438\u043c \u0431\u043b\u044e\u0434\u043e\u043c \u0432 \u043e\u0444\u0438\u0441\u0435, \u043d\u0430 \u043e\u0442\u0434\u044b\u0445\u0435, \u0432 \u0433\u043e\u0440\u0430\u0445 \u0438\u043b\u0438 \u043d\u0430 \u0440\u044b\u0431\u0430\u043b\u043a\u0435, \u0432 \u0434\u0430\u043b\u044c\u043d\u0435\u0439 \u043f\u043e\u0435\u0437\u0434\u043a\u0435 \u043d\u0430 \u0430\u0432\u0442\u043e\u043c\u043e\u0431\u0438\u043b\u0435. \u0411\u043b\u044e\u0434\u0430, \u0438\u0437\u0433\u043e\u0442\u043e\u0432\u043b\u0435\u043d\u043d\u044b\u0435 \u043c\u0435\u0442\u043e\u0434\u043e\u043c \u0441\u0443\u0448\u043a\u0438 \u043d\u0430\u0442\u0443\u0440\u0430\u043b\u044c\u043d\u044b\u0445 \u043f\u0440\u043e\u0434\u0443\u043a\u0442\u043e\u0432 \u0431\u0435\u0437 \u0438\u0441\u043f\u043e\u043b\u044c\u0437\u043e\u0432\u0430\u043d\u0438\u044f \u043a\u043e\u043d\u0441\u0435\u0440\u0432\u0430\u043d\u0442\u043e\u0432 \u0438 \u0413\u041c\u041e, \u0441\u043e\u0445\u0440\u0430\u043d\u044f\u044e\u0442 \u0432 \u0441\u0435\u0431\u0435 \u0432\u0441\u0435 \u043f\u043e\u043b\u0435\u0437\u043d\u044b\u0435 \u0432\u0438\u0442\u0430\u043c\u0438\u043d\u044b. \u0410 \u043c\u0430\u043b\u044b\u0439 \u0432\u0435\u0441 \u043f\u043e\u0440\u0446\u0438\u0439 \u044f\u0432\u043b\u044f\u0435\u0442\u0441\u044f \u0433\u043b\u0430\u0432\u043d\u044b\u043c \u043f\u0440\u0435\u0438\u043c\u0443\u0449\u0435\u0441\u0442\u0432\u043e\u043c \u0432 \u043f\u043e\u0445\u043e\u0434\u0430\u0445, \u043e\u0441\u043e\u0431\u0435\u043d\u043d\u043e \u0432 \u0434\u0430\u043b\u044c\u043d\u0438\u0445. \u0422\u0430\u043a\u0438\u043c \u043e\u0431\u0440\u0430\u0437\u043e\u043c \u0441\u0443\u0431\u043b\u0438\u043c\u0438\u0440\u043e\u0432\u0430\u043d\u043d\u0430\u044f \u0435\u0434\u0430 \u043e\u0442 IDLO \u0441\u0442\u0430\u043d\u0435\u0442 \u043e\u0442\u043b\u0438\u0447\u043d\u044b\u043c \u0441\u043f\u0443\u0442\u043d\u0438\u043a\u043e\u043c \u0432 \u043b\u044e\u0431\u043e\u043c \u043f\u0443\u0442\u0435\u0448\u0435\u0441\u0442\u0432\u0438\u0438!<\/p>","protected":false},"excerpt":{"rendered":"<p>\u0411\u0440\u0435\u043d\u0434 IDLO \u2014 \u044d\u0442\u043e \u043c\u043e\u043b\u043e\u0434\u043e\u0439 \u0443\u043a\u0440\u0430\u0438\u043d\u0441\u043a\u0438\u0439 \u0431\u0440\u0435\u043d\u0434 \u0438\u0437 \u0427\u0435\u0440\u043d\u043e\u0432\u0446\u043e\u0432, \u043a\u043e\u0442\u043e\u0440\u044b\u0439 \u0437\u0430\u043d\u0438\u043c\u0430\u0435\u0442\u0441\u044f \u0438\u0437\u0433\u043e\u0442\u043e\u0432\u043b\u0435\u043d\u0438\u0435\u043c \u0431\u043b\u044e\u0434 \u0438\u0437 \u0441\u0443\u0445\u0438\u0445 \u043f\u0440\u043e\u0434\u0443\u043a\u0442\u043e\u0432. \u0413\u043b\u0430\u0432\u043d\u043e\u0439 \u0446\u0435\u043b\u044c\u044e \u043a\u043e\u043c\u043f\u0430\u043d\u0438\u0438 \u044f\u0432\u043b\u044f\u0435\u0442\u0441\u044f \u043d\u0430\u043a\u043e\u0440\u043c\u0438\u0442\u044c \u0432\u043d\u0443\u0442\u0440\u0435\u043d\u043d\u0435\u0433\u043e \u0437\u0432\u0435\u0440\u044f, \u043a\u043e\u0442\u043e\u0440\u044b\u0439 \u00ab\u043f\u0440\u043e\u0441\u044b\u043f\u0430\u0435\u0442\u0441\u044f\u00bb \u0432\u043d\u0443\u0442\u0440\u0438 \u043d\u0430\u0441 \u043f\u0440\u0438 \u0447\u0443\u0432\u0441\u0442\u0432\u0435 \u0433\u043e\u043b\u043e\u0434\u0430 \u0432 \u0441\u0430\u043c\u044b\u0439 \u043d\u0435\u043f\u043e\u0434\u0445\u043e\u0434\u044f\u0449\u0438\u0439 \u043c\u043e\u043c\u0435\u043d\u0442. \u0414\u043b\u044f \u044d\u0442\u043e\u0433\u043e \u0441\u0442\u043e\u0438\u0442 \u0442\u043e\u043b\u044c\u043a\u043e \u0434\u043e\u0431\u0430\u0432\u0438\u0442\u044c \u043a\u0438\u043f\u044f\u0442\u043a\u0430, \u043f\u0435\u0440\u0435\u043c\u0435\u0448\u0430\u0442\u044c, \u043f\u043e\u0434\u043e\u0436\u0434\u0430\u0442\u044c \u0431\u0443\u043a\u0432\u0430\u043b\u044c\u043d\u043e \u043d\u0435\u0441\u043a\u043e\u043b\u044c\u043a\u043e \u043c\u0438\u043d\u0443\u0442, \u0438 \u0432\u044b \u0441\u043c\u043e\u0436\u0435\u0442\u0435 \u0441\u043c\u0435\u043b\u043e \u043b\u0430\u043a\u043e\u043c\u0438\u0442\u044c\u0441\u044f \u0441\u0432\u043e\u0438\u043c \u0431\u043b\u044e\u0434\u043e\u043c \u0432 \u043e\u0444\u0438\u0441\u0435, \u043d\u0430 [&hellip;]<\/p>\n","protected":false},"featured_media":104821,"comment_status":"open","ping_status":"closed","template":"","meta":{"_acf_changed":false,"inline_featured_image":false},"product_brand":[1370],"product_cat":[465],"product_tag":[],"class_list":{"0":"post-97678","1":"product","2":"type-product","3":"status-publish","4":"has-post-thumbnail","6":"product_brand-idlo","7":"product_cat-sublimated-food","9":"first","10":"instock","11":"shipping-taxable","12":"purchasable","13":"product-type-simple"},"acf":[],"yoast_head":"<!-- This site is optimized with the Yoast SEO plugin v27.2 - https:\/\/yoast.com\/product\/yoast-seo-wordpress\/ -->\n<title>\u0411\u0430\u043d\u0443\u0448 \u043f\u0430\u043d\u0441\u043a\u0438\u0439 IDLO - \u041c\u0430\u0433\u0430\u0437\u0438\u043d Xstyle<\/title>\n<meta name=\"robots\" content=\"index, follow, max-snippet:-1, max-image-preview:large, max-video-preview:-1\" \/>\n<link rel=\"canonical\" href=\"https:\/\/xstyle.md\/ro\/produs\/banush-panskij-idlo\/\" \/>\n<meta property=\"og:locale\" content=\"ro_RO\" \/>\n<meta property=\"og:type\" content=\"article\" \/>\n<meta property=\"og:title\" content=\"\u0411\u0430\u043d\u0443\u0448 \u043f\u0430\u043d\u0441\u043a\u0438\u0439 IDLO - \u041c\u0430\u0433\u0430\u0437\u0438\u043d Xstyle\" \/>\n<meta property=\"og:description\" content=\"\u0411\u0440\u0435\u043d\u0434 IDLO \u2014 \u044d\u0442\u043e \u043c\u043e\u043b\u043e\u0434\u043e\u0439 \u0443\u043a\u0440\u0430\u0438\u043d\u0441\u043a\u0438\u0439 \u0431\u0440\u0435\u043d\u0434 \u0438\u0437 \u0427\u0435\u0440\u043d\u043e\u0432\u0446\u043e\u0432, \u043a\u043e\u0442\u043e\u0440\u044b\u0439 \u0437\u0430\u043d\u0438\u043c\u0430\u0435\u0442\u0441\u044f \u0438\u0437\u0433\u043e\u0442\u043e\u0432\u043b\u0435\u043d\u0438\u0435\u043c \u0431\u043b\u044e\u0434 \u0438\u0437 \u0441\u0443\u0445\u0438\u0445 \u043f\u0440\u043e\u0434\u0443\u043a\u0442\u043e\u0432. \u0413\u043b\u0430\u0432\u043d\u043e\u0439 \u0446\u0435\u043b\u044c\u044e \u043a\u043e\u043c\u043f\u0430\u043d\u0438\u0438 \u044f\u0432\u043b\u044f\u0435\u0442\u0441\u044f \u043d\u0430\u043a\u043e\u0440\u043c\u0438\u0442\u044c \u0432\u043d\u0443\u0442\u0440\u0435\u043d\u043d\u0435\u0433\u043e \u0437\u0432\u0435\u0440\u044f, \u043a\u043e\u0442\u043e\u0440\u044b\u0439 \u00ab\u043f\u0440\u043e\u0441\u044b\u043f\u0430\u0435\u0442\u0441\u044f\u00bb \u0432\u043d\u0443\u0442\u0440\u0438 \u043d\u0430\u0441 \u043f\u0440\u0438 \u0447\u0443\u0432\u0441\u0442\u0432\u0435 \u0433\u043e\u043b\u043e\u0434\u0430 \u0432 \u0441\u0430\u043c\u044b\u0439 \u043d\u0435\u043f\u043e\u0434\u0445\u043e\u0434\u044f\u0449\u0438\u0439 \u043c\u043e\u043c\u0435\u043d\u0442. \u0414\u043b\u044f \u044d\u0442\u043e\u0433\u043e \u0441\u0442\u043e\u0438\u0442 \u0442\u043e\u043b\u044c\u043a\u043e \u0434\u043e\u0431\u0430\u0432\u0438\u0442\u044c \u043a\u0438\u043f\u044f\u0442\u043a\u0430, \u043f\u0435\u0440\u0435\u043c\u0435\u0448\u0430\u0442\u044c, \u043f\u043e\u0434\u043e\u0436\u0434\u0430\u0442\u044c \u0431\u0443\u043a\u0432\u0430\u043b\u044c\u043d\u043e \u043d\u0435\u0441\u043a\u043e\u043b\u044c\u043a\u043e \u043c\u0438\u043d\u0443\u0442, \u0438 \u0432\u044b \u0441\u043c\u043e\u0436\u0435\u0442\u0435 \u0441\u043c\u0435\u043b\u043e \u043b\u0430\u043a\u043e\u043c\u0438\u0442\u044c\u0441\u044f \u0441\u0432\u043e\u0438\u043c \u0431\u043b\u044e\u0434\u043e\u043c \u0432 \u043e\u0444\u0438\u0441\u0435, \u043d\u0430 [&hellip;]\" \/>\n<meta property=\"og:url\" content=\"https:\/\/xstyle.md\/ro\/produs\/banush-panskij-idlo\/\" \/>\n<meta property=\"og:site_name\" content=\"\u041c\u0430\u0433\u0430\u0437\u0438\u043d Xstyle\" \/>\n<meta property=\"article:publisher\" content=\"https:\/\/www.facebook.com\/xstylemd\" \/>\n<meta property=\"article:modified_time\" content=\"2026-04-06T07:47:57+00:00\" \/>\n<meta property=\"og:image\" content=\"https:\/\/xstyle.md\/wp-content\/uploads\/2025\/11\/banush-panskij-idlo-2.webp\" \/>\n\t<meta property=\"og:image:width\" content=\"1200\" \/>\n\t<meta property=\"og:image:height\" content=\"1200\" \/>\n\t<meta property=\"og:image:type\" content=\"image\/webp\" \/>\n<meta name=\"twitter:card\" content=\"summary_large_image\" \/>\n<meta name=\"twitter:label1\" content=\"Pre\u021b\" \/>\n\t<meta name=\"twitter:data1\" content=\"99&nbsp;MDL\" \/>\n\t<meta name=\"twitter:label2\" content=\"Disponibilitate\" \/>\n\t<meta name=\"twitter:data2\" content=\"\u00cen stoc\" \/>\n<script type=\"application\/ld+json\" class=\"yoast-schema-graph\">{\"@context\":\"https:\/\/schema.org\",\"@graph\":[{\"@type\":\"WebPage\",\"@id\":\"https:\/\/xstyle.md\/product\/banush-panskij-idlo\/\",\"url\":\"https:\/\/xstyle.md\/product\/banush-panskij-idlo\/\",\"name\":\"\u0411\u0430\u043d\u0443\u0448 \u043f\u0430\u043d\u0441\u043a\u0438\u0439 IDLO - \u041c\u0430\u0433\u0430\u0437\u0438\u043d Xstyle\",\"isPartOf\":{\"@id\":\"https:\/\/xstyle.md\/#website\"},\"primaryImageOfPage\":{\"@id\":\"https:\/\/xstyle.md\/product\/banush-panskij-idlo\/#primaryimage\"},\"image\":{\"@id\":\"https:\/\/xstyle.md\/product\/banush-panskij-idlo\/#primaryimage\"},\"thumbnailUrl\":\"https:\/\/xstyle.md\/wp-content\/uploads\/2025\/11\/banush-panskij-idlo-2.webp\",\"datePublished\":\"2025-11-19T14:21:16+00:00\",\"dateModified\":\"2026-04-06T07:47:57+00:00\",\"breadcrumb\":{\"@id\":\"https:\/\/xstyle.md\/product\/banush-panskij-idlo\/#breadcrumb\"},\"inLanguage\":\"ro-RO\",\"potentialAction\":[{\"@type\":\"ReadAction\",\"target\":[\"https:\/\/xstyle.md\/product\/banush-panskij-idlo\/\"]}]},{\"@type\":\"ImageObject\",\"inLanguage\":\"ro-RO\",\"@id\":\"https:\/\/xstyle.md\/product\/banush-panskij-idlo\/#primaryimage\",\"url\":\"https:\/\/xstyle.md\/wp-content\/uploads\/2025\/11\/banush-panskij-idlo-2.webp\",\"contentUrl\":\"https:\/\/xstyle.md\/wp-content\/uploads\/2025\/11\/banush-panskij-idlo-2.webp\",\"width\":1200,\"height\":1200},{\"@type\":\"BreadcrumbList\",\"@id\":\"https:\/\/xstyle.md\/product\/banush-panskij-idlo\/#breadcrumb\",\"itemListElement\":[{\"@type\":\"ListItem\",\"position\":1,\"name\":\"\u0413\u043b\u0430\u0432\u043d\u0430\u044f \u0441\u0442\u0440\u0430\u043d\u0438\u0446\u0430\",\"item\":\"https:\/\/xstyle.md\/\"},{\"@type\":\"ListItem\",\"position\":2,\"name\":\"\u041c\u0430\u0433\u0430\u0437\u0438\u043d\",\"item\":\"https:\/\/xstyle.md\/shop\/\"},{\"@type\":\"ListItem\",\"position\":3,\"name\":\"\u0411\u0430\u043d\u0443\u0448 \u043f\u0430\u043d\u0441\u043a\u0438\u0439 IDLO\"}]},{\"@type\":\"WebSite\",\"@id\":\"https:\/\/xstyle.md\/#website\",\"url\":\"https:\/\/xstyle.md\/\",\"name\":\"\u041c\u0430\u0433\u0430\u0437\u0438\u043d Xstyle\",\"description\":\"C\u043d\u0430\u0440\u044f\u0436\u0435\u043d\u0438\u0435 \u0434\u043b\u044f \u0442\u0443\u0440\u0438\u0437\u043c\u0430 \u0438 \u044d\u043a\u0441\u0442\u0440\u0435\u043c\u0430\u043b\u044c\u043d\u044b\u0445 \u0432\u0438\u0434\u043e\u0432 \u0441\u043f\u043e\u0440\u0442\u0430 \u0432 \u041c\u043e\u043b\u0434\u043e\u0432\u0435.. \u0426\u0435\u043d\u044b, \u0444\u043e\u0442\u043e, \u0445\u0430\u0440\u0430\u043a\u0442\u0435\u0440\u0438\u0441\u0442\u0438\u043a\u0438 \u0432 \u041c\u043e\u043b\u0434\u043e\u0432\u0435.\",\"publisher\":{\"@id\":\"https:\/\/xstyle.md\/#organization\"},\"alternateName\":\"X-Style\",\"potentialAction\":[{\"@type\":\"SearchAction\",\"target\":{\"@type\":\"EntryPoint\",\"urlTemplate\":\"https:\/\/xstyle.md\/?s={search_term_string}\"},\"query-input\":{\"@type\":\"PropertyValueSpecification\",\"valueRequired\":true,\"valueName\":\"search_term_string\"}}],\"inLanguage\":\"ro-RO\"},{\"@type\":\"Organization\",\"@id\":\"https:\/\/xstyle.md\/#organization\",\"name\":\"\u041c\u0430\u0433\u0430\u0437\u0438\u043d Xstyle\",\"alternateName\":\"x-style\",\"url\":\"https:\/\/xstyle.md\/\",\"logo\":{\"@type\":\"ImageObject\",\"inLanguage\":\"ro-RO\",\"@id\":\"https:\/\/xstyle.md\/#\/schema\/logo\/image\/\",\"url\":\"https:\/\/xstyle.md\/wp-content\/uploads\/2020\/06\/logoicon.svg\",\"contentUrl\":\"https:\/\/xstyle.md\/wp-content\/uploads\/2020\/06\/logoicon.svg\",\"caption\":\"\u041c\u0430\u0433\u0430\u0437\u0438\u043d Xstyle\"},\"image\":{\"@id\":\"https:\/\/xstyle.md\/#\/schema\/logo\/image\/\"},\"sameAs\":[\"https:\/\/www.facebook.com\/xstylemd\",\"https:\/\/www.instagram.com\/xstyle_md\/\",\"https:\/\/t.me\/xstyle_outdoor\"],\"hasMerchantReturnPolicy\":{\"@type\":\"MerchantReturnPolicy\",\"merchantReturnLink\":\"https:\/\/xstyle.md\/ro\/conditions\/\"}}]}<\/script>\n<meta property=\"product:price:amount\" content=\"99.00\" \/>\n<meta property=\"product:price:currency\" content=\"MDL\" \/>\n<meta property=\"og:availability\" content=\"instock\" \/>\n<meta property=\"product:availability\" content=\"instock\" \/>\n<meta property=\"product:retailer_item_id\" content=\"4820219970767\" \/>\n<meta property=\"product:condition\" content=\"new\" \/>\n<!-- \/ Yoast SEO plugin. -->","yoast_head_json":{"title":"\u0411\u0430\u043d\u0443\u0448 \u043f\u0430\u043d\u0441\u043a\u0438\u0439 IDLO - \u041c\u0430\u0433\u0430\u0437\u0438\u043d Xstyle","robots":{"index":"index","follow":"follow","max-snippet":"max-snippet:-1","max-image-preview":"max-image-preview:large","max-video-preview":"max-video-preview:-1"},"canonical":"https:\/\/xstyle.md\/ro\/produs\/banush-panskij-idlo\/","og_locale":"ro_RO","og_type":"article","og_title":"\u0411\u0430\u043d\u0443\u0448 \u043f\u0430\u043d\u0441\u043a\u0438\u0439 IDLO - \u041c\u0430\u0433\u0430\u0437\u0438\u043d Xstyle","og_description":"\u0411\u0440\u0435\u043d\u0434 IDLO \u2014 \u044d\u0442\u043e \u043c\u043e\u043b\u043e\u0434\u043e\u0439 \u0443\u043a\u0440\u0430\u0438\u043d\u0441\u043a\u0438\u0439 \u0431\u0440\u0435\u043d\u0434 \u0438\u0437 \u0427\u0435\u0440\u043d\u043e\u0432\u0446\u043e\u0432, \u043a\u043e\u0442\u043e\u0440\u044b\u0439 \u0437\u0430\u043d\u0438\u043c\u0430\u0435\u0442\u0441\u044f \u0438\u0437\u0433\u043e\u0442\u043e\u0432\u043b\u0435\u043d\u0438\u0435\u043c \u0431\u043b\u044e\u0434 \u0438\u0437 \u0441\u0443\u0445\u0438\u0445 \u043f\u0440\u043e\u0434\u0443\u043a\u0442\u043e\u0432. \u0413\u043b\u0430\u0432\u043d\u043e\u0439 \u0446\u0435\u043b\u044c\u044e \u043a\u043e\u043c\u043f\u0430\u043d\u0438\u0438 \u044f\u0432\u043b\u044f\u0435\u0442\u0441\u044f \u043d\u0430\u043a\u043e\u0440\u043c\u0438\u0442\u044c \u0432\u043d\u0443\u0442\u0440\u0435\u043d\u043d\u0435\u0433\u043e \u0437\u0432\u0435\u0440\u044f, \u043a\u043e\u0442\u043e\u0440\u044b\u0439 \u00ab\u043f\u0440\u043e\u0441\u044b\u043f\u0430\u0435\u0442\u0441\u044f\u00bb \u0432\u043d\u0443\u0442\u0440\u0438 \u043d\u0430\u0441 \u043f\u0440\u0438 \u0447\u0443\u0432\u0441\u0442\u0432\u0435 \u0433\u043e\u043b\u043e\u0434\u0430 \u0432 \u0441\u0430\u043c\u044b\u0439 \u043d\u0435\u043f\u043e\u0434\u0445\u043e\u0434\u044f\u0449\u0438\u0439 \u043c\u043e\u043c\u0435\u043d\u0442. \u0414\u043b\u044f \u044d\u0442\u043e\u0433\u043e \u0441\u0442\u043e\u0438\u0442 \u0442\u043e\u043b\u044c\u043a\u043e \u0434\u043e\u0431\u0430\u0432\u0438\u0442\u044c \u043a\u0438\u043f\u044f\u0442\u043a\u0430, \u043f\u0435\u0440\u0435\u043c\u0435\u0448\u0430\u0442\u044c, \u043f\u043e\u0434\u043e\u0436\u0434\u0430\u0442\u044c \u0431\u0443\u043a\u0432\u0430\u043b\u044c\u043d\u043e \u043d\u0435\u0441\u043a\u043e\u043b\u044c\u043a\u043e \u043c\u0438\u043d\u0443\u0442, \u0438 \u0432\u044b \u0441\u043c\u043e\u0436\u0435\u0442\u0435 \u0441\u043c\u0435\u043b\u043e \u043b\u0430\u043a\u043e\u043c\u0438\u0442\u044c\u0441\u044f \u0441\u0432\u043e\u0438\u043c \u0431\u043b\u044e\u0434\u043e\u043c \u0432 \u043e\u0444\u0438\u0441\u0435, \u043d\u0430 [&hellip;]","og_url":"https:\/\/xstyle.md\/ro\/produs\/banush-panskij-idlo\/","og_site_name":"\u041c\u0430\u0433\u0430\u0437\u0438\u043d Xstyle","article_publisher":"https:\/\/www.facebook.com\/xstylemd","article_modified_time":"2026-04-06T07:47:57+00:00","og_image":[{"width":1200,"height":1200,"url":"https:\/\/xstyle.md\/wp-content\/uploads\/2025\/11\/banush-panskij-idlo-2.webp","type":"image\/webp"}],"twitter_card":"summary_large_image","twitter_misc":{"Pre\u021b":"99&nbsp;MDL","Disponibilitate":"\u00cen stoc"},"schema":{"@context":"https:\/\/schema.org","@graph":[{"@type":"WebPage","@id":"https:\/\/xstyle.md\/product\/banush-panskij-idlo\/","url":"https:\/\/xstyle.md\/product\/banush-panskij-idlo\/","name":"\u0411\u0430\u043d\u0443\u0448 \u043f\u0430\u043d\u0441\u043a\u0438\u0439 IDLO - \u041c\u0430\u0433\u0430\u0437\u0438\u043d Xstyle","isPartOf":{"@id":"https:\/\/xstyle.md\/#website"},"primaryImageOfPage":{"@id":"https:\/\/xstyle.md\/product\/banush-panskij-idlo\/#primaryimage"},"image":{"@id":"https:\/\/xstyle.md\/product\/banush-panskij-idlo\/#primaryimage"},"thumbnailUrl":"https:\/\/xstyle.md\/wp-content\/uploads\/2025\/11\/banush-panskij-idlo-2.webp","datePublished":"2025-11-19T14:21:16+00:00","dateModified":"2026-04-06T07:47:57+00:00","breadcrumb":{"@id":"https:\/\/xstyle.md\/product\/banush-panskij-idlo\/#breadcrumb"},"inLanguage":"ro-RO","potentialAction":[{"@type":"ReadAction","target":["https:\/\/xstyle.md\/product\/banush-panskij-idlo\/"]}]},{"@type":"ImageObject","inLanguage":"ro-RO","@id":"https:\/\/xstyle.md\/product\/banush-panskij-idlo\/#primaryimage","url":"https:\/\/xstyle.md\/wp-content\/uploads\/2025\/11\/banush-panskij-idlo-2.webp","contentUrl":"https:\/\/xstyle.md\/wp-content\/uploads\/2025\/11\/banush-panskij-idlo-2.webp","width":1200,"height":1200},{"@type":"BreadcrumbList","@id":"https:\/\/xstyle.md\/product\/banush-panskij-idlo\/#breadcrumb","itemListElement":[{"@type":"ListItem","position":1,"name":"\u0413\u043b\u0430\u0432\u043d\u0430\u044f \u0441\u0442\u0440\u0430\u043d\u0438\u0446\u0430","item":"https:\/\/xstyle.md\/"},{"@type":"ListItem","position":2,"name":"\u041c\u0430\u0433\u0430\u0437\u0438\u043d","item":"https:\/\/xstyle.md\/shop\/"},{"@type":"ListItem","position":3,"name":"\u0411\u0430\u043d\u0443\u0448 \u043f\u0430\u043d\u0441\u043a\u0438\u0439 IDLO"}]},{"@type":"WebSite","@id":"https:\/\/xstyle.md\/#website","url":"https:\/\/xstyle.md\/","name":"Magazinul X-Style","description":"Echipamente pentru turism \u0219i sporturi extreme \u00een Moldova. Pre\u021buri, fotografii, caracteristici \u00een Moldova.","publisher":{"@id":"https:\/\/xstyle.md\/#organization"},"alternateName":"X-Style","potentialAction":[{"@type":"SearchAction","target":{"@type":"EntryPoint","urlTemplate":"https:\/\/xstyle.md\/?s={search_term_string}"},"query-input":{"@type":"PropertyValueSpecification","valueRequired":true,"valueName":"search_term_string"}}],"inLanguage":"ro-RO"},{"@type":"Organization","@id":"https:\/\/xstyle.md\/#organization","name":"Magazinul X-Style","alternateName":"x-style","url":"https:\/\/xstyle.md\/","logo":{"@type":"ImageObject","inLanguage":"ro-RO","@id":"https:\/\/xstyle.md\/#\/schema\/logo\/image\/","url":"https:\/\/xstyle.md\/wp-content\/uploads\/2020\/06\/logoicon.svg","contentUrl":"https:\/\/xstyle.md\/wp-content\/uploads\/2020\/06\/logoicon.svg","caption":"\u041c\u0430\u0433\u0430\u0437\u0438\u043d Xstyle"},"image":{"@id":"https:\/\/xstyle.md\/#\/schema\/logo\/image\/"},"sameAs":["https:\/\/www.facebook.com\/xstylemd","https:\/\/www.instagram.com\/xstyle_md\/","https:\/\/t.me\/xstyle_outdoor"],"hasMerchantReturnPolicy":{"@type":"MerchantReturnPolicy","merchantReturnLink":"https:\/\/xstyle.md\/ro\/conditions\/"}}]},"product_price_amount":"99.00","product_price_currency":"MDL","og_availability":"instock","product_availability":"instock","product_retailer_item_id":"4820219970767","product_condition":"new"},"post_mailing_queue_ids":[],"_links":{"self":[{"href":"https:\/\/xstyle.md\/ro\/wp-json\/wp\/v2\/product\/97678","targetHints":{"allow":["GET"]}}],"collection":[{"href":"https:\/\/xstyle.md\/ro\/wp-json\/wp\/v2\/product"}],"about":[{"href":"https:\/\/xstyle.md\/ro\/wp-json\/wp\/v2\/types\/product"}],"replies":[{"embeddable":true,"href":"https:\/\/xstyle.md\/ro\/wp-json\/wp\/v2\/comments?post=97678"}],"wp:featuredmedia":[{"embeddable":true,"href":"https:\/\/xstyle.md\/ro\/wp-json\/wp\/v2\/media\/104821"}],"wp:attachment":[{"href":"https:\/\/xstyle.md\/ro\/wp-json\/wp\/v2\/media?parent=97678"}],"wp:term":[{"taxonomy":"product_brand","embeddable":true,"href":"https:\/\/xstyle.md\/ro\/wp-json\/wp\/v2\/product_brand?post=97678"},{"taxonomy":"product_cat","embeddable":true,"href":"https:\/\/xstyle.md\/ro\/wp-json\/wp\/v2\/product_cat?post=97678"},{"taxonomy":"product_tag","embeddable":true,"href":"https:\/\/xstyle.md\/ro\/wp-json\/wp\/v2\/product_tag?post=97678"}],"curies":[{"name":"wp","href":"https:\/\/api.w.org\/{rel}","templated":true}]}}