{"id":97670,"date":"2025-11-19T17:21:13","date_gmt":"2025-11-19T14:21:13","guid":{"rendered":"https:\/\/xstyle.md\/?post_type=product&#038;p=97670"},"modified":"2026-03-30T13:04:24","modified_gmt":"2026-03-30T10:04:24","slug":"maska-cressi-sub-nano-sil","status":"publish","type":"product","link":"https:\/\/xstyle.md\/ro\/produs\/maska-cressi-sub-nano-sil\/","title":{"rendered":"Masc\u0103 Cressi-Sub Nano Sil"},"content":{"rendered":"<\/p>\n<p><strong>Cressi-Sub Nano Sil<\/strong> &#8212; este o masc\u0103 ultra-tehnologic\u0103, proiectat\u0103 special pentru freediving avansat \u0219i v\u00e2n\u0103toare subacvatic\u0103. Aceasta ofer\u0103 o combina\u021bie \u00eentre un volum intern extrem de redus \u0219i un c\u00e2mp vizual excelent. Datorit\u0103 designului unic, lentilele sunt pozi\u021bionate foarte aproape de ochi, minimiz\u00e2nd necesitatea egaliz\u0103rii presiunii \u00een masc\u0103 la ad\u00e2ncimi mari.<\/p>\n<h3>Particularit\u0103\u021bi<\/h3>\n<ul>\n<li>Una dintre cele mai compacte m\u0103\u0219ti de pe pia\u021b\u0103, esen\u021bial\u0103 pentru economisirea oxigenului \u00een timpul scufund\u0103rilor \u00een apnee<\/li>\n<li>Tehnologia IDF (Integrated Dual Frame) &#8212; sistem brevetat de \u00eembinare a lentilelor cu fusta m\u0103\u0219tii, care reduce grosimea ramei \u0219i \u00eembun\u0103t\u0103\u021be\u0219te hidrodinamica<\/li>\n<li>Forma lentilelor asigur\u0103 o vizibilitate larg\u0103, \u00een special \u00een partea inferioar\u0103, ajut\u00e2nd la o mai bun\u0103 orientare \u00een apropierea fundului apei<\/li>\n<li>Siliconul moale de \u00eenalt\u0103 calitate nu reflect\u0103 lumina \u0219i nu sperie pe\u0219tii, oferind \u00een acela\u0219i timp o etan\u0219are perfect\u0103 pe diverse tipuri de fe\u021be<\/li>\n<li>Permit ajustarea precis\u0103 a curelei. Cataramele sunt montate pe suporturi flexibile pentru a preveni ruperea acestora<\/li>\n<li>Lentile fabricate din sticl\u0103 temperat\u0103 (Tempered Glass) pentru siguran\u021b\u0103 maxim\u0103 \u0219i claritate<\/li>\n<\/ul>\n<h3>Caracteristici<\/h3>\n<ul>\n<li>Utilizare &#8212; freediving, v\u00e2n\u0103toare subacvatic\u0103, snorkeling<\/li>\n<li>Volum intern &#8212; minim<\/li>\n<li>Material &#8212; silicon mat hipoalergenic<\/li>\n<li>Lentile &#8212; sticl\u0103 securizat\u0103, construc\u021bie \u00eenclinat\u0103<\/li>\n<\/ul>\n<p><\/p>\n<h3>Marca<\/h3>\n<p>Cressi-Sub - este unul dintre cei mai importan\u021bi produc\u0103tori de echipamente pentru snorkeling, diving \u0219i v\u00e2n\u0103toare subacvatic\u0103. Fondat\u0103 \u00een 1946 de fra\u021bii Egidio \u0219i Nanni Cressi, compania evolueaz\u0103 constant, lans\u00e2nd periodic produse noi pe pia\u021b\u0103. Istoria scufund\u0103rilor este str\u00e2ns legat\u0103 de istoria firmei Cressi-Sub, multe dintre produsele lansate \u00een ultimii 70 de ani revolu\u021bion\u00e2nd acest tip de activitate recreativ\u0103. Multe inova\u021bii \u0219i inven\u021bii marca Cressi-Sub au fost ulterior adoptate de numero\u0219i al\u021bi produc\u0103tori de echipamente de profil.<\/p>\n<p>Compania a r\u0103mas \u00eentotdeauna o afacere privat\u0103, de\u021binut\u0103 de familia Cressi. Din acest motiv, unit\u0103\u021bile de produc\u021bie nu sunt situate \u00een state asiatice, ci \u00een Genova, Italia. Cu toate acestea, compania men\u021bine pre\u021buri accesibile pentru \u00eentreaga gam\u0103 de produse, fiind popular\u0103 printre scafandrii cu orice buget. Filosofia Cressi \u00eenseamn\u0103 inspira\u021bie \u0219i inova\u021bie, dragoste pentru mare \u0219i produse stilate care respect\u0103 cele mai \u00eenalte standarde de calitate.<\/p>","protected":false},"excerpt":{"rendered":"<p>\u0411\u0440\u0435\u043d\u0434 Cressi-Sub \u2014 \u043e\u0434\u0438\u043d \u0438\u0437 \u0432\u0435\u0434\u0443\u0449\u0438\u0445 \u043f\u0440\u043e\u0438\u0437\u0432\u043e\u0434\u0438\u0442\u0435\u043b\u0435\u0439 \u0441\u043d\u0430\u0440\u044f\u0436\u0435\u043d\u0438\u044f \u0434\u043b\u044f \u0441\u043d\u043e\u0440\u043a\u043b\u0438\u043d\u0433\u0430, \u0434\u0430\u0439\u0432\u0438\u043d\u0433\u0430 \u0438 \u043f\u043e\u0434\u0432\u043e\u0434\u043d\u043e\u0439 \u043e\u0445\u043e\u0442\u044b. \u041e\u0441\u043d\u043e\u0432\u0430\u043d\u043d\u0430\u044f \u0432 1946 \u0433\u043e\u0434\u0443 \u0431\u0440\u0430\u0442\u044c\u044f\u043c\u0438 \u0415\u0434\u0436\u0438\u0434\u0438\u043e \u0438 \u041d\u0430\u043d\u043d\u0438 \u041a\u0440\u0435\u0441\u0441\u0438 (Egidio \u0438 Nanni Cressi), \u043a\u043e\u043c\u043f\u0430\u043d\u0438\u044f \u043f\u043e\u0441\u0442\u043e\u044f\u043d\u043d\u043e \u0440\u0430\u0437\u0432\u0438\u0432\u0430\u0435\u0442\u0441\u044f \u0438 \u0432\u044b\u043f\u0443\u0441\u043a\u0430\u0435\u0442 \u043d\u0430 \u0440\u044b\u043d\u043e\u043a \u0432\u0441\u0435 \u043d\u043e\u0432\u044b\u0435 \u0442\u043e\u0432\u0430\u0440\u044b. \u0421\u0430\u043c\u0430 \u0438\u0441\u0442\u043e\u0440\u0438\u044f \u043f\u043e\u0434\u0432\u043e\u0434\u043d\u043e\u0433\u043e \u043f\u043b\u0430\u0432\u0430\u043d\u0438\u044f \u0442\u0435\u0441\u043d\u043e \u0441\u0432\u044f\u0437\u0430\u043d\u0430 \u0441 \u0438\u0441\u0442\u043e\u0440\u0438\u0435\u0439 \u0444\u0438\u0440\u043c\u044b Cressi-Sub, \u0438 \u043c\u043d\u043e\u0433\u0438\u0435 \u0442\u043e\u0432\u0430\u0440\u044b, \u0432\u044b\u043f\u0443\u0449\u0435\u043d\u043d\u044b\u0435 \u0437\u0430 \u043f\u043e\u0441\u043b\u0435\u0434\u043d\u0438\u0435 70 \u043b\u0435\u0442, [&hellip;]<\/p>\n","protected":false},"featured_media":104442,"comment_status":"open","ping_status":"closed","template":"","meta":{"_acf_changed":false,"inline_featured_image":false},"product_brand":[1451],"product_cat":[171],"product_tag":[],"class_list":{"0":"post-97670","1":"product","2":"type-product","3":"status-publish","4":"has-post-thumbnail","6":"product_brand-cressi-sub","7":"product_cat-diving-mask","9":"first","10":"instock","11":"shipping-taxable","12":"purchasable","13":"product-type-simple"},"acf":[],"yoast_head":"<!-- This site is optimized with the Yoast SEO plugin v27.2 - https:\/\/yoast.com\/product\/yoast-seo-wordpress\/ -->\n<title>\u041c\u0430\u0441\u043a\u0430 Cressi-Sub Nano Sil - \u041c\u0430\u0433\u0430\u0437\u0438\u043d Xstyle<\/title>\n<meta name=\"robots\" content=\"index, follow, max-snippet:-1, max-image-preview:large, max-video-preview:-1\" \/>\n<link rel=\"canonical\" href=\"https:\/\/xstyle.md\/ro\/produs\/maska-cressi-sub-nano-sil\/\" \/>\n<meta property=\"og:locale\" content=\"ro_RO\" \/>\n<meta property=\"og:type\" content=\"article\" \/>\n<meta property=\"og:title\" content=\"\u041c\u0430\u0441\u043a\u0430 Cressi-Sub Nano Sil - \u041c\u0430\u0433\u0430\u0437\u0438\u043d Xstyle\" \/>\n<meta property=\"og:description\" content=\"\u0411\u0440\u0435\u043d\u0434 Cressi-Sub \u2014 \u043e\u0434\u0438\u043d \u0438\u0437 \u0432\u0435\u0434\u0443\u0449\u0438\u0445 \u043f\u0440\u043e\u0438\u0437\u0432\u043e\u0434\u0438\u0442\u0435\u043b\u0435\u0439 \u0441\u043d\u0430\u0440\u044f\u0436\u0435\u043d\u0438\u044f \u0434\u043b\u044f \u0441\u043d\u043e\u0440\u043a\u043b\u0438\u043d\u0433\u0430, \u0434\u0430\u0439\u0432\u0438\u043d\u0433\u0430 \u0438 \u043f\u043e\u0434\u0432\u043e\u0434\u043d\u043e\u0439 \u043e\u0445\u043e\u0442\u044b. \u041e\u0441\u043d\u043e\u0432\u0430\u043d\u043d\u0430\u044f \u0432 1946 \u0433\u043e\u0434\u0443 \u0431\u0440\u0430\u0442\u044c\u044f\u043c\u0438 \u0415\u0434\u0436\u0438\u0434\u0438\u043e \u0438 \u041d\u0430\u043d\u043d\u0438 \u041a\u0440\u0435\u0441\u0441\u0438 (Egidio \u0438 Nanni Cressi), \u043a\u043e\u043c\u043f\u0430\u043d\u0438\u044f \u043f\u043e\u0441\u0442\u043e\u044f\u043d\u043d\u043e \u0440\u0430\u0437\u0432\u0438\u0432\u0430\u0435\u0442\u0441\u044f \u0438 \u0432\u044b\u043f\u0443\u0441\u043a\u0430\u0435\u0442 \u043d\u0430 \u0440\u044b\u043d\u043e\u043a \u0432\u0441\u0435 \u043d\u043e\u0432\u044b\u0435 \u0442\u043e\u0432\u0430\u0440\u044b. \u0421\u0430\u043c\u0430 \u0438\u0441\u0442\u043e\u0440\u0438\u044f \u043f\u043e\u0434\u0432\u043e\u0434\u043d\u043e\u0433\u043e \u043f\u043b\u0430\u0432\u0430\u043d\u0438\u044f \u0442\u0435\u0441\u043d\u043e \u0441\u0432\u044f\u0437\u0430\u043d\u0430 \u0441 \u0438\u0441\u0442\u043e\u0440\u0438\u0435\u0439 \u0444\u0438\u0440\u043c\u044b Cressi-Sub, \u0438 \u043c\u043d\u043e\u0433\u0438\u0435 \u0442\u043e\u0432\u0430\u0440\u044b, \u0432\u044b\u043f\u0443\u0449\u0435\u043d\u043d\u044b\u0435 \u0437\u0430 \u043f\u043e\u0441\u043b\u0435\u0434\u043d\u0438\u0435 70 \u043b\u0435\u0442, [&hellip;]\" \/>\n<meta property=\"og:url\" content=\"https:\/\/xstyle.md\/ro\/produs\/maska-cressi-sub-nano-sil\/\" \/>\n<meta property=\"og:site_name\" content=\"\u041c\u0430\u0433\u0430\u0437\u0438\u043d Xstyle\" \/>\n<meta property=\"article:publisher\" content=\"https:\/\/www.facebook.com\/xstylemd\" \/>\n<meta property=\"article:modified_time\" content=\"2026-03-30T10:04:24+00:00\" \/>\n<meta property=\"og:image\" content=\"https:\/\/xstyle.md\/wp-content\/uploads\/2025\/11\/cressi-sub-nano-sil-1.webp\" \/>\n\t<meta property=\"og:image:width\" content=\"1200\" \/>\n\t<meta property=\"og:image:height\" content=\"1200\" \/>\n\t<meta property=\"og:image:type\" content=\"image\/webp\" \/>\n<meta name=\"twitter:card\" content=\"summary_large_image\" \/>\n<meta name=\"twitter:label1\" content=\"Pre\u021b\" \/>\n\t<meta name=\"twitter:data1\" content=\"1.570&nbsp;MDL\" \/>\n\t<meta name=\"twitter:label2\" content=\"Disponibilitate\" \/>\n\t<meta name=\"twitter:data2\" content=\"\u00cen stoc\" \/>\n<script type=\"application\/ld+json\" class=\"yoast-schema-graph\">{\"@context\":\"https:\/\/schema.org\",\"@graph\":[{\"@type\":\"WebPage\",\"@id\":\"https:\/\/xstyle.md\/product\/maska-cressi-sub-nano-sil\/\",\"url\":\"https:\/\/xstyle.md\/product\/maska-cressi-sub-nano-sil\/\",\"name\":\"\u041c\u0430\u0441\u043a\u0430 Cressi-Sub Nano Sil - \u041c\u0430\u0433\u0430\u0437\u0438\u043d Xstyle\",\"isPartOf\":{\"@id\":\"https:\/\/xstyle.md\/#website\"},\"primaryImageOfPage\":{\"@id\":\"https:\/\/xstyle.md\/product\/maska-cressi-sub-nano-sil\/#primaryimage\"},\"image\":{\"@id\":\"https:\/\/xstyle.md\/product\/maska-cressi-sub-nano-sil\/#primaryimage\"},\"thumbnailUrl\":\"https:\/\/xstyle.md\/wp-content\/uploads\/2025\/11\/cressi-sub-nano-sil-1.webp\",\"datePublished\":\"2025-11-19T14:21:13+00:00\",\"dateModified\":\"2026-03-30T10:04:24+00:00\",\"breadcrumb\":{\"@id\":\"https:\/\/xstyle.md\/product\/maska-cressi-sub-nano-sil\/#breadcrumb\"},\"inLanguage\":\"ro-RO\",\"potentialAction\":[{\"@type\":\"ReadAction\",\"target\":[\"https:\/\/xstyle.md\/product\/maska-cressi-sub-nano-sil\/\"]}]},{\"@type\":\"ImageObject\",\"inLanguage\":\"ro-RO\",\"@id\":\"https:\/\/xstyle.md\/product\/maska-cressi-sub-nano-sil\/#primaryimage\",\"url\":\"https:\/\/xstyle.md\/wp-content\/uploads\/2025\/11\/cressi-sub-nano-sil-1.webp\",\"contentUrl\":\"https:\/\/xstyle.md\/wp-content\/uploads\/2025\/11\/cressi-sub-nano-sil-1.webp\",\"width\":1200,\"height\":1200,\"caption\":\"\u0422\u043e\u043d\u043a\u0430\u044f \u043c\u0430\u0441\u043a\u0430 \u0434\u043b\u044f \u0434\u0430\u0439\u0432\u0438\u043d\u0433\u0430 Cressi-Sub Nano Sil \u0434\u043b\u044f \u0430\u043a\u0442\u0438\u0432\u043d\u043e\u0433\u043e \u043e\u0442\u0434\u044b\u0445\u0430, \u043f\u0443\u0442\u0435\u0448\u0435\u0441\u0442\u0432\u0438\u0439 \u0438 \u043a\u0430\u0442\u0430\u043d\u0438\u044f \u043d\u0430 \u0432\u043e\u0434\u0435, \u0438\u0434\u0435\u0430\u043b\u044c\u043d\u0430\u044f \u0434\u043b\u044f \u043d\u044b\u0440\u044f\u043d\u0438\u044f \u0438 \u0430\u043a\u0442\u0438\u0432\u043d\u043e\u0439 \u0436\u0438\u0437\u043d\u0438 \u043d\u0430 \u043f\u0440\u0438\u0440\u043e\u0434\u0435 \u0432 \u044d\u043a\u0438\u043f\u0438\u0440\u043e\u0432\u043a\u0435 \u0434\u043b\u044f \u0430\u043b\u044c\u043f\u0438\u043d\u0438\u0437\u043c\u0430 \u0438 \u0442\u0443\u0440\u0438\u0437\u043c\u0430\"},{\"@type\":\"BreadcrumbList\",\"@id\":\"https:\/\/xstyle.md\/product\/maska-cressi-sub-nano-sil\/#breadcrumb\",\"itemListElement\":[{\"@type\":\"ListItem\",\"position\":1,\"name\":\"\u0413\u043b\u0430\u0432\u043d\u0430\u044f \u0441\u0442\u0440\u0430\u043d\u0438\u0446\u0430\",\"item\":\"https:\/\/xstyle.md\/\"},{\"@type\":\"ListItem\",\"position\":2,\"name\":\"\u041c\u0430\u0433\u0430\u0437\u0438\u043d\",\"item\":\"https:\/\/xstyle.md\/shop\/\"},{\"@type\":\"ListItem\",\"position\":3,\"name\":\"\u041c\u0430\u0441\u043a\u0430 Cressi-Sub Nano Sil\"}]},{\"@type\":\"WebSite\",\"@id\":\"https:\/\/xstyle.md\/#website\",\"url\":\"https:\/\/xstyle.md\/\",\"name\":\"\u041c\u0430\u0433\u0430\u0437\u0438\u043d Xstyle\",\"description\":\"C\u043d\u0430\u0440\u044f\u0436\u0435\u043d\u0438\u0435 \u0434\u043b\u044f \u0442\u0443\u0440\u0438\u0437\u043c\u0430 \u0438 \u044d\u043a\u0441\u0442\u0440\u0435\u043c\u0430\u043b\u044c\u043d\u044b\u0445 \u0432\u0438\u0434\u043e\u0432 \u0441\u043f\u043e\u0440\u0442\u0430 \u0432 \u041c\u043e\u043b\u0434\u043e\u0432\u0435.. \u0426\u0435\u043d\u044b, \u0444\u043e\u0442\u043e, \u0445\u0430\u0440\u0430\u043a\u0442\u0435\u0440\u0438\u0441\u0442\u0438\u043a\u0438 \u0432 \u041c\u043e\u043b\u0434\u043e\u0432\u0435.\",\"publisher\":{\"@id\":\"https:\/\/xstyle.md\/#organization\"},\"alternateName\":\"X-Style\",\"potentialAction\":[{\"@type\":\"SearchAction\",\"target\":{\"@type\":\"EntryPoint\",\"urlTemplate\":\"https:\/\/xstyle.md\/?s={search_term_string}\"},\"query-input\":{\"@type\":\"PropertyValueSpecification\",\"valueRequired\":true,\"valueName\":\"search_term_string\"}}],\"inLanguage\":\"ro-RO\"},{\"@type\":\"Organization\",\"@id\":\"https:\/\/xstyle.md\/#organization\",\"name\":\"\u041c\u0430\u0433\u0430\u0437\u0438\u043d Xstyle\",\"alternateName\":\"x-style\",\"url\":\"https:\/\/xstyle.md\/\",\"logo\":{\"@type\":\"ImageObject\",\"inLanguage\":\"ro-RO\",\"@id\":\"https:\/\/xstyle.md\/#\/schema\/logo\/image\/\",\"url\":\"https:\/\/xstyle.md\/wp-content\/uploads\/2020\/06\/logoicon.svg\",\"contentUrl\":\"https:\/\/xstyle.md\/wp-content\/uploads\/2020\/06\/logoicon.svg\",\"caption\":\"\u041c\u0430\u0433\u0430\u0437\u0438\u043d Xstyle\"},\"image\":{\"@id\":\"https:\/\/xstyle.md\/#\/schema\/logo\/image\/\"},\"sameAs\":[\"https:\/\/www.facebook.com\/xstylemd\",\"https:\/\/www.instagram.com\/xstyle_md\/\",\"https:\/\/t.me\/xstyle_outdoor\"],\"hasMerchantReturnPolicy\":{\"@type\":\"MerchantReturnPolicy\",\"merchantReturnLink\":\"https:\/\/xstyle.md\/ro\/conditions\/\"}}]}<\/script>\n<meta property=\"product:price:amount\" content=\"1570.00\" \/>\n<meta property=\"product:price:currency\" content=\"MDL\" \/>\n<meta property=\"og:availability\" content=\"instock\" \/>\n<meta property=\"product:availability\" content=\"instock\" \/>\n<meta property=\"product:retailer_item_id\" content=\"8022983054537\" \/>\n<meta property=\"product:condition\" content=\"new\" \/>\n<!-- \/ Yoast SEO plugin. -->","yoast_head_json":{"title":"\u041c\u0430\u0441\u043a\u0430 Cressi-Sub Nano Sil - \u041c\u0430\u0433\u0430\u0437\u0438\u043d Xstyle","robots":{"index":"index","follow":"follow","max-snippet":"max-snippet:-1","max-image-preview":"max-image-preview:large","max-video-preview":"max-video-preview:-1"},"canonical":"https:\/\/xstyle.md\/ro\/produs\/maska-cressi-sub-nano-sil\/","og_locale":"ro_RO","og_type":"article","og_title":"\u041c\u0430\u0441\u043a\u0430 Cressi-Sub Nano Sil - \u041c\u0430\u0433\u0430\u0437\u0438\u043d Xstyle","og_description":"\u0411\u0440\u0435\u043d\u0434 Cressi-Sub \u2014 \u043e\u0434\u0438\u043d \u0438\u0437 \u0432\u0435\u0434\u0443\u0449\u0438\u0445 \u043f\u0440\u043e\u0438\u0437\u0432\u043e\u0434\u0438\u0442\u0435\u043b\u0435\u0439 \u0441\u043d\u0430\u0440\u044f\u0436\u0435\u043d\u0438\u044f \u0434\u043b\u044f \u0441\u043d\u043e\u0440\u043a\u043b\u0438\u043d\u0433\u0430, \u0434\u0430\u0439\u0432\u0438\u043d\u0433\u0430 \u0438 \u043f\u043e\u0434\u0432\u043e\u0434\u043d\u043e\u0439 \u043e\u0445\u043e\u0442\u044b. \u041e\u0441\u043d\u043e\u0432\u0430\u043d\u043d\u0430\u044f \u0432 1946 \u0433\u043e\u0434\u0443 \u0431\u0440\u0430\u0442\u044c\u044f\u043c\u0438 \u0415\u0434\u0436\u0438\u0434\u0438\u043e \u0438 \u041d\u0430\u043d\u043d\u0438 \u041a\u0440\u0435\u0441\u0441\u0438 (Egidio \u0438 Nanni Cressi), \u043a\u043e\u043c\u043f\u0430\u043d\u0438\u044f \u043f\u043e\u0441\u0442\u043e\u044f\u043d\u043d\u043e \u0440\u0430\u0437\u0432\u0438\u0432\u0430\u0435\u0442\u0441\u044f \u0438 \u0432\u044b\u043f\u0443\u0441\u043a\u0430\u0435\u0442 \u043d\u0430 \u0440\u044b\u043d\u043e\u043a \u0432\u0441\u0435 \u043d\u043e\u0432\u044b\u0435 \u0442\u043e\u0432\u0430\u0440\u044b. \u0421\u0430\u043c\u0430 \u0438\u0441\u0442\u043e\u0440\u0438\u044f \u043f\u043e\u0434\u0432\u043e\u0434\u043d\u043e\u0433\u043e \u043f\u043b\u0430\u0432\u0430\u043d\u0438\u044f \u0442\u0435\u0441\u043d\u043e \u0441\u0432\u044f\u0437\u0430\u043d\u0430 \u0441 \u0438\u0441\u0442\u043e\u0440\u0438\u0435\u0439 \u0444\u0438\u0440\u043c\u044b Cressi-Sub, \u0438 \u043c\u043d\u043e\u0433\u0438\u0435 \u0442\u043e\u0432\u0430\u0440\u044b, \u0432\u044b\u043f\u0443\u0449\u0435\u043d\u043d\u044b\u0435 \u0437\u0430 \u043f\u043e\u0441\u043b\u0435\u0434\u043d\u0438\u0435 70 \u043b\u0435\u0442, [&hellip;]","og_url":"https:\/\/xstyle.md\/ro\/produs\/maska-cressi-sub-nano-sil\/","og_site_name":"\u041c\u0430\u0433\u0430\u0437\u0438\u043d Xstyle","article_publisher":"https:\/\/www.facebook.com\/xstylemd","article_modified_time":"2026-03-30T10:04:24+00:00","og_image":[{"width":1200,"height":1200,"url":"https:\/\/xstyle.md\/wp-content\/uploads\/2025\/11\/cressi-sub-nano-sil-1.webp","type":"image\/webp"}],"twitter_card":"summary_large_image","twitter_misc":{"Pre\u021b":"1.570&nbsp;MDL","Disponibilitate":"\u00cen stoc"},"schema":{"@context":"https:\/\/schema.org","@graph":[{"@type":"WebPage","@id":"https:\/\/xstyle.md\/product\/maska-cressi-sub-nano-sil\/","url":"https:\/\/xstyle.md\/product\/maska-cressi-sub-nano-sil\/","name":"\u041c\u0430\u0441\u043a\u0430 Cressi-Sub Nano Sil - \u041c\u0430\u0433\u0430\u0437\u0438\u043d Xstyle","isPartOf":{"@id":"https:\/\/xstyle.md\/#website"},"primaryImageOfPage":{"@id":"https:\/\/xstyle.md\/product\/maska-cressi-sub-nano-sil\/#primaryimage"},"image":{"@id":"https:\/\/xstyle.md\/product\/maska-cressi-sub-nano-sil\/#primaryimage"},"thumbnailUrl":"https:\/\/xstyle.md\/wp-content\/uploads\/2025\/11\/cressi-sub-nano-sil-1.webp","datePublished":"2025-11-19T14:21:13+00:00","dateModified":"2026-03-30T10:04:24+00:00","breadcrumb":{"@id":"https:\/\/xstyle.md\/product\/maska-cressi-sub-nano-sil\/#breadcrumb"},"inLanguage":"ro-RO","potentialAction":[{"@type":"ReadAction","target":["https:\/\/xstyle.md\/product\/maska-cressi-sub-nano-sil\/"]}]},{"@type":"ImageObject","inLanguage":"ro-RO","@id":"https:\/\/xstyle.md\/product\/maska-cressi-sub-nano-sil\/#primaryimage","url":"https:\/\/xstyle.md\/wp-content\/uploads\/2025\/11\/cressi-sub-nano-sil-1.webp","contentUrl":"https:\/\/xstyle.md\/wp-content\/uploads\/2025\/11\/cressi-sub-nano-sil-1.webp","width":1200,"height":1200,"caption":"\u0422\u043e\u043d\u043a\u0430\u044f \u043c\u0430\u0441\u043a\u0430 \u0434\u043b\u044f \u0434\u0430\u0439\u0432\u0438\u043d\u0433\u0430 Cressi-Sub Nano Sil \u0434\u043b\u044f \u0430\u043a\u0442\u0438\u0432\u043d\u043e\u0433\u043e \u043e\u0442\u0434\u044b\u0445\u0430, \u043f\u0443\u0442\u0435\u0448\u0435\u0441\u0442\u0432\u0438\u0439 \u0438 \u043a\u0430\u0442\u0430\u043d\u0438\u044f \u043d\u0430 \u0432\u043e\u0434\u0435, \u0438\u0434\u0435\u0430\u043b\u044c\u043d\u0430\u044f \u0434\u043b\u044f \u043d\u044b\u0440\u044f\u043d\u0438\u044f \u0438 \u0430\u043a\u0442\u0438\u0432\u043d\u043e\u0439 \u0436\u0438\u0437\u043d\u0438 \u043d\u0430 \u043f\u0440\u0438\u0440\u043e\u0434\u0435 \u0432 \u044d\u043a\u0438\u043f\u0438\u0440\u043e\u0432\u043a\u0435 \u0434\u043b\u044f \u0430\u043b\u044c\u043f\u0438\u043d\u0438\u0437\u043c\u0430 \u0438 \u0442\u0443\u0440\u0438\u0437\u043c\u0430"},{"@type":"BreadcrumbList","@id":"https:\/\/xstyle.md\/product\/maska-cressi-sub-nano-sil\/#breadcrumb","itemListElement":[{"@type":"ListItem","position":1,"name":"\u0413\u043b\u0430\u0432\u043d\u0430\u044f \u0441\u0442\u0440\u0430\u043d\u0438\u0446\u0430","item":"https:\/\/xstyle.md\/"},{"@type":"ListItem","position":2,"name":"\u041c\u0430\u0433\u0430\u0437\u0438\u043d","item":"https:\/\/xstyle.md\/shop\/"},{"@type":"ListItem","position":3,"name":"\u041c\u0430\u0441\u043a\u0430 Cressi-Sub Nano Sil"}]},{"@type":"WebSite","@id":"https:\/\/xstyle.md\/#website","url":"https:\/\/xstyle.md\/","name":"Magazinul X-Style","description":"Echipamente pentru turism \u0219i sporturi extreme \u00een Moldova. Pre\u021buri, fotografii, caracteristici \u00een Moldova.","publisher":{"@id":"https:\/\/xstyle.md\/#organization"},"alternateName":"X-Style","potentialAction":[{"@type":"SearchAction","target":{"@type":"EntryPoint","urlTemplate":"https:\/\/xstyle.md\/?s={search_term_string}"},"query-input":{"@type":"PropertyValueSpecification","valueRequired":true,"valueName":"search_term_string"}}],"inLanguage":"ro-RO"},{"@type":"Organization","@id":"https:\/\/xstyle.md\/#organization","name":"Magazinul X-Style","alternateName":"x-style","url":"https:\/\/xstyle.md\/","logo":{"@type":"ImageObject","inLanguage":"ro-RO","@id":"https:\/\/xstyle.md\/#\/schema\/logo\/image\/","url":"https:\/\/xstyle.md\/wp-content\/uploads\/2020\/06\/logoicon.svg","contentUrl":"https:\/\/xstyle.md\/wp-content\/uploads\/2020\/06\/logoicon.svg","caption":"\u041c\u0430\u0433\u0430\u0437\u0438\u043d Xstyle"},"image":{"@id":"https:\/\/xstyle.md\/#\/schema\/logo\/image\/"},"sameAs":["https:\/\/www.facebook.com\/xstylemd","https:\/\/www.instagram.com\/xstyle_md\/","https:\/\/t.me\/xstyle_outdoor"],"hasMerchantReturnPolicy":{"@type":"MerchantReturnPolicy","merchantReturnLink":"https:\/\/xstyle.md\/ro\/conditions\/"}}]},"product_price_amount":"1570.00","product_price_currency":"MDL","og_availability":"instock","product_availability":"instock","product_retailer_item_id":"8022983054537","product_condition":"new"},"post_mailing_queue_ids":[],"_links":{"self":[{"href":"https:\/\/xstyle.md\/ro\/wp-json\/wp\/v2\/product\/97670","targetHints":{"allow":["GET"]}}],"collection":[{"href":"https:\/\/xstyle.md\/ro\/wp-json\/wp\/v2\/product"}],"about":[{"href":"https:\/\/xstyle.md\/ro\/wp-json\/wp\/v2\/types\/product"}],"replies":[{"embeddable":true,"href":"https:\/\/xstyle.md\/ro\/wp-json\/wp\/v2\/comments?post=97670"}],"wp:featuredmedia":[{"embeddable":true,"href":"https:\/\/xstyle.md\/ro\/wp-json\/wp\/v2\/media\/104442"}],"wp:attachment":[{"href":"https:\/\/xstyle.md\/ro\/wp-json\/wp\/v2\/media?parent=97670"}],"wp:term":[{"taxonomy":"product_brand","embeddable":true,"href":"https:\/\/xstyle.md\/ro\/wp-json\/wp\/v2\/product_brand?post=97670"},{"taxonomy":"product_cat","embeddable":true,"href":"https:\/\/xstyle.md\/ro\/wp-json\/wp\/v2\/product_cat?post=97670"},{"taxonomy":"product_tag","embeddable":true,"href":"https:\/\/xstyle.md\/ro\/wp-json\/wp\/v2\/product_tag?post=97670"}],"curies":[{"name":"wp","href":"https:\/\/api.w.org\/{rel}","templated":true}]}}