{"id":97668,"date":"2025-11-19T17:21:12","date_gmt":"2025-11-19T14:21:12","guid":{"rendered":"https:\/\/xstyle.md\/?post_type=product&#038;p=97668"},"modified":"2026-02-21T13:45:56","modified_gmt":"2026-02-21T10:45:56","slug":"termokruzhka-contigo-byron-2-0-470-ml","status":"publish","type":"product","link":"https:\/\/xstyle.md\/ro\/produs\/termokruzhka-contigo-byron-2-0-470-ml\/","title":{"rendered":"\u0421an\u0103 termic\u0103 Contigo Byron 2.0 470 ml"},"content":{"rendered":"<p><\/p>\n<p><strong>\u0421an\u0103 termic\u0103 Contigo Byron 2.0 470 ml<\/strong> &#8212; fabricat\u0103 din o\u021bel inoxidabil de cea mai \u00eenalt\u0103 calitate, aceasta ofer\u0103 caracteristici termice excelente datorit\u0103 pere\u021bilor dubli cu izolare prin vid. Protec\u021bia \u00eempotriva scurgerilor este asigurat\u0103 de tehnologia brevetat\u0103 Snapseal\u2122.<\/p>\n<p>Cana termic\u0103 poate men\u021bine b\u0103uturile calde timp de 6 ore \u0219i reci timp de 12 ore. Modelul este dotat cu o man\u0219et\u0103 special\u0103 din silicon pentru o prindere sigur\u0103, chiar \u0219i atunci c\u00e2nd purta\u021bi m\u0103nu\u0219i. Cana se potrive\u0219te \u00een majoritatea suporturilor auto standard, iar capacul poate fi sp\u0103lat \u00een siguran\u021b\u0103 \u00een ma\u0219ina de sp\u0103lat vase.<\/p>\n<h3>Particularit\u0103\u021bi<\/h3>\n<ul>\n<li>Protec\u021bie 100% \u00eempotriva scurgerilor accidentale datorit\u0103 tehnologiei SNAPSEAL\u00ae<\/li>\n<li>Pere\u021bi dubli care men\u021bin b\u0103uturile calde p\u00e2n\u0103 la 6 ore \u0219i reci p\u00e2n\u0103 la 12 ore<\/li>\n<li>Utilizare facil\u0103 cu o singur\u0103 m\u00e2n\u0103<\/li>\n<li>Capacul poate fi sp\u0103lat \u00een siguran\u021b\u0103 \u00een ma\u0219ina de sp\u0103lat vase<\/li>\n<li>Compatibil\u0103 cu suporturile pentru pahare standard din ma\u0219in\u0103<\/li>\n<li>Siguran\u021b\u0103 garantat\u0103 pentru documentele \u0219i electronicele din geant\u0103, haine sau tapi\u021beria ma\u0219inii<\/li>\n<\/ul>\n<h3>Caracteristici<\/h3>\n<ul>\n<li>Culoare &#8212; ro\u0219u<\/li>\n<li>Capacitate &#8212; 470 ml<\/li>\n<li>Greutate &#8212; 292 g<\/li>\n<li>Sistem de \u00eenchidere &#8212; Snapseal\u00ae<\/li>\n<li>Timp de men\u021binere la rece &#8212; 12 h<\/li>\n<li>Timp de men\u021binere la cald &#8212; 6 h<\/li>\n<li>F\u0103r\u0103 BPA, BPS sau ftala\u021bi &#8212; da<\/li>\n<li>Izola\u021bie termic\u0103 &#8212; Thermalock<\/li>\n<li>Band\u0103 antiderapant\u0103 &#8212; da<\/li>\n<li>Etan\u0219eitate 100% &#8212; da<\/li>\n<li>Lavabil \u00een ma\u0219ina de sp\u0103lat vase &#8212; nu<\/li>\n<li>\u00cen\u0103l\u021bime &#8212; 17,6 cm<\/li>\n<li>\u00cen\u0103l\u021bime f\u0103r\u0103 capac &#8212; 16,7 cm<\/li>\n<li>Diametru &#8212; 7,5 cm<\/li>\n<li>\u00cen\u0103l\u021bime capac &#8212; 2,3 cm<\/li>\n<li>Material &#8212; O\u021bel inoxidabil<\/li>\n<li>Perete dublu &#8212; da<\/li>\n<li>Cur\u0103\u021bare &#8212; doar capacul este lavabil \u00een ma\u0219ina de sp\u0103lat vase; corpul se spal\u0103 manual<\/li>\n<li>Compatibilitate &#8212; suport auto (standard)<\/li>\n<\/ul>\n<p><\/p>\n<h3>Marca<\/h3>\n<p>Contigo  -  este un lider mondial \u00een produc\u021bia de c\u0103ni termice, sticle de ap\u0103 \u0219i termosuri, fiind recunoscut pentru inova\u021biile sale brevetate, precum tehnologiile Autoseal \u0219i Autospout. Brandul se concentreaz\u0103 pe solu\u021bii inteligente pentru un stil de via\u021b\u0103 activ, oferind produse 100% etan\u0219e, care pot fi utilizate cu o singur\u0103 m\u00e2n\u0103 \u00een timpul condusului sau la antrenamente. Designul modern \u0219i capacitatea excelent\u0103 de men\u021binere a temperaturii fac din Contigo alegerea preferat\u0103 pentru cei care apreciaz\u0103 confortul \u0219i calitatea \u00een mi\u0219care.<\/p>","protected":false},"excerpt":{"rendered":"<p>\u0411\u0440\u0435\u043d\u0434 Contigo \u2014 \u044d\u0442\u043e \u043c\u0438\u0440\u043e\u0432\u043e\u0439 \u043b\u0438\u0434\u0435\u0440 \u0432 \u043f\u0440\u043e\u0438\u0437\u0432\u043e\u0434\u0441\u0442\u0432\u0435 \u0442\u0435\u0440\u043c\u043e\u043a\u0440\u0443\u0436\u0435\u043a, \u0441\u043f\u043e\u0440\u0442\u0438\u0432\u043d\u044b\u0445 \u0431\u0443\u0442\u044b\u043b\u043e\u043a \u0434\u043b\u044f \u0432\u043e\u0434\u044b \u0438 \u0442\u0435\u0440\u043c\u043e\u0441\u043e\u0432, \u0438\u0437\u0432\u0435\u0441\u0442\u043d\u044b\u0439 \u0441\u0432\u043e\u0438\u043c\u0438 \u0437\u0430\u043f\u0430\u0442\u0435\u043d\u0442\u043e\u0432\u0430\u043d\u043d\u044b\u043c\u0438 \u0442\u0435\u0445\u043d\u043e\u043b\u043e\u0433\u0438\u044f\u043c\u0438, \u0442\u0430\u043a\u0438\u043c\u0438 \u043a\u0430\u043a Autoseal \u0438 Autospout. \u0411\u0440\u0435\u043d\u0434 \u0434\u0435\u043b\u0430\u0435\u0442 \u0441\u0442\u0430\u0432\u043a\u0443 \u043d\u0430 \u0438\u043d\u043d\u043e\u0432\u0430\u0446\u0438\u043e\u043d\u043d\u044b\u0435 \u0440\u0435\u0448\u0435\u043d\u0438\u044f \u0434\u043b\u044f \u0430\u043a\u0442\u0438\u0432\u043d\u043e\u0433\u043e \u043e\u0431\u0440\u0430\u0437\u0430 \u0436\u0438\u0437\u043d\u0438, \u0441\u043e\u0437\u0434\u0430\u0432\u0430\u044f \u043d\u0430 100% \u0433\u0435\u0440\u043c\u0435\u0442\u0438\u0447\u043d\u044b\u0435 \u0438\u0437\u0434\u0435\u043b\u0438\u044f, \u043a\u043e\u0442\u043e\u0440\u044b\u043c\u0438 \u0443\u0434\u043e\u0431\u043d\u043e \u043f\u043e\u043b\u044c\u0437\u043e\u0432\u0430\u0442\u044c\u0441\u044f \u043e\u0434\u043d\u043e\u0439 \u0440\u0443\u043a\u043e\u0439 \u0434\u0430\u0436\u0435 \u0437\u0430 \u0440\u0443\u043b\u0435\u043c \u0438\u043b\u0438 \u0432\u043e \u0432\u0440\u0435\u043c\u044f \u0442\u0440\u0435\u043d\u0438\u0440\u043e\u0432\u043a\u0438. \u0421\u043e\u0432\u0440\u0435\u043c\u0435\u043d\u043d\u044b\u0439 \u0434\u0438\u0437\u0430\u0439\u043d \u0438 \u043f\u0440\u0435\u0432\u043e\u0441\u0445\u043e\u0434\u043d\u044b\u0435 [&hellip;]<\/p>\n","protected":false},"featured_media":101918,"comment_status":"open","ping_status":"closed","template":"","meta":{"_acf_changed":false,"inline_featured_image":false},"product_brand":[1374],"product_cat":[874],"product_tag":[],"class_list":{"0":"post-97668","1":"product","2":"type-product","3":"status-publish","4":"has-post-thumbnail","6":"product_brand-contigo","7":"product_cat-thermo-mug","9":"first","10":"instock","11":"shipping-taxable","12":"purchasable","13":"product-type-simple"},"acf":[],"yoast_head":"<!-- This site is optimized with the Yoast SEO plugin v27.4 - https:\/\/yoast.com\/product\/yoast-seo-wordpress\/ -->\n<title>\u0422\u0435\u0440\u043c\u043e\u043a\u0440\u0443\u0436\u043a\u0430 Contigo Byron 2.0 470 ml - \u041c\u0430\u0433\u0430\u0437\u0438\u043d Xstyle<\/title>\n<meta name=\"robots\" content=\"index, follow, max-snippet:-1, max-image-preview:large, max-video-preview:-1\" \/>\n<link rel=\"canonical\" href=\"https:\/\/xstyle.md\/ro\/produs\/termokruzhka-contigo-byron-2-0-470-ml\/\" \/>\n<meta property=\"og:locale\" content=\"ro_RO\" \/>\n<meta property=\"og:type\" content=\"article\" \/>\n<meta property=\"og:title\" content=\"\u0422\u0435\u0440\u043c\u043e\u043a\u0440\u0443\u0436\u043a\u0430 Contigo Byron 2.0 470 ml - \u041c\u0430\u0433\u0430\u0437\u0438\u043d Xstyle\" \/>\n<meta property=\"og:description\" content=\"\u0411\u0440\u0435\u043d\u0434 Contigo \u2014 \u044d\u0442\u043e \u043c\u0438\u0440\u043e\u0432\u043e\u0439 \u043b\u0438\u0434\u0435\u0440 \u0432 \u043f\u0440\u043e\u0438\u0437\u0432\u043e\u0434\u0441\u0442\u0432\u0435 \u0442\u0435\u0440\u043c\u043e\u043a\u0440\u0443\u0436\u0435\u043a, \u0441\u043f\u043e\u0440\u0442\u0438\u0432\u043d\u044b\u0445 \u0431\u0443\u0442\u044b\u043b\u043e\u043a \u0434\u043b\u044f \u0432\u043e\u0434\u044b \u0438 \u0442\u0435\u0440\u043c\u043e\u0441\u043e\u0432, \u0438\u0437\u0432\u0435\u0441\u0442\u043d\u044b\u0439 \u0441\u0432\u043e\u0438\u043c\u0438 \u0437\u0430\u043f\u0430\u0442\u0435\u043d\u0442\u043e\u0432\u0430\u043d\u043d\u044b\u043c\u0438 \u0442\u0435\u0445\u043d\u043e\u043b\u043e\u0433\u0438\u044f\u043c\u0438, \u0442\u0430\u043a\u0438\u043c\u0438 \u043a\u0430\u043a Autoseal \u0438 Autospout. \u0411\u0440\u0435\u043d\u0434 \u0434\u0435\u043b\u0430\u0435\u0442 \u0441\u0442\u0430\u0432\u043a\u0443 \u043d\u0430 \u0438\u043d\u043d\u043e\u0432\u0430\u0446\u0438\u043e\u043d\u043d\u044b\u0435 \u0440\u0435\u0448\u0435\u043d\u0438\u044f \u0434\u043b\u044f \u0430\u043a\u0442\u0438\u0432\u043d\u043e\u0433\u043e \u043e\u0431\u0440\u0430\u0437\u0430 \u0436\u0438\u0437\u043d\u0438, \u0441\u043e\u0437\u0434\u0430\u0432\u0430\u044f \u043d\u0430 100% \u0433\u0435\u0440\u043c\u0435\u0442\u0438\u0447\u043d\u044b\u0435 \u0438\u0437\u0434\u0435\u043b\u0438\u044f, \u043a\u043e\u0442\u043e\u0440\u044b\u043c\u0438 \u0443\u0434\u043e\u0431\u043d\u043e \u043f\u043e\u043b\u044c\u0437\u043e\u0432\u0430\u0442\u044c\u0441\u044f \u043e\u0434\u043d\u043e\u0439 \u0440\u0443\u043a\u043e\u0439 \u0434\u0430\u0436\u0435 \u0437\u0430 \u0440\u0443\u043b\u0435\u043c \u0438\u043b\u0438 \u0432\u043e \u0432\u0440\u0435\u043c\u044f \u0442\u0440\u0435\u043d\u0438\u0440\u043e\u0432\u043a\u0438. \u0421\u043e\u0432\u0440\u0435\u043c\u0435\u043d\u043d\u044b\u0439 \u0434\u0438\u0437\u0430\u0439\u043d \u0438 \u043f\u0440\u0435\u0432\u043e\u0441\u0445\u043e\u0434\u043d\u044b\u0435 [&hellip;]\" \/>\n<meta property=\"og:url\" content=\"https:\/\/xstyle.md\/ro\/produs\/termokruzhka-contigo-byron-2-0-470-ml\/\" \/>\n<meta property=\"og:site_name\" content=\"\u041c\u0430\u0433\u0430\u0437\u0438\u043d Xstyle\" \/>\n<meta property=\"article:publisher\" content=\"https:\/\/www.facebook.com\/xstylemd\" \/>\n<meta property=\"article:modified_time\" content=\"2026-02-21T10:45:56+00:00\" \/>\n<meta property=\"og:image\" content=\"https:\/\/xstyle.md\/wp-content\/uploads\/2025\/11\/contigo-byron-2.0-470-ml-7.webp\" \/>\n\t<meta property=\"og:image:width\" content=\"1200\" \/>\n\t<meta property=\"og:image:height\" content=\"1200\" \/>\n\t<meta property=\"og:image:type\" content=\"image\/webp\" \/>\n<meta name=\"twitter:card\" content=\"summary_large_image\" \/>\n<meta name=\"twitter:label1\" content=\"Pre\u021b\" \/>\n\t<meta name=\"twitter:data1\" content=\"460&nbsp;MDL\" \/>\n\t<meta name=\"twitter:label2\" content=\"Disponibilitate\" \/>\n\t<meta name=\"twitter:data2\" content=\"\u00cen stoc\" \/>\n<script type=\"application\/ld+json\" class=\"yoast-schema-graph\">{\"@context\":\"https:\\\/\\\/schema.org\",\"@graph\":[{\"@type\":\"WebPage\",\"@id\":\"https:\\\/\\\/xstyle.md\\\/product\\\/termokruzhka-contigo-byron-2-0-470-ml\\\/\",\"url\":\"https:\\\/\\\/xstyle.md\\\/product\\\/termokruzhka-contigo-byron-2-0-470-ml\\\/\",\"name\":\"\u0422\u0435\u0440\u043c\u043e\u043a\u0440\u0443\u0436\u043a\u0430 Contigo Byron 2.0 470 ml - \u041c\u0430\u0433\u0430\u0437\u0438\u043d Xstyle\",\"isPartOf\":{\"@id\":\"https:\\\/\\\/xstyle.md\\\/#website\"},\"primaryImageOfPage\":{\"@id\":\"https:\\\/\\\/xstyle.md\\\/product\\\/termokruzhka-contigo-byron-2-0-470-ml\\\/#primaryimage\"},\"image\":{\"@id\":\"https:\\\/\\\/xstyle.md\\\/product\\\/termokruzhka-contigo-byron-2-0-470-ml\\\/#primaryimage\"},\"thumbnailUrl\":\"https:\\\/\\\/xstyle.md\\\/wp-content\\\/uploads\\\/2025\\\/11\\\/contigo-byron-2.0-470-ml-7.webp\",\"datePublished\":\"2025-11-19T14:21:12+00:00\",\"dateModified\":\"2026-02-21T10:45:56+00:00\",\"breadcrumb\":{\"@id\":\"https:\\\/\\\/xstyle.md\\\/product\\\/termokruzhka-contigo-byron-2-0-470-ml\\\/#breadcrumb\"},\"inLanguage\":\"ro-RO\",\"potentialAction\":[{\"@type\":\"ReadAction\",\"target\":[\"https:\\\/\\\/xstyle.md\\\/product\\\/termokruzhka-contigo-byron-2-0-470-ml\\\/\"]}]},{\"@type\":\"ImageObject\",\"inLanguage\":\"ro-RO\",\"@id\":\"https:\\\/\\\/xstyle.md\\\/product\\\/termokruzhka-contigo-byron-2-0-470-ml\\\/#primaryimage\",\"url\":\"https:\\\/\\\/xstyle.md\\\/wp-content\\\/uploads\\\/2025\\\/11\\\/contigo-byron-2.0-470-ml-7.webp\",\"contentUrl\":\"https:\\\/\\\/xstyle.md\\\/wp-content\\\/uploads\\\/2025\\\/11\\\/contigo-byron-2.0-470-ml-7.webp\",\"width\":1200,\"height\":1200,\"caption\":\"\u0422\u0435\u0440\u043c\u043e\u043a\u0440\u0443\u0436\u043a\u0430 Contigo Byron 2.0 470 \u043c\u043b \u0434\u043b\u044f \u0430\u043a\u0442\u0438\u0432\u043d\u043e\u0433\u043e \u043e\u0442\u0434\u044b\u0445\u0430, \u043f\u0443\u0442\u0435\u0448\u0435\u0441\u0442\u0432\u0438\u0439 \u0438 \u043f\u043e\u0445\u043e\u0434\u043e\u0432 \u2014 \u043e\u0434\u0435\u0436\u0434\u0430 \u0438 \u043e\u0431\u0443\u0432\u044c \u0434\u043b\u044f \u0430\u043a\u0442\u0438\u0432\u043d\u043e\u0439 \u0436\u0438\u0437\u043d\u0438, \u043a\u0435\u043c\u043f\u0438\u043d\u0433\u0430, \u0445\u0430\u0439\u043a\u0438\u043d\u0433\u0430 \u0438 \u0430\u043b\u044c\u043f\u0438\u043d\u0438\u0437\u043c\u0430\"},{\"@type\":\"BreadcrumbList\",\"@id\":\"https:\\\/\\\/xstyle.md\\\/product\\\/termokruzhka-contigo-byron-2-0-470-ml\\\/#breadcrumb\",\"itemListElement\":[{\"@type\":\"ListItem\",\"position\":1,\"name\":\"\u0413\u043b\u0430\u0432\u043d\u0430\u044f \u0441\u0442\u0440\u0430\u043d\u0438\u0446\u0430\",\"item\":\"https:\\\/\\\/xstyle.md\\\/\"},{\"@type\":\"ListItem\",\"position\":2,\"name\":\"\u041c\u0430\u0433\u0430\u0437\u0438\u043d\",\"item\":\"https:\\\/\\\/xstyle.md\\\/shop\\\/\"},{\"@type\":\"ListItem\",\"position\":3,\"name\":\"\u0422\u0435\u0440\u043c\u043e\u043a\u0440\u0443\u0436\u043a\u0430 Contigo Byron 2.0 470 ml\"}]},{\"@type\":\"WebSite\",\"@id\":\"https:\\\/\\\/xstyle.md\\\/#website\",\"url\":\"https:\\\/\\\/xstyle.md\\\/\",\"name\":\"\u041c\u0430\u0433\u0430\u0437\u0438\u043d Xstyle\",\"description\":\"C\u043d\u0430\u0440\u044f\u0436\u0435\u043d\u0438\u0435 \u0434\u043b\u044f \u0442\u0443\u0440\u0438\u0437\u043c\u0430 \u0438 \u044d\u043a\u0441\u0442\u0440\u0435\u043c\u0430\u043b\u044c\u043d\u044b\u0445 \u0432\u0438\u0434\u043e\u0432 \u0441\u043f\u043e\u0440\u0442\u0430 \u0432 \u041c\u043e\u043b\u0434\u043e\u0432\u0435.. \u0426\u0435\u043d\u044b, \u0444\u043e\u0442\u043e, \u0445\u0430\u0440\u0430\u043a\u0442\u0435\u0440\u0438\u0441\u0442\u0438\u043a\u0438 \u0432 \u041c\u043e\u043b\u0434\u043e\u0432\u0435.\",\"publisher\":{\"@id\":\"https:\\\/\\\/xstyle.md\\\/#organization\"},\"alternateName\":\"X-Style\",\"potentialAction\":[{\"@type\":\"SearchAction\",\"target\":{\"@type\":\"EntryPoint\",\"urlTemplate\":\"https:\\\/\\\/xstyle.md\\\/?s={search_term_string}\"},\"query-input\":{\"@type\":\"PropertyValueSpecification\",\"valueRequired\":true,\"valueName\":\"search_term_string\"}}],\"inLanguage\":\"ro-RO\"},{\"@type\":\"Organization\",\"@id\":\"https:\\\/\\\/xstyle.md\\\/#organization\",\"name\":\"\u041c\u0430\u0433\u0430\u0437\u0438\u043d Xstyle\",\"alternateName\":\"x-style\",\"url\":\"https:\\\/\\\/xstyle.md\\\/\",\"logo\":{\"@type\":\"ImageObject\",\"inLanguage\":\"ro-RO\",\"@id\":\"https:\\\/\\\/xstyle.md\\\/#\\\/schema\\\/logo\\\/image\\\/\",\"url\":\"https:\\\/\\\/xstyle.md\\\/wp-content\\\/uploads\\\/2020\\\/06\\\/logoicon.svg\",\"contentUrl\":\"https:\\\/\\\/xstyle.md\\\/wp-content\\\/uploads\\\/2020\\\/06\\\/logoicon.svg\",\"caption\":\"\u041c\u0430\u0433\u0430\u0437\u0438\u043d Xstyle\"},\"image\":{\"@id\":\"https:\\\/\\\/xstyle.md\\\/#\\\/schema\\\/logo\\\/image\\\/\"},\"sameAs\":[\"https:\\\/\\\/www.facebook.com\\\/xstylemd\",\"https:\\\/\\\/www.instagram.com\\\/xstyle_md\\\/\",\"https:\\\/\\\/t.me\\\/xstyle_outdoor\"],\"hasMerchantReturnPolicy\":{\"@type\":\"MerchantReturnPolicy\",\"merchantReturnLink\":\"https:\\\/\\\/xstyle.md\\\/ro\\\/conditions\\\/\"}}]}<\/script>\n<meta property=\"product:price:amount\" content=\"460.00\" \/>\n<meta property=\"product:price:currency\" content=\"MDL\" \/>\n<meta property=\"og:availability\" content=\"instock\" \/>\n<meta property=\"product:availability\" content=\"instock\" \/>\n<meta property=\"product:retailer_item_id\" content=\"840276164286\" \/>\n<meta property=\"product:condition\" content=\"new\" \/>\n<!-- \/ Yoast SEO plugin. -->","yoast_head_json":{"title":"\u0422\u0435\u0440\u043c\u043e\u043a\u0440\u0443\u0436\u043a\u0430 Contigo Byron 2.0 470 ml - \u041c\u0430\u0433\u0430\u0437\u0438\u043d Xstyle","robots":{"index":"index","follow":"follow","max-snippet":"max-snippet:-1","max-image-preview":"max-image-preview:large","max-video-preview":"max-video-preview:-1"},"canonical":"https:\/\/xstyle.md\/ro\/produs\/termokruzhka-contigo-byron-2-0-470-ml\/","og_locale":"ro_RO","og_type":"article","og_title":"\u0422\u0435\u0440\u043c\u043e\u043a\u0440\u0443\u0436\u043a\u0430 Contigo Byron 2.0 470 ml - \u041c\u0430\u0433\u0430\u0437\u0438\u043d Xstyle","og_description":"\u0411\u0440\u0435\u043d\u0434 Contigo \u2014 \u044d\u0442\u043e \u043c\u0438\u0440\u043e\u0432\u043e\u0439 \u043b\u0438\u0434\u0435\u0440 \u0432 \u043f\u0440\u043e\u0438\u0437\u0432\u043e\u0434\u0441\u0442\u0432\u0435 \u0442\u0435\u0440\u043c\u043e\u043a\u0440\u0443\u0436\u0435\u043a, \u0441\u043f\u043e\u0440\u0442\u0438\u0432\u043d\u044b\u0445 \u0431\u0443\u0442\u044b\u043b\u043e\u043a \u0434\u043b\u044f \u0432\u043e\u0434\u044b \u0438 \u0442\u0435\u0440\u043c\u043e\u0441\u043e\u0432, \u0438\u0437\u0432\u0435\u0441\u0442\u043d\u044b\u0439 \u0441\u0432\u043e\u0438\u043c\u0438 \u0437\u0430\u043f\u0430\u0442\u0435\u043d\u0442\u043e\u0432\u0430\u043d\u043d\u044b\u043c\u0438 \u0442\u0435\u0445\u043d\u043e\u043b\u043e\u0433\u0438\u044f\u043c\u0438, \u0442\u0430\u043a\u0438\u043c\u0438 \u043a\u0430\u043a Autoseal \u0438 Autospout. \u0411\u0440\u0435\u043d\u0434 \u0434\u0435\u043b\u0430\u0435\u0442 \u0441\u0442\u0430\u0432\u043a\u0443 \u043d\u0430 \u0438\u043d\u043d\u043e\u0432\u0430\u0446\u0438\u043e\u043d\u043d\u044b\u0435 \u0440\u0435\u0448\u0435\u043d\u0438\u044f \u0434\u043b\u044f \u0430\u043a\u0442\u0438\u0432\u043d\u043e\u0433\u043e \u043e\u0431\u0440\u0430\u0437\u0430 \u0436\u0438\u0437\u043d\u0438, \u0441\u043e\u0437\u0434\u0430\u0432\u0430\u044f \u043d\u0430 100% \u0433\u0435\u0440\u043c\u0435\u0442\u0438\u0447\u043d\u044b\u0435 \u0438\u0437\u0434\u0435\u043b\u0438\u044f, \u043a\u043e\u0442\u043e\u0440\u044b\u043c\u0438 \u0443\u0434\u043e\u0431\u043d\u043e \u043f\u043e\u043b\u044c\u0437\u043e\u0432\u0430\u0442\u044c\u0441\u044f \u043e\u0434\u043d\u043e\u0439 \u0440\u0443\u043a\u043e\u0439 \u0434\u0430\u0436\u0435 \u0437\u0430 \u0440\u0443\u043b\u0435\u043c \u0438\u043b\u0438 \u0432\u043e \u0432\u0440\u0435\u043c\u044f \u0442\u0440\u0435\u043d\u0438\u0440\u043e\u0432\u043a\u0438. \u0421\u043e\u0432\u0440\u0435\u043c\u0435\u043d\u043d\u044b\u0439 \u0434\u0438\u0437\u0430\u0439\u043d \u0438 \u043f\u0440\u0435\u0432\u043e\u0441\u0445\u043e\u0434\u043d\u044b\u0435 [&hellip;]","og_url":"https:\/\/xstyle.md\/ro\/produs\/termokruzhka-contigo-byron-2-0-470-ml\/","og_site_name":"\u041c\u0430\u0433\u0430\u0437\u0438\u043d Xstyle","article_publisher":"https:\/\/www.facebook.com\/xstylemd","article_modified_time":"2026-02-21T10:45:56+00:00","og_image":[{"width":1200,"height":1200,"url":"https:\/\/xstyle.md\/wp-content\/uploads\/2025\/11\/contigo-byron-2.0-470-ml-7.webp","type":"image\/webp"}],"twitter_card":"summary_large_image","twitter_misc":{"Pre\u021b":"460&nbsp;MDL","Disponibilitate":"\u00cen stoc"},"schema":{"@context":"https:\/\/schema.org","@graph":[{"@type":"WebPage","@id":"https:\/\/xstyle.md\/product\/termokruzhka-contigo-byron-2-0-470-ml\/","url":"https:\/\/xstyle.md\/product\/termokruzhka-contigo-byron-2-0-470-ml\/","name":"\u0422\u0435\u0440\u043c\u043e\u043a\u0440\u0443\u0436\u043a\u0430 Contigo Byron 2.0 470 ml - \u041c\u0430\u0433\u0430\u0437\u0438\u043d Xstyle","isPartOf":{"@id":"https:\/\/xstyle.md\/#website"},"primaryImageOfPage":{"@id":"https:\/\/xstyle.md\/product\/termokruzhka-contigo-byron-2-0-470-ml\/#primaryimage"},"image":{"@id":"https:\/\/xstyle.md\/product\/termokruzhka-contigo-byron-2-0-470-ml\/#primaryimage"},"thumbnailUrl":"https:\/\/xstyle.md\/wp-content\/uploads\/2025\/11\/contigo-byron-2.0-470-ml-7.webp","datePublished":"2025-11-19T14:21:12+00:00","dateModified":"2026-02-21T10:45:56+00:00","breadcrumb":{"@id":"https:\/\/xstyle.md\/product\/termokruzhka-contigo-byron-2-0-470-ml\/#breadcrumb"},"inLanguage":"ro-RO","potentialAction":[{"@type":"ReadAction","target":["https:\/\/xstyle.md\/product\/termokruzhka-contigo-byron-2-0-470-ml\/"]}]},{"@type":"ImageObject","inLanguage":"ro-RO","@id":"https:\/\/xstyle.md\/product\/termokruzhka-contigo-byron-2-0-470-ml\/#primaryimage","url":"https:\/\/xstyle.md\/wp-content\/uploads\/2025\/11\/contigo-byron-2.0-470-ml-7.webp","contentUrl":"https:\/\/xstyle.md\/wp-content\/uploads\/2025\/11\/contigo-byron-2.0-470-ml-7.webp","width":1200,"height":1200,"caption":"\u0422\u0435\u0440\u043c\u043e\u043a\u0440\u0443\u0436\u043a\u0430 Contigo Byron 2.0 470 \u043c\u043b \u0434\u043b\u044f \u0430\u043a\u0442\u0438\u0432\u043d\u043e\u0433\u043e \u043e\u0442\u0434\u044b\u0445\u0430, \u043f\u0443\u0442\u0435\u0448\u0435\u0441\u0442\u0432\u0438\u0439 \u0438 \u043f\u043e\u0445\u043e\u0434\u043e\u0432 \u2014 \u043e\u0434\u0435\u0436\u0434\u0430 \u0438 \u043e\u0431\u0443\u0432\u044c \u0434\u043b\u044f \u0430\u043a\u0442\u0438\u0432\u043d\u043e\u0439 \u0436\u0438\u0437\u043d\u0438, \u043a\u0435\u043c\u043f\u0438\u043d\u0433\u0430, \u0445\u0430\u0439\u043a\u0438\u043d\u0433\u0430 \u0438 \u0430\u043b\u044c\u043f\u0438\u043d\u0438\u0437\u043c\u0430"},{"@type":"BreadcrumbList","@id":"https:\/\/xstyle.md\/product\/termokruzhka-contigo-byron-2-0-470-ml\/#breadcrumb","itemListElement":[{"@type":"ListItem","position":1,"name":"\u0413\u043b\u0430\u0432\u043d\u0430\u044f \u0441\u0442\u0440\u0430\u043d\u0438\u0446\u0430","item":"https:\/\/xstyle.md\/"},{"@type":"ListItem","position":2,"name":"\u041c\u0430\u0433\u0430\u0437\u0438\u043d","item":"https:\/\/xstyle.md\/shop\/"},{"@type":"ListItem","position":3,"name":"\u0422\u0435\u0440\u043c\u043e\u043a\u0440\u0443\u0436\u043a\u0430 Contigo Byron 2.0 470 ml"}]},{"@type":"WebSite","@id":"https:\/\/xstyle.md\/#website","url":"https:\/\/xstyle.md\/","name":"Magazinul X-Style","description":"Echipamente pentru turism \u0219i sporturi extreme \u00een Moldova. Pre\u021buri, fotografii, caracteristici \u00een Moldova.","publisher":{"@id":"https:\/\/xstyle.md\/#organization"},"alternateName":"X-Style","potentialAction":[{"@type":"SearchAction","target":{"@type":"EntryPoint","urlTemplate":"https:\/\/xstyle.md\/?s={search_term_string}"},"query-input":{"@type":"PropertyValueSpecification","valueRequired":true,"valueName":"search_term_string"}}],"inLanguage":"ro-RO"},{"@type":"Organization","@id":"https:\/\/xstyle.md\/#organization","name":"Magazinul X-Style","alternateName":"x-style","url":"https:\/\/xstyle.md\/","logo":{"@type":"ImageObject","inLanguage":"ro-RO","@id":"https:\/\/xstyle.md\/#\/schema\/logo\/image\/","url":"https:\/\/xstyle.md\/wp-content\/uploads\/2020\/06\/logoicon.svg","contentUrl":"https:\/\/xstyle.md\/wp-content\/uploads\/2020\/06\/logoicon.svg","caption":"\u041c\u0430\u0433\u0430\u0437\u0438\u043d Xstyle"},"image":{"@id":"https:\/\/xstyle.md\/#\/schema\/logo\/image\/"},"sameAs":["https:\/\/www.facebook.com\/xstylemd","https:\/\/www.instagram.com\/xstyle_md\/","https:\/\/t.me\/xstyle_outdoor"],"hasMerchantReturnPolicy":{"@type":"MerchantReturnPolicy","merchantReturnLink":"https:\/\/xstyle.md\/ro\/conditions\/"}}]},"product_price_amount":"460.00","product_price_currency":"MDL","og_availability":"instock","product_availability":"instock","product_retailer_item_id":"840276164286","product_condition":"new"},"_links":{"self":[{"href":"https:\/\/xstyle.md\/ro\/wp-json\/wp\/v2\/product\/97668","targetHints":{"allow":["GET"]}}],"collection":[{"href":"https:\/\/xstyle.md\/ro\/wp-json\/wp\/v2\/product"}],"about":[{"href":"https:\/\/xstyle.md\/ro\/wp-json\/wp\/v2\/types\/product"}],"replies":[{"embeddable":true,"href":"https:\/\/xstyle.md\/ro\/wp-json\/wp\/v2\/comments?post=97668"}],"wp:featuredmedia":[{"embeddable":true,"href":"https:\/\/xstyle.md\/ro\/wp-json\/wp\/v2\/media\/101918"}],"wp:attachment":[{"href":"https:\/\/xstyle.md\/ro\/wp-json\/wp\/v2\/media?parent=97668"}],"wp:term":[{"taxonomy":"product_brand","embeddable":true,"href":"https:\/\/xstyle.md\/ro\/wp-json\/wp\/v2\/product_brand?post=97668"},{"taxonomy":"product_cat","embeddable":true,"href":"https:\/\/xstyle.md\/ro\/wp-json\/wp\/v2\/product_cat?post=97668"},{"taxonomy":"product_tag","embeddable":true,"href":"https:\/\/xstyle.md\/ro\/wp-json\/wp\/v2\/product_tag?post=97668"}],"curies":[{"name":"wp","href":"https:\/\/api.w.org\/{rel}","templated":true}]}}