{"id":97278,"date":"2025-10-23T17:36:50","date_gmt":"2025-10-23T14:36:50","guid":{"rendered":"https:\/\/xstyle.md\/?post_type=product&#038;p=97278"},"modified":"2026-04-04T14:49:11","modified_gmt":"2026-04-04T11:49:11","slug":"toster-primus-toaster-p720661","status":"publish","type":"product","link":"https:\/\/xstyle.md\/ro\/produs\/toster-primus-toaster-p720661\/","title":{"rendered":"Toaster pliabil Primus P720661"},"content":{"rendered":"<\/p>\n<p><strong>Primus Toaster P720661<\/strong> &#8212; este o solu\u021bie compact\u0103 \u0219i ingenioas\u0103 pentru iubitorii de mic dejun cald \u00een condi\u021bii de campare. Acesta permite prepararea p\u00e2inii pr\u0103jite direct pe arz\u0103torul de camping (pe gaz, multicombustibil sau spirt). Datorit\u0103 designului s\u0103u pliabil, dispozitivul ocup\u0103 un spa\u021biu minim \u00een rucsac, fiind un accesoriu indispensabil pentru camping, expedi\u021bii nautice sau picnicuri.<\/p>\n<h3>Particularit\u0103\u021bi<\/h3>\n<ul>\n<li>\u00cen stare pliat\u0103, toasterul devine complet plat, facilit\u00e2nd transportul \u0219i depozitarea acestuia<\/li>\n<li>Plasa metalic\u0103 distribuie c\u0103ldura de la flac\u0103ra arz\u0103torului, prevenind arderea p\u00e2inii \u0219i asigur\u00e2nd o crust\u0103 aurie<\/li>\n<li>Fabricat din o\u021bel inoxidabil de \u00eenalt\u0103 calitate, rezistent la coroziune, temperaturi ridicate \u0219i durabil \u00een timp<\/li>\n<li>Compatibil cu majoritatea arz\u0103toarelor de turism. Poate pr\u0103ji o felie de p\u00e2ine la o singur\u0103 utilizare<\/li>\n<li>Se desface rapid \u0219i se instaleaz\u0103 stabil pe suporturile arz\u0103torului<\/li>\n<\/ul>\n<h3>Caracteristici<\/h3>\n<ul>\n<li>Material - o\u021bel inoxidabil<\/li>\n<li>Greutate &#8212; 180 g<\/li>\n<li>Dimensiuni (extins) &#8212; 167 x 167 x 15 mm<\/li>\n<li>Diametru &#8212; 165 mm<\/li>\n<\/ul>\n<p><\/p>\n<h3>Marca<\/h3>\n<p>Primus este o companie suedez\u0103 fondat\u0103 de mecanicul F.W.Lindqvist, care a inventat primul arz\u0103tor cu parafin\u0103, care nu avea fitil, iar designul sem\u0103na cu cel al unui blowtorch, f\u0103r\u0103 funingine \u0219i murd\u0103rie la utilizare. Ini\u021bial a fost conceput pentru a facilita g\u0103titul la domiciliu, dar cu timpul arz\u0103torul \u0219i-a schimbat scopul, devenind un instrument indispensabil pentru a face via\u021ba mai u\u0219oar\u0103 \u00een campingul amatorilor, \u00een taberele de baz\u0103 de alpinism \u0219i \u00een sta\u021bionarele mobile din expedi\u021biile de cercetare.<br \/>\nAst\u0103zi, legendara companie Primus produce o gam\u0103 larg\u0103 de produse pentru g\u0103tit \u0219i conservarea alimentelor: arz\u0103toare cu gaz \u0219i combustibil lichid, seturi de ustensile de g\u0103tit de c\u0103l\u0103torie, termosuri, wok-uri, butelii de gaz. Toate produsele sub sigla acestei companii sunt fiabile \u0219i durabile.<\/p>","protected":false},"excerpt":{"rendered":"<p>\u0411\u0440\u0435\u043d\u0434 Primus \u2013 \u0448\u0432\u0435\u0434\u0441\u043a\u0430\u044f \u043a\u043e\u043c\u043f\u0430\u043d\u0438\u044f, \u043e\u0441\u043d\u043e\u0432\u0430\u0442\u0435\u043b\u0435\u043c \u043a\u043e\u0442\u043e\u0440\u043e\u0433\u043e \u044f\u0432\u043b\u044f\u0435\u0442\u0441\u044f \u043c\u0435\u0445\u0430\u043d\u0438\u043a \u0424.\u0412.\u041b\u0438\u043d\u0434\u043a\u0432\u0438\u0441\u0442, \u0438\u0437\u043e\u0431\u0440\u0435\u0442\u0448\u0438\u0439 \u043f\u0435\u0440\u0432\u0443\u044e \u043a\u0435\u0440\u043e\u0441\u0438\u043d\u043e\u0432\u0443\u044e \u0433\u043e\u0440\u0435\u043b\u043a\u0443, \u0432 \u043a\u043e\u0442\u043e\u0440\u043e\u0439 \u043d\u0435 \u0431\u044b\u043b\u043e \u0444\u0438\u0442\u0438\u043b\u044f, \u0430 \u043a\u043e\u043d\u0441\u0442\u0440\u0443\u043a\u0446\u0438\u044f \u043d\u0430\u043f\u043e\u043c\u0438\u043d\u0430\u043b\u0430 \u043a\u043e\u043d\u0441\u0442\u0440\u0443\u043a\u0446\u0438\u044e \u043f\u0430\u044f\u043b\u044c\u043d\u043e\u0439 \u043b\u0430\u043c\u043f\u044b, \u043f\u0440\u0438 \u0438\u0441\u043f\u043e\u043b\u044c\u0437\u043e\u0432\u0430\u043d\u0438\u0438 \u043a\u043e\u0442\u043e\u0440\u043e\u0439 \u043d\u0435 \u0431\u044b\u043b\u043e \u0441\u0430\u0436\u0438 \u0438 \u043a\u043e\u043f\u043e\u0442\u0438. \u041f\u0435\u0440\u0432\u043e\u043d\u0430\u0447\u0430\u043b\u044c\u043d\u043e \u043e\u043d\u0430 \u0431\u044b\u043b\u0430 \u0440\u0430\u0441\u0441\u0447\u0438\u0442\u0430\u043d\u0430 \u0434\u043b\u044f \u043e\u0431\u043b\u0435\u0433\u0447\u0435\u043d\u0438\u044f \u043f\u0440\u043e\u0446\u0435\u0441\u0441\u0430 \u0433\u043e\u0442\u043e\u0432\u043a\u0438 \u0432 \u0434\u043e\u043c\u0430\u0448\u043d\u0438\u0445 \u0443\u0441\u043b\u043e\u0432\u0438\u044f\u0445, \u043d\u043e \u0441\u043e \u0432\u0440\u0435\u043c\u0435\u043d\u0435\u043c \u0433\u043e\u0440\u0435\u043b\u043a\u0430 \u0438\u0437\u043c\u0435\u043d\u0438\u043b\u0430 \u0441\u0432\u043e\u0435 \u043d\u0430\u0437\u043d\u0430\u0447\u0435\u043d\u0438\u0435, \u0441\u0442\u0430\u0432 \u043d\u0435\u0437\u0430\u043c\u0435\u043d\u0438\u043c\u044b\u043c \u043f\u0440\u0438\u0441\u043f\u043e\u0441\u043e\u0431\u043b\u0435\u043d\u0438\u0435\u043c, \u043e\u0431\u043b\u0435\u0433\u0447\u0430\u044f [&hellip;]<\/p>\n","protected":false},"featured_media":104782,"comment_status":"open","ping_status":"closed","template":"","meta":{"_acf_changed":false,"inline_featured_image":false},"product_brand":[1272],"product_cat":[896],"product_tag":[],"class_list":{"0":"post-97278","1":"product","2":"type-product","3":"status-publish","4":"has-post-thumbnail","6":"product_brand-primus","7":"product_cat-mangal","9":"first","10":"instock","11":"shipping-taxable","12":"purchasable","13":"product-type-simple"},"acf":[],"yoast_head":"<!-- This site is optimized with the Yoast SEO plugin v27.2 - https:\/\/yoast.com\/product\/yoast-seo-wordpress\/ -->\n<title>\u0422\u043e\u0441\u0442\u0435\u0440 Primus Toaster P720661 - \u041c\u0430\u0433\u0430\u0437\u0438\u043d Xstyle<\/title>\n<meta name=\"robots\" content=\"index, follow, max-snippet:-1, max-image-preview:large, max-video-preview:-1\" \/>\n<link rel=\"canonical\" href=\"https:\/\/xstyle.md\/ro\/produs\/toster-primus-toaster-p720661\/\" \/>\n<meta property=\"og:locale\" content=\"ro_RO\" \/>\n<meta property=\"og:type\" content=\"article\" \/>\n<meta property=\"og:title\" content=\"\u0422\u043e\u0441\u0442\u0435\u0440 Primus Toaster P720661 - \u041c\u0430\u0433\u0430\u0437\u0438\u043d Xstyle\" \/>\n<meta property=\"og:description\" content=\"\u0411\u0440\u0435\u043d\u0434 Primus \u2013 \u0448\u0432\u0435\u0434\u0441\u043a\u0430\u044f \u043a\u043e\u043c\u043f\u0430\u043d\u0438\u044f, \u043e\u0441\u043d\u043e\u0432\u0430\u0442\u0435\u043b\u0435\u043c \u043a\u043e\u0442\u043e\u0440\u043e\u0433\u043e \u044f\u0432\u043b\u044f\u0435\u0442\u0441\u044f \u043c\u0435\u0445\u0430\u043d\u0438\u043a \u0424.\u0412.\u041b\u0438\u043d\u0434\u043a\u0432\u0438\u0441\u0442, \u0438\u0437\u043e\u0431\u0440\u0435\u0442\u0448\u0438\u0439 \u043f\u0435\u0440\u0432\u0443\u044e \u043a\u0435\u0440\u043e\u0441\u0438\u043d\u043e\u0432\u0443\u044e \u0433\u043e\u0440\u0435\u043b\u043a\u0443, \u0432 \u043a\u043e\u0442\u043e\u0440\u043e\u0439 \u043d\u0435 \u0431\u044b\u043b\u043e \u0444\u0438\u0442\u0438\u043b\u044f, \u0430 \u043a\u043e\u043d\u0441\u0442\u0440\u0443\u043a\u0446\u0438\u044f \u043d\u0430\u043f\u043e\u043c\u0438\u043d\u0430\u043b\u0430 \u043a\u043e\u043d\u0441\u0442\u0440\u0443\u043a\u0446\u0438\u044e \u043f\u0430\u044f\u043b\u044c\u043d\u043e\u0439 \u043b\u0430\u043c\u043f\u044b, \u043f\u0440\u0438 \u0438\u0441\u043f\u043e\u043b\u044c\u0437\u043e\u0432\u0430\u043d\u0438\u0438 \u043a\u043e\u0442\u043e\u0440\u043e\u0439 \u043d\u0435 \u0431\u044b\u043b\u043e \u0441\u0430\u0436\u0438 \u0438 \u043a\u043e\u043f\u043e\u0442\u0438. \u041f\u0435\u0440\u0432\u043e\u043d\u0430\u0447\u0430\u043b\u044c\u043d\u043e \u043e\u043d\u0430 \u0431\u044b\u043b\u0430 \u0440\u0430\u0441\u0441\u0447\u0438\u0442\u0430\u043d\u0430 \u0434\u043b\u044f \u043e\u0431\u043b\u0435\u0433\u0447\u0435\u043d\u0438\u044f \u043f\u0440\u043e\u0446\u0435\u0441\u0441\u0430 \u0433\u043e\u0442\u043e\u0432\u043a\u0438 \u0432 \u0434\u043e\u043c\u0430\u0448\u043d\u0438\u0445 \u0443\u0441\u043b\u043e\u0432\u0438\u044f\u0445, \u043d\u043e \u0441\u043e \u0432\u0440\u0435\u043c\u0435\u043d\u0435\u043c \u0433\u043e\u0440\u0435\u043b\u043a\u0430 \u0438\u0437\u043c\u0435\u043d\u0438\u043b\u0430 \u0441\u0432\u043e\u0435 \u043d\u0430\u0437\u043d\u0430\u0447\u0435\u043d\u0438\u0435, \u0441\u0442\u0430\u0432 \u043d\u0435\u0437\u0430\u043c\u0435\u043d\u0438\u043c\u044b\u043c \u043f\u0440\u0438\u0441\u043f\u043e\u0441\u043e\u0431\u043b\u0435\u043d\u0438\u0435\u043c, \u043e\u0431\u043b\u0435\u0433\u0447\u0430\u044f [&hellip;]\" \/>\n<meta property=\"og:url\" content=\"https:\/\/xstyle.md\/ro\/produs\/toster-primus-toaster-p720661\/\" \/>\n<meta property=\"og:site_name\" content=\"\u041c\u0430\u0433\u0430\u0437\u0438\u043d Xstyle\" \/>\n<meta property=\"article:publisher\" content=\"https:\/\/www.facebook.com\/xstylemd\" \/>\n<meta property=\"article:modified_time\" content=\"2026-04-04T11:49:11+00:00\" \/>\n<meta property=\"og:image\" content=\"https:\/\/xstyle.md\/wp-content\/uploads\/2025\/10\/primus-toaster-p720661-1.webp\" \/>\n\t<meta property=\"og:image:width\" content=\"1200\" \/>\n\t<meta property=\"og:image:height\" content=\"1200\" \/>\n\t<meta property=\"og:image:type\" content=\"image\/webp\" \/>\n<meta name=\"twitter:card\" content=\"summary_large_image\" \/>\n<meta name=\"twitter:label1\" content=\"Pre\u021b\" \/>\n\t<meta name=\"twitter:data1\" content=\"295&nbsp;MDL\" \/>\n\t<meta name=\"twitter:label2\" content=\"Disponibilitate\" \/>\n\t<meta name=\"twitter:data2\" content=\"\u00cen stoc\" \/>\n<script type=\"application\/ld+json\" class=\"yoast-schema-graph\">{\"@context\":\"https:\/\/schema.org\",\"@graph\":[{\"@type\":\"WebPage\",\"@id\":\"https:\/\/xstyle.md\/product\/toster-primus-toaster-p720661\/\",\"url\":\"https:\/\/xstyle.md\/product\/toster-primus-toaster-p720661\/\",\"name\":\"\u0422\u043e\u0441\u0442\u0435\u0440 Primus Toaster P720661 - \u041c\u0430\u0433\u0430\u0437\u0438\u043d Xstyle\",\"isPartOf\":{\"@id\":\"https:\/\/xstyle.md\/#website\"},\"primaryImageOfPage\":{\"@id\":\"https:\/\/xstyle.md\/product\/toster-primus-toaster-p720661\/#primaryimage\"},\"image\":{\"@id\":\"https:\/\/xstyle.md\/product\/toster-primus-toaster-p720661\/#primaryimage\"},\"thumbnailUrl\":\"https:\/\/xstyle.md\/wp-content\/uploads\/2025\/10\/primus-toaster-p720661-1.webp\",\"datePublished\":\"2025-10-23T14:36:50+00:00\",\"dateModified\":\"2026-04-04T11:49:11+00:00\",\"breadcrumb\":{\"@id\":\"https:\/\/xstyle.md\/product\/toster-primus-toaster-p720661\/#breadcrumb\"},\"inLanguage\":\"ro-RO\",\"potentialAction\":[{\"@type\":\"ReadAction\",\"target\":[\"https:\/\/xstyle.md\/product\/toster-primus-toaster-p720661\/\"]}]},{\"@type\":\"ImageObject\",\"inLanguage\":\"ro-RO\",\"@id\":\"https:\/\/xstyle.md\/product\/toster-primus-toaster-p720661\/#primaryimage\",\"url\":\"https:\/\/xstyle.md\/wp-content\/uploads\/2025\/10\/primus-toaster-p720661-1.webp\",\"contentUrl\":\"https:\/\/xstyle.md\/wp-content\/uploads\/2025\/10\/primus-toaster-p720661-1.webp\",\"width\":1200,\"height\":1200},{\"@type\":\"BreadcrumbList\",\"@id\":\"https:\/\/xstyle.md\/product\/toster-primus-toaster-p720661\/#breadcrumb\",\"itemListElement\":[{\"@type\":\"ListItem\",\"position\":1,\"name\":\"\u0413\u043b\u0430\u0432\u043d\u0430\u044f \u0441\u0442\u0440\u0430\u043d\u0438\u0446\u0430\",\"item\":\"https:\/\/xstyle.md\/\"},{\"@type\":\"ListItem\",\"position\":2,\"name\":\"\u041c\u0430\u0433\u0430\u0437\u0438\u043d\",\"item\":\"https:\/\/xstyle.md\/shop\/\"},{\"@type\":\"ListItem\",\"position\":3,\"name\":\"\u0422\u043e\u0441\u0442\u0435\u0440 Primus Toaster P720661\"}]},{\"@type\":\"WebSite\",\"@id\":\"https:\/\/xstyle.md\/#website\",\"url\":\"https:\/\/xstyle.md\/\",\"name\":\"\u041c\u0430\u0433\u0430\u0437\u0438\u043d Xstyle\",\"description\":\"C\u043d\u0430\u0440\u044f\u0436\u0435\u043d\u0438\u0435 \u0434\u043b\u044f \u0442\u0443\u0440\u0438\u0437\u043c\u0430 \u0438 \u044d\u043a\u0441\u0442\u0440\u0435\u043c\u0430\u043b\u044c\u043d\u044b\u0445 \u0432\u0438\u0434\u043e\u0432 \u0441\u043f\u043e\u0440\u0442\u0430 \u0432 \u041c\u043e\u043b\u0434\u043e\u0432\u0435.. \u0426\u0435\u043d\u044b, \u0444\u043e\u0442\u043e, \u0445\u0430\u0440\u0430\u043a\u0442\u0435\u0440\u0438\u0441\u0442\u0438\u043a\u0438 \u0432 \u041c\u043e\u043b\u0434\u043e\u0432\u0435.\",\"publisher\":{\"@id\":\"https:\/\/xstyle.md\/#organization\"},\"alternateName\":\"X-Style\",\"potentialAction\":[{\"@type\":\"SearchAction\",\"target\":{\"@type\":\"EntryPoint\",\"urlTemplate\":\"https:\/\/xstyle.md\/?s={search_term_string}\"},\"query-input\":{\"@type\":\"PropertyValueSpecification\",\"valueRequired\":true,\"valueName\":\"search_term_string\"}}],\"inLanguage\":\"ro-RO\"},{\"@type\":\"Organization\",\"@id\":\"https:\/\/xstyle.md\/#organization\",\"name\":\"\u041c\u0430\u0433\u0430\u0437\u0438\u043d Xstyle\",\"alternateName\":\"x-style\",\"url\":\"https:\/\/xstyle.md\/\",\"logo\":{\"@type\":\"ImageObject\",\"inLanguage\":\"ro-RO\",\"@id\":\"https:\/\/xstyle.md\/#\/schema\/logo\/image\/\",\"url\":\"https:\/\/xstyle.md\/wp-content\/uploads\/2020\/06\/logoicon.svg\",\"contentUrl\":\"https:\/\/xstyle.md\/wp-content\/uploads\/2020\/06\/logoicon.svg\",\"caption\":\"\u041c\u0430\u0433\u0430\u0437\u0438\u043d Xstyle\"},\"image\":{\"@id\":\"https:\/\/xstyle.md\/#\/schema\/logo\/image\/\"},\"sameAs\":[\"https:\/\/www.facebook.com\/xstylemd\",\"https:\/\/www.instagram.com\/xstyle_md\/\",\"https:\/\/t.me\/xstyle_outdoor\"],\"hasMerchantReturnPolicy\":{\"@type\":\"MerchantReturnPolicy\",\"merchantReturnLink\":\"https:\/\/xstyle.md\/ro\/conditions\/\"}}]}<\/script>\n<meta property=\"product:price:amount\" content=\"295.00\" \/>\n<meta property=\"product:price:currency\" content=\"MDL\" \/>\n<meta property=\"og:availability\" content=\"instock\" \/>\n<meta property=\"product:availability\" content=\"instock\" \/>\n<meta property=\"product:retailer_item_id\" content=\"7330033706611\" \/>\n<meta property=\"product:condition\" content=\"new\" \/>\n<!-- \/ Yoast SEO plugin. -->","yoast_head_json":{"title":"\u0422\u043e\u0441\u0442\u0435\u0440 Primus Toaster P720661 - \u041c\u0430\u0433\u0430\u0437\u0438\u043d Xstyle","robots":{"index":"index","follow":"follow","max-snippet":"max-snippet:-1","max-image-preview":"max-image-preview:large","max-video-preview":"max-video-preview:-1"},"canonical":"https:\/\/xstyle.md\/ro\/produs\/toster-primus-toaster-p720661\/","og_locale":"ro_RO","og_type":"article","og_title":"\u0422\u043e\u0441\u0442\u0435\u0440 Primus Toaster P720661 - \u041c\u0430\u0433\u0430\u0437\u0438\u043d Xstyle","og_description":"\u0411\u0440\u0435\u043d\u0434 Primus \u2013 \u0448\u0432\u0435\u0434\u0441\u043a\u0430\u044f \u043a\u043e\u043c\u043f\u0430\u043d\u0438\u044f, \u043e\u0441\u043d\u043e\u0432\u0430\u0442\u0435\u043b\u0435\u043c \u043a\u043e\u0442\u043e\u0440\u043e\u0433\u043e \u044f\u0432\u043b\u044f\u0435\u0442\u0441\u044f \u043c\u0435\u0445\u0430\u043d\u0438\u043a \u0424.\u0412.\u041b\u0438\u043d\u0434\u043a\u0432\u0438\u0441\u0442, \u0438\u0437\u043e\u0431\u0440\u0435\u0442\u0448\u0438\u0439 \u043f\u0435\u0440\u0432\u0443\u044e \u043a\u0435\u0440\u043e\u0441\u0438\u043d\u043e\u0432\u0443\u044e \u0433\u043e\u0440\u0435\u043b\u043a\u0443, \u0432 \u043a\u043e\u0442\u043e\u0440\u043e\u0439 \u043d\u0435 \u0431\u044b\u043b\u043e \u0444\u0438\u0442\u0438\u043b\u044f, \u0430 \u043a\u043e\u043d\u0441\u0442\u0440\u0443\u043a\u0446\u0438\u044f \u043d\u0430\u043f\u043e\u043c\u0438\u043d\u0430\u043b\u0430 \u043a\u043e\u043d\u0441\u0442\u0440\u0443\u043a\u0446\u0438\u044e \u043f\u0430\u044f\u043b\u044c\u043d\u043e\u0439 \u043b\u0430\u043c\u043f\u044b, \u043f\u0440\u0438 \u0438\u0441\u043f\u043e\u043b\u044c\u0437\u043e\u0432\u0430\u043d\u0438\u0438 \u043a\u043e\u0442\u043e\u0440\u043e\u0439 \u043d\u0435 \u0431\u044b\u043b\u043e \u0441\u0430\u0436\u0438 \u0438 \u043a\u043e\u043f\u043e\u0442\u0438. \u041f\u0435\u0440\u0432\u043e\u043d\u0430\u0447\u0430\u043b\u044c\u043d\u043e \u043e\u043d\u0430 \u0431\u044b\u043b\u0430 \u0440\u0430\u0441\u0441\u0447\u0438\u0442\u0430\u043d\u0430 \u0434\u043b\u044f \u043e\u0431\u043b\u0435\u0433\u0447\u0435\u043d\u0438\u044f \u043f\u0440\u043e\u0446\u0435\u0441\u0441\u0430 \u0433\u043e\u0442\u043e\u0432\u043a\u0438 \u0432 \u0434\u043e\u043c\u0430\u0448\u043d\u0438\u0445 \u0443\u0441\u043b\u043e\u0432\u0438\u044f\u0445, \u043d\u043e \u0441\u043e \u0432\u0440\u0435\u043c\u0435\u043d\u0435\u043c \u0433\u043e\u0440\u0435\u043b\u043a\u0430 \u0438\u0437\u043c\u0435\u043d\u0438\u043b\u0430 \u0441\u0432\u043e\u0435 \u043d\u0430\u0437\u043d\u0430\u0447\u0435\u043d\u0438\u0435, \u0441\u0442\u0430\u0432 \u043d\u0435\u0437\u0430\u043c\u0435\u043d\u0438\u043c\u044b\u043c \u043f\u0440\u0438\u0441\u043f\u043e\u0441\u043e\u0431\u043b\u0435\u043d\u0438\u0435\u043c, \u043e\u0431\u043b\u0435\u0433\u0447\u0430\u044f [&hellip;]","og_url":"https:\/\/xstyle.md\/ro\/produs\/toster-primus-toaster-p720661\/","og_site_name":"\u041c\u0430\u0433\u0430\u0437\u0438\u043d Xstyle","article_publisher":"https:\/\/www.facebook.com\/xstylemd","article_modified_time":"2026-04-04T11:49:11+00:00","og_image":[{"width":1200,"height":1200,"url":"https:\/\/xstyle.md\/wp-content\/uploads\/2025\/10\/primus-toaster-p720661-1.webp","type":"image\/webp"}],"twitter_card":"summary_large_image","twitter_misc":{"Pre\u021b":"295&nbsp;MDL","Disponibilitate":"\u00cen stoc"},"schema":{"@context":"https:\/\/schema.org","@graph":[{"@type":"WebPage","@id":"https:\/\/xstyle.md\/product\/toster-primus-toaster-p720661\/","url":"https:\/\/xstyle.md\/product\/toster-primus-toaster-p720661\/","name":"\u0422\u043e\u0441\u0442\u0435\u0440 Primus Toaster P720661 - \u041c\u0430\u0433\u0430\u0437\u0438\u043d Xstyle","isPartOf":{"@id":"https:\/\/xstyle.md\/#website"},"primaryImageOfPage":{"@id":"https:\/\/xstyle.md\/product\/toster-primus-toaster-p720661\/#primaryimage"},"image":{"@id":"https:\/\/xstyle.md\/product\/toster-primus-toaster-p720661\/#primaryimage"},"thumbnailUrl":"https:\/\/xstyle.md\/wp-content\/uploads\/2025\/10\/primus-toaster-p720661-1.webp","datePublished":"2025-10-23T14:36:50+00:00","dateModified":"2026-04-04T11:49:11+00:00","breadcrumb":{"@id":"https:\/\/xstyle.md\/product\/toster-primus-toaster-p720661\/#breadcrumb"},"inLanguage":"ro-RO","potentialAction":[{"@type":"ReadAction","target":["https:\/\/xstyle.md\/product\/toster-primus-toaster-p720661\/"]}]},{"@type":"ImageObject","inLanguage":"ro-RO","@id":"https:\/\/xstyle.md\/product\/toster-primus-toaster-p720661\/#primaryimage","url":"https:\/\/xstyle.md\/wp-content\/uploads\/2025\/10\/primus-toaster-p720661-1.webp","contentUrl":"https:\/\/xstyle.md\/wp-content\/uploads\/2025\/10\/primus-toaster-p720661-1.webp","width":1200,"height":1200},{"@type":"BreadcrumbList","@id":"https:\/\/xstyle.md\/product\/toster-primus-toaster-p720661\/#breadcrumb","itemListElement":[{"@type":"ListItem","position":1,"name":"\u0413\u043b\u0430\u0432\u043d\u0430\u044f \u0441\u0442\u0440\u0430\u043d\u0438\u0446\u0430","item":"https:\/\/xstyle.md\/"},{"@type":"ListItem","position":2,"name":"\u041c\u0430\u0433\u0430\u0437\u0438\u043d","item":"https:\/\/xstyle.md\/shop\/"},{"@type":"ListItem","position":3,"name":"\u0422\u043e\u0441\u0442\u0435\u0440 Primus Toaster P720661"}]},{"@type":"WebSite","@id":"https:\/\/xstyle.md\/#website","url":"https:\/\/xstyle.md\/","name":"Magazinul X-Style","description":"Echipamente pentru turism \u0219i sporturi extreme \u00een Moldova. Pre\u021buri, fotografii, caracteristici \u00een Moldova.","publisher":{"@id":"https:\/\/xstyle.md\/#organization"},"alternateName":"X-Style","potentialAction":[{"@type":"SearchAction","target":{"@type":"EntryPoint","urlTemplate":"https:\/\/xstyle.md\/?s={search_term_string}"},"query-input":{"@type":"PropertyValueSpecification","valueRequired":true,"valueName":"search_term_string"}}],"inLanguage":"ro-RO"},{"@type":"Organization","@id":"https:\/\/xstyle.md\/#organization","name":"Magazinul X-Style","alternateName":"x-style","url":"https:\/\/xstyle.md\/","logo":{"@type":"ImageObject","inLanguage":"ro-RO","@id":"https:\/\/xstyle.md\/#\/schema\/logo\/image\/","url":"https:\/\/xstyle.md\/wp-content\/uploads\/2020\/06\/logoicon.svg","contentUrl":"https:\/\/xstyle.md\/wp-content\/uploads\/2020\/06\/logoicon.svg","caption":"\u041c\u0430\u0433\u0430\u0437\u0438\u043d Xstyle"},"image":{"@id":"https:\/\/xstyle.md\/#\/schema\/logo\/image\/"},"sameAs":["https:\/\/www.facebook.com\/xstylemd","https:\/\/www.instagram.com\/xstyle_md\/","https:\/\/t.me\/xstyle_outdoor"],"hasMerchantReturnPolicy":{"@type":"MerchantReturnPolicy","merchantReturnLink":"https:\/\/xstyle.md\/ro\/conditions\/"}}]},"product_price_amount":"295.00","product_price_currency":"MDL","og_availability":"instock","product_availability":"instock","product_retailer_item_id":"7330033706611","product_condition":"new"},"post_mailing_queue_ids":[],"_links":{"self":[{"href":"https:\/\/xstyle.md\/ro\/wp-json\/wp\/v2\/product\/97278","targetHints":{"allow":["GET"]}}],"collection":[{"href":"https:\/\/xstyle.md\/ro\/wp-json\/wp\/v2\/product"}],"about":[{"href":"https:\/\/xstyle.md\/ro\/wp-json\/wp\/v2\/types\/product"}],"replies":[{"embeddable":true,"href":"https:\/\/xstyle.md\/ro\/wp-json\/wp\/v2\/comments?post=97278"}],"wp:featuredmedia":[{"embeddable":true,"href":"https:\/\/xstyle.md\/ro\/wp-json\/wp\/v2\/media\/104782"}],"wp:attachment":[{"href":"https:\/\/xstyle.md\/ro\/wp-json\/wp\/v2\/media?parent=97278"}],"wp:term":[{"taxonomy":"product_brand","embeddable":true,"href":"https:\/\/xstyle.md\/ro\/wp-json\/wp\/v2\/product_brand?post=97278"},{"taxonomy":"product_cat","embeddable":true,"href":"https:\/\/xstyle.md\/ro\/wp-json\/wp\/v2\/product_cat?post=97278"},{"taxonomy":"product_tag","embeddable":true,"href":"https:\/\/xstyle.md\/ro\/wp-json\/wp\/v2\/product_tag?post=97278"}],"curies":[{"name":"wp","href":"https:\/\/api.w.org\/{rel}","templated":true}]}}