{"id":97264,"date":"2025-10-23T17:36:47","date_gmt":"2025-10-23T14:36:47","guid":{"rendered":"https:\/\/xstyle.md\/?post_type=product&#038;p=97264"},"modified":"2026-02-17T18:40:44","modified_gmt":"2026-02-17T15:40:44","slug":"butylka-dlya-vody-pinguin-tritan-fat-sport-bottle-10l-grey","status":"publish","type":"product","link":"https:\/\/xstyle.md\/ro\/produs\/butylka-dlya-vody-pinguin-tritan-fat-sport-bottle-10l-grey\/","title":{"rendered":"Sticl\u0103 Pinguin Tritan Fat Sport Bottle 1,0L grey"},"content":{"rendered":"<p><\/p>\n<p><strong>Sticl\u0103 Pinguin Tritan Fat Sport Bottle 1,0L grey<\/strong> &#8212; u\u0219oar\u0103, transparent\u0103 \u0219i practic\u0103, bidonul Pinguin din material rezistent Tritan\u2122 v\u0103 ajut\u0103 s\u0103 ave\u021bi \u00eentotdeauna la \u00eendem\u00e2n\u0103 o rezerv\u0103 de ap\u0103 sau ceai. Bidonul este fabricat f\u0103r\u0103 substan\u021be BPA \u0219i nu modific\u0103 mirosul lichidului. Acesta poate fi sp\u0103lat \u00een ma\u0219ina de sp\u0103lat vase \u0219i poate rezista la temperaturi cuprinse \u00eentre -10\u00b0C \u0219i 95\u00b0C.<\/p>\n<p>G\u00e2tul larg al sticlei faciliteaz\u0103 considerabil cur\u0103\u021barea acesteia. Bidonul este dotat cu un filtru practic deta\u0219abil pentru a preveni v\u0103rsarea accidental\u0103 \u0219i pentru a filtra apa (de exemplu, \u00een cazul ceaiului cu frunze). Folosind un astfel de bidon, ajuta\u021bi la protejarea planetei, evit\u00e2nd achizi\u021bionarea zilnic\u0103 a sticlelor de tip PET.<\/p>\n<h3>Particularit\u0103\u021bi<\/h3>\n<ul>\n<li>Nu con\u021bine substan\u021be nocive (BPA-free)<\/li>\n<li>Poate fi fixat de rucsac sau curea<\/li>\n<li>Material durabil Tritan\u2122<\/li>\n<li>Form\u0103 ergonomic\u0103 \u0219i confortabil\u0103<\/li>\n<li>Filtru deta\u0219abil inclus<\/li>\n<li>Grada\u021bie pentru volum<\/li>\n<\/ul>\n<h3>Caracteristici<\/h3>\n<ul>\n<li>Greutate &#8212; 141 g<\/li>\n<li>Dimensiuni &#8212; 92 x 213 mm<\/li>\n<li>Volum &#8212; 1 L<\/li>\n<li>Materiale &#8212; Tritan, Polipropilen\u0103, Silicon<\/li>\n<\/ul>\n<p><\/p>\n<h3>Marca<\/h3>\n<p>Pinguin - este cea mai experimentat\u0103 companie ceh\u0103 produc\u0103toare de echipamente outdoor, de c\u00e2nd primele produse au ap\u0103rut pe pia\u021b\u0103 \u00eenc\u0103 \u00een 1989. Echipamentul Pinguin a fost folosit de alpini\u0219ti \u0219i c\u0103l\u0103tori celebri \u00een cucerirea celor mai \u00eenalte v\u00e2rfuri muntoase din lume.<br \/>\nCompania a fost numit\u0103 \u00een cinstea unei p\u0103s\u0103ri care tr\u0103ie\u0219te \u00een Antarctica, deoarece este specializat\u0103 \u00een echipamente pentru drume\u021bii care vor oferi tuturor pasiona\u021bilor odihnei active confort \u0219i c\u0103ldur\u0103 \u00een condi\u021biile reci de iarn\u0103 sau pe v\u00e2rfurile muntoase acoperite cu ghea\u021b\u0103.<\/p>","protected":false},"excerpt":{"rendered":"<p>\u0411\u0440\u0435\u043d\u0434 Pinguin \u2013 \u0441\u0430\u043c\u0430\u044f \u043e\u043f\u044b\u0442\u043d\u0430\u044f \u0447\u0435\u0448\u0441\u043a\u0430\u044f \u043a\u043e\u043c\u043f\u0430\u043d\u0438\u044f \u043f\u0440\u043e\u0438\u0437\u0432\u043e\u0434\u044f\u0449\u0430\u044f outdoor \u044d\u043a\u0438\u043f\u0438\u0440\u043e\u0432\u043a\u0443, \u0442\u0430\u043a \u043a\u0430\u043a \u043f\u0435\u0440\u0432\u0430\u044f \u043f\u0440\u043e\u0434\u0443\u043a\u0446\u0438\u044f \u0432\u043e\u0437\u043d\u0438\u043a\u043b\u0430 \u043d\u0430 \u0440\u044b\u043d\u043a\u0435 \u0435\u0449\u0435 \u0432 1989 \u0433\u043e\u0434\u0443. \u0421\u043d\u0430\u0440\u044f\u0436\u0435\u043d\u0438\u0435 \u043a\u043e\u043c\u043f\u0430\u043d\u0438\u0438 Pinguin \u043d\u0435 \u0440\u0430\u0437 \u0438\u0441\u043f\u043e\u043b\u044c\u0437\u043e\u0432\u0430\u043b\u043e\u0441\u044c \u0438\u0437\u0432\u0435\u0441\u0442\u043d\u044b\u043c\u0438 \u0430\u043b\u044c\u043f\u0438\u043d\u0438\u0441\u0442\u0430\u043c\u0438 \u0438 \u043f\u0443\u0442\u0435\u0448\u0435\u0441\u0442\u0432\u0435\u043d\u043d\u0438\u043a\u0430\u043c\u0438 \u0432 \u043f\u043e\u043a\u043e\u0440\u0435\u043d\u0438\u0438 \u0441\u0430\u043c\u044b\u0445 \u0432\u044b\u0441\u043e\u043a\u0438\u0445 \u0433\u043e\u0440\u043d\u044b\u0445 \u0432\u0435\u0440\u0448\u0438\u043d \u043c\u0438\u0440\u0430. \u041a\u043e\u043c\u043f\u0430\u043d\u0438\u044f \u0431\u044b\u043b\u0430 \u043d\u0430\u0437\u0432\u0430\u043d\u0430 \u0432 \u0447\u0435\u0441\u0442\u044c \u043f\u0442\u0438\u0446\u044b \u043e\u0431\u0438\u0442\u0430\u044e\u0449\u0435\u0439 \u0432 \u0443\u0441\u043b\u043e\u0432\u0438\u044f\u0445 \u0441\u0443\u0440\u043e\u0432\u044b\u0445 \u043c\u043e\u0440\u043e\u0437\u043e\u0432 \u0410\u043d\u0442\u0430\u0440\u043a\u0442\u0438\u0434\u044b, \u0442\u0430\u043a \u043a\u0430\u043a \u0441\u043f\u0435\u0446\u0438\u0430\u043b\u0438\u0437\u0438\u0440\u0443\u0435\u0442\u0441\u044f \u0432 \u0442\u0443\u0440\u0438\u0441\u0442\u0438\u0447\u0435\u0441\u043a\u043e\u043c [&hellip;]<\/p>\n","protected":false},"featured_media":101567,"comment_status":"open","ping_status":"closed","template":"","meta":{"_acf_changed":false,"inline_featured_image":false},"product_brand":[1263],"product_cat":[1171],"product_tag":[],"class_list":{"0":"post-97264","1":"product","2":"type-product","3":"status-publish","4":"has-post-thumbnail","6":"product_brand-pinguin","7":"product_cat-sticle-si-cani-termice","9":"first","10":"instock","11":"shipping-taxable","12":"purchasable","13":"product-type-simple"},"acf":[],"yoast_head":"<!-- This site is optimized with the Yoast SEO plugin v27.2 - https:\/\/yoast.com\/product\/yoast-seo-wordpress\/ -->\n<title>\u0411\u0443\u0442\u044b\u043b\u043a\u0430 \u0434\u043b\u044f \u0432\u043e\u0434\u044b Pinguin Tritan Fat Sport Bottle 1,0L grey - \u041c\u0430\u0433\u0430\u0437\u0438\u043d Xstyle<\/title>\n<meta name=\"robots\" content=\"index, follow, max-snippet:-1, max-image-preview:large, max-video-preview:-1\" \/>\n<link rel=\"canonical\" href=\"https:\/\/xstyle.md\/ro\/produs\/butylka-dlya-vody-pinguin-tritan-fat-sport-bottle-10l-grey\/\" \/>\n<meta property=\"og:locale\" content=\"ro_RO\" \/>\n<meta property=\"og:type\" content=\"article\" \/>\n<meta property=\"og:title\" content=\"\u0411\u0443\u0442\u044b\u043b\u043a\u0430 \u0434\u043b\u044f \u0432\u043e\u0434\u044b Pinguin Tritan Fat Sport Bottle 1,0L grey - \u041c\u0430\u0433\u0430\u0437\u0438\u043d Xstyle\" \/>\n<meta property=\"og:description\" content=\"\u0411\u0440\u0435\u043d\u0434 Pinguin \u2013 \u0441\u0430\u043c\u0430\u044f \u043e\u043f\u044b\u0442\u043d\u0430\u044f \u0447\u0435\u0448\u0441\u043a\u0430\u044f \u043a\u043e\u043c\u043f\u0430\u043d\u0438\u044f \u043f\u0440\u043e\u0438\u0437\u0432\u043e\u0434\u044f\u0449\u0430\u044f outdoor \u044d\u043a\u0438\u043f\u0438\u0440\u043e\u0432\u043a\u0443, \u0442\u0430\u043a \u043a\u0430\u043a \u043f\u0435\u0440\u0432\u0430\u044f \u043f\u0440\u043e\u0434\u0443\u043a\u0446\u0438\u044f \u0432\u043e\u0437\u043d\u0438\u043a\u043b\u0430 \u043d\u0430 \u0440\u044b\u043d\u043a\u0435 \u0435\u0449\u0435 \u0432 1989 \u0433\u043e\u0434\u0443. \u0421\u043d\u0430\u0440\u044f\u0436\u0435\u043d\u0438\u0435 \u043a\u043e\u043c\u043f\u0430\u043d\u0438\u0438 Pinguin \u043d\u0435 \u0440\u0430\u0437 \u0438\u0441\u043f\u043e\u043b\u044c\u0437\u043e\u0432\u0430\u043b\u043e\u0441\u044c \u0438\u0437\u0432\u0435\u0441\u0442\u043d\u044b\u043c\u0438 \u0430\u043b\u044c\u043f\u0438\u043d\u0438\u0441\u0442\u0430\u043c\u0438 \u0438 \u043f\u0443\u0442\u0435\u0448\u0435\u0441\u0442\u0432\u0435\u043d\u043d\u0438\u043a\u0430\u043c\u0438 \u0432 \u043f\u043e\u043a\u043e\u0440\u0435\u043d\u0438\u0438 \u0441\u0430\u043c\u044b\u0445 \u0432\u044b\u0441\u043e\u043a\u0438\u0445 \u0433\u043e\u0440\u043d\u044b\u0445 \u0432\u0435\u0440\u0448\u0438\u043d \u043c\u0438\u0440\u0430. \u041a\u043e\u043c\u043f\u0430\u043d\u0438\u044f \u0431\u044b\u043b\u0430 \u043d\u0430\u0437\u0432\u0430\u043d\u0430 \u0432 \u0447\u0435\u0441\u0442\u044c \u043f\u0442\u0438\u0446\u044b \u043e\u0431\u0438\u0442\u0430\u044e\u0449\u0435\u0439 \u0432 \u0443\u0441\u043b\u043e\u0432\u0438\u044f\u0445 \u0441\u0443\u0440\u043e\u0432\u044b\u0445 \u043c\u043e\u0440\u043e\u0437\u043e\u0432 \u0410\u043d\u0442\u0430\u0440\u043a\u0442\u0438\u0434\u044b, \u0442\u0430\u043a \u043a\u0430\u043a \u0441\u043f\u0435\u0446\u0438\u0430\u043b\u0438\u0437\u0438\u0440\u0443\u0435\u0442\u0441\u044f \u0432 \u0442\u0443\u0440\u0438\u0441\u0442\u0438\u0447\u0435\u0441\u043a\u043e\u043c [&hellip;]\" \/>\n<meta property=\"og:url\" content=\"https:\/\/xstyle.md\/ro\/produs\/butylka-dlya-vody-pinguin-tritan-fat-sport-bottle-10l-grey\/\" \/>\n<meta property=\"og:site_name\" content=\"\u041c\u0430\u0433\u0430\u0437\u0438\u043d Xstyle\" \/>\n<meta property=\"article:publisher\" content=\"https:\/\/www.facebook.com\/xstylemd\" \/>\n<meta property=\"article:modified_time\" content=\"2026-02-17T15:40:44+00:00\" \/>\n<meta property=\"og:image\" content=\"https:\/\/xstyle.md\/wp-content\/uploads\/2025\/10\/pinguin-tritan-fat-sport-bottle-10l-grey-1.webp\" \/>\n\t<meta property=\"og:image:width\" content=\"1200\" \/>\n\t<meta property=\"og:image:height\" content=\"1200\" \/>\n\t<meta property=\"og:image:type\" content=\"image\/webp\" \/>\n<meta name=\"twitter:card\" content=\"summary_large_image\" \/>\n<meta name=\"twitter:label1\" content=\"Pre\u021b\" \/>\n\t<meta name=\"twitter:data1\" content=\"230&nbsp;MDL\" \/>\n\t<meta name=\"twitter:label2\" content=\"Disponibilitate\" \/>\n\t<meta name=\"twitter:data2\" content=\"\u00cen stoc\" \/>\n<script type=\"application\/ld+json\" class=\"yoast-schema-graph\">{\"@context\":\"https:\/\/schema.org\",\"@graph\":[{\"@type\":\"WebPage\",\"@id\":\"https:\/\/xstyle.md\/product\/butylka-dlya-vody-pinguin-tritan-fat-sport-bottle-10l-grey\/\",\"url\":\"https:\/\/xstyle.md\/product\/butylka-dlya-vody-pinguin-tritan-fat-sport-bottle-10l-grey\/\",\"name\":\"\u0411\u0443\u0442\u044b\u043b\u043a\u0430 \u0434\u043b\u044f \u0432\u043e\u0434\u044b Pinguin Tritan Fat Sport Bottle 1,0L grey - \u041c\u0430\u0433\u0430\u0437\u0438\u043d Xstyle\",\"isPartOf\":{\"@id\":\"https:\/\/xstyle.md\/#website\"},\"primaryImageOfPage\":{\"@id\":\"https:\/\/xstyle.md\/product\/butylka-dlya-vody-pinguin-tritan-fat-sport-bottle-10l-grey\/#primaryimage\"},\"image\":{\"@id\":\"https:\/\/xstyle.md\/product\/butylka-dlya-vody-pinguin-tritan-fat-sport-bottle-10l-grey\/#primaryimage\"},\"thumbnailUrl\":\"https:\/\/xstyle.md\/wp-content\/uploads\/2025\/10\/pinguin-tritan-fat-sport-bottle-10l-grey-1.webp\",\"datePublished\":\"2025-10-23T14:36:47+00:00\",\"dateModified\":\"2026-02-17T15:40:44+00:00\",\"breadcrumb\":{\"@id\":\"https:\/\/xstyle.md\/product\/butylka-dlya-vody-pinguin-tritan-fat-sport-bottle-10l-grey\/#breadcrumb\"},\"inLanguage\":\"ro-RO\",\"potentialAction\":[{\"@type\":\"ReadAction\",\"target\":[\"https:\/\/xstyle.md\/product\/butylka-dlya-vody-pinguin-tritan-fat-sport-bottle-10l-grey\/\"]}]},{\"@type\":\"ImageObject\",\"inLanguage\":\"ro-RO\",\"@id\":\"https:\/\/xstyle.md\/product\/butylka-dlya-vody-pinguin-tritan-fat-sport-bottle-10l-grey\/#primaryimage\",\"url\":\"https:\/\/xstyle.md\/wp-content\/uploads\/2025\/10\/pinguin-tritan-fat-sport-bottle-10l-grey-1.webp\",\"contentUrl\":\"https:\/\/xstyle.md\/wp-content\/uploads\/2025\/10\/pinguin-tritan-fat-sport-bottle-10l-grey-1.webp\",\"width\":1200,\"height\":1200,\"caption\":\"\u0411\u0443\u0442\u044b\u043b\u043a\u0430 \u0434\u043b\u044f \u0432\u043e\u0434\u044b Pinguin Tritan Fat Sport Bottle 1,0\u041b \u0441\u0435\u0440\u044b\u0439 \u0434\u043b\u044f \u0430\u043a\u0442\u0438\u0432\u043d\u043e\u0433\u043e \u043e\u0442\u0434\u044b\u0445\u0430 \u0441\u043f\u043e\u0440\u0442\u0430 \u043f\u0443\u0442\u0435\u0448\u0435\u0441\u0442\u0432\u0438\u0439 \u0438 \u043f\u043e\u0445\u043e\u0434\u043e\u0432 \u043d\u0430 \u0441\u0430\u0439\u0442\u0435 \u0438\u043d\u0442\u0435\u0440\u043d\u0435\u0442-\u043c\u0430\u0433\u0430\u0437\u0438\u043d\u0430 \u0441 \u043e\u0434\u0435\u0436\u0434\u043e\u0439 \u043e\u0431\u0443\u0432\u044c\u044e \u0434\u043b\u044f \u0430\u043a\u0442\u0438\u0432\u043d\u043e\u0439 \u0436\u0438\u0437\u043d\u0438\"},{\"@type\":\"BreadcrumbList\",\"@id\":\"https:\/\/xstyle.md\/product\/butylka-dlya-vody-pinguin-tritan-fat-sport-bottle-10l-grey\/#breadcrumb\",\"itemListElement\":[{\"@type\":\"ListItem\",\"position\":1,\"name\":\"\u0413\u043b\u0430\u0432\u043d\u0430\u044f \u0441\u0442\u0440\u0430\u043d\u0438\u0446\u0430\",\"item\":\"https:\/\/xstyle.md\/\"},{\"@type\":\"ListItem\",\"position\":2,\"name\":\"\u041c\u0430\u0433\u0430\u0437\u0438\u043d\",\"item\":\"https:\/\/xstyle.md\/shop\/\"},{\"@type\":\"ListItem\",\"position\":3,\"name\":\"\u0411\u0443\u0442\u044b\u043b\u043a\u0430 \u0434\u043b\u044f \u0432\u043e\u0434\u044b Pinguin Tritan Fat Sport Bottle 1,0L grey\"}]},{\"@type\":\"WebSite\",\"@id\":\"https:\/\/xstyle.md\/#website\",\"url\":\"https:\/\/xstyle.md\/\",\"name\":\"\u041c\u0430\u0433\u0430\u0437\u0438\u043d Xstyle\",\"description\":\"C\u043d\u0430\u0440\u044f\u0436\u0435\u043d\u0438\u0435 \u0434\u043b\u044f \u0442\u0443\u0440\u0438\u0437\u043c\u0430 \u0438 \u044d\u043a\u0441\u0442\u0440\u0435\u043c\u0430\u043b\u044c\u043d\u044b\u0445 \u0432\u0438\u0434\u043e\u0432 \u0441\u043f\u043e\u0440\u0442\u0430 \u0432 \u041c\u043e\u043b\u0434\u043e\u0432\u0435.. \u0426\u0435\u043d\u044b, \u0444\u043e\u0442\u043e, \u0445\u0430\u0440\u0430\u043a\u0442\u0435\u0440\u0438\u0441\u0442\u0438\u043a\u0438 \u0432 \u041c\u043e\u043b\u0434\u043e\u0432\u0435.\",\"publisher\":{\"@id\":\"https:\/\/xstyle.md\/#organization\"},\"alternateName\":\"X-Style\",\"potentialAction\":[{\"@type\":\"SearchAction\",\"target\":{\"@type\":\"EntryPoint\",\"urlTemplate\":\"https:\/\/xstyle.md\/?s={search_term_string}\"},\"query-input\":{\"@type\":\"PropertyValueSpecification\",\"valueRequired\":true,\"valueName\":\"search_term_string\"}}],\"inLanguage\":\"ro-RO\"},{\"@type\":\"Organization\",\"@id\":\"https:\/\/xstyle.md\/#organization\",\"name\":\"\u041c\u0430\u0433\u0430\u0437\u0438\u043d Xstyle\",\"alternateName\":\"x-style\",\"url\":\"https:\/\/xstyle.md\/\",\"logo\":{\"@type\":\"ImageObject\",\"inLanguage\":\"ro-RO\",\"@id\":\"https:\/\/xstyle.md\/#\/schema\/logo\/image\/\",\"url\":\"https:\/\/xstyle.md\/wp-content\/uploads\/2020\/06\/logoicon.svg\",\"contentUrl\":\"https:\/\/xstyle.md\/wp-content\/uploads\/2020\/06\/logoicon.svg\",\"caption\":\"\u041c\u0430\u0433\u0430\u0437\u0438\u043d Xstyle\"},\"image\":{\"@id\":\"https:\/\/xstyle.md\/#\/schema\/logo\/image\/\"},\"sameAs\":[\"https:\/\/www.facebook.com\/xstylemd\",\"https:\/\/www.instagram.com\/xstyle_md\/\",\"https:\/\/t.me\/xstyle_outdoor\"],\"hasMerchantReturnPolicy\":{\"@type\":\"MerchantReturnPolicy\",\"merchantReturnLink\":\"https:\/\/xstyle.md\/ro\/conditions\/\"}}]}<\/script>\n<meta property=\"product:price:amount\" content=\"230.00\" \/>\n<meta property=\"product:price:currency\" content=\"MDL\" \/>\n<meta property=\"og:availability\" content=\"instock\" \/>\n<meta property=\"product:availability\" content=\"instock\" \/>\n<meta property=\"product:retailer_item_id\" content=\"8592638816686\" \/>\n<meta property=\"product:condition\" content=\"new\" \/>\n<!-- \/ Yoast SEO plugin. -->","yoast_head_json":{"title":"\u0411\u0443\u0442\u044b\u043b\u043a\u0430 \u0434\u043b\u044f \u0432\u043e\u0434\u044b Pinguin Tritan Fat Sport Bottle 1,0L grey - \u041c\u0430\u0433\u0430\u0437\u0438\u043d Xstyle","robots":{"index":"index","follow":"follow","max-snippet":"max-snippet:-1","max-image-preview":"max-image-preview:large","max-video-preview":"max-video-preview:-1"},"canonical":"https:\/\/xstyle.md\/ro\/produs\/butylka-dlya-vody-pinguin-tritan-fat-sport-bottle-10l-grey\/","og_locale":"ro_RO","og_type":"article","og_title":"\u0411\u0443\u0442\u044b\u043b\u043a\u0430 \u0434\u043b\u044f \u0432\u043e\u0434\u044b Pinguin Tritan Fat Sport Bottle 1,0L grey - \u041c\u0430\u0433\u0430\u0437\u0438\u043d Xstyle","og_description":"\u0411\u0440\u0435\u043d\u0434 Pinguin \u2013 \u0441\u0430\u043c\u0430\u044f \u043e\u043f\u044b\u0442\u043d\u0430\u044f \u0447\u0435\u0448\u0441\u043a\u0430\u044f \u043a\u043e\u043c\u043f\u0430\u043d\u0438\u044f \u043f\u0440\u043e\u0438\u0437\u0432\u043e\u0434\u044f\u0449\u0430\u044f outdoor \u044d\u043a\u0438\u043f\u0438\u0440\u043e\u0432\u043a\u0443, \u0442\u0430\u043a \u043a\u0430\u043a \u043f\u0435\u0440\u0432\u0430\u044f \u043f\u0440\u043e\u0434\u0443\u043a\u0446\u0438\u044f \u0432\u043e\u0437\u043d\u0438\u043a\u043b\u0430 \u043d\u0430 \u0440\u044b\u043d\u043a\u0435 \u0435\u0449\u0435 \u0432 1989 \u0433\u043e\u0434\u0443. \u0421\u043d\u0430\u0440\u044f\u0436\u0435\u043d\u0438\u0435 \u043a\u043e\u043c\u043f\u0430\u043d\u0438\u0438 Pinguin \u043d\u0435 \u0440\u0430\u0437 \u0438\u0441\u043f\u043e\u043b\u044c\u0437\u043e\u0432\u0430\u043b\u043e\u0441\u044c \u0438\u0437\u0432\u0435\u0441\u0442\u043d\u044b\u043c\u0438 \u0430\u043b\u044c\u043f\u0438\u043d\u0438\u0441\u0442\u0430\u043c\u0438 \u0438 \u043f\u0443\u0442\u0435\u0448\u0435\u0441\u0442\u0432\u0435\u043d\u043d\u0438\u043a\u0430\u043c\u0438 \u0432 \u043f\u043e\u043a\u043e\u0440\u0435\u043d\u0438\u0438 \u0441\u0430\u043c\u044b\u0445 \u0432\u044b\u0441\u043e\u043a\u0438\u0445 \u0433\u043e\u0440\u043d\u044b\u0445 \u0432\u0435\u0440\u0448\u0438\u043d \u043c\u0438\u0440\u0430. \u041a\u043e\u043c\u043f\u0430\u043d\u0438\u044f \u0431\u044b\u043b\u0430 \u043d\u0430\u0437\u0432\u0430\u043d\u0430 \u0432 \u0447\u0435\u0441\u0442\u044c \u043f\u0442\u0438\u0446\u044b \u043e\u0431\u0438\u0442\u0430\u044e\u0449\u0435\u0439 \u0432 \u0443\u0441\u043b\u043e\u0432\u0438\u044f\u0445 \u0441\u0443\u0440\u043e\u0432\u044b\u0445 \u043c\u043e\u0440\u043e\u0437\u043e\u0432 \u0410\u043d\u0442\u0430\u0440\u043a\u0442\u0438\u0434\u044b, \u0442\u0430\u043a \u043a\u0430\u043a \u0441\u043f\u0435\u0446\u0438\u0430\u043b\u0438\u0437\u0438\u0440\u0443\u0435\u0442\u0441\u044f \u0432 \u0442\u0443\u0440\u0438\u0441\u0442\u0438\u0447\u0435\u0441\u043a\u043e\u043c [&hellip;]","og_url":"https:\/\/xstyle.md\/ro\/produs\/butylka-dlya-vody-pinguin-tritan-fat-sport-bottle-10l-grey\/","og_site_name":"\u041c\u0430\u0433\u0430\u0437\u0438\u043d Xstyle","article_publisher":"https:\/\/www.facebook.com\/xstylemd","article_modified_time":"2026-02-17T15:40:44+00:00","og_image":[{"width":1200,"height":1200,"url":"https:\/\/xstyle.md\/wp-content\/uploads\/2025\/10\/pinguin-tritan-fat-sport-bottle-10l-grey-1.webp","type":"image\/webp"}],"twitter_card":"summary_large_image","twitter_misc":{"Pre\u021b":"230&nbsp;MDL","Disponibilitate":"\u00cen stoc"},"schema":{"@context":"https:\/\/schema.org","@graph":[{"@type":"WebPage","@id":"https:\/\/xstyle.md\/product\/butylka-dlya-vody-pinguin-tritan-fat-sport-bottle-10l-grey\/","url":"https:\/\/xstyle.md\/product\/butylka-dlya-vody-pinguin-tritan-fat-sport-bottle-10l-grey\/","name":"\u0411\u0443\u0442\u044b\u043b\u043a\u0430 \u0434\u043b\u044f \u0432\u043e\u0434\u044b Pinguin Tritan Fat Sport Bottle 1,0L grey - \u041c\u0430\u0433\u0430\u0437\u0438\u043d Xstyle","isPartOf":{"@id":"https:\/\/xstyle.md\/#website"},"primaryImageOfPage":{"@id":"https:\/\/xstyle.md\/product\/butylka-dlya-vody-pinguin-tritan-fat-sport-bottle-10l-grey\/#primaryimage"},"image":{"@id":"https:\/\/xstyle.md\/product\/butylka-dlya-vody-pinguin-tritan-fat-sport-bottle-10l-grey\/#primaryimage"},"thumbnailUrl":"https:\/\/xstyle.md\/wp-content\/uploads\/2025\/10\/pinguin-tritan-fat-sport-bottle-10l-grey-1.webp","datePublished":"2025-10-23T14:36:47+00:00","dateModified":"2026-02-17T15:40:44+00:00","breadcrumb":{"@id":"https:\/\/xstyle.md\/product\/butylka-dlya-vody-pinguin-tritan-fat-sport-bottle-10l-grey\/#breadcrumb"},"inLanguage":"ro-RO","potentialAction":[{"@type":"ReadAction","target":["https:\/\/xstyle.md\/product\/butylka-dlya-vody-pinguin-tritan-fat-sport-bottle-10l-grey\/"]}]},{"@type":"ImageObject","inLanguage":"ro-RO","@id":"https:\/\/xstyle.md\/product\/butylka-dlya-vody-pinguin-tritan-fat-sport-bottle-10l-grey\/#primaryimage","url":"https:\/\/xstyle.md\/wp-content\/uploads\/2025\/10\/pinguin-tritan-fat-sport-bottle-10l-grey-1.webp","contentUrl":"https:\/\/xstyle.md\/wp-content\/uploads\/2025\/10\/pinguin-tritan-fat-sport-bottle-10l-grey-1.webp","width":1200,"height":1200,"caption":"\u0411\u0443\u0442\u044b\u043b\u043a\u0430 \u0434\u043b\u044f \u0432\u043e\u0434\u044b Pinguin Tritan Fat Sport Bottle 1,0\u041b \u0441\u0435\u0440\u044b\u0439 \u0434\u043b\u044f \u0430\u043a\u0442\u0438\u0432\u043d\u043e\u0433\u043e \u043e\u0442\u0434\u044b\u0445\u0430 \u0441\u043f\u043e\u0440\u0442\u0430 \u043f\u0443\u0442\u0435\u0448\u0435\u0441\u0442\u0432\u0438\u0439 \u0438 \u043f\u043e\u0445\u043e\u0434\u043e\u0432 \u043d\u0430 \u0441\u0430\u0439\u0442\u0435 \u0438\u043d\u0442\u0435\u0440\u043d\u0435\u0442-\u043c\u0430\u0433\u0430\u0437\u0438\u043d\u0430 \u0441 \u043e\u0434\u0435\u0436\u0434\u043e\u0439 \u043e\u0431\u0443\u0432\u044c\u044e \u0434\u043b\u044f \u0430\u043a\u0442\u0438\u0432\u043d\u043e\u0439 \u0436\u0438\u0437\u043d\u0438"},{"@type":"BreadcrumbList","@id":"https:\/\/xstyle.md\/product\/butylka-dlya-vody-pinguin-tritan-fat-sport-bottle-10l-grey\/#breadcrumb","itemListElement":[{"@type":"ListItem","position":1,"name":"\u0413\u043b\u0430\u0432\u043d\u0430\u044f \u0441\u0442\u0440\u0430\u043d\u0438\u0446\u0430","item":"https:\/\/xstyle.md\/"},{"@type":"ListItem","position":2,"name":"\u041c\u0430\u0433\u0430\u0437\u0438\u043d","item":"https:\/\/xstyle.md\/shop\/"},{"@type":"ListItem","position":3,"name":"\u0411\u0443\u0442\u044b\u043b\u043a\u0430 \u0434\u043b\u044f \u0432\u043e\u0434\u044b Pinguin Tritan Fat Sport Bottle 1,0L grey"}]},{"@type":"WebSite","@id":"https:\/\/xstyle.md\/#website","url":"https:\/\/xstyle.md\/","name":"Magazinul X-Style","description":"Echipamente pentru turism \u0219i sporturi extreme \u00een Moldova. Pre\u021buri, fotografii, caracteristici \u00een Moldova.","publisher":{"@id":"https:\/\/xstyle.md\/#organization"},"alternateName":"X-Style","potentialAction":[{"@type":"SearchAction","target":{"@type":"EntryPoint","urlTemplate":"https:\/\/xstyle.md\/?s={search_term_string}"},"query-input":{"@type":"PropertyValueSpecification","valueRequired":true,"valueName":"search_term_string"}}],"inLanguage":"ro-RO"},{"@type":"Organization","@id":"https:\/\/xstyle.md\/#organization","name":"Magazinul X-Style","alternateName":"x-style","url":"https:\/\/xstyle.md\/","logo":{"@type":"ImageObject","inLanguage":"ro-RO","@id":"https:\/\/xstyle.md\/#\/schema\/logo\/image\/","url":"https:\/\/xstyle.md\/wp-content\/uploads\/2020\/06\/logoicon.svg","contentUrl":"https:\/\/xstyle.md\/wp-content\/uploads\/2020\/06\/logoicon.svg","caption":"\u041c\u0430\u0433\u0430\u0437\u0438\u043d Xstyle"},"image":{"@id":"https:\/\/xstyle.md\/#\/schema\/logo\/image\/"},"sameAs":["https:\/\/www.facebook.com\/xstylemd","https:\/\/www.instagram.com\/xstyle_md\/","https:\/\/t.me\/xstyle_outdoor"],"hasMerchantReturnPolicy":{"@type":"MerchantReturnPolicy","merchantReturnLink":"https:\/\/xstyle.md\/ro\/conditions\/"}}]},"product_price_amount":"230.00","product_price_currency":"MDL","og_availability":"instock","product_availability":"instock","product_retailer_item_id":"8592638816686","product_condition":"new"},"post_mailing_queue_ids":[],"_links":{"self":[{"href":"https:\/\/xstyle.md\/ro\/wp-json\/wp\/v2\/product\/97264","targetHints":{"allow":["GET"]}}],"collection":[{"href":"https:\/\/xstyle.md\/ro\/wp-json\/wp\/v2\/product"}],"about":[{"href":"https:\/\/xstyle.md\/ro\/wp-json\/wp\/v2\/types\/product"}],"replies":[{"embeddable":true,"href":"https:\/\/xstyle.md\/ro\/wp-json\/wp\/v2\/comments?post=97264"}],"wp:featuredmedia":[{"embeddable":true,"href":"https:\/\/xstyle.md\/ro\/wp-json\/wp\/v2\/media\/101567"}],"wp:attachment":[{"href":"https:\/\/xstyle.md\/ro\/wp-json\/wp\/v2\/media?parent=97264"}],"wp:term":[{"taxonomy":"product_brand","embeddable":true,"href":"https:\/\/xstyle.md\/ro\/wp-json\/wp\/v2\/product_brand?post=97264"},{"taxonomy":"product_cat","embeddable":true,"href":"https:\/\/xstyle.md\/ro\/wp-json\/wp\/v2\/product_cat?post=97264"},{"taxonomy":"product_tag","embeddable":true,"href":"https:\/\/xstyle.md\/ro\/wp-json\/wp\/v2\/product_tag?post=97264"}],"curies":[{"name":"wp","href":"https:\/\/api.w.org\/{rel}","templated":true}]}}