{"id":97258,"date":"2025-10-23T17:36:45","date_gmt":"2025-10-23T14:36:45","guid":{"rendered":"https:\/\/xstyle.md\/?post_type=product&#038;p=97258"},"modified":"2026-03-16T15:10:03","modified_gmt":"2026-03-16T12:10:03","slug":"kompas-lifesystems-ls-navigation-compass","status":"publish","type":"product","link":"https:\/\/xstyle.md\/ro\/produs\/kompas-lifesystems-ls-navigation-compass\/","title":{"rendered":"Busol\u0103 Lifesystems LS Navigation Compass"},"content":{"rendered":"<\/p>\n<p><strong>Lifesystems LS Navigation Compass<\/strong> &#8212; Aceasta este o busol\u0103 clasic\u0103 de expedi\u021bie cu plac\u0103 transparent\u0103, care simplific\u0103 considerabil orientarea pe teren. Datorit\u0103 lupei integrate, marcajelor luminoase \u0219i sc\u0103rilor precise, este un instrument esen\u021bial pentru orice drume\u021bie.<\/p>\n<h3>Caracteristici<\/h3>\n<ul>\n<li>Scop &#8212; o busol\u0103 de tip plac\u0103, compact\u0103 \u0219i fiabil\u0103, ideal\u0103 pentru orientare sportiv\u0103, drume\u021bii \u0219i expedi\u021bii<\/li>\n<li>Lucrul cu harta &#8212; baza transparent\u0103 permite citirea u\u0219oar\u0103 a h\u0103r\u021bii. Include sc\u0103ri de m\u0103surare 1:25.000 \u0219i 1:50.000, plus o rigl\u0103 \u00een centimetri<\/li>\n<li>Lup\u0103 \u00eencorporat\u0103 &#8212; dispune de o lup\u0103 mare pentru vizualizarea detaliilor fine de pe h\u0103r\u021bile topografice<\/li>\n<li>Naviga\u021bie nocturn\u0103 &#8212; marcajele fosforescente (pe acul magnetic \u0219i cadran) faciliteaz\u0103 utilizarea pe timp de noapte sau \u00een condi\u021bii de vizibilitate redus\u0103<\/li>\n<li>Precizie &#8212; capsule umplut\u0103 cu lichid pentru stabilitate \u0219i o scal\u0103 de declina\u021bie \u00een interior. Rama rotativ\u0103 permite setarea precis\u0103 a azimutului<\/li>\n<li>Accesorii &#8212; include un \u0219nur deta\u0219abil moale pentru transportul la g\u00e2t. Prev\u0103zut\u0103 cu \u0219abloane pentru cerc \u0219i triunghi (pentru marcarea punctelor pe hart\u0103)<\/li>\n<li>Important &#8212; proiectat\u0103 exclusiv pentru utilizare \u00een Emisfera Nordic\u0103<\/li>\n<\/ul>\n<p><\/p>\n<h3>Marca<\/h3>\n<p>Lifesystems - este un brand britanic care, de peste 30 de ani, se specializeaz\u0103 \u00een fabricarea echipamentelor de protec\u021bie \u0219i supravie\u021buire pentru condi\u021bii extreme. Produsele lor, de la truse de prim ajutor \u0219i repelente p\u00e2n\u0103 la busole de precizie, sunt dezvoltate \u00eempreun\u0103 cu medici \u0219i exploratori profesioni\u0219ti, garant\u00e2nd siguran\u021b\u0103 \u00een cele mai izolate locuri din lume.<\/p>","protected":false},"excerpt":{"rendered":"<p>\u0411\u0440\u0435\u043d\u0434 Lifesystems \u2014 \u0431\u0440\u0438\u0442\u0430\u043d\u0441\u043a\u0438\u0439 \u0431\u0440\u0435\u043d\u0434, \u043a\u043e\u0442\u043e\u0440\u044b\u0439 \u0443\u0436\u0435 \u0431\u043e\u043b\u0435\u0435 30 \u043b\u0435\u0442 \u0441\u043f\u0435\u0446\u0438\u0430\u043b\u0438\u0437\u0438\u0440\u0443\u0435\u0442\u0441\u044f \u043d\u0430 \u043f\u0440\u043e\u0438\u0437\u0432\u043e\u0434\u0441\u0442\u0432\u0435 \u0441\u043d\u0430\u0440\u044f\u0436\u0435\u043d\u0438\u044f \u0434\u043b\u044f \u0437\u0430\u0449\u0438\u0442\u044b \u0438 \u0432\u044b\u0436\u0438\u0432\u0430\u043d\u0438\u044f \u0432 \u044d\u043a\u0441\u0442\u0440\u0435\u043c\u0430\u043b\u044c\u043d\u044b\u0445 \u0443\u0441\u043b\u043e\u0432\u0438\u044f\u0445. \u0418\u0445 \u043f\u0440\u043e\u0434\u0443\u043a\u0446\u0438\u044f, \u043e\u0442 \u0430\u043f\u0442\u0435\u0447\u0435\u043a \u0438 \u0441\u0440\u0435\u0434\u0441\u0442\u0432 \u0437\u0430\u0449\u0438\u0442\u044b \u043e\u0442 \u043d\u0430\u0441\u0435\u043a\u043e\u043c\u044b\u0445 \u0434\u043e \u0442\u043e\u0447\u043d\u044b\u0445 \u043a\u043e\u043c\u043f\u0430\u0441\u043e\u0432, \u0440\u0430\u0437\u0440\u0430\u0431\u0430\u0442\u044b\u0432\u0430\u0435\u0442\u0441\u044f \u043f\u0440\u0438 \u0443\u0447\u0430\u0441\u0442\u0438\u0438 \u043c\u0435\u0434\u0438\u043a\u043e\u0432 \u0438 \u043f\u0440\u043e\u0444\u0435\u0441\u0441\u0438\u043e\u043d\u0430\u043b\u044c\u043d\u044b\u0445 \u043f\u0443\u0442\u0435\u0448\u0435\u0441\u0442\u0432\u0435\u043d\u043d\u0438\u043a\u043e\u0432, \u0447\u0442\u043e \u0433\u0430\u0440\u0430\u043d\u0442\u0438\u0440\u0443\u0435\u0442 \u043d\u0430\u0434\u0435\u0436\u043d\u043e\u0441\u0442\u044c \u0432 \u0441\u0430\u043c\u044b\u0445 \u043e\u0442\u0434\u0430\u043b\u0435\u043d\u043d\u044b\u0445 \u0443\u0433\u043e\u043b\u043a\u0430\u0445 \u043f\u043b\u0430\u043d\u0435\u0442\u044b.<\/p>","protected":false},"featured_media":103561,"comment_status":"open","ping_status":"closed","template":"","meta":{"_acf_changed":false,"inline_featured_image":false},"product_brand":[1417],"product_cat":[167],"product_tag":[],"class_list":{"0":"post-97258","1":"product","2":"type-product","3":"status-publish","4":"has-post-thumbnail","6":"product_brand-lifesystems","7":"product_cat-compass","9":"first","10":"instock","11":"shipping-taxable","12":"purchasable","13":"product-type-simple"},"acf":[],"yoast_head":"<!-- This site is optimized with the Yoast SEO plugin v27.2 - https:\/\/yoast.com\/product\/yoast-seo-wordpress\/ -->\n<title>\u041a\u043e\u043c\u043f\u0430\u0441 Lifesystems LS Navigation Compass - \u041c\u0430\u0433\u0430\u0437\u0438\u043d Xstyle<\/title>\n<meta name=\"robots\" content=\"index, follow, max-snippet:-1, max-image-preview:large, max-video-preview:-1\" \/>\n<link rel=\"canonical\" href=\"https:\/\/xstyle.md\/ro\/produs\/kompas-lifesystems-ls-navigation-compass\/\" \/>\n<meta property=\"og:locale\" content=\"ro_RO\" \/>\n<meta property=\"og:type\" content=\"article\" \/>\n<meta property=\"og:title\" content=\"\u041a\u043e\u043c\u043f\u0430\u0441 Lifesystems LS Navigation Compass - \u041c\u0430\u0433\u0430\u0437\u0438\u043d Xstyle\" \/>\n<meta property=\"og:description\" content=\"\u0411\u0440\u0435\u043d\u0434 Lifesystems \u2014 \u0431\u0440\u0438\u0442\u0430\u043d\u0441\u043a\u0438\u0439 \u0431\u0440\u0435\u043d\u0434, \u043a\u043e\u0442\u043e\u0440\u044b\u0439 \u0443\u0436\u0435 \u0431\u043e\u043b\u0435\u0435 30 \u043b\u0435\u0442 \u0441\u043f\u0435\u0446\u0438\u0430\u043b\u0438\u0437\u0438\u0440\u0443\u0435\u0442\u0441\u044f \u043d\u0430 \u043f\u0440\u043e\u0438\u0437\u0432\u043e\u0434\u0441\u0442\u0432\u0435 \u0441\u043d\u0430\u0440\u044f\u0436\u0435\u043d\u0438\u044f \u0434\u043b\u044f \u0437\u0430\u0449\u0438\u0442\u044b \u0438 \u0432\u044b\u0436\u0438\u0432\u0430\u043d\u0438\u044f \u0432 \u044d\u043a\u0441\u0442\u0440\u0435\u043c\u0430\u043b\u044c\u043d\u044b\u0445 \u0443\u0441\u043b\u043e\u0432\u0438\u044f\u0445. \u0418\u0445 \u043f\u0440\u043e\u0434\u0443\u043a\u0446\u0438\u044f, \u043e\u0442 \u0430\u043f\u0442\u0435\u0447\u0435\u043a \u0438 \u0441\u0440\u0435\u0434\u0441\u0442\u0432 \u0437\u0430\u0449\u0438\u0442\u044b \u043e\u0442 \u043d\u0430\u0441\u0435\u043a\u043e\u043c\u044b\u0445 \u0434\u043e \u0442\u043e\u0447\u043d\u044b\u0445 \u043a\u043e\u043c\u043f\u0430\u0441\u043e\u0432, \u0440\u0430\u0437\u0440\u0430\u0431\u0430\u0442\u044b\u0432\u0430\u0435\u0442\u0441\u044f \u043f\u0440\u0438 \u0443\u0447\u0430\u0441\u0442\u0438\u0438 \u043c\u0435\u0434\u0438\u043a\u043e\u0432 \u0438 \u043f\u0440\u043e\u0444\u0435\u0441\u0441\u0438\u043e\u043d\u0430\u043b\u044c\u043d\u044b\u0445 \u043f\u0443\u0442\u0435\u0448\u0435\u0441\u0442\u0432\u0435\u043d\u043d\u0438\u043a\u043e\u0432, \u0447\u0442\u043e \u0433\u0430\u0440\u0430\u043d\u0442\u0438\u0440\u0443\u0435\u0442 \u043d\u0430\u0434\u0435\u0436\u043d\u043e\u0441\u0442\u044c \u0432 \u0441\u0430\u043c\u044b\u0445 \u043e\u0442\u0434\u0430\u043b\u0435\u043d\u043d\u044b\u0445 \u0443\u0433\u043e\u043b\u043a\u0430\u0445 \u043f\u043b\u0430\u043d\u0435\u0442\u044b.\" \/>\n<meta property=\"og:url\" content=\"https:\/\/xstyle.md\/ro\/produs\/kompas-lifesystems-ls-navigation-compass\/\" \/>\n<meta property=\"og:site_name\" content=\"\u041c\u0430\u0433\u0430\u0437\u0438\u043d Xstyle\" \/>\n<meta property=\"article:publisher\" content=\"https:\/\/www.facebook.com\/xstylemd\" \/>\n<meta property=\"article:modified_time\" content=\"2026-03-16T12:10:03+00:00\" \/>\n<meta property=\"og:image\" content=\"https:\/\/xstyle.md\/wp-content\/uploads\/2025\/10\/kompas-lifesystems-ls-navigation-compass.webp\" \/>\n\t<meta property=\"og:image:width\" content=\"1200\" \/>\n\t<meta property=\"og:image:height\" content=\"1200\" \/>\n\t<meta property=\"og:image:type\" content=\"image\/webp\" \/>\n<meta name=\"twitter:card\" content=\"summary_large_image\" \/>\n<meta name=\"twitter:label1\" content=\"Pre\u021b\" \/>\n\t<meta name=\"twitter:data1\" content=\"270&nbsp;MDL\" \/>\n\t<meta name=\"twitter:label2\" content=\"Disponibilitate\" \/>\n\t<meta name=\"twitter:data2\" content=\"\u00cen stoc\" \/>\n<script type=\"application\/ld+json\" class=\"yoast-schema-graph\">{\"@context\":\"https:\/\/schema.org\",\"@graph\":[{\"@type\":\"WebPage\",\"@id\":\"https:\/\/xstyle.md\/product\/kompas-lifesystems-ls-navigation-compass\/\",\"url\":\"https:\/\/xstyle.md\/product\/kompas-lifesystems-ls-navigation-compass\/\",\"name\":\"\u041a\u043e\u043c\u043f\u0430\u0441 Lifesystems LS Navigation Compass - \u041c\u0430\u0433\u0430\u0437\u0438\u043d Xstyle\",\"isPartOf\":{\"@id\":\"https:\/\/xstyle.md\/#website\"},\"primaryImageOfPage\":{\"@id\":\"https:\/\/xstyle.md\/product\/kompas-lifesystems-ls-navigation-compass\/#primaryimage\"},\"image\":{\"@id\":\"https:\/\/xstyle.md\/product\/kompas-lifesystems-ls-navigation-compass\/#primaryimage\"},\"thumbnailUrl\":\"https:\/\/xstyle.md\/wp-content\/uploads\/2025\/10\/kompas-lifesystems-ls-navigation-compass.webp\",\"datePublished\":\"2025-10-23T14:36:45+00:00\",\"dateModified\":\"2026-03-16T12:10:03+00:00\",\"breadcrumb\":{\"@id\":\"https:\/\/xstyle.md\/product\/kompas-lifesystems-ls-navigation-compass\/#breadcrumb\"},\"inLanguage\":\"ro-RO\",\"potentialAction\":[{\"@type\":\"ReadAction\",\"target\":[\"https:\/\/xstyle.md\/product\/kompas-lifesystems-ls-navigation-compass\/\"]}]},{\"@type\":\"ImageObject\",\"inLanguage\":\"ro-RO\",\"@id\":\"https:\/\/xstyle.md\/product\/kompas-lifesystems-ls-navigation-compass\/#primaryimage\",\"url\":\"https:\/\/xstyle.md\/wp-content\/uploads\/2025\/10\/kompas-lifesystems-ls-navigation-compass.webp\",\"contentUrl\":\"https:\/\/xstyle.md\/wp-content\/uploads\/2025\/10\/kompas-lifesystems-ls-navigation-compass.webp\",\"width\":1200,\"height\":1200,\"caption\":\"\u041a\u043e\u043c\u043f\u0430\u0441\u0441 Lifesystems LS Navigation \u0434\u043b\u044f \u0430\u043a\u0442\u0438\u0432\u043d\u044b\u0445 \u043f\u0443\u0442\u0435\u0448\u0435\u0441\u0442\u0432\u0438\u0439 \u0438 \u043f\u043e\u0445\u043e\u0434\u043e\u0432 \u0432 \u0441\u0442\u0438\u043b\u0435 outdoor \u043e\u0434\u0435\u0436\u0434\u0430 \u043e\u0431\u0443\u0432\u044c \u0430\u043b\u044c\u043f\u0438\u043d\u0438\u0437\u043c \u0442\u0443\u0440\u0438\u0437\u043c \u0438 \u0430\u043a\u0442\u0438\u0432\u043d\u044b\u0439 \u043e\u0442\u0434\u044b\u0445 \u0432 \u043c\u0430\u0433\u0430\u0437\u0438\u043d\u0435 \u043e\u043d\u043b\u0430\u0439\u043d\"},{\"@type\":\"BreadcrumbList\",\"@id\":\"https:\/\/xstyle.md\/product\/kompas-lifesystems-ls-navigation-compass\/#breadcrumb\",\"itemListElement\":[{\"@type\":\"ListItem\",\"position\":1,\"name\":\"\u0413\u043b\u0430\u0432\u043d\u0430\u044f \u0441\u0442\u0440\u0430\u043d\u0438\u0446\u0430\",\"item\":\"https:\/\/xstyle.md\/\"},{\"@type\":\"ListItem\",\"position\":2,\"name\":\"\u041c\u0430\u0433\u0430\u0437\u0438\u043d\",\"item\":\"https:\/\/xstyle.md\/shop\/\"},{\"@type\":\"ListItem\",\"position\":3,\"name\":\"\u041a\u043e\u043c\u043f\u0430\u0441 Lifesystems LS Navigation Compass\"}]},{\"@type\":\"WebSite\",\"@id\":\"https:\/\/xstyle.md\/#website\",\"url\":\"https:\/\/xstyle.md\/\",\"name\":\"\u041c\u0430\u0433\u0430\u0437\u0438\u043d Xstyle\",\"description\":\"C\u043d\u0430\u0440\u044f\u0436\u0435\u043d\u0438\u0435 \u0434\u043b\u044f \u0442\u0443\u0440\u0438\u0437\u043c\u0430 \u0438 \u044d\u043a\u0441\u0442\u0440\u0435\u043c\u0430\u043b\u044c\u043d\u044b\u0445 \u0432\u0438\u0434\u043e\u0432 \u0441\u043f\u043e\u0440\u0442\u0430 \u0432 \u041c\u043e\u043b\u0434\u043e\u0432\u0435.. \u0426\u0435\u043d\u044b, \u0444\u043e\u0442\u043e, \u0445\u0430\u0440\u0430\u043a\u0442\u0435\u0440\u0438\u0441\u0442\u0438\u043a\u0438 \u0432 \u041c\u043e\u043b\u0434\u043e\u0432\u0435.\",\"publisher\":{\"@id\":\"https:\/\/xstyle.md\/#organization\"},\"alternateName\":\"X-Style\",\"potentialAction\":[{\"@type\":\"SearchAction\",\"target\":{\"@type\":\"EntryPoint\",\"urlTemplate\":\"https:\/\/xstyle.md\/?s={search_term_string}\"},\"query-input\":{\"@type\":\"PropertyValueSpecification\",\"valueRequired\":true,\"valueName\":\"search_term_string\"}}],\"inLanguage\":\"ro-RO\"},{\"@type\":\"Organization\",\"@id\":\"https:\/\/xstyle.md\/#organization\",\"name\":\"\u041c\u0430\u0433\u0430\u0437\u0438\u043d Xstyle\",\"alternateName\":\"x-style\",\"url\":\"https:\/\/xstyle.md\/\",\"logo\":{\"@type\":\"ImageObject\",\"inLanguage\":\"ro-RO\",\"@id\":\"https:\/\/xstyle.md\/#\/schema\/logo\/image\/\",\"url\":\"https:\/\/xstyle.md\/wp-content\/uploads\/2020\/06\/logoicon.svg\",\"contentUrl\":\"https:\/\/xstyle.md\/wp-content\/uploads\/2020\/06\/logoicon.svg\",\"caption\":\"\u041c\u0430\u0433\u0430\u0437\u0438\u043d Xstyle\"},\"image\":{\"@id\":\"https:\/\/xstyle.md\/#\/schema\/logo\/image\/\"},\"sameAs\":[\"https:\/\/www.facebook.com\/xstylemd\",\"https:\/\/www.instagram.com\/xstyle_md\/\",\"https:\/\/t.me\/xstyle_outdoor\"],\"hasMerchantReturnPolicy\":{\"@type\":\"MerchantReturnPolicy\",\"merchantReturnLink\":\"https:\/\/xstyle.md\/ro\/conditions\/\"}}]}<\/script>\n<meta property=\"product:price:amount\" content=\"270.00\" \/>\n<meta property=\"product:price:currency\" content=\"MDL\" \/>\n<meta property=\"og:availability\" content=\"instock\" \/>\n<meta property=\"product:availability\" content=\"instock\" \/>\n<meta property=\"product:retailer_item_id\" content=\"5031863426312\" \/>\n<meta property=\"product:condition\" content=\"new\" \/>\n<!-- \/ Yoast SEO plugin. -->","yoast_head_json":{"title":"\u041a\u043e\u043c\u043f\u0430\u0441 Lifesystems LS Navigation Compass - \u041c\u0430\u0433\u0430\u0437\u0438\u043d Xstyle","robots":{"index":"index","follow":"follow","max-snippet":"max-snippet:-1","max-image-preview":"max-image-preview:large","max-video-preview":"max-video-preview:-1"},"canonical":"https:\/\/xstyle.md\/ro\/produs\/kompas-lifesystems-ls-navigation-compass\/","og_locale":"ro_RO","og_type":"article","og_title":"\u041a\u043e\u043c\u043f\u0430\u0441 Lifesystems LS Navigation Compass - \u041c\u0430\u0433\u0430\u0437\u0438\u043d Xstyle","og_description":"\u0411\u0440\u0435\u043d\u0434 Lifesystems \u2014 \u0431\u0440\u0438\u0442\u0430\u043d\u0441\u043a\u0438\u0439 \u0431\u0440\u0435\u043d\u0434, \u043a\u043e\u0442\u043e\u0440\u044b\u0439 \u0443\u0436\u0435 \u0431\u043e\u043b\u0435\u0435 30 \u043b\u0435\u0442 \u0441\u043f\u0435\u0446\u0438\u0430\u043b\u0438\u0437\u0438\u0440\u0443\u0435\u0442\u0441\u044f \u043d\u0430 \u043f\u0440\u043e\u0438\u0437\u0432\u043e\u0434\u0441\u0442\u0432\u0435 \u0441\u043d\u0430\u0440\u044f\u0436\u0435\u043d\u0438\u044f \u0434\u043b\u044f \u0437\u0430\u0449\u0438\u0442\u044b \u0438 \u0432\u044b\u0436\u0438\u0432\u0430\u043d\u0438\u044f \u0432 \u044d\u043a\u0441\u0442\u0440\u0435\u043c\u0430\u043b\u044c\u043d\u044b\u0445 \u0443\u0441\u043b\u043e\u0432\u0438\u044f\u0445. \u0418\u0445 \u043f\u0440\u043e\u0434\u0443\u043a\u0446\u0438\u044f, \u043e\u0442 \u0430\u043f\u0442\u0435\u0447\u0435\u043a \u0438 \u0441\u0440\u0435\u0434\u0441\u0442\u0432 \u0437\u0430\u0449\u0438\u0442\u044b \u043e\u0442 \u043d\u0430\u0441\u0435\u043a\u043e\u043c\u044b\u0445 \u0434\u043e \u0442\u043e\u0447\u043d\u044b\u0445 \u043a\u043e\u043c\u043f\u0430\u0441\u043e\u0432, \u0440\u0430\u0437\u0440\u0430\u0431\u0430\u0442\u044b\u0432\u0430\u0435\u0442\u0441\u044f \u043f\u0440\u0438 \u0443\u0447\u0430\u0441\u0442\u0438\u0438 \u043c\u0435\u0434\u0438\u043a\u043e\u0432 \u0438 \u043f\u0440\u043e\u0444\u0435\u0441\u0441\u0438\u043e\u043d\u0430\u043b\u044c\u043d\u044b\u0445 \u043f\u0443\u0442\u0435\u0448\u0435\u0441\u0442\u0432\u0435\u043d\u043d\u0438\u043a\u043e\u0432, \u0447\u0442\u043e \u0433\u0430\u0440\u0430\u043d\u0442\u0438\u0440\u0443\u0435\u0442 \u043d\u0430\u0434\u0435\u0436\u043d\u043e\u0441\u0442\u044c \u0432 \u0441\u0430\u043c\u044b\u0445 \u043e\u0442\u0434\u0430\u043b\u0435\u043d\u043d\u044b\u0445 \u0443\u0433\u043e\u043b\u043a\u0430\u0445 \u043f\u043b\u0430\u043d\u0435\u0442\u044b.","og_url":"https:\/\/xstyle.md\/ro\/produs\/kompas-lifesystems-ls-navigation-compass\/","og_site_name":"\u041c\u0430\u0433\u0430\u0437\u0438\u043d Xstyle","article_publisher":"https:\/\/www.facebook.com\/xstylemd","article_modified_time":"2026-03-16T12:10:03+00:00","og_image":[{"width":1200,"height":1200,"url":"https:\/\/xstyle.md\/wp-content\/uploads\/2025\/10\/kompas-lifesystems-ls-navigation-compass.webp","type":"image\/webp"}],"twitter_card":"summary_large_image","twitter_misc":{"Pre\u021b":"270&nbsp;MDL","Disponibilitate":"\u00cen stoc"},"schema":{"@context":"https:\/\/schema.org","@graph":[{"@type":"WebPage","@id":"https:\/\/xstyle.md\/product\/kompas-lifesystems-ls-navigation-compass\/","url":"https:\/\/xstyle.md\/product\/kompas-lifesystems-ls-navigation-compass\/","name":"\u041a\u043e\u043c\u043f\u0430\u0441 Lifesystems LS Navigation Compass - \u041c\u0430\u0433\u0430\u0437\u0438\u043d Xstyle","isPartOf":{"@id":"https:\/\/xstyle.md\/#website"},"primaryImageOfPage":{"@id":"https:\/\/xstyle.md\/product\/kompas-lifesystems-ls-navigation-compass\/#primaryimage"},"image":{"@id":"https:\/\/xstyle.md\/product\/kompas-lifesystems-ls-navigation-compass\/#primaryimage"},"thumbnailUrl":"https:\/\/xstyle.md\/wp-content\/uploads\/2025\/10\/kompas-lifesystems-ls-navigation-compass.webp","datePublished":"2025-10-23T14:36:45+00:00","dateModified":"2026-03-16T12:10:03+00:00","breadcrumb":{"@id":"https:\/\/xstyle.md\/product\/kompas-lifesystems-ls-navigation-compass\/#breadcrumb"},"inLanguage":"ro-RO","potentialAction":[{"@type":"ReadAction","target":["https:\/\/xstyle.md\/product\/kompas-lifesystems-ls-navigation-compass\/"]}]},{"@type":"ImageObject","inLanguage":"ro-RO","@id":"https:\/\/xstyle.md\/product\/kompas-lifesystems-ls-navigation-compass\/#primaryimage","url":"https:\/\/xstyle.md\/wp-content\/uploads\/2025\/10\/kompas-lifesystems-ls-navigation-compass.webp","contentUrl":"https:\/\/xstyle.md\/wp-content\/uploads\/2025\/10\/kompas-lifesystems-ls-navigation-compass.webp","width":1200,"height":1200,"caption":"\u041a\u043e\u043c\u043f\u0430\u0441\u0441 Lifesystems LS Navigation \u0434\u043b\u044f \u0430\u043a\u0442\u0438\u0432\u043d\u044b\u0445 \u043f\u0443\u0442\u0435\u0448\u0435\u0441\u0442\u0432\u0438\u0439 \u0438 \u043f\u043e\u0445\u043e\u0434\u043e\u0432 \u0432 \u0441\u0442\u0438\u043b\u0435 outdoor \u043e\u0434\u0435\u0436\u0434\u0430 \u043e\u0431\u0443\u0432\u044c \u0430\u043b\u044c\u043f\u0438\u043d\u0438\u0437\u043c \u0442\u0443\u0440\u0438\u0437\u043c \u0438 \u0430\u043a\u0442\u0438\u0432\u043d\u044b\u0439 \u043e\u0442\u0434\u044b\u0445 \u0432 \u043c\u0430\u0433\u0430\u0437\u0438\u043d\u0435 \u043e\u043d\u043b\u0430\u0439\u043d"},{"@type":"BreadcrumbList","@id":"https:\/\/xstyle.md\/product\/kompas-lifesystems-ls-navigation-compass\/#breadcrumb","itemListElement":[{"@type":"ListItem","position":1,"name":"\u0413\u043b\u0430\u0432\u043d\u0430\u044f \u0441\u0442\u0440\u0430\u043d\u0438\u0446\u0430","item":"https:\/\/xstyle.md\/"},{"@type":"ListItem","position":2,"name":"\u041c\u0430\u0433\u0430\u0437\u0438\u043d","item":"https:\/\/xstyle.md\/shop\/"},{"@type":"ListItem","position":3,"name":"\u041a\u043e\u043c\u043f\u0430\u0441 Lifesystems LS Navigation Compass"}]},{"@type":"WebSite","@id":"https:\/\/xstyle.md\/#website","url":"https:\/\/xstyle.md\/","name":"Magazinul X-Style","description":"Echipamente pentru turism \u0219i sporturi extreme \u00een Moldova. Pre\u021buri, fotografii, caracteristici \u00een Moldova.","publisher":{"@id":"https:\/\/xstyle.md\/#organization"},"alternateName":"X-Style","potentialAction":[{"@type":"SearchAction","target":{"@type":"EntryPoint","urlTemplate":"https:\/\/xstyle.md\/?s={search_term_string}"},"query-input":{"@type":"PropertyValueSpecification","valueRequired":true,"valueName":"search_term_string"}}],"inLanguage":"ro-RO"},{"@type":"Organization","@id":"https:\/\/xstyle.md\/#organization","name":"Magazinul X-Style","alternateName":"x-style","url":"https:\/\/xstyle.md\/","logo":{"@type":"ImageObject","inLanguage":"ro-RO","@id":"https:\/\/xstyle.md\/#\/schema\/logo\/image\/","url":"https:\/\/xstyle.md\/wp-content\/uploads\/2020\/06\/logoicon.svg","contentUrl":"https:\/\/xstyle.md\/wp-content\/uploads\/2020\/06\/logoicon.svg","caption":"\u041c\u0430\u0433\u0430\u0437\u0438\u043d Xstyle"},"image":{"@id":"https:\/\/xstyle.md\/#\/schema\/logo\/image\/"},"sameAs":["https:\/\/www.facebook.com\/xstylemd","https:\/\/www.instagram.com\/xstyle_md\/","https:\/\/t.me\/xstyle_outdoor"],"hasMerchantReturnPolicy":{"@type":"MerchantReturnPolicy","merchantReturnLink":"https:\/\/xstyle.md\/ro\/conditions\/"}}]},"product_price_amount":"270.00","product_price_currency":"MDL","og_availability":"instock","product_availability":"instock","product_retailer_item_id":"5031863426312","product_condition":"new"},"post_mailing_queue_ids":[],"_links":{"self":[{"href":"https:\/\/xstyle.md\/ro\/wp-json\/wp\/v2\/product\/97258","targetHints":{"allow":["GET"]}}],"collection":[{"href":"https:\/\/xstyle.md\/ro\/wp-json\/wp\/v2\/product"}],"about":[{"href":"https:\/\/xstyle.md\/ro\/wp-json\/wp\/v2\/types\/product"}],"replies":[{"embeddable":true,"href":"https:\/\/xstyle.md\/ro\/wp-json\/wp\/v2\/comments?post=97258"}],"wp:featuredmedia":[{"embeddable":true,"href":"https:\/\/xstyle.md\/ro\/wp-json\/wp\/v2\/media\/103561"}],"wp:attachment":[{"href":"https:\/\/xstyle.md\/ro\/wp-json\/wp\/v2\/media?parent=97258"}],"wp:term":[{"taxonomy":"product_brand","embeddable":true,"href":"https:\/\/xstyle.md\/ro\/wp-json\/wp\/v2\/product_brand?post=97258"},{"taxonomy":"product_cat","embeddable":true,"href":"https:\/\/xstyle.md\/ro\/wp-json\/wp\/v2\/product_cat?post=97258"},{"taxonomy":"product_tag","embeddable":true,"href":"https:\/\/xstyle.md\/ro\/wp-json\/wp\/v2\/product_tag?post=97258"}],"curies":[{"name":"wp","href":"https:\/\/api.w.org\/{rel}","templated":true}]}}