{"id":97251,"date":"2025-10-23T17:36:43","date_gmt":"2025-10-23T14:36:43","guid":{"rendered":"https:\/\/xstyle.md\/?post_type=product&#038;p=97251"},"modified":"2026-03-19T17:37:11","modified_gmt":"2026-03-19T14:37:11","slug":"samonaduvayushhijsya-kovrik-therm-a-rest-luxury-map-poseidon-xl","status":"publish","type":"product","link":"https:\/\/xstyle.md\/ro\/produs\/samonaduvayushhijsya-kovrik-therm-a-rest-luxury-map-poseidon-xl\/","title":{"rendered":"Saltea Therm-A-Rest Luxury Map Poseidon XL"},"content":{"rendered":"<p><\/p>\n<p><strong>Saltea Therm-A-Rest Luxury Map Poseidon XL<\/strong> &#8212; este o saltea autogonflabil\u0103 premium care permite aventurierilor s\u0103 se bucure de un somn odihnitor departe de cas\u0103. Este foarte pl\u0103cut\u0103 la atingere \u0219i are o suprafa\u021b\u0103 moale \u0219i elastic\u0103, \u00een timp ce designul s\u0103u extra-gros absoarbe denivel\u0103rile pentru un somn lini\u0219tit. Sistemul de autogonflare const\u0103 dintr-un nucleu de spum\u0103 compresibil\u0103 care se extinde pentru a se umfla. \u00cen plus, tehnologia de mapare a presiunii (pressure mapping) spore\u0219te confortul \u00een zonele sensibile. Aceast\u0103 saltea se pliaz\u0103 u\u0219or \u0219i se depoziteaz\u0103 \u00een husa inclus\u0103.<\/p>\n<h3>Particularit\u0103\u021bi<\/h3>\n<ul>\n<li>Confort direc\u021bionat &#8212; model unic de mapare a presiunii pentru suport \u0219i moliciune<\/li>\n<li>Extra-grosime &#8212; grosime de 7,6 cm pentru a absorbi orice denivelare<\/li>\n<li>Autogonflare &#8212; nucleul de spum\u0103 se extinde singur, sunt necesare doar c\u00e2teva sufl\u0103ri pentru a ob\u021bine fermitatea dorit\u0103<\/li>\n<li>Supap\u0103 TwinLock &#8212; sistem cu dou\u0103 supape unidirec\u021bionale (una pentru umflare, una pentru dezumflare)<\/li>\n<\/ul>\n<h3>Caracteristici<\/h3>\n<ul>\n<li>Greutate &#8212; 2330 g<\/li>\n<li>Tip izola\u021bie &#8212; spum\u0103 poliuretanic\u0103<\/li>\n<li>Lungime &#8212; 196 cm<\/li>\n<li>L\u0103\u021bime &#8212; 76 cm<\/li>\n<li>Grosime &#8212; 7,6 cm<\/li>\n<li>R-Value &#8212; 6<\/li>\n<li>Hus\u0103 de depozitare \u2014 inclus\u0103<\/li>\n<li>Dimensiuni \u00een stare pliat\u0103 &#8212; 70 x 26 cm<\/li>\n<\/ul>\n<p><\/p>\n<h3>Marca<\/h3>\n<p>Brandului Therm-a-Rest \u00eei apar\u021bine inova\u021bia \u00een domeniul invent\u0103rii saltelelor autogonflabile, motiv pentru care acesta ocup\u0103 o pozi\u021bie foarte puternic\u0103 pe pia\u021ba articolelor pentru recreere \u00een natur\u0103. Totu\u0219i, acesta nu ofer\u0103 doar saltele pentru dormit, ci \u0219i perne de drume\u021bie, izoprenuri stilate, perne gonflabile pentru \u0219ezut, \u0219ezlonguri compacte \u0219i scaune pliabile.<\/p>\n<p>Culorile vii, designul futurist \u0219i solu\u021biile constructive \u00eendr\u0103zne\u021be fac produsele brandului Therm-a-Rest recunoscibile \u00een \u00eentreaga lume, at\u00e2t printre c\u0103l\u0103torii pe distan\u021be lungi, c\u00e2t \u0219i printre cei care doresc s\u0103 \u00ee\u0219i petreac\u0103 weekendul \u00een natur\u0103 cu un nivel maxim de confort.<\/p>","protected":false},"excerpt":{"rendered":"<p>\u0411\u0440\u0435\u043d\u0434 \u0411\u0440\u0435\u043d\u0434\u0443 Therm-a-rest \u043f\u0440\u0438\u043d\u0430\u0434\u043b\u0435\u0436\u0438\u0442 \u043d\u043e\u0432\u0430\u0442\u043e\u0440\u0441\u0442\u0432\u043e \u0432 \u0441\u0444\u0435\u0440\u0435 \u0438\u0437\u043e\u0431\u0440\u0435\u0442\u0435\u043d\u0438\u044f \u0441\u0430\u043c\u043e\u043d\u0430\u0434\u0443\u0432\u0430\u044e\u0449\u0438\u0445\u0441\u044f \u043a\u043e\u0432\u0440\u0438\u043a\u043e\u0432, \u043f\u043e\u044d\u0442\u043e\u043c\u0443 Therm-a-rest \u043e\u0447\u0435\u043d\u044c \u043a\u043e\u043c\u0444\u043e\u0440\u0442\u043d\u043e \u0447\u0443\u0432\u0441\u0442\u0432\u0443\u0435\u0442 \u0441\u0435\u0431\u044f \u043d\u0430 \u0440\u044b\u043d\u043a\u0435 \u0442\u043e\u0432\u0430\u0440\u043e\u0432 \u0434\u043b\u044f \u043e\u0442\u0434\u044b\u0445\u0430 \u043d\u0430 \u043f\u0440\u0438\u0440\u043e\u0434\u0435. \u041d\u043e \u043e\u043d \u043f\u0440\u0435\u0434\u043b\u0430\u0433\u0430\u0435\u0442 \u043d\u0435 \u0442\u043e\u043b\u044c\u043a\u043e \u043c\u0430\u0442\u0440\u0430\u0446\u044b \u0434\u043b\u044f \u0441\u043d\u0430, \u043d\u043e \u0442\u0430\u043a \u0436\u0435 \u043f\u043e\u0445\u043e\u0434\u043d\u044b\u0435 \u043f\u043e\u0434\u0443\u0448\u043a\u0438, \u0441\u0442\u0438\u043b\u044c\u043d\u044b\u0435 \u043f\u0435\u043d\u043a\u0438, \u043d\u0430\u0434\u0443\u0432\u043d\u044b\u0435 \u0441\u0438\u0434\u0443\u0448\u043a\u0438, \u043a\u043e\u043c\u043f\u0430\u043a\u0442\u043d\u044b\u0435 \u043b\u0435\u0436\u0430\u043a\u0438, \u0441\u043a\u043b\u0430\u0434\u043d\u044b\u0435 \u043a\u0440\u0435\u0441\u043b\u0430. \u042f\u0440\u043a\u0438\u0435 \u0440\u0430\u0441\u0446\u0432\u0435\u0442\u043a\u0438, \u0444\u0443\u0442\u0443\u0440\u0438\u0441\u0442\u0438\u0447\u043d\u044b\u0439 \u0434\u0438\u0437\u0430\u0439\u043d \u0438 \u0441\u043c\u0435\u043b\u044b\u0435 \u043a\u043e\u043d\u0441\u0442\u0440\u0443\u043a\u0442\u043e\u0440\u0441\u043a\u0438\u0435 \u0440\u0435\u0448\u0435\u043d\u0438\u044f \u0434\u0435\u043b\u0430\u044e\u0442 \u043f\u0440\u043e\u0434\u0443\u043a\u0446\u0438\u044e \u0431\u0440\u0435\u043d\u0434\u0430 [&hellip;]<\/p>\n","protected":false},"featured_media":101576,"comment_status":"open","ping_status":"closed","template":"","meta":{"_acf_changed":false,"inline_featured_image":false},"product_brand":[1286],"product_cat":[202],"product_tag":[],"class_list":{"0":"post-97251","1":"product","2":"type-product","3":"status-publish","4":"has-post-thumbnail","6":"product_brand-therm-a-rest","7":"product_cat-self-inflating-mats","9":"first","10":"instock","11":"shipping-taxable","12":"purchasable","13":"product-type-simple"},"acf":[],"yoast_head":"<!-- This site is optimized with the Yoast SEO plugin v27.2 - https:\/\/yoast.com\/product\/yoast-seo-wordpress\/ -->\n<title>\u0421\u0430\u043c\u043e\u043d\u0430\u0434\u0443\u0432\u0430\u044e\u0449\u0438\u0439\u0441\u044f \u043a\u043e\u0432\u0440\u0438\u043a Therm-A-Rest Luxury Map Poseidon XL - \u041c\u0430\u0433\u0430\u0437\u0438\u043d Xstyle<\/title>\n<meta name=\"robots\" content=\"index, follow, max-snippet:-1, max-image-preview:large, max-video-preview:-1\" \/>\n<link rel=\"canonical\" href=\"https:\/\/xstyle.md\/ro\/produs\/samonaduvayushhijsya-kovrik-therm-a-rest-luxury-map-poseidon-xl\/\" \/>\n<meta property=\"og:locale\" content=\"ro_RO\" \/>\n<meta property=\"og:type\" content=\"article\" \/>\n<meta property=\"og:title\" content=\"\u0421\u0430\u043c\u043e\u043d\u0430\u0434\u0443\u0432\u0430\u044e\u0449\u0438\u0439\u0441\u044f \u043a\u043e\u0432\u0440\u0438\u043a Therm-A-Rest Luxury Map Poseidon XL - \u041c\u0430\u0433\u0430\u0437\u0438\u043d Xstyle\" \/>\n<meta property=\"og:description\" content=\"\u0411\u0440\u0435\u043d\u0434 \u0411\u0440\u0435\u043d\u0434\u0443 Therm-a-rest \u043f\u0440\u0438\u043d\u0430\u0434\u043b\u0435\u0436\u0438\u0442 \u043d\u043e\u0432\u0430\u0442\u043e\u0440\u0441\u0442\u0432\u043e \u0432 \u0441\u0444\u0435\u0440\u0435 \u0438\u0437\u043e\u0431\u0440\u0435\u0442\u0435\u043d\u0438\u044f \u0441\u0430\u043c\u043e\u043d\u0430\u0434\u0443\u0432\u0430\u044e\u0449\u0438\u0445\u0441\u044f \u043a\u043e\u0432\u0440\u0438\u043a\u043e\u0432, \u043f\u043e\u044d\u0442\u043e\u043c\u0443 Therm-a-rest \u043e\u0447\u0435\u043d\u044c \u043a\u043e\u043c\u0444\u043e\u0440\u0442\u043d\u043e \u0447\u0443\u0432\u0441\u0442\u0432\u0443\u0435\u0442 \u0441\u0435\u0431\u044f \u043d\u0430 \u0440\u044b\u043d\u043a\u0435 \u0442\u043e\u0432\u0430\u0440\u043e\u0432 \u0434\u043b\u044f \u043e\u0442\u0434\u044b\u0445\u0430 \u043d\u0430 \u043f\u0440\u0438\u0440\u043e\u0434\u0435. \u041d\u043e \u043e\u043d \u043f\u0440\u0435\u0434\u043b\u0430\u0433\u0430\u0435\u0442 \u043d\u0435 \u0442\u043e\u043b\u044c\u043a\u043e \u043c\u0430\u0442\u0440\u0430\u0446\u044b \u0434\u043b\u044f \u0441\u043d\u0430, \u043d\u043e \u0442\u0430\u043a \u0436\u0435 \u043f\u043e\u0445\u043e\u0434\u043d\u044b\u0435 \u043f\u043e\u0434\u0443\u0448\u043a\u0438, \u0441\u0442\u0438\u043b\u044c\u043d\u044b\u0435 \u043f\u0435\u043d\u043a\u0438, \u043d\u0430\u0434\u0443\u0432\u043d\u044b\u0435 \u0441\u0438\u0434\u0443\u0448\u043a\u0438, \u043a\u043e\u043c\u043f\u0430\u043a\u0442\u043d\u044b\u0435 \u043b\u0435\u0436\u0430\u043a\u0438, \u0441\u043a\u043b\u0430\u0434\u043d\u044b\u0435 \u043a\u0440\u0435\u0441\u043b\u0430. \u042f\u0440\u043a\u0438\u0435 \u0440\u0430\u0441\u0446\u0432\u0435\u0442\u043a\u0438, \u0444\u0443\u0442\u0443\u0440\u0438\u0441\u0442\u0438\u0447\u043d\u044b\u0439 \u0434\u0438\u0437\u0430\u0439\u043d \u0438 \u0441\u043c\u0435\u043b\u044b\u0435 \u043a\u043e\u043d\u0441\u0442\u0440\u0443\u043a\u0442\u043e\u0440\u0441\u043a\u0438\u0435 \u0440\u0435\u0448\u0435\u043d\u0438\u044f \u0434\u0435\u043b\u0430\u044e\u0442 \u043f\u0440\u043e\u0434\u0443\u043a\u0446\u0438\u044e \u0431\u0440\u0435\u043d\u0434\u0430 [&hellip;]\" \/>\n<meta property=\"og:url\" content=\"https:\/\/xstyle.md\/ro\/produs\/samonaduvayushhijsya-kovrik-therm-a-rest-luxury-map-poseidon-xl\/\" \/>\n<meta property=\"og:site_name\" content=\"\u041c\u0430\u0433\u0430\u0437\u0438\u043d Xstyle\" \/>\n<meta property=\"article:publisher\" content=\"https:\/\/www.facebook.com\/xstylemd\" \/>\n<meta property=\"article:modified_time\" content=\"2026-03-19T14:37:11+00:00\" \/>\n<meta property=\"og:image\" content=\"https:\/\/xstyle.md\/wp-content\/uploads\/2025\/10\/therm-a-rest-luxury-map-poseidon-xl-1.webp\" \/>\n\t<meta property=\"og:image:width\" content=\"1200\" \/>\n\t<meta property=\"og:image:height\" content=\"1200\" \/>\n\t<meta property=\"og:image:type\" content=\"image\/webp\" \/>\n<meta name=\"twitter:card\" content=\"summary_large_image\" \/>\n<meta name=\"twitter:label1\" content=\"Pre\u021b\" \/>\n\t<meta name=\"twitter:data1\" content=\"4.190&nbsp;MDL\" \/>\n\t<meta name=\"twitter:label2\" content=\"Disponibilitate\" \/>\n\t<meta name=\"twitter:data2\" content=\"\u00cen stoc\" \/>\n<script type=\"application\/ld+json\" class=\"yoast-schema-graph\">{\"@context\":\"https:\/\/schema.org\",\"@graph\":[{\"@type\":\"WebPage\",\"@id\":\"https:\/\/xstyle.md\/product\/samonaduvayushhijsya-kovrik-therm-a-rest-luxury-map-poseidon-xl\/\",\"url\":\"https:\/\/xstyle.md\/product\/samonaduvayushhijsya-kovrik-therm-a-rest-luxury-map-poseidon-xl\/\",\"name\":\"\u0421\u0430\u043c\u043e\u043d\u0430\u0434\u0443\u0432\u0430\u044e\u0449\u0438\u0439\u0441\u044f \u043a\u043e\u0432\u0440\u0438\u043a Therm-A-Rest Luxury Map Poseidon XL - \u041c\u0430\u0433\u0430\u0437\u0438\u043d Xstyle\",\"isPartOf\":{\"@id\":\"https:\/\/xstyle.md\/#website\"},\"primaryImageOfPage\":{\"@id\":\"https:\/\/xstyle.md\/product\/samonaduvayushhijsya-kovrik-therm-a-rest-luxury-map-poseidon-xl\/#primaryimage\"},\"image\":{\"@id\":\"https:\/\/xstyle.md\/product\/samonaduvayushhijsya-kovrik-therm-a-rest-luxury-map-poseidon-xl\/#primaryimage\"},\"thumbnailUrl\":\"https:\/\/xstyle.md\/wp-content\/uploads\/2025\/10\/therm-a-rest-luxury-map-poseidon-xl-1.webp\",\"datePublished\":\"2025-10-23T14:36:43+00:00\",\"dateModified\":\"2026-03-19T14:37:11+00:00\",\"breadcrumb\":{\"@id\":\"https:\/\/xstyle.md\/product\/samonaduvayushhijsya-kovrik-therm-a-rest-luxury-map-poseidon-xl\/#breadcrumb\"},\"inLanguage\":\"ro-RO\",\"potentialAction\":[{\"@type\":\"ReadAction\",\"target\":[\"https:\/\/xstyle.md\/product\/samonaduvayushhijsya-kovrik-therm-a-rest-luxury-map-poseidon-xl\/\"]}]},{\"@type\":\"ImageObject\",\"inLanguage\":\"ro-RO\",\"@id\":\"https:\/\/xstyle.md\/product\/samonaduvayushhijsya-kovrik-therm-a-rest-luxury-map-poseidon-xl\/#primaryimage\",\"url\":\"https:\/\/xstyle.md\/wp-content\/uploads\/2025\/10\/therm-a-rest-luxury-map-poseidon-xl-1.webp\",\"contentUrl\":\"https:\/\/xstyle.md\/wp-content\/uploads\/2025\/10\/therm-a-rest-luxury-map-poseidon-xl-1.webp\",\"width\":1200,\"height\":1200,\"caption\":\"\u0421\u0430\u043c\u043e\u043d\u0430\u0434\u0443\u0432\u0430\u044e\u0449\u0438\u0439\u0441\u044f \u043a\u043e\u0432\u0440\u0438\u043a Therm-A-Rest Luxury Map Poseidon XL \u0434\u043b\u044f \u0430\u043a\u0442\u0438\u0432\u043d\u043e\u0433\u043e \u043e\u0442\u0434\u044b\u0445\u0430 \u043f\u043e\u0445\u043e\u0434\u043e\u0432 \u0442\u0443\u0440\u0438\u0437\u043c\u0430 \u0438 \u043f\u0443\u0442\u0435\u0448\u0435\u0441\u0442\u0432\u0438\u0439, \u043a\u043e\u043c\u0444\u043e\u0440\u0442\u043d\u044b\u0435 \u0442\u043e\u0432\u0430\u0440\u044b \u0434\u043b\u044f \u043e\u0442\u0434\u044b\u0445\u0430 \u0438 \u0441\u043d\u0430\u0440\u044f\u0436\u0435\u043d\u0438\u044f \u0432 \u0438\u043d\u0442\u0435\u0440\u043d\u0435\u0442-\u043c\u0430\u0433\u0430\u0437\u0438\u043d\u0435 \u0430\u043a\u0442\u0438\u0432\u043d\u043e\u0439 \u0436\u0438\u0437\u043d\u0438\"},{\"@type\":\"BreadcrumbList\",\"@id\":\"https:\/\/xstyle.md\/product\/samonaduvayushhijsya-kovrik-therm-a-rest-luxury-map-poseidon-xl\/#breadcrumb\",\"itemListElement\":[{\"@type\":\"ListItem\",\"position\":1,\"name\":\"\u0413\u043b\u0430\u0432\u043d\u0430\u044f \u0441\u0442\u0440\u0430\u043d\u0438\u0446\u0430\",\"item\":\"https:\/\/xstyle.md\/\"},{\"@type\":\"ListItem\",\"position\":2,\"name\":\"\u041c\u0430\u0433\u0430\u0437\u0438\u043d\",\"item\":\"https:\/\/xstyle.md\/shop\/\"},{\"@type\":\"ListItem\",\"position\":3,\"name\":\"\u0421\u0430\u043c\u043e\u043d\u0430\u0434\u0443\u0432\u0430\u044e\u0449\u0438\u0439\u0441\u044f \u043a\u043e\u0432\u0440\u0438\u043a Therm-A-Rest Luxury Map Poseidon XL\"}]},{\"@type\":\"WebSite\",\"@id\":\"https:\/\/xstyle.md\/#website\",\"url\":\"https:\/\/xstyle.md\/\",\"name\":\"\u041c\u0430\u0433\u0430\u0437\u0438\u043d Xstyle\",\"description\":\"C\u043d\u0430\u0440\u044f\u0436\u0435\u043d\u0438\u0435 \u0434\u043b\u044f \u0442\u0443\u0440\u0438\u0437\u043c\u0430 \u0438 \u044d\u043a\u0441\u0442\u0440\u0435\u043c\u0430\u043b\u044c\u043d\u044b\u0445 \u0432\u0438\u0434\u043e\u0432 \u0441\u043f\u043e\u0440\u0442\u0430 \u0432 \u041c\u043e\u043b\u0434\u043e\u0432\u0435.. \u0426\u0435\u043d\u044b, \u0444\u043e\u0442\u043e, \u0445\u0430\u0440\u0430\u043a\u0442\u0435\u0440\u0438\u0441\u0442\u0438\u043a\u0438 \u0432 \u041c\u043e\u043b\u0434\u043e\u0432\u0435.\",\"publisher\":{\"@id\":\"https:\/\/xstyle.md\/#organization\"},\"alternateName\":\"X-Style\",\"potentialAction\":[{\"@type\":\"SearchAction\",\"target\":{\"@type\":\"EntryPoint\",\"urlTemplate\":\"https:\/\/xstyle.md\/?s={search_term_string}\"},\"query-input\":{\"@type\":\"PropertyValueSpecification\",\"valueRequired\":true,\"valueName\":\"search_term_string\"}}],\"inLanguage\":\"ro-RO\"},{\"@type\":\"Organization\",\"@id\":\"https:\/\/xstyle.md\/#organization\",\"name\":\"\u041c\u0430\u0433\u0430\u0437\u0438\u043d Xstyle\",\"alternateName\":\"x-style\",\"url\":\"https:\/\/xstyle.md\/\",\"logo\":{\"@type\":\"ImageObject\",\"inLanguage\":\"ro-RO\",\"@id\":\"https:\/\/xstyle.md\/#\/schema\/logo\/image\/\",\"url\":\"https:\/\/xstyle.md\/wp-content\/uploads\/2020\/06\/logoicon.svg\",\"contentUrl\":\"https:\/\/xstyle.md\/wp-content\/uploads\/2020\/06\/logoicon.svg\",\"caption\":\"\u041c\u0430\u0433\u0430\u0437\u0438\u043d Xstyle\"},\"image\":{\"@id\":\"https:\/\/xstyle.md\/#\/schema\/logo\/image\/\"},\"sameAs\":[\"https:\/\/www.facebook.com\/xstylemd\",\"https:\/\/www.instagram.com\/xstyle_md\/\",\"https:\/\/t.me\/xstyle_outdoor\"],\"hasMerchantReturnPolicy\":{\"@type\":\"MerchantReturnPolicy\",\"merchantReturnLink\":\"https:\/\/xstyle.md\/ro\/conditions\/\"}}]}<\/script>\n<meta property=\"product:price:amount\" content=\"4190.00\" \/>\n<meta property=\"product:price:currency\" content=\"MDL\" \/>\n<meta property=\"og:availability\" content=\"instock\" \/>\n<meta property=\"product:availability\" content=\"instock\" \/>\n<meta property=\"product:retailer_item_id\" content=\"40818140291\" \/>\n<meta property=\"product:condition\" content=\"new\" \/>\n<!-- \/ Yoast SEO plugin. -->","yoast_head_json":{"title":"\u0421\u0430\u043c\u043e\u043d\u0430\u0434\u0443\u0432\u0430\u044e\u0449\u0438\u0439\u0441\u044f \u043a\u043e\u0432\u0440\u0438\u043a Therm-A-Rest Luxury Map Poseidon XL - \u041c\u0430\u0433\u0430\u0437\u0438\u043d Xstyle","robots":{"index":"index","follow":"follow","max-snippet":"max-snippet:-1","max-image-preview":"max-image-preview:large","max-video-preview":"max-video-preview:-1"},"canonical":"https:\/\/xstyle.md\/ro\/produs\/samonaduvayushhijsya-kovrik-therm-a-rest-luxury-map-poseidon-xl\/","og_locale":"ro_RO","og_type":"article","og_title":"\u0421\u0430\u043c\u043e\u043d\u0430\u0434\u0443\u0432\u0430\u044e\u0449\u0438\u0439\u0441\u044f \u043a\u043e\u0432\u0440\u0438\u043a Therm-A-Rest Luxury Map Poseidon XL - \u041c\u0430\u0433\u0430\u0437\u0438\u043d Xstyle","og_description":"\u0411\u0440\u0435\u043d\u0434 \u0411\u0440\u0435\u043d\u0434\u0443 Therm-a-rest \u043f\u0440\u0438\u043d\u0430\u0434\u043b\u0435\u0436\u0438\u0442 \u043d\u043e\u0432\u0430\u0442\u043e\u0440\u0441\u0442\u0432\u043e \u0432 \u0441\u0444\u0435\u0440\u0435 \u0438\u0437\u043e\u0431\u0440\u0435\u0442\u0435\u043d\u0438\u044f \u0441\u0430\u043c\u043e\u043d\u0430\u0434\u0443\u0432\u0430\u044e\u0449\u0438\u0445\u0441\u044f \u043a\u043e\u0432\u0440\u0438\u043a\u043e\u0432, \u043f\u043e\u044d\u0442\u043e\u043c\u0443 Therm-a-rest \u043e\u0447\u0435\u043d\u044c \u043a\u043e\u043c\u0444\u043e\u0440\u0442\u043d\u043e \u0447\u0443\u0432\u0441\u0442\u0432\u0443\u0435\u0442 \u0441\u0435\u0431\u044f \u043d\u0430 \u0440\u044b\u043d\u043a\u0435 \u0442\u043e\u0432\u0430\u0440\u043e\u0432 \u0434\u043b\u044f \u043e\u0442\u0434\u044b\u0445\u0430 \u043d\u0430 \u043f\u0440\u0438\u0440\u043e\u0434\u0435. \u041d\u043e \u043e\u043d \u043f\u0440\u0435\u0434\u043b\u0430\u0433\u0430\u0435\u0442 \u043d\u0435 \u0442\u043e\u043b\u044c\u043a\u043e \u043c\u0430\u0442\u0440\u0430\u0446\u044b \u0434\u043b\u044f \u0441\u043d\u0430, \u043d\u043e \u0442\u0430\u043a \u0436\u0435 \u043f\u043e\u0445\u043e\u0434\u043d\u044b\u0435 \u043f\u043e\u0434\u0443\u0448\u043a\u0438, \u0441\u0442\u0438\u043b\u044c\u043d\u044b\u0435 \u043f\u0435\u043d\u043a\u0438, \u043d\u0430\u0434\u0443\u0432\u043d\u044b\u0435 \u0441\u0438\u0434\u0443\u0448\u043a\u0438, \u043a\u043e\u043c\u043f\u0430\u043a\u0442\u043d\u044b\u0435 \u043b\u0435\u0436\u0430\u043a\u0438, \u0441\u043a\u043b\u0430\u0434\u043d\u044b\u0435 \u043a\u0440\u0435\u0441\u043b\u0430. \u042f\u0440\u043a\u0438\u0435 \u0440\u0430\u0441\u0446\u0432\u0435\u0442\u043a\u0438, \u0444\u0443\u0442\u0443\u0440\u0438\u0441\u0442\u0438\u0447\u043d\u044b\u0439 \u0434\u0438\u0437\u0430\u0439\u043d \u0438 \u0441\u043c\u0435\u043b\u044b\u0435 \u043a\u043e\u043d\u0441\u0442\u0440\u0443\u043a\u0442\u043e\u0440\u0441\u043a\u0438\u0435 \u0440\u0435\u0448\u0435\u043d\u0438\u044f \u0434\u0435\u043b\u0430\u044e\u0442 \u043f\u0440\u043e\u0434\u0443\u043a\u0446\u0438\u044e \u0431\u0440\u0435\u043d\u0434\u0430 [&hellip;]","og_url":"https:\/\/xstyle.md\/ro\/produs\/samonaduvayushhijsya-kovrik-therm-a-rest-luxury-map-poseidon-xl\/","og_site_name":"\u041c\u0430\u0433\u0430\u0437\u0438\u043d Xstyle","article_publisher":"https:\/\/www.facebook.com\/xstylemd","article_modified_time":"2026-03-19T14:37:11+00:00","og_image":[{"width":1200,"height":1200,"url":"https:\/\/xstyle.md\/wp-content\/uploads\/2025\/10\/therm-a-rest-luxury-map-poseidon-xl-1.webp","type":"image\/webp"}],"twitter_card":"summary_large_image","twitter_misc":{"Pre\u021b":"4.190&nbsp;MDL","Disponibilitate":"\u00cen stoc"},"schema":{"@context":"https:\/\/schema.org","@graph":[{"@type":"WebPage","@id":"https:\/\/xstyle.md\/product\/samonaduvayushhijsya-kovrik-therm-a-rest-luxury-map-poseidon-xl\/","url":"https:\/\/xstyle.md\/product\/samonaduvayushhijsya-kovrik-therm-a-rest-luxury-map-poseidon-xl\/","name":"\u0421\u0430\u043c\u043e\u043d\u0430\u0434\u0443\u0432\u0430\u044e\u0449\u0438\u0439\u0441\u044f \u043a\u043e\u0432\u0440\u0438\u043a Therm-A-Rest Luxury Map Poseidon XL - \u041c\u0430\u0433\u0430\u0437\u0438\u043d Xstyle","isPartOf":{"@id":"https:\/\/xstyle.md\/#website"},"primaryImageOfPage":{"@id":"https:\/\/xstyle.md\/product\/samonaduvayushhijsya-kovrik-therm-a-rest-luxury-map-poseidon-xl\/#primaryimage"},"image":{"@id":"https:\/\/xstyle.md\/product\/samonaduvayushhijsya-kovrik-therm-a-rest-luxury-map-poseidon-xl\/#primaryimage"},"thumbnailUrl":"https:\/\/xstyle.md\/wp-content\/uploads\/2025\/10\/therm-a-rest-luxury-map-poseidon-xl-1.webp","datePublished":"2025-10-23T14:36:43+00:00","dateModified":"2026-03-19T14:37:11+00:00","breadcrumb":{"@id":"https:\/\/xstyle.md\/product\/samonaduvayushhijsya-kovrik-therm-a-rest-luxury-map-poseidon-xl\/#breadcrumb"},"inLanguage":"ro-RO","potentialAction":[{"@type":"ReadAction","target":["https:\/\/xstyle.md\/product\/samonaduvayushhijsya-kovrik-therm-a-rest-luxury-map-poseidon-xl\/"]}]},{"@type":"ImageObject","inLanguage":"ro-RO","@id":"https:\/\/xstyle.md\/product\/samonaduvayushhijsya-kovrik-therm-a-rest-luxury-map-poseidon-xl\/#primaryimage","url":"https:\/\/xstyle.md\/wp-content\/uploads\/2025\/10\/therm-a-rest-luxury-map-poseidon-xl-1.webp","contentUrl":"https:\/\/xstyle.md\/wp-content\/uploads\/2025\/10\/therm-a-rest-luxury-map-poseidon-xl-1.webp","width":1200,"height":1200,"caption":"\u0421\u0430\u043c\u043e\u043d\u0430\u0434\u0443\u0432\u0430\u044e\u0449\u0438\u0439\u0441\u044f \u043a\u043e\u0432\u0440\u0438\u043a Therm-A-Rest Luxury Map Poseidon XL \u0434\u043b\u044f \u0430\u043a\u0442\u0438\u0432\u043d\u043e\u0433\u043e \u043e\u0442\u0434\u044b\u0445\u0430 \u043f\u043e\u0445\u043e\u0434\u043e\u0432 \u0442\u0443\u0440\u0438\u0437\u043c\u0430 \u0438 \u043f\u0443\u0442\u0435\u0448\u0435\u0441\u0442\u0432\u0438\u0439, \u043a\u043e\u043c\u0444\u043e\u0440\u0442\u043d\u044b\u0435 \u0442\u043e\u0432\u0430\u0440\u044b \u0434\u043b\u044f \u043e\u0442\u0434\u044b\u0445\u0430 \u0438 \u0441\u043d\u0430\u0440\u044f\u0436\u0435\u043d\u0438\u044f \u0432 \u0438\u043d\u0442\u0435\u0440\u043d\u0435\u0442-\u043c\u0430\u0433\u0430\u0437\u0438\u043d\u0435 \u0430\u043a\u0442\u0438\u0432\u043d\u043e\u0439 \u0436\u0438\u0437\u043d\u0438"},{"@type":"BreadcrumbList","@id":"https:\/\/xstyle.md\/product\/samonaduvayushhijsya-kovrik-therm-a-rest-luxury-map-poseidon-xl\/#breadcrumb","itemListElement":[{"@type":"ListItem","position":1,"name":"\u0413\u043b\u0430\u0432\u043d\u0430\u044f \u0441\u0442\u0440\u0430\u043d\u0438\u0446\u0430","item":"https:\/\/xstyle.md\/"},{"@type":"ListItem","position":2,"name":"\u041c\u0430\u0433\u0430\u0437\u0438\u043d","item":"https:\/\/xstyle.md\/shop\/"},{"@type":"ListItem","position":3,"name":"\u0421\u0430\u043c\u043e\u043d\u0430\u0434\u0443\u0432\u0430\u044e\u0449\u0438\u0439\u0441\u044f \u043a\u043e\u0432\u0440\u0438\u043a Therm-A-Rest Luxury Map Poseidon XL"}]},{"@type":"WebSite","@id":"https:\/\/xstyle.md\/#website","url":"https:\/\/xstyle.md\/","name":"Magazinul X-Style","description":"Echipamente pentru turism \u0219i sporturi extreme \u00een Moldova. Pre\u021buri, fotografii, caracteristici \u00een Moldova.","publisher":{"@id":"https:\/\/xstyle.md\/#organization"},"alternateName":"X-Style","potentialAction":[{"@type":"SearchAction","target":{"@type":"EntryPoint","urlTemplate":"https:\/\/xstyle.md\/?s={search_term_string}"},"query-input":{"@type":"PropertyValueSpecification","valueRequired":true,"valueName":"search_term_string"}}],"inLanguage":"ro-RO"},{"@type":"Organization","@id":"https:\/\/xstyle.md\/#organization","name":"Magazinul X-Style","alternateName":"x-style","url":"https:\/\/xstyle.md\/","logo":{"@type":"ImageObject","inLanguage":"ro-RO","@id":"https:\/\/xstyle.md\/#\/schema\/logo\/image\/","url":"https:\/\/xstyle.md\/wp-content\/uploads\/2020\/06\/logoicon.svg","contentUrl":"https:\/\/xstyle.md\/wp-content\/uploads\/2020\/06\/logoicon.svg","caption":"\u041c\u0430\u0433\u0430\u0437\u0438\u043d Xstyle"},"image":{"@id":"https:\/\/xstyle.md\/#\/schema\/logo\/image\/"},"sameAs":["https:\/\/www.facebook.com\/xstylemd","https:\/\/www.instagram.com\/xstyle_md\/","https:\/\/t.me\/xstyle_outdoor"],"hasMerchantReturnPolicy":{"@type":"MerchantReturnPolicy","merchantReturnLink":"https:\/\/xstyle.md\/ro\/conditions\/"}}]},"product_price_amount":"4190.00","product_price_currency":"MDL","og_availability":"instock","product_availability":"instock","product_retailer_item_id":"40818140291","product_condition":"new"},"post_mailing_queue_ids":[],"_links":{"self":[{"href":"https:\/\/xstyle.md\/ro\/wp-json\/wp\/v2\/product\/97251","targetHints":{"allow":["GET"]}}],"collection":[{"href":"https:\/\/xstyle.md\/ro\/wp-json\/wp\/v2\/product"}],"about":[{"href":"https:\/\/xstyle.md\/ro\/wp-json\/wp\/v2\/types\/product"}],"replies":[{"embeddable":true,"href":"https:\/\/xstyle.md\/ro\/wp-json\/wp\/v2\/comments?post=97251"}],"wp:featuredmedia":[{"embeddable":true,"href":"https:\/\/xstyle.md\/ro\/wp-json\/wp\/v2\/media\/101576"}],"wp:attachment":[{"href":"https:\/\/xstyle.md\/ro\/wp-json\/wp\/v2\/media?parent=97251"}],"wp:term":[{"taxonomy":"product_brand","embeddable":true,"href":"https:\/\/xstyle.md\/ro\/wp-json\/wp\/v2\/product_brand?post=97251"},{"taxonomy":"product_cat","embeddable":true,"href":"https:\/\/xstyle.md\/ro\/wp-json\/wp\/v2\/product_cat?post=97251"},{"taxonomy":"product_tag","embeddable":true,"href":"https:\/\/xstyle.md\/ro\/wp-json\/wp\/v2\/product_tag?post=97251"}],"curies":[{"name":"wp","href":"https:\/\/api.w.org\/{rel}","templated":true}]}}