{"id":97250,"date":"2025-10-23T17:36:42","date_gmt":"2025-10-23T14:36:42","guid":{"rendered":"https:\/\/xstyle.md\/?post_type=product&#038;p=97250"},"modified":"2026-04-01T16:28:41","modified_gmt":"2026-04-01T13:28:41","slug":"podushka-therm-a-rest-compressible-pillow-regular","status":"publish","type":"product","link":"https:\/\/xstyle.md\/ro\/produs\/podushka-therm-a-rest-compressible-pillow-regular\/","title":{"rendered":"Pern\u0103 Therm-A-Rest Compressible Pillow Regular"},"content":{"rendered":"<\/p>\n<p><strong>Therm-A-Rest Compressible Pillow Regular<\/strong> &#8212; este versiunea actualizat\u0103 a pernei clasice de voiaj, devenind \u0219i mai confortabil\u0103 datorit\u0103 sistemului de reglare a fermit\u0103\u021bii. Modelul \u00een culoarea Outerspace (albastru \u00eenchis) este ideal pentru camping, c\u0103l\u0103torii lungi cu ma\u0219ina sau zboruri cu avionul. Caracteristica principal\u0103 a seriei Cinch este posibilitatea de a ajusta \u00een\u0103l\u021bimea \u0219i densitatea pernei dup\u0103 propriile preferin\u021be, cu ajutorul unui \u0219nur reglabil.<\/p>\n<h3>Particularit\u0103\u021bi<\/h3>\n<ul>\n<li>Compactitate \u2014 perna se comprim\u0103 u\u0219or \u0219i se \u00eempacheteaz\u0103 \u00een propria hus\u0103, ocup\u00e2nd un spa\u021biu minim \u00een rucsac<\/li>\n<li>Strat suplimentar de confort \u2014 stratul superior de umplutur\u0103 creeaz\u0103 o suprafa\u021b\u0103 neted\u0103, f\u0103r\u0103 cocoloa\u0219e<\/li>\n<li>\u00centre\u021binere u\u0219oar\u0103 \u2014 perna poate fi sp\u0103lat\u0103 integral \u00een ma\u0219ina de sp\u0103lat (dup\u0103 sp\u0103lare, spuma \u00ee\u0219i recap\u0103t\u0103 volumul \u0219i mai bine)<\/li>\n<li>Sustenabilitate \u2014 utilizarea materialelor reciclate reduce impactul asupra mediului \u00eenconjur\u0103tor<\/li>\n<\/ul>\n<h3>Caracteristici<\/h3>\n<ul>\n<li>Greutate \u2014 aproximativ 315 g<\/li>\n<li>Dimensiuni \u2014 46 x 33 x 15 \u0441\u043c<\/li>\n<li>Material hus\u0103 \u2014 100% poliester reciclat<\/li>\n<\/ul>\n<h3>Tehnologii<\/h3>\n<ul>\n<li><strong>Cinch Cord<\/strong> \u2014 un \u0219nur elastic cu opritor permite schimbarea instantanee a nivelului de suport: de la moale la ferm<\/li>\n<li><strong>Upcycled Foam<\/strong> \u2014 umplutura este realizat\u0103 din spum\u0103 ultra-moale, recuperat\u0103 din procesul de produc\u021bie al saltelelor autogonflabile Therm-a-Rest. Acest lucru face produsul sustenabil \u0219i durabil<\/li>\n<li><strong>Soft Polyester Cover<\/strong> \u2014 husa este fabricat\u0103 din poliester reciclat moale, fiind pl\u0103cut\u0103 la atingere \u0219i asigur\u00e2nd un somn confortabil<\/li>\n<\/ul>\n<p><\/p>\n<h3>Marca<\/h3>\n<p>Brandului Therm-a-Rest \u00eei apar\u021bine inova\u021bia \u00een domeniul invent\u0103rii saltelelor autogonflabile, motiv pentru care acesta ocup\u0103 o pozi\u021bie foarte puternic\u0103 pe pia\u021ba articolelor pentru recreere \u00een natur\u0103. Totu\u0219i, acesta nu ofer\u0103 doar saltele pentru dormit, ci \u0219i perne de drume\u021bie, izoprenuri stilate, perne gonflabile pentru \u0219ezut, \u0219ezlonguri compacte \u0219i scaune pliabile.<\/p>\n<p>Culorile vii, designul futurist \u0219i solu\u021biile constructive \u00eendr\u0103zne\u021be fac produsele brandului Therm-a-Rest recunoscibile \u00een \u00eentreaga lume, at\u00e2t printre c\u0103l\u0103torii pe distan\u021be lungi, c\u00e2t \u0219i printre cei care doresc s\u0103 \u00ee\u0219i petreac\u0103 weekendul \u00een natur\u0103 cu un nivel maxim de confort.<\/p>","protected":false},"excerpt":{"rendered":"<p>\u0411\u0440\u0435\u043d\u0434 \u0411\u0440\u0435\u043d\u0434\u0443 Therm-a-rest \u043f\u0440\u0438\u043d\u0430\u0434\u043b\u0435\u0436\u0438\u0442 \u043d\u043e\u0432\u0430\u0442\u043e\u0440\u0441\u0442\u0432\u043e \u0432 \u0441\u0444\u0435\u0440\u0435 \u0438\u0437\u043e\u0431\u0440\u0435\u0442\u0435\u043d\u0438\u044f \u0441\u0430\u043c\u043e\u043d\u0430\u0434\u0443\u0432\u0430\u044e\u0449\u0438\u0445\u0441\u044f \u043a\u043e\u0432\u0440\u0438\u043a\u043e\u0432, \u043f\u043e\u044d\u0442\u043e\u043c\u0443 Therm-a-rest \u043e\u0447\u0435\u043d\u044c \u043a\u043e\u043c\u0444\u043e\u0440\u0442\u043d\u043e \u0447\u0443\u0432\u0441\u0442\u0432\u0443\u0435\u0442 \u0441\u0435\u0431\u044f \u043d\u0430 \u0440\u044b\u043d\u043a\u0435 \u0442\u043e\u0432\u0430\u0440\u043e\u0432 \u0434\u043b\u044f \u043e\u0442\u0434\u044b\u0445\u0430 \u043d\u0430 \u043f\u0440\u0438\u0440\u043e\u0434\u0435. \u041d\u043e \u043e\u043d \u043f\u0440\u0435\u0434\u043b\u0430\u0433\u0430\u0435\u0442 \u043d\u0435 \u0442\u043e\u043b\u044c\u043a\u043e \u043c\u0430\u0442\u0440\u0430\u0446\u044b \u0434\u043b\u044f \u0441\u043d\u0430, \u043d\u043e \u0442\u0430\u043a \u0436\u0435 \u043f\u043e\u0445\u043e\u0434\u043d\u044b\u0435 \u043f\u043e\u0434\u0443\u0448\u043a\u0438, \u0441\u0442\u0438\u043b\u044c\u043d\u044b\u0435 \u043f\u0435\u043d\u043a\u0438, \u043d\u0430\u0434\u0443\u0432\u043d\u044b\u0435 \u0441\u0438\u0434\u0443\u0448\u043a\u0438, \u043a\u043e\u043c\u043f\u0430\u043a\u0442\u043d\u044b\u0435 \u043b\u0435\u0436\u0430\u043a\u0438, \u0441\u043a\u043b\u0430\u0434\u043d\u044b\u0435 \u043a\u0440\u0435\u0441\u043b\u0430. \u042f\u0440\u043a\u0438\u0435 \u0440\u0430\u0441\u0446\u0432\u0435\u0442\u043a\u0438, \u0444\u0443\u0442\u0443\u0440\u0438\u0441\u0442\u0438\u0447\u043d\u044b\u0439 \u0434\u0438\u0437\u0430\u0439\u043d \u0438 \u0441\u043c\u0435\u043b\u044b\u0435 \u043a\u043e\u043d\u0441\u0442\u0440\u0443\u043a\u0442\u043e\u0440\u0441\u043a\u0438\u0435 \u0440\u0435\u0448\u0435\u043d\u0438\u044f \u0434\u0435\u043b\u0430\u044e\u0442 \u043f\u0440\u043e\u0434\u0443\u043a\u0446\u0438\u044e \u0431\u0440\u0435\u043d\u0434\u0430 [&hellip;]<\/p>\n","protected":false},"featured_media":104647,"comment_status":"open","ping_status":"closed","template":"","meta":{"_acf_changed":false,"inline_featured_image":false},"product_brand":[1286],"product_cat":[207],"product_tag":[],"class_list":{"0":"post-97250","1":"product","2":"type-product","3":"status-publish","4":"has-post-thumbnail","6":"product_brand-therm-a-rest","7":"product_cat-pillows-headrests","9":"first","10":"instock","11":"shipping-taxable","12":"purchasable","13":"product-type-simple"},"acf":[],"yoast_head":"<!-- This site is optimized with the Yoast SEO plugin v27.2 - https:\/\/yoast.com\/product\/yoast-seo-wordpress\/ -->\n<title>\u041f\u043e\u0434\u0443\u0448\u043a\u0430 Therm-A-Rest Compressible Pillow Regular - \u041c\u0430\u0433\u0430\u0437\u0438\u043d Xstyle<\/title>\n<meta name=\"robots\" content=\"index, follow, max-snippet:-1, max-image-preview:large, max-video-preview:-1\" \/>\n<link rel=\"canonical\" href=\"https:\/\/xstyle.md\/ro\/produs\/podushka-therm-a-rest-compressible-pillow-regular\/\" \/>\n<meta property=\"og:locale\" content=\"ro_RO\" \/>\n<meta property=\"og:type\" content=\"article\" \/>\n<meta property=\"og:title\" content=\"\u041f\u043e\u0434\u0443\u0448\u043a\u0430 Therm-A-Rest Compressible Pillow Regular - \u041c\u0430\u0433\u0430\u0437\u0438\u043d Xstyle\" \/>\n<meta property=\"og:description\" content=\"\u0411\u0440\u0435\u043d\u0434 \u0411\u0440\u0435\u043d\u0434\u0443 Therm-a-rest \u043f\u0440\u0438\u043d\u0430\u0434\u043b\u0435\u0436\u0438\u0442 \u043d\u043e\u0432\u0430\u0442\u043e\u0440\u0441\u0442\u0432\u043e \u0432 \u0441\u0444\u0435\u0440\u0435 \u0438\u0437\u043e\u0431\u0440\u0435\u0442\u0435\u043d\u0438\u044f \u0441\u0430\u043c\u043e\u043d\u0430\u0434\u0443\u0432\u0430\u044e\u0449\u0438\u0445\u0441\u044f \u043a\u043e\u0432\u0440\u0438\u043a\u043e\u0432, \u043f\u043e\u044d\u0442\u043e\u043c\u0443 Therm-a-rest \u043e\u0447\u0435\u043d\u044c \u043a\u043e\u043c\u0444\u043e\u0440\u0442\u043d\u043e \u0447\u0443\u0432\u0441\u0442\u0432\u0443\u0435\u0442 \u0441\u0435\u0431\u044f \u043d\u0430 \u0440\u044b\u043d\u043a\u0435 \u0442\u043e\u0432\u0430\u0440\u043e\u0432 \u0434\u043b\u044f \u043e\u0442\u0434\u044b\u0445\u0430 \u043d\u0430 \u043f\u0440\u0438\u0440\u043e\u0434\u0435. \u041d\u043e \u043e\u043d \u043f\u0440\u0435\u0434\u043b\u0430\u0433\u0430\u0435\u0442 \u043d\u0435 \u0442\u043e\u043b\u044c\u043a\u043e \u043c\u0430\u0442\u0440\u0430\u0446\u044b \u0434\u043b\u044f \u0441\u043d\u0430, \u043d\u043e \u0442\u0430\u043a \u0436\u0435 \u043f\u043e\u0445\u043e\u0434\u043d\u044b\u0435 \u043f\u043e\u0434\u0443\u0448\u043a\u0438, \u0441\u0442\u0438\u043b\u044c\u043d\u044b\u0435 \u043f\u0435\u043d\u043a\u0438, \u043d\u0430\u0434\u0443\u0432\u043d\u044b\u0435 \u0441\u0438\u0434\u0443\u0448\u043a\u0438, \u043a\u043e\u043c\u043f\u0430\u043a\u0442\u043d\u044b\u0435 \u043b\u0435\u0436\u0430\u043a\u0438, \u0441\u043a\u043b\u0430\u0434\u043d\u044b\u0435 \u043a\u0440\u0435\u0441\u043b\u0430. \u042f\u0440\u043a\u0438\u0435 \u0440\u0430\u0441\u0446\u0432\u0435\u0442\u043a\u0438, \u0444\u0443\u0442\u0443\u0440\u0438\u0441\u0442\u0438\u0447\u043d\u044b\u0439 \u0434\u0438\u0437\u0430\u0439\u043d \u0438 \u0441\u043c\u0435\u043b\u044b\u0435 \u043a\u043e\u043d\u0441\u0442\u0440\u0443\u043a\u0442\u043e\u0440\u0441\u043a\u0438\u0435 \u0440\u0435\u0448\u0435\u043d\u0438\u044f \u0434\u0435\u043b\u0430\u044e\u0442 \u043f\u0440\u043e\u0434\u0443\u043a\u0446\u0438\u044e \u0431\u0440\u0435\u043d\u0434\u0430 [&hellip;]\" \/>\n<meta property=\"og:url\" content=\"https:\/\/xstyle.md\/ro\/produs\/podushka-therm-a-rest-compressible-pillow-regular\/\" \/>\n<meta property=\"og:site_name\" content=\"\u041c\u0430\u0433\u0430\u0437\u0438\u043d Xstyle\" \/>\n<meta property=\"article:publisher\" content=\"https:\/\/www.facebook.com\/xstylemd\" \/>\n<meta property=\"article:modified_time\" content=\"2026-04-01T13:28:41+00:00\" \/>\n<meta property=\"og:image\" content=\"https:\/\/xstyle.md\/wp-content\/uploads\/2025\/10\/therm-a-rest-compressible-pillow-regular.webp\" \/>\n\t<meta property=\"og:image:width\" content=\"1200\" \/>\n\t<meta property=\"og:image:height\" content=\"1200\" \/>\n\t<meta property=\"og:image:type\" content=\"image\/webp\" \/>\n<meta name=\"twitter:card\" content=\"summary_large_image\" \/>\n<meta name=\"twitter:label1\" content=\"Pre\u021b\" \/>\n\t<meta name=\"twitter:data1\" content=\"630&nbsp;MDL\" \/>\n\t<meta name=\"twitter:label2\" content=\"Disponibilitate\" \/>\n\t<meta name=\"twitter:data2\" content=\"\u00cen stoc\" \/>\n<script type=\"application\/ld+json\" class=\"yoast-schema-graph\">{\"@context\":\"https:\/\/schema.org\",\"@graph\":[{\"@type\":\"WebPage\",\"@id\":\"https:\/\/xstyle.md\/product\/podushka-therm-a-rest-compressible-pillow-regular\/\",\"url\":\"https:\/\/xstyle.md\/product\/podushka-therm-a-rest-compressible-pillow-regular\/\",\"name\":\"\u041f\u043e\u0434\u0443\u0448\u043a\u0430 Therm-A-Rest Compressible Pillow Regular - \u041c\u0430\u0433\u0430\u0437\u0438\u043d Xstyle\",\"isPartOf\":{\"@id\":\"https:\/\/xstyle.md\/#website\"},\"primaryImageOfPage\":{\"@id\":\"https:\/\/xstyle.md\/product\/podushka-therm-a-rest-compressible-pillow-regular\/#primaryimage\"},\"image\":{\"@id\":\"https:\/\/xstyle.md\/product\/podushka-therm-a-rest-compressible-pillow-regular\/#primaryimage\"},\"thumbnailUrl\":\"https:\/\/xstyle.md\/wp-content\/uploads\/2025\/10\/therm-a-rest-compressible-pillow-regular.webp\",\"datePublished\":\"2025-10-23T14:36:42+00:00\",\"dateModified\":\"2026-04-01T13:28:41+00:00\",\"breadcrumb\":{\"@id\":\"https:\/\/xstyle.md\/product\/podushka-therm-a-rest-compressible-pillow-regular\/#breadcrumb\"},\"inLanguage\":\"ro-RO\",\"potentialAction\":[{\"@type\":\"ReadAction\",\"target\":[\"https:\/\/xstyle.md\/product\/podushka-therm-a-rest-compressible-pillow-regular\/\"]}]},{\"@type\":\"ImageObject\",\"inLanguage\":\"ro-RO\",\"@id\":\"https:\/\/xstyle.md\/product\/podushka-therm-a-rest-compressible-pillow-regular\/#primaryimage\",\"url\":\"https:\/\/xstyle.md\/wp-content\/uploads\/2025\/10\/therm-a-rest-compressible-pillow-regular.webp\",\"contentUrl\":\"https:\/\/xstyle.md\/wp-content\/uploads\/2025\/10\/therm-a-rest-compressible-pillow-regular.webp\",\"width\":1200,\"height\":1200,\"caption\":\"\u041f\u043e\u0434\u0443\u0448\u043a\u0430 Therm-A-Rest Compressible Pillow Regular \u0434\u043b\u044f \u0430\u043a\u0442\u0438\u0432\u043d\u043e\u0433\u043e \u043e\u0442\u0434\u044b\u0445\u0430 \u043f\u0443\u0442\u0435\u0448\u0435\u0441\u0442\u0432\u0438\u0439 \u0438 \u0445\u0430\u0439\u043a\u0438\u043d\u0433\u0430 \u0441\u043d\u0430\u0440\u044f\u0436\u0435\u043d\u0438\u0435 \u0434\u043b\u044f \u0441\u043f\u043e\u0440\u0442 \u0448\u043e\u043f\u0430 \u043e\u043d\u043b\u0430\u0439\u043d\"},{\"@type\":\"BreadcrumbList\",\"@id\":\"https:\/\/xstyle.md\/product\/podushka-therm-a-rest-compressible-pillow-regular\/#breadcrumb\",\"itemListElement\":[{\"@type\":\"ListItem\",\"position\":1,\"name\":\"\u0413\u043b\u0430\u0432\u043d\u0430\u044f \u0441\u0442\u0440\u0430\u043d\u0438\u0446\u0430\",\"item\":\"https:\/\/xstyle.md\/\"},{\"@type\":\"ListItem\",\"position\":2,\"name\":\"\u041c\u0430\u0433\u0430\u0437\u0438\u043d\",\"item\":\"https:\/\/xstyle.md\/shop\/\"},{\"@type\":\"ListItem\",\"position\":3,\"name\":\"\u041f\u043e\u0434\u0443\u0448\u043a\u0430 Therm-A-Rest Compressible Pillow Regular\"}]},{\"@type\":\"WebSite\",\"@id\":\"https:\/\/xstyle.md\/#website\",\"url\":\"https:\/\/xstyle.md\/\",\"name\":\"\u041c\u0430\u0433\u0430\u0437\u0438\u043d Xstyle\",\"description\":\"C\u043d\u0430\u0440\u044f\u0436\u0435\u043d\u0438\u0435 \u0434\u043b\u044f \u0442\u0443\u0440\u0438\u0437\u043c\u0430 \u0438 \u044d\u043a\u0441\u0442\u0440\u0435\u043c\u0430\u043b\u044c\u043d\u044b\u0445 \u0432\u0438\u0434\u043e\u0432 \u0441\u043f\u043e\u0440\u0442\u0430 \u0432 \u041c\u043e\u043b\u0434\u043e\u0432\u0435.. \u0426\u0435\u043d\u044b, \u0444\u043e\u0442\u043e, \u0445\u0430\u0440\u0430\u043a\u0442\u0435\u0440\u0438\u0441\u0442\u0438\u043a\u0438 \u0432 \u041c\u043e\u043b\u0434\u043e\u0432\u0435.\",\"publisher\":{\"@id\":\"https:\/\/xstyle.md\/#organization\"},\"alternateName\":\"X-Style\",\"potentialAction\":[{\"@type\":\"SearchAction\",\"target\":{\"@type\":\"EntryPoint\",\"urlTemplate\":\"https:\/\/xstyle.md\/?s={search_term_string}\"},\"query-input\":{\"@type\":\"PropertyValueSpecification\",\"valueRequired\":true,\"valueName\":\"search_term_string\"}}],\"inLanguage\":\"ro-RO\"},{\"@type\":\"Organization\",\"@id\":\"https:\/\/xstyle.md\/#organization\",\"name\":\"\u041c\u0430\u0433\u0430\u0437\u0438\u043d Xstyle\",\"alternateName\":\"x-style\",\"url\":\"https:\/\/xstyle.md\/\",\"logo\":{\"@type\":\"ImageObject\",\"inLanguage\":\"ro-RO\",\"@id\":\"https:\/\/xstyle.md\/#\/schema\/logo\/image\/\",\"url\":\"https:\/\/xstyle.md\/wp-content\/uploads\/2020\/06\/logoicon.svg\",\"contentUrl\":\"https:\/\/xstyle.md\/wp-content\/uploads\/2020\/06\/logoicon.svg\",\"caption\":\"\u041c\u0430\u0433\u0430\u0437\u0438\u043d Xstyle\"},\"image\":{\"@id\":\"https:\/\/xstyle.md\/#\/schema\/logo\/image\/\"},\"sameAs\":[\"https:\/\/www.facebook.com\/xstylemd\",\"https:\/\/www.instagram.com\/xstyle_md\/\",\"https:\/\/t.me\/xstyle_outdoor\"],\"hasMerchantReturnPolicy\":{\"@type\":\"MerchantReturnPolicy\",\"merchantReturnLink\":\"https:\/\/xstyle.md\/ro\/conditions\/\"}}]}<\/script>\n<meta property=\"product:price:amount\" content=\"630.00\" \/>\n<meta property=\"product:price:currency\" content=\"MDL\" \/>\n<meta property=\"og:availability\" content=\"instock\" \/>\n<meta property=\"product:availability\" content=\"instock\" \/>\n<meta property=\"product:retailer_item_id\" content=\"40818142240\" \/>\n<meta property=\"product:condition\" content=\"new\" \/>\n<!-- \/ Yoast SEO plugin. -->","yoast_head_json":{"title":"\u041f\u043e\u0434\u0443\u0448\u043a\u0430 Therm-A-Rest Compressible Pillow Regular - \u041c\u0430\u0433\u0430\u0437\u0438\u043d Xstyle","robots":{"index":"index","follow":"follow","max-snippet":"max-snippet:-1","max-image-preview":"max-image-preview:large","max-video-preview":"max-video-preview:-1"},"canonical":"https:\/\/xstyle.md\/ro\/produs\/podushka-therm-a-rest-compressible-pillow-regular\/","og_locale":"ro_RO","og_type":"article","og_title":"\u041f\u043e\u0434\u0443\u0448\u043a\u0430 Therm-A-Rest Compressible Pillow Regular - \u041c\u0430\u0433\u0430\u0437\u0438\u043d Xstyle","og_description":"\u0411\u0440\u0435\u043d\u0434 \u0411\u0440\u0435\u043d\u0434\u0443 Therm-a-rest \u043f\u0440\u0438\u043d\u0430\u0434\u043b\u0435\u0436\u0438\u0442 \u043d\u043e\u0432\u0430\u0442\u043e\u0440\u0441\u0442\u0432\u043e \u0432 \u0441\u0444\u0435\u0440\u0435 \u0438\u0437\u043e\u0431\u0440\u0435\u0442\u0435\u043d\u0438\u044f \u0441\u0430\u043c\u043e\u043d\u0430\u0434\u0443\u0432\u0430\u044e\u0449\u0438\u0445\u0441\u044f \u043a\u043e\u0432\u0440\u0438\u043a\u043e\u0432, \u043f\u043e\u044d\u0442\u043e\u043c\u0443 Therm-a-rest \u043e\u0447\u0435\u043d\u044c \u043a\u043e\u043c\u0444\u043e\u0440\u0442\u043d\u043e \u0447\u0443\u0432\u0441\u0442\u0432\u0443\u0435\u0442 \u0441\u0435\u0431\u044f \u043d\u0430 \u0440\u044b\u043d\u043a\u0435 \u0442\u043e\u0432\u0430\u0440\u043e\u0432 \u0434\u043b\u044f \u043e\u0442\u0434\u044b\u0445\u0430 \u043d\u0430 \u043f\u0440\u0438\u0440\u043e\u0434\u0435. \u041d\u043e \u043e\u043d \u043f\u0440\u0435\u0434\u043b\u0430\u0433\u0430\u0435\u0442 \u043d\u0435 \u0442\u043e\u043b\u044c\u043a\u043e \u043c\u0430\u0442\u0440\u0430\u0446\u044b \u0434\u043b\u044f \u0441\u043d\u0430, \u043d\u043e \u0442\u0430\u043a \u0436\u0435 \u043f\u043e\u0445\u043e\u0434\u043d\u044b\u0435 \u043f\u043e\u0434\u0443\u0448\u043a\u0438, \u0441\u0442\u0438\u043b\u044c\u043d\u044b\u0435 \u043f\u0435\u043d\u043a\u0438, \u043d\u0430\u0434\u0443\u0432\u043d\u044b\u0435 \u0441\u0438\u0434\u0443\u0448\u043a\u0438, \u043a\u043e\u043c\u043f\u0430\u043a\u0442\u043d\u044b\u0435 \u043b\u0435\u0436\u0430\u043a\u0438, \u0441\u043a\u043b\u0430\u0434\u043d\u044b\u0435 \u043a\u0440\u0435\u0441\u043b\u0430. \u042f\u0440\u043a\u0438\u0435 \u0440\u0430\u0441\u0446\u0432\u0435\u0442\u043a\u0438, \u0444\u0443\u0442\u0443\u0440\u0438\u0441\u0442\u0438\u0447\u043d\u044b\u0439 \u0434\u0438\u0437\u0430\u0439\u043d \u0438 \u0441\u043c\u0435\u043b\u044b\u0435 \u043a\u043e\u043d\u0441\u0442\u0440\u0443\u043a\u0442\u043e\u0440\u0441\u043a\u0438\u0435 \u0440\u0435\u0448\u0435\u043d\u0438\u044f \u0434\u0435\u043b\u0430\u044e\u0442 \u043f\u0440\u043e\u0434\u0443\u043a\u0446\u0438\u044e \u0431\u0440\u0435\u043d\u0434\u0430 [&hellip;]","og_url":"https:\/\/xstyle.md\/ro\/produs\/podushka-therm-a-rest-compressible-pillow-regular\/","og_site_name":"\u041c\u0430\u0433\u0430\u0437\u0438\u043d Xstyle","article_publisher":"https:\/\/www.facebook.com\/xstylemd","article_modified_time":"2026-04-01T13:28:41+00:00","og_image":[{"width":1200,"height":1200,"url":"https:\/\/xstyle.md\/wp-content\/uploads\/2025\/10\/therm-a-rest-compressible-pillow-regular.webp","type":"image\/webp"}],"twitter_card":"summary_large_image","twitter_misc":{"Pre\u021b":"630&nbsp;MDL","Disponibilitate":"\u00cen stoc"},"schema":{"@context":"https:\/\/schema.org","@graph":[{"@type":"WebPage","@id":"https:\/\/xstyle.md\/product\/podushka-therm-a-rest-compressible-pillow-regular\/","url":"https:\/\/xstyle.md\/product\/podushka-therm-a-rest-compressible-pillow-regular\/","name":"\u041f\u043e\u0434\u0443\u0448\u043a\u0430 Therm-A-Rest Compressible Pillow Regular - \u041c\u0430\u0433\u0430\u0437\u0438\u043d Xstyle","isPartOf":{"@id":"https:\/\/xstyle.md\/#website"},"primaryImageOfPage":{"@id":"https:\/\/xstyle.md\/product\/podushka-therm-a-rest-compressible-pillow-regular\/#primaryimage"},"image":{"@id":"https:\/\/xstyle.md\/product\/podushka-therm-a-rest-compressible-pillow-regular\/#primaryimage"},"thumbnailUrl":"https:\/\/xstyle.md\/wp-content\/uploads\/2025\/10\/therm-a-rest-compressible-pillow-regular.webp","datePublished":"2025-10-23T14:36:42+00:00","dateModified":"2026-04-01T13:28:41+00:00","breadcrumb":{"@id":"https:\/\/xstyle.md\/product\/podushka-therm-a-rest-compressible-pillow-regular\/#breadcrumb"},"inLanguage":"ro-RO","potentialAction":[{"@type":"ReadAction","target":["https:\/\/xstyle.md\/product\/podushka-therm-a-rest-compressible-pillow-regular\/"]}]},{"@type":"ImageObject","inLanguage":"ro-RO","@id":"https:\/\/xstyle.md\/product\/podushka-therm-a-rest-compressible-pillow-regular\/#primaryimage","url":"https:\/\/xstyle.md\/wp-content\/uploads\/2025\/10\/therm-a-rest-compressible-pillow-regular.webp","contentUrl":"https:\/\/xstyle.md\/wp-content\/uploads\/2025\/10\/therm-a-rest-compressible-pillow-regular.webp","width":1200,"height":1200,"caption":"\u041f\u043e\u0434\u0443\u0448\u043a\u0430 Therm-A-Rest Compressible Pillow Regular \u0434\u043b\u044f \u0430\u043a\u0442\u0438\u0432\u043d\u043e\u0433\u043e \u043e\u0442\u0434\u044b\u0445\u0430 \u043f\u0443\u0442\u0435\u0448\u0435\u0441\u0442\u0432\u0438\u0439 \u0438 \u0445\u0430\u0439\u043a\u0438\u043d\u0433\u0430 \u0441\u043d\u0430\u0440\u044f\u0436\u0435\u043d\u0438\u0435 \u0434\u043b\u044f \u0441\u043f\u043e\u0440\u0442 \u0448\u043e\u043f\u0430 \u043e\u043d\u043b\u0430\u0439\u043d"},{"@type":"BreadcrumbList","@id":"https:\/\/xstyle.md\/product\/podushka-therm-a-rest-compressible-pillow-regular\/#breadcrumb","itemListElement":[{"@type":"ListItem","position":1,"name":"\u0413\u043b\u0430\u0432\u043d\u0430\u044f \u0441\u0442\u0440\u0430\u043d\u0438\u0446\u0430","item":"https:\/\/xstyle.md\/"},{"@type":"ListItem","position":2,"name":"\u041c\u0430\u0433\u0430\u0437\u0438\u043d","item":"https:\/\/xstyle.md\/shop\/"},{"@type":"ListItem","position":3,"name":"\u041f\u043e\u0434\u0443\u0448\u043a\u0430 Therm-A-Rest Compressible Pillow Regular"}]},{"@type":"WebSite","@id":"https:\/\/xstyle.md\/#website","url":"https:\/\/xstyle.md\/","name":"Magazinul X-Style","description":"Echipamente pentru turism \u0219i sporturi extreme \u00een Moldova. Pre\u021buri, fotografii, caracteristici \u00een Moldova.","publisher":{"@id":"https:\/\/xstyle.md\/#organization"},"alternateName":"X-Style","potentialAction":[{"@type":"SearchAction","target":{"@type":"EntryPoint","urlTemplate":"https:\/\/xstyle.md\/?s={search_term_string}"},"query-input":{"@type":"PropertyValueSpecification","valueRequired":true,"valueName":"search_term_string"}}],"inLanguage":"ro-RO"},{"@type":"Organization","@id":"https:\/\/xstyle.md\/#organization","name":"Magazinul X-Style","alternateName":"x-style","url":"https:\/\/xstyle.md\/","logo":{"@type":"ImageObject","inLanguage":"ro-RO","@id":"https:\/\/xstyle.md\/#\/schema\/logo\/image\/","url":"https:\/\/xstyle.md\/wp-content\/uploads\/2020\/06\/logoicon.svg","contentUrl":"https:\/\/xstyle.md\/wp-content\/uploads\/2020\/06\/logoicon.svg","caption":"\u041c\u0430\u0433\u0430\u0437\u0438\u043d Xstyle"},"image":{"@id":"https:\/\/xstyle.md\/#\/schema\/logo\/image\/"},"sameAs":["https:\/\/www.facebook.com\/xstylemd","https:\/\/www.instagram.com\/xstyle_md\/","https:\/\/t.me\/xstyle_outdoor"],"hasMerchantReturnPolicy":{"@type":"MerchantReturnPolicy","merchantReturnLink":"https:\/\/xstyle.md\/ro\/conditions\/"}}]},"product_price_amount":"630.00","product_price_currency":"MDL","og_availability":"instock","product_availability":"instock","product_retailer_item_id":"40818142240","product_condition":"new"},"post_mailing_queue_ids":[],"_links":{"self":[{"href":"https:\/\/xstyle.md\/ro\/wp-json\/wp\/v2\/product\/97250","targetHints":{"allow":["GET"]}}],"collection":[{"href":"https:\/\/xstyle.md\/ro\/wp-json\/wp\/v2\/product"}],"about":[{"href":"https:\/\/xstyle.md\/ro\/wp-json\/wp\/v2\/types\/product"}],"replies":[{"embeddable":true,"href":"https:\/\/xstyle.md\/ro\/wp-json\/wp\/v2\/comments?post=97250"}],"wp:featuredmedia":[{"embeddable":true,"href":"https:\/\/xstyle.md\/ro\/wp-json\/wp\/v2\/media\/104647"}],"wp:attachment":[{"href":"https:\/\/xstyle.md\/ro\/wp-json\/wp\/v2\/media?parent=97250"}],"wp:term":[{"taxonomy":"product_brand","embeddable":true,"href":"https:\/\/xstyle.md\/ro\/wp-json\/wp\/v2\/product_brand?post=97250"},{"taxonomy":"product_cat","embeddable":true,"href":"https:\/\/xstyle.md\/ro\/wp-json\/wp\/v2\/product_cat?post=97250"},{"taxonomy":"product_tag","embeddable":true,"href":"https:\/\/xstyle.md\/ro\/wp-json\/wp\/v2\/product_tag?post=97250"}],"curies":[{"name":"wp","href":"https:\/\/api.w.org\/{rel}","templated":true}]}}