{"id":97197,"date":"2025-10-23T17:36:24","date_gmt":"2025-10-23T14:36:24","guid":{"rendered":"https:\/\/xstyle.md\/?post_type=product&#038;p=97197"},"modified":"2026-02-10T15:54:05","modified_gmt":"2026-02-10T12:54:05","slug":"balklava-ergowool-iron-black","status":"publish","type":"product","link":"https:\/\/xstyle.md\/ro\/produs\/balklava-ergowool-iron-black\/","title":{"rendered":"Cagul\u0103 Accapi Ergowool Iron\/Black"},"content":{"rendered":"<\/p>\n<p>Cagul\u0103 <strong>Accapi Ergowool Iron\/Black<\/strong> &#8212; ofer\u0103 performan\u021be naturale premium, combin\u00e2nd propriet\u0103\u021bile excep\u021bionale de izolare ale l\u00e2nii Merino ultra-fine cu tehnologia avansat\u0103 de compresie pentru un suport suprem.<\/p>\n<h3>Particularit\u0103\u021bi<\/h3>\n<ul>\n<li>Fibrele de l\u00e2n\u0103 Merino premium asigur\u0103 o reglare termic\u0103 excep\u021bional\u0103, chiar \u0219i \u00een condi\u021bii de frig extrem.<\/li>\n<li>Tehnologia avansat\u0103 de compresie AEC permite sus\u021binerea muscular\u0103 direc\u021bionat\u0103.<\/li>\n<li>Amestecul strategic de fibre men\u021bine temperatura optim\u0103 a corpului \u00een timp ce elimin\u0103 umezeala.<\/li>\n<li>Zonele de compresie diferen\u021biate asigur\u0103 o izolare muscular\u0103 precis\u0103 pentru confort \u0219i sus\u021binere de durat\u0103.<\/li>\n<li>Propriet\u0103\u021bile naturale ale l\u00e2nii Merino ofer\u0103 un raport c\u0103ldur\u0103-greutate superior \u00een timpul tuturor nivelurilor de activitate.<\/li>\n<\/ul>\n<h3>Caracteristici<\/h3>\n<ul>\n<li>Material \u2013 50% l\u00e2n\u0103 merino, 35% polipropilen\u0103, 12% poliamid\u0103, 3% elastan<\/li>\n<li>Destina\u021bie \u2013 activit\u0103\u021bi outdoor, schi alpin, turism<\/li>\n<li>Nivel de c\u0103ldur\u0103 \u2013 Extra warm<\/li>\n<\/ul>\n<h3>Marca<\/h3>\n<p>Compania italian\u0103 Accapi este un exemplu al modului \u00een care tradi\u021biile vechi \u0219i experien\u021ba trecutului tr\u0103iesc \u00een perfect\u0103 armonie cu cele mai avansate tehnologii \u0219i echipamente moderne. Fondat\u0103 \u00een 1958 de familia Chiaruttini, care s-a angajat ini\u021bial \u00een produc\u021bia de \u0219osete obi\u0219nuite, \u0219i av\u00e2nd o experien\u021b\u0103 considerabil\u0103 acumulat\u0103, \u00een 1994 au \u00eenceput s\u0103 produc\u0103 \u0219osete tehnice pentru toate sporturile. \u0218i de trei genera\u021bii la r\u00e2nd, fabricarea de lenjerie termic\u0103 este o afacere de familie care garanteaz\u0103 o calitate \u00eenalt\u0103 constant\u0103, deoarece toate modelele sunt realizate \u00een propria noastr\u0103 fabric\u0103 din Italia. Introducerea noilor tehnologii \u00een 2006 a f\u0103cut posibil\u0103 extinderea liniei de produse \u0219i refacerea calitativ\u0103 a modelelor existente. \u00cen acela\u0219i timp, pre\u021burile pentru Accapi au r\u0103mas la acela\u0219i nivel. Brandul Accapi sponsorizeaz\u0103 diver\u0219i sportivi din ciclism rutier, curse de motociclete, atletism, schi alpin, inclusiv medalia\u021bi olimpici.<\/p>","protected":false},"excerpt":{"rendered":"<p>\u0411\u0440\u0435\u043d\u0434 \u0418\u0442\u0430\u043b\u044c\u044f\u043d\u0441\u043a\u0430\u044f \u043a\u043e\u043c\u043f\u0430\u043d\u0438\u044f Accapi \u044f\u0432\u043b\u044f\u0435\u0442\u0441\u044f \u043f\u0440\u0438\u043c\u0435\u0440\u043e\u043c \u0442\u043e\u0433\u043e, \u043a\u0430\u043a \u0441\u0442\u0430\u0440\u044b\u0435 \u0442\u0440\u0430\u0434\u0438\u0446\u0438\u0438 \u0438 \u043e\u043f\u044b\u0442 \u043f\u0440\u043e\u0448\u043b\u043e\u0433\u043e \u0436\u0438\u0432\u0443\u0442 \u0432 \u043f\u043e\u043b\u043d\u043e\u0439 \u0433\u0430\u0440\u043c\u043e\u043d\u0438\u0438 \u0441 \u0441\u0430\u043c\u044b\u043c\u0438 \u043f\u0435\u0440\u0435\u0434\u043e\u0432\u044b\u043c\u0438 \u0442\u0435\u0445\u043d\u043e\u043b\u043e\u0433\u0438\u044f\u043c\u0438 \u0438 \u0441\u043e\u0432\u0440\u0435\u043c\u0435\u043d\u043d\u044b\u043c \u043e\u0431\u043e\u0440\u0443\u0434\u043e\u0432\u0430\u043d\u0438\u0435\u043c. \u041e\u0441\u043d\u043e\u0432\u0430\u043d\u043d\u0430\u044f \u0432 1958 \u0433\u043e\u0434\u0443 \u0441\u0435\u043c\u044c\u0435\u0439 \u041a\u044c\u044f\u0440\u0443\u0442\u0442\u0438\u043d\u0438, \u043a\u043e\u0442\u043e\u0440\u0430\u044f \u0438\u0437\u043d\u0430\u0447\u0430\u043b\u044c\u043d\u043e \u0437\u0430\u043d\u0438\u043c\u0430\u043b\u0438\u0441\u044c \u043f\u0440\u043e\u0438\u0437\u0432\u043e\u0434\u0441\u0442\u0432\u043e\u043c \u043e\u0431\u044b\u0447\u043d\u044b\u0445 \u043d\u043e\u0441\u043a\u043e\u0432, \u0438 \u043d\u0430\u043a\u043e\u043f\u0438\u0432 \u0437\u043d\u0430\u0447\u0438\u0442\u0435\u043b\u044c\u043d\u044b\u0439 \u043e\u043f\u044b\u0442, \u0432 1994 \u0433\u043e\u0434\u0443 \u043d\u0430\u0447\u0430\u043b\u0430 \u0432\u044b\u043f\u0443\u0441\u043a\u0430\u0442\u044c \u0442\u0435\u0445\u043d\u043e\u043b\u043e\u0433\u0438\u0447\u043d\u044b\u0435 \u043d\u043e\u0441\u043a\u0438 \u0434\u043b\u044f \u0432\u0441\u0435\u0445 \u0432\u0438\u0434\u043e\u0432 \u0441\u043f\u043e\u0440\u0442\u0430. \u0418 \u0443\u0436\u0435 \u0442\u0440\u0438 \u043f\u043e\u043a\u043e\u043b\u0435\u043d\u0438\u044f [&hellip;]<\/p>\n","protected":false},"featured_media":100947,"comment_status":"open","ping_status":"closed","template":"","meta":{"_acf_changed":false,"inline_featured_image":false},"product_brand":[1407],"product_cat":[394],"product_tag":[],"class_list":{"0":"post-97197","1":"product","2":"type-product","3":"status-publish","4":"has-post-thumbnail","6":"product_brand-accapi","7":"product_cat-masks","9":"first","10":"instock","11":"shipping-taxable","12":"purchasable","13":"product-type-simple"},"acf":[],"yoast_head":"<!-- This site is optimized with the Yoast SEO plugin v27.2 - https:\/\/yoast.com\/product\/yoast-seo-wordpress\/ -->\n<title>\u0411\u0430\u043b\u043a\u043b\u0430\u0432\u0430 Accapi Ergowool Iron\/Black - \u041c\u0430\u0433\u0430\u0437\u0438\u043d Xstyle<\/title>\n<meta name=\"robots\" content=\"index, follow, max-snippet:-1, max-image-preview:large, max-video-preview:-1\" \/>\n<link rel=\"canonical\" href=\"https:\/\/xstyle.md\/ro\/produs\/balklava-ergowool-iron-black\/\" \/>\n<meta property=\"og:locale\" content=\"ro_RO\" \/>\n<meta property=\"og:type\" content=\"article\" \/>\n<meta property=\"og:title\" content=\"\u0411\u0430\u043b\u043a\u043b\u0430\u0432\u0430 Accapi Ergowool Iron\/Black - \u041c\u0430\u0433\u0430\u0437\u0438\u043d Xstyle\" \/>\n<meta property=\"og:description\" content=\"\u0411\u0440\u0435\u043d\u0434 \u0418\u0442\u0430\u043b\u044c\u044f\u043d\u0441\u043a\u0430\u044f \u043a\u043e\u043c\u043f\u0430\u043d\u0438\u044f Accapi \u044f\u0432\u043b\u044f\u0435\u0442\u0441\u044f \u043f\u0440\u0438\u043c\u0435\u0440\u043e\u043c \u0442\u043e\u0433\u043e, \u043a\u0430\u043a \u0441\u0442\u0430\u0440\u044b\u0435 \u0442\u0440\u0430\u0434\u0438\u0446\u0438\u0438 \u0438 \u043e\u043f\u044b\u0442 \u043f\u0440\u043e\u0448\u043b\u043e\u0433\u043e \u0436\u0438\u0432\u0443\u0442 \u0432 \u043f\u043e\u043b\u043d\u043e\u0439 \u0433\u0430\u0440\u043c\u043e\u043d\u0438\u0438 \u0441 \u0441\u0430\u043c\u044b\u043c\u0438 \u043f\u0435\u0440\u0435\u0434\u043e\u0432\u044b\u043c\u0438 \u0442\u0435\u0445\u043d\u043e\u043b\u043e\u0433\u0438\u044f\u043c\u0438 \u0438 \u0441\u043e\u0432\u0440\u0435\u043c\u0435\u043d\u043d\u044b\u043c \u043e\u0431\u043e\u0440\u0443\u0434\u043e\u0432\u0430\u043d\u0438\u0435\u043c. \u041e\u0441\u043d\u043e\u0432\u0430\u043d\u043d\u0430\u044f \u0432 1958 \u0433\u043e\u0434\u0443 \u0441\u0435\u043c\u044c\u0435\u0439 \u041a\u044c\u044f\u0440\u0443\u0442\u0442\u0438\u043d\u0438, \u043a\u043e\u0442\u043e\u0440\u0430\u044f \u0438\u0437\u043d\u0430\u0447\u0430\u043b\u044c\u043d\u043e \u0437\u0430\u043d\u0438\u043c\u0430\u043b\u0438\u0441\u044c \u043f\u0440\u043e\u0438\u0437\u0432\u043e\u0434\u0441\u0442\u0432\u043e\u043c \u043e\u0431\u044b\u0447\u043d\u044b\u0445 \u043d\u043e\u0441\u043a\u043e\u0432, \u0438 \u043d\u0430\u043a\u043e\u043f\u0438\u0432 \u0437\u043d\u0430\u0447\u0438\u0442\u0435\u043b\u044c\u043d\u044b\u0439 \u043e\u043f\u044b\u0442, \u0432 1994 \u0433\u043e\u0434\u0443 \u043d\u0430\u0447\u0430\u043b\u0430 \u0432\u044b\u043f\u0443\u0441\u043a\u0430\u0442\u044c \u0442\u0435\u0445\u043d\u043e\u043b\u043e\u0433\u0438\u0447\u043d\u044b\u0435 \u043d\u043e\u0441\u043a\u0438 \u0434\u043b\u044f \u0432\u0441\u0435\u0445 \u0432\u0438\u0434\u043e\u0432 \u0441\u043f\u043e\u0440\u0442\u0430. \u0418 \u0443\u0436\u0435 \u0442\u0440\u0438 \u043f\u043e\u043a\u043e\u043b\u0435\u043d\u0438\u044f [&hellip;]\" \/>\n<meta property=\"og:url\" content=\"https:\/\/xstyle.md\/ro\/produs\/balklava-ergowool-iron-black\/\" \/>\n<meta property=\"og:site_name\" content=\"\u041c\u0430\u0433\u0430\u0437\u0438\u043d Xstyle\" \/>\n<meta property=\"article:publisher\" content=\"https:\/\/www.facebook.com\/xstylemd\" \/>\n<meta property=\"article:modified_time\" content=\"2026-02-10T12:54:05+00:00\" \/>\n<meta property=\"og:image\" content=\"https:\/\/xstyle.md\/wp-content\/uploads\/2025\/10\/ergowool-ironblack-1.webp\" \/>\n\t<meta property=\"og:image:width\" content=\"1200\" \/>\n\t<meta property=\"og:image:height\" content=\"1200\" \/>\n\t<meta property=\"og:image:type\" content=\"image\/webp\" \/>\n<meta name=\"twitter:card\" content=\"summary_large_image\" \/>\n<meta name=\"twitter:label1\" content=\"Pre\u021b\" \/>\n\t<meta name=\"twitter:data1\" content=\"870&nbsp;MDL\" \/>\n\t<meta name=\"twitter:label2\" content=\"Disponibilitate\" \/>\n\t<meta name=\"twitter:data2\" content=\"\u00cen stoc\" \/>\n<script type=\"application\/ld+json\" class=\"yoast-schema-graph\">{\"@context\":\"https:\/\/schema.org\",\"@graph\":[{\"@type\":\"WebPage\",\"@id\":\"https:\/\/xstyle.md\/product\/balklava-ergowool-iron-black\/\",\"url\":\"https:\/\/xstyle.md\/product\/balklava-ergowool-iron-black\/\",\"name\":\"\u0411\u0430\u043b\u043a\u043b\u0430\u0432\u0430 Accapi Ergowool Iron\/Black - \u041c\u0430\u0433\u0430\u0437\u0438\u043d Xstyle\",\"isPartOf\":{\"@id\":\"https:\/\/xstyle.md\/#website\"},\"primaryImageOfPage\":{\"@id\":\"https:\/\/xstyle.md\/product\/balklava-ergowool-iron-black\/#primaryimage\"},\"image\":{\"@id\":\"https:\/\/xstyle.md\/product\/balklava-ergowool-iron-black\/#primaryimage\"},\"thumbnailUrl\":\"https:\/\/xstyle.md\/wp-content\/uploads\/2025\/10\/ergowool-ironblack-1.webp\",\"datePublished\":\"2025-10-23T14:36:24+00:00\",\"dateModified\":\"2026-02-10T12:54:05+00:00\",\"breadcrumb\":{\"@id\":\"https:\/\/xstyle.md\/product\/balklava-ergowool-iron-black\/#breadcrumb\"},\"inLanguage\":\"ro-RO\",\"potentialAction\":[{\"@type\":\"ReadAction\",\"target\":[\"https:\/\/xstyle.md\/product\/balklava-ergowool-iron-black\/\"]}]},{\"@type\":\"ImageObject\",\"inLanguage\":\"ro-RO\",\"@id\":\"https:\/\/xstyle.md\/product\/balklava-ergowool-iron-black\/#primaryimage\",\"url\":\"https:\/\/xstyle.md\/wp-content\/uploads\/2025\/10\/ergowool-ironblack-1.webp\",\"contentUrl\":\"https:\/\/xstyle.md\/wp-content\/uploads\/2025\/10\/ergowool-ironblack-1.webp\",\"width\":1200,\"height\":1200,\"caption\":\"\u0422\u0435\u043f\u043b\u0430\u044f \u043c\u0443\u0436\u0441\u043a\u0430\u044f \u043a\u0443\u0440\u0442\u043a\u0430 Accapi Ergowool Iron \u0447\u0435\u0440\u043d\u043e\u0433\u043e \u0446\u0432\u0435\u0442\u0430 \u0434\u043b\u044f \u0430\u043a\u0442\u0438\u0432\u043d\u043e\u0433\u043e \u043e\u0442\u0434\u044b\u0445\u0430, \u043f\u043e\u0445\u043e\u0434\u043e\u0432 \u0438 \u043f\u0443\u0442\u0435\u0448\u0435\u0441\u0442\u0432\u0438\u0439 \u0434\u043b\u044f \u043e\u043d\u043b\u0430\u0439\u043d \u043c\u0430\u0433\u0430\u0437\u0438\u043d\u0430 \u0441\u043f\u043e\u0440\u0442\u0438\u0432\u043d\u043e\u0439 \u044d\u043a\u0438\u043f\u0438\u0440\u043e\u0432\u043a\u0438\"},{\"@type\":\"BreadcrumbList\",\"@id\":\"https:\/\/xstyle.md\/product\/balklava-ergowool-iron-black\/#breadcrumb\",\"itemListElement\":[{\"@type\":\"ListItem\",\"position\":1,\"name\":\"\u0413\u043b\u0430\u0432\u043d\u0430\u044f \u0441\u0442\u0440\u0430\u043d\u0438\u0446\u0430\",\"item\":\"https:\/\/xstyle.md\/\"},{\"@type\":\"ListItem\",\"position\":2,\"name\":\"\u041c\u0430\u0433\u0430\u0437\u0438\u043d\",\"item\":\"https:\/\/xstyle.md\/shop\/\"},{\"@type\":\"ListItem\",\"position\":3,\"name\":\"\u0411\u0430\u043b\u043a\u043b\u0430\u0432\u0430 Accapi Ergowool Iron\/Black\"}]},{\"@type\":\"WebSite\",\"@id\":\"https:\/\/xstyle.md\/#website\",\"url\":\"https:\/\/xstyle.md\/\",\"name\":\"\u041c\u0430\u0433\u0430\u0437\u0438\u043d Xstyle\",\"description\":\"C\u043d\u0430\u0440\u044f\u0436\u0435\u043d\u0438\u0435 \u0434\u043b\u044f \u0442\u0443\u0440\u0438\u0437\u043c\u0430 \u0438 \u044d\u043a\u0441\u0442\u0440\u0435\u043c\u0430\u043b\u044c\u043d\u044b\u0445 \u0432\u0438\u0434\u043e\u0432 \u0441\u043f\u043e\u0440\u0442\u0430 \u0432 \u041c\u043e\u043b\u0434\u043e\u0432\u0435.. \u0426\u0435\u043d\u044b, \u0444\u043e\u0442\u043e, \u0445\u0430\u0440\u0430\u043a\u0442\u0435\u0440\u0438\u0441\u0442\u0438\u043a\u0438 \u0432 \u041c\u043e\u043b\u0434\u043e\u0432\u0435.\",\"publisher\":{\"@id\":\"https:\/\/xstyle.md\/#organization\"},\"alternateName\":\"X-Style\",\"potentialAction\":[{\"@type\":\"SearchAction\",\"target\":{\"@type\":\"EntryPoint\",\"urlTemplate\":\"https:\/\/xstyle.md\/?s={search_term_string}\"},\"query-input\":{\"@type\":\"PropertyValueSpecification\",\"valueRequired\":true,\"valueName\":\"search_term_string\"}}],\"inLanguage\":\"ro-RO\"},{\"@type\":\"Organization\",\"@id\":\"https:\/\/xstyle.md\/#organization\",\"name\":\"\u041c\u0430\u0433\u0430\u0437\u0438\u043d Xstyle\",\"alternateName\":\"x-style\",\"url\":\"https:\/\/xstyle.md\/\",\"logo\":{\"@type\":\"ImageObject\",\"inLanguage\":\"ro-RO\",\"@id\":\"https:\/\/xstyle.md\/#\/schema\/logo\/image\/\",\"url\":\"https:\/\/xstyle.md\/wp-content\/uploads\/2020\/06\/logoicon.svg\",\"contentUrl\":\"https:\/\/xstyle.md\/wp-content\/uploads\/2020\/06\/logoicon.svg\",\"caption\":\"\u041c\u0430\u0433\u0430\u0437\u0438\u043d Xstyle\"},\"image\":{\"@id\":\"https:\/\/xstyle.md\/#\/schema\/logo\/image\/\"},\"sameAs\":[\"https:\/\/www.facebook.com\/xstylemd\",\"https:\/\/www.instagram.com\/xstyle_md\/\",\"https:\/\/t.me\/xstyle_outdoor\"],\"hasMerchantReturnPolicy\":{\"@type\":\"MerchantReturnPolicy\",\"merchantReturnLink\":\"https:\/\/xstyle.md\/ro\/conditions\/\"}}]}<\/script>\n<meta property=\"product:price:amount\" content=\"870.00\" \/>\n<meta property=\"product:price:currency\" content=\"MDL\" \/>\n<meta property=\"og:availability\" content=\"instock\" \/>\n<meta property=\"product:availability\" content=\"instock\" \/>\n<meta property=\"product:retailer_item_id\" content=\"8053307528144\" \/>\n<meta property=\"product:condition\" content=\"new\" \/>\n<!-- \/ Yoast SEO plugin. -->","yoast_head_json":{"title":"\u0411\u0430\u043b\u043a\u043b\u0430\u0432\u0430 Accapi Ergowool Iron\/Black - \u041c\u0430\u0433\u0430\u0437\u0438\u043d Xstyle","robots":{"index":"index","follow":"follow","max-snippet":"max-snippet:-1","max-image-preview":"max-image-preview:large","max-video-preview":"max-video-preview:-1"},"canonical":"https:\/\/xstyle.md\/ro\/produs\/balklava-ergowool-iron-black\/","og_locale":"ro_RO","og_type":"article","og_title":"\u0411\u0430\u043b\u043a\u043b\u0430\u0432\u0430 Accapi Ergowool Iron\/Black - \u041c\u0430\u0433\u0430\u0437\u0438\u043d Xstyle","og_description":"\u0411\u0440\u0435\u043d\u0434 \u0418\u0442\u0430\u043b\u044c\u044f\u043d\u0441\u043a\u0430\u044f \u043a\u043e\u043c\u043f\u0430\u043d\u0438\u044f Accapi \u044f\u0432\u043b\u044f\u0435\u0442\u0441\u044f \u043f\u0440\u0438\u043c\u0435\u0440\u043e\u043c \u0442\u043e\u0433\u043e, \u043a\u0430\u043a \u0441\u0442\u0430\u0440\u044b\u0435 \u0442\u0440\u0430\u0434\u0438\u0446\u0438\u0438 \u0438 \u043e\u043f\u044b\u0442 \u043f\u0440\u043e\u0448\u043b\u043e\u0433\u043e \u0436\u0438\u0432\u0443\u0442 \u0432 \u043f\u043e\u043b\u043d\u043e\u0439 \u0433\u0430\u0440\u043c\u043e\u043d\u0438\u0438 \u0441 \u0441\u0430\u043c\u044b\u043c\u0438 \u043f\u0435\u0440\u0435\u0434\u043e\u0432\u044b\u043c\u0438 \u0442\u0435\u0445\u043d\u043e\u043b\u043e\u0433\u0438\u044f\u043c\u0438 \u0438 \u0441\u043e\u0432\u0440\u0435\u043c\u0435\u043d\u043d\u044b\u043c \u043e\u0431\u043e\u0440\u0443\u0434\u043e\u0432\u0430\u043d\u0438\u0435\u043c. \u041e\u0441\u043d\u043e\u0432\u0430\u043d\u043d\u0430\u044f \u0432 1958 \u0433\u043e\u0434\u0443 \u0441\u0435\u043c\u044c\u0435\u0439 \u041a\u044c\u044f\u0440\u0443\u0442\u0442\u0438\u043d\u0438, \u043a\u043e\u0442\u043e\u0440\u0430\u044f \u0438\u0437\u043d\u0430\u0447\u0430\u043b\u044c\u043d\u043e \u0437\u0430\u043d\u0438\u043c\u0430\u043b\u0438\u0441\u044c \u043f\u0440\u043e\u0438\u0437\u0432\u043e\u0434\u0441\u0442\u0432\u043e\u043c \u043e\u0431\u044b\u0447\u043d\u044b\u0445 \u043d\u043e\u0441\u043a\u043e\u0432, \u0438 \u043d\u0430\u043a\u043e\u043f\u0438\u0432 \u0437\u043d\u0430\u0447\u0438\u0442\u0435\u043b\u044c\u043d\u044b\u0439 \u043e\u043f\u044b\u0442, \u0432 1994 \u0433\u043e\u0434\u0443 \u043d\u0430\u0447\u0430\u043b\u0430 \u0432\u044b\u043f\u0443\u0441\u043a\u0430\u0442\u044c \u0442\u0435\u0445\u043d\u043e\u043b\u043e\u0433\u0438\u0447\u043d\u044b\u0435 \u043d\u043e\u0441\u043a\u0438 \u0434\u043b\u044f \u0432\u0441\u0435\u0445 \u0432\u0438\u0434\u043e\u0432 \u0441\u043f\u043e\u0440\u0442\u0430. \u0418 \u0443\u0436\u0435 \u0442\u0440\u0438 \u043f\u043e\u043a\u043e\u043b\u0435\u043d\u0438\u044f [&hellip;]","og_url":"https:\/\/xstyle.md\/ro\/produs\/balklava-ergowool-iron-black\/","og_site_name":"\u041c\u0430\u0433\u0430\u0437\u0438\u043d Xstyle","article_publisher":"https:\/\/www.facebook.com\/xstylemd","article_modified_time":"2026-02-10T12:54:05+00:00","og_image":[{"width":1200,"height":1200,"url":"https:\/\/xstyle.md\/wp-content\/uploads\/2025\/10\/ergowool-ironblack-1.webp","type":"image\/webp"}],"twitter_card":"summary_large_image","twitter_misc":{"Pre\u021b":"870&nbsp;MDL","Disponibilitate":"\u00cen stoc"},"schema":{"@context":"https:\/\/schema.org","@graph":[{"@type":"WebPage","@id":"https:\/\/xstyle.md\/product\/balklava-ergowool-iron-black\/","url":"https:\/\/xstyle.md\/product\/balklava-ergowool-iron-black\/","name":"\u0411\u0430\u043b\u043a\u043b\u0430\u0432\u0430 Accapi Ergowool Iron\/Black - \u041c\u0430\u0433\u0430\u0437\u0438\u043d Xstyle","isPartOf":{"@id":"https:\/\/xstyle.md\/#website"},"primaryImageOfPage":{"@id":"https:\/\/xstyle.md\/product\/balklava-ergowool-iron-black\/#primaryimage"},"image":{"@id":"https:\/\/xstyle.md\/product\/balklava-ergowool-iron-black\/#primaryimage"},"thumbnailUrl":"https:\/\/xstyle.md\/wp-content\/uploads\/2025\/10\/ergowool-ironblack-1.webp","datePublished":"2025-10-23T14:36:24+00:00","dateModified":"2026-02-10T12:54:05+00:00","breadcrumb":{"@id":"https:\/\/xstyle.md\/product\/balklava-ergowool-iron-black\/#breadcrumb"},"inLanguage":"ro-RO","potentialAction":[{"@type":"ReadAction","target":["https:\/\/xstyle.md\/product\/balklava-ergowool-iron-black\/"]}]},{"@type":"ImageObject","inLanguage":"ro-RO","@id":"https:\/\/xstyle.md\/product\/balklava-ergowool-iron-black\/#primaryimage","url":"https:\/\/xstyle.md\/wp-content\/uploads\/2025\/10\/ergowool-ironblack-1.webp","contentUrl":"https:\/\/xstyle.md\/wp-content\/uploads\/2025\/10\/ergowool-ironblack-1.webp","width":1200,"height":1200,"caption":"\u0422\u0435\u043f\u043b\u0430\u044f \u043c\u0443\u0436\u0441\u043a\u0430\u044f \u043a\u0443\u0440\u0442\u043a\u0430 Accapi Ergowool Iron \u0447\u0435\u0440\u043d\u043e\u0433\u043e \u0446\u0432\u0435\u0442\u0430 \u0434\u043b\u044f \u0430\u043a\u0442\u0438\u0432\u043d\u043e\u0433\u043e \u043e\u0442\u0434\u044b\u0445\u0430, \u043f\u043e\u0445\u043e\u0434\u043e\u0432 \u0438 \u043f\u0443\u0442\u0435\u0448\u0435\u0441\u0442\u0432\u0438\u0439 \u0434\u043b\u044f \u043e\u043d\u043b\u0430\u0439\u043d \u043c\u0430\u0433\u0430\u0437\u0438\u043d\u0430 \u0441\u043f\u043e\u0440\u0442\u0438\u0432\u043d\u043e\u0439 \u044d\u043a\u0438\u043f\u0438\u0440\u043e\u0432\u043a\u0438"},{"@type":"BreadcrumbList","@id":"https:\/\/xstyle.md\/product\/balklava-ergowool-iron-black\/#breadcrumb","itemListElement":[{"@type":"ListItem","position":1,"name":"\u0413\u043b\u0430\u0432\u043d\u0430\u044f \u0441\u0442\u0440\u0430\u043d\u0438\u0446\u0430","item":"https:\/\/xstyle.md\/"},{"@type":"ListItem","position":2,"name":"\u041c\u0430\u0433\u0430\u0437\u0438\u043d","item":"https:\/\/xstyle.md\/shop\/"},{"@type":"ListItem","position":3,"name":"\u0411\u0430\u043b\u043a\u043b\u0430\u0432\u0430 Accapi Ergowool Iron\/Black"}]},{"@type":"WebSite","@id":"https:\/\/xstyle.md\/#website","url":"https:\/\/xstyle.md\/","name":"Magazinul X-Style","description":"Echipamente pentru turism \u0219i sporturi extreme \u00een Moldova. Pre\u021buri, fotografii, caracteristici \u00een Moldova.","publisher":{"@id":"https:\/\/xstyle.md\/#organization"},"alternateName":"X-Style","potentialAction":[{"@type":"SearchAction","target":{"@type":"EntryPoint","urlTemplate":"https:\/\/xstyle.md\/?s={search_term_string}"},"query-input":{"@type":"PropertyValueSpecification","valueRequired":true,"valueName":"search_term_string"}}],"inLanguage":"ro-RO"},{"@type":"Organization","@id":"https:\/\/xstyle.md\/#organization","name":"Magazinul X-Style","alternateName":"x-style","url":"https:\/\/xstyle.md\/","logo":{"@type":"ImageObject","inLanguage":"ro-RO","@id":"https:\/\/xstyle.md\/#\/schema\/logo\/image\/","url":"https:\/\/xstyle.md\/wp-content\/uploads\/2020\/06\/logoicon.svg","contentUrl":"https:\/\/xstyle.md\/wp-content\/uploads\/2020\/06\/logoicon.svg","caption":"\u041c\u0430\u0433\u0430\u0437\u0438\u043d Xstyle"},"image":{"@id":"https:\/\/xstyle.md\/#\/schema\/logo\/image\/"},"sameAs":["https:\/\/www.facebook.com\/xstylemd","https:\/\/www.instagram.com\/xstyle_md\/","https:\/\/t.me\/xstyle_outdoor"],"hasMerchantReturnPolicy":{"@type":"MerchantReturnPolicy","merchantReturnLink":"https:\/\/xstyle.md\/ro\/conditions\/"}}]},"product_price_amount":"870.00","product_price_currency":"MDL","og_availability":"instock","product_availability":"instock","product_retailer_item_id":"8053307528144","product_condition":"new"},"post_mailing_queue_ids":[],"_links":{"self":[{"href":"https:\/\/xstyle.md\/ro\/wp-json\/wp\/v2\/product\/97197","targetHints":{"allow":["GET"]}}],"collection":[{"href":"https:\/\/xstyle.md\/ro\/wp-json\/wp\/v2\/product"}],"about":[{"href":"https:\/\/xstyle.md\/ro\/wp-json\/wp\/v2\/types\/product"}],"replies":[{"embeddable":true,"href":"https:\/\/xstyle.md\/ro\/wp-json\/wp\/v2\/comments?post=97197"}],"wp:featuredmedia":[{"embeddable":true,"href":"https:\/\/xstyle.md\/ro\/wp-json\/wp\/v2\/media\/100947"}],"wp:attachment":[{"href":"https:\/\/xstyle.md\/ro\/wp-json\/wp\/v2\/media?parent=97197"}],"wp:term":[{"taxonomy":"product_brand","embeddable":true,"href":"https:\/\/xstyle.md\/ro\/wp-json\/wp\/v2\/product_brand?post=97197"},{"taxonomy":"product_cat","embeddable":true,"href":"https:\/\/xstyle.md\/ro\/wp-json\/wp\/v2\/product_cat?post=97197"},{"taxonomy":"product_tag","embeddable":true,"href":"https:\/\/xstyle.md\/ro\/wp-json\/wp\/v2\/product_tag?post=97197"}],"curies":[{"name":"wp","href":"https:\/\/api.w.org\/{rel}","templated":true}]}}