{"id":96947,"date":"2025-09-25T11:20:51","date_gmt":"2025-09-25T08:20:51","guid":{"rendered":"https:\/\/xstyle.md\/?post_type=product&#038;p=96947"},"modified":"2026-02-16T13:40:55","modified_gmt":"2026-02-16T10:40:55","slug":"samonaduvayushhijsya-kovrik-sts-camp-mat-self-inflating-large","status":"publish","type":"product","link":"https:\/\/xstyle.md\/ro\/produs\/samonaduvayushhijsya-kovrik-sts-camp-mat-self-inflating-large\/","title":{"rendered":"Saltea STS Camp Mat Self Inflating Large"},"content":{"rendered":"<\/p>\n<p>Saltea <strong>STS Camp Mat Self Inflating Large<\/strong> &#8212; \u0441onfortabil\u0103, durabil\u0103 \u0219i u\u0219or de utilizat, salteaua auto-gonflabil\u0103 Camp este creat\u0103 pentru ruloti\u0219tii care caut\u0103 performan\u021b\u0103 tehnic\u0103 la un pre\u021b accesibil. Tehnologia Air Zone reduce greutatea prin decupaje mapate pe corp, p\u0103str\u00e2nd izola\u021bia exact acolo unde este cea mai mare nevoie. Forma ergonomic\u0103 (Contour Shape) eficientizeaz\u0103 greutatea \u0219i ofer\u0103 o suprafa\u021b\u0103 suplimentar\u0103 de dormit pentru cei care dorm pe lateral sau prefer\u0103 mai mult spa\u021biu. Este fabricat\u0103 din poliester 75D reciclat \u0219i certificat, foarte rezistent. Supapa XPEL permite o umflare rapid\u0103 \u0219i o \u00eempachetare compact\u0103 \u00een sacul de transport inclus.<\/p>\n<h3>Particularit\u0103\u021bi<\/h3>\n<ul>\n<li>Izola\u021bie mapat\u0103 pe corp &#8212; Tehnologia Air Zone izoleaz\u0103 zonele critice \u0219i reduce greutatea \u00een rest.<\/li>\n<li>Fermitate reglabil\u0103 &#8212; grosimea de 4 cm v\u0103 permite s\u0103 personaliza\u021bi confortul pentru un somn ideal.<\/li>\n<li>Form\u0103 Contour &#8212; ofer\u0103 cu 12% mai mult\u0103 suprafa\u021b\u0103 de dormit, potrivit\u0103 pentru diverse pozi\u021bii.<\/li>\n<\/ul>\n<h3>Caracteristici<\/h3>\n<ul>\n<li>Material &#8212; 100 % poliamid\u0103<\/li>\n<li>Dimensiuni &#8212; 64 x 198 cm (L\u0103\u021bime x Lungime)<\/li>\n<li>Dimensiuni \u00eempachetat &#8212; 33 x 16 x 16 cm<\/li>\n<li>Grosime &#8212; 3.88 cm<\/li>\n<li>Sezon &#8212; 3 sezoane<\/li>\n<li>Valoare R (izola\u021bie termic\u0103)- 4.2<\/li>\n<li>Greutate &#8212; 1050 g<\/li>\n<\/ul>\n<h3>Tehnologii<\/h3>\n<ul>\n<li><strong>R-value<\/strong> &#8212; este caracteristica de izolare termic\u0103 a saltelei \u00een stare complet umflat\u0103. Cu c\u00e2t cifra este mai mare, cu at\u00e2t salteaua va fi mai c\u0103lduroas\u0103 \u0219i mai confortabil\u0103. Pute\u021bi cre\u0219te valoarea R-value umfl\u00e2nd suplimentar salteaua (prin suflare).<\/li>\n<\/ul>\n<p><\/p>\n<h3>Marca<\/h3>\n<p>Sea to Summit  - este un brand fondat \u00een anul 1990, \u00een Australia. \u00cen sortimentul s\u0103u se reg\u0103se\u0219te echipament unic \u0219i util pentru turism \u0219i c\u0103l\u0103torii: huse impermeabile, prosoape din microfibr\u0103, vesel\u0103 pliabil\u0103 din silicon, gen\u021bi, rucsacuri, corturi \u0219i saci de dormit. Fiecare obiect dezvoltat de companie are o greutate minim\u0103 \u0219i o func\u021bionalitate maxim\u0103.<\/p>","protected":false},"excerpt":{"rendered":"<p>\u0411\u0440\u0435\u043d\u0434 Sea to Summit \u2014 \u0431\u0440\u0435\u043d\u0434, \u043e\u0441\u043d\u043e\u0432\u0430\u043d\u043d\u044b\u0439 \u0432 1990 \u0433\u043e\u0434\u0443 \u0432 \u0410\u0432\u0441\u0442\u0440\u0430\u043b\u0438\u0438. \u0412 \u0435\u0433\u043e \u0430\u0441\u0441\u043e\u0440\u0442\u0438\u043c\u0435\u043d\u0442\u0435 \u0443\u043d\u0438\u043a\u0430\u043b\u044c\u043d\u043e\u0435 \u0438 \u043f\u043e\u043b\u0435\u0437\u043d\u043e\u0435 \u0441\u043d\u0430\u0440\u044f\u0436\u0435\u043d\u0438\u0435 \u0434\u043b\u044f \u0442\u0443\u0440\u0438\u0437\u043c\u0430 \u0438 \u043f\u0443\u0442\u0435\u0448\u0435\u0441\u0442\u0432\u0438\u0439: \u0433\u0435\u0440\u043c\u043e\u0447\u0435\u0445\u043b\u044b, \u043f\u043e\u043b\u043e\u0442\u0435\u043d\u0446\u0430 \u0438\u0437 \u043c\u0438\u043a\u0440\u043e\u0444\u0438\u0431\u0440\u044b, \u0441\u043a\u043b\u0430\u0434\u043d\u0430\u044f \u0441\u0438\u043b\u0438\u043a\u043e\u043d\u043e\u0432\u0430\u044f \u043f\u043e\u0441\u0443\u0434\u0430, \u0441\u0443\u043c\u043a\u0438, \u0440\u044e\u043a\u0437\u0430\u043a\u0438, \u043f\u0430\u043b\u0430\u0442\u043a\u0438, \u0441\u043f\u0430\u043b\u044c\u043d\u0438\u043a\u0438. \u041a\u0430\u0436\u0434\u0430\u044f \u0432\u0435\u0449\u044c, \u0440\u0430\u0437\u0440\u0430\u0431\u043e\u0442\u0430\u043d\u043d\u0430\u044f \u0432 \u043a\u043e\u043c\u043f\u0430\u043d\u0438\u0438, \u0438\u043c\u0435\u0435\u0442 \u043c\u0438\u043d\u0438\u043c\u0430\u043b\u044c\u043d\u044b\u0439 \u0432\u0435\u0441 \u0438 \u043c\u0430\u043a\u0441\u0438\u043c\u0430\u043b\u044c\u043d\u0443\u044e \u0444\u0443\u043d\u043a\u0446\u0438\u043e\u043d\u0430\u043b\u044c\u043d\u043e\u0441\u0442\u044c.<\/p>","protected":false},"featured_media":101450,"comment_status":"open","ping_status":"closed","template":"","meta":{"_acf_changed":false,"inline_featured_image":false},"product_brand":[1281],"product_cat":[202],"product_tag":[],"class_list":{"0":"post-96947","1":"product","2":"type-product","3":"status-publish","4":"has-post-thumbnail","6":"product_brand-sea-to-summit","7":"product_cat-self-inflating-mats","9":"first","10":"instock","11":"shipping-taxable","12":"purchasable","13":"product-type-simple"},"acf":[],"yoast_head":"<!-- This site is optimized with the Yoast SEO plugin v27.2 - https:\/\/yoast.com\/product\/yoast-seo-wordpress\/ -->\n<title>\u0421\u0430\u043c\u043e\u043d\u0430\u0434\u0443\u0432\u0430\u044e\u0449\u0438\u0439\u0441\u044f \u043a\u043e\u0432\u0440\u0438\u043a STS Camp Mat Self Inflating Large - \u041c\u0430\u0433\u0430\u0437\u0438\u043d Xstyle<\/title>\n<meta name=\"robots\" content=\"index, follow, max-snippet:-1, max-image-preview:large, max-video-preview:-1\" \/>\n<link rel=\"canonical\" href=\"https:\/\/xstyle.md\/ro\/produs\/samonaduvayushhijsya-kovrik-sts-camp-mat-self-inflating-large\/\" \/>\n<meta property=\"og:locale\" content=\"ro_RO\" \/>\n<meta property=\"og:type\" content=\"article\" \/>\n<meta property=\"og:title\" content=\"\u0421\u0430\u043c\u043e\u043d\u0430\u0434\u0443\u0432\u0430\u044e\u0449\u0438\u0439\u0441\u044f \u043a\u043e\u0432\u0440\u0438\u043a STS Camp Mat Self Inflating Large - \u041c\u0430\u0433\u0430\u0437\u0438\u043d Xstyle\" \/>\n<meta property=\"og:description\" content=\"\u0411\u0440\u0435\u043d\u0434 Sea to Summit \u2014 \u0431\u0440\u0435\u043d\u0434, \u043e\u0441\u043d\u043e\u0432\u0430\u043d\u043d\u044b\u0439 \u0432 1990 \u0433\u043e\u0434\u0443 \u0432 \u0410\u0432\u0441\u0442\u0440\u0430\u043b\u0438\u0438. \u0412 \u0435\u0433\u043e \u0430\u0441\u0441\u043e\u0440\u0442\u0438\u043c\u0435\u043d\u0442\u0435 \u0443\u043d\u0438\u043a\u0430\u043b\u044c\u043d\u043e\u0435 \u0438 \u043f\u043e\u043b\u0435\u0437\u043d\u043e\u0435 \u0441\u043d\u0430\u0440\u044f\u0436\u0435\u043d\u0438\u0435 \u0434\u043b\u044f \u0442\u0443\u0440\u0438\u0437\u043c\u0430 \u0438 \u043f\u0443\u0442\u0435\u0448\u0435\u0441\u0442\u0432\u0438\u0439: \u0433\u0435\u0440\u043c\u043e\u0447\u0435\u0445\u043b\u044b, \u043f\u043e\u043b\u043e\u0442\u0435\u043d\u0446\u0430 \u0438\u0437 \u043c\u0438\u043a\u0440\u043e\u0444\u0438\u0431\u0440\u044b, \u0441\u043a\u043b\u0430\u0434\u043d\u0430\u044f \u0441\u0438\u043b\u0438\u043a\u043e\u043d\u043e\u0432\u0430\u044f \u043f\u043e\u0441\u0443\u0434\u0430, \u0441\u0443\u043c\u043a\u0438, \u0440\u044e\u043a\u0437\u0430\u043a\u0438, \u043f\u0430\u043b\u0430\u0442\u043a\u0438, \u0441\u043f\u0430\u043b\u044c\u043d\u0438\u043a\u0438. \u041a\u0430\u0436\u0434\u0430\u044f \u0432\u0435\u0449\u044c, \u0440\u0430\u0437\u0440\u0430\u0431\u043e\u0442\u0430\u043d\u043d\u0430\u044f \u0432 \u043a\u043e\u043c\u043f\u0430\u043d\u0438\u0438, \u0438\u043c\u0435\u0435\u0442 \u043c\u0438\u043d\u0438\u043c\u0430\u043b\u044c\u043d\u044b\u0439 \u0432\u0435\u0441 \u0438 \u043c\u0430\u043a\u0441\u0438\u043c\u0430\u043b\u044c\u043d\u0443\u044e \u0444\u0443\u043d\u043a\u0446\u0438\u043e\u043d\u0430\u043b\u044c\u043d\u043e\u0441\u0442\u044c.\" \/>\n<meta property=\"og:url\" content=\"https:\/\/xstyle.md\/ro\/produs\/samonaduvayushhijsya-kovrik-sts-camp-mat-self-inflating-large\/\" \/>\n<meta property=\"og:site_name\" content=\"\u041c\u0430\u0433\u0430\u0437\u0438\u043d Xstyle\" \/>\n<meta property=\"article:publisher\" content=\"https:\/\/www.facebook.com\/xstylemd\" \/>\n<meta property=\"article:modified_time\" content=\"2026-02-16T10:40:55+00:00\" \/>\n<meta property=\"og:image\" content=\"https:\/\/xstyle.md\/wp-content\/uploads\/2025\/09\/sts-camp-mat-self-inflating-large-1.webp\" \/>\n\t<meta property=\"og:image:width\" content=\"1200\" \/>\n\t<meta property=\"og:image:height\" content=\"1200\" \/>\n\t<meta property=\"og:image:type\" content=\"image\/webp\" \/>\n<meta name=\"twitter:card\" content=\"summary_large_image\" \/>\n<meta name=\"twitter:label1\" content=\"Pre\u021b\" \/>\n\t<meta name=\"twitter:data1\" content=\"1.970&nbsp;MDL\" \/>\n\t<meta name=\"twitter:label2\" content=\"Disponibilitate\" \/>\n\t<meta name=\"twitter:data2\" content=\"\u00cen stoc\" \/>\n<script type=\"application\/ld+json\" class=\"yoast-schema-graph\">{\"@context\":\"https:\/\/schema.org\",\"@graph\":[{\"@type\":\"WebPage\",\"@id\":\"https:\/\/xstyle.md\/product\/samonaduvayushhijsya-kovrik-sts-camp-mat-self-inflating-large\/\",\"url\":\"https:\/\/xstyle.md\/product\/samonaduvayushhijsya-kovrik-sts-camp-mat-self-inflating-large\/\",\"name\":\"\u0421\u0430\u043c\u043e\u043d\u0430\u0434\u0443\u0432\u0430\u044e\u0449\u0438\u0439\u0441\u044f \u043a\u043e\u0432\u0440\u0438\u043a STS Camp Mat Self Inflating Large - \u041c\u0430\u0433\u0430\u0437\u0438\u043d Xstyle\",\"isPartOf\":{\"@id\":\"https:\/\/xstyle.md\/#website\"},\"primaryImageOfPage\":{\"@id\":\"https:\/\/xstyle.md\/product\/samonaduvayushhijsya-kovrik-sts-camp-mat-self-inflating-large\/#primaryimage\"},\"image\":{\"@id\":\"https:\/\/xstyle.md\/product\/samonaduvayushhijsya-kovrik-sts-camp-mat-self-inflating-large\/#primaryimage\"},\"thumbnailUrl\":\"https:\/\/xstyle.md\/wp-content\/uploads\/2025\/09\/sts-camp-mat-self-inflating-large-1.webp\",\"datePublished\":\"2025-09-25T08:20:51+00:00\",\"dateModified\":\"2026-02-16T10:40:55+00:00\",\"breadcrumb\":{\"@id\":\"https:\/\/xstyle.md\/product\/samonaduvayushhijsya-kovrik-sts-camp-mat-self-inflating-large\/#breadcrumb\"},\"inLanguage\":\"ro-RO\",\"potentialAction\":[{\"@type\":\"ReadAction\",\"target\":[\"https:\/\/xstyle.md\/product\/samonaduvayushhijsya-kovrik-sts-camp-mat-self-inflating-large\/\"]}]},{\"@type\":\"ImageObject\",\"inLanguage\":\"ro-RO\",\"@id\":\"https:\/\/xstyle.md\/product\/samonaduvayushhijsya-kovrik-sts-camp-mat-self-inflating-large\/#primaryimage\",\"url\":\"https:\/\/xstyle.md\/wp-content\/uploads\/2025\/09\/sts-camp-mat-self-inflating-large-1.webp\",\"contentUrl\":\"https:\/\/xstyle.md\/wp-content\/uploads\/2025\/09\/sts-camp-mat-self-inflating-large-1.webp\",\"width\":1200,\"height\":1200,\"caption\":\"\u0421\u0430\u043c\u043e\u043d\u0430\u0434\u0443\u0432\u0430\u044e\u0449\u0438\u0439\u0441\u044f \u043a\u043e\u0432\u0440\u0438\u043a STS \u0434\u043b\u044f \u0430\u043a\u0442\u0438\u0432\u043d\u043e\u0433\u043e \u043e\u0442\u0434\u044b\u0445\u0430, \u043f\u043e\u0445\u043e\u0434\u043e\u0432 \u0438 \u043f\u0443\u0442\u0435\u0448\u0435\u0441\u0442\u0432\u0438\u0439, \u043a\u043e\u043c\u0444\u043e\u0440\u0442 \u0438 \u043b\u0435\u0433\u043a\u043e\u0441\u0442\u044c \u0434\u043b\u044f \u043a\u0435\u043c\u043f\u0438\u043d\u0433\u0430 \u0438 \u0430\u043b\u044c\u043f\u0438\u043d\u0438\u0437\u043c\u0430\"},{\"@type\":\"BreadcrumbList\",\"@id\":\"https:\/\/xstyle.md\/product\/samonaduvayushhijsya-kovrik-sts-camp-mat-self-inflating-large\/#breadcrumb\",\"itemListElement\":[{\"@type\":\"ListItem\",\"position\":1,\"name\":\"\u0413\u043b\u0430\u0432\u043d\u0430\u044f \u0441\u0442\u0440\u0430\u043d\u0438\u0446\u0430\",\"item\":\"https:\/\/xstyle.md\/\"},{\"@type\":\"ListItem\",\"position\":2,\"name\":\"\u041c\u0430\u0433\u0430\u0437\u0438\u043d\",\"item\":\"https:\/\/xstyle.md\/shop\/\"},{\"@type\":\"ListItem\",\"position\":3,\"name\":\"\u0421\u0430\u043c\u043e\u043d\u0430\u0434\u0443\u0432\u0430\u044e\u0449\u0438\u0439\u0441\u044f \u043a\u043e\u0432\u0440\u0438\u043a STS Camp Mat Self Inflating Large\"}]},{\"@type\":\"WebSite\",\"@id\":\"https:\/\/xstyle.md\/#website\",\"url\":\"https:\/\/xstyle.md\/\",\"name\":\"\u041c\u0430\u0433\u0430\u0437\u0438\u043d Xstyle\",\"description\":\"C\u043d\u0430\u0440\u044f\u0436\u0435\u043d\u0438\u0435 \u0434\u043b\u044f \u0442\u0443\u0440\u0438\u0437\u043c\u0430 \u0438 \u044d\u043a\u0441\u0442\u0440\u0435\u043c\u0430\u043b\u044c\u043d\u044b\u0445 \u0432\u0438\u0434\u043e\u0432 \u0441\u043f\u043e\u0440\u0442\u0430 \u0432 \u041c\u043e\u043b\u0434\u043e\u0432\u0435.. \u0426\u0435\u043d\u044b, \u0444\u043e\u0442\u043e, \u0445\u0430\u0440\u0430\u043a\u0442\u0435\u0440\u0438\u0441\u0442\u0438\u043a\u0438 \u0432 \u041c\u043e\u043b\u0434\u043e\u0432\u0435.\",\"publisher\":{\"@id\":\"https:\/\/xstyle.md\/#organization\"},\"alternateName\":\"X-Style\",\"potentialAction\":[{\"@type\":\"SearchAction\",\"target\":{\"@type\":\"EntryPoint\",\"urlTemplate\":\"https:\/\/xstyle.md\/?s={search_term_string}\"},\"query-input\":{\"@type\":\"PropertyValueSpecification\",\"valueRequired\":true,\"valueName\":\"search_term_string\"}}],\"inLanguage\":\"ro-RO\"},{\"@type\":\"Organization\",\"@id\":\"https:\/\/xstyle.md\/#organization\",\"name\":\"\u041c\u0430\u0433\u0430\u0437\u0438\u043d Xstyle\",\"alternateName\":\"x-style\",\"url\":\"https:\/\/xstyle.md\/\",\"logo\":{\"@type\":\"ImageObject\",\"inLanguage\":\"ro-RO\",\"@id\":\"https:\/\/xstyle.md\/#\/schema\/logo\/image\/\",\"url\":\"https:\/\/xstyle.md\/wp-content\/uploads\/2020\/06\/logoicon.svg\",\"contentUrl\":\"https:\/\/xstyle.md\/wp-content\/uploads\/2020\/06\/logoicon.svg\",\"caption\":\"\u041c\u0430\u0433\u0430\u0437\u0438\u043d Xstyle\"},\"image\":{\"@id\":\"https:\/\/xstyle.md\/#\/schema\/logo\/image\/\"},\"sameAs\":[\"https:\/\/www.facebook.com\/xstylemd\",\"https:\/\/www.instagram.com\/xstyle_md\/\",\"https:\/\/t.me\/xstyle_outdoor\"],\"hasMerchantReturnPolicy\":{\"@type\":\"MerchantReturnPolicy\",\"merchantReturnLink\":\"https:\/\/xstyle.md\/ro\/conditions\/\"}}]}<\/script>\n<meta property=\"product:price:amount\" content=\"1970.00\" \/>\n<meta property=\"product:price:currency\" content=\"MDL\" \/>\n<meta property=\"og:availability\" content=\"instock\" \/>\n<meta property=\"product:availability\" content=\"instock\" \/>\n<meta property=\"product:retailer_item_id\" content=\"9327868067084\" \/>\n<meta property=\"product:condition\" content=\"new\" \/>\n<!-- \/ Yoast SEO plugin. -->","yoast_head_json":{"title":"\u0421\u0430\u043c\u043e\u043d\u0430\u0434\u0443\u0432\u0430\u044e\u0449\u0438\u0439\u0441\u044f \u043a\u043e\u0432\u0440\u0438\u043a STS Camp Mat Self Inflating Large - \u041c\u0430\u0433\u0430\u0437\u0438\u043d Xstyle","robots":{"index":"index","follow":"follow","max-snippet":"max-snippet:-1","max-image-preview":"max-image-preview:large","max-video-preview":"max-video-preview:-1"},"canonical":"https:\/\/xstyle.md\/ro\/produs\/samonaduvayushhijsya-kovrik-sts-camp-mat-self-inflating-large\/","og_locale":"ro_RO","og_type":"article","og_title":"\u0421\u0430\u043c\u043e\u043d\u0430\u0434\u0443\u0432\u0430\u044e\u0449\u0438\u0439\u0441\u044f \u043a\u043e\u0432\u0440\u0438\u043a STS Camp Mat Self Inflating Large - \u041c\u0430\u0433\u0430\u0437\u0438\u043d Xstyle","og_description":"\u0411\u0440\u0435\u043d\u0434 Sea to Summit \u2014 \u0431\u0440\u0435\u043d\u0434, \u043e\u0441\u043d\u043e\u0432\u0430\u043d\u043d\u044b\u0439 \u0432 1990 \u0433\u043e\u0434\u0443 \u0432 \u0410\u0432\u0441\u0442\u0440\u0430\u043b\u0438\u0438. \u0412 \u0435\u0433\u043e \u0430\u0441\u0441\u043e\u0440\u0442\u0438\u043c\u0435\u043d\u0442\u0435 \u0443\u043d\u0438\u043a\u0430\u043b\u044c\u043d\u043e\u0435 \u0438 \u043f\u043e\u043b\u0435\u0437\u043d\u043e\u0435 \u0441\u043d\u0430\u0440\u044f\u0436\u0435\u043d\u0438\u0435 \u0434\u043b\u044f \u0442\u0443\u0440\u0438\u0437\u043c\u0430 \u0438 \u043f\u0443\u0442\u0435\u0448\u0435\u0441\u0442\u0432\u0438\u0439: \u0433\u0435\u0440\u043c\u043e\u0447\u0435\u0445\u043b\u044b, \u043f\u043e\u043b\u043e\u0442\u0435\u043d\u0446\u0430 \u0438\u0437 \u043c\u0438\u043a\u0440\u043e\u0444\u0438\u0431\u0440\u044b, \u0441\u043a\u043b\u0430\u0434\u043d\u0430\u044f \u0441\u0438\u043b\u0438\u043a\u043e\u043d\u043e\u0432\u0430\u044f \u043f\u043e\u0441\u0443\u0434\u0430, \u0441\u0443\u043c\u043a\u0438, \u0440\u044e\u043a\u0437\u0430\u043a\u0438, \u043f\u0430\u043b\u0430\u0442\u043a\u0438, \u0441\u043f\u0430\u043b\u044c\u043d\u0438\u043a\u0438. \u041a\u0430\u0436\u0434\u0430\u044f \u0432\u0435\u0449\u044c, \u0440\u0430\u0437\u0440\u0430\u0431\u043e\u0442\u0430\u043d\u043d\u0430\u044f \u0432 \u043a\u043e\u043c\u043f\u0430\u043d\u0438\u0438, \u0438\u043c\u0435\u0435\u0442 \u043c\u0438\u043d\u0438\u043c\u0430\u043b\u044c\u043d\u044b\u0439 \u0432\u0435\u0441 \u0438 \u043c\u0430\u043a\u0441\u0438\u043c\u0430\u043b\u044c\u043d\u0443\u044e \u0444\u0443\u043d\u043a\u0446\u0438\u043e\u043d\u0430\u043b\u044c\u043d\u043e\u0441\u0442\u044c.","og_url":"https:\/\/xstyle.md\/ro\/produs\/samonaduvayushhijsya-kovrik-sts-camp-mat-self-inflating-large\/","og_site_name":"\u041c\u0430\u0433\u0430\u0437\u0438\u043d Xstyle","article_publisher":"https:\/\/www.facebook.com\/xstylemd","article_modified_time":"2026-02-16T10:40:55+00:00","og_image":[{"width":1200,"height":1200,"url":"https:\/\/xstyle.md\/wp-content\/uploads\/2025\/09\/sts-camp-mat-self-inflating-large-1.webp","type":"image\/webp"}],"twitter_card":"summary_large_image","twitter_misc":{"Pre\u021b":"1.970&nbsp;MDL","Disponibilitate":"\u00cen stoc"},"schema":{"@context":"https:\/\/schema.org","@graph":[{"@type":"WebPage","@id":"https:\/\/xstyle.md\/product\/samonaduvayushhijsya-kovrik-sts-camp-mat-self-inflating-large\/","url":"https:\/\/xstyle.md\/product\/samonaduvayushhijsya-kovrik-sts-camp-mat-self-inflating-large\/","name":"\u0421\u0430\u043c\u043e\u043d\u0430\u0434\u0443\u0432\u0430\u044e\u0449\u0438\u0439\u0441\u044f \u043a\u043e\u0432\u0440\u0438\u043a STS Camp Mat Self Inflating Large - \u041c\u0430\u0433\u0430\u0437\u0438\u043d Xstyle","isPartOf":{"@id":"https:\/\/xstyle.md\/#website"},"primaryImageOfPage":{"@id":"https:\/\/xstyle.md\/product\/samonaduvayushhijsya-kovrik-sts-camp-mat-self-inflating-large\/#primaryimage"},"image":{"@id":"https:\/\/xstyle.md\/product\/samonaduvayushhijsya-kovrik-sts-camp-mat-self-inflating-large\/#primaryimage"},"thumbnailUrl":"https:\/\/xstyle.md\/wp-content\/uploads\/2025\/09\/sts-camp-mat-self-inflating-large-1.webp","datePublished":"2025-09-25T08:20:51+00:00","dateModified":"2026-02-16T10:40:55+00:00","breadcrumb":{"@id":"https:\/\/xstyle.md\/product\/samonaduvayushhijsya-kovrik-sts-camp-mat-self-inflating-large\/#breadcrumb"},"inLanguage":"ro-RO","potentialAction":[{"@type":"ReadAction","target":["https:\/\/xstyle.md\/product\/samonaduvayushhijsya-kovrik-sts-camp-mat-self-inflating-large\/"]}]},{"@type":"ImageObject","inLanguage":"ro-RO","@id":"https:\/\/xstyle.md\/product\/samonaduvayushhijsya-kovrik-sts-camp-mat-self-inflating-large\/#primaryimage","url":"https:\/\/xstyle.md\/wp-content\/uploads\/2025\/09\/sts-camp-mat-self-inflating-large-1.webp","contentUrl":"https:\/\/xstyle.md\/wp-content\/uploads\/2025\/09\/sts-camp-mat-self-inflating-large-1.webp","width":1200,"height":1200,"caption":"\u0421\u0430\u043c\u043e\u043d\u0430\u0434\u0443\u0432\u0430\u044e\u0449\u0438\u0439\u0441\u044f \u043a\u043e\u0432\u0440\u0438\u043a STS \u0434\u043b\u044f \u0430\u043a\u0442\u0438\u0432\u043d\u043e\u0433\u043e \u043e\u0442\u0434\u044b\u0445\u0430, \u043f\u043e\u0445\u043e\u0434\u043e\u0432 \u0438 \u043f\u0443\u0442\u0435\u0448\u0435\u0441\u0442\u0432\u0438\u0439, \u043a\u043e\u043c\u0444\u043e\u0440\u0442 \u0438 \u043b\u0435\u0433\u043a\u043e\u0441\u0442\u044c \u0434\u043b\u044f \u043a\u0435\u043c\u043f\u0438\u043d\u0433\u0430 \u0438 \u0430\u043b\u044c\u043f\u0438\u043d\u0438\u0437\u043c\u0430"},{"@type":"BreadcrumbList","@id":"https:\/\/xstyle.md\/product\/samonaduvayushhijsya-kovrik-sts-camp-mat-self-inflating-large\/#breadcrumb","itemListElement":[{"@type":"ListItem","position":1,"name":"\u0413\u043b\u0430\u0432\u043d\u0430\u044f \u0441\u0442\u0440\u0430\u043d\u0438\u0446\u0430","item":"https:\/\/xstyle.md\/"},{"@type":"ListItem","position":2,"name":"\u041c\u0430\u0433\u0430\u0437\u0438\u043d","item":"https:\/\/xstyle.md\/shop\/"},{"@type":"ListItem","position":3,"name":"\u0421\u0430\u043c\u043e\u043d\u0430\u0434\u0443\u0432\u0430\u044e\u0449\u0438\u0439\u0441\u044f \u043a\u043e\u0432\u0440\u0438\u043a STS Camp Mat Self Inflating Large"}]},{"@type":"WebSite","@id":"https:\/\/xstyle.md\/#website","url":"https:\/\/xstyle.md\/","name":"Magazinul X-Style","description":"Echipamente pentru turism \u0219i sporturi extreme \u00een Moldova. Pre\u021buri, fotografii, caracteristici \u00een Moldova.","publisher":{"@id":"https:\/\/xstyle.md\/#organization"},"alternateName":"X-Style","potentialAction":[{"@type":"SearchAction","target":{"@type":"EntryPoint","urlTemplate":"https:\/\/xstyle.md\/?s={search_term_string}"},"query-input":{"@type":"PropertyValueSpecification","valueRequired":true,"valueName":"search_term_string"}}],"inLanguage":"ro-RO"},{"@type":"Organization","@id":"https:\/\/xstyle.md\/#organization","name":"Magazinul X-Style","alternateName":"x-style","url":"https:\/\/xstyle.md\/","logo":{"@type":"ImageObject","inLanguage":"ro-RO","@id":"https:\/\/xstyle.md\/#\/schema\/logo\/image\/","url":"https:\/\/xstyle.md\/wp-content\/uploads\/2020\/06\/logoicon.svg","contentUrl":"https:\/\/xstyle.md\/wp-content\/uploads\/2020\/06\/logoicon.svg","caption":"\u041c\u0430\u0433\u0430\u0437\u0438\u043d Xstyle"},"image":{"@id":"https:\/\/xstyle.md\/#\/schema\/logo\/image\/"},"sameAs":["https:\/\/www.facebook.com\/xstylemd","https:\/\/www.instagram.com\/xstyle_md\/","https:\/\/t.me\/xstyle_outdoor"],"hasMerchantReturnPolicy":{"@type":"MerchantReturnPolicy","merchantReturnLink":"https:\/\/xstyle.md\/ro\/conditions\/"}}]},"product_price_amount":"1970.00","product_price_currency":"MDL","og_availability":"instock","product_availability":"instock","product_retailer_item_id":"9327868067084","product_condition":"new"},"post_mailing_queue_ids":[],"_links":{"self":[{"href":"https:\/\/xstyle.md\/ro\/wp-json\/wp\/v2\/product\/96947","targetHints":{"allow":["GET"]}}],"collection":[{"href":"https:\/\/xstyle.md\/ro\/wp-json\/wp\/v2\/product"}],"about":[{"href":"https:\/\/xstyle.md\/ro\/wp-json\/wp\/v2\/types\/product"}],"replies":[{"embeddable":true,"href":"https:\/\/xstyle.md\/ro\/wp-json\/wp\/v2\/comments?post=96947"}],"wp:featuredmedia":[{"embeddable":true,"href":"https:\/\/xstyle.md\/ro\/wp-json\/wp\/v2\/media\/101450"}],"wp:attachment":[{"href":"https:\/\/xstyle.md\/ro\/wp-json\/wp\/v2\/media?parent=96947"}],"wp:term":[{"taxonomy":"product_brand","embeddable":true,"href":"https:\/\/xstyle.md\/ro\/wp-json\/wp\/v2\/product_brand?post=96947"},{"taxonomy":"product_cat","embeddable":true,"href":"https:\/\/xstyle.md\/ro\/wp-json\/wp\/v2\/product_cat?post=96947"},{"taxonomy":"product_tag","embeddable":true,"href":"https:\/\/xstyle.md\/ro\/wp-json\/wp\/v2\/product_tag?post=96947"}],"curies":[{"name":"wp","href":"https:\/\/api.w.org\/{rel}","templated":true}]}}