{"id":96942,"date":"2025-09-25T11:20:49","date_gmt":"2025-09-25T08:20:49","guid":{"rendered":"https:\/\/xstyle.md\/?post_type=product&#038;p=96942"},"modified":"2026-02-19T13:28:03","modified_gmt":"2026-02-19T10:28:03","slug":"fonar-nalobnyj-petzl-pixa-r","status":"publish","type":"product","link":"https:\/\/xstyle.md\/ro\/produs\/fonar-nalobnyj-petzl-pixa-r\/","title":{"rendered":"Lantern\u0103 frontal\u0103 Petzl PIXA R"},"content":{"rendered":"<p><br \/>\n<strong>Lantern\u0103 frontal\u0103 Petzl PIXA R<\/strong> &#8212; este o lantern\u0103 frontal\u0103 re\u00eenc\u0103rcabil\u0103, compact\u0103 \u0219i ultra-durabil\u0103 (600 lm, 138 g, IP68, IK08), conceput\u0103 pentru uz profesional \u00een medii solicitante. Aceasta este echipat\u0103 cu un fascicul multifunc\u021bional (lat, mixt \u0219i focalizat), mod BOOST \u0219i tehnologie CONSTANT LIGHTING. Dispune de un acumulator integrat \u0219i deta\u0219abil CORE PRO (1250 mAh), care poate fi \u00eenc\u0103rcat \u0219i direct \u00een corpul lanternei prin intermediul unui conector magnetic. Lanterna are un selector rotativ ce poate fi utilizat cu m\u0103nu\u0219i, include suportul de montare pe casc\u0103 SLOT ADAPT, o band\u0103 elastic\u0103 lavabil\u0103 \u0219i o pozi\u021bie de stocare care protejeaz\u0103 lentila \u0219i previne activarea accidental\u0103.<\/p>\n<h3>Particularit\u0103\u021bi<\/h3>\n<ul>\n<li>Include o plac\u0103 special\u0103 pentru montarea direct\u0103 pe casc\u0103, f\u0103r\u0103 banda elastic\u0103<\/li>\n<li>Acumulator Litiu-Polimer cu \u00eenc\u0103rcare rapid\u0103 \u00een 3 ore<\/li>\n<li>Raz\u0103 de lumin\u0103 lat\u0103 \u0219i uniform\u0103<\/li>\n<li>Raz\u0103 de lumin\u0103 mixt\u0103, cu o component\u0103 focalizat\u0103 pentru orientare confortabil\u0103<\/li>\n<li>Raz\u0103 de lumin\u0103 puternic\u0103 focalizat\u0103<\/li>\n<li>CONSTANT LIGHTING &#8212; intensitate constant\u0103 a luminii pe toat\u0103 durata de func\u021bionare a acumulatorului<\/li>\n<li>Iluminare de rezerv\u0103 &#8212; 10 lumeni timp de 1,5 ore c\u00e2nd acumulatorul este aproape desc\u0103rcat<\/li>\n<li>Rezisten\u021b\u0103 excelent\u0103 la impact &#8212; c\u0103deri de p\u00e2n\u0103 la 2 metri \u0219i strivire la 80 kg<\/li>\n<li>Pozi\u021bia de stocare protejeaz\u0103 lentila \u0219i previne activarea accidental\u0103<\/li>\n<li>Poate fi utilizat\u0103 \u00een medii cu risc de explozie (ATEX: Zone 2\/22)<\/li>\n<li>Band\u0103 reglabil\u0103, deta\u0219abil\u0103 \u0219i lavabil\u0103; indicator de \u00eenc\u0103rcare (LED ro\u0219u intermitent)<\/li>\n<li>Impermeabilitate &#8212; rezisten\u021b\u0103 IP67 (p\u00e2n\u0103 la -1m timp de 30 min), nu necesit\u0103 \u00eentre\u021binere special\u0103 dup\u0103 submersie<\/li>\n<li>U\u0219or de utilizat (chiar \u0219i cu m\u0103nu\u0219i) &#8212; selector rotativ pentru moduri \u0219i corp orientabil p\u00e2n\u0103 la 45\u00b0<\/li>\n<\/ul>\n<h3>Caracteristici<\/h3>\n<ul>\n<li>Putere maxim\u0103 &#8212; 600 lumeni<\/li>\n<li>Protec\u021bie la ap\u0103 &#8212; IP68 (impermeabilitate total\u0103)<\/li>\n<li>Rezisten\u021b\u0103 la impact &#8212; IK08 (ultra-robust\u0103)<\/li>\n<li>\u00cenc\u0103rcare &#8212; magnetic\u0103 sau direct \u00een acumulator<\/li>\n<li>Montare pe casc\u0103 &#8212; sistem SLOT ADAPT inclus<\/li>\n<\/ul>\n<p><\/p>\n<h3>Marca<\/h3>\n<h3><\/h3>\n<p>PETZL  -  este un brand de renume mondial care produce echipamente specializate pentru alpinism, speologie, escalad\u0103 \u0219i alpinism utilitar. Compania a fost fondat\u0103 de Fernand Petzl, un pasionat de explorarea pe\u0219terilor \u00eentreaga sa via\u021b\u0103. La mijlocul anilor '70, pasiunea sa \u0219i afacerea de familie s-au transformat \u00een ceva mult mai mare. Fernand a \u00eenceput s\u0103 modifice dispozitivele existente utilizate \u00een speologie, iar ulterior s\u0103 inventeze altele complet noi.<\/p>\n<p>Gama de produse a companiei s-a extins c\u0103tre sistemele de iluminare, deoarece \u00een \u00eentunericul pe\u0219terilor aceasta este una dintre cele mai importante componente ale echipamentului necesar. Dup\u0103 speologie, PETZL s-a dedicat cre\u0103rii de echipamente pentru alpini\u0219ti \u0219i practican\u021bi de escalad\u0103, iar ulterior pentru lucrul la \u00een\u0103l\u021bime.<\/p>\n<p>Misiunea PETZL const\u0103 \u00een crearea unor instrumente inovatoare care s\u0103 permit\u0103 b\u0103rba\u021bilor \u0219i femeilor s\u0103 ating\u0103 noi \u00een\u0103l\u021bimi pe vertical\u0103 \u0219i s\u0103 le lumineze calea \u00een \u00eentuneric. Compania se afl\u0103 \u00eentr-o c\u0103utare continu\u0103 a celor mai bune solu\u021bii \u00een toate domeniile sale de activitate. Performan\u021ba, ergonomia, confortul \u0219i, mai presus de toate, siguran\u021ba sunt cele mai importante criterii \u00een acest demers. \u201eAccess the inaccessible\u201d (Accesarea inaccesibilului) este deviza sa de lung\u0103 durat\u0103.<\/p>","protected":false},"excerpt":{"rendered":"<p>\u0411\u0440\u0435\u043d\u0434 PETZL &#8212; \u0432\u0441\u0435\u043c\u0438\u0440\u043d\u043e \u0438\u0437\u0432\u0435\u0441\u0442\u043d\u044b\u0439 \u0431\u0440\u0435\u043d\u0434, \u043f\u0440\u043e\u0438\u0437\u0432\u043e\u0434\u044f\u0449\u0438\u0439 \u0441\u043f\u0435\u0446\u0438\u0430\u043b\u044c\u043d\u043e\u0435 \u0441\u043d\u0430\u0440\u044f\u0436\u0435\u043d\u0438\u044f \u0434\u043b\u044f \u0430\u043b\u044c\u043f\u0438\u043d\u0438\u0437\u043c\u0430, \u0441\u043f\u0435\u043b\u0435\u043e\u043b\u043e\u0433\u0438\u0438, \u0441\u043a\u0430\u043b\u043e\u043b\u0430\u0437\u0430\u043d\u0438\u044f \u0438 \u043f\u0440\u043e\u043c\u044b\u0448\u043b\u0435\u043d\u043d\u043e\u0433\u043e \u0430\u043b\u044c\u043f\u0438\u043d\u0438\u0437\u043c\u0430. \u041a\u043e\u043c\u043f\u0430\u043d\u0438\u044f \u0431\u044b\u043b\u0430 \u043e\u0441\u043d\u043e\u0432\u0430\u043d\u0430 \u0424\u0435\u0440\u043d\u0430\u043d\u0434\u043e\u043c \u041f\u0435\u0442\u0446\u0435\u043b\u0435\u043c, \u0447\u0435\u043b\u043e\u0432\u0435\u043a\u043e\u043c, \u043a\u043e\u0442\u043e\u0440\u044b\u0439 \u0441\u0442\u0440\u0430\u0441\u0442\u043d\u043e \u0443\u0432\u043b\u0435\u043a\u0430\u043b\u0441\u044f \u043f\u0435\u0449\u0435\u0440\u0430\u043c\u0438 \u0432\u0441\u044e \u0441\u0432\u043e\u044e \u0436\u0438\u0437\u043d\u044c. \u0412 \u0441\u0435\u0440\u0435\u0434\u0438\u043d\u0435 1970-\u0445 \u0433\u043e\u0434\u043e\u0432 \u0435\u0433\u043e \u0443\u0432\u043b\u0435\u0447\u0435\u043d\u0438\u0435 \u0438 \u0441\u0435\u043c\u0435\u0439\u043d\u044b\u0439 \u0431\u0438\u0437\u043d\u0435\u0441 \u043f\u0435\u0440\u0435\u0440\u043e\u0441\u043b\u0438 \u0432 \u043d\u0435\u0447\u0442\u043e \u0431\u043e\u043b\u044c\u0448\u0435\u0435. \u0424\u0435\u0440\u043d\u0430\u043d\u0434 \u043d\u0430\u0447\u0430\u043b \u043c\u043e\u0434\u0438\u0444\u0438\u0446\u0438\u0440\u043e\u0432\u0430\u0442\u044c \u0441\u0443\u0449\u0435\u0441\u0442\u0432\u0443\u044e\u0449\u0438\u0435 \u0443\u0441\u0442\u0440\u043e\u0439\u0441\u0442\u0432\u0430, \u0438\u0441\u043f\u043e\u043b\u044c\u0437\u0443\u0435\u043c\u044b\u0435 \u0432 \u0441\u043f\u0435\u043b\u0435\u043e\u043b\u043e\u0433\u0438\u0438, \u0430 \u043f\u043e\u0442\u043e\u043c \u0438 \u0438\u0437\u043e\u0431\u0440\u0435\u0442\u0430\u0442\u044c \u0441\u043e\u0432\u0435\u0440\u0448\u0435\u043d\u043e [&hellip;]<\/p>\n","protected":false},"featured_media":101764,"comment_status":"open","ping_status":"closed","template":"","meta":{"_acf_changed":false,"inline_featured_image":false},"product_brand":[1270],"product_cat":[91],"product_tag":[],"class_list":{"0":"post-96942","1":"product","2":"type-product","3":"status-publish","4":"has-post-thumbnail","6":"product_brand-petzl","7":"product_cat-headlamps","9":"first","10":"instock","11":"shipping-taxable","12":"purchasable","13":"product-type-simple"},"acf":[],"yoast_head":"<!-- This site is optimized with the Yoast SEO plugin v27.2 - https:\/\/yoast.com\/product\/yoast-seo-wordpress\/ -->\n<title>\u0424\u043e\u043d\u0430\u0440\u044c \u043d\u0430\u043b\u043e\u0431\u043d\u044b\u0439 Petzl PIXA R - \u041c\u0430\u0433\u0430\u0437\u0438\u043d Xstyle<\/title>\n<meta name=\"robots\" content=\"index, follow, max-snippet:-1, max-image-preview:large, max-video-preview:-1\" \/>\n<link rel=\"canonical\" href=\"https:\/\/xstyle.md\/ro\/produs\/fonar-nalobnyj-petzl-pixa-r\/\" \/>\n<meta property=\"og:locale\" content=\"ro_RO\" \/>\n<meta property=\"og:type\" content=\"article\" \/>\n<meta property=\"og:title\" content=\"\u0424\u043e\u043d\u0430\u0440\u044c \u043d\u0430\u043b\u043e\u0431\u043d\u044b\u0439 Petzl PIXA R - \u041c\u0430\u0433\u0430\u0437\u0438\u043d Xstyle\" \/>\n<meta property=\"og:description\" content=\"\u0411\u0440\u0435\u043d\u0434 PETZL &#8212; \u0432\u0441\u0435\u043c\u0438\u0440\u043d\u043e \u0438\u0437\u0432\u0435\u0441\u0442\u043d\u044b\u0439 \u0431\u0440\u0435\u043d\u0434, \u043f\u0440\u043e\u0438\u0437\u0432\u043e\u0434\u044f\u0449\u0438\u0439 \u0441\u043f\u0435\u0446\u0438\u0430\u043b\u044c\u043d\u043e\u0435 \u0441\u043d\u0430\u0440\u044f\u0436\u0435\u043d\u0438\u044f \u0434\u043b\u044f \u0430\u043b\u044c\u043f\u0438\u043d\u0438\u0437\u043c\u0430, \u0441\u043f\u0435\u043b\u0435\u043e\u043b\u043e\u0433\u0438\u0438, \u0441\u043a\u0430\u043b\u043e\u043b\u0430\u0437\u0430\u043d\u0438\u044f \u0438 \u043f\u0440\u043e\u043c\u044b\u0448\u043b\u0435\u043d\u043d\u043e\u0433\u043e \u0430\u043b\u044c\u043f\u0438\u043d\u0438\u0437\u043c\u0430. \u041a\u043e\u043c\u043f\u0430\u043d\u0438\u044f \u0431\u044b\u043b\u0430 \u043e\u0441\u043d\u043e\u0432\u0430\u043d\u0430 \u0424\u0435\u0440\u043d\u0430\u043d\u0434\u043e\u043c \u041f\u0435\u0442\u0446\u0435\u043b\u0435\u043c, \u0447\u0435\u043b\u043e\u0432\u0435\u043a\u043e\u043c, \u043a\u043e\u0442\u043e\u0440\u044b\u0439 \u0441\u0442\u0440\u0430\u0441\u0442\u043d\u043e \u0443\u0432\u043b\u0435\u043a\u0430\u043b\u0441\u044f \u043f\u0435\u0449\u0435\u0440\u0430\u043c\u0438 \u0432\u0441\u044e \u0441\u0432\u043e\u044e \u0436\u0438\u0437\u043d\u044c. \u0412 \u0441\u0435\u0440\u0435\u0434\u0438\u043d\u0435 1970-\u0445 \u0433\u043e\u0434\u043e\u0432 \u0435\u0433\u043e \u0443\u0432\u043b\u0435\u0447\u0435\u043d\u0438\u0435 \u0438 \u0441\u0435\u043c\u0435\u0439\u043d\u044b\u0439 \u0431\u0438\u0437\u043d\u0435\u0441 \u043f\u0435\u0440\u0435\u0440\u043e\u0441\u043b\u0438 \u0432 \u043d\u0435\u0447\u0442\u043e \u0431\u043e\u043b\u044c\u0448\u0435\u0435. \u0424\u0435\u0440\u043d\u0430\u043d\u0434 \u043d\u0430\u0447\u0430\u043b \u043c\u043e\u0434\u0438\u0444\u0438\u0446\u0438\u0440\u043e\u0432\u0430\u0442\u044c \u0441\u0443\u0449\u0435\u0441\u0442\u0432\u0443\u044e\u0449\u0438\u0435 \u0443\u0441\u0442\u0440\u043e\u0439\u0441\u0442\u0432\u0430, \u0438\u0441\u043f\u043e\u043b\u044c\u0437\u0443\u0435\u043c\u044b\u0435 \u0432 \u0441\u043f\u0435\u043b\u0435\u043e\u043b\u043e\u0433\u0438\u0438, \u0430 \u043f\u043e\u0442\u043e\u043c \u0438 \u0438\u0437\u043e\u0431\u0440\u0435\u0442\u0430\u0442\u044c \u0441\u043e\u0432\u0435\u0440\u0448\u0435\u043d\u043e [&hellip;]\" \/>\n<meta property=\"og:url\" content=\"https:\/\/xstyle.md\/ro\/produs\/fonar-nalobnyj-petzl-pixa-r\/\" \/>\n<meta property=\"og:site_name\" content=\"\u041c\u0430\u0433\u0430\u0437\u0438\u043d Xstyle\" \/>\n<meta property=\"article:publisher\" content=\"https:\/\/www.facebook.com\/xstylemd\" \/>\n<meta property=\"article:modified_time\" content=\"2026-02-19T10:28:03+00:00\" \/>\n<meta property=\"og:image\" content=\"https:\/\/xstyle.md\/wp-content\/uploads\/2025\/09\/petzl-pixa-r-2.webp\" \/>\n\t<meta property=\"og:image:width\" content=\"1200\" \/>\n\t<meta property=\"og:image:height\" content=\"1200\" \/>\n\t<meta property=\"og:image:type\" content=\"image\/webp\" \/>\n<meta name=\"twitter:card\" content=\"summary_large_image\" \/>\n<meta name=\"twitter:label1\" content=\"Pre\u021b\" \/>\n\t<meta name=\"twitter:data1\" content=\"2.100&nbsp;MDL\" \/>\n\t<meta name=\"twitter:label2\" content=\"Disponibilitate\" \/>\n\t<meta name=\"twitter:data2\" content=\"\u00cen stoc\" \/>\n<script type=\"application\/ld+json\" class=\"yoast-schema-graph\">{\"@context\":\"https:\/\/schema.org\",\"@graph\":[{\"@type\":\"WebPage\",\"@id\":\"https:\/\/xstyle.md\/product\/fonar-nalobnyj-petzl-pixa-r\/\",\"url\":\"https:\/\/xstyle.md\/product\/fonar-nalobnyj-petzl-pixa-r\/\",\"name\":\"\u0424\u043e\u043d\u0430\u0440\u044c \u043d\u0430\u043b\u043e\u0431\u043d\u044b\u0439 Petzl PIXA R - \u041c\u0430\u0433\u0430\u0437\u0438\u043d Xstyle\",\"isPartOf\":{\"@id\":\"https:\/\/xstyle.md\/#website\"},\"primaryImageOfPage\":{\"@id\":\"https:\/\/xstyle.md\/product\/fonar-nalobnyj-petzl-pixa-r\/#primaryimage\"},\"image\":{\"@id\":\"https:\/\/xstyle.md\/product\/fonar-nalobnyj-petzl-pixa-r\/#primaryimage\"},\"thumbnailUrl\":\"https:\/\/xstyle.md\/wp-content\/uploads\/2025\/09\/petzl-pixa-r-2.webp\",\"datePublished\":\"2025-09-25T08:20:49+00:00\",\"dateModified\":\"2026-02-19T10:28:03+00:00\",\"breadcrumb\":{\"@id\":\"https:\/\/xstyle.md\/product\/fonar-nalobnyj-petzl-pixa-r\/#breadcrumb\"},\"inLanguage\":\"ro-RO\",\"potentialAction\":[{\"@type\":\"ReadAction\",\"target\":[\"https:\/\/xstyle.md\/product\/fonar-nalobnyj-petzl-pixa-r\/\"]}]},{\"@type\":\"ImageObject\",\"inLanguage\":\"ro-RO\",\"@id\":\"https:\/\/xstyle.md\/product\/fonar-nalobnyj-petzl-pixa-r\/#primaryimage\",\"url\":\"https:\/\/xstyle.md\/wp-content\/uploads\/2025\/09\/petzl-pixa-r-2.webp\",\"contentUrl\":\"https:\/\/xstyle.md\/wp-content\/uploads\/2025\/09\/petzl-pixa-r-2.webp\",\"width\":1200,\"height\":1200,\"caption\":\"\u041d\u0430\u043b\u043e\u0431\u043d\u044b\u0439 \u0444\u043e\u043d\u0430\u0440\u044c Petzl PIXA R \u0434\u043b\u044f \u0430\u043a\u0442\u0438\u0432\u043d\u043e\u0433\u043e \u043e\u0442\u0434\u044b\u0445\u0430, \u043f\u043e\u0445\u043e\u0434\u043e\u0432, \u0442\u0443\u0440\u0438\u0437\u043c\u0430 \u0438 \u043f\u0443\u0442\u0435\u0448\u0435\u0441\u0442\u0432\u0438\u0439 \u0432 \u0438\u043d\u0442\u0435\u0440\u043d\u0435\u0442-\u043c\u0430\u0433\u0430\u0437\u0438\u043d\u0435 \u043e\u0434\u0435\u0436\u0434\u044b \u0438 \u0441\u043d\u0430\u0440\u044f\u0436\u0435\u043d\u0438\u044f \u0434\u043b\u044f \u0430\u043b\u044c\u043f\u0438\u043d\u0438\u0437\u043c\u0430, \u0442\u0443\u0440\u0438\u0437\u043c\u0430 \u0438 \u0430\u043a\u0442\u0438\u0432\u043d\u043e\u0433\u043e \u043e\u0431\u0440\u0430\u0437\u0430 \u0436\u0438\u0437\u043d\u0438\"},{\"@type\":\"BreadcrumbList\",\"@id\":\"https:\/\/xstyle.md\/product\/fonar-nalobnyj-petzl-pixa-r\/#breadcrumb\",\"itemListElement\":[{\"@type\":\"ListItem\",\"position\":1,\"name\":\"\u0413\u043b\u0430\u0432\u043d\u0430\u044f \u0441\u0442\u0440\u0430\u043d\u0438\u0446\u0430\",\"item\":\"https:\/\/xstyle.md\/\"},{\"@type\":\"ListItem\",\"position\":2,\"name\":\"\u041c\u0430\u0433\u0430\u0437\u0438\u043d\",\"item\":\"https:\/\/xstyle.md\/shop\/\"},{\"@type\":\"ListItem\",\"position\":3,\"name\":\"\u0424\u043e\u043d\u0430\u0440\u044c \u043d\u0430\u043b\u043e\u0431\u043d\u044b\u0439 Petzl PIXA R\"}]},{\"@type\":\"WebSite\",\"@id\":\"https:\/\/xstyle.md\/#website\",\"url\":\"https:\/\/xstyle.md\/\",\"name\":\"\u041c\u0430\u0433\u0430\u0437\u0438\u043d Xstyle\",\"description\":\"C\u043d\u0430\u0440\u044f\u0436\u0435\u043d\u0438\u0435 \u0434\u043b\u044f \u0442\u0443\u0440\u0438\u0437\u043c\u0430 \u0438 \u044d\u043a\u0441\u0442\u0440\u0435\u043c\u0430\u043b\u044c\u043d\u044b\u0445 \u0432\u0438\u0434\u043e\u0432 \u0441\u043f\u043e\u0440\u0442\u0430 \u0432 \u041c\u043e\u043b\u0434\u043e\u0432\u0435.. \u0426\u0435\u043d\u044b, \u0444\u043e\u0442\u043e, \u0445\u0430\u0440\u0430\u043a\u0442\u0435\u0440\u0438\u0441\u0442\u0438\u043a\u0438 \u0432 \u041c\u043e\u043b\u0434\u043e\u0432\u0435.\",\"publisher\":{\"@id\":\"https:\/\/xstyle.md\/#organization\"},\"alternateName\":\"X-Style\",\"potentialAction\":[{\"@type\":\"SearchAction\",\"target\":{\"@type\":\"EntryPoint\",\"urlTemplate\":\"https:\/\/xstyle.md\/?s={search_term_string}\"},\"query-input\":{\"@type\":\"PropertyValueSpecification\",\"valueRequired\":true,\"valueName\":\"search_term_string\"}}],\"inLanguage\":\"ro-RO\"},{\"@type\":\"Organization\",\"@id\":\"https:\/\/xstyle.md\/#organization\",\"name\":\"\u041c\u0430\u0433\u0430\u0437\u0438\u043d Xstyle\",\"alternateName\":\"x-style\",\"url\":\"https:\/\/xstyle.md\/\",\"logo\":{\"@type\":\"ImageObject\",\"inLanguage\":\"ro-RO\",\"@id\":\"https:\/\/xstyle.md\/#\/schema\/logo\/image\/\",\"url\":\"https:\/\/xstyle.md\/wp-content\/uploads\/2020\/06\/logoicon.svg\",\"contentUrl\":\"https:\/\/xstyle.md\/wp-content\/uploads\/2020\/06\/logoicon.svg\",\"caption\":\"\u041c\u0430\u0433\u0430\u0437\u0438\u043d Xstyle\"},\"image\":{\"@id\":\"https:\/\/xstyle.md\/#\/schema\/logo\/image\/\"},\"sameAs\":[\"https:\/\/www.facebook.com\/xstylemd\",\"https:\/\/www.instagram.com\/xstyle_md\/\",\"https:\/\/t.me\/xstyle_outdoor\"],\"hasMerchantReturnPolicy\":{\"@type\":\"MerchantReturnPolicy\",\"merchantReturnLink\":\"https:\/\/xstyle.md\/ro\/conditions\/\"}}]}<\/script>\n<meta property=\"product:price:amount\" content=\"2100.00\" \/>\n<meta property=\"product:price:currency\" content=\"MDL\" \/>\n<meta property=\"og:availability\" content=\"instock\" \/>\n<meta property=\"product:availability\" content=\"instock\" \/>\n<meta property=\"product:retailer_item_id\" content=\"3342540846791\" \/>\n<meta property=\"product:condition\" content=\"new\" \/>\n<!-- \/ Yoast SEO plugin. -->","yoast_head_json":{"title":"\u0424\u043e\u043d\u0430\u0440\u044c \u043d\u0430\u043b\u043e\u0431\u043d\u044b\u0439 Petzl PIXA R - \u041c\u0430\u0433\u0430\u0437\u0438\u043d Xstyle","robots":{"index":"index","follow":"follow","max-snippet":"max-snippet:-1","max-image-preview":"max-image-preview:large","max-video-preview":"max-video-preview:-1"},"canonical":"https:\/\/xstyle.md\/ro\/produs\/fonar-nalobnyj-petzl-pixa-r\/","og_locale":"ro_RO","og_type":"article","og_title":"\u0424\u043e\u043d\u0430\u0440\u044c \u043d\u0430\u043b\u043e\u0431\u043d\u044b\u0439 Petzl PIXA R - \u041c\u0430\u0433\u0430\u0437\u0438\u043d Xstyle","og_description":"\u0411\u0440\u0435\u043d\u0434 PETZL &#8212; \u0432\u0441\u0435\u043c\u0438\u0440\u043d\u043e \u0438\u0437\u0432\u0435\u0441\u0442\u043d\u044b\u0439 \u0431\u0440\u0435\u043d\u0434, \u043f\u0440\u043e\u0438\u0437\u0432\u043e\u0434\u044f\u0449\u0438\u0439 \u0441\u043f\u0435\u0446\u0438\u0430\u043b\u044c\u043d\u043e\u0435 \u0441\u043d\u0430\u0440\u044f\u0436\u0435\u043d\u0438\u044f \u0434\u043b\u044f \u0430\u043b\u044c\u043f\u0438\u043d\u0438\u0437\u043c\u0430, \u0441\u043f\u0435\u043b\u0435\u043e\u043b\u043e\u0433\u0438\u0438, \u0441\u043a\u0430\u043b\u043e\u043b\u0430\u0437\u0430\u043d\u0438\u044f \u0438 \u043f\u0440\u043e\u043c\u044b\u0448\u043b\u0435\u043d\u043d\u043e\u0433\u043e \u0430\u043b\u044c\u043f\u0438\u043d\u0438\u0437\u043c\u0430. \u041a\u043e\u043c\u043f\u0430\u043d\u0438\u044f \u0431\u044b\u043b\u0430 \u043e\u0441\u043d\u043e\u0432\u0430\u043d\u0430 \u0424\u0435\u0440\u043d\u0430\u043d\u0434\u043e\u043c \u041f\u0435\u0442\u0446\u0435\u043b\u0435\u043c, \u0447\u0435\u043b\u043e\u0432\u0435\u043a\u043e\u043c, \u043a\u043e\u0442\u043e\u0440\u044b\u0439 \u0441\u0442\u0440\u0430\u0441\u0442\u043d\u043e \u0443\u0432\u043b\u0435\u043a\u0430\u043b\u0441\u044f \u043f\u0435\u0449\u0435\u0440\u0430\u043c\u0438 \u0432\u0441\u044e \u0441\u0432\u043e\u044e \u0436\u0438\u0437\u043d\u044c. \u0412 \u0441\u0435\u0440\u0435\u0434\u0438\u043d\u0435 1970-\u0445 \u0433\u043e\u0434\u043e\u0432 \u0435\u0433\u043e \u0443\u0432\u043b\u0435\u0447\u0435\u043d\u0438\u0435 \u0438 \u0441\u0435\u043c\u0435\u0439\u043d\u044b\u0439 \u0431\u0438\u0437\u043d\u0435\u0441 \u043f\u0435\u0440\u0435\u0440\u043e\u0441\u043b\u0438 \u0432 \u043d\u0435\u0447\u0442\u043e \u0431\u043e\u043b\u044c\u0448\u0435\u0435. \u0424\u0435\u0440\u043d\u0430\u043d\u0434 \u043d\u0430\u0447\u0430\u043b \u043c\u043e\u0434\u0438\u0444\u0438\u0446\u0438\u0440\u043e\u0432\u0430\u0442\u044c \u0441\u0443\u0449\u0435\u0441\u0442\u0432\u0443\u044e\u0449\u0438\u0435 \u0443\u0441\u0442\u0440\u043e\u0439\u0441\u0442\u0432\u0430, \u0438\u0441\u043f\u043e\u043b\u044c\u0437\u0443\u0435\u043c\u044b\u0435 \u0432 \u0441\u043f\u0435\u043b\u0435\u043e\u043b\u043e\u0433\u0438\u0438, \u0430 \u043f\u043e\u0442\u043e\u043c \u0438 \u0438\u0437\u043e\u0431\u0440\u0435\u0442\u0430\u0442\u044c \u0441\u043e\u0432\u0435\u0440\u0448\u0435\u043d\u043e [&hellip;]","og_url":"https:\/\/xstyle.md\/ro\/produs\/fonar-nalobnyj-petzl-pixa-r\/","og_site_name":"\u041c\u0430\u0433\u0430\u0437\u0438\u043d Xstyle","article_publisher":"https:\/\/www.facebook.com\/xstylemd","article_modified_time":"2026-02-19T10:28:03+00:00","og_image":[{"width":1200,"height":1200,"url":"https:\/\/xstyle.md\/wp-content\/uploads\/2025\/09\/petzl-pixa-r-2.webp","type":"image\/webp"}],"twitter_card":"summary_large_image","twitter_misc":{"Pre\u021b":"2.100&nbsp;MDL","Disponibilitate":"\u00cen stoc"},"schema":{"@context":"https:\/\/schema.org","@graph":[{"@type":"WebPage","@id":"https:\/\/xstyle.md\/product\/fonar-nalobnyj-petzl-pixa-r\/","url":"https:\/\/xstyle.md\/product\/fonar-nalobnyj-petzl-pixa-r\/","name":"\u0424\u043e\u043d\u0430\u0440\u044c \u043d\u0430\u043b\u043e\u0431\u043d\u044b\u0439 Petzl PIXA R - \u041c\u0430\u0433\u0430\u0437\u0438\u043d Xstyle","isPartOf":{"@id":"https:\/\/xstyle.md\/#website"},"primaryImageOfPage":{"@id":"https:\/\/xstyle.md\/product\/fonar-nalobnyj-petzl-pixa-r\/#primaryimage"},"image":{"@id":"https:\/\/xstyle.md\/product\/fonar-nalobnyj-petzl-pixa-r\/#primaryimage"},"thumbnailUrl":"https:\/\/xstyle.md\/wp-content\/uploads\/2025\/09\/petzl-pixa-r-2.webp","datePublished":"2025-09-25T08:20:49+00:00","dateModified":"2026-02-19T10:28:03+00:00","breadcrumb":{"@id":"https:\/\/xstyle.md\/product\/fonar-nalobnyj-petzl-pixa-r\/#breadcrumb"},"inLanguage":"ro-RO","potentialAction":[{"@type":"ReadAction","target":["https:\/\/xstyle.md\/product\/fonar-nalobnyj-petzl-pixa-r\/"]}]},{"@type":"ImageObject","inLanguage":"ro-RO","@id":"https:\/\/xstyle.md\/product\/fonar-nalobnyj-petzl-pixa-r\/#primaryimage","url":"https:\/\/xstyle.md\/wp-content\/uploads\/2025\/09\/petzl-pixa-r-2.webp","contentUrl":"https:\/\/xstyle.md\/wp-content\/uploads\/2025\/09\/petzl-pixa-r-2.webp","width":1200,"height":1200,"caption":"\u041d\u0430\u043b\u043e\u0431\u043d\u044b\u0439 \u0444\u043e\u043d\u0430\u0440\u044c Petzl PIXA R \u0434\u043b\u044f \u0430\u043a\u0442\u0438\u0432\u043d\u043e\u0433\u043e \u043e\u0442\u0434\u044b\u0445\u0430, \u043f\u043e\u0445\u043e\u0434\u043e\u0432, \u0442\u0443\u0440\u0438\u0437\u043c\u0430 \u0438 \u043f\u0443\u0442\u0435\u0448\u0435\u0441\u0442\u0432\u0438\u0439 \u0432 \u0438\u043d\u0442\u0435\u0440\u043d\u0435\u0442-\u043c\u0430\u0433\u0430\u0437\u0438\u043d\u0435 \u043e\u0434\u0435\u0436\u0434\u044b \u0438 \u0441\u043d\u0430\u0440\u044f\u0436\u0435\u043d\u0438\u044f \u0434\u043b\u044f \u0430\u043b\u044c\u043f\u0438\u043d\u0438\u0437\u043c\u0430, \u0442\u0443\u0440\u0438\u0437\u043c\u0430 \u0438 \u0430\u043a\u0442\u0438\u0432\u043d\u043e\u0433\u043e \u043e\u0431\u0440\u0430\u0437\u0430 \u0436\u0438\u0437\u043d\u0438"},{"@type":"BreadcrumbList","@id":"https:\/\/xstyle.md\/product\/fonar-nalobnyj-petzl-pixa-r\/#breadcrumb","itemListElement":[{"@type":"ListItem","position":1,"name":"\u0413\u043b\u0430\u0432\u043d\u0430\u044f \u0441\u0442\u0440\u0430\u043d\u0438\u0446\u0430","item":"https:\/\/xstyle.md\/"},{"@type":"ListItem","position":2,"name":"\u041c\u0430\u0433\u0430\u0437\u0438\u043d","item":"https:\/\/xstyle.md\/shop\/"},{"@type":"ListItem","position":3,"name":"\u0424\u043e\u043d\u0430\u0440\u044c \u043d\u0430\u043b\u043e\u0431\u043d\u044b\u0439 Petzl PIXA R"}]},{"@type":"WebSite","@id":"https:\/\/xstyle.md\/#website","url":"https:\/\/xstyle.md\/","name":"Magazinul X-Style","description":"Echipamente pentru turism \u0219i sporturi extreme \u00een Moldova. Pre\u021buri, fotografii, caracteristici \u00een Moldova.","publisher":{"@id":"https:\/\/xstyle.md\/#organization"},"alternateName":"X-Style","potentialAction":[{"@type":"SearchAction","target":{"@type":"EntryPoint","urlTemplate":"https:\/\/xstyle.md\/?s={search_term_string}"},"query-input":{"@type":"PropertyValueSpecification","valueRequired":true,"valueName":"search_term_string"}}],"inLanguage":"ro-RO"},{"@type":"Organization","@id":"https:\/\/xstyle.md\/#organization","name":"Magazinul X-Style","alternateName":"x-style","url":"https:\/\/xstyle.md\/","logo":{"@type":"ImageObject","inLanguage":"ro-RO","@id":"https:\/\/xstyle.md\/#\/schema\/logo\/image\/","url":"https:\/\/xstyle.md\/wp-content\/uploads\/2020\/06\/logoicon.svg","contentUrl":"https:\/\/xstyle.md\/wp-content\/uploads\/2020\/06\/logoicon.svg","caption":"\u041c\u0430\u0433\u0430\u0437\u0438\u043d Xstyle"},"image":{"@id":"https:\/\/xstyle.md\/#\/schema\/logo\/image\/"},"sameAs":["https:\/\/www.facebook.com\/xstylemd","https:\/\/www.instagram.com\/xstyle_md\/","https:\/\/t.me\/xstyle_outdoor"],"hasMerchantReturnPolicy":{"@type":"MerchantReturnPolicy","merchantReturnLink":"https:\/\/xstyle.md\/ro\/conditions\/"}}]},"product_price_amount":"2100.00","product_price_currency":"MDL","og_availability":"instock","product_availability":"instock","product_retailer_item_id":"3342540846791","product_condition":"new"},"post_mailing_queue_ids":[],"_links":{"self":[{"href":"https:\/\/xstyle.md\/ro\/wp-json\/wp\/v2\/product\/96942","targetHints":{"allow":["GET"]}}],"collection":[{"href":"https:\/\/xstyle.md\/ro\/wp-json\/wp\/v2\/product"}],"about":[{"href":"https:\/\/xstyle.md\/ro\/wp-json\/wp\/v2\/types\/product"}],"replies":[{"embeddable":true,"href":"https:\/\/xstyle.md\/ro\/wp-json\/wp\/v2\/comments?post=96942"}],"wp:featuredmedia":[{"embeddable":true,"href":"https:\/\/xstyle.md\/ro\/wp-json\/wp\/v2\/media\/101764"}],"wp:attachment":[{"href":"https:\/\/xstyle.md\/ro\/wp-json\/wp\/v2\/media?parent=96942"}],"wp:term":[{"taxonomy":"product_brand","embeddable":true,"href":"https:\/\/xstyle.md\/ro\/wp-json\/wp\/v2\/product_brand?post=96942"},{"taxonomy":"product_cat","embeddable":true,"href":"https:\/\/xstyle.md\/ro\/wp-json\/wp\/v2\/product_cat?post=96942"},{"taxonomy":"product_tag","embeddable":true,"href":"https:\/\/xstyle.md\/ro\/wp-json\/wp\/v2\/product_tag?post=96942"}],"curies":[{"name":"wp","href":"https:\/\/api.w.org\/{rel}","templated":true}]}}