{"id":96937,"date":"2025-09-25T11:20:47","date_gmt":"2025-09-25T08:20:47","guid":{"rendered":"https:\/\/xstyle.md\/?post_type=product&#038;p=96937"},"modified":"2026-03-25T13:29:30","modified_gmt":"2026-03-25T10:29:30","slug":"sumka-holodilnik-mobicool-hlc-12-pc-castlerock-grey-hard-liner-cooler","status":"publish","type":"product","link":"https:\/\/xstyle.md\/ro\/produs\/sumka-holodilnik-mobicool-hlc-12-pc-castlerock-grey-hard-liner-cooler\/","title":{"rendered":"Geant\u0103 izoterm\u0103 Igloo HLC 12 PC Castlerock Grey Hard Liner Cooler"},"content":{"rendered":"<\/p>\n<p><strong>Geant\u0103 izoterm\u0103 Igloo HLC 12 PC Castlerock Grey Hard Liner Cooler<\/strong> &#8212; fabricat\u0103 din poliester de 600 denieri cu \u00eenveli\u0219 TPE pentru a asigura o utilizare de lung\u0103 durat\u0103. Izola\u021bia Maxcold a fost m\u0103rit\u0103 cu 25% pentru a men\u021bine alimentele \u0219i b\u0103uturile reci pentru mai mult timp. Capacul este prev\u0103zut cu o trap\u0103 superioar\u0103 pentru acces rapid, iar buzunarul frontal ad\u00e2nc, cu falduri, ofer\u0103 spa\u021biu suplimentar de depozitare. Dispune de accesorii durabile, rezistente la coroziune, iar dimensiunea compact\u0103 este ideal\u0103 pentru ambarca\u021biuni \u0219i depozitare facil\u0103. Include o curea de um\u0103r c\u0103ptu\u0219it\u0103 \u0219i reglabil\u0103, precum \u0219i o c\u0103ptu\u0219eal\u0103 moale etan\u0219\u0103, u\u0219or de cur\u0103\u021bat, \u0219i un compartiment interior din plastic rigid, deta\u0219abil.<\/p>\n<h3>Caracteristici<\/h3>\n<ul>\n<li>Culoare &#8212; castlerock (gri \u00eenchis)<\/li>\n<li>Material &#8212; poliester<\/li>\n<li>Informa\u021bii ambalaj &#8212; cutie<\/li>\n<li>Capacitate &#8212; 0.5 Galoane (aprox. 1.9 litri \/ 12 doze)<\/li>\n<li>Greutate produs &#8212; 1.55 kg<\/li>\n<li>Caracteristic\u0103 special\u0103 &#8212; etan\u0219\u0103 (anti-scurgere)<\/li>\n<li>Componente incluse &#8212; HLC 12 (Castlerock)<\/li>\n<li>Utilizare recomandat\u0103 &#8212; picnic<\/li>\n<\/ul>\n<p><\/p>\n<h3>Marca<\/h3>\n<p>Igloo  -  este un brand american iconic, fiind lider mondial de peste 75 de ani \u00een produc\u021bia de l\u0103zi frigorifice \u0219i gen\u021bi izoterme. Fondat\u0103 \u00een 1947, compania a revolu\u021bionat modul \u00een care ne bucur\u0103m de activit\u0103\u021bile \u00een aer liber, cre\u00e2nd primul r\u0103citor de ap\u0103 din metal din lume.<\/p>\n<p>Ast\u0103zi, produsele Igloo sunt apreciate pentru durabilitatea lor excep\u021bional\u0103, utilizarea materialelor inovatoare (precum spuma ecologic\u0103 Thermecool) \u0219i designul modern. Fie c\u0103 este vorba despre o lad\u0103 frigorific\u0103 rigid\u0103 pentru expedi\u021bii lungi sau o geant\u0103 compact\u0103 pentru pr\u00e2nz, Igloo garanteaz\u0103 men\u021binerea prospe\u021bimii alimentelor chiar \u0219i \u00een cele mai toride zile de var\u0103.<\/p>","protected":false},"excerpt":{"rendered":"<p>\u0411\u0440\u0435\u043d\u0434 Igloo \u2014 \u044d\u0442\u043e \u043b\u0435\u0433\u0435\u043d\u0434\u0430\u0440\u043d\u044b\u0439 \u0430\u043c\u0435\u0440\u0438\u043a\u0430\u043d\u0441\u043a\u0438\u0439 \u0431\u0440\u0435\u043d\u0434, \u043a\u043e\u0442\u043e\u0440\u044b\u0439 \u0443\u0436\u0435 \u0431\u043e\u043b\u0435\u0435 75 \u043b\u0435\u0442 \u044f\u0432\u043b\u044f\u0435\u0442\u0441\u044f \u043c\u0438\u0440\u043e\u0432\u044b\u043c \u043b\u0438\u0434\u0435\u0440\u043e\u043c \u0432 \u043f\u0440\u043e\u0438\u0437\u0432\u043e\u0434\u0441\u0442\u0432\u0435 \u0438\u0437\u043e\u0442\u0435\u0440\u043c\u0438\u0447\u0435\u0441\u043a\u0438\u0445 \u043a\u043e\u043d\u0442\u0435\u0439\u043d\u0435\u0440\u043e\u0432 \u0438 \u0442\u0435\u0440\u043c\u043e\u0441\u0443\u043c\u043e\u043a. \u0418\u043c\u0435\u043d\u043d\u043e \u044d\u0442\u0430 \u043a\u043e\u043c\u043f\u0430\u043d\u0438\u044f \u0432 1947 \u0433\u043e\u0434\u0443 \u0441\u043e\u0437\u0434\u0430\u043b\u0430 \u043f\u0435\u0440\u0432\u044b\u0439 \u0432 \u043c\u0438\u0440\u0435 \u043c\u0435\u0442\u0430\u043b\u043b\u0438\u0447\u0435\u0441\u043a\u0438\u0439 \u043a\u0443\u043b\u0435\u0440 \u0434\u043b\u044f \u0432\u043e\u0434\u044b, \u043d\u0430\u0432\u0441\u0435\u0433\u0434\u0430 \u0438\u0437\u043c\u0435\u043d\u0438\u0432 \u043a\u0443\u043b\u044c\u0442\u0443\u0440\u0443 \u043e\u0442\u0434\u044b\u0445\u0430 \u043d\u0430 \u043f\u0440\u0438\u0440\u043e\u0434\u0435. \u0421\u0435\u0433\u043e\u0434\u043d\u044f \u043f\u0440\u043e\u0434\u0443\u043a\u0446\u0438\u044f Igloo \u0446\u0435\u043d\u0438\u0442\u0441\u044f \u0437\u0430 \u0438\u0441\u043a\u043b\u044e\u0447\u0438\u0442\u0435\u043b\u044c\u043d\u0443\u044e \u0434\u043e\u043b\u0433\u043e\u0432\u0435\u0447\u043d\u043e\u0441\u0442\u044c, \u0438\u0441\u043f\u043e\u043b\u044c\u0437\u043e\u0432\u0430\u043d\u0438\u0435 \u0438\u043d\u043d\u043e\u0432\u0430\u0446\u0438\u043e\u043d\u043d\u044b\u0445 \u043c\u0430\u0442\u0435\u0440\u0438\u0430\u043b\u043e\u0432 (\u0442\u0430\u043a\u0438\u0445 \u043a\u0430\u043a \u044d\u043a\u043e-\u043f\u0435\u043d\u0430 Thermecool) [&hellip;]<\/p>\n","protected":false},"featured_media":104119,"comment_status":"open","ping_status":"closed","template":"","meta":{"_acf_changed":false,"inline_featured_image":false},"product_brand":[1510],"product_cat":[539],"product_tag":[],"class_list":{"0":"post-96937","1":"product","2":"type-product","3":"status-publish","4":"has-post-thumbnail","6":"product_brand-igloo","7":"product_cat-icebox","9":"first","10":"instock","11":"shipping-taxable","12":"purchasable","13":"product-type-simple"},"acf":[],"yoast_head":"<!-- This site is optimized with the Yoast SEO plugin v27.2 - https:\/\/yoast.com\/product\/yoast-seo-wordpress\/ -->\n<title>\u0421\u0443\u043c\u043a\u0430-\u0445\u043e\u043b\u043e\u0434\u0438\u043b\u044c\u043d\u0438\u043a Igloo HLC 12 PC Castlerock Grey Hard Liner Cooler - \u041c\u0430\u0433\u0430\u0437\u0438\u043d Xstyle<\/title>\n<meta name=\"robots\" content=\"index, follow, max-snippet:-1, max-image-preview:large, max-video-preview:-1\" \/>\n<link rel=\"canonical\" href=\"https:\/\/xstyle.md\/ro\/produs\/sumka-holodilnik-mobicool-hlc-12-pc-castlerock-grey-hard-liner-cooler\/\" \/>\n<meta property=\"og:locale\" content=\"ro_RO\" \/>\n<meta property=\"og:type\" content=\"article\" \/>\n<meta property=\"og:title\" content=\"\u0421\u0443\u043c\u043a\u0430-\u0445\u043e\u043b\u043e\u0434\u0438\u043b\u044c\u043d\u0438\u043a Igloo HLC 12 PC Castlerock Grey Hard Liner Cooler - \u041c\u0430\u0433\u0430\u0437\u0438\u043d Xstyle\" \/>\n<meta property=\"og:description\" content=\"\u0411\u0440\u0435\u043d\u0434 Igloo \u2014 \u044d\u0442\u043e \u043b\u0435\u0433\u0435\u043d\u0434\u0430\u0440\u043d\u044b\u0439 \u0430\u043c\u0435\u0440\u0438\u043a\u0430\u043d\u0441\u043a\u0438\u0439 \u0431\u0440\u0435\u043d\u0434, \u043a\u043e\u0442\u043e\u0440\u044b\u0439 \u0443\u0436\u0435 \u0431\u043e\u043b\u0435\u0435 75 \u043b\u0435\u0442 \u044f\u0432\u043b\u044f\u0435\u0442\u0441\u044f \u043c\u0438\u0440\u043e\u0432\u044b\u043c \u043b\u0438\u0434\u0435\u0440\u043e\u043c \u0432 \u043f\u0440\u043e\u0438\u0437\u0432\u043e\u0434\u0441\u0442\u0432\u0435 \u0438\u0437\u043e\u0442\u0435\u0440\u043c\u0438\u0447\u0435\u0441\u043a\u0438\u0445 \u043a\u043e\u043d\u0442\u0435\u0439\u043d\u0435\u0440\u043e\u0432 \u0438 \u0442\u0435\u0440\u043c\u043e\u0441\u0443\u043c\u043e\u043a. \u0418\u043c\u0435\u043d\u043d\u043e \u044d\u0442\u0430 \u043a\u043e\u043c\u043f\u0430\u043d\u0438\u044f \u0432 1947 \u0433\u043e\u0434\u0443 \u0441\u043e\u0437\u0434\u0430\u043b\u0430 \u043f\u0435\u0440\u0432\u044b\u0439 \u0432 \u043c\u0438\u0440\u0435 \u043c\u0435\u0442\u0430\u043b\u043b\u0438\u0447\u0435\u0441\u043a\u0438\u0439 \u043a\u0443\u043b\u0435\u0440 \u0434\u043b\u044f \u0432\u043e\u0434\u044b, \u043d\u0430\u0432\u0441\u0435\u0433\u0434\u0430 \u0438\u0437\u043c\u0435\u043d\u0438\u0432 \u043a\u0443\u043b\u044c\u0442\u0443\u0440\u0443 \u043e\u0442\u0434\u044b\u0445\u0430 \u043d\u0430 \u043f\u0440\u0438\u0440\u043e\u0434\u0435. \u0421\u0435\u0433\u043e\u0434\u043d\u044f \u043f\u0440\u043e\u0434\u0443\u043a\u0446\u0438\u044f Igloo \u0446\u0435\u043d\u0438\u0442\u0441\u044f \u0437\u0430 \u0438\u0441\u043a\u043b\u044e\u0447\u0438\u0442\u0435\u043b\u044c\u043d\u0443\u044e \u0434\u043e\u043b\u0433\u043e\u0432\u0435\u0447\u043d\u043e\u0441\u0442\u044c, \u0438\u0441\u043f\u043e\u043b\u044c\u0437\u043e\u0432\u0430\u043d\u0438\u0435 \u0438\u043d\u043d\u043e\u0432\u0430\u0446\u0438\u043e\u043d\u043d\u044b\u0445 \u043c\u0430\u0442\u0435\u0440\u0438\u0430\u043b\u043e\u0432 (\u0442\u0430\u043a\u0438\u0445 \u043a\u0430\u043a \u044d\u043a\u043e-\u043f\u0435\u043d\u0430 Thermecool) [&hellip;]\" \/>\n<meta property=\"og:url\" content=\"https:\/\/xstyle.md\/ro\/produs\/sumka-holodilnik-mobicool-hlc-12-pc-castlerock-grey-hard-liner-cooler\/\" \/>\n<meta property=\"og:site_name\" content=\"\u041c\u0430\u0433\u0430\u0437\u0438\u043d Xstyle\" \/>\n<meta property=\"article:publisher\" content=\"https:\/\/www.facebook.com\/xstylemd\" \/>\n<meta property=\"article:modified_time\" content=\"2026-03-25T10:29:30+00:00\" \/>\n<meta property=\"og:image\" content=\"https:\/\/xstyle.md\/wp-content\/uploads\/2025\/09\/igloo-hlc-12-pc-castlerock-grey-hard-liner-cooler.webp\" \/>\n\t<meta property=\"og:image:width\" content=\"1200\" \/>\n\t<meta property=\"og:image:height\" content=\"1200\" \/>\n\t<meta property=\"og:image:type\" content=\"image\/webp\" \/>\n<meta name=\"twitter:card\" content=\"summary_large_image\" \/>\n<meta name=\"twitter:label1\" content=\"Pre\u021b\" \/>\n\t<meta name=\"twitter:data1\" content=\"550&nbsp;MDL\" \/>\n\t<meta name=\"twitter:label2\" content=\"Disponibilitate\" \/>\n\t<meta name=\"twitter:data2\" content=\"\u00cen stoc\" \/>\n<script type=\"application\/ld+json\" class=\"yoast-schema-graph\">{\"@context\":\"https:\/\/schema.org\",\"@graph\":[{\"@type\":\"WebPage\",\"@id\":\"https:\/\/xstyle.md\/product\/sumka-holodilnik-mobicool-hlc-12-pc-castlerock-grey-hard-liner-cooler\/\",\"url\":\"https:\/\/xstyle.md\/product\/sumka-holodilnik-mobicool-hlc-12-pc-castlerock-grey-hard-liner-cooler\/\",\"name\":\"\u0421\u0443\u043c\u043a\u0430-\u0445\u043e\u043b\u043e\u0434\u0438\u043b\u044c\u043d\u0438\u043a Igloo HLC 12 PC Castlerock Grey Hard Liner Cooler - \u041c\u0430\u0433\u0430\u0437\u0438\u043d Xstyle\",\"isPartOf\":{\"@id\":\"https:\/\/xstyle.md\/#website\"},\"primaryImageOfPage\":{\"@id\":\"https:\/\/xstyle.md\/product\/sumka-holodilnik-mobicool-hlc-12-pc-castlerock-grey-hard-liner-cooler\/#primaryimage\"},\"image\":{\"@id\":\"https:\/\/xstyle.md\/product\/sumka-holodilnik-mobicool-hlc-12-pc-castlerock-grey-hard-liner-cooler\/#primaryimage\"},\"thumbnailUrl\":\"https:\/\/xstyle.md\/wp-content\/uploads\/2025\/09\/igloo-hlc-12-pc-castlerock-grey-hard-liner-cooler.webp\",\"datePublished\":\"2025-09-25T08:20:47+00:00\",\"dateModified\":\"2026-03-25T10:29:30+00:00\",\"breadcrumb\":{\"@id\":\"https:\/\/xstyle.md\/product\/sumka-holodilnik-mobicool-hlc-12-pc-castlerock-grey-hard-liner-cooler\/#breadcrumb\"},\"inLanguage\":\"ro-RO\",\"potentialAction\":[{\"@type\":\"ReadAction\",\"target\":[\"https:\/\/xstyle.md\/product\/sumka-holodilnik-mobicool-hlc-12-pc-castlerock-grey-hard-liner-cooler\/\"]}]},{\"@type\":\"ImageObject\",\"inLanguage\":\"ro-RO\",\"@id\":\"https:\/\/xstyle.md\/product\/sumka-holodilnik-mobicool-hlc-12-pc-castlerock-grey-hard-liner-cooler\/#primaryimage\",\"url\":\"https:\/\/xstyle.md\/wp-content\/uploads\/2025\/09\/igloo-hlc-12-pc-castlerock-grey-hard-liner-cooler.webp\",\"contentUrl\":\"https:\/\/xstyle.md\/wp-content\/uploads\/2025\/09\/igloo-hlc-12-pc-castlerock-grey-hard-liner-cooler.webp\",\"width\":1200,\"height\":1200,\"caption\":\"\u0422\u0435\u043f\u043b\u043e\u0432\u0430\u044f \u0441\u0443\u043c\u043a\u0430-\u0445\u043e\u043b\u043e\u0434\u0438\u043b\u044c\u043d\u0438\u043a Igloo HLC 12 PC Castlerock Grey \u0434\u043b\u044f \u0430\u043a\u0442\u0438\u0432\u043d\u043e\u0433\u043e \u043e\u0442\u0434\u044b\u0445\u0430, \u043f\u043e\u0445\u043e\u0434\u043e\u0432, \u0442\u0443\u0440\u0438\u0437\u043c\u0430, \u043f\u0443\u0442\u0435\u0448\u0435\u0441\u0442\u0432\u0438\u0439 \u0438 \u0441\u043f\u043e\u0440\u0442\u0438\u0432\u043d\u043e\u0439 \u043e\u0434\u0435\u0436\u0434\u044b \u0434\u043b\u044f \u043e\u043d\u043b\u0430\u0439\u043d-\u043c\u0430\u0433\u0430\u0437\u0438\u043d\u0430\"},{\"@type\":\"BreadcrumbList\",\"@id\":\"https:\/\/xstyle.md\/product\/sumka-holodilnik-mobicool-hlc-12-pc-castlerock-grey-hard-liner-cooler\/#breadcrumb\",\"itemListElement\":[{\"@type\":\"ListItem\",\"position\":1,\"name\":\"\u0413\u043b\u0430\u0432\u043d\u0430\u044f \u0441\u0442\u0440\u0430\u043d\u0438\u0446\u0430\",\"item\":\"https:\/\/xstyle.md\/\"},{\"@type\":\"ListItem\",\"position\":2,\"name\":\"\u041c\u0430\u0433\u0430\u0437\u0438\u043d\",\"item\":\"https:\/\/xstyle.md\/shop\/\"},{\"@type\":\"ListItem\",\"position\":3,\"name\":\"\u0421\u0443\u043c\u043a\u0430-\u0445\u043e\u043b\u043e\u0434\u0438\u043b\u044c\u043d\u0438\u043a Igloo HLC 12 PC Castlerock Grey Hard Liner Cooler\"}]},{\"@type\":\"WebSite\",\"@id\":\"https:\/\/xstyle.md\/#website\",\"url\":\"https:\/\/xstyle.md\/\",\"name\":\"\u041c\u0430\u0433\u0430\u0437\u0438\u043d Xstyle\",\"description\":\"C\u043d\u0430\u0440\u044f\u0436\u0435\u043d\u0438\u0435 \u0434\u043b\u044f \u0442\u0443\u0440\u0438\u0437\u043c\u0430 \u0438 \u044d\u043a\u0441\u0442\u0440\u0435\u043c\u0430\u043b\u044c\u043d\u044b\u0445 \u0432\u0438\u0434\u043e\u0432 \u0441\u043f\u043e\u0440\u0442\u0430 \u0432 \u041c\u043e\u043b\u0434\u043e\u0432\u0435.. \u0426\u0435\u043d\u044b, \u0444\u043e\u0442\u043e, \u0445\u0430\u0440\u0430\u043a\u0442\u0435\u0440\u0438\u0441\u0442\u0438\u043a\u0438 \u0432 \u041c\u043e\u043b\u0434\u043e\u0432\u0435.\",\"publisher\":{\"@id\":\"https:\/\/xstyle.md\/#organization\"},\"alternateName\":\"X-Style\",\"potentialAction\":[{\"@type\":\"SearchAction\",\"target\":{\"@type\":\"EntryPoint\",\"urlTemplate\":\"https:\/\/xstyle.md\/?s={search_term_string}\"},\"query-input\":{\"@type\":\"PropertyValueSpecification\",\"valueRequired\":true,\"valueName\":\"search_term_string\"}}],\"inLanguage\":\"ro-RO\"},{\"@type\":\"Organization\",\"@id\":\"https:\/\/xstyle.md\/#organization\",\"name\":\"\u041c\u0430\u0433\u0430\u0437\u0438\u043d Xstyle\",\"alternateName\":\"x-style\",\"url\":\"https:\/\/xstyle.md\/\",\"logo\":{\"@type\":\"ImageObject\",\"inLanguage\":\"ro-RO\",\"@id\":\"https:\/\/xstyle.md\/#\/schema\/logo\/image\/\",\"url\":\"https:\/\/xstyle.md\/wp-content\/uploads\/2020\/06\/logoicon.svg\",\"contentUrl\":\"https:\/\/xstyle.md\/wp-content\/uploads\/2020\/06\/logoicon.svg\",\"caption\":\"\u041c\u0430\u0433\u0430\u0437\u0438\u043d Xstyle\"},\"image\":{\"@id\":\"https:\/\/xstyle.md\/#\/schema\/logo\/image\/\"},\"sameAs\":[\"https:\/\/www.facebook.com\/xstylemd\",\"https:\/\/www.instagram.com\/xstyle_md\/\",\"https:\/\/t.me\/xstyle_outdoor\"],\"hasMerchantReturnPolicy\":{\"@type\":\"MerchantReturnPolicy\",\"merchantReturnLink\":\"https:\/\/xstyle.md\/ro\/conditions\/\"}}]}<\/script>\n<meta property=\"product:price:amount\" content=\"550.00\" \/>\n<meta property=\"product:price:currency\" content=\"MDL\" \/>\n<meta property=\"og:availability\" content=\"instock\" \/>\n<meta property=\"product:availability\" content=\"instock\" \/>\n<meta property=\"product:retailer_item_id\" content=\"34223641375\" \/>\n<meta property=\"product:condition\" content=\"new\" \/>\n<!-- \/ Yoast SEO plugin. -->","yoast_head_json":{"title":"\u0421\u0443\u043c\u043a\u0430-\u0445\u043e\u043b\u043e\u0434\u0438\u043b\u044c\u043d\u0438\u043a Igloo HLC 12 PC Castlerock Grey Hard Liner Cooler - \u041c\u0430\u0433\u0430\u0437\u0438\u043d Xstyle","robots":{"index":"index","follow":"follow","max-snippet":"max-snippet:-1","max-image-preview":"max-image-preview:large","max-video-preview":"max-video-preview:-1"},"canonical":"https:\/\/xstyle.md\/ro\/produs\/sumka-holodilnik-mobicool-hlc-12-pc-castlerock-grey-hard-liner-cooler\/","og_locale":"ro_RO","og_type":"article","og_title":"\u0421\u0443\u043c\u043a\u0430-\u0445\u043e\u043b\u043e\u0434\u0438\u043b\u044c\u043d\u0438\u043a Igloo HLC 12 PC Castlerock Grey Hard Liner Cooler - \u041c\u0430\u0433\u0430\u0437\u0438\u043d Xstyle","og_description":"\u0411\u0440\u0435\u043d\u0434 Igloo \u2014 \u044d\u0442\u043e \u043b\u0435\u0433\u0435\u043d\u0434\u0430\u0440\u043d\u044b\u0439 \u0430\u043c\u0435\u0440\u0438\u043a\u0430\u043d\u0441\u043a\u0438\u0439 \u0431\u0440\u0435\u043d\u0434, \u043a\u043e\u0442\u043e\u0440\u044b\u0439 \u0443\u0436\u0435 \u0431\u043e\u043b\u0435\u0435 75 \u043b\u0435\u0442 \u044f\u0432\u043b\u044f\u0435\u0442\u0441\u044f \u043c\u0438\u0440\u043e\u0432\u044b\u043c \u043b\u0438\u0434\u0435\u0440\u043e\u043c \u0432 \u043f\u0440\u043e\u0438\u0437\u0432\u043e\u0434\u0441\u0442\u0432\u0435 \u0438\u0437\u043e\u0442\u0435\u0440\u043c\u0438\u0447\u0435\u0441\u043a\u0438\u0445 \u043a\u043e\u043d\u0442\u0435\u0439\u043d\u0435\u0440\u043e\u0432 \u0438 \u0442\u0435\u0440\u043c\u043e\u0441\u0443\u043c\u043e\u043a. \u0418\u043c\u0435\u043d\u043d\u043e \u044d\u0442\u0430 \u043a\u043e\u043c\u043f\u0430\u043d\u0438\u044f \u0432 1947 \u0433\u043e\u0434\u0443 \u0441\u043e\u0437\u0434\u0430\u043b\u0430 \u043f\u0435\u0440\u0432\u044b\u0439 \u0432 \u043c\u0438\u0440\u0435 \u043c\u0435\u0442\u0430\u043b\u043b\u0438\u0447\u0435\u0441\u043a\u0438\u0439 \u043a\u0443\u043b\u0435\u0440 \u0434\u043b\u044f \u0432\u043e\u0434\u044b, \u043d\u0430\u0432\u0441\u0435\u0433\u0434\u0430 \u0438\u0437\u043c\u0435\u043d\u0438\u0432 \u043a\u0443\u043b\u044c\u0442\u0443\u0440\u0443 \u043e\u0442\u0434\u044b\u0445\u0430 \u043d\u0430 \u043f\u0440\u0438\u0440\u043e\u0434\u0435. \u0421\u0435\u0433\u043e\u0434\u043d\u044f \u043f\u0440\u043e\u0434\u0443\u043a\u0446\u0438\u044f Igloo \u0446\u0435\u043d\u0438\u0442\u0441\u044f \u0437\u0430 \u0438\u0441\u043a\u043b\u044e\u0447\u0438\u0442\u0435\u043b\u044c\u043d\u0443\u044e \u0434\u043e\u043b\u0433\u043e\u0432\u0435\u0447\u043d\u043e\u0441\u0442\u044c, \u0438\u0441\u043f\u043e\u043b\u044c\u0437\u043e\u0432\u0430\u043d\u0438\u0435 \u0438\u043d\u043d\u043e\u0432\u0430\u0446\u0438\u043e\u043d\u043d\u044b\u0445 \u043c\u0430\u0442\u0435\u0440\u0438\u0430\u043b\u043e\u0432 (\u0442\u0430\u043a\u0438\u0445 \u043a\u0430\u043a \u044d\u043a\u043e-\u043f\u0435\u043d\u0430 Thermecool) [&hellip;]","og_url":"https:\/\/xstyle.md\/ro\/produs\/sumka-holodilnik-mobicool-hlc-12-pc-castlerock-grey-hard-liner-cooler\/","og_site_name":"\u041c\u0430\u0433\u0430\u0437\u0438\u043d Xstyle","article_publisher":"https:\/\/www.facebook.com\/xstylemd","article_modified_time":"2026-03-25T10:29:30+00:00","og_image":[{"width":1200,"height":1200,"url":"https:\/\/xstyle.md\/wp-content\/uploads\/2025\/09\/igloo-hlc-12-pc-castlerock-grey-hard-liner-cooler.webp","type":"image\/webp"}],"twitter_card":"summary_large_image","twitter_misc":{"Pre\u021b":"550&nbsp;MDL","Disponibilitate":"\u00cen stoc"},"schema":{"@context":"https:\/\/schema.org","@graph":[{"@type":"WebPage","@id":"https:\/\/xstyle.md\/product\/sumka-holodilnik-mobicool-hlc-12-pc-castlerock-grey-hard-liner-cooler\/","url":"https:\/\/xstyle.md\/product\/sumka-holodilnik-mobicool-hlc-12-pc-castlerock-grey-hard-liner-cooler\/","name":"\u0421\u0443\u043c\u043a\u0430-\u0445\u043e\u043b\u043e\u0434\u0438\u043b\u044c\u043d\u0438\u043a Igloo HLC 12 PC Castlerock Grey Hard Liner Cooler - \u041c\u0430\u0433\u0430\u0437\u0438\u043d Xstyle","isPartOf":{"@id":"https:\/\/xstyle.md\/#website"},"primaryImageOfPage":{"@id":"https:\/\/xstyle.md\/product\/sumka-holodilnik-mobicool-hlc-12-pc-castlerock-grey-hard-liner-cooler\/#primaryimage"},"image":{"@id":"https:\/\/xstyle.md\/product\/sumka-holodilnik-mobicool-hlc-12-pc-castlerock-grey-hard-liner-cooler\/#primaryimage"},"thumbnailUrl":"https:\/\/xstyle.md\/wp-content\/uploads\/2025\/09\/igloo-hlc-12-pc-castlerock-grey-hard-liner-cooler.webp","datePublished":"2025-09-25T08:20:47+00:00","dateModified":"2026-03-25T10:29:30+00:00","breadcrumb":{"@id":"https:\/\/xstyle.md\/product\/sumka-holodilnik-mobicool-hlc-12-pc-castlerock-grey-hard-liner-cooler\/#breadcrumb"},"inLanguage":"ro-RO","potentialAction":[{"@type":"ReadAction","target":["https:\/\/xstyle.md\/product\/sumka-holodilnik-mobicool-hlc-12-pc-castlerock-grey-hard-liner-cooler\/"]}]},{"@type":"ImageObject","inLanguage":"ro-RO","@id":"https:\/\/xstyle.md\/product\/sumka-holodilnik-mobicool-hlc-12-pc-castlerock-grey-hard-liner-cooler\/#primaryimage","url":"https:\/\/xstyle.md\/wp-content\/uploads\/2025\/09\/igloo-hlc-12-pc-castlerock-grey-hard-liner-cooler.webp","contentUrl":"https:\/\/xstyle.md\/wp-content\/uploads\/2025\/09\/igloo-hlc-12-pc-castlerock-grey-hard-liner-cooler.webp","width":1200,"height":1200,"caption":"\u0422\u0435\u043f\u043b\u043e\u0432\u0430\u044f \u0441\u0443\u043c\u043a\u0430-\u0445\u043e\u043b\u043e\u0434\u0438\u043b\u044c\u043d\u0438\u043a Igloo HLC 12 PC Castlerock Grey \u0434\u043b\u044f \u0430\u043a\u0442\u0438\u0432\u043d\u043e\u0433\u043e \u043e\u0442\u0434\u044b\u0445\u0430, \u043f\u043e\u0445\u043e\u0434\u043e\u0432, \u0442\u0443\u0440\u0438\u0437\u043c\u0430, \u043f\u0443\u0442\u0435\u0448\u0435\u0441\u0442\u0432\u0438\u0439 \u0438 \u0441\u043f\u043e\u0440\u0442\u0438\u0432\u043d\u043e\u0439 \u043e\u0434\u0435\u0436\u0434\u044b \u0434\u043b\u044f \u043e\u043d\u043b\u0430\u0439\u043d-\u043c\u0430\u0433\u0430\u0437\u0438\u043d\u0430"},{"@type":"BreadcrumbList","@id":"https:\/\/xstyle.md\/product\/sumka-holodilnik-mobicool-hlc-12-pc-castlerock-grey-hard-liner-cooler\/#breadcrumb","itemListElement":[{"@type":"ListItem","position":1,"name":"\u0413\u043b\u0430\u0432\u043d\u0430\u044f \u0441\u0442\u0440\u0430\u043d\u0438\u0446\u0430","item":"https:\/\/xstyle.md\/"},{"@type":"ListItem","position":2,"name":"\u041c\u0430\u0433\u0430\u0437\u0438\u043d","item":"https:\/\/xstyle.md\/shop\/"},{"@type":"ListItem","position":3,"name":"\u0421\u0443\u043c\u043a\u0430-\u0445\u043e\u043b\u043e\u0434\u0438\u043b\u044c\u043d\u0438\u043a Igloo HLC 12 PC Castlerock Grey Hard Liner Cooler"}]},{"@type":"WebSite","@id":"https:\/\/xstyle.md\/#website","url":"https:\/\/xstyle.md\/","name":"Magazinul X-Style","description":"Echipamente pentru turism \u0219i sporturi extreme \u00een Moldova. Pre\u021buri, fotografii, caracteristici \u00een Moldova.","publisher":{"@id":"https:\/\/xstyle.md\/#organization"},"alternateName":"X-Style","potentialAction":[{"@type":"SearchAction","target":{"@type":"EntryPoint","urlTemplate":"https:\/\/xstyle.md\/?s={search_term_string}"},"query-input":{"@type":"PropertyValueSpecification","valueRequired":true,"valueName":"search_term_string"}}],"inLanguage":"ro-RO"},{"@type":"Organization","@id":"https:\/\/xstyle.md\/#organization","name":"Magazinul X-Style","alternateName":"x-style","url":"https:\/\/xstyle.md\/","logo":{"@type":"ImageObject","inLanguage":"ro-RO","@id":"https:\/\/xstyle.md\/#\/schema\/logo\/image\/","url":"https:\/\/xstyle.md\/wp-content\/uploads\/2020\/06\/logoicon.svg","contentUrl":"https:\/\/xstyle.md\/wp-content\/uploads\/2020\/06\/logoicon.svg","caption":"\u041c\u0430\u0433\u0430\u0437\u0438\u043d Xstyle"},"image":{"@id":"https:\/\/xstyle.md\/#\/schema\/logo\/image\/"},"sameAs":["https:\/\/www.facebook.com\/xstylemd","https:\/\/www.instagram.com\/xstyle_md\/","https:\/\/t.me\/xstyle_outdoor"],"hasMerchantReturnPolicy":{"@type":"MerchantReturnPolicy","merchantReturnLink":"https:\/\/xstyle.md\/ro\/conditions\/"}}]},"product_price_amount":"550.00","product_price_currency":"MDL","og_availability":"instock","product_availability":"instock","product_retailer_item_id":"34223641375","product_condition":"new"},"post_mailing_queue_ids":[],"_links":{"self":[{"href":"https:\/\/xstyle.md\/ro\/wp-json\/wp\/v2\/product\/96937","targetHints":{"allow":["GET"]}}],"collection":[{"href":"https:\/\/xstyle.md\/ro\/wp-json\/wp\/v2\/product"}],"about":[{"href":"https:\/\/xstyle.md\/ro\/wp-json\/wp\/v2\/types\/product"}],"replies":[{"embeddable":true,"href":"https:\/\/xstyle.md\/ro\/wp-json\/wp\/v2\/comments?post=96937"}],"wp:featuredmedia":[{"embeddable":true,"href":"https:\/\/xstyle.md\/ro\/wp-json\/wp\/v2\/media\/104119"}],"wp:attachment":[{"href":"https:\/\/xstyle.md\/ro\/wp-json\/wp\/v2\/media?parent=96937"}],"wp:term":[{"taxonomy":"product_brand","embeddable":true,"href":"https:\/\/xstyle.md\/ro\/wp-json\/wp\/v2\/product_brand?post=96937"},{"taxonomy":"product_cat","embeddable":true,"href":"https:\/\/xstyle.md\/ro\/wp-json\/wp\/v2\/product_cat?post=96937"},{"taxonomy":"product_tag","embeddable":true,"href":"https:\/\/xstyle.md\/ro\/wp-json\/wp\/v2\/product_tag?post=96937"}],"curies":[{"name":"wp","href":"https:\/\/api.w.org\/{rel}","templated":true}]}}