{"id":96935,"date":"2025-09-25T11:20:46","date_gmt":"2025-09-25T08:20:46","guid":{"rendered":"https:\/\/xstyle.md\/?post_type=product&#038;p=96935"},"modified":"2026-03-25T13:16:29","modified_gmt":"2026-03-25T10:16:29","slug":"sumka-holodilnik-mobicool-clps-and-cl-basic-24","status":"publish","type":"product","link":"https:\/\/xstyle.md\/ro\/produs\/sumka-holodilnik-mobicool-clps-and-cl-basic-24\/","title":{"rendered":"Geant\u0103 izoterm\u0103 Igloo CLPS and CL Basic 24"},"content":{"rendered":"<\/p>\n<p><strong>Igloo CLPS and CL Basic 24<\/strong> &#8212;\u00a0 este o geant\u0103 frigorific\u0103 practic\u0103 \u0219i u\u0219oar\u0103, cu o capacitate de 16 litri, conceput\u0103 pentru a men\u021bine temperatura alimentelor \u0219i b\u0103uturilor \u00een timpul ie\u0219irilor la picnic, plaj\u0103 sau \u00een c\u0103l\u0103torii scurte. Datorit\u0103 izola\u021biei de calitate \u0219i dimensiunilor compacte, aceasta \u00eencape u\u0219or \u00een portbagajul ma\u0219inii sau poate fi purtat\u0103 comod pe um\u0103r.<\/p>\n<h3>Particularit\u0103\u021bi<\/h3>\n<ul>\n<li>Stratul interior Polartherm\u2122 de 8 mm asigur\u0103 men\u021binerea optim\u0103 a temperaturii sc\u0103zute<\/li>\n<li>Culoarea gri clasic\u0103 este rezistent\u0103 la murd\u0103rie, iar materialul exterior este durabil<\/li>\n<li>Partea frontal\u0103 este dotat\u0103 cu un buzunar f\u0103r\u0103 fermoar pentru depozitarea obiectelor mici (\u0219erve\u021bele, chei etc.)<\/li>\n<li>Cureaua de um\u0103r reglabil\u0103 permite ajustarea lungimii pentru un confort sporit<\/li>\n<li>C\u0103ptu\u0219eala interioar\u0103 este realizat\u0103 dintr-un material f\u0103r\u0103 cus\u0103turi, fiind u\u0219or de cur\u0103\u021bat \u0219i prevenind scurgerile cauzate de condens<\/li>\n<\/ul>\n<h3>Caracteristici<\/h3>\n<ul>\n<li data-path-to-node=\"14,0,0\">Volum &#8212; 16 litri (capacitate de p\u00e2n\u0103 la 24 doze de 0.33 l)<\/li>\n<li data-path-to-node=\"14,1,0\">Dimensiuni &#8212; 33 x 23 x 27 \u0441\u043c.<\/li>\n<li data-path-to-node=\"14,2,0\">Material &#8212; poliester rezistent 600D<\/li>\n<li data-path-to-node=\"14,3,0\">Men\u021binerea frigului: &#8212; p\u00e2n\u0103 la 12 ore (cu utilizarea acumulatorilor de frig)<\/li>\n<li data-path-to-node=\"14,4,0\">Greutate &#8212; 0.4 kg<\/li>\n<\/ul>\n<p><\/p>\n<h3>Marca<\/h3>\n<p>Igloo  -  este un brand american iconic, fiind lider mondial de peste 75 de ani \u00een produc\u021bia de l\u0103zi frigorifice \u0219i gen\u021bi izoterme. Fondat\u0103 \u00een 1947, compania a revolu\u021bionat modul \u00een care ne bucur\u0103m de activit\u0103\u021bile \u00een aer liber, cre\u00e2nd primul r\u0103citor de ap\u0103 din metal din lume.<\/p>\n<p>Ast\u0103zi, produsele Igloo sunt apreciate pentru durabilitatea lor excep\u021bional\u0103, utilizarea materialelor inovatoare (precum spuma ecologic\u0103 Thermecool) \u0219i designul modern. Fie c\u0103 este vorba despre o lad\u0103 frigorific\u0103 rigid\u0103 pentru expedi\u021bii lungi sau o geant\u0103 compact\u0103 pentru pr\u00e2nz, Igloo garanteaz\u0103 men\u021binerea prospe\u021bimii alimentelor chiar \u0219i \u00een cele mai toride zile de var\u0103.<\/p>","protected":false},"excerpt":{"rendered":"<p>\u0411\u0440\u0435\u043d\u0434 Igloo \u2014 \u044d\u0442\u043e \u043b\u0435\u0433\u0435\u043d\u0434\u0430\u0440\u043d\u044b\u0439 \u0430\u043c\u0435\u0440\u0438\u043a\u0430\u043d\u0441\u043a\u0438\u0439 \u0431\u0440\u0435\u043d\u0434, \u043a\u043e\u0442\u043e\u0440\u044b\u0439 \u0443\u0436\u0435 \u0431\u043e\u043b\u0435\u0435 75 \u043b\u0435\u0442 \u044f\u0432\u043b\u044f\u0435\u0442\u0441\u044f \u043c\u0438\u0440\u043e\u0432\u044b\u043c \u043b\u0438\u0434\u0435\u0440\u043e\u043c \u0432 \u043f\u0440\u043e\u0438\u0437\u0432\u043e\u0434\u0441\u0442\u0432\u0435 \u0438\u0437\u043e\u0442\u0435\u0440\u043c\u0438\u0447\u0435\u0441\u043a\u0438\u0445 \u043a\u043e\u043d\u0442\u0435\u0439\u043d\u0435\u0440\u043e\u0432 \u0438 \u0442\u0435\u0440\u043c\u043e\u0441\u0443\u043c\u043e\u043a. \u0418\u043c\u0435\u043d\u043d\u043e \u044d\u0442\u0430 \u043a\u043e\u043c\u043f\u0430\u043d\u0438\u044f \u0432 1947 \u0433\u043e\u0434\u0443 \u0441\u043e\u0437\u0434\u0430\u043b\u0430 \u043f\u0435\u0440\u0432\u044b\u0439 \u0432 \u043c\u0438\u0440\u0435 \u043c\u0435\u0442\u0430\u043b\u043b\u0438\u0447\u0435\u0441\u043a\u0438\u0439 \u043a\u0443\u043b\u0435\u0440 \u0434\u043b\u044f \u0432\u043e\u0434\u044b, \u043d\u0430\u0432\u0441\u0435\u0433\u0434\u0430 \u0438\u0437\u043c\u0435\u043d\u0438\u0432 \u043a\u0443\u043b\u044c\u0442\u0443\u0440\u0443 \u043e\u0442\u0434\u044b\u0445\u0430 \u043d\u0430 \u043f\u0440\u0438\u0440\u043e\u0434\u0435. \u0421\u0435\u0433\u043e\u0434\u043d\u044f \u043f\u0440\u043e\u0434\u0443\u043a\u0446\u0438\u044f Igloo \u0446\u0435\u043d\u0438\u0442\u0441\u044f \u0437\u0430 \u0438\u0441\u043a\u043b\u044e\u0447\u0438\u0442\u0435\u043b\u044c\u043d\u0443\u044e \u0434\u043e\u043b\u0433\u043e\u0432\u0435\u0447\u043d\u043e\u0441\u0442\u044c, \u0438\u0441\u043f\u043e\u043b\u044c\u0437\u043e\u0432\u0430\u043d\u0438\u0435 \u0438\u043d\u043d\u043e\u0432\u0430\u0446\u0438\u043e\u043d\u043d\u044b\u0445 \u043c\u0430\u0442\u0435\u0440\u0438\u0430\u043b\u043e\u0432 (\u0442\u0430\u043a\u0438\u0445 \u043a\u0430\u043a \u044d\u043a\u043e-\u043f\u0435\u043d\u0430 Thermecool) [&hellip;]<\/p>\n","protected":false},"featured_media":104118,"comment_status":"open","ping_status":"closed","template":"","meta":{"_acf_changed":false,"inline_featured_image":false},"product_brand":[1510],"product_cat":[539],"product_tag":[],"class_list":{"0":"post-96935","1":"product","2":"type-product","3":"status-publish","4":"has-post-thumbnail","6":"product_brand-igloo","7":"product_cat-icebox","9":"first","10":"instock","11":"shipping-taxable","12":"purchasable","13":"product-type-simple"},"acf":[],"yoast_head":"<!-- This site is optimized with the Yoast SEO plugin v27.2 - https:\/\/yoast.com\/product\/yoast-seo-wordpress\/ -->\n<title>\u0421\u0443\u043c\u043a\u0430-\u0445\u043e\u043b\u043e\u0434\u0438\u043b\u044c\u043d\u0438\u043a Igloo CLPS and CL Basic 24 - \u041c\u0430\u0433\u0430\u0437\u0438\u043d Xstyle<\/title>\n<meta name=\"robots\" content=\"index, follow, max-snippet:-1, max-image-preview:large, max-video-preview:-1\" \/>\n<link rel=\"canonical\" href=\"https:\/\/xstyle.md\/ro\/produs\/sumka-holodilnik-mobicool-clps-and-cl-basic-24\/\" \/>\n<meta property=\"og:locale\" content=\"ro_RO\" \/>\n<meta property=\"og:type\" content=\"article\" \/>\n<meta property=\"og:title\" content=\"\u0421\u0443\u043c\u043a\u0430-\u0445\u043e\u043b\u043e\u0434\u0438\u043b\u044c\u043d\u0438\u043a Igloo CLPS and CL Basic 24 - \u041c\u0430\u0433\u0430\u0437\u0438\u043d Xstyle\" \/>\n<meta property=\"og:description\" content=\"\u0411\u0440\u0435\u043d\u0434 Igloo \u2014 \u044d\u0442\u043e \u043b\u0435\u0433\u0435\u043d\u0434\u0430\u0440\u043d\u044b\u0439 \u0430\u043c\u0435\u0440\u0438\u043a\u0430\u043d\u0441\u043a\u0438\u0439 \u0431\u0440\u0435\u043d\u0434, \u043a\u043e\u0442\u043e\u0440\u044b\u0439 \u0443\u0436\u0435 \u0431\u043e\u043b\u0435\u0435 75 \u043b\u0435\u0442 \u044f\u0432\u043b\u044f\u0435\u0442\u0441\u044f \u043c\u0438\u0440\u043e\u0432\u044b\u043c \u043b\u0438\u0434\u0435\u0440\u043e\u043c \u0432 \u043f\u0440\u043e\u0438\u0437\u0432\u043e\u0434\u0441\u0442\u0432\u0435 \u0438\u0437\u043e\u0442\u0435\u0440\u043c\u0438\u0447\u0435\u0441\u043a\u0438\u0445 \u043a\u043e\u043d\u0442\u0435\u0439\u043d\u0435\u0440\u043e\u0432 \u0438 \u0442\u0435\u0440\u043c\u043e\u0441\u0443\u043c\u043e\u043a. \u0418\u043c\u0435\u043d\u043d\u043e \u044d\u0442\u0430 \u043a\u043e\u043c\u043f\u0430\u043d\u0438\u044f \u0432 1947 \u0433\u043e\u0434\u0443 \u0441\u043e\u0437\u0434\u0430\u043b\u0430 \u043f\u0435\u0440\u0432\u044b\u0439 \u0432 \u043c\u0438\u0440\u0435 \u043c\u0435\u0442\u0430\u043b\u043b\u0438\u0447\u0435\u0441\u043a\u0438\u0439 \u043a\u0443\u043b\u0435\u0440 \u0434\u043b\u044f \u0432\u043e\u0434\u044b, \u043d\u0430\u0432\u0441\u0435\u0433\u0434\u0430 \u0438\u0437\u043c\u0435\u043d\u0438\u0432 \u043a\u0443\u043b\u044c\u0442\u0443\u0440\u0443 \u043e\u0442\u0434\u044b\u0445\u0430 \u043d\u0430 \u043f\u0440\u0438\u0440\u043e\u0434\u0435. \u0421\u0435\u0433\u043e\u0434\u043d\u044f \u043f\u0440\u043e\u0434\u0443\u043a\u0446\u0438\u044f Igloo \u0446\u0435\u043d\u0438\u0442\u0441\u044f \u0437\u0430 \u0438\u0441\u043a\u043b\u044e\u0447\u0438\u0442\u0435\u043b\u044c\u043d\u0443\u044e \u0434\u043e\u043b\u0433\u043e\u0432\u0435\u0447\u043d\u043e\u0441\u0442\u044c, \u0438\u0441\u043f\u043e\u043b\u044c\u0437\u043e\u0432\u0430\u043d\u0438\u0435 \u0438\u043d\u043d\u043e\u0432\u0430\u0446\u0438\u043e\u043d\u043d\u044b\u0445 \u043c\u0430\u0442\u0435\u0440\u0438\u0430\u043b\u043e\u0432 (\u0442\u0430\u043a\u0438\u0445 \u043a\u0430\u043a \u044d\u043a\u043e-\u043f\u0435\u043d\u0430 Thermecool) [&hellip;]\" \/>\n<meta property=\"og:url\" content=\"https:\/\/xstyle.md\/ro\/produs\/sumka-holodilnik-mobicool-clps-and-cl-basic-24\/\" \/>\n<meta property=\"og:site_name\" content=\"\u041c\u0430\u0433\u0430\u0437\u0438\u043d Xstyle\" \/>\n<meta property=\"article:publisher\" content=\"https:\/\/www.facebook.com\/xstylemd\" \/>\n<meta property=\"article:modified_time\" content=\"2026-03-25T10:16:29+00:00\" \/>\n<meta property=\"og:image\" content=\"https:\/\/xstyle.md\/wp-content\/uploads\/2025\/09\/igloo-clps-and-cl-basic-24.webp\" \/>\n\t<meta property=\"og:image:width\" content=\"1200\" \/>\n\t<meta property=\"og:image:height\" content=\"1200\" \/>\n\t<meta property=\"og:image:type\" content=\"image\/webp\" \/>\n<meta name=\"twitter:card\" content=\"summary_large_image\" \/>\n<meta name=\"twitter:label1\" content=\"Pre\u021b\" \/>\n\t<meta name=\"twitter:data1\" content=\"245&nbsp;MDL\" \/>\n\t<meta name=\"twitter:label2\" content=\"Disponibilitate\" \/>\n\t<meta name=\"twitter:data2\" content=\"\u00cen stoc\" \/>\n<script type=\"application\/ld+json\" class=\"yoast-schema-graph\">{\"@context\":\"https:\/\/schema.org\",\"@graph\":[{\"@type\":\"WebPage\",\"@id\":\"https:\/\/xstyle.md\/product\/sumka-holodilnik-mobicool-clps-and-cl-basic-24\/\",\"url\":\"https:\/\/xstyle.md\/product\/sumka-holodilnik-mobicool-clps-and-cl-basic-24\/\",\"name\":\"\u0421\u0443\u043c\u043a\u0430-\u0445\u043e\u043b\u043e\u0434\u0438\u043b\u044c\u043d\u0438\u043a Igloo CLPS and CL Basic 24 - \u041c\u0430\u0433\u0430\u0437\u0438\u043d Xstyle\",\"isPartOf\":{\"@id\":\"https:\/\/xstyle.md\/#website\"},\"primaryImageOfPage\":{\"@id\":\"https:\/\/xstyle.md\/product\/sumka-holodilnik-mobicool-clps-and-cl-basic-24\/#primaryimage\"},\"image\":{\"@id\":\"https:\/\/xstyle.md\/product\/sumka-holodilnik-mobicool-clps-and-cl-basic-24\/#primaryimage\"},\"thumbnailUrl\":\"https:\/\/xstyle.md\/wp-content\/uploads\/2025\/09\/igloo-clps-and-cl-basic-24.webp\",\"datePublished\":\"2025-09-25T08:20:46+00:00\",\"dateModified\":\"2026-03-25T10:16:29+00:00\",\"breadcrumb\":{\"@id\":\"https:\/\/xstyle.md\/product\/sumka-holodilnik-mobicool-clps-and-cl-basic-24\/#breadcrumb\"},\"inLanguage\":\"ro-RO\",\"potentialAction\":[{\"@type\":\"ReadAction\",\"target\":[\"https:\/\/xstyle.md\/product\/sumka-holodilnik-mobicool-clps-and-cl-basic-24\/\"]}]},{\"@type\":\"ImageObject\",\"inLanguage\":\"ro-RO\",\"@id\":\"https:\/\/xstyle.md\/product\/sumka-holodilnik-mobicool-clps-and-cl-basic-24\/#primaryimage\",\"url\":\"https:\/\/xstyle.md\/wp-content\/uploads\/2025\/09\/igloo-clps-and-cl-basic-24.webp\",\"contentUrl\":\"https:\/\/xstyle.md\/wp-content\/uploads\/2025\/09\/igloo-clps-and-cl-basic-24.webp\",\"width\":1200,\"height\":1200,\"caption\":\"\u0424\u0443\u043d\u043a\u0446\u0438\u043e\u043d\u0430\u043b\u044c\u043d\u0430\u044f \u0441\u0443\u043c\u043a\u0430-\u0445\u043e\u043b\u043e\u0434\u0438\u043b\u044c\u043d\u0438\u043a Igloo CLPS \u0438 CL Basic 24 \u0434\u043b\u044f \u0430\u043a\u0442\u0438\u0432\u043d\u044b\u0445 \u043f\u0443\u0442\u0435\u0448\u0435\u0441\u0442\u0432\u0438\u0439, \u0442\u0443\u0440\u0438\u0437\u043c\u0430, \u043f\u043e\u0445\u043e\u0434\u043e\u0432, \u043d\u043e\u0441\u043a\u0438 \u043e\u0434\u0435\u0436\u0434\u044b \u0438 \u043e\u0431\u0443\u0432\u0438 \u0434\u043b\u044f \u0430\u043b\u044c\u043f\u0438\u043d\u0438\u0437\u043c\u0430 \u0438 \u043f\u0443\u0442\u0435\u0448\u0435\u0441\u0442\u0432\u0438\u0439 \u0432 \u0438\u043d\u0442\u0435\u0440\u043d\u0435\u0442-\u043c\u0430\u0433\u0430\u0437\u0438\u043d\u0435 \u0442\u043e\u0432\u0430\u0440\u043e\u0432 \u0434\u043b\u044f \u0430\u043a\u0442\u0438\u0432\u043d\u043e\u0433\u043e \u043e\u0431\u0440\u0430\u0437\u0430 \u0436\u0438\u0437\u043d\u0438\"},{\"@type\":\"BreadcrumbList\",\"@id\":\"https:\/\/xstyle.md\/product\/sumka-holodilnik-mobicool-clps-and-cl-basic-24\/#breadcrumb\",\"itemListElement\":[{\"@type\":\"ListItem\",\"position\":1,\"name\":\"\u0413\u043b\u0430\u0432\u043d\u0430\u044f \u0441\u0442\u0440\u0430\u043d\u0438\u0446\u0430\",\"item\":\"https:\/\/xstyle.md\/\"},{\"@type\":\"ListItem\",\"position\":2,\"name\":\"\u041c\u0430\u0433\u0430\u0437\u0438\u043d\",\"item\":\"https:\/\/xstyle.md\/shop\/\"},{\"@type\":\"ListItem\",\"position\":3,\"name\":\"\u0421\u0443\u043c\u043a\u0430-\u0445\u043e\u043b\u043e\u0434\u0438\u043b\u044c\u043d\u0438\u043a Igloo CLPS and CL Basic 24\"}]},{\"@type\":\"WebSite\",\"@id\":\"https:\/\/xstyle.md\/#website\",\"url\":\"https:\/\/xstyle.md\/\",\"name\":\"\u041c\u0430\u0433\u0430\u0437\u0438\u043d Xstyle\",\"description\":\"C\u043d\u0430\u0440\u044f\u0436\u0435\u043d\u0438\u0435 \u0434\u043b\u044f \u0442\u0443\u0440\u0438\u0437\u043c\u0430 \u0438 \u044d\u043a\u0441\u0442\u0440\u0435\u043c\u0430\u043b\u044c\u043d\u044b\u0445 \u0432\u0438\u0434\u043e\u0432 \u0441\u043f\u043e\u0440\u0442\u0430 \u0432 \u041c\u043e\u043b\u0434\u043e\u0432\u0435.. \u0426\u0435\u043d\u044b, \u0444\u043e\u0442\u043e, \u0445\u0430\u0440\u0430\u043a\u0442\u0435\u0440\u0438\u0441\u0442\u0438\u043a\u0438 \u0432 \u041c\u043e\u043b\u0434\u043e\u0432\u0435.\",\"publisher\":{\"@id\":\"https:\/\/xstyle.md\/#organization\"},\"alternateName\":\"X-Style\",\"potentialAction\":[{\"@type\":\"SearchAction\",\"target\":{\"@type\":\"EntryPoint\",\"urlTemplate\":\"https:\/\/xstyle.md\/?s={search_term_string}\"},\"query-input\":{\"@type\":\"PropertyValueSpecification\",\"valueRequired\":true,\"valueName\":\"search_term_string\"}}],\"inLanguage\":\"ro-RO\"},{\"@type\":\"Organization\",\"@id\":\"https:\/\/xstyle.md\/#organization\",\"name\":\"\u041c\u0430\u0433\u0430\u0437\u0438\u043d Xstyle\",\"alternateName\":\"x-style\",\"url\":\"https:\/\/xstyle.md\/\",\"logo\":{\"@type\":\"ImageObject\",\"inLanguage\":\"ro-RO\",\"@id\":\"https:\/\/xstyle.md\/#\/schema\/logo\/image\/\",\"url\":\"https:\/\/xstyle.md\/wp-content\/uploads\/2020\/06\/logoicon.svg\",\"contentUrl\":\"https:\/\/xstyle.md\/wp-content\/uploads\/2020\/06\/logoicon.svg\",\"caption\":\"\u041c\u0430\u0433\u0430\u0437\u0438\u043d Xstyle\"},\"image\":{\"@id\":\"https:\/\/xstyle.md\/#\/schema\/logo\/image\/\"},\"sameAs\":[\"https:\/\/www.facebook.com\/xstylemd\",\"https:\/\/www.instagram.com\/xstyle_md\/\",\"https:\/\/t.me\/xstyle_outdoor\"],\"hasMerchantReturnPolicy\":{\"@type\":\"MerchantReturnPolicy\",\"merchantReturnLink\":\"https:\/\/xstyle.md\/ro\/conditions\/\"}}]}<\/script>\n<meta property=\"product:price:amount\" content=\"245.00\" \/>\n<meta property=\"product:price:currency\" content=\"MDL\" \/>\n<meta property=\"og:availability\" content=\"instock\" \/>\n<meta property=\"product:availability\" content=\"instock\" \/>\n<meta property=\"product:retailer_item_id\" content=\"34223641313\" \/>\n<meta property=\"product:condition\" content=\"new\" \/>\n<!-- \/ Yoast SEO plugin. -->","yoast_head_json":{"title":"\u0421\u0443\u043c\u043a\u0430-\u0445\u043e\u043b\u043e\u0434\u0438\u043b\u044c\u043d\u0438\u043a Igloo CLPS and CL Basic 24 - \u041c\u0430\u0433\u0430\u0437\u0438\u043d Xstyle","robots":{"index":"index","follow":"follow","max-snippet":"max-snippet:-1","max-image-preview":"max-image-preview:large","max-video-preview":"max-video-preview:-1"},"canonical":"https:\/\/xstyle.md\/ro\/produs\/sumka-holodilnik-mobicool-clps-and-cl-basic-24\/","og_locale":"ro_RO","og_type":"article","og_title":"\u0421\u0443\u043c\u043a\u0430-\u0445\u043e\u043b\u043e\u0434\u0438\u043b\u044c\u043d\u0438\u043a Igloo CLPS and CL Basic 24 - \u041c\u0430\u0433\u0430\u0437\u0438\u043d Xstyle","og_description":"\u0411\u0440\u0435\u043d\u0434 Igloo \u2014 \u044d\u0442\u043e \u043b\u0435\u0433\u0435\u043d\u0434\u0430\u0440\u043d\u044b\u0439 \u0430\u043c\u0435\u0440\u0438\u043a\u0430\u043d\u0441\u043a\u0438\u0439 \u0431\u0440\u0435\u043d\u0434, \u043a\u043e\u0442\u043e\u0440\u044b\u0439 \u0443\u0436\u0435 \u0431\u043e\u043b\u0435\u0435 75 \u043b\u0435\u0442 \u044f\u0432\u043b\u044f\u0435\u0442\u0441\u044f \u043c\u0438\u0440\u043e\u0432\u044b\u043c \u043b\u0438\u0434\u0435\u0440\u043e\u043c \u0432 \u043f\u0440\u043e\u0438\u0437\u0432\u043e\u0434\u0441\u0442\u0432\u0435 \u0438\u0437\u043e\u0442\u0435\u0440\u043c\u0438\u0447\u0435\u0441\u043a\u0438\u0445 \u043a\u043e\u043d\u0442\u0435\u0439\u043d\u0435\u0440\u043e\u0432 \u0438 \u0442\u0435\u0440\u043c\u043e\u0441\u0443\u043c\u043e\u043a. \u0418\u043c\u0435\u043d\u043d\u043e \u044d\u0442\u0430 \u043a\u043e\u043c\u043f\u0430\u043d\u0438\u044f \u0432 1947 \u0433\u043e\u0434\u0443 \u0441\u043e\u0437\u0434\u0430\u043b\u0430 \u043f\u0435\u0440\u0432\u044b\u0439 \u0432 \u043c\u0438\u0440\u0435 \u043c\u0435\u0442\u0430\u043b\u043b\u0438\u0447\u0435\u0441\u043a\u0438\u0439 \u043a\u0443\u043b\u0435\u0440 \u0434\u043b\u044f \u0432\u043e\u0434\u044b, \u043d\u0430\u0432\u0441\u0435\u0433\u0434\u0430 \u0438\u0437\u043c\u0435\u043d\u0438\u0432 \u043a\u0443\u043b\u044c\u0442\u0443\u0440\u0443 \u043e\u0442\u0434\u044b\u0445\u0430 \u043d\u0430 \u043f\u0440\u0438\u0440\u043e\u0434\u0435. \u0421\u0435\u0433\u043e\u0434\u043d\u044f \u043f\u0440\u043e\u0434\u0443\u043a\u0446\u0438\u044f Igloo \u0446\u0435\u043d\u0438\u0442\u0441\u044f \u0437\u0430 \u0438\u0441\u043a\u043b\u044e\u0447\u0438\u0442\u0435\u043b\u044c\u043d\u0443\u044e \u0434\u043e\u043b\u0433\u043e\u0432\u0435\u0447\u043d\u043e\u0441\u0442\u044c, \u0438\u0441\u043f\u043e\u043b\u044c\u0437\u043e\u0432\u0430\u043d\u0438\u0435 \u0438\u043d\u043d\u043e\u0432\u0430\u0446\u0438\u043e\u043d\u043d\u044b\u0445 \u043c\u0430\u0442\u0435\u0440\u0438\u0430\u043b\u043e\u0432 (\u0442\u0430\u043a\u0438\u0445 \u043a\u0430\u043a \u044d\u043a\u043e-\u043f\u0435\u043d\u0430 Thermecool) [&hellip;]","og_url":"https:\/\/xstyle.md\/ro\/produs\/sumka-holodilnik-mobicool-clps-and-cl-basic-24\/","og_site_name":"\u041c\u0430\u0433\u0430\u0437\u0438\u043d Xstyle","article_publisher":"https:\/\/www.facebook.com\/xstylemd","article_modified_time":"2026-03-25T10:16:29+00:00","og_image":[{"width":1200,"height":1200,"url":"https:\/\/xstyle.md\/wp-content\/uploads\/2025\/09\/igloo-clps-and-cl-basic-24.webp","type":"image\/webp"}],"twitter_card":"summary_large_image","twitter_misc":{"Pre\u021b":"245&nbsp;MDL","Disponibilitate":"\u00cen stoc"},"schema":{"@context":"https:\/\/schema.org","@graph":[{"@type":"WebPage","@id":"https:\/\/xstyle.md\/product\/sumka-holodilnik-mobicool-clps-and-cl-basic-24\/","url":"https:\/\/xstyle.md\/product\/sumka-holodilnik-mobicool-clps-and-cl-basic-24\/","name":"\u0421\u0443\u043c\u043a\u0430-\u0445\u043e\u043b\u043e\u0434\u0438\u043b\u044c\u043d\u0438\u043a Igloo CLPS and CL Basic 24 - \u041c\u0430\u0433\u0430\u0437\u0438\u043d Xstyle","isPartOf":{"@id":"https:\/\/xstyle.md\/#website"},"primaryImageOfPage":{"@id":"https:\/\/xstyle.md\/product\/sumka-holodilnik-mobicool-clps-and-cl-basic-24\/#primaryimage"},"image":{"@id":"https:\/\/xstyle.md\/product\/sumka-holodilnik-mobicool-clps-and-cl-basic-24\/#primaryimage"},"thumbnailUrl":"https:\/\/xstyle.md\/wp-content\/uploads\/2025\/09\/igloo-clps-and-cl-basic-24.webp","datePublished":"2025-09-25T08:20:46+00:00","dateModified":"2026-03-25T10:16:29+00:00","breadcrumb":{"@id":"https:\/\/xstyle.md\/product\/sumka-holodilnik-mobicool-clps-and-cl-basic-24\/#breadcrumb"},"inLanguage":"ro-RO","potentialAction":[{"@type":"ReadAction","target":["https:\/\/xstyle.md\/product\/sumka-holodilnik-mobicool-clps-and-cl-basic-24\/"]}]},{"@type":"ImageObject","inLanguage":"ro-RO","@id":"https:\/\/xstyle.md\/product\/sumka-holodilnik-mobicool-clps-and-cl-basic-24\/#primaryimage","url":"https:\/\/xstyle.md\/wp-content\/uploads\/2025\/09\/igloo-clps-and-cl-basic-24.webp","contentUrl":"https:\/\/xstyle.md\/wp-content\/uploads\/2025\/09\/igloo-clps-and-cl-basic-24.webp","width":1200,"height":1200,"caption":"\u0424\u0443\u043d\u043a\u0446\u0438\u043e\u043d\u0430\u043b\u044c\u043d\u0430\u044f \u0441\u0443\u043c\u043a\u0430-\u0445\u043e\u043b\u043e\u0434\u0438\u043b\u044c\u043d\u0438\u043a Igloo CLPS \u0438 CL Basic 24 \u0434\u043b\u044f \u0430\u043a\u0442\u0438\u0432\u043d\u044b\u0445 \u043f\u0443\u0442\u0435\u0448\u0435\u0441\u0442\u0432\u0438\u0439, \u0442\u0443\u0440\u0438\u0437\u043c\u0430, \u043f\u043e\u0445\u043e\u0434\u043e\u0432, \u043d\u043e\u0441\u043a\u0438 \u043e\u0434\u0435\u0436\u0434\u044b \u0438 \u043e\u0431\u0443\u0432\u0438 \u0434\u043b\u044f \u0430\u043b\u044c\u043f\u0438\u043d\u0438\u0437\u043c\u0430 \u0438 \u043f\u0443\u0442\u0435\u0448\u0435\u0441\u0442\u0432\u0438\u0439 \u0432 \u0438\u043d\u0442\u0435\u0440\u043d\u0435\u0442-\u043c\u0430\u0433\u0430\u0437\u0438\u043d\u0435 \u0442\u043e\u0432\u0430\u0440\u043e\u0432 \u0434\u043b\u044f \u0430\u043a\u0442\u0438\u0432\u043d\u043e\u0433\u043e \u043e\u0431\u0440\u0430\u0437\u0430 \u0436\u0438\u0437\u043d\u0438"},{"@type":"BreadcrumbList","@id":"https:\/\/xstyle.md\/product\/sumka-holodilnik-mobicool-clps-and-cl-basic-24\/#breadcrumb","itemListElement":[{"@type":"ListItem","position":1,"name":"\u0413\u043b\u0430\u0432\u043d\u0430\u044f \u0441\u0442\u0440\u0430\u043d\u0438\u0446\u0430","item":"https:\/\/xstyle.md\/"},{"@type":"ListItem","position":2,"name":"\u041c\u0430\u0433\u0430\u0437\u0438\u043d","item":"https:\/\/xstyle.md\/shop\/"},{"@type":"ListItem","position":3,"name":"\u0421\u0443\u043c\u043a\u0430-\u0445\u043e\u043b\u043e\u0434\u0438\u043b\u044c\u043d\u0438\u043a Igloo CLPS and CL Basic 24"}]},{"@type":"WebSite","@id":"https:\/\/xstyle.md\/#website","url":"https:\/\/xstyle.md\/","name":"Magazinul X-Style","description":"Echipamente pentru turism \u0219i sporturi extreme \u00een Moldova. Pre\u021buri, fotografii, caracteristici \u00een Moldova.","publisher":{"@id":"https:\/\/xstyle.md\/#organization"},"alternateName":"X-Style","potentialAction":[{"@type":"SearchAction","target":{"@type":"EntryPoint","urlTemplate":"https:\/\/xstyle.md\/?s={search_term_string}"},"query-input":{"@type":"PropertyValueSpecification","valueRequired":true,"valueName":"search_term_string"}}],"inLanguage":"ro-RO"},{"@type":"Organization","@id":"https:\/\/xstyle.md\/#organization","name":"Magazinul X-Style","alternateName":"x-style","url":"https:\/\/xstyle.md\/","logo":{"@type":"ImageObject","inLanguage":"ro-RO","@id":"https:\/\/xstyle.md\/#\/schema\/logo\/image\/","url":"https:\/\/xstyle.md\/wp-content\/uploads\/2020\/06\/logoicon.svg","contentUrl":"https:\/\/xstyle.md\/wp-content\/uploads\/2020\/06\/logoicon.svg","caption":"\u041c\u0430\u0433\u0430\u0437\u0438\u043d Xstyle"},"image":{"@id":"https:\/\/xstyle.md\/#\/schema\/logo\/image\/"},"sameAs":["https:\/\/www.facebook.com\/xstylemd","https:\/\/www.instagram.com\/xstyle_md\/","https:\/\/t.me\/xstyle_outdoor"],"hasMerchantReturnPolicy":{"@type":"MerchantReturnPolicy","merchantReturnLink":"https:\/\/xstyle.md\/ro\/conditions\/"}}]},"product_price_amount":"245.00","product_price_currency":"MDL","og_availability":"instock","product_availability":"instock","product_retailer_item_id":"34223641313","product_condition":"new"},"post_mailing_queue_ids":[],"_links":{"self":[{"href":"https:\/\/xstyle.md\/ro\/wp-json\/wp\/v2\/product\/96935","targetHints":{"allow":["GET"]}}],"collection":[{"href":"https:\/\/xstyle.md\/ro\/wp-json\/wp\/v2\/product"}],"about":[{"href":"https:\/\/xstyle.md\/ro\/wp-json\/wp\/v2\/types\/product"}],"replies":[{"embeddable":true,"href":"https:\/\/xstyle.md\/ro\/wp-json\/wp\/v2\/comments?post=96935"}],"wp:featuredmedia":[{"embeddable":true,"href":"https:\/\/xstyle.md\/ro\/wp-json\/wp\/v2\/media\/104118"}],"wp:attachment":[{"href":"https:\/\/xstyle.md\/ro\/wp-json\/wp\/v2\/media?parent=96935"}],"wp:term":[{"taxonomy":"product_brand","embeddable":true,"href":"https:\/\/xstyle.md\/ro\/wp-json\/wp\/v2\/product_brand?post=96935"},{"taxonomy":"product_cat","embeddable":true,"href":"https:\/\/xstyle.md\/ro\/wp-json\/wp\/v2\/product_cat?post=96935"},{"taxonomy":"product_tag","embeddable":true,"href":"https:\/\/xstyle.md\/ro\/wp-json\/wp\/v2\/product_tag?post=96935"}],"curies":[{"name":"wp","href":"https:\/\/api.w.org\/{rel}","templated":true}]}}