{"id":96929,"date":"2025-09-25T11:20:43","date_gmt":"2025-09-25T08:20:43","guid":{"rendered":"https:\/\/xstyle.md\/?post_type=product&#038;p=96929"},"modified":"2026-02-12T13:11:41","modified_gmt":"2026-02-12T10:11:41","slug":"ryukzak-deuter-traick-9-sl","status":"publish","type":"product","link":"https:\/\/xstyle.md\/ro\/produs\/ryukzak-deuter-traick-9-sl\/","title":{"rendered":"Rucsac Deuter Traick 9 SL"},"content":{"rendered":"<\/p>\n<p>Rucsacul <strong>Deuter Traick 9 SL<\/strong> &#8212; este o vest\u0103 de alergare profesional\u0103 de clas\u0103 premium, dezvoltat\u0103 special pentru femei (versiunea SL) \u0219i destinat\u0103 trail running-ului intensiv. Datorit\u0103 potrivirii adaptive SL (Slim Line) \u0219i absen\u021bei balansului \u00een timpul alerg\u0103rii, v\u0103 pute\u021bi concentra pe deplin asupra traseului \u0219i a respira\u021biei, uit\u00e2nd de greutatea din spate.<\/p>\n<h3>Particularit\u0103\u021bi<\/h3>\n<ul>\n<li>Sistemul SL (Slim Line) &#8212; proiectat special pentru femei, av\u00e2nd o form\u0103 mai \u00eengust\u0103 la umeri \u0219i o lungime a spatelui adaptat\u0103, prevenind frecarea \u0219i punctele de presiune.<\/li>\n<li>Vesta se simte ca o a doua piele. Materialul elastic respirabil se muleaz\u0103 pe corp, elimin\u00e2nd complet balansul (zero bounce) \u00een timpul alerg\u0103rii.<\/li>\n<li>Chingile de la piept sunt elastice \u0219i reglabile, permi\u021b\u00e2nd cutiei toracice s\u0103 se dilate liber pentru o respira\u021bie optim\u0103 \u00een timpul efortului intens.<\/li>\n<li>Sustenabilitate &#8212; este un produs certificat bluesign\u00ae, fabricat prin procese ecologice.<\/li>\n<\/ul>\n<h3>Organizare inteligent\u0103<\/h3>\n<ul>\n<li>Dispune de 4 buzunare pe fiecare bretea (pentru bidoane, geluri, telefon).<\/li>\n<li>Compartiment la spate pentru depozitare suplimentar\u0103.<\/li>\n<li>Corzi elastice modulare pentru compresie sau fixarea be\u021belor de trekking.<\/li>\n<\/ul>\n<h3>Caracteristici<\/h3>\n<ul>\n<li>Greutate \u2014 160 g<\/li>\n<li>Volum \u2014 9 litri<\/li>\n<li>Dimensiuni \u2014 39 \/ 22 \/ 14 (L x l x A) cm<\/li>\n<li>Sarcin\u0103 recomandat\u0103 \u2014 2 &#8212; 5 kg<\/li>\n<\/ul>\n<p><\/p>\n<h3>Marca<\/h3>\n<p>Deuter - este o marc\u0103 german\u0103 care produce pachete \u0219i gen\u021bi  de sport pentru drume\u021bii, sporturi de iarn\u0103 \u0219i alte scopuri. Istoria companiei dateaz\u0103 de mai bine de 100 de ani: fondat\u0103 de Hans Deuter \u00een 1898, Deuter furniza deja la \u00eenceputul secolului al XX-lea gen\u021bi de mesager pentru Po\u0219ta Regal\u0103 Bavarez\u0103, iar \u00een anii 1910 furniza rucsacuri, gen\u021bi, curele \u0219i corturi pentru armat\u0103.<\/p>\n<p>Fiind unul dintre cei mai importan\u021bi produc\u0103tori de rucsacuri, Deuter a lucrat \u00eentotdeauna cu alpini\u0219ti experimenta\u021bi, care \u00eemp\u0103rt\u0103\u0219esc din experien\u021ba \u0219i cuno\u0219tin\u021bele lor bogate. Deuter nu se culc\u0103 pe lauri, lucr\u00e2nd \u00een mod constant la calitate \u0219i la \u00eembun\u0103t\u0103\u021birea produselor sale. Exper\u021bii companiei sunt mereu \u00een c\u0103utare de noi solu\u021bii tehnice care s\u0103 v\u0103 asigure confortul \u0219i siguran\u021ba.<\/p>","protected":false},"excerpt":{"rendered":"<p>\u0411\u0440\u0435\u043d\u0434 Deuter &#8212; \u044d\u0442\u043e \u043d\u0435\u043c\u0435\u0446\u043a\u0438\u0439 \u0431\u0440\u0435\u043d\u0434 \u0441\u043f\u043e\u0440\u0442\u0438\u0432\u043d\u044b\u0445 \u043f\u0430\u043a\u0435\u0442\u043e\u0432 \u0438 \u0441\u0443\u043c\u043e\u043a \u0434\u043b\u044f \u043f\u0435\u0448\u0438\u0445 \u043f\u0440\u043e\u0433\u0443\u043b\u043e\u043a, \u0442\u0440\u0435\u043a\u043a\u0438\u043d\u0433\u0430, \u0437\u0438\u043c\u043d\u0438\u0445 \u0432\u0438\u0434\u043e\u0432 \u0441\u043f\u043e\u0440\u0442\u0430 \u0438 \u0434\u0440\u0443\u0433\u0438\u0445 \u0446\u0435\u043b\u0435\u0439. \u0418\u0441\u0442\u043e\u0440\u0438\u044f \u043a\u043e\u043c\u043f\u0430\u043d\u0438\u0438 \u043d\u0430\u0441\u0447\u0438\u0442\u044b\u0432\u0430\u0435\u0442 \u0431\u043e\u043b\u0435\u0435 100 \u043b\u0435\u0442: \u043e\u0441\u043d\u043e\u0432\u0430\u043d\u043d\u0430\u044f \u0413\u0430\u043d\u0441\u043e\u043c \u0414\u043e\u0439\u0442\u0435\u0440\u043e\u043c \u0432 1898 \u0433., \u043d\u0430 \u0440\u0443\u0431\u0435\u0436\u0435 \u0425\u0425 \u0432\u0435\u043a\u0430 Deuter \u0443\u0436\u0435 \u043f\u043e\u0441\u0442\u0430\u0432\u043b\u044f\u043b\u0438 \u043f\u043e\u0447\u0442\u043e\u0432\u044b\u0435 \u0441\u0443\u043c\u043a\u0438 \u0411\u0430\u0432\u0430\u0440\u0441\u043a\u043e\u0439 \u041a\u043e\u0440\u043e\u043b\u0435\u0432\u0441\u043a\u043e\u0439 \u041f\u043e\u0447\u0442\u0435, \u0430 \u0432 1910-\u044b\u0445 &#8212; \u0440\u044e\u043a\u0437\u0430\u043a\u0438, \u0441\u0443\u043c\u043a\u0438, \u043f\u043e\u044f\u0441\u0430 \u0438 \u043f\u0430\u043b\u0430\u0442\u043a\u0438 \u0434\u043b\u044f \u0432\u043e\u0435\u043d\u043d\u044b\u0445. [&hellip;]<\/p>\n","protected":false},"featured_media":100892,"comment_status":"open","ping_status":"closed","template":"","meta":{"_acf_changed":false,"inline_featured_image":false},"product_brand":[1261],"product_cat":[843],"product_tag":[],"class_list":{"0":"post-96929","1":"product","2":"type-product","3":"status-publish","4":"has-post-thumbnail","6":"product_brand-deuter","7":"product_cat-biking-and-cross-country","9":"first","10":"instock","11":"shipping-taxable","12":"purchasable","13":"product-type-simple"},"acf":[],"yoast_head":"<!-- This site is optimized with the Yoast SEO plugin v27.2 - https:\/\/yoast.com\/product\/yoast-seo-wordpress\/ -->\n<title>\u0420\u044e\u043a\u0437\u0430\u043a Deuter Traick 9 SL - \u041c\u0430\u0433\u0430\u0437\u0438\u043d Xstyle<\/title>\n<meta name=\"robots\" content=\"index, follow, max-snippet:-1, max-image-preview:large, max-video-preview:-1\" \/>\n<link rel=\"canonical\" href=\"https:\/\/xstyle.md\/ro\/produs\/ryukzak-deuter-traick-9-sl\/\" \/>\n<meta property=\"og:locale\" content=\"ro_RO\" \/>\n<meta property=\"og:type\" content=\"article\" \/>\n<meta property=\"og:title\" content=\"\u0420\u044e\u043a\u0437\u0430\u043a Deuter Traick 9 SL - \u041c\u0430\u0433\u0430\u0437\u0438\u043d Xstyle\" \/>\n<meta property=\"og:description\" content=\"\u0411\u0440\u0435\u043d\u0434 Deuter &#8212; \u044d\u0442\u043e \u043d\u0435\u043c\u0435\u0446\u043a\u0438\u0439 \u0431\u0440\u0435\u043d\u0434 \u0441\u043f\u043e\u0440\u0442\u0438\u0432\u043d\u044b\u0445 \u043f\u0430\u043a\u0435\u0442\u043e\u0432 \u0438 \u0441\u0443\u043c\u043e\u043a \u0434\u043b\u044f \u043f\u0435\u0448\u0438\u0445 \u043f\u0440\u043e\u0433\u0443\u043b\u043e\u043a, \u0442\u0440\u0435\u043a\u043a\u0438\u043d\u0433\u0430, \u0437\u0438\u043c\u043d\u0438\u0445 \u0432\u0438\u0434\u043e\u0432 \u0441\u043f\u043e\u0440\u0442\u0430 \u0438 \u0434\u0440\u0443\u0433\u0438\u0445 \u0446\u0435\u043b\u0435\u0439. \u0418\u0441\u0442\u043e\u0440\u0438\u044f \u043a\u043e\u043c\u043f\u0430\u043d\u0438\u0438 \u043d\u0430\u0441\u0447\u0438\u0442\u044b\u0432\u0430\u0435\u0442 \u0431\u043e\u043b\u0435\u0435 100 \u043b\u0435\u0442: \u043e\u0441\u043d\u043e\u0432\u0430\u043d\u043d\u0430\u044f \u0413\u0430\u043d\u0441\u043e\u043c \u0414\u043e\u0439\u0442\u0435\u0440\u043e\u043c \u0432 1898 \u0433., \u043d\u0430 \u0440\u0443\u0431\u0435\u0436\u0435 \u0425\u0425 \u0432\u0435\u043a\u0430 Deuter \u0443\u0436\u0435 \u043f\u043e\u0441\u0442\u0430\u0432\u043b\u044f\u043b\u0438 \u043f\u043e\u0447\u0442\u043e\u0432\u044b\u0435 \u0441\u0443\u043c\u043a\u0438 \u0411\u0430\u0432\u0430\u0440\u0441\u043a\u043e\u0439 \u041a\u043e\u0440\u043e\u043b\u0435\u0432\u0441\u043a\u043e\u0439 \u041f\u043e\u0447\u0442\u0435, \u0430 \u0432 1910-\u044b\u0445 &#8212; \u0440\u044e\u043a\u0437\u0430\u043a\u0438, \u0441\u0443\u043c\u043a\u0438, \u043f\u043e\u044f\u0441\u0430 \u0438 \u043f\u0430\u043b\u0430\u0442\u043a\u0438 \u0434\u043b\u044f \u0432\u043e\u0435\u043d\u043d\u044b\u0445. [&hellip;]\" \/>\n<meta property=\"og:url\" content=\"https:\/\/xstyle.md\/ro\/produs\/ryukzak-deuter-traick-9-sl\/\" \/>\n<meta property=\"og:site_name\" content=\"\u041c\u0430\u0433\u0430\u0437\u0438\u043d Xstyle\" \/>\n<meta property=\"article:publisher\" content=\"https:\/\/www.facebook.com\/xstylemd\" \/>\n<meta property=\"article:modified_time\" content=\"2026-02-12T10:11:41+00:00\" \/>\n<meta property=\"og:image\" content=\"https:\/\/xstyle.md\/wp-content\/uploads\/2025\/09\/deuter-traick-9-sl-1.webp\" \/>\n\t<meta property=\"og:image:width\" content=\"1200\" \/>\n\t<meta property=\"og:image:height\" content=\"1200\" \/>\n\t<meta property=\"og:image:type\" content=\"image\/webp\" \/>\n<meta name=\"twitter:card\" content=\"summary_large_image\" \/>\n<meta name=\"twitter:label1\" content=\"Pre\u021b\" \/>\n\t<meta name=\"twitter:data1\" content=\"2.390&nbsp;MDL\" \/>\n\t<meta name=\"twitter:label2\" content=\"Disponibilitate\" \/>\n\t<meta name=\"twitter:data2\" content=\"\u00cen stoc\" \/>\n<script type=\"application\/ld+json\" class=\"yoast-schema-graph\">{\"@context\":\"https:\/\/schema.org\",\"@graph\":[{\"@type\":\"WebPage\",\"@id\":\"https:\/\/xstyle.md\/product\/ryukzak-deuter-traick-9-sl\/\",\"url\":\"https:\/\/xstyle.md\/product\/ryukzak-deuter-traick-9-sl\/\",\"name\":\"\u0420\u044e\u043a\u0437\u0430\u043a Deuter Traick 9 SL - \u041c\u0430\u0433\u0430\u0437\u0438\u043d Xstyle\",\"isPartOf\":{\"@id\":\"https:\/\/xstyle.md\/#website\"},\"primaryImageOfPage\":{\"@id\":\"https:\/\/xstyle.md\/product\/ryukzak-deuter-traick-9-sl\/#primaryimage\"},\"image\":{\"@id\":\"https:\/\/xstyle.md\/product\/ryukzak-deuter-traick-9-sl\/#primaryimage\"},\"thumbnailUrl\":\"https:\/\/xstyle.md\/wp-content\/uploads\/2025\/09\/deuter-traick-9-sl-1.webp\",\"datePublished\":\"2025-09-25T08:20:43+00:00\",\"dateModified\":\"2026-02-12T10:11:41+00:00\",\"breadcrumb\":{\"@id\":\"https:\/\/xstyle.md\/product\/ryukzak-deuter-traick-9-sl\/#breadcrumb\"},\"inLanguage\":\"ro-RO\",\"potentialAction\":[{\"@type\":\"ReadAction\",\"target\":[\"https:\/\/xstyle.md\/product\/ryukzak-deuter-traick-9-sl\/\"]}]},{\"@type\":\"ImageObject\",\"inLanguage\":\"ro-RO\",\"@id\":\"https:\/\/xstyle.md\/product\/ryukzak-deuter-traick-9-sl\/#primaryimage\",\"url\":\"https:\/\/xstyle.md\/wp-content\/uploads\/2025\/09\/deuter-traick-9-sl-1.webp\",\"contentUrl\":\"https:\/\/xstyle.md\/wp-content\/uploads\/2025\/09\/deuter-traick-9-sl-1.webp\",\"width\":1200,\"height\":1200,\"caption\":\"\u0420\u044e\u043a\u0437\u0430\u043a Deuter Traick 9 SL \u0434\u043b\u044f \u0430\u043a\u0442\u0438\u0432\u043d\u043e\u0433\u043e \u043e\u0442\u0434\u044b\u0445\u0430, \u043f\u043e\u0445\u043e\u0434\u043e\u0432 \u0438 \u043f\u0443\u0442\u0435\u0448\u0435\u0441\u0442\u0432\u0438\u0439 \u2014 \u043c\u0430\u0433\u0430\u0437\u0438\u043d \u0442\u043e\u0432\u0430\u0440\u043e\u0432 \u0434\u043b\u044f \u0430\u043a\u0442\u0438\u0432\u043d\u043e\u0439 \u0436\u0438\u0437\u043d\u0438, \u043e\u0431\u0443\u0432\u044c, \u043e\u0434\u0435\u0436\u0434\u0430 \u0438 \u0441\u043d\u0430\u0440\u044f\u0436\u0435\u043d\u0438\u0435 \u0434\u043b\u044f \u0445\u0430\u0439\u043a\u0438\u043d\u0433\u0430, \u0430\u043b\u044c\u043f\u0438\u043d\u0438\u0437\u043c\u0430 \u0438 \u0442\u0443\u0440\u0438\u0437\u043c\u0430\"},{\"@type\":\"BreadcrumbList\",\"@id\":\"https:\/\/xstyle.md\/product\/ryukzak-deuter-traick-9-sl\/#breadcrumb\",\"itemListElement\":[{\"@type\":\"ListItem\",\"position\":1,\"name\":\"\u0413\u043b\u0430\u0432\u043d\u0430\u044f \u0441\u0442\u0440\u0430\u043d\u0438\u0446\u0430\",\"item\":\"https:\/\/xstyle.md\/\"},{\"@type\":\"ListItem\",\"position\":2,\"name\":\"\u041c\u0430\u0433\u0430\u0437\u0438\u043d\",\"item\":\"https:\/\/xstyle.md\/shop\/\"},{\"@type\":\"ListItem\",\"position\":3,\"name\":\"\u0420\u044e\u043a\u0437\u0430\u043a Deuter Traick 9 SL\"}]},{\"@type\":\"WebSite\",\"@id\":\"https:\/\/xstyle.md\/#website\",\"url\":\"https:\/\/xstyle.md\/\",\"name\":\"\u041c\u0430\u0433\u0430\u0437\u0438\u043d Xstyle\",\"description\":\"C\u043d\u0430\u0440\u044f\u0436\u0435\u043d\u0438\u0435 \u0434\u043b\u044f \u0442\u0443\u0440\u0438\u0437\u043c\u0430 \u0438 \u044d\u043a\u0441\u0442\u0440\u0435\u043c\u0430\u043b\u044c\u043d\u044b\u0445 \u0432\u0438\u0434\u043e\u0432 \u0441\u043f\u043e\u0440\u0442\u0430 \u0432 \u041c\u043e\u043b\u0434\u043e\u0432\u0435.. \u0426\u0435\u043d\u044b, \u0444\u043e\u0442\u043e, \u0445\u0430\u0440\u0430\u043a\u0442\u0435\u0440\u0438\u0441\u0442\u0438\u043a\u0438 \u0432 \u041c\u043e\u043b\u0434\u043e\u0432\u0435.\",\"publisher\":{\"@id\":\"https:\/\/xstyle.md\/#organization\"},\"alternateName\":\"X-Style\",\"potentialAction\":[{\"@type\":\"SearchAction\",\"target\":{\"@type\":\"EntryPoint\",\"urlTemplate\":\"https:\/\/xstyle.md\/?s={search_term_string}\"},\"query-input\":{\"@type\":\"PropertyValueSpecification\",\"valueRequired\":true,\"valueName\":\"search_term_string\"}}],\"inLanguage\":\"ro-RO\"},{\"@type\":\"Organization\",\"@id\":\"https:\/\/xstyle.md\/#organization\",\"name\":\"\u041c\u0430\u0433\u0430\u0437\u0438\u043d Xstyle\",\"alternateName\":\"x-style\",\"url\":\"https:\/\/xstyle.md\/\",\"logo\":{\"@type\":\"ImageObject\",\"inLanguage\":\"ro-RO\",\"@id\":\"https:\/\/xstyle.md\/#\/schema\/logo\/image\/\",\"url\":\"https:\/\/xstyle.md\/wp-content\/uploads\/2020\/06\/logoicon.svg\",\"contentUrl\":\"https:\/\/xstyle.md\/wp-content\/uploads\/2020\/06\/logoicon.svg\",\"caption\":\"\u041c\u0430\u0433\u0430\u0437\u0438\u043d Xstyle\"},\"image\":{\"@id\":\"https:\/\/xstyle.md\/#\/schema\/logo\/image\/\"},\"sameAs\":[\"https:\/\/www.facebook.com\/xstylemd\",\"https:\/\/www.instagram.com\/xstyle_md\/\",\"https:\/\/t.me\/xstyle_outdoor\"],\"hasMerchantReturnPolicy\":{\"@type\":\"MerchantReturnPolicy\",\"merchantReturnLink\":\"https:\/\/xstyle.md\/ro\/conditions\/\"}}]}<\/script>\n<meta property=\"product:price:amount\" content=\"2390.00\" \/>\n<meta property=\"product:price:currency\" content=\"MDL\" \/>\n<meta property=\"og:availability\" content=\"instock\" \/>\n<meta property=\"product:availability\" content=\"instock\" \/>\n<meta property=\"product:retailer_item_id\" content=\"4046051161594\" \/>\n<meta property=\"product:condition\" content=\"new\" \/>\n<!-- \/ Yoast SEO plugin. -->","yoast_head_json":{"title":"\u0420\u044e\u043a\u0437\u0430\u043a Deuter Traick 9 SL - \u041c\u0430\u0433\u0430\u0437\u0438\u043d Xstyle","robots":{"index":"index","follow":"follow","max-snippet":"max-snippet:-1","max-image-preview":"max-image-preview:large","max-video-preview":"max-video-preview:-1"},"canonical":"https:\/\/xstyle.md\/ro\/produs\/ryukzak-deuter-traick-9-sl\/","og_locale":"ro_RO","og_type":"article","og_title":"\u0420\u044e\u043a\u0437\u0430\u043a Deuter Traick 9 SL - \u041c\u0430\u0433\u0430\u0437\u0438\u043d Xstyle","og_description":"\u0411\u0440\u0435\u043d\u0434 Deuter &#8212; \u044d\u0442\u043e \u043d\u0435\u043c\u0435\u0446\u043a\u0438\u0439 \u0431\u0440\u0435\u043d\u0434 \u0441\u043f\u043e\u0440\u0442\u0438\u0432\u043d\u044b\u0445 \u043f\u0430\u043a\u0435\u0442\u043e\u0432 \u0438 \u0441\u0443\u043c\u043e\u043a \u0434\u043b\u044f \u043f\u0435\u0448\u0438\u0445 \u043f\u0440\u043e\u0433\u0443\u043b\u043e\u043a, \u0442\u0440\u0435\u043a\u043a\u0438\u043d\u0433\u0430, \u0437\u0438\u043c\u043d\u0438\u0445 \u0432\u0438\u0434\u043e\u0432 \u0441\u043f\u043e\u0440\u0442\u0430 \u0438 \u0434\u0440\u0443\u0433\u0438\u0445 \u0446\u0435\u043b\u0435\u0439. \u0418\u0441\u0442\u043e\u0440\u0438\u044f \u043a\u043e\u043c\u043f\u0430\u043d\u0438\u0438 \u043d\u0430\u0441\u0447\u0438\u0442\u044b\u0432\u0430\u0435\u0442 \u0431\u043e\u043b\u0435\u0435 100 \u043b\u0435\u0442: \u043e\u0441\u043d\u043e\u0432\u0430\u043d\u043d\u0430\u044f \u0413\u0430\u043d\u0441\u043e\u043c \u0414\u043e\u0439\u0442\u0435\u0440\u043e\u043c \u0432 1898 \u0433., \u043d\u0430 \u0440\u0443\u0431\u0435\u0436\u0435 \u0425\u0425 \u0432\u0435\u043a\u0430 Deuter \u0443\u0436\u0435 \u043f\u043e\u0441\u0442\u0430\u0432\u043b\u044f\u043b\u0438 \u043f\u043e\u0447\u0442\u043e\u0432\u044b\u0435 \u0441\u0443\u043c\u043a\u0438 \u0411\u0430\u0432\u0430\u0440\u0441\u043a\u043e\u0439 \u041a\u043e\u0440\u043e\u043b\u0435\u0432\u0441\u043a\u043e\u0439 \u041f\u043e\u0447\u0442\u0435, \u0430 \u0432 1910-\u044b\u0445 &#8212; \u0440\u044e\u043a\u0437\u0430\u043a\u0438, \u0441\u0443\u043c\u043a\u0438, \u043f\u043e\u044f\u0441\u0430 \u0438 \u043f\u0430\u043b\u0430\u0442\u043a\u0438 \u0434\u043b\u044f \u0432\u043e\u0435\u043d\u043d\u044b\u0445. [&hellip;]","og_url":"https:\/\/xstyle.md\/ro\/produs\/ryukzak-deuter-traick-9-sl\/","og_site_name":"\u041c\u0430\u0433\u0430\u0437\u0438\u043d Xstyle","article_publisher":"https:\/\/www.facebook.com\/xstylemd","article_modified_time":"2026-02-12T10:11:41+00:00","og_image":[{"width":1200,"height":1200,"url":"https:\/\/xstyle.md\/wp-content\/uploads\/2025\/09\/deuter-traick-9-sl-1.webp","type":"image\/webp"}],"twitter_card":"summary_large_image","twitter_misc":{"Pre\u021b":"2.390&nbsp;MDL","Disponibilitate":"\u00cen stoc"},"schema":{"@context":"https:\/\/schema.org","@graph":[{"@type":"WebPage","@id":"https:\/\/xstyle.md\/product\/ryukzak-deuter-traick-9-sl\/","url":"https:\/\/xstyle.md\/product\/ryukzak-deuter-traick-9-sl\/","name":"\u0420\u044e\u043a\u0437\u0430\u043a Deuter Traick 9 SL - \u041c\u0430\u0433\u0430\u0437\u0438\u043d Xstyle","isPartOf":{"@id":"https:\/\/xstyle.md\/#website"},"primaryImageOfPage":{"@id":"https:\/\/xstyle.md\/product\/ryukzak-deuter-traick-9-sl\/#primaryimage"},"image":{"@id":"https:\/\/xstyle.md\/product\/ryukzak-deuter-traick-9-sl\/#primaryimage"},"thumbnailUrl":"https:\/\/xstyle.md\/wp-content\/uploads\/2025\/09\/deuter-traick-9-sl-1.webp","datePublished":"2025-09-25T08:20:43+00:00","dateModified":"2026-02-12T10:11:41+00:00","breadcrumb":{"@id":"https:\/\/xstyle.md\/product\/ryukzak-deuter-traick-9-sl\/#breadcrumb"},"inLanguage":"ro-RO","potentialAction":[{"@type":"ReadAction","target":["https:\/\/xstyle.md\/product\/ryukzak-deuter-traick-9-sl\/"]}]},{"@type":"ImageObject","inLanguage":"ro-RO","@id":"https:\/\/xstyle.md\/product\/ryukzak-deuter-traick-9-sl\/#primaryimage","url":"https:\/\/xstyle.md\/wp-content\/uploads\/2025\/09\/deuter-traick-9-sl-1.webp","contentUrl":"https:\/\/xstyle.md\/wp-content\/uploads\/2025\/09\/deuter-traick-9-sl-1.webp","width":1200,"height":1200,"caption":"\u0420\u044e\u043a\u0437\u0430\u043a Deuter Traick 9 SL \u0434\u043b\u044f \u0430\u043a\u0442\u0438\u0432\u043d\u043e\u0433\u043e \u043e\u0442\u0434\u044b\u0445\u0430, \u043f\u043e\u0445\u043e\u0434\u043e\u0432 \u0438 \u043f\u0443\u0442\u0435\u0448\u0435\u0441\u0442\u0432\u0438\u0439 \u2014 \u043c\u0430\u0433\u0430\u0437\u0438\u043d \u0442\u043e\u0432\u0430\u0440\u043e\u0432 \u0434\u043b\u044f \u0430\u043a\u0442\u0438\u0432\u043d\u043e\u0439 \u0436\u0438\u0437\u043d\u0438, \u043e\u0431\u0443\u0432\u044c, \u043e\u0434\u0435\u0436\u0434\u0430 \u0438 \u0441\u043d\u0430\u0440\u044f\u0436\u0435\u043d\u0438\u0435 \u0434\u043b\u044f \u0445\u0430\u0439\u043a\u0438\u043d\u0433\u0430, \u0430\u043b\u044c\u043f\u0438\u043d\u0438\u0437\u043c\u0430 \u0438 \u0442\u0443\u0440\u0438\u0437\u043c\u0430"},{"@type":"BreadcrumbList","@id":"https:\/\/xstyle.md\/product\/ryukzak-deuter-traick-9-sl\/#breadcrumb","itemListElement":[{"@type":"ListItem","position":1,"name":"\u0413\u043b\u0430\u0432\u043d\u0430\u044f \u0441\u0442\u0440\u0430\u043d\u0438\u0446\u0430","item":"https:\/\/xstyle.md\/"},{"@type":"ListItem","position":2,"name":"\u041c\u0430\u0433\u0430\u0437\u0438\u043d","item":"https:\/\/xstyle.md\/shop\/"},{"@type":"ListItem","position":3,"name":"\u0420\u044e\u043a\u0437\u0430\u043a Deuter Traick 9 SL"}]},{"@type":"WebSite","@id":"https:\/\/xstyle.md\/#website","url":"https:\/\/xstyle.md\/","name":"Magazinul X-Style","description":"Echipamente pentru turism \u0219i sporturi extreme \u00een Moldova. Pre\u021buri, fotografii, caracteristici \u00een Moldova.","publisher":{"@id":"https:\/\/xstyle.md\/#organization"},"alternateName":"X-Style","potentialAction":[{"@type":"SearchAction","target":{"@type":"EntryPoint","urlTemplate":"https:\/\/xstyle.md\/?s={search_term_string}"},"query-input":{"@type":"PropertyValueSpecification","valueRequired":true,"valueName":"search_term_string"}}],"inLanguage":"ro-RO"},{"@type":"Organization","@id":"https:\/\/xstyle.md\/#organization","name":"Magazinul X-Style","alternateName":"x-style","url":"https:\/\/xstyle.md\/","logo":{"@type":"ImageObject","inLanguage":"ro-RO","@id":"https:\/\/xstyle.md\/#\/schema\/logo\/image\/","url":"https:\/\/xstyle.md\/wp-content\/uploads\/2020\/06\/logoicon.svg","contentUrl":"https:\/\/xstyle.md\/wp-content\/uploads\/2020\/06\/logoicon.svg","caption":"\u041c\u0430\u0433\u0430\u0437\u0438\u043d Xstyle"},"image":{"@id":"https:\/\/xstyle.md\/#\/schema\/logo\/image\/"},"sameAs":["https:\/\/www.facebook.com\/xstylemd","https:\/\/www.instagram.com\/xstyle_md\/","https:\/\/t.me\/xstyle_outdoor"],"hasMerchantReturnPolicy":{"@type":"MerchantReturnPolicy","merchantReturnLink":"https:\/\/xstyle.md\/ro\/conditions\/"}}]},"product_price_amount":"2390.00","product_price_currency":"MDL","og_availability":"instock","product_availability":"instock","product_retailer_item_id":"4046051161594","product_condition":"new"},"post_mailing_queue_ids":[],"_links":{"self":[{"href":"https:\/\/xstyle.md\/ro\/wp-json\/wp\/v2\/product\/96929","targetHints":{"allow":["GET"]}}],"collection":[{"href":"https:\/\/xstyle.md\/ro\/wp-json\/wp\/v2\/product"}],"about":[{"href":"https:\/\/xstyle.md\/ro\/wp-json\/wp\/v2\/types\/product"}],"replies":[{"embeddable":true,"href":"https:\/\/xstyle.md\/ro\/wp-json\/wp\/v2\/comments?post=96929"}],"wp:featuredmedia":[{"embeddable":true,"href":"https:\/\/xstyle.md\/ro\/wp-json\/wp\/v2\/media\/100892"}],"wp:attachment":[{"href":"https:\/\/xstyle.md\/ro\/wp-json\/wp\/v2\/media?parent=96929"}],"wp:term":[{"taxonomy":"product_brand","embeddable":true,"href":"https:\/\/xstyle.md\/ro\/wp-json\/wp\/v2\/product_brand?post=96929"},{"taxonomy":"product_cat","embeddable":true,"href":"https:\/\/xstyle.md\/ro\/wp-json\/wp\/v2\/product_cat?post=96929"},{"taxonomy":"product_tag","embeddable":true,"href":"https:\/\/xstyle.md\/ro\/wp-json\/wp\/v2\/product_tag?post=96929"}],"curies":[{"name":"wp","href":"https:\/\/api.w.org\/{rel}","templated":true}]}}