{"id":96904,"date":"2025-09-25T11:20:32","date_gmt":"2025-09-25T08:20:32","guid":{"rendered":"https:\/\/xstyle.md\/?post_type=product&#038;p=96904"},"modified":"2026-02-18T19:00:56","modified_gmt":"2026-02-18T16:00:56","slug":"fonar-black-diamond-distance-lt-1100","status":"publish","type":"product","link":"https:\/\/xstyle.md\/ro\/produs\/fonar-black-diamond-distance-lt-1100\/","title":{"rendered":"Lantern\u0103 frontal\u0103 Black Diamond Distance LT 1100"},"content":{"rendered":"<\/p>\n<p><strong>Lantern\u0103 frontal\u0103 Black Diamond Distance LT 1100<\/strong> &#8212; este creat\u0103 pentru a str\u0103luci \u00een zilele de anduran\u021b\u0103, de la r\u0103s\u0103rit p\u00e2n\u0103 la apus, c\u00e2nd fiecare gram conteaz\u0103. Construc\u021bia sa include un bloc optic sub\u021bire \u0219i pivotant, \u00een timp ce corpul acumulatorului principal r\u0103m\u00e2ne fix \u0219i stabil. Tehnologia integrat\u0103 PowerTap\u2122 amplific\u0103 temporar lumina p\u00e2n\u0103 la 1100 lumeni printr-o simpl\u0103 atingere, pentru vizibilitate la distan\u021b\u0103 mare, \u0219i scade automat dup\u0103 10 secunde pentru a economisi energia. Designul lentilei seriei Distance ofer\u0103 o iluminare larg\u0103, difuz\u0103, men\u021bin\u00e2nd percep\u021bia profunzimii pe tot intervalul de luminozitate.<\/p>\n<h3>Particularit\u0103\u021bi<\/h3>\n<ul>\n<li>Band\u0103 elastic\u0103 cu profil redus &#8212; ofer\u0103 un confort excelent \u00een timpul utiliz\u0103rii intense<\/li>\n<li>Autonomie ridicat\u0103 &#8212; acumulatorul ofer\u0103 4,25 ore de lumin\u0103 la setarea maxim\u0103 (600 lumeni) cu o singur\u0103 \u00eenc\u0103rcare<\/li>\n<li>Tehnologia PowerTap\u2122 &#8212; intensific\u0103 fasciculul la 1100 lumeni (se stinge automat dup\u0103 10 secunde pentru a proteja bateria)<\/li>\n<li>Alimentare USB-C &#8212; acumulatorul Li-ion de 2200 mAh se \u00eencarc\u0103 rapid \u0219i poate fi \u00eenlocuit pe parcursul traseului<\/li>\n<li>LED RGB tricolor &#8212; ofer\u0103 moduri suplimentare de iluminare colorat\u0103 (ro\u0219u, verde, albastru) pentru performan\u021b\u0103 sporit\u0103<\/li>\n<li>Lentil\u0103 multifatetic\u0103 &#8212; combin\u0103 iluminarea de profunzime pentru detectarea obstacolelor cu lumina difuz\u0103 pentru o vizibilitate periferic\u0103 stabil\u0103<\/li>\n<li>Func\u021bie de blocare digital\u0103 (Digital Lock) &#8212; brevetat\u0103 pentru a preveni activarea accidental\u0103 \u00een rucsac sau buzunar<\/li>\n<\/ul>\n<h3>Caracteristici<\/h3>\n<ul>\n<li>Protec\u021bie &#8212; IP67 (rezisten\u021b\u0103 total\u0103 la praf \u0219i ap\u0103)<\/li>\n<li>Greutate &#8212; 108 g<\/li>\n<li>Acumulator &#8212; 2200 mAh (BD LT Battery)<\/li>\n<li>Putere &#8212; (PowerTap\u2122) 1100 lm \/ (High) 600 lm \/ (Medium) 300 lm \/ (Low) 7 lm<\/li>\n<li>Autonomie maxim\u0103 &#8212; (High) 4,25 ore \/ (Medium) 14 ore \/ (Low)120 ore<\/li>\n<li>Distan\u021ba de iluminare &#8212; (PowerTap\u2122) 125 m \/(High) 110 m \/<br \/>\n(Medium) 58 m \/ (Low) 8 m<\/li>\n<\/ul>\n<p><\/p>\n<h3>Marca<\/h3>\n<h3><\/h3>\n<p>Compania american\u0103 Black Diamond - este crea\u021bia legendarului Yvon Chouinard, un pasionat de escalad\u0103. \u00cencep\u00e2nd cu fabricarea pitoanelor de st\u00e2nc\u0103 pentru uz propriu \u00een forja sa improvizat\u0103, acesta a creat un adev\u0103rat imperiu \u00een lumea outdoor: Chouinard Equipment, Patagonia \u0219i Black Diamond. Ast\u0103zi, Black Diamond este unul dintre cei mai importan\u021bi produc\u0103tori de echipamente pentru freeride, ski-touring, alpinism \u0219i alte sporturi montane, de\u021bin\u00e2nd numeroase tehnologii unice \u0219i premii interna\u021bionale. Recent, portofoliul companiei a fost completat cu o linie de \u00eembr\u0103c\u0103minte tehnic\u0103 Black Diamond.<\/p>","protected":false},"excerpt":{"rendered":"<p>\u0411\u0440\u0435\u043d\u0434 \u0410\u043c\u0435\u0440\u0438\u043a\u0430\u043d\u0441\u043a\u0430\u044f \u043a\u043e\u043c\u043f\u0430\u043d\u0438\u044f Black Diamond \u2013 \u0434\u0435\u0442\u0438\u0449\u0435 \u043b\u0435\u0433\u0435\u043d\u0434\u0430\u0440\u043d\u043e\u0433\u043e \u0418\u0432\u043e\u043d\u0430 \u0428\u0443\u0438\u043d\u0430\u0440\u0434\u0430, \u0443\u0432\u043b\u0435\u043a\u0430\u044e\u0449\u0435\u0433\u043e\u0441\u044f \u0441\u043a\u0430\u043b\u043e\u043b\u0430\u0437\u0430\u043d\u0438\u0435\u043c. \u041d\u0430\u0447\u0430\u0432 \u0441 \u0438\u0437\u0433\u043e\u0442\u043e\u0432\u043b\u0435\u043d\u0438\u044f \u0441\u043a\u0430\u043b\u044c\u043d\u044b\u0445 \u043a\u0440\u044e\u0447\u044c\u0435\u0432 \u0434\u043b\u044f \u0441\u043e\u0431\u0441\u0442\u0432\u0435\u043d\u043d\u044b\u0445 \u043d\u0443\u0436\u0434 \u0432 \u0441\u0432\u043e\u0435\u0439 \u0438\u043c\u043f\u0440\u043e\u0432\u0438\u0437\u0438\u0440\u043e\u0432\u0430\u043d\u043d\u043e\u0439 \u043a\u0443\u0437\u043d\u0438\u0446\u0435, \u043e\u043d \u0441\u043e\u0437\u0434\u0430\u043b \u0446\u0435\u043b\u0443\u044e \u0438\u043c\u043f\u0435\u0440\u0438\u044e \u0432 \u043c\u0438\u0440\u0435 \u0430\u0443\u0442\u0434\u043e\u0440 \u2013 Chouinard Equipment, Patagonia, Black Diamond. \u0421\u0435\u0433\u043e\u0434\u043d\u044f Black Diamond \u043e\u0434\u0438\u043d \u0438\u0437 \u0432\u0435\u0434\u0443\u0449\u0438\u0445 \u043f\u0440\u043e\u0438\u0437\u0432\u043e\u0434\u0438\u0442\u0435\u043b\u0435\u0439 \u0441\u043d\u0430\u0440\u044f\u0436\u0435\u043d\u0438\u044f \u0434\u043b\u044f \u0444\u0440\u0438\u0440\u0430\u0439\u0434\u0430, \u0441\u043a\u0438-\u0442\u0443\u0440\u0430, \u0430\u043b\u044c\u043f\u0438\u043d\u0438\u0437\u043c\u0430 \u0438 \u0434\u0440\u0443\u0433\u0438\u0445 \u0433\u043e\u0440\u043d\u044b\u0445 \u0432\u0438\u0434\u043e\u0432 \u0441\u043f\u043e\u0440\u0442\u0430, \u043e\u0431\u043b\u0430\u0434\u0430\u0442\u0435\u043b\u044c [&hellip;]<\/p>\n","protected":false},"featured_media":101733,"comment_status":"open","ping_status":"closed","template":"","meta":{"_acf_changed":false,"inline_featured_image":false},"product_brand":[1306],"product_cat":[91],"product_tag":[],"class_list":{"0":"post-96904","1":"product","2":"type-product","3":"status-publish","4":"has-post-thumbnail","6":"product_brand-black-diamond","7":"product_cat-headlamps","9":"first","10":"instock","11":"shipping-taxable","12":"purchasable","13":"product-type-simple"},"acf":[],"yoast_head":"<!-- This site is optimized with the Yoast SEO plugin v27.2 - https:\/\/yoast.com\/product\/yoast-seo-wordpress\/ -->\n<title>\u0424\u043e\u043d\u0430\u0440\u044c Black Diamond Distance LT 1100 - \u041c\u0430\u0433\u0430\u0437\u0438\u043d Xstyle<\/title>\n<meta name=\"robots\" content=\"index, follow, max-snippet:-1, max-image-preview:large, max-video-preview:-1\" \/>\n<link rel=\"canonical\" href=\"https:\/\/xstyle.md\/ro\/produs\/fonar-black-diamond-distance-lt-1100\/\" \/>\n<meta property=\"og:locale\" content=\"ro_RO\" \/>\n<meta property=\"og:type\" content=\"article\" \/>\n<meta property=\"og:title\" content=\"\u0424\u043e\u043d\u0430\u0440\u044c Black Diamond Distance LT 1100 - \u041c\u0430\u0433\u0430\u0437\u0438\u043d Xstyle\" \/>\n<meta property=\"og:description\" content=\"\u0411\u0440\u0435\u043d\u0434 \u0410\u043c\u0435\u0440\u0438\u043a\u0430\u043d\u0441\u043a\u0430\u044f \u043a\u043e\u043c\u043f\u0430\u043d\u0438\u044f Black Diamond \u2013 \u0434\u0435\u0442\u0438\u0449\u0435 \u043b\u0435\u0433\u0435\u043d\u0434\u0430\u0440\u043d\u043e\u0433\u043e \u0418\u0432\u043e\u043d\u0430 \u0428\u0443\u0438\u043d\u0430\u0440\u0434\u0430, \u0443\u0432\u043b\u0435\u043a\u0430\u044e\u0449\u0435\u0433\u043e\u0441\u044f \u0441\u043a\u0430\u043b\u043e\u043b\u0430\u0437\u0430\u043d\u0438\u0435\u043c. \u041d\u0430\u0447\u0430\u0432 \u0441 \u0438\u0437\u0433\u043e\u0442\u043e\u0432\u043b\u0435\u043d\u0438\u044f \u0441\u043a\u0430\u043b\u044c\u043d\u044b\u0445 \u043a\u0440\u044e\u0447\u044c\u0435\u0432 \u0434\u043b\u044f \u0441\u043e\u0431\u0441\u0442\u0432\u0435\u043d\u043d\u044b\u0445 \u043d\u0443\u0436\u0434 \u0432 \u0441\u0432\u043e\u0435\u0439 \u0438\u043c\u043f\u0440\u043e\u0432\u0438\u0437\u0438\u0440\u043e\u0432\u0430\u043d\u043d\u043e\u0439 \u043a\u0443\u0437\u043d\u0438\u0446\u0435, \u043e\u043d \u0441\u043e\u0437\u0434\u0430\u043b \u0446\u0435\u043b\u0443\u044e \u0438\u043c\u043f\u0435\u0440\u0438\u044e \u0432 \u043c\u0438\u0440\u0435 \u0430\u0443\u0442\u0434\u043e\u0440 \u2013 Chouinard Equipment, Patagonia, Black Diamond. \u0421\u0435\u0433\u043e\u0434\u043d\u044f Black Diamond \u043e\u0434\u0438\u043d \u0438\u0437 \u0432\u0435\u0434\u0443\u0449\u0438\u0445 \u043f\u0440\u043e\u0438\u0437\u0432\u043e\u0434\u0438\u0442\u0435\u043b\u0435\u0439 \u0441\u043d\u0430\u0440\u044f\u0436\u0435\u043d\u0438\u044f \u0434\u043b\u044f \u0444\u0440\u0438\u0440\u0430\u0439\u0434\u0430, \u0441\u043a\u0438-\u0442\u0443\u0440\u0430, \u0430\u043b\u044c\u043f\u0438\u043d\u0438\u0437\u043c\u0430 \u0438 \u0434\u0440\u0443\u0433\u0438\u0445 \u0433\u043e\u0440\u043d\u044b\u0445 \u0432\u0438\u0434\u043e\u0432 \u0441\u043f\u043e\u0440\u0442\u0430, \u043e\u0431\u043b\u0430\u0434\u0430\u0442\u0435\u043b\u044c [&hellip;]\" \/>\n<meta property=\"og:url\" content=\"https:\/\/xstyle.md\/ro\/produs\/fonar-black-diamond-distance-lt-1100\/\" \/>\n<meta property=\"og:site_name\" content=\"\u041c\u0430\u0433\u0430\u0437\u0438\u043d Xstyle\" \/>\n<meta property=\"article:publisher\" content=\"https:\/\/www.facebook.com\/xstylemd\" \/>\n<meta property=\"article:modified_time\" content=\"2026-02-18T16:00:56+00:00\" \/>\n<meta property=\"og:image\" content=\"https:\/\/xstyle.md\/wp-content\/uploads\/2025\/09\/black-diamond-distance-lt-1100-5.webp\" \/>\n\t<meta property=\"og:image:width\" content=\"1200\" \/>\n\t<meta property=\"og:image:height\" content=\"1200\" \/>\n\t<meta property=\"og:image:type\" content=\"image\/webp\" \/>\n<meta name=\"twitter:card\" content=\"summary_large_image\" \/>\n<meta name=\"twitter:label1\" content=\"Pre\u021b\" \/>\n\t<meta name=\"twitter:data1\" content=\"2.590&nbsp;MDL\" \/>\n\t<meta name=\"twitter:label2\" content=\"Disponibilitate\" \/>\n\t<meta name=\"twitter:data2\" content=\"\u00cen stoc\" \/>\n<script type=\"application\/ld+json\" class=\"yoast-schema-graph\">{\"@context\":\"https:\/\/schema.org\",\"@graph\":[{\"@type\":\"WebPage\",\"@id\":\"https:\/\/xstyle.md\/product\/fonar-black-diamond-distance-lt-1100\/\",\"url\":\"https:\/\/xstyle.md\/product\/fonar-black-diamond-distance-lt-1100\/\",\"name\":\"\u0424\u043e\u043d\u0430\u0440\u044c Black Diamond Distance LT 1100 - \u041c\u0430\u0433\u0430\u0437\u0438\u043d Xstyle\",\"isPartOf\":{\"@id\":\"https:\/\/xstyle.md\/#website\"},\"primaryImageOfPage\":{\"@id\":\"https:\/\/xstyle.md\/product\/fonar-black-diamond-distance-lt-1100\/#primaryimage\"},\"image\":{\"@id\":\"https:\/\/xstyle.md\/product\/fonar-black-diamond-distance-lt-1100\/#primaryimage\"},\"thumbnailUrl\":\"https:\/\/xstyle.md\/wp-content\/uploads\/2025\/09\/black-diamond-distance-lt-1100-5.webp\",\"datePublished\":\"2025-09-25T08:20:32+00:00\",\"dateModified\":\"2026-02-18T16:00:56+00:00\",\"breadcrumb\":{\"@id\":\"https:\/\/xstyle.md\/product\/fonar-black-diamond-distance-lt-1100\/#breadcrumb\"},\"inLanguage\":\"ro-RO\",\"potentialAction\":[{\"@type\":\"ReadAction\",\"target\":[\"https:\/\/xstyle.md\/product\/fonar-black-diamond-distance-lt-1100\/\"]}]},{\"@type\":\"ImageObject\",\"inLanguage\":\"ro-RO\",\"@id\":\"https:\/\/xstyle.md\/product\/fonar-black-diamond-distance-lt-1100\/#primaryimage\",\"url\":\"https:\/\/xstyle.md\/wp-content\/uploads\/2025\/09\/black-diamond-distance-lt-1100-5.webp\",\"contentUrl\":\"https:\/\/xstyle.md\/wp-content\/uploads\/2025\/09\/black-diamond-distance-lt-1100-5.webp\",\"width\":1200,\"height\":1200,\"caption\":\"\u041b\u0435\u0433\u043a\u0438\u0439 \u043f\u043e\u0445\u043e\u0434\u043d\u044b\u0439 \u0444\u043e\u043d\u0430\u0440\u044c Black Diamond Distance LT 1100 \u0434\u043b\u044f \u0430\u043a\u0442\u0438\u0432\u043d\u043e\u0433\u043e \u043e\u0442\u0434\u044b\u0445\u0430, \u043f\u0443\u0442\u0435\u0448\u0435\u0441\u0442\u0432\u0438\u0439, \u0430\u043b\u044c\u043f\u0438\u043d\u0438\u0437\u043c\u0430 \u0438 \u043f\u043e\u0445\u043e\u0434\u043e\u0432.\"},{\"@type\":\"BreadcrumbList\",\"@id\":\"https:\/\/xstyle.md\/product\/fonar-black-diamond-distance-lt-1100\/#breadcrumb\",\"itemListElement\":[{\"@type\":\"ListItem\",\"position\":1,\"name\":\"\u0413\u043b\u0430\u0432\u043d\u0430\u044f \u0441\u0442\u0440\u0430\u043d\u0438\u0446\u0430\",\"item\":\"https:\/\/xstyle.md\/\"},{\"@type\":\"ListItem\",\"position\":2,\"name\":\"\u041c\u0430\u0433\u0430\u0437\u0438\u043d\",\"item\":\"https:\/\/xstyle.md\/shop\/\"},{\"@type\":\"ListItem\",\"position\":3,\"name\":\"\u0424\u043e\u043d\u0430\u0440\u044c Black Diamond Distance LT 1100\"}]},{\"@type\":\"WebSite\",\"@id\":\"https:\/\/xstyle.md\/#website\",\"url\":\"https:\/\/xstyle.md\/\",\"name\":\"\u041c\u0430\u0433\u0430\u0437\u0438\u043d Xstyle\",\"description\":\"C\u043d\u0430\u0440\u044f\u0436\u0435\u043d\u0438\u0435 \u0434\u043b\u044f \u0442\u0443\u0440\u0438\u0437\u043c\u0430 \u0438 \u044d\u043a\u0441\u0442\u0440\u0435\u043c\u0430\u043b\u044c\u043d\u044b\u0445 \u0432\u0438\u0434\u043e\u0432 \u0441\u043f\u043e\u0440\u0442\u0430 \u0432 \u041c\u043e\u043b\u0434\u043e\u0432\u0435.. \u0426\u0435\u043d\u044b, \u0444\u043e\u0442\u043e, \u0445\u0430\u0440\u0430\u043a\u0442\u0435\u0440\u0438\u0441\u0442\u0438\u043a\u0438 \u0432 \u041c\u043e\u043b\u0434\u043e\u0432\u0435.\",\"publisher\":{\"@id\":\"https:\/\/xstyle.md\/#organization\"},\"alternateName\":\"X-Style\",\"potentialAction\":[{\"@type\":\"SearchAction\",\"target\":{\"@type\":\"EntryPoint\",\"urlTemplate\":\"https:\/\/xstyle.md\/?s={search_term_string}\"},\"query-input\":{\"@type\":\"PropertyValueSpecification\",\"valueRequired\":true,\"valueName\":\"search_term_string\"}}],\"inLanguage\":\"ro-RO\"},{\"@type\":\"Organization\",\"@id\":\"https:\/\/xstyle.md\/#organization\",\"name\":\"\u041c\u0430\u0433\u0430\u0437\u0438\u043d Xstyle\",\"alternateName\":\"x-style\",\"url\":\"https:\/\/xstyle.md\/\",\"logo\":{\"@type\":\"ImageObject\",\"inLanguage\":\"ro-RO\",\"@id\":\"https:\/\/xstyle.md\/#\/schema\/logo\/image\/\",\"url\":\"https:\/\/xstyle.md\/wp-content\/uploads\/2020\/06\/logoicon.svg\",\"contentUrl\":\"https:\/\/xstyle.md\/wp-content\/uploads\/2020\/06\/logoicon.svg\",\"caption\":\"\u041c\u0430\u0433\u0430\u0437\u0438\u043d Xstyle\"},\"image\":{\"@id\":\"https:\/\/xstyle.md\/#\/schema\/logo\/image\/\"},\"sameAs\":[\"https:\/\/www.facebook.com\/xstylemd\",\"https:\/\/www.instagram.com\/xstyle_md\/\",\"https:\/\/t.me\/xstyle_outdoor\"],\"hasMerchantReturnPolicy\":{\"@type\":\"MerchantReturnPolicy\",\"merchantReturnLink\":\"https:\/\/xstyle.md\/ro\/conditions\/\"}}]}<\/script>\n<meta property=\"product:price:amount\" content=\"2590.00\" \/>\n<meta property=\"product:price:currency\" content=\"MDL\" \/>\n<meta property=\"og:availability\" content=\"instock\" \/>\n<meta property=\"product:availability\" content=\"instock\" \/>\n<meta property=\"product:retailer_item_id\" content=\"793661628347\" \/>\n<meta property=\"product:condition\" content=\"new\" \/>\n<!-- \/ Yoast SEO plugin. -->","yoast_head_json":{"title":"\u0424\u043e\u043d\u0430\u0440\u044c Black Diamond Distance LT 1100 - \u041c\u0430\u0433\u0430\u0437\u0438\u043d Xstyle","robots":{"index":"index","follow":"follow","max-snippet":"max-snippet:-1","max-image-preview":"max-image-preview:large","max-video-preview":"max-video-preview:-1"},"canonical":"https:\/\/xstyle.md\/ro\/produs\/fonar-black-diamond-distance-lt-1100\/","og_locale":"ro_RO","og_type":"article","og_title":"\u0424\u043e\u043d\u0430\u0440\u044c Black Diamond Distance LT 1100 - \u041c\u0430\u0433\u0430\u0437\u0438\u043d Xstyle","og_description":"\u0411\u0440\u0435\u043d\u0434 \u0410\u043c\u0435\u0440\u0438\u043a\u0430\u043d\u0441\u043a\u0430\u044f \u043a\u043e\u043c\u043f\u0430\u043d\u0438\u044f Black Diamond \u2013 \u0434\u0435\u0442\u0438\u0449\u0435 \u043b\u0435\u0433\u0435\u043d\u0434\u0430\u0440\u043d\u043e\u0433\u043e \u0418\u0432\u043e\u043d\u0430 \u0428\u0443\u0438\u043d\u0430\u0440\u0434\u0430, \u0443\u0432\u043b\u0435\u043a\u0430\u044e\u0449\u0435\u0433\u043e\u0441\u044f \u0441\u043a\u0430\u043b\u043e\u043b\u0430\u0437\u0430\u043d\u0438\u0435\u043c. \u041d\u0430\u0447\u0430\u0432 \u0441 \u0438\u0437\u0433\u043e\u0442\u043e\u0432\u043b\u0435\u043d\u0438\u044f \u0441\u043a\u0430\u043b\u044c\u043d\u044b\u0445 \u043a\u0440\u044e\u0447\u044c\u0435\u0432 \u0434\u043b\u044f \u0441\u043e\u0431\u0441\u0442\u0432\u0435\u043d\u043d\u044b\u0445 \u043d\u0443\u0436\u0434 \u0432 \u0441\u0432\u043e\u0435\u0439 \u0438\u043c\u043f\u0440\u043e\u0432\u0438\u0437\u0438\u0440\u043e\u0432\u0430\u043d\u043d\u043e\u0439 \u043a\u0443\u0437\u043d\u0438\u0446\u0435, \u043e\u043d \u0441\u043e\u0437\u0434\u0430\u043b \u0446\u0435\u043b\u0443\u044e \u0438\u043c\u043f\u0435\u0440\u0438\u044e \u0432 \u043c\u0438\u0440\u0435 \u0430\u0443\u0442\u0434\u043e\u0440 \u2013 Chouinard Equipment, Patagonia, Black Diamond. \u0421\u0435\u0433\u043e\u0434\u043d\u044f Black Diamond \u043e\u0434\u0438\u043d \u0438\u0437 \u0432\u0435\u0434\u0443\u0449\u0438\u0445 \u043f\u0440\u043e\u0438\u0437\u0432\u043e\u0434\u0438\u0442\u0435\u043b\u0435\u0439 \u0441\u043d\u0430\u0440\u044f\u0436\u0435\u043d\u0438\u044f \u0434\u043b\u044f \u0444\u0440\u0438\u0440\u0430\u0439\u0434\u0430, \u0441\u043a\u0438-\u0442\u0443\u0440\u0430, \u0430\u043b\u044c\u043f\u0438\u043d\u0438\u0437\u043c\u0430 \u0438 \u0434\u0440\u0443\u0433\u0438\u0445 \u0433\u043e\u0440\u043d\u044b\u0445 \u0432\u0438\u0434\u043e\u0432 \u0441\u043f\u043e\u0440\u0442\u0430, \u043e\u0431\u043b\u0430\u0434\u0430\u0442\u0435\u043b\u044c [&hellip;]","og_url":"https:\/\/xstyle.md\/ro\/produs\/fonar-black-diamond-distance-lt-1100\/","og_site_name":"\u041c\u0430\u0433\u0430\u0437\u0438\u043d Xstyle","article_publisher":"https:\/\/www.facebook.com\/xstylemd","article_modified_time":"2026-02-18T16:00:56+00:00","og_image":[{"width":1200,"height":1200,"url":"https:\/\/xstyle.md\/wp-content\/uploads\/2025\/09\/black-diamond-distance-lt-1100-5.webp","type":"image\/webp"}],"twitter_card":"summary_large_image","twitter_misc":{"Pre\u021b":"2.590&nbsp;MDL","Disponibilitate":"\u00cen stoc"},"schema":{"@context":"https:\/\/schema.org","@graph":[{"@type":"WebPage","@id":"https:\/\/xstyle.md\/product\/fonar-black-diamond-distance-lt-1100\/","url":"https:\/\/xstyle.md\/product\/fonar-black-diamond-distance-lt-1100\/","name":"\u0424\u043e\u043d\u0430\u0440\u044c Black Diamond Distance LT 1100 - \u041c\u0430\u0433\u0430\u0437\u0438\u043d Xstyle","isPartOf":{"@id":"https:\/\/xstyle.md\/#website"},"primaryImageOfPage":{"@id":"https:\/\/xstyle.md\/product\/fonar-black-diamond-distance-lt-1100\/#primaryimage"},"image":{"@id":"https:\/\/xstyle.md\/product\/fonar-black-diamond-distance-lt-1100\/#primaryimage"},"thumbnailUrl":"https:\/\/xstyle.md\/wp-content\/uploads\/2025\/09\/black-diamond-distance-lt-1100-5.webp","datePublished":"2025-09-25T08:20:32+00:00","dateModified":"2026-02-18T16:00:56+00:00","breadcrumb":{"@id":"https:\/\/xstyle.md\/product\/fonar-black-diamond-distance-lt-1100\/#breadcrumb"},"inLanguage":"ro-RO","potentialAction":[{"@type":"ReadAction","target":["https:\/\/xstyle.md\/product\/fonar-black-diamond-distance-lt-1100\/"]}]},{"@type":"ImageObject","inLanguage":"ro-RO","@id":"https:\/\/xstyle.md\/product\/fonar-black-diamond-distance-lt-1100\/#primaryimage","url":"https:\/\/xstyle.md\/wp-content\/uploads\/2025\/09\/black-diamond-distance-lt-1100-5.webp","contentUrl":"https:\/\/xstyle.md\/wp-content\/uploads\/2025\/09\/black-diamond-distance-lt-1100-5.webp","width":1200,"height":1200,"caption":"\u041b\u0435\u0433\u043a\u0438\u0439 \u043f\u043e\u0445\u043e\u0434\u043d\u044b\u0439 \u0444\u043e\u043d\u0430\u0440\u044c Black Diamond Distance LT 1100 \u0434\u043b\u044f \u0430\u043a\u0442\u0438\u0432\u043d\u043e\u0433\u043e \u043e\u0442\u0434\u044b\u0445\u0430, \u043f\u0443\u0442\u0435\u0448\u0435\u0441\u0442\u0432\u0438\u0439, \u0430\u043b\u044c\u043f\u0438\u043d\u0438\u0437\u043c\u0430 \u0438 \u043f\u043e\u0445\u043e\u0434\u043e\u0432."},{"@type":"BreadcrumbList","@id":"https:\/\/xstyle.md\/product\/fonar-black-diamond-distance-lt-1100\/#breadcrumb","itemListElement":[{"@type":"ListItem","position":1,"name":"\u0413\u043b\u0430\u0432\u043d\u0430\u044f \u0441\u0442\u0440\u0430\u043d\u0438\u0446\u0430","item":"https:\/\/xstyle.md\/"},{"@type":"ListItem","position":2,"name":"\u041c\u0430\u0433\u0430\u0437\u0438\u043d","item":"https:\/\/xstyle.md\/shop\/"},{"@type":"ListItem","position":3,"name":"\u0424\u043e\u043d\u0430\u0440\u044c Black Diamond Distance LT 1100"}]},{"@type":"WebSite","@id":"https:\/\/xstyle.md\/#website","url":"https:\/\/xstyle.md\/","name":"Magazinul X-Style","description":"Echipamente pentru turism \u0219i sporturi extreme \u00een Moldova. Pre\u021buri, fotografii, caracteristici \u00een Moldova.","publisher":{"@id":"https:\/\/xstyle.md\/#organization"},"alternateName":"X-Style","potentialAction":[{"@type":"SearchAction","target":{"@type":"EntryPoint","urlTemplate":"https:\/\/xstyle.md\/?s={search_term_string}"},"query-input":{"@type":"PropertyValueSpecification","valueRequired":true,"valueName":"search_term_string"}}],"inLanguage":"ro-RO"},{"@type":"Organization","@id":"https:\/\/xstyle.md\/#organization","name":"Magazinul X-Style","alternateName":"x-style","url":"https:\/\/xstyle.md\/","logo":{"@type":"ImageObject","inLanguage":"ro-RO","@id":"https:\/\/xstyle.md\/#\/schema\/logo\/image\/","url":"https:\/\/xstyle.md\/wp-content\/uploads\/2020\/06\/logoicon.svg","contentUrl":"https:\/\/xstyle.md\/wp-content\/uploads\/2020\/06\/logoicon.svg","caption":"\u041c\u0430\u0433\u0430\u0437\u0438\u043d Xstyle"},"image":{"@id":"https:\/\/xstyle.md\/#\/schema\/logo\/image\/"},"sameAs":["https:\/\/www.facebook.com\/xstylemd","https:\/\/www.instagram.com\/xstyle_md\/","https:\/\/t.me\/xstyle_outdoor"],"hasMerchantReturnPolicy":{"@type":"MerchantReturnPolicy","merchantReturnLink":"https:\/\/xstyle.md\/ro\/conditions\/"}}]},"product_price_amount":"2590.00","product_price_currency":"MDL","og_availability":"instock","product_availability":"instock","product_retailer_item_id":"793661628347","product_condition":"new"},"post_mailing_queue_ids":[],"_links":{"self":[{"href":"https:\/\/xstyle.md\/ro\/wp-json\/wp\/v2\/product\/96904","targetHints":{"allow":["GET"]}}],"collection":[{"href":"https:\/\/xstyle.md\/ro\/wp-json\/wp\/v2\/product"}],"about":[{"href":"https:\/\/xstyle.md\/ro\/wp-json\/wp\/v2\/types\/product"}],"replies":[{"embeddable":true,"href":"https:\/\/xstyle.md\/ro\/wp-json\/wp\/v2\/comments?post=96904"}],"wp:featuredmedia":[{"embeddable":true,"href":"https:\/\/xstyle.md\/ro\/wp-json\/wp\/v2\/media\/101733"}],"wp:attachment":[{"href":"https:\/\/xstyle.md\/ro\/wp-json\/wp\/v2\/media?parent=96904"}],"wp:term":[{"taxonomy":"product_brand","embeddable":true,"href":"https:\/\/xstyle.md\/ro\/wp-json\/wp\/v2\/product_brand?post=96904"},{"taxonomy":"product_cat","embeddable":true,"href":"https:\/\/xstyle.md\/ro\/wp-json\/wp\/v2\/product_cat?post=96904"},{"taxonomy":"product_tag","embeddable":true,"href":"https:\/\/xstyle.md\/ro\/wp-json\/wp\/v2\/product_tag?post=96904"}],"curies":[{"name":"wp","href":"https:\/\/api.w.org\/{rel}","templated":true}]}}