{"id":9688,"date":"2020-07-17T09:27:46","date_gmt":"2020-07-17T06:27:46","guid":{"rendered":"https:\/\/xstyle.md\/product\/propitka-dlja-obuvi-toko-leather-wax-transp-beeswax-75ml"},"modified":"2024-12-27T14:48:07","modified_gmt":"2024-12-27T11:48:07","slug":"propitka-dlja-obuvi-toko-leather-wax-transp-beeswax-75ml","status":"publish","type":"product","link":"https:\/\/xstyle.md\/ro\/produs\/propitka-dlja-obuvi-toko-leather-wax-transp-beeswax-75ml\/","title":{"rendered":"Impregnare pentru \u00eenc\u0103l\u021b\u0103minte Toko Leather Wax Transp-Beeswax 75ml"},"content":{"rendered":"<\/p>\n<p><strong>Impregnare pentru \u00eenc\u0103l\u021b\u0103minte Toko Leather Wax Transp-Beeswax 75ml <\/strong>&#8212; produs de \u00eengrijire intensiv\u0103 a \u00eenc\u0103l\u021b\u0103mintei care con\u021bine cear\u0103 de albine din seria extreme. Protec\u021bie fiabil\u0103 \u00eempotriva apei \u0219i a murd\u0103riei, p\u0103streaz\u0103 elasticitatea pielii (compatibil \u0219i cu membrana GORE-TEX).<\/p>\n<h3><strong>Caracteristici<\/strong><\/h3>\n<ul>\n<li>Ceara de albine ofer\u0103 protec\u021bie natural\u0103 \u00eempotriva apei \u0219i a murd\u0103riei.<\/li>\n<li>Nutrien\u021bii speciali men\u021bin flexibilitatea \u0219i \u00eengrijirea materialului exterior.<\/li>\n<li>Cre\u0219te durabilitatea incaltamintei.<\/li>\n<li>Aplicare comod\u0103 asigurat\u0103 de un tub cu burete integrat.<\/li>\n<li>Ceara este compatibil\u0103 cu membrana GORE-TEX.<\/li>\n<\/ul>\n<h3>Aplicatie<\/h3>\n<ul>\n<li>Aplica\u021bi \u00een prealabil un strat sub\u021bire de cear\u0103 pe pantofii cur\u0103\u021ba\u021bi \u0219i usca\u021bi.<\/li>\n<li>Se aplica uniform \u00een piele.<\/li>\n<li>L\u0103sa\u021bi \u00eenc\u0103l\u021b\u0103mintea s\u0103 se \u00eenmoaie timp de c\u00e2teva ore.<\/li>\n<li>Dup\u0103 aceea, \u0219terge\u021bi u\u0219or resturile cu un burete moale.<\/li>\n<li>Dac\u0103 este aplicat\u0103 pe incaltamintea din velur sau nubuc, culoarea pielii poate deveni mai \u00eenchis\u0103 \u0219i mai neted\u0103.<\/li>\n<\/ul>\n<h3>Contraindicatii<\/h3>\n<ul>\n<li>Nu se administreaz\u0103 pe cale oral\u0103.<\/li>\n<li>Evita\u021bi contactul cu ochii.<\/li>\n<li>A nu se p\u0103stra la \u00eendem\u00e2na copiilor.<\/li>\n<\/ul>\n<p>\n<p><iframe loading=\"lazy\" title=\"\u0411\u0435\u0441\u0446\u0432\u0435\u0442\u043d\u044b\u0439 \u043a\u0440\u0435\u043c \u0434\u043b\u044f \u0441\u043f\u043e\u0440\u0442\u0438\u0432\u043d\u043e\u0439 \u0438 \u0442\u0443\u0440\u0438\u0441\u0442\u0438\u0447\u0435\u0441\u043a\u043e\u0439 \u043e\u0431\u0443\u0432\u0438 Eco Leather Wax Beeswax\" width=\"640\" height=\"360\" src=\"https:\/\/www.youtube.com\/embed\/XqKoVbb2O9I?feature=oembed\" frameborder=\"0\" allow=\"accelerometer; autoplay; clipboard-write; encrypted-media; gyroscope; picture-in-picture; web-share\" referrerpolicy=\"strict-origin-when-cross-origin\" allowfullscreen><\/iframe><\/p>","protected":false},"excerpt":{"rendered":"<p>Impregnare pentru \u00eenc\u0103l\u021b\u0103minte Toko Leather Wax Transp-Beeswax 75ml<\/p>","protected":false},"featured_media":9687,"comment_status":"open","ping_status":"closed","template":"","meta":{"_acf_changed":false,"inline_featured_image":false},"product_brand":[1340],"product_cat":[481],"product_tag":[],"class_list":{"0":"post-9688","1":"product","2":"type-product","3":"status-publish","4":"has-post-thumbnail","6":"product_brand-toko","7":"product_cat-uhod-za-obuviu","9":"first","10":"instock","11":"shipping-taxable","12":"purchasable","13":"product-type-simple"},"acf":[],"yoast_head":"<!-- This site is optimized with the Yoast SEO plugin v27.4 - https:\/\/yoast.com\/product\/yoast-seo-wordpress\/ -->\n<title>\u041f\u0440\u043e\u043f\u0438\u0442\u043a\u0430 \u0434\u043b\u044f \u043e\u0431\u0443\u0432\u0438 Toko Leather Wax Transp-Beeswax 75ml - \u041c\u0430\u0433\u0430\u0437\u0438\u043d Xstyle<\/title>\n<meta name=\"description\" content=\"\u041f\u0440\u043e\u043f\u0438\u0442\u043a\u0430 \u0434\u043b\u044f \u043e\u0431\u0443\u0432\u0438 Toko Leather Wax Transp-Beeswax 75ml \u043e\u0431\u0435\u0441\u043f\u0435\u0447\u0438\u0432\u0430\u0435\u0442 \u043d\u0430\u0434\u0435\u0436\u043d\u0443\u044e \u0437\u0430\u0449\u0438\u0442\u0443 \u043e\u0442 \u0432\u043e\u0434\u044b \u0438 \u0433\u0440\u044f\u0437\u0438, \u0441\u043e\u0445\u0440\u0430\u043d\u044f\u044f \u044d\u043b\u0430\u0441\u0442\u0438\u0447\u043d\u043e\u0441\u0442\u044c \u043a\u043e\u0436\u0438 \u0438 \u0441\u043e\u0432\u043c\u0435\u0441\u0442\u0438\u043c\u043e\u0441\u0442\u044c \u0441 GORETEX.\" \/>\n<meta name=\"robots\" content=\"index, follow, max-snippet:-1, max-image-preview:large, max-video-preview:-1\" \/>\n<link rel=\"canonical\" href=\"https:\/\/xstyle.md\/ro\/produs\/propitka-dlja-obuvi-toko-leather-wax-transp-beeswax-75ml\/\" \/>\n<meta property=\"og:locale\" content=\"ro_RO\" \/>\n<meta property=\"og:type\" content=\"article\" \/>\n<meta property=\"og:title\" content=\"\u041f\u0440\u043e\u043f\u0438\u0442\u043a\u0430 \u0434\u043b\u044f \u043e\u0431\u0443\u0432\u0438 Toko Leather Wax Transp-Beeswax 75ml - \u041c\u0430\u0433\u0430\u0437\u0438\u043d Xstyle\" \/>\n<meta property=\"og:description\" content=\"\u041f\u0440\u043e\u043f\u0438\u0442\u043a\u0430 \u0434\u043b\u044f \u043e\u0431\u0443\u0432\u0438 Toko Leather Wax Transp-Beeswax 75ml \u043e\u0431\u0435\u0441\u043f\u0435\u0447\u0438\u0432\u0430\u0435\u0442 \u043d\u0430\u0434\u0435\u0436\u043d\u0443\u044e \u0437\u0430\u0449\u0438\u0442\u0443 \u043e\u0442 \u0432\u043e\u0434\u044b \u0438 \u0433\u0440\u044f\u0437\u0438, \u0441\u043e\u0445\u0440\u0430\u043d\u044f\u044f \u044d\u043b\u0430\u0441\u0442\u0438\u0447\u043d\u043e\u0441\u0442\u044c \u043a\u043e\u0436\u0438 \u0438 \u0441\u043e\u0432\u043c\u0435\u0441\u0442\u0438\u043c\u043e\u0441\u0442\u044c \u0441 GORETEX.\" \/>\n<meta property=\"og:url\" content=\"https:\/\/xstyle.md\/ro\/produs\/propitka-dlja-obuvi-toko-leather-wax-transp-beeswax-75ml\/\" \/>\n<meta property=\"og:site_name\" content=\"\u041c\u0430\u0433\u0430\u0437\u0438\u043d Xstyle\" \/>\n<meta property=\"article:publisher\" content=\"https:\/\/www.facebook.com\/xstylemd\" \/>\n<meta property=\"article:modified_time\" content=\"2024-12-27T11:48:07+00:00\" \/>\n<meta property=\"og:image\" content=\"https:\/\/xstyle.md\/wp-content\/uploads\/2020\/07\/toko_eco_leather_wax-1.jpg\" \/>\n\t<meta property=\"og:image:width\" content=\"800\" \/>\n\t<meta property=\"og:image:height\" content=\"800\" \/>\n\t<meta property=\"og:image:type\" content=\"image\/jpeg\" \/>\n<meta name=\"twitter:card\" content=\"summary_large_image\" \/>\n<meta name=\"twitter:label1\" content=\"Pre\u021b\" \/>\n\t<meta name=\"twitter:data1\" content=\"185&nbsp;MDL\" \/>\n\t<meta name=\"twitter:label2\" content=\"Disponibilitate\" \/>\n\t<meta name=\"twitter:data2\" content=\"\u00cen stoc\" \/>\n<script type=\"application\/ld+json\" class=\"yoast-schema-graph\">{\"@context\":\"https:\\\/\\\/schema.org\",\"@graph\":[{\"@type\":\"WebPage\",\"@id\":\"https:\\\/\\\/xstyle.md\\\/product\\\/propitka-dlja-obuvi-toko-leather-wax-transp-beeswax-75ml\\\/\",\"url\":\"https:\\\/\\\/xstyle.md\\\/product\\\/propitka-dlja-obuvi-toko-leather-wax-transp-beeswax-75ml\\\/\",\"name\":\"\u041f\u0440\u043e\u043f\u0438\u0442\u043a\u0430 \u0434\u043b\u044f \u043e\u0431\u0443\u0432\u0438 Toko Leather Wax Transp-Beeswax 75ml - \u041c\u0430\u0433\u0430\u0437\u0438\u043d Xstyle\",\"isPartOf\":{\"@id\":\"https:\\\/\\\/xstyle.md\\\/#website\"},\"primaryImageOfPage\":{\"@id\":\"https:\\\/\\\/xstyle.md\\\/product\\\/propitka-dlja-obuvi-toko-leather-wax-transp-beeswax-75ml\\\/#primaryimage\"},\"image\":{\"@id\":\"https:\\\/\\\/xstyle.md\\\/product\\\/propitka-dlja-obuvi-toko-leather-wax-transp-beeswax-75ml\\\/#primaryimage\"},\"thumbnailUrl\":\"https:\\\/\\\/xstyle.md\\\/wp-content\\\/uploads\\\/2020\\\/07\\\/toko_eco_leather_wax-1.jpg\",\"datePublished\":\"2020-07-17T06:27:46+00:00\",\"dateModified\":\"2024-12-27T11:48:07+00:00\",\"description\":\"\u041f\u0440\u043e\u043f\u0438\u0442\u043a\u0430 \u0434\u043b\u044f \u043e\u0431\u0443\u0432\u0438 Toko Leather Wax Transp-Beeswax 75ml \u043e\u0431\u0435\u0441\u043f\u0435\u0447\u0438\u0432\u0430\u0435\u0442 \u043d\u0430\u0434\u0435\u0436\u043d\u0443\u044e \u0437\u0430\u0449\u0438\u0442\u0443 \u043e\u0442 \u0432\u043e\u0434\u044b \u0438 \u0433\u0440\u044f\u0437\u0438, \u0441\u043e\u0445\u0440\u0430\u043d\u044f\u044f \u044d\u043b\u0430\u0441\u0442\u0438\u0447\u043d\u043e\u0441\u0442\u044c \u043a\u043e\u0436\u0438 \u0438 \u0441\u043e\u0432\u043c\u0435\u0441\u0442\u0438\u043c\u043e\u0441\u0442\u044c \u0441 GORETEX.\",\"breadcrumb\":{\"@id\":\"https:\\\/\\\/xstyle.md\\\/product\\\/propitka-dlja-obuvi-toko-leather-wax-transp-beeswax-75ml\\\/#breadcrumb\"},\"inLanguage\":\"ro-RO\",\"potentialAction\":[{\"@type\":\"ReadAction\",\"target\":[\"https:\\\/\\\/xstyle.md\\\/product\\\/propitka-dlja-obuvi-toko-leather-wax-transp-beeswax-75ml\\\/\"]}]},{\"@type\":\"ImageObject\",\"inLanguage\":\"ro-RO\",\"@id\":\"https:\\\/\\\/xstyle.md\\\/product\\\/propitka-dlja-obuvi-toko-leather-wax-transp-beeswax-75ml\\\/#primaryimage\",\"url\":\"https:\\\/\\\/xstyle.md\\\/wp-content\\\/uploads\\\/2020\\\/07\\\/toko_eco_leather_wax-1.jpg\",\"contentUrl\":\"https:\\\/\\\/xstyle.md\\\/wp-content\\\/uploads\\\/2020\\\/07\\\/toko_eco_leather_wax-1.jpg\",\"width\":800,\"height\":800},{\"@type\":\"BreadcrumbList\",\"@id\":\"https:\\\/\\\/xstyle.md\\\/product\\\/propitka-dlja-obuvi-toko-leather-wax-transp-beeswax-75ml\\\/#breadcrumb\",\"itemListElement\":[{\"@type\":\"ListItem\",\"position\":1,\"name\":\"\u0413\u043b\u0430\u0432\u043d\u0430\u044f \u0441\u0442\u0440\u0430\u043d\u0438\u0446\u0430\",\"item\":\"https:\\\/\\\/xstyle.md\\\/\"},{\"@type\":\"ListItem\",\"position\":2,\"name\":\"\u041c\u0430\u0433\u0430\u0437\u0438\u043d\",\"item\":\"https:\\\/\\\/xstyle.md\\\/shop\\\/\"},{\"@type\":\"ListItem\",\"position\":3,\"name\":\"\u041f\u0440\u043e\u043f\u0438\u0442\u043a\u0430 \u0434\u043b\u044f \u043e\u0431\u0443\u0432\u0438 Toko Leather Wax Transp-Beeswax 75ml\"}]},{\"@type\":\"WebSite\",\"@id\":\"https:\\\/\\\/xstyle.md\\\/#website\",\"url\":\"https:\\\/\\\/xstyle.md\\\/\",\"name\":\"\u041c\u0430\u0433\u0430\u0437\u0438\u043d Xstyle\",\"description\":\"C\u043d\u0430\u0440\u044f\u0436\u0435\u043d\u0438\u0435 \u0434\u043b\u044f \u0442\u0443\u0440\u0438\u0437\u043c\u0430 \u0438 \u044d\u043a\u0441\u0442\u0440\u0435\u043c\u0430\u043b\u044c\u043d\u044b\u0445 \u0432\u0438\u0434\u043e\u0432 \u0441\u043f\u043e\u0440\u0442\u0430 \u0432 \u041c\u043e\u043b\u0434\u043e\u0432\u0435.. \u0426\u0435\u043d\u044b, \u0444\u043e\u0442\u043e, \u0445\u0430\u0440\u0430\u043a\u0442\u0435\u0440\u0438\u0441\u0442\u0438\u043a\u0438 \u0432 \u041c\u043e\u043b\u0434\u043e\u0432\u0435.\",\"publisher\":{\"@id\":\"https:\\\/\\\/xstyle.md\\\/#organization\"},\"alternateName\":\"X-Style\",\"potentialAction\":[{\"@type\":\"SearchAction\",\"target\":{\"@type\":\"EntryPoint\",\"urlTemplate\":\"https:\\\/\\\/xstyle.md\\\/?s={search_term_string}\"},\"query-input\":{\"@type\":\"PropertyValueSpecification\",\"valueRequired\":true,\"valueName\":\"search_term_string\"}}],\"inLanguage\":\"ro-RO\"},{\"@type\":\"Organization\",\"@id\":\"https:\\\/\\\/xstyle.md\\\/#organization\",\"name\":\"\u041c\u0430\u0433\u0430\u0437\u0438\u043d Xstyle\",\"alternateName\":\"x-style\",\"url\":\"https:\\\/\\\/xstyle.md\\\/\",\"logo\":{\"@type\":\"ImageObject\",\"inLanguage\":\"ro-RO\",\"@id\":\"https:\\\/\\\/xstyle.md\\\/#\\\/schema\\\/logo\\\/image\\\/\",\"url\":\"https:\\\/\\\/xstyle.md\\\/wp-content\\\/uploads\\\/2020\\\/06\\\/logoicon.svg\",\"contentUrl\":\"https:\\\/\\\/xstyle.md\\\/wp-content\\\/uploads\\\/2020\\\/06\\\/logoicon.svg\",\"caption\":\"\u041c\u0430\u0433\u0430\u0437\u0438\u043d Xstyle\"},\"image\":{\"@id\":\"https:\\\/\\\/xstyle.md\\\/#\\\/schema\\\/logo\\\/image\\\/\"},\"sameAs\":[\"https:\\\/\\\/www.facebook.com\\\/xstylemd\",\"https:\\\/\\\/www.instagram.com\\\/xstyle_md\\\/\",\"https:\\\/\\\/t.me\\\/xstyle_outdoor\"],\"hasMerchantReturnPolicy\":{\"@type\":\"MerchantReturnPolicy\",\"merchantReturnLink\":\"https:\\\/\\\/xstyle.md\\\/ro\\\/conditions\\\/\"}}]}<\/script>\n<meta property=\"product:price:amount\" content=\"185.00\" \/>\n<meta property=\"product:price:currency\" content=\"MDL\" \/>\n<meta property=\"og:availability\" content=\"instock\" \/>\n<meta property=\"product:availability\" content=\"instock\" \/>\n<meta property=\"product:retailer_item_id\" content=\"4250423603005\" \/>\n<meta property=\"product:condition\" content=\"new\" \/>\n<!-- \/ Yoast SEO plugin. -->","yoast_head_json":{"title":"Impregnare pentru \u00eenc\u0103l\u021b\u0103minte Toko Leather Wax Transp-Beeswax 75ml - Magazin Xstyle","description":"\u00cemp\u0103turirea pentru \u00eenc\u0103l\u021b\u0103minte Toko Leather Wax Transp-Beeswax 75ml ofer\u0103 o protec\u021bie sigur\u0103 \u00eempotriva apei \u0219i a murd\u0103riei, men\u021bin\u00e2nd elasticitatea pielii \u0219i compatibilitatea cu GORETEX.","robots":{"index":"index","follow":"follow","max-snippet":"max-snippet:-1","max-image-preview":"max-image-preview:large","max-video-preview":"max-video-preview:-1"},"canonical":"https:\/\/xstyle.md\/ro\/produs\/propitka-dlja-obuvi-toko-leather-wax-transp-beeswax-75ml\/","og_locale":"ro_RO","og_type":"article","og_title":"\u041f\u0440\u043e\u043f\u0438\u0442\u043a\u0430 \u0434\u043b\u044f \u043e\u0431\u0443\u0432\u0438 Toko Leather Wax Transp-Beeswax 75ml - \u041c\u0430\u0433\u0430\u0437\u0438\u043d Xstyle","og_description":"\u041f\u0440\u043e\u043f\u0438\u0442\u043a\u0430 \u0434\u043b\u044f \u043e\u0431\u0443\u0432\u0438 Toko Leather Wax Transp-Beeswax 75ml \u043e\u0431\u0435\u0441\u043f\u0435\u0447\u0438\u0432\u0430\u0435\u0442 \u043d\u0430\u0434\u0435\u0436\u043d\u0443\u044e \u0437\u0430\u0449\u0438\u0442\u0443 \u043e\u0442 \u0432\u043e\u0434\u044b \u0438 \u0433\u0440\u044f\u0437\u0438, \u0441\u043e\u0445\u0440\u0430\u043d\u044f\u044f \u044d\u043b\u0430\u0441\u0442\u0438\u0447\u043d\u043e\u0441\u0442\u044c \u043a\u043e\u0436\u0438 \u0438 \u0441\u043e\u0432\u043c\u0435\u0441\u0442\u0438\u043c\u043e\u0441\u0442\u044c \u0441 GORETEX.","og_url":"https:\/\/xstyle.md\/ro\/produs\/propitka-dlja-obuvi-toko-leather-wax-transp-beeswax-75ml\/","og_site_name":"\u041c\u0430\u0433\u0430\u0437\u0438\u043d Xstyle","article_publisher":"https:\/\/www.facebook.com\/xstylemd","article_modified_time":"2024-12-27T11:48:07+00:00","og_image":[{"width":800,"height":800,"url":"https:\/\/xstyle.md\/wp-content\/uploads\/2020\/07\/toko_eco_leather_wax-1.jpg","type":"image\/jpeg"}],"twitter_card":"summary_large_image","twitter_misc":{"Pre\u021b":"185&nbsp;MDL","Disponibilitate":"\u00cen stoc"},"schema":{"@context":"https:\/\/schema.org","@graph":[{"@type":"WebPage","@id":"https:\/\/xstyle.md\/product\/propitka-dlja-obuvi-toko-leather-wax-transp-beeswax-75ml\/","url":"https:\/\/xstyle.md\/product\/propitka-dlja-obuvi-toko-leather-wax-transp-beeswax-75ml\/","name":"Impregnare pentru \u00eenc\u0103l\u021b\u0103minte Toko Leather Wax Transp-Beeswax 75ml - Magazin Xstyle","isPartOf":{"@id":"https:\/\/xstyle.md\/#website"},"primaryImageOfPage":{"@id":"https:\/\/xstyle.md\/product\/propitka-dlja-obuvi-toko-leather-wax-transp-beeswax-75ml\/#primaryimage"},"image":{"@id":"https:\/\/xstyle.md\/product\/propitka-dlja-obuvi-toko-leather-wax-transp-beeswax-75ml\/#primaryimage"},"thumbnailUrl":"https:\/\/xstyle.md\/wp-content\/uploads\/2020\/07\/toko_eco_leather_wax-1.jpg","datePublished":"2020-07-17T06:27:46+00:00","dateModified":"2024-12-27T11:48:07+00:00","description":"\u00cemp\u0103turirea pentru \u00eenc\u0103l\u021b\u0103minte Toko Leather Wax Transp-Beeswax 75ml ofer\u0103 o protec\u021bie sigur\u0103 \u00eempotriva apei \u0219i a murd\u0103riei, men\u021bin\u00e2nd elasticitatea pielii \u0219i compatibilitatea cu GORETEX.","breadcrumb":{"@id":"https:\/\/xstyle.md\/product\/propitka-dlja-obuvi-toko-leather-wax-transp-beeswax-75ml\/#breadcrumb"},"inLanguage":"ro-RO","potentialAction":[{"@type":"ReadAction","target":["https:\/\/xstyle.md\/product\/propitka-dlja-obuvi-toko-leather-wax-transp-beeswax-75ml\/"]}]},{"@type":"ImageObject","inLanguage":"ro-RO","@id":"https:\/\/xstyle.md\/product\/propitka-dlja-obuvi-toko-leather-wax-transp-beeswax-75ml\/#primaryimage","url":"https:\/\/xstyle.md\/wp-content\/uploads\/2020\/07\/toko_eco_leather_wax-1.jpg","contentUrl":"https:\/\/xstyle.md\/wp-content\/uploads\/2020\/07\/toko_eco_leather_wax-1.jpg","width":800,"height":800},{"@type":"BreadcrumbList","@id":"https:\/\/xstyle.md\/product\/propitka-dlja-obuvi-toko-leather-wax-transp-beeswax-75ml\/#breadcrumb","itemListElement":[{"@type":"ListItem","position":1,"name":"\u0413\u043b\u0430\u0432\u043d\u0430\u044f \u0441\u0442\u0440\u0430\u043d\u0438\u0446\u0430","item":"https:\/\/xstyle.md\/"},{"@type":"ListItem","position":2,"name":"\u041c\u0430\u0433\u0430\u0437\u0438\u043d","item":"https:\/\/xstyle.md\/shop\/"},{"@type":"ListItem","position":3,"name":"\u041f\u0440\u043e\u043f\u0438\u0442\u043a\u0430 \u0434\u043b\u044f \u043e\u0431\u0443\u0432\u0438 Toko Leather Wax Transp-Beeswax 75ml"}]},{"@type":"WebSite","@id":"https:\/\/xstyle.md\/#website","url":"https:\/\/xstyle.md\/","name":"Magazinul X-Style","description":"Echipamente pentru turism \u0219i sporturi extreme \u00een Moldova. Pre\u021buri, fotografii, caracteristici \u00een Moldova.","publisher":{"@id":"https:\/\/xstyle.md\/#organization"},"alternateName":"X-Style","potentialAction":[{"@type":"SearchAction","target":{"@type":"EntryPoint","urlTemplate":"https:\/\/xstyle.md\/?s={search_term_string}"},"query-input":{"@type":"PropertyValueSpecification","valueRequired":true,"valueName":"search_term_string"}}],"inLanguage":"ro-RO"},{"@type":"Organization","@id":"https:\/\/xstyle.md\/#organization","name":"Magazinul X-Style","alternateName":"x-style","url":"https:\/\/xstyle.md\/","logo":{"@type":"ImageObject","inLanguage":"ro-RO","@id":"https:\/\/xstyle.md\/#\/schema\/logo\/image\/","url":"https:\/\/xstyle.md\/wp-content\/uploads\/2020\/06\/logoicon.svg","contentUrl":"https:\/\/xstyle.md\/wp-content\/uploads\/2020\/06\/logoicon.svg","caption":"\u041c\u0430\u0433\u0430\u0437\u0438\u043d Xstyle"},"image":{"@id":"https:\/\/xstyle.md\/#\/schema\/logo\/image\/"},"sameAs":["https:\/\/www.facebook.com\/xstylemd","https:\/\/www.instagram.com\/xstyle_md\/","https:\/\/t.me\/xstyle_outdoor"],"hasMerchantReturnPolicy":{"@type":"MerchantReturnPolicy","merchantReturnLink":"https:\/\/xstyle.md\/ro\/conditions\/"}}]},"product_price_amount":"185.00","product_price_currency":"MDL","og_availability":"instock","product_availability":"instock","product_retailer_item_id":"4250423603005","product_condition":"new"},"post_mailing_queue_ids":[],"_links":{"self":[{"href":"https:\/\/xstyle.md\/ro\/wp-json\/wp\/v2\/product\/9688","targetHints":{"allow":["GET"]}}],"collection":[{"href":"https:\/\/xstyle.md\/ro\/wp-json\/wp\/v2\/product"}],"about":[{"href":"https:\/\/xstyle.md\/ro\/wp-json\/wp\/v2\/types\/product"}],"replies":[{"embeddable":true,"href":"https:\/\/xstyle.md\/ro\/wp-json\/wp\/v2\/comments?post=9688"}],"wp:featuredmedia":[{"embeddable":true,"href":"https:\/\/xstyle.md\/ro\/wp-json\/wp\/v2\/media\/9687"}],"wp:attachment":[{"href":"https:\/\/xstyle.md\/ro\/wp-json\/wp\/v2\/media?parent=9688"}],"wp:term":[{"taxonomy":"product_brand","embeddable":true,"href":"https:\/\/xstyle.md\/ro\/wp-json\/wp\/v2\/product_brand?post=9688"},{"taxonomy":"product_cat","embeddable":true,"href":"https:\/\/xstyle.md\/ro\/wp-json\/wp\/v2\/product_cat?post=9688"},{"taxonomy":"product_tag","embeddable":true,"href":"https:\/\/xstyle.md\/ro\/wp-json\/wp\/v2\/product_tag?post=9688"}],"curies":[{"name":"wp","href":"https:\/\/api.w.org\/{rel}","templated":true}]}}