{"id":9684,"date":"2020-07-17T09:27:37","date_gmt":"2020-07-17T06:27:37","guid":{"rendered":"https:\/\/xstyle.md\/product\/propitka-toko-care-eco-textile-wash-1000-ml"},"modified":"2026-01-13T17:25:47","modified_gmt":"2026-01-13T14:25:47","slug":"propitka-toko-care-eco-textile-wash-1000-ml","status":"publish","type":"product","link":"https:\/\/xstyle.md\/ro\/produs\/propitka-toko-care-eco-textile-wash-1000-ml\/","title":{"rendered":"Impregnare Toko Care Eco Textile Wash 1000 ml"},"content":{"rendered":"<\/p>\n<p><strong>Impregnare Toko Care Eco Textile Wash 1000 ml<\/strong><\/p>\n<p>Produs pentru sp\u0103larea hainelor din \u021bes\u0103tur\u0103 cu membran\u0103. 1000 ml de agent este suficient\u0103 pentru 40 de sp\u0103l\u0103ri. Eco, p\u0103streaz\u0103 propriet\u0103\u021bile respirabile ale \u021bes\u0103turilor cu membran\u0103, minimizeaz\u0103 deteriorarea impregn\u0103rii exterioare. Un detergent special pentru &icirc;mbr\u0103c\u0103minte sport func\u021bional\u0103 de &icirc;nalt\u0103 calitate.<\/p>\n<p><strong>Detalii:<\/strong><\/p>\n<ul>\n<li>Ideal pentru \u021bes\u0103turile respirabile \u0219i alte materiale textile<\/li>\n<li>Reface func\u021bionalitatea optim\u0103 a membranei textile (de exemplu, GORE-TEX&reg;)<\/li>\n<li>Ofer\u0103 &icirc;ngrijire \u0219i cur\u0103\u021bare temeinic\u0103 cu agen\u021bi activi de sp\u0103lare activi selecta\u021bi<\/li>\n<li>Nu con\u021bine coloran\u021bi, &icirc;n\u0103lbitori optici, &icirc;n\u0103lbitori sau fosfa\u021bi<\/li>\n<li>Bazat pe materii prime regenerabile<\/li>\n<li>Biodegradabil<\/li>\n<li>De asemenea, este eficient la temperaturi sc\u0103zute de sp\u0103lare<\/li>\n<li>Testat dermatologic<\/li>\n<li>Concentrat. O sticl\u0103 este suficient\u0103 pentru aproximativ 40 de sp\u0103l\u0103ri<\/li>\n<\/ul>\n<p><\/p>","protected":false},"excerpt":{"rendered":"<p>Impregnare Toko Care Eco Textile Wash 1000 ml<\/p>","protected":false},"featured_media":9683,"comment_status":"open","ping_status":"closed","template":"","meta":{"_acf_changed":false,"inline_featured_image":false},"product_brand":[1340],"product_cat":[468],"product_tag":[],"class_list":{"0":"post-9684","1":"product","2":"type-product","3":"status-publish","4":"has-post-thumbnail","6":"product_brand-toko","7":"product_cat-uhod-za-odejdoi","9":"first","10":"outofstock","11":"shipping-taxable","12":"product-type-simple"},"acf":[],"yoast_head":"<!-- This site is optimized with the Yoast SEO plugin v27.4 - https:\/\/yoast.com\/product\/yoast-seo-wordpress\/ -->\n<title>\u0421\u0440\u0435\u0434\u0441\u0442\u0432\u043e \u0434\u043b\u044f \u0441\u0442\u0438\u0440\u043a\u0438 Toko Eco Textile Wash 1000 ml - \u041c\u0430\u0433\u0430\u0437\u0438\u043d Xstyle<\/title>\n<meta name=\"description\" content=\"\u0421\u0440. Toko Eco Textile Wash 1000 \u043c\u043b \u043f\u043e\u0437\u0432\u043e\u043b\u044f\u0435\u0442 \u044d\u0444\u0444\u0435\u043a\u0442\u0438\u0432\u043d\u043e \u0441\u0442\u0438\u0440\u0430\u0442\u044c \u043e\u0434\u0435\u0436\u0434\u0443 \u0441 \u043c\u0435\u043c\u0431\u0440\u0430\u043d\u043e\u0439, \u0441\u043e\u0445\u0440\u0430\u043d\u044f\u044f \u0435\u0451 \u0434\u044b\u0448\u0430\u0449\u0438\u0435 \u0441\u0432\u043e\u0439\u0441\u0442\u0432\u0430. \u0414\u043e\u0441\u0442\u0430\u0442\u043e\u0447\u043d\u043e \u043d\u0430 40 \u0441\u0442\u0438\u0440\u043e\u043a!\" \/>\n<meta name=\"robots\" content=\"index, follow, max-snippet:-1, max-image-preview:large, max-video-preview:-1\" \/>\n<link rel=\"canonical\" href=\"https:\/\/xstyle.md\/ro\/produs\/propitka-toko-care-eco-textile-wash-1000-ml\/\" \/>\n<meta property=\"og:locale\" content=\"ro_RO\" \/>\n<meta property=\"og:type\" content=\"article\" \/>\n<meta property=\"og:title\" content=\"\u0421\u0440\u0435\u0434\u0441\u0442\u0432\u043e \u0434\u043b\u044f \u0441\u0442\u0438\u0440\u043a\u0438 Toko Eco Textile Wash 1000 ml - \u041c\u0430\u0433\u0430\u0437\u0438\u043d Xstyle\" \/>\n<meta property=\"og:description\" content=\"\u0421\u0440. Toko Eco Textile Wash 1000 \u043c\u043b \u043f\u043e\u0437\u0432\u043e\u043b\u044f\u0435\u0442 \u044d\u0444\u0444\u0435\u043a\u0442\u0438\u0432\u043d\u043e \u0441\u0442\u0438\u0440\u0430\u0442\u044c \u043e\u0434\u0435\u0436\u0434\u0443 \u0441 \u043c\u0435\u043c\u0431\u0440\u0430\u043d\u043e\u0439, \u0441\u043e\u0445\u0440\u0430\u043d\u044f\u044f \u0435\u0451 \u0434\u044b\u0448\u0430\u0449\u0438\u0435 \u0441\u0432\u043e\u0439\u0441\u0442\u0432\u0430. \u0414\u043e\u0441\u0442\u0430\u0442\u043e\u0447\u043d\u043e \u043d\u0430 40 \u0441\u0442\u0438\u0440\u043e\u043a!\" \/>\n<meta property=\"og:url\" content=\"https:\/\/xstyle.md\/ro\/produs\/propitka-toko-care-eco-textile-wash-1000-ml\/\" \/>\n<meta property=\"og:site_name\" content=\"\u041c\u0430\u0433\u0430\u0437\u0438\u043d Xstyle\" \/>\n<meta property=\"article:publisher\" content=\"https:\/\/www.facebook.com\/xstylemd\" \/>\n<meta property=\"article:modified_time\" content=\"2026-01-13T14:25:47+00:00\" \/>\n<meta property=\"og:image\" content=\"https:\/\/xstyle.md\/wp-content\/uploads\/2020\/07\/toko_eco_wash_universal_1000ml.jpg\" \/>\n\t<meta property=\"og:image:width\" content=\"720\" \/>\n\t<meta property=\"og:image:height\" content=\"1351\" \/>\n\t<meta property=\"og:image:type\" content=\"image\/jpeg\" \/>\n<meta name=\"twitter:card\" content=\"summary_large_image\" \/>\n<meta name=\"twitter:label1\" content=\"Pre\u021b\" \/>\n\t<meta name=\"twitter:data1\" content=\"695&nbsp;MDL\" \/>\n\t<meta name=\"twitter:label2\" content=\"Disponibilitate\" \/>\n\t<meta name=\"twitter:data2\" content=\"Stoc epuizat\" \/>\n<script type=\"application\/ld+json\" class=\"yoast-schema-graph\">{\"@context\":\"https:\\\/\\\/schema.org\",\"@graph\":[{\"@type\":\"WebPage\",\"@id\":\"https:\\\/\\\/xstyle.md\\\/product\\\/propitka-toko-care-eco-textile-wash-1000-ml\\\/\",\"url\":\"https:\\\/\\\/xstyle.md\\\/product\\\/propitka-toko-care-eco-textile-wash-1000-ml\\\/\",\"name\":\"\u0421\u0440\u0435\u0434\u0441\u0442\u0432\u043e \u0434\u043b\u044f \u0441\u0442\u0438\u0440\u043a\u0438 Toko Eco Textile Wash 1000 ml - \u041c\u0430\u0433\u0430\u0437\u0438\u043d Xstyle\",\"isPartOf\":{\"@id\":\"https:\\\/\\\/xstyle.md\\\/#website\"},\"primaryImageOfPage\":{\"@id\":\"https:\\\/\\\/xstyle.md\\\/product\\\/propitka-toko-care-eco-textile-wash-1000-ml\\\/#primaryimage\"},\"image\":{\"@id\":\"https:\\\/\\\/xstyle.md\\\/product\\\/propitka-toko-care-eco-textile-wash-1000-ml\\\/#primaryimage\"},\"thumbnailUrl\":\"https:\\\/\\\/xstyle.md\\\/wp-content\\\/uploads\\\/2020\\\/07\\\/toko_eco_wash_universal_1000ml.jpg\",\"datePublished\":\"2020-07-17T06:27:37+00:00\",\"dateModified\":\"2026-01-13T14:25:47+00:00\",\"description\":\"\u0421\u0440. Toko Eco Textile Wash 1000 \u043c\u043b \u043f\u043e\u0437\u0432\u043e\u043b\u044f\u0435\u0442 \u044d\u0444\u0444\u0435\u043a\u0442\u0438\u0432\u043d\u043e \u0441\u0442\u0438\u0440\u0430\u0442\u044c \u043e\u0434\u0435\u0436\u0434\u0443 \u0441 \u043c\u0435\u043c\u0431\u0440\u0430\u043d\u043e\u0439, \u0441\u043e\u0445\u0440\u0430\u043d\u044f\u044f \u0435\u0451 \u0434\u044b\u0448\u0430\u0449\u0438\u0435 \u0441\u0432\u043e\u0439\u0441\u0442\u0432\u0430. \u0414\u043e\u0441\u0442\u0430\u0442\u043e\u0447\u043d\u043e \u043d\u0430 40 \u0441\u0442\u0438\u0440\u043e\u043a!\",\"breadcrumb\":{\"@id\":\"https:\\\/\\\/xstyle.md\\\/product\\\/propitka-toko-care-eco-textile-wash-1000-ml\\\/#breadcrumb\"},\"inLanguage\":\"ro-RO\",\"potentialAction\":[{\"@type\":\"ReadAction\",\"target\":[\"https:\\\/\\\/xstyle.md\\\/product\\\/propitka-toko-care-eco-textile-wash-1000-ml\\\/\"]}]},{\"@type\":\"ImageObject\",\"inLanguage\":\"ro-RO\",\"@id\":\"https:\\\/\\\/xstyle.md\\\/product\\\/propitka-toko-care-eco-textile-wash-1000-ml\\\/#primaryimage\",\"url\":\"https:\\\/\\\/xstyle.md\\\/wp-content\\\/uploads\\\/2020\\\/07\\\/toko_eco_wash_universal_1000ml.jpg\",\"contentUrl\":\"https:\\\/\\\/xstyle.md\\\/wp-content\\\/uploads\\\/2020\\\/07\\\/toko_eco_wash_universal_1000ml.jpg\",\"width\":720,\"height\":1351},{\"@type\":\"BreadcrumbList\",\"@id\":\"https:\\\/\\\/xstyle.md\\\/product\\\/propitka-toko-care-eco-textile-wash-1000-ml\\\/#breadcrumb\",\"itemListElement\":[{\"@type\":\"ListItem\",\"position\":1,\"name\":\"\u0413\u043b\u0430\u0432\u043d\u0430\u044f \u0441\u0442\u0440\u0430\u043d\u0438\u0446\u0430\",\"item\":\"https:\\\/\\\/xstyle.md\\\/\"},{\"@type\":\"ListItem\",\"position\":2,\"name\":\"\u041c\u0430\u0433\u0430\u0437\u0438\u043d\",\"item\":\"https:\\\/\\\/xstyle.md\\\/shop\\\/\"},{\"@type\":\"ListItem\",\"position\":3,\"name\":\"\u0421\u0440\u0435\u0434\u0441\u0442\u0432\u043e \u0434\u043b\u044f \u0441\u0442\u0438\u0440\u043a\u0438 Toko Eco Textile Wash 1000 ml\"}]},{\"@type\":\"WebSite\",\"@id\":\"https:\\\/\\\/xstyle.md\\\/#website\",\"url\":\"https:\\\/\\\/xstyle.md\\\/\",\"name\":\"\u041c\u0430\u0433\u0430\u0437\u0438\u043d Xstyle\",\"description\":\"C\u043d\u0430\u0440\u044f\u0436\u0435\u043d\u0438\u0435 \u0434\u043b\u044f \u0442\u0443\u0440\u0438\u0437\u043c\u0430 \u0438 \u044d\u043a\u0441\u0442\u0440\u0435\u043c\u0430\u043b\u044c\u043d\u044b\u0445 \u0432\u0438\u0434\u043e\u0432 \u0441\u043f\u043e\u0440\u0442\u0430 \u0432 \u041c\u043e\u043b\u0434\u043e\u0432\u0435.. \u0426\u0435\u043d\u044b, \u0444\u043e\u0442\u043e, \u0445\u0430\u0440\u0430\u043a\u0442\u0435\u0440\u0438\u0441\u0442\u0438\u043a\u0438 \u0432 \u041c\u043e\u043b\u0434\u043e\u0432\u0435.\",\"publisher\":{\"@id\":\"https:\\\/\\\/xstyle.md\\\/#organization\"},\"alternateName\":\"X-Style\",\"potentialAction\":[{\"@type\":\"SearchAction\",\"target\":{\"@type\":\"EntryPoint\",\"urlTemplate\":\"https:\\\/\\\/xstyle.md\\\/?s={search_term_string}\"},\"query-input\":{\"@type\":\"PropertyValueSpecification\",\"valueRequired\":true,\"valueName\":\"search_term_string\"}}],\"inLanguage\":\"ro-RO\"},{\"@type\":\"Organization\",\"@id\":\"https:\\\/\\\/xstyle.md\\\/#organization\",\"name\":\"\u041c\u0430\u0433\u0430\u0437\u0438\u043d Xstyle\",\"alternateName\":\"x-style\",\"url\":\"https:\\\/\\\/xstyle.md\\\/\",\"logo\":{\"@type\":\"ImageObject\",\"inLanguage\":\"ro-RO\",\"@id\":\"https:\\\/\\\/xstyle.md\\\/#\\\/schema\\\/logo\\\/image\\\/\",\"url\":\"https:\\\/\\\/xstyle.md\\\/wp-content\\\/uploads\\\/2020\\\/06\\\/logoicon.svg\",\"contentUrl\":\"https:\\\/\\\/xstyle.md\\\/wp-content\\\/uploads\\\/2020\\\/06\\\/logoicon.svg\",\"caption\":\"\u041c\u0430\u0433\u0430\u0437\u0438\u043d Xstyle\"},\"image\":{\"@id\":\"https:\\\/\\\/xstyle.md\\\/#\\\/schema\\\/logo\\\/image\\\/\"},\"sameAs\":[\"https:\\\/\\\/www.facebook.com\\\/xstylemd\",\"https:\\\/\\\/www.instagram.com\\\/xstyle_md\\\/\",\"https:\\\/\\\/t.me\\\/xstyle_outdoor\"],\"hasMerchantReturnPolicy\":{\"@type\":\"MerchantReturnPolicy\",\"merchantReturnLink\":\"https:\\\/\\\/xstyle.md\\\/ro\\\/conditions\\\/\"}}]}<\/script>\n<meta property=\"product:price:amount\" content=\"695.00\" \/>\n<meta property=\"product:price:currency\" content=\"MDL\" \/>\n<meta property=\"og:availability\" content=\"out of stock\" \/>\n<meta property=\"product:availability\" content=\"out of stock\" \/>\n<meta property=\"product:retailer_item_id\" content=\"4250423603241\" \/>\n<meta property=\"product:condition\" content=\"new\" \/>\n<!-- \/ Yoast SEO plugin. -->","yoast_head_json":{"title":"Impregnare Toko Care Eco Textile Wash 1000 ml - Magazin Xstyle","description":"Spre. Toko Eco Textile Wash 1000 ml permite sp\u0103larea eficient\u0103 a hainelor cu membran\u0103, p\u0103str\u00e2ndu-le propriet\u0103\u021bile de respira\u021bie. Este suficient pentru 40 de sp\u0103l\u0103ri!","robots":{"index":"index","follow":"follow","max-snippet":"max-snippet:-1","max-image-preview":"max-image-preview:large","max-video-preview":"max-video-preview:-1"},"canonical":"https:\/\/xstyle.md\/ro\/produs\/propitka-toko-care-eco-textile-wash-1000-ml\/","og_locale":"ro_RO","og_type":"article","og_title":"\u0421\u0440\u0435\u0434\u0441\u0442\u0432\u043e \u0434\u043b\u044f \u0441\u0442\u0438\u0440\u043a\u0438 Toko Eco Textile Wash 1000 ml - \u041c\u0430\u0433\u0430\u0437\u0438\u043d Xstyle","og_description":"\u0421\u0440. Toko Eco Textile Wash 1000 \u043c\u043b \u043f\u043e\u0437\u0432\u043e\u043b\u044f\u0435\u0442 \u044d\u0444\u0444\u0435\u043a\u0442\u0438\u0432\u043d\u043e \u0441\u0442\u0438\u0440\u0430\u0442\u044c \u043e\u0434\u0435\u0436\u0434\u0443 \u0441 \u043c\u0435\u043c\u0431\u0440\u0430\u043d\u043e\u0439, \u0441\u043e\u0445\u0440\u0430\u043d\u044f\u044f \u0435\u0451 \u0434\u044b\u0448\u0430\u0449\u0438\u0435 \u0441\u0432\u043e\u0439\u0441\u0442\u0432\u0430. \u0414\u043e\u0441\u0442\u0430\u0442\u043e\u0447\u043d\u043e \u043d\u0430 40 \u0441\u0442\u0438\u0440\u043e\u043a!","og_url":"https:\/\/xstyle.md\/ro\/produs\/propitka-toko-care-eco-textile-wash-1000-ml\/","og_site_name":"\u041c\u0430\u0433\u0430\u0437\u0438\u043d Xstyle","article_publisher":"https:\/\/www.facebook.com\/xstylemd","article_modified_time":"2026-01-13T14:25:47+00:00","og_image":[{"width":720,"height":1351,"url":"https:\/\/xstyle.md\/wp-content\/uploads\/2020\/07\/toko_eco_wash_universal_1000ml.jpg","type":"image\/jpeg"}],"twitter_card":"summary_large_image","twitter_misc":{"Pre\u021b":"695&nbsp;MDL","Disponibilitate":"Stoc epuizat"},"schema":{"@context":"https:\/\/schema.org","@graph":[{"@type":"WebPage","@id":"https:\/\/xstyle.md\/product\/propitka-toko-care-eco-textile-wash-1000-ml\/","url":"https:\/\/xstyle.md\/product\/propitka-toko-care-eco-textile-wash-1000-ml\/","name":"Impregnare Toko Care Eco Textile Wash 1000 ml - Magazin Xstyle","isPartOf":{"@id":"https:\/\/xstyle.md\/#website"},"primaryImageOfPage":{"@id":"https:\/\/xstyle.md\/product\/propitka-toko-care-eco-textile-wash-1000-ml\/#primaryimage"},"image":{"@id":"https:\/\/xstyle.md\/product\/propitka-toko-care-eco-textile-wash-1000-ml\/#primaryimage"},"thumbnailUrl":"https:\/\/xstyle.md\/wp-content\/uploads\/2020\/07\/toko_eco_wash_universal_1000ml.jpg","datePublished":"2020-07-17T06:27:37+00:00","dateModified":"2026-01-13T14:25:47+00:00","description":"Spre. Toko Eco Textile Wash 1000 ml permite sp\u0103larea eficient\u0103 a hainelor cu membran\u0103, p\u0103str\u00e2ndu-le propriet\u0103\u021bile de respira\u021bie. Este suficient pentru 40 de sp\u0103l\u0103ri!","breadcrumb":{"@id":"https:\/\/xstyle.md\/product\/propitka-toko-care-eco-textile-wash-1000-ml\/#breadcrumb"},"inLanguage":"ro-RO","potentialAction":[{"@type":"ReadAction","target":["https:\/\/xstyle.md\/product\/propitka-toko-care-eco-textile-wash-1000-ml\/"]}]},{"@type":"ImageObject","inLanguage":"ro-RO","@id":"https:\/\/xstyle.md\/product\/propitka-toko-care-eco-textile-wash-1000-ml\/#primaryimage","url":"https:\/\/xstyle.md\/wp-content\/uploads\/2020\/07\/toko_eco_wash_universal_1000ml.jpg","contentUrl":"https:\/\/xstyle.md\/wp-content\/uploads\/2020\/07\/toko_eco_wash_universal_1000ml.jpg","width":720,"height":1351},{"@type":"BreadcrumbList","@id":"https:\/\/xstyle.md\/product\/propitka-toko-care-eco-textile-wash-1000-ml\/#breadcrumb","itemListElement":[{"@type":"ListItem","position":1,"name":"\u0413\u043b\u0430\u0432\u043d\u0430\u044f \u0441\u0442\u0440\u0430\u043d\u0438\u0446\u0430","item":"https:\/\/xstyle.md\/"},{"@type":"ListItem","position":2,"name":"\u041c\u0430\u0433\u0430\u0437\u0438\u043d","item":"https:\/\/xstyle.md\/shop\/"},{"@type":"ListItem","position":3,"name":"\u0421\u0440\u0435\u0434\u0441\u0442\u0432\u043e \u0434\u043b\u044f \u0441\u0442\u0438\u0440\u043a\u0438 Toko Eco Textile Wash 1000 ml"}]},{"@type":"WebSite","@id":"https:\/\/xstyle.md\/#website","url":"https:\/\/xstyle.md\/","name":"Magazinul X-Style","description":"Echipamente pentru turism \u0219i sporturi extreme \u00een Moldova. Pre\u021buri, fotografii, caracteristici \u00een Moldova.","publisher":{"@id":"https:\/\/xstyle.md\/#organization"},"alternateName":"X-Style","potentialAction":[{"@type":"SearchAction","target":{"@type":"EntryPoint","urlTemplate":"https:\/\/xstyle.md\/?s={search_term_string}"},"query-input":{"@type":"PropertyValueSpecification","valueRequired":true,"valueName":"search_term_string"}}],"inLanguage":"ro-RO"},{"@type":"Organization","@id":"https:\/\/xstyle.md\/#organization","name":"Magazinul X-Style","alternateName":"x-style","url":"https:\/\/xstyle.md\/","logo":{"@type":"ImageObject","inLanguage":"ro-RO","@id":"https:\/\/xstyle.md\/#\/schema\/logo\/image\/","url":"https:\/\/xstyle.md\/wp-content\/uploads\/2020\/06\/logoicon.svg","contentUrl":"https:\/\/xstyle.md\/wp-content\/uploads\/2020\/06\/logoicon.svg","caption":"\u041c\u0430\u0433\u0430\u0437\u0438\u043d Xstyle"},"image":{"@id":"https:\/\/xstyle.md\/#\/schema\/logo\/image\/"},"sameAs":["https:\/\/www.facebook.com\/xstylemd","https:\/\/www.instagram.com\/xstyle_md\/","https:\/\/t.me\/xstyle_outdoor"],"hasMerchantReturnPolicy":{"@type":"MerchantReturnPolicy","merchantReturnLink":"https:\/\/xstyle.md\/ro\/conditions\/"}}]},"product_price_amount":"695.00","product_price_currency":"MDL","og_availability":"out of stock","product_availability":"out of stock","product_retailer_item_id":"4250423603241","product_condition":"new"},"_links":{"self":[{"href":"https:\/\/xstyle.md\/ro\/wp-json\/wp\/v2\/product\/9684","targetHints":{"allow":["GET"]}}],"collection":[{"href":"https:\/\/xstyle.md\/ro\/wp-json\/wp\/v2\/product"}],"about":[{"href":"https:\/\/xstyle.md\/ro\/wp-json\/wp\/v2\/types\/product"}],"replies":[{"embeddable":true,"href":"https:\/\/xstyle.md\/ro\/wp-json\/wp\/v2\/comments?post=9684"}],"wp:featuredmedia":[{"embeddable":true,"href":"https:\/\/xstyle.md\/ro\/wp-json\/wp\/v2\/media\/9683"}],"wp:attachment":[{"href":"https:\/\/xstyle.md\/ro\/wp-json\/wp\/v2\/media?parent=9684"}],"wp:term":[{"taxonomy":"product_brand","embeddable":true,"href":"https:\/\/xstyle.md\/ro\/wp-json\/wp\/v2\/product_brand?post=9684"},{"taxonomy":"product_cat","embeddable":true,"href":"https:\/\/xstyle.md\/ro\/wp-json\/wp\/v2\/product_cat?post=9684"},{"taxonomy":"product_tag","embeddable":true,"href":"https:\/\/xstyle.md\/ro\/wp-json\/wp\/v2\/product_tag?post=9684"}],"curies":[{"name":"wp","href":"https:\/\/api.w.org\/{rel}","templated":true}]}}