{"id":9680,"date":"2020-07-17T09:27:26","date_gmt":"2020-07-17T06:27:26","guid":{"rendered":"https:\/\/xstyle.md\/product\/vosk-dlja-lyzh-toko-express-racing-rub-on-40g"},"modified":"2025-01-15T18:20:18","modified_gmt":"2025-01-15T15:20:18","slug":"vosk-dlja-lyzh-toko-express-racing-rub-on-40g","status":"publish","type":"product","link":"https:\/\/xstyle.md\/ro\/produs\/vosk-dlja-lyzh-toko-express-racing-rub-on-40g\/","title":{"rendered":"Cear\u0103 pentru schi Toko Express Racing Rub On 40g"},"content":{"rendered":"<\/p>\n<p><strong>Cear\u0103 pentru schi Toko Express Racing Rub On 40g<\/strong> &#8212; este un produs minunat care va fi apreciat de to\u021bi iubitorii de activit\u0103\u021bi recreative active de iarn\u0103. Folosind aceast\u0103 cear\u0103, ve\u021bi putea s\u0103 v\u0103 pune\u021bi echipamentul \u00een stare de func\u021bionare \u00een c\u00e2teva minute \u0219i s\u0103 \u00eei \u00eembun\u0103t\u0103\u021bi\u021bi performan\u021ba de alunecare. Ceara vine \u00een ambalaje mici \u0219i compacte care sunt u\u0219or de utilizat. Acesta este un accesoriu excelent pentru cei care supravegheaz\u0103 starea echipamentului lor \u0219i doresc s\u0103 \u00eei \u00eembun\u0103t\u0103\u021beasc\u0103 performan\u021bele.<\/p>\n<h3>Particularit\u0103\u021bi<\/h3>\n<ul>\n<li>Metod\u0103 de aplicare f\u0103r\u0103 fier<\/li>\n<li>Protejeaz\u0103 marginile de o\u021bel \u00eempotriva coroziunii<\/li>\n<li>Ambalaj reutilizabil<\/li>\n<li>Frecarea plutei pe partea invers\u0103<\/li>\n<\/ul>\n<h3>Caracteristici<\/h3>\n<ul>\n<li>Temperatura aerului: 10\u00b0C &#8212; -30\u00b0C<\/li>\n<li>Greutate &#8212; 40 g<\/li>\n<\/ul>\n<p><\/p>","protected":false},"excerpt":{"rendered":"<p>Cear\u0103 pentru schi Toko Express Racing Rub On 40g<\/p>","protected":false},"featured_media":9679,"comment_status":"open","ping_status":"closed","template":"","meta":{"_acf_changed":false,"inline_featured_image":false},"product_brand":[1340],"product_cat":[377],"product_tag":[],"class_list":{"0":"post-9680","1":"product","2":"type-product","3":"status-publish","4":"has-post-thumbnail","6":"product_brand-toko","7":"product_cat-ski-accessori","9":"first","10":"outofstock","11":"shipping-taxable","12":"product-type-simple"},"acf":[],"yoast_head":"<!-- This site is optimized with the Yoast SEO plugin v27.2 - https:\/\/yoast.com\/product\/yoast-seo-wordpress\/ -->\n<title>\u0412\u043e\u0441\u043a \u0434\u043b\u044f \u043b\u044b\u0436 Toko Express Racing Rub On 40g - \u041c\u0430\u0433\u0430\u0437\u0438\u043d Xstyle<\/title>\n<meta name=\"description\" content=\"\u0423\u043b\u0443\u0447\u0448\u0438\u0442\u0435\u6ed1\u884c \u0441 \u0432\u043e\u0441\u043a\u043e\u043c \u0434\u043b\u044f \u043b\u044b\u0436 Toko Express Racing Rub On 40g. \u041b\u0435\u0433\u043a\u043e\u0435 \u043f\u0440\u0438\u043c\u0435\u043d\u0435\u043d\u0438\u0435, \u043a\u043e\u043c\u043f\u0430\u043a\u0442\u043d\u0430\u044f \u0443\u043f\u0430\u043a\u043e\u0432\u043a\u0430 \u0438 \u043e\u0442\u043b\u0438\u0447\u043d\u044b\u0435 \u0445\u0430\u0440\u0430\u043a\u0442\u0435\u0440\u0438\u0441\u0442\u0438\u043a\u0438 \u0434\u043b\u044f \u0437\u0438\u043c\u043d\u0438\u0445 \u0430\u043a\u0442\u0438\u0432\u043d\u043e\u0441\u0442\u0435\u0439!\" \/>\n<meta name=\"robots\" content=\"index, follow, max-snippet:-1, max-image-preview:large, max-video-preview:-1\" \/>\n<link rel=\"canonical\" href=\"https:\/\/xstyle.md\/ro\/produs\/vosk-dlja-lyzh-toko-express-racing-rub-on-40g\/\" \/>\n<meta property=\"og:locale\" content=\"ro_RO\" \/>\n<meta property=\"og:type\" content=\"article\" \/>\n<meta property=\"og:title\" content=\"\u0412\u043e\u0441\u043a \u0434\u043b\u044f \u043b\u044b\u0436 Toko Express Racing Rub On 40g - \u041c\u0430\u0433\u0430\u0437\u0438\u043d Xstyle\" \/>\n<meta property=\"og:description\" content=\"\u0423\u043b\u0443\u0447\u0448\u0438\u0442\u0435\u6ed1\u884c \u0441 \u0432\u043e\u0441\u043a\u043e\u043c \u0434\u043b\u044f \u043b\u044b\u0436 Toko Express Racing Rub On 40g. \u041b\u0435\u0433\u043a\u043e\u0435 \u043f\u0440\u0438\u043c\u0435\u043d\u0435\u043d\u0438\u0435, \u043a\u043e\u043c\u043f\u0430\u043a\u0442\u043d\u0430\u044f \u0443\u043f\u0430\u043a\u043e\u0432\u043a\u0430 \u0438 \u043e\u0442\u043b\u0438\u0447\u043d\u044b\u0435 \u0445\u0430\u0440\u0430\u043a\u0442\u0435\u0440\u0438\u0441\u0442\u0438\u043a\u0438 \u0434\u043b\u044f \u0437\u0438\u043c\u043d\u0438\u0445 \u0430\u043a\u0442\u0438\u0432\u043d\u043e\u0441\u0442\u0435\u0439!\" \/>\n<meta property=\"og:url\" content=\"https:\/\/xstyle.md\/ro\/produs\/vosk-dlja-lyzh-toko-express-racing-rub-on-40g\/\" \/>\n<meta property=\"og:site_name\" content=\"\u041c\u0430\u0433\u0430\u0437\u0438\u043d Xstyle\" \/>\n<meta property=\"article:publisher\" content=\"https:\/\/www.facebook.com\/xstylemd\" \/>\n<meta property=\"article:modified_time\" content=\"2025-01-15T15:20:18+00:00\" \/>\n<meta property=\"og:image\" content=\"https:\/\/xstyle.md\/wp-content\/uploads\/2020\/07\/toko_express_racing_rubon_b1.jpg\" \/>\n\t<meta property=\"og:image:width\" content=\"600\" \/>\n\t<meta property=\"og:image:height\" content=\"954\" \/>\n\t<meta property=\"og:image:type\" content=\"image\/jpeg\" \/>\n<meta name=\"twitter:card\" content=\"summary_large_image\" \/>\n<meta name=\"twitter:label1\" content=\"Pre\u021b\" \/>\n\t<meta name=\"twitter:data1\" content=\"330&nbsp;MDL\" \/>\n\t<meta name=\"twitter:label2\" content=\"Disponibilitate\" \/>\n\t<meta name=\"twitter:data2\" content=\"Stoc epuizat\" \/>\n<script type=\"application\/ld+json\" class=\"yoast-schema-graph\">{\"@context\":\"https:\/\/schema.org\",\"@graph\":[{\"@type\":\"WebPage\",\"@id\":\"https:\/\/xstyle.md\/product\/vosk-dlja-lyzh-toko-express-racing-rub-on-40g\/\",\"url\":\"https:\/\/xstyle.md\/product\/vosk-dlja-lyzh-toko-express-racing-rub-on-40g\/\",\"name\":\"\u0412\u043e\u0441\u043a \u0434\u043b\u044f \u043b\u044b\u0436 Toko Express Racing Rub On 40g - \u041c\u0430\u0433\u0430\u0437\u0438\u043d Xstyle\",\"isPartOf\":{\"@id\":\"https:\/\/xstyle.md\/#website\"},\"primaryImageOfPage\":{\"@id\":\"https:\/\/xstyle.md\/product\/vosk-dlja-lyzh-toko-express-racing-rub-on-40g\/#primaryimage\"},\"image\":{\"@id\":\"https:\/\/xstyle.md\/product\/vosk-dlja-lyzh-toko-express-racing-rub-on-40g\/#primaryimage\"},\"thumbnailUrl\":\"https:\/\/xstyle.md\/wp-content\/uploads\/2020\/07\/toko_express_racing_rubon_b1.jpg\",\"datePublished\":\"2020-07-17T06:27:26+00:00\",\"dateModified\":\"2025-01-15T15:20:18+00:00\",\"description\":\"\u0423\u043b\u0443\u0447\u0448\u0438\u0442\u0435\u6ed1\u884c \u0441 \u0432\u043e\u0441\u043a\u043e\u043c \u0434\u043b\u044f \u043b\u044b\u0436 Toko Express Racing Rub On 40g. \u041b\u0435\u0433\u043a\u043e\u0435 \u043f\u0440\u0438\u043c\u0435\u043d\u0435\u043d\u0438\u0435, \u043a\u043e\u043c\u043f\u0430\u043a\u0442\u043d\u0430\u044f \u0443\u043f\u0430\u043a\u043e\u0432\u043a\u0430 \u0438 \u043e\u0442\u043b\u0438\u0447\u043d\u044b\u0435 \u0445\u0430\u0440\u0430\u043a\u0442\u0435\u0440\u0438\u0441\u0442\u0438\u043a\u0438 \u0434\u043b\u044f \u0437\u0438\u043c\u043d\u0438\u0445 \u0430\u043a\u0442\u0438\u0432\u043d\u043e\u0441\u0442\u0435\u0439!\",\"breadcrumb\":{\"@id\":\"https:\/\/xstyle.md\/product\/vosk-dlja-lyzh-toko-express-racing-rub-on-40g\/#breadcrumb\"},\"inLanguage\":\"ro-RO\",\"potentialAction\":[{\"@type\":\"ReadAction\",\"target\":[\"https:\/\/xstyle.md\/product\/vosk-dlja-lyzh-toko-express-racing-rub-on-40g\/\"]}]},{\"@type\":\"ImageObject\",\"inLanguage\":\"ro-RO\",\"@id\":\"https:\/\/xstyle.md\/product\/vosk-dlja-lyzh-toko-express-racing-rub-on-40g\/#primaryimage\",\"url\":\"https:\/\/xstyle.md\/wp-content\/uploads\/2020\/07\/toko_express_racing_rubon_b1.jpg\",\"contentUrl\":\"https:\/\/xstyle.md\/wp-content\/uploads\/2020\/07\/toko_express_racing_rubon_b1.jpg\",\"width\":600,\"height\":954},{\"@type\":\"BreadcrumbList\",\"@id\":\"https:\/\/xstyle.md\/product\/vosk-dlja-lyzh-toko-express-racing-rub-on-40g\/#breadcrumb\",\"itemListElement\":[{\"@type\":\"ListItem\",\"position\":1,\"name\":\"\u0413\u043b\u0430\u0432\u043d\u0430\u044f \u0441\u0442\u0440\u0430\u043d\u0438\u0446\u0430\",\"item\":\"https:\/\/xstyle.md\/\"},{\"@type\":\"ListItem\",\"position\":2,\"name\":\"\u041c\u0430\u0433\u0430\u0437\u0438\u043d\",\"item\":\"https:\/\/xstyle.md\/shop\/\"},{\"@type\":\"ListItem\",\"position\":3,\"name\":\"\u0412\u043e\u0441\u043a \u0434\u043b\u044f \u043b\u044b\u0436 Toko Express Racing Rub On 40g\"}]},{\"@type\":\"WebSite\",\"@id\":\"https:\/\/xstyle.md\/#website\",\"url\":\"https:\/\/xstyle.md\/\",\"name\":\"\u041c\u0430\u0433\u0430\u0437\u0438\u043d Xstyle\",\"description\":\"C\u043d\u0430\u0440\u044f\u0436\u0435\u043d\u0438\u0435 \u0434\u043b\u044f \u0442\u0443\u0440\u0438\u0437\u043c\u0430 \u0438 \u044d\u043a\u0441\u0442\u0440\u0435\u043c\u0430\u043b\u044c\u043d\u044b\u0445 \u0432\u0438\u0434\u043e\u0432 \u0441\u043f\u043e\u0440\u0442\u0430 \u0432 \u041c\u043e\u043b\u0434\u043e\u0432\u0435.. \u0426\u0435\u043d\u044b, \u0444\u043e\u0442\u043e, \u0445\u0430\u0440\u0430\u043a\u0442\u0435\u0440\u0438\u0441\u0442\u0438\u043a\u0438 \u0432 \u041c\u043e\u043b\u0434\u043e\u0432\u0435.\",\"publisher\":{\"@id\":\"https:\/\/xstyle.md\/#organization\"},\"alternateName\":\"X-Style\",\"potentialAction\":[{\"@type\":\"SearchAction\",\"target\":{\"@type\":\"EntryPoint\",\"urlTemplate\":\"https:\/\/xstyle.md\/?s={search_term_string}\"},\"query-input\":{\"@type\":\"PropertyValueSpecification\",\"valueRequired\":true,\"valueName\":\"search_term_string\"}}],\"inLanguage\":\"ro-RO\"},{\"@type\":\"Organization\",\"@id\":\"https:\/\/xstyle.md\/#organization\",\"name\":\"\u041c\u0430\u0433\u0430\u0437\u0438\u043d Xstyle\",\"alternateName\":\"x-style\",\"url\":\"https:\/\/xstyle.md\/\",\"logo\":{\"@type\":\"ImageObject\",\"inLanguage\":\"ro-RO\",\"@id\":\"https:\/\/xstyle.md\/#\/schema\/logo\/image\/\",\"url\":\"https:\/\/xstyle.md\/wp-content\/uploads\/2020\/06\/logoicon.svg\",\"contentUrl\":\"https:\/\/xstyle.md\/wp-content\/uploads\/2020\/06\/logoicon.svg\",\"caption\":\"\u041c\u0430\u0433\u0430\u0437\u0438\u043d Xstyle\"},\"image\":{\"@id\":\"https:\/\/xstyle.md\/#\/schema\/logo\/image\/\"},\"sameAs\":[\"https:\/\/www.facebook.com\/xstylemd\",\"https:\/\/www.instagram.com\/xstyle_md\/\",\"https:\/\/t.me\/xstyle_outdoor\"],\"hasMerchantReturnPolicy\":{\"@type\":\"MerchantReturnPolicy\",\"merchantReturnLink\":\"https:\/\/xstyle.md\/ro\/conditions\/\"}}]}<\/script>\n<meta property=\"product:price:amount\" content=\"330.00\" \/>\n<meta property=\"product:price:currency\" content=\"MDL\" \/>\n<meta property=\"og:availability\" content=\"out of stock\" \/>\n<meta property=\"product:availability\" content=\"out of stock\" \/>\n<meta property=\"product:retailer_item_id\" content=\"4250423603081\" \/>\n<meta property=\"product:condition\" content=\"new\" \/>\n<!-- \/ Yoast SEO plugin. -->","yoast_head_json":{"title":"Cear\u0103 pentru schi Toko Express Racing Rub On 40g - Magazin Xstyle","description":"\u00cembun\u0103t\u0103\u021bit\u6ed1\u884c cu cear\u0103 pentru schiuri Toko Express Racing Rub On 40g. Aplicare u\u0219oar\u0103, ambalaj compact \u0219i performan\u021be excelente pentru activit\u0103\u021bile de iarn\u0103!","robots":{"index":"index","follow":"follow","max-snippet":"max-snippet:-1","max-image-preview":"max-image-preview:large","max-video-preview":"max-video-preview:-1"},"canonical":"https:\/\/xstyle.md\/ro\/produs\/vosk-dlja-lyzh-toko-express-racing-rub-on-40g\/","og_locale":"ro_RO","og_type":"article","og_title":"\u0412\u043e\u0441\u043a \u0434\u043b\u044f \u043b\u044b\u0436 Toko Express Racing Rub On 40g - \u041c\u0430\u0433\u0430\u0437\u0438\u043d Xstyle","og_description":"\u0423\u043b\u0443\u0447\u0448\u0438\u0442\u0435\u6ed1\u884c \u0441 \u0432\u043e\u0441\u043a\u043e\u043c \u0434\u043b\u044f \u043b\u044b\u0436 Toko Express Racing Rub On 40g. \u041b\u0435\u0433\u043a\u043e\u0435 \u043f\u0440\u0438\u043c\u0435\u043d\u0435\u043d\u0438\u0435, \u043a\u043e\u043c\u043f\u0430\u043a\u0442\u043d\u0430\u044f \u0443\u043f\u0430\u043a\u043e\u0432\u043a\u0430 \u0438 \u043e\u0442\u043b\u0438\u0447\u043d\u044b\u0435 \u0445\u0430\u0440\u0430\u043a\u0442\u0435\u0440\u0438\u0441\u0442\u0438\u043a\u0438 \u0434\u043b\u044f \u0437\u0438\u043c\u043d\u0438\u0445 \u0430\u043a\u0442\u0438\u0432\u043d\u043e\u0441\u0442\u0435\u0439!","og_url":"https:\/\/xstyle.md\/ro\/produs\/vosk-dlja-lyzh-toko-express-racing-rub-on-40g\/","og_site_name":"\u041c\u0430\u0433\u0430\u0437\u0438\u043d Xstyle","article_publisher":"https:\/\/www.facebook.com\/xstylemd","article_modified_time":"2025-01-15T15:20:18+00:00","og_image":[{"width":600,"height":954,"url":"https:\/\/xstyle.md\/wp-content\/uploads\/2020\/07\/toko_express_racing_rubon_b1.jpg","type":"image\/jpeg"}],"twitter_card":"summary_large_image","twitter_misc":{"Pre\u021b":"330&nbsp;MDL","Disponibilitate":"Stoc epuizat"},"schema":{"@context":"https:\/\/schema.org","@graph":[{"@type":"WebPage","@id":"https:\/\/xstyle.md\/product\/vosk-dlja-lyzh-toko-express-racing-rub-on-40g\/","url":"https:\/\/xstyle.md\/product\/vosk-dlja-lyzh-toko-express-racing-rub-on-40g\/","name":"Cear\u0103 pentru schi Toko Express Racing Rub On 40g - Magazin Xstyle","isPartOf":{"@id":"https:\/\/xstyle.md\/#website"},"primaryImageOfPage":{"@id":"https:\/\/xstyle.md\/product\/vosk-dlja-lyzh-toko-express-racing-rub-on-40g\/#primaryimage"},"image":{"@id":"https:\/\/xstyle.md\/product\/vosk-dlja-lyzh-toko-express-racing-rub-on-40g\/#primaryimage"},"thumbnailUrl":"https:\/\/xstyle.md\/wp-content\/uploads\/2020\/07\/toko_express_racing_rubon_b1.jpg","datePublished":"2020-07-17T06:27:26+00:00","dateModified":"2025-01-15T15:20:18+00:00","description":"\u00cembun\u0103t\u0103\u021bit\u6ed1\u884c cu cear\u0103 pentru schiuri Toko Express Racing Rub On 40g. Aplicare u\u0219oar\u0103, ambalaj compact \u0219i performan\u021be excelente pentru activit\u0103\u021bile de iarn\u0103!","breadcrumb":{"@id":"https:\/\/xstyle.md\/product\/vosk-dlja-lyzh-toko-express-racing-rub-on-40g\/#breadcrumb"},"inLanguage":"ro-RO","potentialAction":[{"@type":"ReadAction","target":["https:\/\/xstyle.md\/product\/vosk-dlja-lyzh-toko-express-racing-rub-on-40g\/"]}]},{"@type":"ImageObject","inLanguage":"ro-RO","@id":"https:\/\/xstyle.md\/product\/vosk-dlja-lyzh-toko-express-racing-rub-on-40g\/#primaryimage","url":"https:\/\/xstyle.md\/wp-content\/uploads\/2020\/07\/toko_express_racing_rubon_b1.jpg","contentUrl":"https:\/\/xstyle.md\/wp-content\/uploads\/2020\/07\/toko_express_racing_rubon_b1.jpg","width":600,"height":954},{"@type":"BreadcrumbList","@id":"https:\/\/xstyle.md\/product\/vosk-dlja-lyzh-toko-express-racing-rub-on-40g\/#breadcrumb","itemListElement":[{"@type":"ListItem","position":1,"name":"\u0413\u043b\u0430\u0432\u043d\u0430\u044f \u0441\u0442\u0440\u0430\u043d\u0438\u0446\u0430","item":"https:\/\/xstyle.md\/"},{"@type":"ListItem","position":2,"name":"\u041c\u0430\u0433\u0430\u0437\u0438\u043d","item":"https:\/\/xstyle.md\/shop\/"},{"@type":"ListItem","position":3,"name":"\u0412\u043e\u0441\u043a \u0434\u043b\u044f \u043b\u044b\u0436 Toko Express Racing Rub On 40g"}]},{"@type":"WebSite","@id":"https:\/\/xstyle.md\/#website","url":"https:\/\/xstyle.md\/","name":"Magazinul X-Style","description":"Echipamente pentru turism \u0219i sporturi extreme \u00een Moldova. Pre\u021buri, fotografii, caracteristici \u00een Moldova.","publisher":{"@id":"https:\/\/xstyle.md\/#organization"},"alternateName":"X-Style","potentialAction":[{"@type":"SearchAction","target":{"@type":"EntryPoint","urlTemplate":"https:\/\/xstyle.md\/?s={search_term_string}"},"query-input":{"@type":"PropertyValueSpecification","valueRequired":true,"valueName":"search_term_string"}}],"inLanguage":"ro-RO"},{"@type":"Organization","@id":"https:\/\/xstyle.md\/#organization","name":"Magazinul X-Style","alternateName":"x-style","url":"https:\/\/xstyle.md\/","logo":{"@type":"ImageObject","inLanguage":"ro-RO","@id":"https:\/\/xstyle.md\/#\/schema\/logo\/image\/","url":"https:\/\/xstyle.md\/wp-content\/uploads\/2020\/06\/logoicon.svg","contentUrl":"https:\/\/xstyle.md\/wp-content\/uploads\/2020\/06\/logoicon.svg","caption":"\u041c\u0430\u0433\u0430\u0437\u0438\u043d Xstyle"},"image":{"@id":"https:\/\/xstyle.md\/#\/schema\/logo\/image\/"},"sameAs":["https:\/\/www.facebook.com\/xstylemd","https:\/\/www.instagram.com\/xstyle_md\/","https:\/\/t.me\/xstyle_outdoor"],"hasMerchantReturnPolicy":{"@type":"MerchantReturnPolicy","merchantReturnLink":"https:\/\/xstyle.md\/ro\/conditions\/"}}]},"product_price_amount":"330.00","product_price_currency":"MDL","og_availability":"out of stock","product_availability":"out of stock","product_retailer_item_id":"4250423603081","product_condition":"new"},"post_mailing_queue_ids":[],"_links":{"self":[{"href":"https:\/\/xstyle.md\/ro\/wp-json\/wp\/v2\/product\/9680","targetHints":{"allow":["GET"]}}],"collection":[{"href":"https:\/\/xstyle.md\/ro\/wp-json\/wp\/v2\/product"}],"about":[{"href":"https:\/\/xstyle.md\/ro\/wp-json\/wp\/v2\/types\/product"}],"replies":[{"embeddable":true,"href":"https:\/\/xstyle.md\/ro\/wp-json\/wp\/v2\/comments?post=9680"}],"wp:featuredmedia":[{"embeddable":true,"href":"https:\/\/xstyle.md\/ro\/wp-json\/wp\/v2\/media\/9679"}],"wp:attachment":[{"href":"https:\/\/xstyle.md\/ro\/wp-json\/wp\/v2\/media?parent=9680"}],"wp:term":[{"taxonomy":"product_brand","embeddable":true,"href":"https:\/\/xstyle.md\/ro\/wp-json\/wp\/v2\/product_brand?post=9680"},{"taxonomy":"product_cat","embeddable":true,"href":"https:\/\/xstyle.md\/ro\/wp-json\/wp\/v2\/product_cat?post=9680"},{"taxonomy":"product_tag","embeddable":true,"href":"https:\/\/xstyle.md\/ro\/wp-json\/wp\/v2\/product_tag?post=9680"}],"curies":[{"name":"wp","href":"https:\/\/api.w.org\/{rel}","templated":true}]}}