{"id":9641,"date":"2020-07-17T01:02:02","date_gmt":"2020-07-16T22:02:02","guid":{"rendered":"https:\/\/xstyle.md\/product\/pech-ka-schepochnica-petromax-hobo-stove"},"modified":"2025-09-03T19:58:35","modified_gmt":"2025-09-03T16:58:35","slug":"pech-ka-schepochnica-petromax-hobo-stove","status":"publish","type":"product","link":"https:\/\/xstyle.md\/ro\/produs\/pech-ka-schepochnica-petromax-hobo-stove\/","title":{"rendered":"Cuptor Petromax Hobo-Stove"},"content":{"rendered":"<\/p>\n<p><strong>Cuptor Petromax Hobo-Stove<\/strong> &#8212; u\u0219or \u0219i eficient pentru utilizare \u00een c\u0103l\u0103torii, drum. Vine \u00eentr-o hus\u0103 robust\u0103 de transport, realizat\u0103 din \u021bes\u0103tur\u0103 ripstop. Surcelele ard foarte econom \u0219i, \u00een acela\u0219i timp, dau o c\u0103ldur\u0103 mare.<\/p>\n<p>\u00cen plus, soba cu a\u0219chii din o\u021bel inoxidabil este foarte rezistent\u0103. Se asambleaz\u0103 datorit\u0103 unui sistem simplu de conectare, iar piesele sale pot fi perfect ambalate \u00eentr-un sac plat.<\/p>\n<p>Cu o greutate u\u0219oar\u0103 de doar 590 g \u0219i dimensiuni compacte, soba Hobo Stove bk1 Petromax se potrive\u0219te \u00een orice rucsac de camping.<\/p>\n<h3>Particularit\u0103\u021bi<\/h3>\n<ul>\n<li>Plac\u0103 stivuit\u0103 \u00een pozi\u021bia de sus, func\u021bioneaz\u0103 cu combustibil uscat (tablet\u0103) sau cuptor cu alcool. \u00cen plus, aragazul Hobo din o\u021bel inoxidabil este foarte stabil, pe el pot fi a\u0219ezate \u00een siguran\u021b\u0103 oale de orice dimensiune \u0219i greutate.<\/li>\n<li>Se \u00eempacheteaz\u0103 perfect \u00eentr-o cutie de transport plat\u0103.<\/li>\n<li>Datorit\u0103 greut\u0103\u021bii reduse de numai 590 g \u0219i a dimensiunii sale compacte, Petromax Hobo Stove se potrive\u0219te \u00een orice rucsac de camping.<\/li>\n<li>Aceast\u0103 sob\u0103 compact\u0103 din titan este alimentat\u0103 cu crengi, a\u0219chii mici de lemn, scoar\u021b\u0103 \u0219i iarb\u0103 uscat\u0103. Cu c\u00e2t combustibilul este mai uscat, cu at\u00e2t mai mare va fi performan\u021ba sa. Pe vreme deosebit de umed\u0103 sau \u00een absen\u021ba lemnului uscat, pute\u021bi recomanda \u00eenc\u0103lzirea sobei cu scoar\u021b\u0103 de mesteac\u0103n.<\/li>\n<\/ul>\n<h3>Caracteristici<\/h3>\n<ul>\n<li>Dimensiuni (asamblat) &#8212; 12,5 x 11,5 x 13,8 cm<\/li>\n<li>Dimensiuni geant\u0103 &#8212; 20 x 16 x 2,5 cm<\/li>\n<li>Greutate (cu geanta) &#8212; 590 gr<\/li>\n<li>Material &#8212; o\u021bel inoxidabil.<\/li>\n<\/ul>\n<p><\/p>","protected":false},"excerpt":{"rendered":"<p>Cuptor Petromax Hobo-Stove<\/p>","protected":false},"featured_media":9632,"comment_status":"open","ping_status":"closed","template":"","meta":{"_acf_changed":false,"inline_featured_image":false},"product_brand":[1420],"product_cat":[911,273],"product_tag":[],"class_list":{"0":"post-9641","1":"product","2":"type-product","3":"status-publish","4":"has-post-thumbnail","6":"product_brand-petromax","7":"product_cat-accesorii-dutch-oven","8":"product_cat-arzator-combustibil","10":"first","11":"instock","12":"shipping-taxable","13":"purchasable","14":"product-type-simple"},"acf":[],"yoast_head":"<!-- This site is optimized with the Yoast SEO plugin v27.2 - https:\/\/yoast.com\/product\/yoast-seo-wordpress\/ -->\n<title>\u041f\u0435\u0447\u043a\u0430-\u0449\u0435\u043f\u043e\u0447\u043d\u0438\u0446\u0430 Petromax Hobo-Stove - \u041c\u0430\u0433\u0430\u0437\u0438\u043d Xstyle<\/title>\n<meta name=\"description\" content=\"\u041f\u0435\u0447\u043a\u0430-\u0449\u0435\u043f\u043e\u0447\u043d\u0438\u0446\u0430 Petromax Hobo-Stove - \u043b\u0435\u0433\u043a\u0438\u0439 \u0438 \u044d\u0444\u0444\u0435\u043a\u0442\u0438\u0432\u043d\u044b\u0439 \u043e\u0442\u043e\u043f\u0438\u0442\u0435\u043b\u044c \u0434\u043b\u044f \u043f\u0443\u0442\u0435\u0448\u0435\u0441\u0442\u0432\u0438\u0439, \u0441 \u043f\u0440\u043e\u0447\u043d\u043e\u0439 \u0443\u043f\u0430\u043a\u043e\u0432\u043a\u043e\u0439 \u0438 \u044d\u043a\u043e\u043d\u043e\u043c\u0438\u0447\u043d\u044b\u043c \u0441\u0436\u0438\u0433\u0430\u043d\u0438\u0435\u043c \u0449\u0435\u043f\u043e\u043a.\" \/>\n<meta name=\"robots\" content=\"index, follow, max-snippet:-1, max-image-preview:large, max-video-preview:-1\" \/>\n<link rel=\"canonical\" href=\"https:\/\/xstyle.md\/ro\/produs\/pech-ka-schepochnica-petromax-hobo-stove\/\" \/>\n<meta property=\"og:locale\" content=\"ro_RO\" \/>\n<meta property=\"og:type\" content=\"article\" \/>\n<meta property=\"og:title\" content=\"\u041f\u0435\u0447\u043a\u0430-\u0449\u0435\u043f\u043e\u0447\u043d\u0438\u0446\u0430 Petromax Hobo-Stove - \u041c\u0430\u0433\u0430\u0437\u0438\u043d Xstyle\" \/>\n<meta property=\"og:description\" content=\"\u041f\u0435\u0447\u043a\u0430-\u0449\u0435\u043f\u043e\u0447\u043d\u0438\u0446\u0430 Petromax Hobo-Stove - \u043b\u0435\u0433\u043a\u0438\u0439 \u0438 \u044d\u0444\u0444\u0435\u043a\u0442\u0438\u0432\u043d\u044b\u0439 \u043e\u0442\u043e\u043f\u0438\u0442\u0435\u043b\u044c \u0434\u043b\u044f \u043f\u0443\u0442\u0435\u0448\u0435\u0441\u0442\u0432\u0438\u0439, \u0441 \u043f\u0440\u043e\u0447\u043d\u043e\u0439 \u0443\u043f\u0430\u043a\u043e\u0432\u043a\u043e\u0439 \u0438 \u044d\u043a\u043e\u043d\u043e\u043c\u0438\u0447\u043d\u044b\u043c \u0441\u0436\u0438\u0433\u0430\u043d\u0438\u0435\u043c \u0449\u0435\u043f\u043e\u043a.\" \/>\n<meta property=\"og:url\" content=\"https:\/\/xstyle.md\/ro\/produs\/pech-ka-schepochnica-petromax-hobo-stove\/\" \/>\n<meta property=\"og:site_name\" content=\"\u041c\u0430\u0433\u0430\u0437\u0438\u043d Xstyle\" \/>\n<meta property=\"article:publisher\" content=\"https:\/\/www.facebook.com\/xstylemd\" \/>\n<meta property=\"article:modified_time\" content=\"2025-09-03T16:58:35+00:00\" \/>\n<meta property=\"og:image\" content=\"https:\/\/xstyle.md\/wp-content\/uploads\/2020\/07\/petromax.jpeg\" \/>\n\t<meta property=\"og:image:width\" content=\"635\" \/>\n\t<meta property=\"og:image:height\" content=\"679\" \/>\n\t<meta property=\"og:image:type\" content=\"image\/jpeg\" \/>\n<meta name=\"twitter:card\" content=\"summary_large_image\" \/>\n<meta name=\"twitter:label1\" content=\"Pre\u021b\" \/>\n\t<meta name=\"twitter:data1\" content=\"1.190&nbsp;MDL\" \/>\n\t<meta name=\"twitter:label2\" content=\"Disponibilitate\" \/>\n\t<meta name=\"twitter:data2\" content=\"\u00cen stoc\" \/>\n<script type=\"application\/ld+json\" class=\"yoast-schema-graph\">{\"@context\":\"https:\/\/schema.org\",\"@graph\":[{\"@type\":\"WebPage\",\"@id\":\"https:\/\/xstyle.md\/product\/pech-ka-schepochnica-petromax-hobo-stove\/\",\"url\":\"https:\/\/xstyle.md\/product\/pech-ka-schepochnica-petromax-hobo-stove\/\",\"name\":\"\u041f\u0435\u0447\u043a\u0430-\u0449\u0435\u043f\u043e\u0447\u043d\u0438\u0446\u0430 Petromax Hobo-Stove - \u041c\u0430\u0433\u0430\u0437\u0438\u043d Xstyle\",\"isPartOf\":{\"@id\":\"https:\/\/xstyle.md\/#website\"},\"primaryImageOfPage\":{\"@id\":\"https:\/\/xstyle.md\/product\/pech-ka-schepochnica-petromax-hobo-stove\/#primaryimage\"},\"image\":{\"@id\":\"https:\/\/xstyle.md\/product\/pech-ka-schepochnica-petromax-hobo-stove\/#primaryimage\"},\"thumbnailUrl\":\"https:\/\/xstyle.md\/wp-content\/uploads\/2020\/07\/petromax.jpeg\",\"datePublished\":\"2020-07-16T22:02:02+00:00\",\"dateModified\":\"2025-09-03T16:58:35+00:00\",\"description\":\"\u041f\u0435\u0447\u043a\u0430-\u0449\u0435\u043f\u043e\u0447\u043d\u0438\u0446\u0430 Petromax Hobo-Stove - \u043b\u0435\u0433\u043a\u0438\u0439 \u0438 \u044d\u0444\u0444\u0435\u043a\u0442\u0438\u0432\u043d\u044b\u0439 \u043e\u0442\u043e\u043f\u0438\u0442\u0435\u043b\u044c \u0434\u043b\u044f \u043f\u0443\u0442\u0435\u0448\u0435\u0441\u0442\u0432\u0438\u0439, \u0441 \u043f\u0440\u043e\u0447\u043d\u043e\u0439 \u0443\u043f\u0430\u043a\u043e\u0432\u043a\u043e\u0439 \u0438 \u044d\u043a\u043e\u043d\u043e\u043c\u0438\u0447\u043d\u044b\u043c \u0441\u0436\u0438\u0433\u0430\u043d\u0438\u0435\u043c \u0449\u0435\u043f\u043e\u043a.\",\"breadcrumb\":{\"@id\":\"https:\/\/xstyle.md\/product\/pech-ka-schepochnica-petromax-hobo-stove\/#breadcrumb\"},\"inLanguage\":\"ro-RO\",\"potentialAction\":[{\"@type\":\"ReadAction\",\"target\":[\"https:\/\/xstyle.md\/product\/pech-ka-schepochnica-petromax-hobo-stove\/\"]}]},{\"@type\":\"ImageObject\",\"inLanguage\":\"ro-RO\",\"@id\":\"https:\/\/xstyle.md\/product\/pech-ka-schepochnica-petromax-hobo-stove\/#primaryimage\",\"url\":\"https:\/\/xstyle.md\/wp-content\/uploads\/2020\/07\/petromax.jpeg\",\"contentUrl\":\"https:\/\/xstyle.md\/wp-content\/uploads\/2020\/07\/petromax.jpeg\",\"width\":635,\"height\":679},{\"@type\":\"BreadcrumbList\",\"@id\":\"https:\/\/xstyle.md\/product\/pech-ka-schepochnica-petromax-hobo-stove\/#breadcrumb\",\"itemListElement\":[{\"@type\":\"ListItem\",\"position\":1,\"name\":\"\u0413\u043b\u0430\u0432\u043d\u0430\u044f \u0441\u0442\u0440\u0430\u043d\u0438\u0446\u0430\",\"item\":\"https:\/\/xstyle.md\/\"},{\"@type\":\"ListItem\",\"position\":2,\"name\":\"\u041c\u0430\u0433\u0430\u0437\u0438\u043d\",\"item\":\"https:\/\/xstyle.md\/shop\/\"},{\"@type\":\"ListItem\",\"position\":3,\"name\":\"\u041f\u0435\u0447\u043a\u0430-\u0449\u0435\u043f\u043e\u0447\u043d\u0438\u0446\u0430 Petromax Hobo-Stove\"}]},{\"@type\":\"WebSite\",\"@id\":\"https:\/\/xstyle.md\/#website\",\"url\":\"https:\/\/xstyle.md\/\",\"name\":\"\u041c\u0430\u0433\u0430\u0437\u0438\u043d Xstyle\",\"description\":\"C\u043d\u0430\u0440\u044f\u0436\u0435\u043d\u0438\u0435 \u0434\u043b\u044f \u0442\u0443\u0440\u0438\u0437\u043c\u0430 \u0438 \u044d\u043a\u0441\u0442\u0440\u0435\u043c\u0430\u043b\u044c\u043d\u044b\u0445 \u0432\u0438\u0434\u043e\u0432 \u0441\u043f\u043e\u0440\u0442\u0430 \u0432 \u041c\u043e\u043b\u0434\u043e\u0432\u0435.. \u0426\u0435\u043d\u044b, \u0444\u043e\u0442\u043e, \u0445\u0430\u0440\u0430\u043a\u0442\u0435\u0440\u0438\u0441\u0442\u0438\u043a\u0438 \u0432 \u041c\u043e\u043b\u0434\u043e\u0432\u0435.\",\"publisher\":{\"@id\":\"https:\/\/xstyle.md\/#organization\"},\"alternateName\":\"X-Style\",\"potentialAction\":[{\"@type\":\"SearchAction\",\"target\":{\"@type\":\"EntryPoint\",\"urlTemplate\":\"https:\/\/xstyle.md\/?s={search_term_string}\"},\"query-input\":{\"@type\":\"PropertyValueSpecification\",\"valueRequired\":true,\"valueName\":\"search_term_string\"}}],\"inLanguage\":\"ro-RO\"},{\"@type\":\"Organization\",\"@id\":\"https:\/\/xstyle.md\/#organization\",\"name\":\"\u041c\u0430\u0433\u0430\u0437\u0438\u043d Xstyle\",\"alternateName\":\"x-style\",\"url\":\"https:\/\/xstyle.md\/\",\"logo\":{\"@type\":\"ImageObject\",\"inLanguage\":\"ro-RO\",\"@id\":\"https:\/\/xstyle.md\/#\/schema\/logo\/image\/\",\"url\":\"https:\/\/xstyle.md\/wp-content\/uploads\/2020\/06\/logoicon.svg\",\"contentUrl\":\"https:\/\/xstyle.md\/wp-content\/uploads\/2020\/06\/logoicon.svg\",\"caption\":\"\u041c\u0430\u0433\u0430\u0437\u0438\u043d Xstyle\"},\"image\":{\"@id\":\"https:\/\/xstyle.md\/#\/schema\/logo\/image\/\"},\"sameAs\":[\"https:\/\/www.facebook.com\/xstylemd\",\"https:\/\/www.instagram.com\/xstyle_md\/\",\"https:\/\/t.me\/xstyle_outdoor\"],\"hasMerchantReturnPolicy\":{\"@type\":\"MerchantReturnPolicy\",\"merchantReturnLink\":\"https:\/\/xstyle.md\/ro\/conditions\/\"}}]}<\/script>\n<meta property=\"product:price:amount\" content=\"1190.00\" \/>\n<meta property=\"product:price:currency\" content=\"MDL\" \/>\n<meta property=\"og:availability\" content=\"instock\" \/>\n<meta property=\"product:availability\" content=\"instock\" \/>\n<meta property=\"product:retailer_item_id\" content=\"4250435701324\" \/>\n<meta property=\"product:condition\" content=\"new\" \/>\n<!-- \/ Yoast SEO plugin. -->","yoast_head_json":{"title":"Cuptor Petromax Hobo-Stove - Magazin Xstyle","description":"Pecul\u0103-\u0219epocin\u021bic\u0103 Petromax Hobo-Stove - un \u00eenc\u0103lzitor u\u0219or \u0219i eficient pentru c\u0103l\u0103torii, cu un ambalaj rezistent \u0219i ardere economic\u0103 a a\u0219chilor.","robots":{"index":"index","follow":"follow","max-snippet":"max-snippet:-1","max-image-preview":"max-image-preview:large","max-video-preview":"max-video-preview:-1"},"canonical":"https:\/\/xstyle.md\/ro\/produs\/pech-ka-schepochnica-petromax-hobo-stove\/","og_locale":"ro_RO","og_type":"article","og_title":"\u041f\u0435\u0447\u043a\u0430-\u0449\u0435\u043f\u043e\u0447\u043d\u0438\u0446\u0430 Petromax Hobo-Stove - \u041c\u0430\u0433\u0430\u0437\u0438\u043d Xstyle","og_description":"\u041f\u0435\u0447\u043a\u0430-\u0449\u0435\u043f\u043e\u0447\u043d\u0438\u0446\u0430 Petromax Hobo-Stove - \u043b\u0435\u0433\u043a\u0438\u0439 \u0438 \u044d\u0444\u0444\u0435\u043a\u0442\u0438\u0432\u043d\u044b\u0439 \u043e\u0442\u043e\u043f\u0438\u0442\u0435\u043b\u044c \u0434\u043b\u044f \u043f\u0443\u0442\u0435\u0448\u0435\u0441\u0442\u0432\u0438\u0439, \u0441 \u043f\u0440\u043e\u0447\u043d\u043e\u0439 \u0443\u043f\u0430\u043a\u043e\u0432\u043a\u043e\u0439 \u0438 \u044d\u043a\u043e\u043d\u043e\u043c\u0438\u0447\u043d\u044b\u043c \u0441\u0436\u0438\u0433\u0430\u043d\u0438\u0435\u043c \u0449\u0435\u043f\u043e\u043a.","og_url":"https:\/\/xstyle.md\/ro\/produs\/pech-ka-schepochnica-petromax-hobo-stove\/","og_site_name":"\u041c\u0430\u0433\u0430\u0437\u0438\u043d Xstyle","article_publisher":"https:\/\/www.facebook.com\/xstylemd","article_modified_time":"2025-09-03T16:58:35+00:00","og_image":[{"width":635,"height":679,"url":"https:\/\/xstyle.md\/wp-content\/uploads\/2020\/07\/petromax.jpeg","type":"image\/jpeg"}],"twitter_card":"summary_large_image","twitter_misc":{"Pre\u021b":"1.190&nbsp;MDL","Disponibilitate":"\u00cen stoc"},"schema":{"@context":"https:\/\/schema.org","@graph":[{"@type":"WebPage","@id":"https:\/\/xstyle.md\/product\/pech-ka-schepochnica-petromax-hobo-stove\/","url":"https:\/\/xstyle.md\/product\/pech-ka-schepochnica-petromax-hobo-stove\/","name":"Cuptor Petromax Hobo-Stove - Magazin Xstyle","isPartOf":{"@id":"https:\/\/xstyle.md\/#website"},"primaryImageOfPage":{"@id":"https:\/\/xstyle.md\/product\/pech-ka-schepochnica-petromax-hobo-stove\/#primaryimage"},"image":{"@id":"https:\/\/xstyle.md\/product\/pech-ka-schepochnica-petromax-hobo-stove\/#primaryimage"},"thumbnailUrl":"https:\/\/xstyle.md\/wp-content\/uploads\/2020\/07\/petromax.jpeg","datePublished":"2020-07-16T22:02:02+00:00","dateModified":"2025-09-03T16:58:35+00:00","description":"Pecul\u0103-\u0219epocin\u021bic\u0103 Petromax Hobo-Stove - un \u00eenc\u0103lzitor u\u0219or \u0219i eficient pentru c\u0103l\u0103torii, cu un ambalaj rezistent \u0219i ardere economic\u0103 a a\u0219chilor.","breadcrumb":{"@id":"https:\/\/xstyle.md\/product\/pech-ka-schepochnica-petromax-hobo-stove\/#breadcrumb"},"inLanguage":"ro-RO","potentialAction":[{"@type":"ReadAction","target":["https:\/\/xstyle.md\/product\/pech-ka-schepochnica-petromax-hobo-stove\/"]}]},{"@type":"ImageObject","inLanguage":"ro-RO","@id":"https:\/\/xstyle.md\/product\/pech-ka-schepochnica-petromax-hobo-stove\/#primaryimage","url":"https:\/\/xstyle.md\/wp-content\/uploads\/2020\/07\/petromax.jpeg","contentUrl":"https:\/\/xstyle.md\/wp-content\/uploads\/2020\/07\/petromax.jpeg","width":635,"height":679},{"@type":"BreadcrumbList","@id":"https:\/\/xstyle.md\/product\/pech-ka-schepochnica-petromax-hobo-stove\/#breadcrumb","itemListElement":[{"@type":"ListItem","position":1,"name":"\u0413\u043b\u0430\u0432\u043d\u0430\u044f \u0441\u0442\u0440\u0430\u043d\u0438\u0446\u0430","item":"https:\/\/xstyle.md\/"},{"@type":"ListItem","position":2,"name":"\u041c\u0430\u0433\u0430\u0437\u0438\u043d","item":"https:\/\/xstyle.md\/shop\/"},{"@type":"ListItem","position":3,"name":"\u041f\u0435\u0447\u043a\u0430-\u0449\u0435\u043f\u043e\u0447\u043d\u0438\u0446\u0430 Petromax Hobo-Stove"}]},{"@type":"WebSite","@id":"https:\/\/xstyle.md\/#website","url":"https:\/\/xstyle.md\/","name":"Magazinul X-Style","description":"Echipamente pentru turism \u0219i sporturi extreme \u00een Moldova. Pre\u021buri, fotografii, caracteristici \u00een Moldova.","publisher":{"@id":"https:\/\/xstyle.md\/#organization"},"alternateName":"X-Style","potentialAction":[{"@type":"SearchAction","target":{"@type":"EntryPoint","urlTemplate":"https:\/\/xstyle.md\/?s={search_term_string}"},"query-input":{"@type":"PropertyValueSpecification","valueRequired":true,"valueName":"search_term_string"}}],"inLanguage":"ro-RO"},{"@type":"Organization","@id":"https:\/\/xstyle.md\/#organization","name":"Magazinul X-Style","alternateName":"x-style","url":"https:\/\/xstyle.md\/","logo":{"@type":"ImageObject","inLanguage":"ro-RO","@id":"https:\/\/xstyle.md\/#\/schema\/logo\/image\/","url":"https:\/\/xstyle.md\/wp-content\/uploads\/2020\/06\/logoicon.svg","contentUrl":"https:\/\/xstyle.md\/wp-content\/uploads\/2020\/06\/logoicon.svg","caption":"\u041c\u0430\u0433\u0430\u0437\u0438\u043d Xstyle"},"image":{"@id":"https:\/\/xstyle.md\/#\/schema\/logo\/image\/"},"sameAs":["https:\/\/www.facebook.com\/xstylemd","https:\/\/www.instagram.com\/xstyle_md\/","https:\/\/t.me\/xstyle_outdoor"],"hasMerchantReturnPolicy":{"@type":"MerchantReturnPolicy","merchantReturnLink":"https:\/\/xstyle.md\/ro\/conditions\/"}}]},"product_price_amount":"1190.00","product_price_currency":"MDL","og_availability":"instock","product_availability":"instock","product_retailer_item_id":"4250435701324","product_condition":"new"},"post_mailing_queue_ids":[],"_links":{"self":[{"href":"https:\/\/xstyle.md\/ro\/wp-json\/wp\/v2\/product\/9641","targetHints":{"allow":["GET"]}}],"collection":[{"href":"https:\/\/xstyle.md\/ro\/wp-json\/wp\/v2\/product"}],"about":[{"href":"https:\/\/xstyle.md\/ro\/wp-json\/wp\/v2\/types\/product"}],"replies":[{"embeddable":true,"href":"https:\/\/xstyle.md\/ro\/wp-json\/wp\/v2\/comments?post=9641"}],"wp:featuredmedia":[{"embeddable":true,"href":"https:\/\/xstyle.md\/ro\/wp-json\/wp\/v2\/media\/9632"}],"wp:attachment":[{"href":"https:\/\/xstyle.md\/ro\/wp-json\/wp\/v2\/media?parent=9641"}],"wp:term":[{"taxonomy":"product_brand","embeddable":true,"href":"https:\/\/xstyle.md\/ro\/wp-json\/wp\/v2\/product_brand?post=9641"},{"taxonomy":"product_cat","embeddable":true,"href":"https:\/\/xstyle.md\/ro\/wp-json\/wp\/v2\/product_cat?post=9641"},{"taxonomy":"product_tag","embeddable":true,"href":"https:\/\/xstyle.md\/ro\/wp-json\/wp\/v2\/product_tag?post=9641"}],"curies":[{"name":"wp","href":"https:\/\/api.w.org\/{rel}","templated":true}]}}