{"id":96293,"date":"2025-08-21T13:19:37","date_gmt":"2025-08-21T10:19:37","guid":{"rendered":"https:\/\/xstyle.md\/?post_type=product&#038;p=96293"},"modified":"2026-03-27T13:38:56","modified_gmt":"2026-03-27T10:38:56","slug":"ottyazhka-singing-rock-liana-v-60-70-cm","status":"publish","type":"product","link":"https:\/\/xstyle.md\/ro\/produs\/ottyazhka-singing-rock-liana-v-60-70-cm\/","title":{"rendered":"Bucl\u0103 Singing Rock Liana V 60\/70 cm"},"content":{"rendered":"<\/p>\n<p><strong>Singing Rock Liana V 60\/70 cm<\/strong> &#8212; aceasta este o lonj\u0103 dubl\u0103 \u00een form\u0103 de V, fabricat\u0103 din coard\u0103 dinamic\u0103 de \u00eenalt\u0103 rezisten\u021b\u0103. Este conceput\u0103 pentru pozi\u021bionare \u0219i asigurare \u00een timpul deplas\u0103rii pe structuri metalice, sc\u0103ri sau \u00een timpul lucrului la \u00een\u0103l\u021bime, unde este necesar un punct de sprijin permanent.<\/p>\n<h3>Particularit\u0103\u021bi<\/h3>\n<ul>\n<li>Fabricat\u0103 din coard\u0103 cu diametrul de 10.5 mm, care are capacitatea de a absorbi energia \u00een cazul unui \u0219oc u\u0219or (factor de c\u0103dere &lt; 1), reduc\u00e2nd for\u021ba de impact asupra utilizatorului<\/li>\n<li>Dispune de dou\u0103 bra\u021be de lungimi diferite, permi\u021b\u00e2nd alpinistului sau lucr\u0103torului s\u0103 r\u0103m\u00e2n\u0103 asigurat permanent \u00een timp ce trece de punctele de asigurare intermediare<\/li>\n<li>Capetele corzii sunt cusute cu fir de \u00eenalt\u0103 rezisten\u021b\u0103 \u0219i protejate de un man\u0219on transparent din plastic, care permite inspectarea vizual\u0103 a cus\u0103turii \u0219i o protejeaz\u0103 \u00eempotriva abraziunii<\/li>\n<li>\u00cen ciuda greut\u0103\u021bii reduse, lonja are o sarcin\u0103 de rupere ridicat\u0103, necesar\u0103 pentru alpinism utilitar \u0219i opera\u021biuni de salvare<\/li>\n<li>Materialele sunt rezistente la uzur\u0103 \u0219i la factorii externi \u00een condi\u021bii de utilizare activ\u0103<\/li>\n<\/ul>\n<h3>Caracteristici<\/h3>\n<ul>\n<li>Material &#8212; poliamid\u0103 (coard\u0103 dinamic\u0103)<\/li>\n<li>Diametru coard\u0103 &#8212; 10.5 mm<\/li>\n<li>Lungime bra\u021be &#8212; 60 cm \u0219i 70 cm<\/li>\n<li>Sarcina de rupere &#8212; 22 kN<\/li>\n<li>Greutate &#8212; aproximativ 150 g<\/li>\n<li>Certific\u0103ri &#8212; EN 354 (Mijloace de leg\u0103tur\u0103), EN 795B (Dispozitive de ancorare), CE 1019<\/li>\n<\/ul>\n<p><\/p>\n<h3>Marca<\/h3>\n<p>Singing Rock - este un produc\u0103tor ceh de top, specializat \u00een echipamente profesionale pentru alpinism, escalad\u0103 \u0219i lucru la \u00een\u0103l\u021bime. Brandul este recunoscut pentru solu\u021biile sale inovatoare \u00een domeniul siguran\u021bei industriale, oferind hamuri de siguran\u021b\u0103, c\u0103\u0219ti \u0219i dispozitive de ancorare fiabile, care sunt testate riguros \u00een condi\u021bii reale de utilizare.<\/p>","protected":false},"excerpt":{"rendered":"<p>\u0411\u0440\u0435\u043d\u0434 Singing Rock &#8212; \u044d\u0442\u043e \u0432\u0435\u0434\u0443\u0449\u0438\u0439 \u0447\u0435\u0448\u0441\u043a\u0438\u0439 \u043f\u0440\u043e\u0438\u0437\u0432\u043e\u0434\u0438\u0442\u0435\u043b\u044c \u043f\u0440\u043e\u0444\u0435\u0441\u0441\u0438\u043e\u043d\u0430\u043b\u044c\u043d\u043e\u0433\u043e \u0441\u043d\u0430\u0440\u044f\u0436\u0435\u043d\u0438\u044f \u0434\u043b\u044f \u0430\u043b\u044c\u043f\u0438\u043d\u0438\u0437\u043c\u0430, \u0441\u043a\u0430\u043b\u043e\u043b\u0430\u0437\u0430\u043d\u0438\u044f \u0438 \u0440\u0430\u0431\u043e\u0442 \u043d\u0430 \u0432\u044b\u0441\u043e\u0442\u0435. \u0411\u0440\u0435\u043d\u0434 \u0438\u0437\u0432\u0435\u0441\u0442\u0435\u043d \u0441\u0432\u043e\u0438\u043c\u0438 \u0438\u043d\u043d\u043e\u0432\u0430\u0446\u0438\u043e\u043d\u043d\u044b\u043c\u0438 \u0440\u0435\u0448\u0435\u043d\u0438\u044f\u043c\u0438 \u0432 \u043e\u0431\u043b\u0430\u0441\u0442\u0438 \u043f\u0440\u043e\u043c\u044b\u0448\u043b\u0435\u043d\u043d\u043e\u0439 \u0431\u0435\u0437\u043e\u043f\u0430\u0441\u043d\u043e\u0441\u0442\u0438, \u043f\u0440\u0435\u0434\u043b\u0430\u0433\u0430\u044f \u043d\u0430\u0434\u0435\u0436\u043d\u044b\u0435 \u0441\u0442\u0440\u0430\u0445\u043e\u0432\u043e\u0447\u043d\u044b\u0435 \u0441\u0438\u0441\u0442\u0435\u043c\u044b, \u043a\u0430\u0441\u043a\u0438 \u0438 \u0430\u043d\u043a\u0435\u0440\u043d\u044b\u0435 \u0443\u0441\u0442\u0440\u043e\u0439\u0441\u0442\u0432\u0430, \u043a\u043e\u0442\u043e\u0440\u044b\u0435 \u043f\u0440\u043e\u0445\u043e\u0434\u044f\u0442 \u0441\u0442\u0440\u043e\u0436\u0430\u0439\u0448\u0435\u0435 \u0442\u0435\u0441\u0442\u0438\u0440\u043e\u0432\u0430\u043d\u0438\u0435 \u0432 \u0440\u0435\u0430\u043b\u044c\u043d\u044b\u0445 \u0443\u0441\u043b\u043e\u0432\u0438\u044f\u0445.<\/p>","protected":false},"featured_media":104303,"comment_status":"open","ping_status":"closed","template":"","meta":{"_acf_changed":false,"inline_featured_image":false},"product_brand":[1276],"product_cat":[159],"product_tag":[],"class_list":{"0":"post-96293","1":"product","2":"type-product","3":"status-publish","4":"has-post-thumbnail","6":"product_brand-singing-rock","7":"product_cat-carabiners","9":"first","10":"instock","11":"shipping-taxable","12":"purchasable","13":"product-type-simple"},"acf":[],"yoast_head":"<!-- This site is optimized with the Yoast SEO plugin v27.2 - https:\/\/yoast.com\/product\/yoast-seo-wordpress\/ -->\n<title>\u041e\u0442\u0442\u044f\u0436\u043a\u0430 Singing Rock Liana V 60\/70 cm - \u041c\u0430\u0433\u0430\u0437\u0438\u043d Xstyle<\/title>\n<meta name=\"robots\" content=\"index, follow, max-snippet:-1, max-image-preview:large, max-video-preview:-1\" \/>\n<link rel=\"canonical\" href=\"https:\/\/xstyle.md\/ro\/produs\/ottyazhka-singing-rock-liana-v-60-70-cm\/\" \/>\n<meta property=\"og:locale\" content=\"ro_RO\" \/>\n<meta property=\"og:type\" content=\"article\" \/>\n<meta property=\"og:title\" content=\"\u041e\u0442\u0442\u044f\u0436\u043a\u0430 Singing Rock Liana V 60\/70 cm - \u041c\u0430\u0433\u0430\u0437\u0438\u043d Xstyle\" \/>\n<meta property=\"og:description\" content=\"\u0411\u0440\u0435\u043d\u0434 Singing Rock &#8212; \u044d\u0442\u043e \u0432\u0435\u0434\u0443\u0449\u0438\u0439 \u0447\u0435\u0448\u0441\u043a\u0438\u0439 \u043f\u0440\u043e\u0438\u0437\u0432\u043e\u0434\u0438\u0442\u0435\u043b\u044c \u043f\u0440\u043e\u0444\u0435\u0441\u0441\u0438\u043e\u043d\u0430\u043b\u044c\u043d\u043e\u0433\u043e \u0441\u043d\u0430\u0440\u044f\u0436\u0435\u043d\u0438\u044f \u0434\u043b\u044f \u0430\u043b\u044c\u043f\u0438\u043d\u0438\u0437\u043c\u0430, \u0441\u043a\u0430\u043b\u043e\u043b\u0430\u0437\u0430\u043d\u0438\u044f \u0438 \u0440\u0430\u0431\u043e\u0442 \u043d\u0430 \u0432\u044b\u0441\u043e\u0442\u0435. \u0411\u0440\u0435\u043d\u0434 \u0438\u0437\u0432\u0435\u0441\u0442\u0435\u043d \u0441\u0432\u043e\u0438\u043c\u0438 \u0438\u043d\u043d\u043e\u0432\u0430\u0446\u0438\u043e\u043d\u043d\u044b\u043c\u0438 \u0440\u0435\u0448\u0435\u043d\u0438\u044f\u043c\u0438 \u0432 \u043e\u0431\u043b\u0430\u0441\u0442\u0438 \u043f\u0440\u043e\u043c\u044b\u0448\u043b\u0435\u043d\u043d\u043e\u0439 \u0431\u0435\u0437\u043e\u043f\u0430\u0441\u043d\u043e\u0441\u0442\u0438, \u043f\u0440\u0435\u0434\u043b\u0430\u0433\u0430\u044f \u043d\u0430\u0434\u0435\u0436\u043d\u044b\u0435 \u0441\u0442\u0440\u0430\u0445\u043e\u0432\u043e\u0447\u043d\u044b\u0435 \u0441\u0438\u0441\u0442\u0435\u043c\u044b, \u043a\u0430\u0441\u043a\u0438 \u0438 \u0430\u043d\u043a\u0435\u0440\u043d\u044b\u0435 \u0443\u0441\u0442\u0440\u043e\u0439\u0441\u0442\u0432\u0430, \u043a\u043e\u0442\u043e\u0440\u044b\u0435 \u043f\u0440\u043e\u0445\u043e\u0434\u044f\u0442 \u0441\u0442\u0440\u043e\u0436\u0430\u0439\u0448\u0435\u0435 \u0442\u0435\u0441\u0442\u0438\u0440\u043e\u0432\u0430\u043d\u0438\u0435 \u0432 \u0440\u0435\u0430\u043b\u044c\u043d\u044b\u0445 \u0443\u0441\u043b\u043e\u0432\u0438\u044f\u0445.\" \/>\n<meta property=\"og:url\" content=\"https:\/\/xstyle.md\/ro\/produs\/ottyazhka-singing-rock-liana-v-60-70-cm\/\" \/>\n<meta property=\"og:site_name\" content=\"\u041c\u0430\u0433\u0430\u0437\u0438\u043d Xstyle\" \/>\n<meta property=\"article:publisher\" content=\"https:\/\/www.facebook.com\/xstylemd\" \/>\n<meta property=\"article:modified_time\" content=\"2026-03-27T10:38:56+00:00\" \/>\n<meta property=\"og:image\" content=\"https:\/\/xstyle.md\/wp-content\/uploads\/2025\/08\/singing-rock-liana-v-6070-cm.webp\" \/>\n\t<meta property=\"og:image:width\" content=\"1200\" \/>\n\t<meta property=\"og:image:height\" content=\"1200\" \/>\n\t<meta property=\"og:image:type\" content=\"image\/webp\" \/>\n<meta name=\"twitter:card\" content=\"summary_large_image\" \/>\n<meta name=\"twitter:label1\" content=\"Pre\u021b\" \/>\n\t<meta name=\"twitter:data1\" content=\"540&nbsp;MDL\" \/>\n\t<meta name=\"twitter:label2\" content=\"Disponibilitate\" \/>\n\t<meta name=\"twitter:data2\" content=\"\u00cen stoc\" \/>\n<script type=\"application\/ld+json\" class=\"yoast-schema-graph\">{\"@context\":\"https:\/\/schema.org\",\"@graph\":[{\"@type\":\"WebPage\",\"@id\":\"https:\/\/xstyle.md\/product\/ottyazhka-singing-rock-liana-v-60-70-cm\/\",\"url\":\"https:\/\/xstyle.md\/product\/ottyazhka-singing-rock-liana-v-60-70-cm\/\",\"name\":\"\u041e\u0442\u0442\u044f\u0436\u043a\u0430 Singing Rock Liana V 60\/70 cm - \u041c\u0430\u0433\u0430\u0437\u0438\u043d Xstyle\",\"isPartOf\":{\"@id\":\"https:\/\/xstyle.md\/#website\"},\"primaryImageOfPage\":{\"@id\":\"https:\/\/xstyle.md\/product\/ottyazhka-singing-rock-liana-v-60-70-cm\/#primaryimage\"},\"image\":{\"@id\":\"https:\/\/xstyle.md\/product\/ottyazhka-singing-rock-liana-v-60-70-cm\/#primaryimage\"},\"thumbnailUrl\":\"https:\/\/xstyle.md\/wp-content\/uploads\/2025\/08\/singing-rock-liana-v-6070-cm.webp\",\"datePublished\":\"2025-08-21T10:19:37+00:00\",\"dateModified\":\"2026-03-27T10:38:56+00:00\",\"breadcrumb\":{\"@id\":\"https:\/\/xstyle.md\/product\/ottyazhka-singing-rock-liana-v-60-70-cm\/#breadcrumb\"},\"inLanguage\":\"ro-RO\",\"potentialAction\":[{\"@type\":\"ReadAction\",\"target\":[\"https:\/\/xstyle.md\/product\/ottyazhka-singing-rock-liana-v-60-70-cm\/\"]}]},{\"@type\":\"ImageObject\",\"inLanguage\":\"ro-RO\",\"@id\":\"https:\/\/xstyle.md\/product\/ottyazhka-singing-rock-liana-v-60-70-cm\/#primaryimage\",\"url\":\"https:\/\/xstyle.md\/wp-content\/uploads\/2025\/08\/singing-rock-liana-v-6070-cm.webp\",\"contentUrl\":\"https:\/\/xstyle.md\/wp-content\/uploads\/2025\/08\/singing-rock-liana-v-6070-cm.webp\",\"width\":1200,\"height\":1200,\"caption\":\"\u041e\u0442\u0442\u044f\u0436\u043a\u0430 Singing Rock Liana V 60\/70 \u0441\u043c \u0434\u043b\u044f \u0430\u043b\u044c\u043f\u0438\u043d\u0438\u0437\u043c\u0430 \u0441\u043a\u0430\u043b\u043e\u043b\u0430\u0437\u0430\u043d\u0438\u044f \u0430\u043a\u0442\u0438\u0432\u043d\u044b\u0445 \u043f\u0443\u0442\u0435\u0448\u0435\u0441\u0442\u0432\u0438\u0439 \u0438 \u043f\u043e\u0445\u043e\u0434\u043e\u0432 \u043e\u0431\u0443\u0432\u044c \u0438 \u043e\u0434\u0435\u0436\u0434\u0430 \u0434\u043b\u044f \u0430\u043a\u0442\u0438\u0432\u043d\u043e\u0433\u043e \u043e\u0442\u0434\u044b\u0445\u0430 \u043f\u0440\u0438\u043e\u0431\u0440\u0435\u0442\u0430\u0435\u0442\u0441\u044f \u0432 \u043e\u043d\u043b\u0430\u0439\u043d \u043c\u0430\u0433\u0430\u0437\u0438\u043d\u0435\"},{\"@type\":\"BreadcrumbList\",\"@id\":\"https:\/\/xstyle.md\/product\/ottyazhka-singing-rock-liana-v-60-70-cm\/#breadcrumb\",\"itemListElement\":[{\"@type\":\"ListItem\",\"position\":1,\"name\":\"\u0413\u043b\u0430\u0432\u043d\u0430\u044f \u0441\u0442\u0440\u0430\u043d\u0438\u0446\u0430\",\"item\":\"https:\/\/xstyle.md\/\"},{\"@type\":\"ListItem\",\"position\":2,\"name\":\"\u041c\u0430\u0433\u0430\u0437\u0438\u043d\",\"item\":\"https:\/\/xstyle.md\/shop\/\"},{\"@type\":\"ListItem\",\"position\":3,\"name\":\"\u041e\u0442\u0442\u044f\u0436\u043a\u0430 Singing Rock Liana V 60\/70 cm\"}]},{\"@type\":\"WebSite\",\"@id\":\"https:\/\/xstyle.md\/#website\",\"url\":\"https:\/\/xstyle.md\/\",\"name\":\"\u041c\u0430\u0433\u0430\u0437\u0438\u043d Xstyle\",\"description\":\"C\u043d\u0430\u0440\u044f\u0436\u0435\u043d\u0438\u0435 \u0434\u043b\u044f \u0442\u0443\u0440\u0438\u0437\u043c\u0430 \u0438 \u044d\u043a\u0441\u0442\u0440\u0435\u043c\u0430\u043b\u044c\u043d\u044b\u0445 \u0432\u0438\u0434\u043e\u0432 \u0441\u043f\u043e\u0440\u0442\u0430 \u0432 \u041c\u043e\u043b\u0434\u043e\u0432\u0435.. \u0426\u0435\u043d\u044b, \u0444\u043e\u0442\u043e, \u0445\u0430\u0440\u0430\u043a\u0442\u0435\u0440\u0438\u0441\u0442\u0438\u043a\u0438 \u0432 \u041c\u043e\u043b\u0434\u043e\u0432\u0435.\",\"publisher\":{\"@id\":\"https:\/\/xstyle.md\/#organization\"},\"alternateName\":\"X-Style\",\"potentialAction\":[{\"@type\":\"SearchAction\",\"target\":{\"@type\":\"EntryPoint\",\"urlTemplate\":\"https:\/\/xstyle.md\/?s={search_term_string}\"},\"query-input\":{\"@type\":\"PropertyValueSpecification\",\"valueRequired\":true,\"valueName\":\"search_term_string\"}}],\"inLanguage\":\"ro-RO\"},{\"@type\":\"Organization\",\"@id\":\"https:\/\/xstyle.md\/#organization\",\"name\":\"\u041c\u0430\u0433\u0430\u0437\u0438\u043d Xstyle\",\"alternateName\":\"x-style\",\"url\":\"https:\/\/xstyle.md\/\",\"logo\":{\"@type\":\"ImageObject\",\"inLanguage\":\"ro-RO\",\"@id\":\"https:\/\/xstyle.md\/#\/schema\/logo\/image\/\",\"url\":\"https:\/\/xstyle.md\/wp-content\/uploads\/2020\/06\/logoicon.svg\",\"contentUrl\":\"https:\/\/xstyle.md\/wp-content\/uploads\/2020\/06\/logoicon.svg\",\"caption\":\"\u041c\u0430\u0433\u0430\u0437\u0438\u043d Xstyle\"},\"image\":{\"@id\":\"https:\/\/xstyle.md\/#\/schema\/logo\/image\/\"},\"sameAs\":[\"https:\/\/www.facebook.com\/xstylemd\",\"https:\/\/www.instagram.com\/xstyle_md\/\",\"https:\/\/t.me\/xstyle_outdoor\"],\"hasMerchantReturnPolicy\":{\"@type\":\"MerchantReturnPolicy\",\"merchantReturnLink\":\"https:\/\/xstyle.md\/ro\/conditions\/\"}}]}<\/script>\n<meta property=\"product:price:amount\" content=\"540.00\" \/>\n<meta property=\"product:price:currency\" content=\"MDL\" \/>\n<meta property=\"og:availability\" content=\"instock\" \/>\n<meta property=\"product:availability\" content=\"instock\" \/>\n<meta property=\"product:retailer_item_id\" content=\"8595033365315\" \/>\n<meta property=\"product:condition\" content=\"new\" \/>\n<!-- \/ Yoast SEO plugin. -->","yoast_head_json":{"title":"\u041e\u0442\u0442\u044f\u0436\u043a\u0430 Singing Rock Liana V 60\/70 cm - \u041c\u0430\u0433\u0430\u0437\u0438\u043d Xstyle","robots":{"index":"index","follow":"follow","max-snippet":"max-snippet:-1","max-image-preview":"max-image-preview:large","max-video-preview":"max-video-preview:-1"},"canonical":"https:\/\/xstyle.md\/ro\/produs\/ottyazhka-singing-rock-liana-v-60-70-cm\/","og_locale":"ro_RO","og_type":"article","og_title":"\u041e\u0442\u0442\u044f\u0436\u043a\u0430 Singing Rock Liana V 60\/70 cm - \u041c\u0430\u0433\u0430\u0437\u0438\u043d Xstyle","og_description":"\u0411\u0440\u0435\u043d\u0434 Singing Rock &#8212; \u044d\u0442\u043e \u0432\u0435\u0434\u0443\u0449\u0438\u0439 \u0447\u0435\u0448\u0441\u043a\u0438\u0439 \u043f\u0440\u043e\u0438\u0437\u0432\u043e\u0434\u0438\u0442\u0435\u043b\u044c \u043f\u0440\u043e\u0444\u0435\u0441\u0441\u0438\u043e\u043d\u0430\u043b\u044c\u043d\u043e\u0433\u043e \u0441\u043d\u0430\u0440\u044f\u0436\u0435\u043d\u0438\u044f \u0434\u043b\u044f \u0430\u043b\u044c\u043f\u0438\u043d\u0438\u0437\u043c\u0430, \u0441\u043a\u0430\u043b\u043e\u043b\u0430\u0437\u0430\u043d\u0438\u044f \u0438 \u0440\u0430\u0431\u043e\u0442 \u043d\u0430 \u0432\u044b\u0441\u043e\u0442\u0435. \u0411\u0440\u0435\u043d\u0434 \u0438\u0437\u0432\u0435\u0441\u0442\u0435\u043d \u0441\u0432\u043e\u0438\u043c\u0438 \u0438\u043d\u043d\u043e\u0432\u0430\u0446\u0438\u043e\u043d\u043d\u044b\u043c\u0438 \u0440\u0435\u0448\u0435\u043d\u0438\u044f\u043c\u0438 \u0432 \u043e\u0431\u043b\u0430\u0441\u0442\u0438 \u043f\u0440\u043e\u043c\u044b\u0448\u043b\u0435\u043d\u043d\u043e\u0439 \u0431\u0435\u0437\u043e\u043f\u0430\u0441\u043d\u043e\u0441\u0442\u0438, \u043f\u0440\u0435\u0434\u043b\u0430\u0433\u0430\u044f \u043d\u0430\u0434\u0435\u0436\u043d\u044b\u0435 \u0441\u0442\u0440\u0430\u0445\u043e\u0432\u043e\u0447\u043d\u044b\u0435 \u0441\u0438\u0441\u0442\u0435\u043c\u044b, \u043a\u0430\u0441\u043a\u0438 \u0438 \u0430\u043d\u043a\u0435\u0440\u043d\u044b\u0435 \u0443\u0441\u0442\u0440\u043e\u0439\u0441\u0442\u0432\u0430, \u043a\u043e\u0442\u043e\u0440\u044b\u0435 \u043f\u0440\u043e\u0445\u043e\u0434\u044f\u0442 \u0441\u0442\u0440\u043e\u0436\u0430\u0439\u0448\u0435\u0435 \u0442\u0435\u0441\u0442\u0438\u0440\u043e\u0432\u0430\u043d\u0438\u0435 \u0432 \u0440\u0435\u0430\u043b\u044c\u043d\u044b\u0445 \u0443\u0441\u043b\u043e\u0432\u0438\u044f\u0445.","og_url":"https:\/\/xstyle.md\/ro\/produs\/ottyazhka-singing-rock-liana-v-60-70-cm\/","og_site_name":"\u041c\u0430\u0433\u0430\u0437\u0438\u043d Xstyle","article_publisher":"https:\/\/www.facebook.com\/xstylemd","article_modified_time":"2026-03-27T10:38:56+00:00","og_image":[{"width":1200,"height":1200,"url":"https:\/\/xstyle.md\/wp-content\/uploads\/2025\/08\/singing-rock-liana-v-6070-cm.webp","type":"image\/webp"}],"twitter_card":"summary_large_image","twitter_misc":{"Pre\u021b":"540&nbsp;MDL","Disponibilitate":"\u00cen stoc"},"schema":{"@context":"https:\/\/schema.org","@graph":[{"@type":"WebPage","@id":"https:\/\/xstyle.md\/product\/ottyazhka-singing-rock-liana-v-60-70-cm\/","url":"https:\/\/xstyle.md\/product\/ottyazhka-singing-rock-liana-v-60-70-cm\/","name":"\u041e\u0442\u0442\u044f\u0436\u043a\u0430 Singing Rock Liana V 60\/70 cm - \u041c\u0430\u0433\u0430\u0437\u0438\u043d Xstyle","isPartOf":{"@id":"https:\/\/xstyle.md\/#website"},"primaryImageOfPage":{"@id":"https:\/\/xstyle.md\/product\/ottyazhka-singing-rock-liana-v-60-70-cm\/#primaryimage"},"image":{"@id":"https:\/\/xstyle.md\/product\/ottyazhka-singing-rock-liana-v-60-70-cm\/#primaryimage"},"thumbnailUrl":"https:\/\/xstyle.md\/wp-content\/uploads\/2025\/08\/singing-rock-liana-v-6070-cm.webp","datePublished":"2025-08-21T10:19:37+00:00","dateModified":"2026-03-27T10:38:56+00:00","breadcrumb":{"@id":"https:\/\/xstyle.md\/product\/ottyazhka-singing-rock-liana-v-60-70-cm\/#breadcrumb"},"inLanguage":"ro-RO","potentialAction":[{"@type":"ReadAction","target":["https:\/\/xstyle.md\/product\/ottyazhka-singing-rock-liana-v-60-70-cm\/"]}]},{"@type":"ImageObject","inLanguage":"ro-RO","@id":"https:\/\/xstyle.md\/product\/ottyazhka-singing-rock-liana-v-60-70-cm\/#primaryimage","url":"https:\/\/xstyle.md\/wp-content\/uploads\/2025\/08\/singing-rock-liana-v-6070-cm.webp","contentUrl":"https:\/\/xstyle.md\/wp-content\/uploads\/2025\/08\/singing-rock-liana-v-6070-cm.webp","width":1200,"height":1200,"caption":"\u041e\u0442\u0442\u044f\u0436\u043a\u0430 Singing Rock Liana V 60\/70 \u0441\u043c \u0434\u043b\u044f \u0430\u043b\u044c\u043f\u0438\u043d\u0438\u0437\u043c\u0430 \u0441\u043a\u0430\u043b\u043e\u043b\u0430\u0437\u0430\u043d\u0438\u044f \u0430\u043a\u0442\u0438\u0432\u043d\u044b\u0445 \u043f\u0443\u0442\u0435\u0448\u0435\u0441\u0442\u0432\u0438\u0439 \u0438 \u043f\u043e\u0445\u043e\u0434\u043e\u0432 \u043e\u0431\u0443\u0432\u044c \u0438 \u043e\u0434\u0435\u0436\u0434\u0430 \u0434\u043b\u044f \u0430\u043a\u0442\u0438\u0432\u043d\u043e\u0433\u043e \u043e\u0442\u0434\u044b\u0445\u0430 \u043f\u0440\u0438\u043e\u0431\u0440\u0435\u0442\u0430\u0435\u0442\u0441\u044f \u0432 \u043e\u043d\u043b\u0430\u0439\u043d \u043c\u0430\u0433\u0430\u0437\u0438\u043d\u0435"},{"@type":"BreadcrumbList","@id":"https:\/\/xstyle.md\/product\/ottyazhka-singing-rock-liana-v-60-70-cm\/#breadcrumb","itemListElement":[{"@type":"ListItem","position":1,"name":"\u0413\u043b\u0430\u0432\u043d\u0430\u044f \u0441\u0442\u0440\u0430\u043d\u0438\u0446\u0430","item":"https:\/\/xstyle.md\/"},{"@type":"ListItem","position":2,"name":"\u041c\u0430\u0433\u0430\u0437\u0438\u043d","item":"https:\/\/xstyle.md\/shop\/"},{"@type":"ListItem","position":3,"name":"\u041e\u0442\u0442\u044f\u0436\u043a\u0430 Singing Rock Liana V 60\/70 cm"}]},{"@type":"WebSite","@id":"https:\/\/xstyle.md\/#website","url":"https:\/\/xstyle.md\/","name":"Magazinul X-Style","description":"Echipamente pentru turism \u0219i sporturi extreme \u00een Moldova. Pre\u021buri, fotografii, caracteristici \u00een Moldova.","publisher":{"@id":"https:\/\/xstyle.md\/#organization"},"alternateName":"X-Style","potentialAction":[{"@type":"SearchAction","target":{"@type":"EntryPoint","urlTemplate":"https:\/\/xstyle.md\/?s={search_term_string}"},"query-input":{"@type":"PropertyValueSpecification","valueRequired":true,"valueName":"search_term_string"}}],"inLanguage":"ro-RO"},{"@type":"Organization","@id":"https:\/\/xstyle.md\/#organization","name":"Magazinul X-Style","alternateName":"x-style","url":"https:\/\/xstyle.md\/","logo":{"@type":"ImageObject","inLanguage":"ro-RO","@id":"https:\/\/xstyle.md\/#\/schema\/logo\/image\/","url":"https:\/\/xstyle.md\/wp-content\/uploads\/2020\/06\/logoicon.svg","contentUrl":"https:\/\/xstyle.md\/wp-content\/uploads\/2020\/06\/logoicon.svg","caption":"\u041c\u0430\u0433\u0430\u0437\u0438\u043d Xstyle"},"image":{"@id":"https:\/\/xstyle.md\/#\/schema\/logo\/image\/"},"sameAs":["https:\/\/www.facebook.com\/xstylemd","https:\/\/www.instagram.com\/xstyle_md\/","https:\/\/t.me\/xstyle_outdoor"],"hasMerchantReturnPolicy":{"@type":"MerchantReturnPolicy","merchantReturnLink":"https:\/\/xstyle.md\/ro\/conditions\/"}}]},"product_price_amount":"540.00","product_price_currency":"MDL","og_availability":"instock","product_availability":"instock","product_retailer_item_id":"8595033365315","product_condition":"new"},"post_mailing_queue_ids":[],"_links":{"self":[{"href":"https:\/\/xstyle.md\/ro\/wp-json\/wp\/v2\/product\/96293","targetHints":{"allow":["GET"]}}],"collection":[{"href":"https:\/\/xstyle.md\/ro\/wp-json\/wp\/v2\/product"}],"about":[{"href":"https:\/\/xstyle.md\/ro\/wp-json\/wp\/v2\/types\/product"}],"replies":[{"embeddable":true,"href":"https:\/\/xstyle.md\/ro\/wp-json\/wp\/v2\/comments?post=96293"}],"wp:featuredmedia":[{"embeddable":true,"href":"https:\/\/xstyle.md\/ro\/wp-json\/wp\/v2\/media\/104303"}],"wp:attachment":[{"href":"https:\/\/xstyle.md\/ro\/wp-json\/wp\/v2\/media?parent=96293"}],"wp:term":[{"taxonomy":"product_brand","embeddable":true,"href":"https:\/\/xstyle.md\/ro\/wp-json\/wp\/v2\/product_brand?post=96293"},{"taxonomy":"product_cat","embeddable":true,"href":"https:\/\/xstyle.md\/ro\/wp-json\/wp\/v2\/product_cat?post=96293"},{"taxonomy":"product_tag","embeddable":true,"href":"https:\/\/xstyle.md\/ro\/wp-json\/wp\/v2\/product_tag?post=96293"}],"curies":[{"name":"wp","href":"https:\/\/api.w.org\/{rel}","templated":true}]}}