{"id":96286,"date":"2025-08-21T13:19:36","date_gmt":"2025-08-21T10:19:36","guid":{"rendered":"https:\/\/xstyle.md\/?post_type=product&#038;p=96286"},"modified":"2026-04-07T11:20:58","modified_gmt":"2026-04-07T08:20:58","slug":"zont-euroschirm-birdiepal-outdoor-black","status":"publish","type":"product","link":"https:\/\/xstyle.md\/ro\/produs\/zont-euroschirm-birdiepal-outdoor-black\/","title":{"rendered":"Umbrel\u0103 EuroSchirm birdiepal Outdoor black"},"content":{"rendered":"<\/p>\n<p><strong>EuroSchirm birdiepal Outdoor black<\/strong> &#8212; o umbrel\u0103 nepliabil\u0103 extrem de robust\u0103, conceput\u0103 special pentru drume\u021bii, expedi\u021bii \u0219i utilizare \u00een condi\u021bii de teren dificile. Modelul Birdiepal Outdoor este considerat practic indestructibil: cadrul s\u0103u poate rezista la sarcini enorme de v\u00e2nt, iar materialele sunt rezistente la coroziune \u0219i deterior\u0103ri mecanice.<\/p>\n<h3>Particularit\u0103\u021bi<\/h3>\n<ul>\n<li>Durabilitate incredibil\u0103 \u2014 tija \u0219i spi\u021bele sunt fabricate din fibr\u0103 de sticl\u0103 flexibil\u0103 \u0219i rezistent\u0103, permi\u021b\u00e2nd umbrelei s\u0103 se \u00eendoaie, dar s\u0103 nu se rup\u0103 nici chiar \u00een condi\u021bii de furtun\u0103<\/li>\n<li>Con\u021binut minim de metal \u2014 absen\u021ba aproape total\u0103 a pieselor metalice face umbrela rezistent\u0103 la coroziune \u0219i sigur\u0103 \u00een timpul furtunilor cu desc\u0103rc\u0103ri electrice<\/li>\n<li>Priz\u0103 confortabil\u0103 \u2014 m\u00e2nerul din material EVA rezistent la uzur\u0103 asigur\u0103 o prindere sigur\u0103 chiar \u0219i cu m\u00e2inile ude sau cu m\u0103nu\u0219i<\/li>\n<li>Utilitate \u2014 include o hus\u0103 din nailon cu bretea reglabil\u0103, permi\u021b\u00e2nd purtarea umbrelei pe spate pentru a l\u0103sa m\u00e2inile libere<\/li>\n<\/ul>\n<h3>Caracteristici<\/h3>\n<ul>\n<li>Material cupol\u0103 \u2014 100% poliester cu strat de Teflon<\/li>\n<li>Material cadru \u2014 fibr\u0103 de sticl\u0103 (Fiberglass)<\/li>\n<li>Diametru cupol\u0103 \u2014 104 cm<\/li>\n<li>Lungime (\u00een\u0103l\u021bime) \u2014 67 cm<\/li>\n<li>Greutate \u2014 372 g<\/li>\n<\/ul>\n<h3>Tehnologii<\/h3>\n<ul>\n<li><strong>High-density fiberglass frame<\/strong> \u2014 cadru din fibr\u0103 de sticl\u0103 de \u00eenalt\u0103 densitate cu armare suplimentar\u0103 pentru rigiditate maxim\u0103.<\/li>\n<li><strong>Teflon<\/strong>\u00ae<strong> coating<\/strong> \u2014 strat special aplicat pe cupol\u0103 care respinge apa \u0219i murd\u0103ria, permi\u021b\u00e2nd umbrelei s\u0103 se usuce aproape instantaneu.<\/li>\n<\/ul>\n<p><\/p>\n<h3>Marca<\/h3>\n<p>Relags \u2014 \u0438\u0437\u0432\u0435\u0441\u0442\u043d\u044b\u0439 \u043d\u0435\u043c\u0435\u0446\u043a\u0438\u0439 \u0431\u0440\u0435\u043d\u0434 \u0438 \u0434\u0438\u0441\u0442\u0440\u0438\u0431\u044c\u044e\u0442\u043e\u0440, \u043a\u043e\u0442\u043e\u0440\u044b\u0439 \u0441\u043f\u0435\u0446\u0438\u0430\u043b\u0438\u0437\u0438\u0440\u0443\u0435\u0442\u0441\u044f \u043d\u0430 \u0430\u043a\u0441\u0435\u0441\u0441\u0443\u0430\u0440\u0430\u0445 \u0434\u043b\u044f \u043a\u0435\u043c\u043f\u0438\u043d\u0433\u0430, \u0442\u0443\u0440\u0438\u0437\u043c\u0430 \u0438 \u0430\u043a\u0442\u0438\u0432\u043d\u043e\u0433\u043e \u043e\u0442\u0434\u044b\u0445\u0430. \u0412 \u0438\u0445 \u043e\u0433\u0440\u043e\u043c\u043d\u043e\u043c \u043a\u0430\u0442\u0430\u043b\u043e\u0433\u0435 \u043c\u043e\u0436\u043d\u043e \u043d\u0430\u0439\u0442\u0438 \u0432\u0441\u0451: \u043e\u0442 \u043a\u0430\u0440\u0430\u0431\u0438\u043d\u043e\u0432 \u0438 \u043f\u043e\u0441\u0443\u0434\u044b \u0434\u043e \u0432\u044b\u0441\u043e\u043a\u043e\u0442\u0435\u0445\u043d\u043e\u043b\u043e\u0433\u0438\u0447\u043d\u044b\u0445 \u0438\u043d\u0441\u0442\u0440\u0443\u043c\u0435\u043d\u0442\u043e\u0432 \u0438 \u0441\u0440\u0435\u0434\u0441\u0442\u0432 \u0433\u0438\u0433\u0438\u0435\u043d\u044b \u0432 \u043f\u043e\u0445\u043e\u0434\u043d\u044b\u0445 \u0443\u0441\u043b\u043e\u0432\u0438\u044f\u0445.<\/p>\n<p>\u0424\u0438\u043b\u043e\u0441\u043e\u0444\u0438\u044f \u2014 \u043f\u0440\u0435\u0434\u043e\u0441\u0442\u0430\u0432\u043b\u0435\u043d\u0438\u0435 \u043e\u0433\u0440\u043e\u043c\u043d\u043e\u0433\u043e \u0432\u044b\u0431\u043e\u0440\u0430 \u043f\u0440\u0430\u043a\u0442\u0438\u0447\u043d\u044b\u0445 \u043c\u0435\u043b\u043e\u0447\u0435\u0439, \u043a\u043e\u0442\u043e\u0440\u044b\u0435 \u0434\u0435\u043b\u0430\u044e\u0442 \u0436\u0438\u0437\u043d\u044c \u043f\u0443\u0442\u0435\u0448\u0435\u0441\u0442\u0432\u0435\u043d\u043d\u0438\u043a\u0430 \u043f\u0440\u043e\u0449\u0435, \u0431\u0435\u0437\u043e\u043f\u0430\u0441\u043d\u0435\u0435 \u0438 \u043a\u043e\u043c\u0444\u043e\u0440\u0442\u043d\u0435\u0435, \u043e\u0431\u044a\u0435\u0434\u0438\u043d\u044f\u044f \u043f\u043e\u0434 \u0441\u0432\u043e\u0438\u043c \u0438\u043c\u0435\u043d\u0435\u043c \u043c\u043d\u043e\u0436\u0435\u0441\u0442\u0432\u043e \u043f\u0440\u043e\u0432\u0435\u0440\u0435\u043d\u043d\u044b\u0445 \u0440\u0435\u0448\u0435\u043d\u0438\u0439 \u0434\u043b\u044f \u0430\u0443\u0442\u0434\u043e\u0440\u0430.<\/p>","protected":false},"excerpt":{"rendered":"<p>\u0411\u0440\u0435\u043d\u0434 Relags \u2014 \u0438\u0437\u0432\u0435\u0441\u0442\u043d\u044b\u0439 \u043d\u0435\u043c\u0435\u0446\u043a\u0438\u0439 \u0431\u0440\u0435\u043d\u0434 \u0438 \u0434\u0438\u0441\u0442\u0440\u0438\u0431\u044c\u044e\u0442\u043e\u0440, \u043a\u043e\u0442\u043e\u0440\u044b\u0439 \u0441\u043f\u0435\u0446\u0438\u0430\u043b\u0438\u0437\u0438\u0440\u0443\u0435\u0442\u0441\u044f \u043d\u0430 \u0430\u043a\u0441\u0435\u0441\u0441\u0443\u0430\u0440\u0430\u0445 \u0434\u043b\u044f \u043a\u0435\u043c\u043f\u0438\u043d\u0433\u0430, \u0442\u0443\u0440\u0438\u0437\u043c\u0430 \u0438 \u0430\u043a\u0442\u0438\u0432\u043d\u043e\u0433\u043e \u043e\u0442\u0434\u044b\u0445\u0430. \u0412 \u0438\u0445 \u043e\u0433\u0440\u043e\u043c\u043d\u043e\u043c \u043a\u0430\u0442\u0430\u043b\u043e\u0433\u0435 \u043c\u043e\u0436\u043d\u043e \u043d\u0430\u0439\u0442\u0438 \u0432\u0441\u0451: \u043e\u0442 \u043a\u0430\u0440\u0430\u0431\u0438\u043d\u043e\u0432 \u0438 \u043f\u043e\u0441\u0443\u0434\u044b \u0434\u043e \u0432\u044b\u0441\u043e\u043a\u043e\u0442\u0435\u0445\u043d\u043e\u043b\u043e\u0433\u0438\u0447\u043d\u044b\u0445 \u0438\u043d\u0441\u0442\u0440\u0443\u043c\u0435\u043d\u0442\u043e\u0432 \u0438 \u0441\u0440\u0435\u0434\u0441\u0442\u0432 \u0433\u0438\u0433\u0438\u0435\u043d\u044b \u0432 \u043f\u043e\u0445\u043e\u0434\u043d\u044b\u0445 \u0443\u0441\u043b\u043e\u0432\u0438\u044f\u0445. \u0424\u0438\u043b\u043e\u0441\u043e\u0444\u0438\u044f \u2014 \u043f\u0440\u0435\u0434\u043e\u0441\u0442\u0430\u0432\u043b\u0435\u043d\u0438\u0435 \u043e\u0433\u0440\u043e\u043c\u043d\u043e\u0433\u043e \u0432\u044b\u0431\u043e\u0440\u0430 \u043f\u0440\u0430\u043a\u0442\u0438\u0447\u043d\u044b\u0445 \u043c\u0435\u043b\u043e\u0447\u0435\u0439, \u043a\u043e\u0442\u043e\u0440\u044b\u0435 \u0434\u0435\u043b\u0430\u044e\u0442 \u0436\u0438\u0437\u043d\u044c \u043f\u0443\u0442\u0435\u0448\u0435\u0441\u0442\u0432\u0435\u043d\u043d\u0438\u043a\u0430 \u043f\u0440\u043e\u0449\u0435, \u0431\u0435\u0437\u043e\u043f\u0430\u0441\u043d\u0435\u0435 \u0438 \u043a\u043e\u043c\u0444\u043e\u0440\u0442\u043d\u0435\u0435, \u043e\u0431\u044a\u0435\u0434\u0438\u043d\u044f\u044f \u043f\u043e\u0434 [&hellip;]<\/p>\n","protected":false},"featured_media":104923,"comment_status":"open","ping_status":"closed","template":"","meta":{"_acf_changed":false,"inline_featured_image":false},"product_brand":[1380],"product_cat":[884],"product_tag":[],"class_list":{"0":"post-96286","1":"product","2":"type-product","3":"status-publish","4":"has-post-thumbnail","6":"product_brand-relags","7":"product_cat-tourist-equipment","9":"first","10":"instock","11":"shipping-taxable","12":"purchasable","13":"product-type-simple"},"acf":[],"yoast_head":"<!-- This site is optimized with the Yoast SEO plugin v27.2 - https:\/\/yoast.com\/product\/yoast-seo-wordpress\/ -->\n<title>\u0417\u043e\u043d\u0442 EuroSchirm birdiepal Outdoor black - \u041c\u0430\u0433\u0430\u0437\u0438\u043d Xstyle<\/title>\n<meta name=\"robots\" content=\"index, follow, max-snippet:-1, max-image-preview:large, max-video-preview:-1\" \/>\n<link rel=\"canonical\" href=\"https:\/\/xstyle.md\/ro\/produs\/zont-euroschirm-birdiepal-outdoor-black\/\" \/>\n<meta property=\"og:locale\" content=\"ro_RO\" \/>\n<meta property=\"og:type\" content=\"article\" \/>\n<meta property=\"og:title\" content=\"\u0417\u043e\u043d\u0442 EuroSchirm birdiepal Outdoor black - \u041c\u0430\u0433\u0430\u0437\u0438\u043d Xstyle\" \/>\n<meta property=\"og:description\" content=\"\u0411\u0440\u0435\u043d\u0434 Relags \u2014 \u0438\u0437\u0432\u0435\u0441\u0442\u043d\u044b\u0439 \u043d\u0435\u043c\u0435\u0446\u043a\u0438\u0439 \u0431\u0440\u0435\u043d\u0434 \u0438 \u0434\u0438\u0441\u0442\u0440\u0438\u0431\u044c\u044e\u0442\u043e\u0440, \u043a\u043e\u0442\u043e\u0440\u044b\u0439 \u0441\u043f\u0435\u0446\u0438\u0430\u043b\u0438\u0437\u0438\u0440\u0443\u0435\u0442\u0441\u044f \u043d\u0430 \u0430\u043a\u0441\u0435\u0441\u0441\u0443\u0430\u0440\u0430\u0445 \u0434\u043b\u044f \u043a\u0435\u043c\u043f\u0438\u043d\u0433\u0430, \u0442\u0443\u0440\u0438\u0437\u043c\u0430 \u0438 \u0430\u043a\u0442\u0438\u0432\u043d\u043e\u0433\u043e \u043e\u0442\u0434\u044b\u0445\u0430. \u0412 \u0438\u0445 \u043e\u0433\u0440\u043e\u043c\u043d\u043e\u043c \u043a\u0430\u0442\u0430\u043b\u043e\u0433\u0435 \u043c\u043e\u0436\u043d\u043e \u043d\u0430\u0439\u0442\u0438 \u0432\u0441\u0451: \u043e\u0442 \u043a\u0430\u0440\u0430\u0431\u0438\u043d\u043e\u0432 \u0438 \u043f\u043e\u0441\u0443\u0434\u044b \u0434\u043e \u0432\u044b\u0441\u043e\u043a\u043e\u0442\u0435\u0445\u043d\u043e\u043b\u043e\u0433\u0438\u0447\u043d\u044b\u0445 \u0438\u043d\u0441\u0442\u0440\u0443\u043c\u0435\u043d\u0442\u043e\u0432 \u0438 \u0441\u0440\u0435\u0434\u0441\u0442\u0432 \u0433\u0438\u0433\u0438\u0435\u043d\u044b \u0432 \u043f\u043e\u0445\u043e\u0434\u043d\u044b\u0445 \u0443\u0441\u043b\u043e\u0432\u0438\u044f\u0445. \u0424\u0438\u043b\u043e\u0441\u043e\u0444\u0438\u044f \u2014 \u043f\u0440\u0435\u0434\u043e\u0441\u0442\u0430\u0432\u043b\u0435\u043d\u0438\u0435 \u043e\u0433\u0440\u043e\u043c\u043d\u043e\u0433\u043e \u0432\u044b\u0431\u043e\u0440\u0430 \u043f\u0440\u0430\u043a\u0442\u0438\u0447\u043d\u044b\u0445 \u043c\u0435\u043b\u043e\u0447\u0435\u0439, \u043a\u043e\u0442\u043e\u0440\u044b\u0435 \u0434\u0435\u043b\u0430\u044e\u0442 \u0436\u0438\u0437\u043d\u044c \u043f\u0443\u0442\u0435\u0448\u0435\u0441\u0442\u0432\u0435\u043d\u043d\u0438\u043a\u0430 \u043f\u0440\u043e\u0449\u0435, \u0431\u0435\u0437\u043e\u043f\u0430\u0441\u043d\u0435\u0435 \u0438 \u043a\u043e\u043c\u0444\u043e\u0440\u0442\u043d\u0435\u0435, \u043e\u0431\u044a\u0435\u0434\u0438\u043d\u044f\u044f \u043f\u043e\u0434 [&hellip;]\" \/>\n<meta property=\"og:url\" content=\"https:\/\/xstyle.md\/ro\/produs\/zont-euroschirm-birdiepal-outdoor-black\/\" \/>\n<meta property=\"og:site_name\" content=\"\u041c\u0430\u0433\u0430\u0437\u0438\u043d Xstyle\" \/>\n<meta property=\"article:publisher\" content=\"https:\/\/www.facebook.com\/xstylemd\" \/>\n<meta property=\"article:modified_time\" content=\"2026-04-07T08:20:58+00:00\" \/>\n<meta property=\"og:image\" content=\"https:\/\/xstyle.md\/wp-content\/uploads\/2025\/08\/euroschirm-birdiepal-outdoor-black-1.webp\" \/>\n\t<meta property=\"og:image:width\" content=\"1200\" \/>\n\t<meta property=\"og:image:height\" content=\"1200\" \/>\n\t<meta property=\"og:image:type\" content=\"image\/webp\" \/>\n<meta name=\"twitter:card\" content=\"summary_large_image\" \/>\n<meta name=\"twitter:label1\" content=\"Pre\u021b\" \/>\n\t<meta name=\"twitter:data1\" content=\"990&nbsp;MDL\" \/>\n\t<meta name=\"twitter:label2\" content=\"Disponibilitate\" \/>\n\t<meta name=\"twitter:data2\" content=\"\u00cen stoc\" \/>\n<script type=\"application\/ld+json\" class=\"yoast-schema-graph\">{\"@context\":\"https:\/\/schema.org\",\"@graph\":[{\"@type\":\"WebPage\",\"@id\":\"https:\/\/xstyle.md\/product\/zont-euroschirm-birdiepal-outdoor-black\/\",\"url\":\"https:\/\/xstyle.md\/product\/zont-euroschirm-birdiepal-outdoor-black\/\",\"name\":\"\u0417\u043e\u043d\u0442 EuroSchirm birdiepal Outdoor black - \u041c\u0430\u0433\u0430\u0437\u0438\u043d Xstyle\",\"isPartOf\":{\"@id\":\"https:\/\/xstyle.md\/#website\"},\"primaryImageOfPage\":{\"@id\":\"https:\/\/xstyle.md\/product\/zont-euroschirm-birdiepal-outdoor-black\/#primaryimage\"},\"image\":{\"@id\":\"https:\/\/xstyle.md\/product\/zont-euroschirm-birdiepal-outdoor-black\/#primaryimage\"},\"thumbnailUrl\":\"https:\/\/xstyle.md\/wp-content\/uploads\/2025\/08\/euroschirm-birdiepal-outdoor-black-1.webp\",\"datePublished\":\"2025-08-21T10:19:36+00:00\",\"dateModified\":\"2026-04-07T08:20:58+00:00\",\"breadcrumb\":{\"@id\":\"https:\/\/xstyle.md\/product\/zont-euroschirm-birdiepal-outdoor-black\/#breadcrumb\"},\"inLanguage\":\"ro-RO\",\"potentialAction\":[{\"@type\":\"ReadAction\",\"target\":[\"https:\/\/xstyle.md\/product\/zont-euroschirm-birdiepal-outdoor-black\/\"]}]},{\"@type\":\"ImageObject\",\"inLanguage\":\"ro-RO\",\"@id\":\"https:\/\/xstyle.md\/product\/zont-euroschirm-birdiepal-outdoor-black\/#primaryimage\",\"url\":\"https:\/\/xstyle.md\/wp-content\/uploads\/2025\/08\/euroschirm-birdiepal-outdoor-black-1.webp\",\"contentUrl\":\"https:\/\/xstyle.md\/wp-content\/uploads\/2025\/08\/euroschirm-birdiepal-outdoor-black-1.webp\",\"width\":1200,\"height\":1200},{\"@type\":\"BreadcrumbList\",\"@id\":\"https:\/\/xstyle.md\/product\/zont-euroschirm-birdiepal-outdoor-black\/#breadcrumb\",\"itemListElement\":[{\"@type\":\"ListItem\",\"position\":1,\"name\":\"\u0413\u043b\u0430\u0432\u043d\u0430\u044f \u0441\u0442\u0440\u0430\u043d\u0438\u0446\u0430\",\"item\":\"https:\/\/xstyle.md\/\"},{\"@type\":\"ListItem\",\"position\":2,\"name\":\"\u041c\u0430\u0433\u0430\u0437\u0438\u043d\",\"item\":\"https:\/\/xstyle.md\/shop\/\"},{\"@type\":\"ListItem\",\"position\":3,\"name\":\"\u0417\u043e\u043d\u0442 EuroSchirm birdiepal Outdoor black\"}]},{\"@type\":\"WebSite\",\"@id\":\"https:\/\/xstyle.md\/#website\",\"url\":\"https:\/\/xstyle.md\/\",\"name\":\"\u041c\u0430\u0433\u0430\u0437\u0438\u043d Xstyle\",\"description\":\"C\u043d\u0430\u0440\u044f\u0436\u0435\u043d\u0438\u0435 \u0434\u043b\u044f \u0442\u0443\u0440\u0438\u0437\u043c\u0430 \u0438 \u044d\u043a\u0441\u0442\u0440\u0435\u043c\u0430\u043b\u044c\u043d\u044b\u0445 \u0432\u0438\u0434\u043e\u0432 \u0441\u043f\u043e\u0440\u0442\u0430 \u0432 \u041c\u043e\u043b\u0434\u043e\u0432\u0435.. \u0426\u0435\u043d\u044b, \u0444\u043e\u0442\u043e, \u0445\u0430\u0440\u0430\u043a\u0442\u0435\u0440\u0438\u0441\u0442\u0438\u043a\u0438 \u0432 \u041c\u043e\u043b\u0434\u043e\u0432\u0435.\",\"publisher\":{\"@id\":\"https:\/\/xstyle.md\/#organization\"},\"alternateName\":\"X-Style\",\"potentialAction\":[{\"@type\":\"SearchAction\",\"target\":{\"@type\":\"EntryPoint\",\"urlTemplate\":\"https:\/\/xstyle.md\/?s={search_term_string}\"},\"query-input\":{\"@type\":\"PropertyValueSpecification\",\"valueRequired\":true,\"valueName\":\"search_term_string\"}}],\"inLanguage\":\"ro-RO\"},{\"@type\":\"Organization\",\"@id\":\"https:\/\/xstyle.md\/#organization\",\"name\":\"\u041c\u0430\u0433\u0430\u0437\u0438\u043d Xstyle\",\"alternateName\":\"x-style\",\"url\":\"https:\/\/xstyle.md\/\",\"logo\":{\"@type\":\"ImageObject\",\"inLanguage\":\"ro-RO\",\"@id\":\"https:\/\/xstyle.md\/#\/schema\/logo\/image\/\",\"url\":\"https:\/\/xstyle.md\/wp-content\/uploads\/2020\/06\/logoicon.svg\",\"contentUrl\":\"https:\/\/xstyle.md\/wp-content\/uploads\/2020\/06\/logoicon.svg\",\"caption\":\"\u041c\u0430\u0433\u0430\u0437\u0438\u043d Xstyle\"},\"image\":{\"@id\":\"https:\/\/xstyle.md\/#\/schema\/logo\/image\/\"},\"sameAs\":[\"https:\/\/www.facebook.com\/xstylemd\",\"https:\/\/www.instagram.com\/xstyle_md\/\",\"https:\/\/t.me\/xstyle_outdoor\"],\"hasMerchantReturnPolicy\":{\"@type\":\"MerchantReturnPolicy\",\"merchantReturnLink\":\"https:\/\/xstyle.md\/ro\/conditions\/\"}}]}<\/script>\n<meta property=\"product:price:amount\" content=\"990.00\" \/>\n<meta property=\"product:price:currency\" content=\"MDL\" \/>\n<meta property=\"og:availability\" content=\"instock\" \/>\n<meta property=\"product:availability\" content=\"instock\" \/>\n<meta property=\"product:retailer_item_id\" content=\"4022973003907\" \/>\n<meta property=\"product:condition\" content=\"new\" \/>\n<!-- \/ Yoast SEO plugin. -->","yoast_head_json":{"title":"\u0417\u043e\u043d\u0442 EuroSchirm birdiepal Outdoor black - \u041c\u0430\u0433\u0430\u0437\u0438\u043d Xstyle","robots":{"index":"index","follow":"follow","max-snippet":"max-snippet:-1","max-image-preview":"max-image-preview:large","max-video-preview":"max-video-preview:-1"},"canonical":"https:\/\/xstyle.md\/ro\/produs\/zont-euroschirm-birdiepal-outdoor-black\/","og_locale":"ro_RO","og_type":"article","og_title":"\u0417\u043e\u043d\u0442 EuroSchirm birdiepal Outdoor black - \u041c\u0430\u0433\u0430\u0437\u0438\u043d Xstyle","og_description":"\u0411\u0440\u0435\u043d\u0434 Relags \u2014 \u0438\u0437\u0432\u0435\u0441\u0442\u043d\u044b\u0439 \u043d\u0435\u043c\u0435\u0446\u043a\u0438\u0439 \u0431\u0440\u0435\u043d\u0434 \u0438 \u0434\u0438\u0441\u0442\u0440\u0438\u0431\u044c\u044e\u0442\u043e\u0440, \u043a\u043e\u0442\u043e\u0440\u044b\u0439 \u0441\u043f\u0435\u0446\u0438\u0430\u043b\u0438\u0437\u0438\u0440\u0443\u0435\u0442\u0441\u044f \u043d\u0430 \u0430\u043a\u0441\u0435\u0441\u0441\u0443\u0430\u0440\u0430\u0445 \u0434\u043b\u044f \u043a\u0435\u043c\u043f\u0438\u043d\u0433\u0430, \u0442\u0443\u0440\u0438\u0437\u043c\u0430 \u0438 \u0430\u043a\u0442\u0438\u0432\u043d\u043e\u0433\u043e \u043e\u0442\u0434\u044b\u0445\u0430. \u0412 \u0438\u0445 \u043e\u0433\u0440\u043e\u043c\u043d\u043e\u043c \u043a\u0430\u0442\u0430\u043b\u043e\u0433\u0435 \u043c\u043e\u0436\u043d\u043e \u043d\u0430\u0439\u0442\u0438 \u0432\u0441\u0451: \u043e\u0442 \u043a\u0430\u0440\u0430\u0431\u0438\u043d\u043e\u0432 \u0438 \u043f\u043e\u0441\u0443\u0434\u044b \u0434\u043e \u0432\u044b\u0441\u043e\u043a\u043e\u0442\u0435\u0445\u043d\u043e\u043b\u043e\u0433\u0438\u0447\u043d\u044b\u0445 \u0438\u043d\u0441\u0442\u0440\u0443\u043c\u0435\u043d\u0442\u043e\u0432 \u0438 \u0441\u0440\u0435\u0434\u0441\u0442\u0432 \u0433\u0438\u0433\u0438\u0435\u043d\u044b \u0432 \u043f\u043e\u0445\u043e\u0434\u043d\u044b\u0445 \u0443\u0441\u043b\u043e\u0432\u0438\u044f\u0445. \u0424\u0438\u043b\u043e\u0441\u043e\u0444\u0438\u044f \u2014 \u043f\u0440\u0435\u0434\u043e\u0441\u0442\u0430\u0432\u043b\u0435\u043d\u0438\u0435 \u043e\u0433\u0440\u043e\u043c\u043d\u043e\u0433\u043e \u0432\u044b\u0431\u043e\u0440\u0430 \u043f\u0440\u0430\u043a\u0442\u0438\u0447\u043d\u044b\u0445 \u043c\u0435\u043b\u043e\u0447\u0435\u0439, \u043a\u043e\u0442\u043e\u0440\u044b\u0435 \u0434\u0435\u043b\u0430\u044e\u0442 \u0436\u0438\u0437\u043d\u044c \u043f\u0443\u0442\u0435\u0448\u0435\u0441\u0442\u0432\u0435\u043d\u043d\u0438\u043a\u0430 \u043f\u0440\u043e\u0449\u0435, \u0431\u0435\u0437\u043e\u043f\u0430\u0441\u043d\u0435\u0435 \u0438 \u043a\u043e\u043c\u0444\u043e\u0440\u0442\u043d\u0435\u0435, \u043e\u0431\u044a\u0435\u0434\u0438\u043d\u044f\u044f \u043f\u043e\u0434 [&hellip;]","og_url":"https:\/\/xstyle.md\/ro\/produs\/zont-euroschirm-birdiepal-outdoor-black\/","og_site_name":"\u041c\u0430\u0433\u0430\u0437\u0438\u043d Xstyle","article_publisher":"https:\/\/www.facebook.com\/xstylemd","article_modified_time":"2026-04-07T08:20:58+00:00","og_image":[{"width":1200,"height":1200,"url":"https:\/\/xstyle.md\/wp-content\/uploads\/2025\/08\/euroschirm-birdiepal-outdoor-black-1.webp","type":"image\/webp"}],"twitter_card":"summary_large_image","twitter_misc":{"Pre\u021b":"990&nbsp;MDL","Disponibilitate":"\u00cen stoc"},"schema":{"@context":"https:\/\/schema.org","@graph":[{"@type":"WebPage","@id":"https:\/\/xstyle.md\/product\/zont-euroschirm-birdiepal-outdoor-black\/","url":"https:\/\/xstyle.md\/product\/zont-euroschirm-birdiepal-outdoor-black\/","name":"\u0417\u043e\u043d\u0442 EuroSchirm birdiepal Outdoor black - \u041c\u0430\u0433\u0430\u0437\u0438\u043d Xstyle","isPartOf":{"@id":"https:\/\/xstyle.md\/#website"},"primaryImageOfPage":{"@id":"https:\/\/xstyle.md\/product\/zont-euroschirm-birdiepal-outdoor-black\/#primaryimage"},"image":{"@id":"https:\/\/xstyle.md\/product\/zont-euroschirm-birdiepal-outdoor-black\/#primaryimage"},"thumbnailUrl":"https:\/\/xstyle.md\/wp-content\/uploads\/2025\/08\/euroschirm-birdiepal-outdoor-black-1.webp","datePublished":"2025-08-21T10:19:36+00:00","dateModified":"2026-04-07T08:20:58+00:00","breadcrumb":{"@id":"https:\/\/xstyle.md\/product\/zont-euroschirm-birdiepal-outdoor-black\/#breadcrumb"},"inLanguage":"ro-RO","potentialAction":[{"@type":"ReadAction","target":["https:\/\/xstyle.md\/product\/zont-euroschirm-birdiepal-outdoor-black\/"]}]},{"@type":"ImageObject","inLanguage":"ro-RO","@id":"https:\/\/xstyle.md\/product\/zont-euroschirm-birdiepal-outdoor-black\/#primaryimage","url":"https:\/\/xstyle.md\/wp-content\/uploads\/2025\/08\/euroschirm-birdiepal-outdoor-black-1.webp","contentUrl":"https:\/\/xstyle.md\/wp-content\/uploads\/2025\/08\/euroschirm-birdiepal-outdoor-black-1.webp","width":1200,"height":1200},{"@type":"BreadcrumbList","@id":"https:\/\/xstyle.md\/product\/zont-euroschirm-birdiepal-outdoor-black\/#breadcrumb","itemListElement":[{"@type":"ListItem","position":1,"name":"\u0413\u043b\u0430\u0432\u043d\u0430\u044f \u0441\u0442\u0440\u0430\u043d\u0438\u0446\u0430","item":"https:\/\/xstyle.md\/"},{"@type":"ListItem","position":2,"name":"\u041c\u0430\u0433\u0430\u0437\u0438\u043d","item":"https:\/\/xstyle.md\/shop\/"},{"@type":"ListItem","position":3,"name":"\u0417\u043e\u043d\u0442 EuroSchirm birdiepal Outdoor black"}]},{"@type":"WebSite","@id":"https:\/\/xstyle.md\/#website","url":"https:\/\/xstyle.md\/","name":"Magazinul X-Style","description":"Echipamente pentru turism \u0219i sporturi extreme \u00een Moldova. Pre\u021buri, fotografii, caracteristici \u00een Moldova.","publisher":{"@id":"https:\/\/xstyle.md\/#organization"},"alternateName":"X-Style","potentialAction":[{"@type":"SearchAction","target":{"@type":"EntryPoint","urlTemplate":"https:\/\/xstyle.md\/?s={search_term_string}"},"query-input":{"@type":"PropertyValueSpecification","valueRequired":true,"valueName":"search_term_string"}}],"inLanguage":"ro-RO"},{"@type":"Organization","@id":"https:\/\/xstyle.md\/#organization","name":"Magazinul X-Style","alternateName":"x-style","url":"https:\/\/xstyle.md\/","logo":{"@type":"ImageObject","inLanguage":"ro-RO","@id":"https:\/\/xstyle.md\/#\/schema\/logo\/image\/","url":"https:\/\/xstyle.md\/wp-content\/uploads\/2020\/06\/logoicon.svg","contentUrl":"https:\/\/xstyle.md\/wp-content\/uploads\/2020\/06\/logoicon.svg","caption":"\u041c\u0430\u0433\u0430\u0437\u0438\u043d Xstyle"},"image":{"@id":"https:\/\/xstyle.md\/#\/schema\/logo\/image\/"},"sameAs":["https:\/\/www.facebook.com\/xstylemd","https:\/\/www.instagram.com\/xstyle_md\/","https:\/\/t.me\/xstyle_outdoor"],"hasMerchantReturnPolicy":{"@type":"MerchantReturnPolicy","merchantReturnLink":"https:\/\/xstyle.md\/ro\/conditions\/"}}]},"product_price_amount":"990.00","product_price_currency":"MDL","og_availability":"instock","product_availability":"instock","product_retailer_item_id":"4022973003907","product_condition":"new"},"post_mailing_queue_ids":[],"_links":{"self":[{"href":"https:\/\/xstyle.md\/ro\/wp-json\/wp\/v2\/product\/96286","targetHints":{"allow":["GET"]}}],"collection":[{"href":"https:\/\/xstyle.md\/ro\/wp-json\/wp\/v2\/product"}],"about":[{"href":"https:\/\/xstyle.md\/ro\/wp-json\/wp\/v2\/types\/product"}],"replies":[{"embeddable":true,"href":"https:\/\/xstyle.md\/ro\/wp-json\/wp\/v2\/comments?post=96286"}],"wp:featuredmedia":[{"embeddable":true,"href":"https:\/\/xstyle.md\/ro\/wp-json\/wp\/v2\/media\/104923"}],"wp:attachment":[{"href":"https:\/\/xstyle.md\/ro\/wp-json\/wp\/v2\/media?parent=96286"}],"wp:term":[{"taxonomy":"product_brand","embeddable":true,"href":"https:\/\/xstyle.md\/ro\/wp-json\/wp\/v2\/product_brand?post=96286"},{"taxonomy":"product_cat","embeddable":true,"href":"https:\/\/xstyle.md\/ro\/wp-json\/wp\/v2\/product_cat?post=96286"},{"taxonomy":"product_tag","embeddable":true,"href":"https:\/\/xstyle.md\/ro\/wp-json\/wp\/v2\/product_tag?post=96286"}],"curies":[{"name":"wp","href":"https:\/\/api.w.org\/{rel}","templated":true}]}}