{"id":96238,"date":"2025-08-21T13:19:21","date_gmt":"2025-08-21T10:19:21","guid":{"rendered":"https:\/\/xstyle.md\/?post_type=product&#038;p=96238"},"modified":"2026-04-06T14:48:13","modified_gmt":"2026-04-06T11:48:13","slug":"remontnaya-lenta-mcnett-tenacious-tape-coyote-nylon","status":"publish","type":"product","link":"https:\/\/xstyle.md\/ro\/produs\/remontnaya-lenta-mcnett-tenacious-tape-coyote-nylon\/","title":{"rendered":"Set reparatie McNett Tenacious Tape Coyote Nylon"},"content":{"rendered":"<\/p>\n<p><strong>McNett Tenacious Tape Coyote Nylon<\/strong> &#8212; este o band\u0103 de repara\u021bii ultra-rezistent\u0103 pe baz\u0103 de \u021bes\u0103tur\u0103, conceput\u0103 special pentru remedierea rapid\u0103 \u0219i discret\u0103 a deterior\u0103rilor pe echipamentele din nailon \u0219i alte materiale sintetice. Datorit\u0103 stratului de adeziv agresiv, aceasta ofer\u0103 o repara\u021bie permanent\u0103 care rezist\u0103 la sp\u0103lare \u0219i la condi\u021bii meteorologice aspre.<\/p>\n<h3>Particularit\u0103\u021bi<\/h3>\n<ul>\n<li>Aderen\u021b\u0103 ultra-puternic\u0103 \u2014 adezivul se fixeaz\u0103 instantaneu pe suprafa\u021b\u0103, cre\u00e2nd o leg\u0103tur\u0103 durabil\u0103 care devine mai puternic\u0103 \u00een timp<\/li>\n<li>Baz\u0103 din \u021bes\u0103tur\u0103 \u2014 banda este fabricat\u0103 din nailon veritabil, ceea ce \u00eei permite s\u0103 se \u00eendoaie odat\u0103 cu materialul produsului, p\u0103str\u00e2ndu-i aspectul natural \u0219i func\u021bionalitatea<\/li>\n<li>Repara\u021bie permanent\u0103 \u2014 banda este rezistent\u0103 la umiditate, varia\u021bii de temperatur\u0103 \u0219i raze UV; produsul reparat poate fi sp\u0103lat la ma\u0219in\u0103<\/li>\n<li>Versatilitate \u2014 ideal\u0103 pentru echipament tactic, rucsacuri, jachete, saci de dormit \u0219i corturi<\/li>\n<li>U\u0219urin\u021b\u0103 \u00een utilizare \u2014 nu necesit\u0103 c\u0103ldur\u0103 sau unelte speciale: pur \u0219i simplu t\u0103ia\u021bi, \u00eendep\u0103rta\u021bi folia de protec\u021bie \u0219i lipi\u021bi<\/li>\n<\/ul>\n<h3>Caracteristici<\/h3>\n<ul>\n<li>Material &#8212; Nailon 70D<\/li>\n<li>Dimensiune &#8212; rol\u0103 de 7.6 cm x 50 cm (3&#8243; x 20&#8243;)<\/li>\n<li>Culoare &#8212; coyote \u2014 se potrive\u0219te perfect pentru echipamentul tactic<\/li>\n<li>Destina\u021bie &#8212; repararea t\u0103ieturilor, rupturilor \u0219i arsurilor pe nailon, vinil, cauciuc \u0219i plastic<\/li>\n<\/ul>\n<p><\/p>\n<h3>Marca<\/h3>\n<p>McNett - este un brand american legendar, specializat \u00een produse pentru \u00eengrijirea, repararea \u0219i restaurarea echipamentului de turism, tactic \u0219i de scufund\u0103ri. Produsele companiei, precum faimosul adeziv Aquasure sau benzile Tenacious Tape, sunt considerate standardul de aur \u00een r\u00e2ndul entuzia\u0219tilor de outdoor datorit\u0103 fiabilit\u0103\u021bii lor \u00een cele mai extreme condi\u021bii. Misiunea principal\u0103 a brandului este de a prelungi via\u021ba echipamentului preferat, asigur\u00e2nd o utilizare durabil\u0103 \u0219i sigur\u0103 a acestuia.<\/p>","protected":false},"excerpt":{"rendered":"<p>\u0411\u0440\u0435\u043d\u0434 McNett \u2014 \u043b\u0435\u0433\u0435\u043d\u0434\u0430\u0440\u043d\u044b\u0439 \u0430\u043c\u0435\u0440\u0438\u043a\u0430\u043d\u0441\u043a\u0438\u0439 \u0431\u0440\u0435\u043d\u0434, \u0441\u043f\u0435\u0446\u0438\u0430\u043b\u0438\u0437\u0438\u0440\u0443\u044e\u0449\u0438\u0439\u0441\u044f \u043d\u0430 \u0441\u0440\u0435\u0434\u0441\u0442\u0432\u0430\u0445 \u043f\u043e \u0443\u0445\u043e\u0434\u0443, \u0440\u0435\u043c\u043e\u043d\u0442\u0443 \u0438 \u0432\u043e\u0441\u0441\u0442\u0430\u043d\u043e\u0432\u043b\u0435\u043d\u0438\u044e \u0442\u0443\u0440\u0438\u0441\u0442\u0438\u0447\u0435\u0441\u043a\u043e\u0433\u043e, \u0442\u0430\u043a\u0442\u0438\u0447\u0435\u0441\u043a\u043e\u0433\u043e \u0438 \u0434\u0430\u0439\u0432\u0435\u0440\u0441\u043a\u043e\u0433\u043e \u0441\u043d\u0430\u0440\u044f\u0436\u0435\u043d\u0438\u044f. \u041f\u0440\u043e\u0434\u0443\u043a\u0446\u0438\u044f \u043a\u043e\u043c\u043f\u0430\u043d\u0438\u0438, \u0442\u0430\u043a\u0430\u044f \u043a\u0430\u043a \u0437\u043d\u0430\u043c\u0435\u043d\u0438\u0442\u044b\u0439 \u043a\u043b\u0435\u0439 Aquasure \u0438\u043b\u0438 \u043b\u0435\u043d\u0442\u044b Tenacious Tape, \u043f\u0440\u0438\u0437\u043d\u0430\u043d\u0430 \u0437\u043e\u043b\u043e\u0442\u044b\u043c \u0441\u0442\u0430\u043d\u0434\u0430\u0440\u0442\u043e\u043c \u0441\u0440\u0435\u0434\u0438 \u043b\u044e\u0431\u0438\u0442\u0435\u043b\u0435\u0439 \u0430\u043a\u0442\u0438\u0432\u043d\u043e\u0433\u043e \u043e\u0442\u0434\u044b\u0445\u0430 \u0431\u043b\u0430\u0433\u043e\u0434\u0430\u0440\u044f \u0441\u0432\u043e\u0435\u0439 \u043d\u0430\u0434\u0435\u0436\u043d\u043e\u0441\u0442\u0438 \u0432 \u0441\u0430\u043c\u044b\u0445 \u044d\u043a\u0441\u0442\u0440\u0435\u043c\u0430\u043b\u044c\u043d\u044b\u0445 \u0443\u0441\u043b\u043e\u0432\u0438\u044f\u0445. \u041e\u0441\u043d\u043e\u0432\u043d\u0430\u044f \u043c\u0438\u0441\u0441\u0438\u044f \u0431\u0440\u0435\u043d\u0434\u0430 \u2014 \u043f\u0440\u043e\u0434\u043b\u0438\u0442\u044c \u0436\u0438\u0437\u043d\u044c \u0432\u0430\u0448\u0438\u043c \u043b\u044e\u0431\u0438\u043c\u044b\u043c \u0432\u0435\u0449\u0430\u043c, \u0434\u0435\u043b\u0430\u044f \u0438\u0445 [&hellip;]<\/p>\n","protected":false},"featured_media":104841,"comment_status":"open","ping_status":"closed","template":"","meta":{"_acf_changed":false,"inline_featured_image":false},"product_brand":[1346],"product_cat":[206],"product_tag":[],"class_list":{"0":"post-96238","1":"product","2":"type-product","3":"status-publish","4":"has-post-thumbnail","6":"product_brand-mcnett","7":"product_cat-repairkits","9":"first","10":"instock","11":"shipping-taxable","12":"purchasable","13":"product-type-simple"},"acf":[],"yoast_head":"<!-- This site is optimized with the Yoast SEO plugin v27.2 - https:\/\/yoast.com\/product\/yoast-seo-wordpress\/ -->\n<title>\u0420\u0435\u043c\u043e\u043d\u0442\u043d\u0430\u044f \u043b\u0435\u043d\u0442\u0430 McNett Tenacious Tape Coyote Nylon - \u041c\u0430\u0433\u0430\u0437\u0438\u043d Xstyle<\/title>\n<meta name=\"robots\" content=\"index, follow, max-snippet:-1, max-image-preview:large, max-video-preview:-1\" \/>\n<link rel=\"canonical\" href=\"https:\/\/xstyle.md\/ro\/produs\/remontnaya-lenta-mcnett-tenacious-tape-coyote-nylon\/\" \/>\n<meta property=\"og:locale\" content=\"ro_RO\" \/>\n<meta property=\"og:type\" content=\"article\" \/>\n<meta property=\"og:title\" content=\"\u0420\u0435\u043c\u043e\u043d\u0442\u043d\u0430\u044f \u043b\u0435\u043d\u0442\u0430 McNett Tenacious Tape Coyote Nylon - \u041c\u0430\u0433\u0430\u0437\u0438\u043d Xstyle\" \/>\n<meta property=\"og:description\" content=\"\u0411\u0440\u0435\u043d\u0434 McNett \u2014 \u043b\u0435\u0433\u0435\u043d\u0434\u0430\u0440\u043d\u044b\u0439 \u0430\u043c\u0435\u0440\u0438\u043a\u0430\u043d\u0441\u043a\u0438\u0439 \u0431\u0440\u0435\u043d\u0434, \u0441\u043f\u0435\u0446\u0438\u0430\u043b\u0438\u0437\u0438\u0440\u0443\u044e\u0449\u0438\u0439\u0441\u044f \u043d\u0430 \u0441\u0440\u0435\u0434\u0441\u0442\u0432\u0430\u0445 \u043f\u043e \u0443\u0445\u043e\u0434\u0443, \u0440\u0435\u043c\u043e\u043d\u0442\u0443 \u0438 \u0432\u043e\u0441\u0441\u0442\u0430\u043d\u043e\u0432\u043b\u0435\u043d\u0438\u044e \u0442\u0443\u0440\u0438\u0441\u0442\u0438\u0447\u0435\u0441\u043a\u043e\u0433\u043e, \u0442\u0430\u043a\u0442\u0438\u0447\u0435\u0441\u043a\u043e\u0433\u043e \u0438 \u0434\u0430\u0439\u0432\u0435\u0440\u0441\u043a\u043e\u0433\u043e \u0441\u043d\u0430\u0440\u044f\u0436\u0435\u043d\u0438\u044f. \u041f\u0440\u043e\u0434\u0443\u043a\u0446\u0438\u044f \u043a\u043e\u043c\u043f\u0430\u043d\u0438\u0438, \u0442\u0430\u043a\u0430\u044f \u043a\u0430\u043a \u0437\u043d\u0430\u043c\u0435\u043d\u0438\u0442\u044b\u0439 \u043a\u043b\u0435\u0439 Aquasure \u0438\u043b\u0438 \u043b\u0435\u043d\u0442\u044b Tenacious Tape, \u043f\u0440\u0438\u0437\u043d\u0430\u043d\u0430 \u0437\u043e\u043b\u043e\u0442\u044b\u043c \u0441\u0442\u0430\u043d\u0434\u0430\u0440\u0442\u043e\u043c \u0441\u0440\u0435\u0434\u0438 \u043b\u044e\u0431\u0438\u0442\u0435\u043b\u0435\u0439 \u0430\u043a\u0442\u0438\u0432\u043d\u043e\u0433\u043e \u043e\u0442\u0434\u044b\u0445\u0430 \u0431\u043b\u0430\u0433\u043e\u0434\u0430\u0440\u044f \u0441\u0432\u043e\u0435\u0439 \u043d\u0430\u0434\u0435\u0436\u043d\u043e\u0441\u0442\u0438 \u0432 \u0441\u0430\u043c\u044b\u0445 \u044d\u043a\u0441\u0442\u0440\u0435\u043c\u0430\u043b\u044c\u043d\u044b\u0445 \u0443\u0441\u043b\u043e\u0432\u0438\u044f\u0445. \u041e\u0441\u043d\u043e\u0432\u043d\u0430\u044f \u043c\u0438\u0441\u0441\u0438\u044f \u0431\u0440\u0435\u043d\u0434\u0430 \u2014 \u043f\u0440\u043e\u0434\u043b\u0438\u0442\u044c \u0436\u0438\u0437\u043d\u044c \u0432\u0430\u0448\u0438\u043c \u043b\u044e\u0431\u0438\u043c\u044b\u043c \u0432\u0435\u0449\u0430\u043c, \u0434\u0435\u043b\u0430\u044f \u0438\u0445 [&hellip;]\" \/>\n<meta property=\"og:url\" content=\"https:\/\/xstyle.md\/ro\/produs\/remontnaya-lenta-mcnett-tenacious-tape-coyote-nylon\/\" \/>\n<meta property=\"og:site_name\" content=\"\u041c\u0430\u0433\u0430\u0437\u0438\u043d Xstyle\" \/>\n<meta property=\"article:publisher\" content=\"https:\/\/www.facebook.com\/xstylemd\" \/>\n<meta property=\"article:modified_time\" content=\"2026-04-06T11:48:13+00:00\" \/>\n<meta property=\"og:image\" content=\"https:\/\/xstyle.md\/wp-content\/uploads\/2025\/08\/mcnett-tenacious-tape-coyote-nylon.webp\" \/>\n\t<meta property=\"og:image:width\" content=\"1200\" \/>\n\t<meta property=\"og:image:height\" content=\"1200\" \/>\n\t<meta property=\"og:image:type\" content=\"image\/webp\" \/>\n<meta name=\"twitter:card\" content=\"summary_large_image\" \/>\n<meta name=\"twitter:label1\" content=\"Pre\u021b\" \/>\n\t<meta name=\"twitter:data1\" content=\"200&nbsp;MDL\" \/>\n\t<meta name=\"twitter:label2\" content=\"Disponibilitate\" \/>\n\t<meta name=\"twitter:data2\" content=\"\u00cen stoc\" \/>\n<script type=\"application\/ld+json\" class=\"yoast-schema-graph\">{\"@context\":\"https:\/\/schema.org\",\"@graph\":[{\"@type\":\"WebPage\",\"@id\":\"https:\/\/xstyle.md\/product\/remontnaya-lenta-mcnett-tenacious-tape-coyote-nylon\/\",\"url\":\"https:\/\/xstyle.md\/product\/remontnaya-lenta-mcnett-tenacious-tape-coyote-nylon\/\",\"name\":\"\u0420\u0435\u043c\u043e\u043d\u0442\u043d\u0430\u044f \u043b\u0435\u043d\u0442\u0430 McNett Tenacious Tape Coyote Nylon - \u041c\u0430\u0433\u0430\u0437\u0438\u043d Xstyle\",\"isPartOf\":{\"@id\":\"https:\/\/xstyle.md\/#website\"},\"primaryImageOfPage\":{\"@id\":\"https:\/\/xstyle.md\/product\/remontnaya-lenta-mcnett-tenacious-tape-coyote-nylon\/#primaryimage\"},\"image\":{\"@id\":\"https:\/\/xstyle.md\/product\/remontnaya-lenta-mcnett-tenacious-tape-coyote-nylon\/#primaryimage\"},\"thumbnailUrl\":\"https:\/\/xstyle.md\/wp-content\/uploads\/2025\/08\/mcnett-tenacious-tape-coyote-nylon.webp\",\"datePublished\":\"2025-08-21T10:19:21+00:00\",\"dateModified\":\"2026-04-06T11:48:13+00:00\",\"breadcrumb\":{\"@id\":\"https:\/\/xstyle.md\/product\/remontnaya-lenta-mcnett-tenacious-tape-coyote-nylon\/#breadcrumb\"},\"inLanguage\":\"ro-RO\",\"potentialAction\":[{\"@type\":\"ReadAction\",\"target\":[\"https:\/\/xstyle.md\/product\/remontnaya-lenta-mcnett-tenacious-tape-coyote-nylon\/\"]}]},{\"@type\":\"ImageObject\",\"inLanguage\":\"ro-RO\",\"@id\":\"https:\/\/xstyle.md\/product\/remontnaya-lenta-mcnett-tenacious-tape-coyote-nylon\/#primaryimage\",\"url\":\"https:\/\/xstyle.md\/wp-content\/uploads\/2025\/08\/mcnett-tenacious-tape-coyote-nylon.webp\",\"contentUrl\":\"https:\/\/xstyle.md\/wp-content\/uploads\/2025\/08\/mcnett-tenacious-tape-coyote-nylon.webp\",\"width\":1200,\"height\":1200},{\"@type\":\"BreadcrumbList\",\"@id\":\"https:\/\/xstyle.md\/product\/remontnaya-lenta-mcnett-tenacious-tape-coyote-nylon\/#breadcrumb\",\"itemListElement\":[{\"@type\":\"ListItem\",\"position\":1,\"name\":\"\u0413\u043b\u0430\u0432\u043d\u0430\u044f \u0441\u0442\u0440\u0430\u043d\u0438\u0446\u0430\",\"item\":\"https:\/\/xstyle.md\/\"},{\"@type\":\"ListItem\",\"position\":2,\"name\":\"\u041c\u0430\u0433\u0430\u0437\u0438\u043d\",\"item\":\"https:\/\/xstyle.md\/shop\/\"},{\"@type\":\"ListItem\",\"position\":3,\"name\":\"\u0420\u0435\u043c\u043e\u043d\u0442\u043d\u0430\u044f \u043b\u0435\u043d\u0442\u0430 McNett Tenacious Tape Coyote Nylon\"}]},{\"@type\":\"WebSite\",\"@id\":\"https:\/\/xstyle.md\/#website\",\"url\":\"https:\/\/xstyle.md\/\",\"name\":\"\u041c\u0430\u0433\u0430\u0437\u0438\u043d Xstyle\",\"description\":\"C\u043d\u0430\u0440\u044f\u0436\u0435\u043d\u0438\u0435 \u0434\u043b\u044f \u0442\u0443\u0440\u0438\u0437\u043c\u0430 \u0438 \u044d\u043a\u0441\u0442\u0440\u0435\u043c\u0430\u043b\u044c\u043d\u044b\u0445 \u0432\u0438\u0434\u043e\u0432 \u0441\u043f\u043e\u0440\u0442\u0430 \u0432 \u041c\u043e\u043b\u0434\u043e\u0432\u0435.. \u0426\u0435\u043d\u044b, \u0444\u043e\u0442\u043e, \u0445\u0430\u0440\u0430\u043a\u0442\u0435\u0440\u0438\u0441\u0442\u0438\u043a\u0438 \u0432 \u041c\u043e\u043b\u0434\u043e\u0432\u0435.\",\"publisher\":{\"@id\":\"https:\/\/xstyle.md\/#organization\"},\"alternateName\":\"X-Style\",\"potentialAction\":[{\"@type\":\"SearchAction\",\"target\":{\"@type\":\"EntryPoint\",\"urlTemplate\":\"https:\/\/xstyle.md\/?s={search_term_string}\"},\"query-input\":{\"@type\":\"PropertyValueSpecification\",\"valueRequired\":true,\"valueName\":\"search_term_string\"}}],\"inLanguage\":\"ro-RO\"},{\"@type\":\"Organization\",\"@id\":\"https:\/\/xstyle.md\/#organization\",\"name\":\"\u041c\u0430\u0433\u0430\u0437\u0438\u043d Xstyle\",\"alternateName\":\"x-style\",\"url\":\"https:\/\/xstyle.md\/\",\"logo\":{\"@type\":\"ImageObject\",\"inLanguage\":\"ro-RO\",\"@id\":\"https:\/\/xstyle.md\/#\/schema\/logo\/image\/\",\"url\":\"https:\/\/xstyle.md\/wp-content\/uploads\/2020\/06\/logoicon.svg\",\"contentUrl\":\"https:\/\/xstyle.md\/wp-content\/uploads\/2020\/06\/logoicon.svg\",\"caption\":\"\u041c\u0430\u0433\u0430\u0437\u0438\u043d Xstyle\"},\"image\":{\"@id\":\"https:\/\/xstyle.md\/#\/schema\/logo\/image\/\"},\"sameAs\":[\"https:\/\/www.facebook.com\/xstylemd\",\"https:\/\/www.instagram.com\/xstyle_md\/\",\"https:\/\/t.me\/xstyle_outdoor\"],\"hasMerchantReturnPolicy\":{\"@type\":\"MerchantReturnPolicy\",\"merchantReturnLink\":\"https:\/\/xstyle.md\/ro\/conditions\/\"}}]}<\/script>\n<meta property=\"product:price:amount\" content=\"200.00\" \/>\n<meta property=\"product:price:currency\" content=\"MDL\" \/>\n<meta property=\"og:availability\" content=\"instock\" \/>\n<meta property=\"product:availability\" content=\"instock\" \/>\n<meta property=\"product:retailer_item_id\" content=\"21563106671\" \/>\n<meta property=\"product:condition\" content=\"new\" \/>\n<!-- \/ Yoast SEO plugin. -->","yoast_head_json":{"title":"\u0420\u0435\u043c\u043e\u043d\u0442\u043d\u0430\u044f \u043b\u0435\u043d\u0442\u0430 McNett Tenacious Tape Coyote Nylon - \u041c\u0430\u0433\u0430\u0437\u0438\u043d Xstyle","robots":{"index":"index","follow":"follow","max-snippet":"max-snippet:-1","max-image-preview":"max-image-preview:large","max-video-preview":"max-video-preview:-1"},"canonical":"https:\/\/xstyle.md\/ro\/produs\/remontnaya-lenta-mcnett-tenacious-tape-coyote-nylon\/","og_locale":"ro_RO","og_type":"article","og_title":"\u0420\u0435\u043c\u043e\u043d\u0442\u043d\u0430\u044f \u043b\u0435\u043d\u0442\u0430 McNett Tenacious Tape Coyote Nylon - \u041c\u0430\u0433\u0430\u0437\u0438\u043d Xstyle","og_description":"\u0411\u0440\u0435\u043d\u0434 McNett \u2014 \u043b\u0435\u0433\u0435\u043d\u0434\u0430\u0440\u043d\u044b\u0439 \u0430\u043c\u0435\u0440\u0438\u043a\u0430\u043d\u0441\u043a\u0438\u0439 \u0431\u0440\u0435\u043d\u0434, \u0441\u043f\u0435\u0446\u0438\u0430\u043b\u0438\u0437\u0438\u0440\u0443\u044e\u0449\u0438\u0439\u0441\u044f \u043d\u0430 \u0441\u0440\u0435\u0434\u0441\u0442\u0432\u0430\u0445 \u043f\u043e \u0443\u0445\u043e\u0434\u0443, \u0440\u0435\u043c\u043e\u043d\u0442\u0443 \u0438 \u0432\u043e\u0441\u0441\u0442\u0430\u043d\u043e\u0432\u043b\u0435\u043d\u0438\u044e \u0442\u0443\u0440\u0438\u0441\u0442\u0438\u0447\u0435\u0441\u043a\u043e\u0433\u043e, \u0442\u0430\u043a\u0442\u0438\u0447\u0435\u0441\u043a\u043e\u0433\u043e \u0438 \u0434\u0430\u0439\u0432\u0435\u0440\u0441\u043a\u043e\u0433\u043e \u0441\u043d\u0430\u0440\u044f\u0436\u0435\u043d\u0438\u044f. \u041f\u0440\u043e\u0434\u0443\u043a\u0446\u0438\u044f \u043a\u043e\u043c\u043f\u0430\u043d\u0438\u0438, \u0442\u0430\u043a\u0430\u044f \u043a\u0430\u043a \u0437\u043d\u0430\u043c\u0435\u043d\u0438\u0442\u044b\u0439 \u043a\u043b\u0435\u0439 Aquasure \u0438\u043b\u0438 \u043b\u0435\u043d\u0442\u044b Tenacious Tape, \u043f\u0440\u0438\u0437\u043d\u0430\u043d\u0430 \u0437\u043e\u043b\u043e\u0442\u044b\u043c \u0441\u0442\u0430\u043d\u0434\u0430\u0440\u0442\u043e\u043c \u0441\u0440\u0435\u0434\u0438 \u043b\u044e\u0431\u0438\u0442\u0435\u043b\u0435\u0439 \u0430\u043a\u0442\u0438\u0432\u043d\u043e\u0433\u043e \u043e\u0442\u0434\u044b\u0445\u0430 \u0431\u043b\u0430\u0433\u043e\u0434\u0430\u0440\u044f \u0441\u0432\u043e\u0435\u0439 \u043d\u0430\u0434\u0435\u0436\u043d\u043e\u0441\u0442\u0438 \u0432 \u0441\u0430\u043c\u044b\u0445 \u044d\u043a\u0441\u0442\u0440\u0435\u043c\u0430\u043b\u044c\u043d\u044b\u0445 \u0443\u0441\u043b\u043e\u0432\u0438\u044f\u0445. \u041e\u0441\u043d\u043e\u0432\u043d\u0430\u044f \u043c\u0438\u0441\u0441\u0438\u044f \u0431\u0440\u0435\u043d\u0434\u0430 \u2014 \u043f\u0440\u043e\u0434\u043b\u0438\u0442\u044c \u0436\u0438\u0437\u043d\u044c \u0432\u0430\u0448\u0438\u043c \u043b\u044e\u0431\u0438\u043c\u044b\u043c \u0432\u0435\u0449\u0430\u043c, \u0434\u0435\u043b\u0430\u044f \u0438\u0445 [&hellip;]","og_url":"https:\/\/xstyle.md\/ro\/produs\/remontnaya-lenta-mcnett-tenacious-tape-coyote-nylon\/","og_site_name":"\u041c\u0430\u0433\u0430\u0437\u0438\u043d Xstyle","article_publisher":"https:\/\/www.facebook.com\/xstylemd","article_modified_time":"2026-04-06T11:48:13+00:00","og_image":[{"width":1200,"height":1200,"url":"https:\/\/xstyle.md\/wp-content\/uploads\/2025\/08\/mcnett-tenacious-tape-coyote-nylon.webp","type":"image\/webp"}],"twitter_card":"summary_large_image","twitter_misc":{"Pre\u021b":"200&nbsp;MDL","Disponibilitate":"\u00cen stoc"},"schema":{"@context":"https:\/\/schema.org","@graph":[{"@type":"WebPage","@id":"https:\/\/xstyle.md\/product\/remontnaya-lenta-mcnett-tenacious-tape-coyote-nylon\/","url":"https:\/\/xstyle.md\/product\/remontnaya-lenta-mcnett-tenacious-tape-coyote-nylon\/","name":"\u0420\u0435\u043c\u043e\u043d\u0442\u043d\u0430\u044f \u043b\u0435\u043d\u0442\u0430 McNett Tenacious Tape Coyote Nylon - \u041c\u0430\u0433\u0430\u0437\u0438\u043d Xstyle","isPartOf":{"@id":"https:\/\/xstyle.md\/#website"},"primaryImageOfPage":{"@id":"https:\/\/xstyle.md\/product\/remontnaya-lenta-mcnett-tenacious-tape-coyote-nylon\/#primaryimage"},"image":{"@id":"https:\/\/xstyle.md\/product\/remontnaya-lenta-mcnett-tenacious-tape-coyote-nylon\/#primaryimage"},"thumbnailUrl":"https:\/\/xstyle.md\/wp-content\/uploads\/2025\/08\/mcnett-tenacious-tape-coyote-nylon.webp","datePublished":"2025-08-21T10:19:21+00:00","dateModified":"2026-04-06T11:48:13+00:00","breadcrumb":{"@id":"https:\/\/xstyle.md\/product\/remontnaya-lenta-mcnett-tenacious-tape-coyote-nylon\/#breadcrumb"},"inLanguage":"ro-RO","potentialAction":[{"@type":"ReadAction","target":["https:\/\/xstyle.md\/product\/remontnaya-lenta-mcnett-tenacious-tape-coyote-nylon\/"]}]},{"@type":"ImageObject","inLanguage":"ro-RO","@id":"https:\/\/xstyle.md\/product\/remontnaya-lenta-mcnett-tenacious-tape-coyote-nylon\/#primaryimage","url":"https:\/\/xstyle.md\/wp-content\/uploads\/2025\/08\/mcnett-tenacious-tape-coyote-nylon.webp","contentUrl":"https:\/\/xstyle.md\/wp-content\/uploads\/2025\/08\/mcnett-tenacious-tape-coyote-nylon.webp","width":1200,"height":1200},{"@type":"BreadcrumbList","@id":"https:\/\/xstyle.md\/product\/remontnaya-lenta-mcnett-tenacious-tape-coyote-nylon\/#breadcrumb","itemListElement":[{"@type":"ListItem","position":1,"name":"\u0413\u043b\u0430\u0432\u043d\u0430\u044f \u0441\u0442\u0440\u0430\u043d\u0438\u0446\u0430","item":"https:\/\/xstyle.md\/"},{"@type":"ListItem","position":2,"name":"\u041c\u0430\u0433\u0430\u0437\u0438\u043d","item":"https:\/\/xstyle.md\/shop\/"},{"@type":"ListItem","position":3,"name":"\u0420\u0435\u043c\u043e\u043d\u0442\u043d\u0430\u044f \u043b\u0435\u043d\u0442\u0430 McNett Tenacious Tape Coyote Nylon"}]},{"@type":"WebSite","@id":"https:\/\/xstyle.md\/#website","url":"https:\/\/xstyle.md\/","name":"Magazinul X-Style","description":"Echipamente pentru turism \u0219i sporturi extreme \u00een Moldova. Pre\u021buri, fotografii, caracteristici \u00een Moldova.","publisher":{"@id":"https:\/\/xstyle.md\/#organization"},"alternateName":"X-Style","potentialAction":[{"@type":"SearchAction","target":{"@type":"EntryPoint","urlTemplate":"https:\/\/xstyle.md\/?s={search_term_string}"},"query-input":{"@type":"PropertyValueSpecification","valueRequired":true,"valueName":"search_term_string"}}],"inLanguage":"ro-RO"},{"@type":"Organization","@id":"https:\/\/xstyle.md\/#organization","name":"Magazinul X-Style","alternateName":"x-style","url":"https:\/\/xstyle.md\/","logo":{"@type":"ImageObject","inLanguage":"ro-RO","@id":"https:\/\/xstyle.md\/#\/schema\/logo\/image\/","url":"https:\/\/xstyle.md\/wp-content\/uploads\/2020\/06\/logoicon.svg","contentUrl":"https:\/\/xstyle.md\/wp-content\/uploads\/2020\/06\/logoicon.svg","caption":"\u041c\u0430\u0433\u0430\u0437\u0438\u043d Xstyle"},"image":{"@id":"https:\/\/xstyle.md\/#\/schema\/logo\/image\/"},"sameAs":["https:\/\/www.facebook.com\/xstylemd","https:\/\/www.instagram.com\/xstyle_md\/","https:\/\/t.me\/xstyle_outdoor"],"hasMerchantReturnPolicy":{"@type":"MerchantReturnPolicy","merchantReturnLink":"https:\/\/xstyle.md\/ro\/conditions\/"}}]},"product_price_amount":"200.00","product_price_currency":"MDL","og_availability":"instock","product_availability":"instock","product_retailer_item_id":"21563106671","product_condition":"new"},"post_mailing_queue_ids":[],"_links":{"self":[{"href":"https:\/\/xstyle.md\/ro\/wp-json\/wp\/v2\/product\/96238","targetHints":{"allow":["GET"]}}],"collection":[{"href":"https:\/\/xstyle.md\/ro\/wp-json\/wp\/v2\/product"}],"about":[{"href":"https:\/\/xstyle.md\/ro\/wp-json\/wp\/v2\/types\/product"}],"replies":[{"embeddable":true,"href":"https:\/\/xstyle.md\/ro\/wp-json\/wp\/v2\/comments?post=96238"}],"wp:featuredmedia":[{"embeddable":true,"href":"https:\/\/xstyle.md\/ro\/wp-json\/wp\/v2\/media\/104841"}],"wp:attachment":[{"href":"https:\/\/xstyle.md\/ro\/wp-json\/wp\/v2\/media?parent=96238"}],"wp:term":[{"taxonomy":"product_brand","embeddable":true,"href":"https:\/\/xstyle.md\/ro\/wp-json\/wp\/v2\/product_brand?post=96238"},{"taxonomy":"product_cat","embeddable":true,"href":"https:\/\/xstyle.md\/ro\/wp-json\/wp\/v2\/product_cat?post=96238"},{"taxonomy":"product_tag","embeddable":true,"href":"https:\/\/xstyle.md\/ro\/wp-json\/wp\/v2\/product_tag?post=96238"}],"curies":[{"name":"wp","href":"https:\/\/api.w.org\/{rel}","templated":true}]}}