{"id":96233,"date":"2025-08-21T13:19:18","date_gmt":"2025-08-21T10:19:18","guid":{"rendered":"https:\/\/xstyle.md\/?post_type=product&#038;p=96233"},"modified":"2026-04-07T15:27:40","modified_gmt":"2026-04-07T12:27:40","slug":"raskladnoj-stol-camp4-9105488-tisch-easy-wood","status":"publish","type":"product","link":"https:\/\/xstyle.md\/ro\/produs\/raskladnoj-stol-camp4-9105488-tisch-easy-wood\/","title":{"rendered":"Mas\u0103 pliabil\u0103 Camp4 9105488 Tisch Easy Wood"},"content":{"rendered":"<p><\/p>\n<p><strong>Mas\u0103 pliabil\u0103 Camp4 9105488 Tisch Easy Wood<\/strong> &#8212; de \u00eenalt\u0103 calitate impresioneaz\u0103 nu doar prin manevrarea u\u0219oar\u0103, ci \u0219i prin robuste\u021be \u0219i durabilitate. Masa este fabricat\u0103 din HDPE \u0219i o\u021bel \u0219i dispune de o func\u021bie practic\u0103 de pliere, care o face u\u0219or de transportat \u0219i de montat. Cu o dimensiune de 152 x 74,5 x 72 cm, ofer\u0103 suficient spa\u021biu pentru echipamentul de camping sau pentru mese pl\u0103cute \u00een aer liber.<\/p>\n<h3>Particularit\u0103\u021bi<\/h3>\n<ul>\n<li>Mas\u0103 de camping de \u00eenalt\u0103 calitate din HDPE<\/li>\n<li>Manevrare simpl\u0103<\/li>\n<li>Robust\u0103 \u0219i durabil\u0103<\/li>\n<li>Func\u021bie practic\u0103 de pliere pentru transport \u0219i montare u\u0219oar\u0103<\/li>\n<li>Suprafa\u021b\u0103 mare de 152 x 74,5 x 72 cm<\/li>\n<\/ul>\n<h3>Caracteristici<\/h3>\n<ul>\n<li>Material &#8212; HDPE \u0219i o\u021bel<\/li>\n<li>Dimensiuni &#8212; 152 x 74,5 x 72 cm<\/li>\n<li>Pliabil\u0103 &#8212; Da<\/li>\n<li>Greutate &#8212; 11 kg<\/li>\n<li>Culoare &#8212; Negru<\/li>\n<\/ul>\n<p><\/p>\n<h3>Marca<\/h3>\n<p>Camp4 - este un brand european renumit, specializat \u00een produc\u021bia de echipamente de \u00eenalt\u0103 calitate pentru camping, rulote \u0219i activit\u0103\u021bi \u00een aer liber. Portofoliul brandului cuprinde o gam\u0103 variat\u0103 de produse, de la mobilier ergonomic \u0219i vesel\u0103 p\u00e2n\u0103 la accesorii inovatoare pentru autorulote, combin\u00e2nd utilitatea german\u0103, designul modern \u0219i un raport excelent calitate-pre\u021b.<\/p>","protected":false},"excerpt":{"rendered":"<p>\u0411\u0440\u0435\u043d\u0434 Camp4 \u2014 \u044d\u0442\u043e \u0438\u0437\u0432\u0435\u0441\u0442\u043d\u044b\u0439 \u0435\u0432\u0440\u043e\u043f\u0435\u0439\u0441\u043a\u0438\u0439 \u0431\u0440\u0435\u043d\u0434, \u0441\u043f\u0435\u0446\u0438\u0430\u043b\u0438\u0437\u0438\u0440\u0443\u044e\u0449\u0438\u0439\u0441\u044f \u043d\u0430 \u043f\u0440\u043e\u0438\u0437\u0432\u043e\u0434\u0441\u0442\u0432\u0435 \u043a\u0430\u0447\u0435\u0441\u0442\u0432\u0435\u043d\u043d\u043e\u0433\u043e \u0441\u043d\u0430\u0440\u044f\u0436\u0435\u043d\u0438\u044f \u0434\u043b\u044f \u043a\u0435\u043c\u043f\u0438\u043d\u0433\u0430, \u043a\u0430\u0440\u0430\u0432\u0430\u043d\u0438\u043d\u0433\u0430 \u0438 \u0430\u043a\u0442\u0438\u0432\u043d\u043e\u0433\u043e \u043e\u0442\u0434\u044b\u0445\u0430. \u0410\u0441\u0441\u043e\u0440\u0442\u0438\u043c\u0435\u043d\u0442 \u0431\u0440\u0435\u043d\u0434\u0430 \u0432\u043a\u043b\u044e\u0447\u0430\u0435\u0442 \u0432 \u0441\u0435\u0431\u044f \u0432\u0441\u0451: \u043e\u0442 \u044d\u0440\u0433\u043e\u043d\u043e\u043c\u0438\u0447\u043d\u043e\u0439 \u043c\u0435\u0431\u0435\u043b\u0438 \u0438 \u043f\u043e\u0441\u0443\u0434\u044b \u0434\u043e \u0438\u043d\u043d\u043e\u0432\u0430\u0446\u0438\u043e\u043d\u043d\u044b\u0445 \u0430\u043a\u0441\u0435\u0441\u0441\u0443\u0430\u0440\u043e\u0432 \u0434\u043b\u044f \u0430\u0432\u0442\u043e\u0434\u043e\u043c\u043e\u0432, \u0441\u043e\u0447\u0435\u0442\u0430\u044f \u0432 \u0441\u0435\u0431\u0435 \u043d\u0435\u043c\u0435\u0446\u043a\u0443\u044e \u043f\u0440\u0430\u043a\u0442\u0438\u0447\u043d\u043e\u0441\u0442\u044c, \u0441\u043e\u0432\u0440\u0435\u043c\u0435\u043d\u043d\u044b\u0439 \u0434\u0438\u0437\u0430\u0439\u043d \u0438 \u0434\u043e\u0441\u0442\u0443\u043f\u043d\u0443\u044e \u0446\u0435\u043d\u0443.<\/p>","protected":false},"featured_media":101795,"comment_status":"open","ping_status":"closed","template":"","meta":{"_acf_changed":false,"inline_featured_image":false},"product_brand":[1413],"product_cat":[119],"product_tag":[],"class_list":{"0":"post-96233","1":"product","2":"type-product","3":"status-publish","4":"has-post-thumbnail","6":"product_brand-camp4","7":"product_cat-folding-tables","9":"first","10":"outofstock","11":"shipping-taxable","12":"product-type-simple"},"acf":[],"yoast_head":"<!-- This site is optimized with the Yoast SEO plugin v27.4 - https:\/\/yoast.com\/product\/yoast-seo-wordpress\/ -->\n<title>\u0420\u0430\u0441\u043a\u043b\u0430\u0434\u043d\u043e\u0439 \u0441\u0442\u043e\u043b Camp4 9105488 Tisch Easy Wood - \u041c\u0430\u0433\u0430\u0437\u0438\u043d Xstyle<\/title>\n<meta name=\"robots\" content=\"index, follow, max-snippet:-1, max-image-preview:large, max-video-preview:-1\" \/>\n<link rel=\"canonical\" href=\"https:\/\/xstyle.md\/ro\/produs\/raskladnoj-stol-camp4-9105488-tisch-easy-wood\/\" \/>\n<meta property=\"og:locale\" content=\"ro_RO\" \/>\n<meta property=\"og:type\" content=\"article\" \/>\n<meta property=\"og:title\" content=\"\u0420\u0430\u0441\u043a\u043b\u0430\u0434\u043d\u043e\u0439 \u0441\u0442\u043e\u043b Camp4 9105488 Tisch Easy Wood - \u041c\u0430\u0433\u0430\u0437\u0438\u043d Xstyle\" \/>\n<meta property=\"og:description\" content=\"\u0411\u0440\u0435\u043d\u0434 Camp4 \u2014 \u044d\u0442\u043e \u0438\u0437\u0432\u0435\u0441\u0442\u043d\u044b\u0439 \u0435\u0432\u0440\u043e\u043f\u0435\u0439\u0441\u043a\u0438\u0439 \u0431\u0440\u0435\u043d\u0434, \u0441\u043f\u0435\u0446\u0438\u0430\u043b\u0438\u0437\u0438\u0440\u0443\u044e\u0449\u0438\u0439\u0441\u044f \u043d\u0430 \u043f\u0440\u043e\u0438\u0437\u0432\u043e\u0434\u0441\u0442\u0432\u0435 \u043a\u0430\u0447\u0435\u0441\u0442\u0432\u0435\u043d\u043d\u043e\u0433\u043e \u0441\u043d\u0430\u0440\u044f\u0436\u0435\u043d\u0438\u044f \u0434\u043b\u044f \u043a\u0435\u043c\u043f\u0438\u043d\u0433\u0430, \u043a\u0430\u0440\u0430\u0432\u0430\u043d\u0438\u043d\u0433\u0430 \u0438 \u0430\u043a\u0442\u0438\u0432\u043d\u043e\u0433\u043e \u043e\u0442\u0434\u044b\u0445\u0430. \u0410\u0441\u0441\u043e\u0440\u0442\u0438\u043c\u0435\u043d\u0442 \u0431\u0440\u0435\u043d\u0434\u0430 \u0432\u043a\u043b\u044e\u0447\u0430\u0435\u0442 \u0432 \u0441\u0435\u0431\u044f \u0432\u0441\u0451: \u043e\u0442 \u044d\u0440\u0433\u043e\u043d\u043e\u043c\u0438\u0447\u043d\u043e\u0439 \u043c\u0435\u0431\u0435\u043b\u0438 \u0438 \u043f\u043e\u0441\u0443\u0434\u044b \u0434\u043e \u0438\u043d\u043d\u043e\u0432\u0430\u0446\u0438\u043e\u043d\u043d\u044b\u0445 \u0430\u043a\u0441\u0435\u0441\u0441\u0443\u0430\u0440\u043e\u0432 \u0434\u043b\u044f \u0430\u0432\u0442\u043e\u0434\u043e\u043c\u043e\u0432, \u0441\u043e\u0447\u0435\u0442\u0430\u044f \u0432 \u0441\u0435\u0431\u0435 \u043d\u0435\u043c\u0435\u0446\u043a\u0443\u044e \u043f\u0440\u0430\u043a\u0442\u0438\u0447\u043d\u043e\u0441\u0442\u044c, \u0441\u043e\u0432\u0440\u0435\u043c\u0435\u043d\u043d\u044b\u0439 \u0434\u0438\u0437\u0430\u0439\u043d \u0438 \u0434\u043e\u0441\u0442\u0443\u043f\u043d\u0443\u044e \u0446\u0435\u043d\u0443.\" \/>\n<meta property=\"og:url\" content=\"https:\/\/xstyle.md\/ro\/produs\/raskladnoj-stol-camp4-9105488-tisch-easy-wood\/\" \/>\n<meta property=\"og:site_name\" content=\"\u041c\u0430\u0433\u0430\u0437\u0438\u043d Xstyle\" \/>\n<meta property=\"article:publisher\" content=\"https:\/\/www.facebook.com\/xstylemd\" \/>\n<meta property=\"article:modified_time\" content=\"2026-04-07T12:27:40+00:00\" \/>\n<meta property=\"og:image\" content=\"https:\/\/xstyle.md\/wp-content\/uploads\/2025\/08\/camp4-9105488-tisch-easy-wood-4.webp\" \/>\n\t<meta property=\"og:image:width\" content=\"1200\" \/>\n\t<meta property=\"og:image:height\" content=\"1200\" \/>\n\t<meta property=\"og:image:type\" content=\"image\/webp\" \/>\n<meta name=\"twitter:card\" content=\"summary_large_image\" \/>\n<meta name=\"twitter:label1\" content=\"Pre\u021b\" \/>\n\t<meta name=\"twitter:data1\" content=\"1.890&nbsp;MDL\" \/>\n\t<meta name=\"twitter:label2\" content=\"Disponibilitate\" \/>\n\t<meta name=\"twitter:data2\" content=\"Stoc epuizat\" \/>\n<script type=\"application\/ld+json\" class=\"yoast-schema-graph\">{\"@context\":\"https:\\\/\\\/schema.org\",\"@graph\":[{\"@type\":\"WebPage\",\"@id\":\"https:\\\/\\\/xstyle.md\\\/product\\\/raskladnoj-stol-camp4-9105488-tisch-easy-wood\\\/\",\"url\":\"https:\\\/\\\/xstyle.md\\\/product\\\/raskladnoj-stol-camp4-9105488-tisch-easy-wood\\\/\",\"name\":\"\u0420\u0430\u0441\u043a\u043b\u0430\u0434\u043d\u043e\u0439 \u0441\u0442\u043e\u043b Camp4 9105488 Tisch Easy Wood - \u041c\u0430\u0433\u0430\u0437\u0438\u043d Xstyle\",\"isPartOf\":{\"@id\":\"https:\\\/\\\/xstyle.md\\\/#website\"},\"primaryImageOfPage\":{\"@id\":\"https:\\\/\\\/xstyle.md\\\/product\\\/raskladnoj-stol-camp4-9105488-tisch-easy-wood\\\/#primaryimage\"},\"image\":{\"@id\":\"https:\\\/\\\/xstyle.md\\\/product\\\/raskladnoj-stol-camp4-9105488-tisch-easy-wood\\\/#primaryimage\"},\"thumbnailUrl\":\"https:\\\/\\\/xstyle.md\\\/wp-content\\\/uploads\\\/2025\\\/08\\\/camp4-9105488-tisch-easy-wood-4.webp\",\"datePublished\":\"2025-08-21T10:19:18+00:00\",\"dateModified\":\"2026-04-07T12:27:40+00:00\",\"breadcrumb\":{\"@id\":\"https:\\\/\\\/xstyle.md\\\/product\\\/raskladnoj-stol-camp4-9105488-tisch-easy-wood\\\/#breadcrumb\"},\"inLanguage\":\"ro-RO\",\"potentialAction\":[{\"@type\":\"ReadAction\",\"target\":[\"https:\\\/\\\/xstyle.md\\\/product\\\/raskladnoj-stol-camp4-9105488-tisch-easy-wood\\\/\"]}]},{\"@type\":\"ImageObject\",\"inLanguage\":\"ro-RO\",\"@id\":\"https:\\\/\\\/xstyle.md\\\/product\\\/raskladnoj-stol-camp4-9105488-tisch-easy-wood\\\/#primaryimage\",\"url\":\"https:\\\/\\\/xstyle.md\\\/wp-content\\\/uploads\\\/2025\\\/08\\\/camp4-9105488-tisch-easy-wood-4.webp\",\"contentUrl\":\"https:\\\/\\\/xstyle.md\\\/wp-content\\\/uploads\\\/2025\\\/08\\\/camp4-9105488-tisch-easy-wood-4.webp\",\"width\":1200,\"height\":1200,\"caption\":\"\u0420\u0430\u0441\u043a\u043b\u0430\u0434\u043d\u043e\u0439 \u0441\u0442\u043e\u043b Camp4 9105488 Tisch Easy Wood \u0434\u043b\u044f \u0430\u043a\u0442\u0438\u0432\u043d\u043e\u0433\u043e \u043e\u0442\u0434\u044b\u0445\u0430 \u043f\u043e\u0445\u043e\u0434\u043e\u0432 \u043f\u0443\u0442\u0435\u0448\u0435\u0441\u0442\u0432\u0438\u0439 \u0438 \u0437\u0430\u043d\u044f\u0442\u0438\u0439 \u0441\u043f\u043e\u0440\u0442\u043e\u043c \u0432 \u0438\u043d\u0442\u0435\u0440\u043d\u0435\u0442-\u043c\u0430\u0433\u0430\u0437\u0438\u043d\u0435 \u0442\u043e\u0432\u0430\u0440\u043e\u0432 \u0434\u043b\u044f \u0430\u043a\u0442\u0438\u0432\u043d\u043e\u0439 \u0436\u0438\u0437\u043d\u0438, \u043e\u0434\u0435\u0436\u0434\u044b \u0438 \u043e\u0431\u0443\u0432\u0438\"},{\"@type\":\"BreadcrumbList\",\"@id\":\"https:\\\/\\\/xstyle.md\\\/product\\\/raskladnoj-stol-camp4-9105488-tisch-easy-wood\\\/#breadcrumb\",\"itemListElement\":[{\"@type\":\"ListItem\",\"position\":1,\"name\":\"\u0413\u043b\u0430\u0432\u043d\u0430\u044f \u0441\u0442\u0440\u0430\u043d\u0438\u0446\u0430\",\"item\":\"https:\\\/\\\/xstyle.md\\\/\"},{\"@type\":\"ListItem\",\"position\":2,\"name\":\"\u041c\u0430\u0433\u0430\u0437\u0438\u043d\",\"item\":\"https:\\\/\\\/xstyle.md\\\/shop\\\/\"},{\"@type\":\"ListItem\",\"position\":3,\"name\":\"\u0420\u0430\u0441\u043a\u043b\u0430\u0434\u043d\u043e\u0439 \u0441\u0442\u043e\u043b Camp4 9105488 Tisch Easy Wood\"}]},{\"@type\":\"WebSite\",\"@id\":\"https:\\\/\\\/xstyle.md\\\/#website\",\"url\":\"https:\\\/\\\/xstyle.md\\\/\",\"name\":\"\u041c\u0430\u0433\u0430\u0437\u0438\u043d Xstyle\",\"description\":\"C\u043d\u0430\u0440\u044f\u0436\u0435\u043d\u0438\u0435 \u0434\u043b\u044f \u0442\u0443\u0440\u0438\u0437\u043c\u0430 \u0438 \u044d\u043a\u0441\u0442\u0440\u0435\u043c\u0430\u043b\u044c\u043d\u044b\u0445 \u0432\u0438\u0434\u043e\u0432 \u0441\u043f\u043e\u0440\u0442\u0430 \u0432 \u041c\u043e\u043b\u0434\u043e\u0432\u0435.. \u0426\u0435\u043d\u044b, \u0444\u043e\u0442\u043e, \u0445\u0430\u0440\u0430\u043a\u0442\u0435\u0440\u0438\u0441\u0442\u0438\u043a\u0438 \u0432 \u041c\u043e\u043b\u0434\u043e\u0432\u0435.\",\"publisher\":{\"@id\":\"https:\\\/\\\/xstyle.md\\\/#organization\"},\"alternateName\":\"X-Style\",\"potentialAction\":[{\"@type\":\"SearchAction\",\"target\":{\"@type\":\"EntryPoint\",\"urlTemplate\":\"https:\\\/\\\/xstyle.md\\\/?s={search_term_string}\"},\"query-input\":{\"@type\":\"PropertyValueSpecification\",\"valueRequired\":true,\"valueName\":\"search_term_string\"}}],\"inLanguage\":\"ro-RO\"},{\"@type\":\"Organization\",\"@id\":\"https:\\\/\\\/xstyle.md\\\/#organization\",\"name\":\"\u041c\u0430\u0433\u0430\u0437\u0438\u043d Xstyle\",\"alternateName\":\"x-style\",\"url\":\"https:\\\/\\\/xstyle.md\\\/\",\"logo\":{\"@type\":\"ImageObject\",\"inLanguage\":\"ro-RO\",\"@id\":\"https:\\\/\\\/xstyle.md\\\/#\\\/schema\\\/logo\\\/image\\\/\",\"url\":\"https:\\\/\\\/xstyle.md\\\/wp-content\\\/uploads\\\/2020\\\/06\\\/logoicon.svg\",\"contentUrl\":\"https:\\\/\\\/xstyle.md\\\/wp-content\\\/uploads\\\/2020\\\/06\\\/logoicon.svg\",\"caption\":\"\u041c\u0430\u0433\u0430\u0437\u0438\u043d Xstyle\"},\"image\":{\"@id\":\"https:\\\/\\\/xstyle.md\\\/#\\\/schema\\\/logo\\\/image\\\/\"},\"sameAs\":[\"https:\\\/\\\/www.facebook.com\\\/xstylemd\",\"https:\\\/\\\/www.instagram.com\\\/xstyle_md\\\/\",\"https:\\\/\\\/t.me\\\/xstyle_outdoor\"],\"hasMerchantReturnPolicy\":{\"@type\":\"MerchantReturnPolicy\",\"merchantReturnLink\":\"https:\\\/\\\/xstyle.md\\\/ro\\\/conditions\\\/\"}}]}<\/script>\n<meta property=\"product:price:amount\" content=\"1890.00\" \/>\n<meta property=\"product:price:currency\" content=\"MDL\" \/>\n<meta property=\"og:availability\" content=\"out of stock\" \/>\n<meta property=\"product:availability\" content=\"out of stock\" \/>\n<meta property=\"product:retailer_item_id\" content=\"4043729170230\" \/>\n<meta property=\"product:condition\" content=\"new\" \/>\n<!-- \/ Yoast SEO plugin. -->","yoast_head_json":{"title":"\u0420\u0430\u0441\u043a\u043b\u0430\u0434\u043d\u043e\u0439 \u0441\u0442\u043e\u043b Camp4 9105488 Tisch Easy Wood - \u041c\u0430\u0433\u0430\u0437\u0438\u043d Xstyle","robots":{"index":"index","follow":"follow","max-snippet":"max-snippet:-1","max-image-preview":"max-image-preview:large","max-video-preview":"max-video-preview:-1"},"canonical":"https:\/\/xstyle.md\/ro\/produs\/raskladnoj-stol-camp4-9105488-tisch-easy-wood\/","og_locale":"ro_RO","og_type":"article","og_title":"\u0420\u0430\u0441\u043a\u043b\u0430\u0434\u043d\u043e\u0439 \u0441\u0442\u043e\u043b Camp4 9105488 Tisch Easy Wood - \u041c\u0430\u0433\u0430\u0437\u0438\u043d Xstyle","og_description":"\u0411\u0440\u0435\u043d\u0434 Camp4 \u2014 \u044d\u0442\u043e \u0438\u0437\u0432\u0435\u0441\u0442\u043d\u044b\u0439 \u0435\u0432\u0440\u043e\u043f\u0435\u0439\u0441\u043a\u0438\u0439 \u0431\u0440\u0435\u043d\u0434, \u0441\u043f\u0435\u0446\u0438\u0430\u043b\u0438\u0437\u0438\u0440\u0443\u044e\u0449\u0438\u0439\u0441\u044f \u043d\u0430 \u043f\u0440\u043e\u0438\u0437\u0432\u043e\u0434\u0441\u0442\u0432\u0435 \u043a\u0430\u0447\u0435\u0441\u0442\u0432\u0435\u043d\u043d\u043e\u0433\u043e \u0441\u043d\u0430\u0440\u044f\u0436\u0435\u043d\u0438\u044f \u0434\u043b\u044f \u043a\u0435\u043c\u043f\u0438\u043d\u0433\u0430, \u043a\u0430\u0440\u0430\u0432\u0430\u043d\u0438\u043d\u0433\u0430 \u0438 \u0430\u043a\u0442\u0438\u0432\u043d\u043e\u0433\u043e \u043e\u0442\u0434\u044b\u0445\u0430. \u0410\u0441\u0441\u043e\u0440\u0442\u0438\u043c\u0435\u043d\u0442 \u0431\u0440\u0435\u043d\u0434\u0430 \u0432\u043a\u043b\u044e\u0447\u0430\u0435\u0442 \u0432 \u0441\u0435\u0431\u044f \u0432\u0441\u0451: \u043e\u0442 \u044d\u0440\u0433\u043e\u043d\u043e\u043c\u0438\u0447\u043d\u043e\u0439 \u043c\u0435\u0431\u0435\u043b\u0438 \u0438 \u043f\u043e\u0441\u0443\u0434\u044b \u0434\u043e \u0438\u043d\u043d\u043e\u0432\u0430\u0446\u0438\u043e\u043d\u043d\u044b\u0445 \u0430\u043a\u0441\u0435\u0441\u0441\u0443\u0430\u0440\u043e\u0432 \u0434\u043b\u044f \u0430\u0432\u0442\u043e\u0434\u043e\u043c\u043e\u0432, \u0441\u043e\u0447\u0435\u0442\u0430\u044f \u0432 \u0441\u0435\u0431\u0435 \u043d\u0435\u043c\u0435\u0446\u043a\u0443\u044e \u043f\u0440\u0430\u043a\u0442\u0438\u0447\u043d\u043e\u0441\u0442\u044c, \u0441\u043e\u0432\u0440\u0435\u043c\u0435\u043d\u043d\u044b\u0439 \u0434\u0438\u0437\u0430\u0439\u043d \u0438 \u0434\u043e\u0441\u0442\u0443\u043f\u043d\u0443\u044e \u0446\u0435\u043d\u0443.","og_url":"https:\/\/xstyle.md\/ro\/produs\/raskladnoj-stol-camp4-9105488-tisch-easy-wood\/","og_site_name":"\u041c\u0430\u0433\u0430\u0437\u0438\u043d Xstyle","article_publisher":"https:\/\/www.facebook.com\/xstylemd","article_modified_time":"2026-04-07T12:27:40+00:00","og_image":[{"width":1200,"height":1200,"url":"https:\/\/xstyle.md\/wp-content\/uploads\/2025\/08\/camp4-9105488-tisch-easy-wood-4.webp","type":"image\/webp"}],"twitter_card":"summary_large_image","twitter_misc":{"Pre\u021b":"1.890&nbsp;MDL","Disponibilitate":"Stoc epuizat"},"schema":{"@context":"https:\/\/schema.org","@graph":[{"@type":"WebPage","@id":"https:\/\/xstyle.md\/product\/raskladnoj-stol-camp4-9105488-tisch-easy-wood\/","url":"https:\/\/xstyle.md\/product\/raskladnoj-stol-camp4-9105488-tisch-easy-wood\/","name":"\u0420\u0430\u0441\u043a\u043b\u0430\u0434\u043d\u043e\u0439 \u0441\u0442\u043e\u043b Camp4 9105488 Tisch Easy Wood - \u041c\u0430\u0433\u0430\u0437\u0438\u043d Xstyle","isPartOf":{"@id":"https:\/\/xstyle.md\/#website"},"primaryImageOfPage":{"@id":"https:\/\/xstyle.md\/product\/raskladnoj-stol-camp4-9105488-tisch-easy-wood\/#primaryimage"},"image":{"@id":"https:\/\/xstyle.md\/product\/raskladnoj-stol-camp4-9105488-tisch-easy-wood\/#primaryimage"},"thumbnailUrl":"https:\/\/xstyle.md\/wp-content\/uploads\/2025\/08\/camp4-9105488-tisch-easy-wood-4.webp","datePublished":"2025-08-21T10:19:18+00:00","dateModified":"2026-04-07T12:27:40+00:00","breadcrumb":{"@id":"https:\/\/xstyle.md\/product\/raskladnoj-stol-camp4-9105488-tisch-easy-wood\/#breadcrumb"},"inLanguage":"ro-RO","potentialAction":[{"@type":"ReadAction","target":["https:\/\/xstyle.md\/product\/raskladnoj-stol-camp4-9105488-tisch-easy-wood\/"]}]},{"@type":"ImageObject","inLanguage":"ro-RO","@id":"https:\/\/xstyle.md\/product\/raskladnoj-stol-camp4-9105488-tisch-easy-wood\/#primaryimage","url":"https:\/\/xstyle.md\/wp-content\/uploads\/2025\/08\/camp4-9105488-tisch-easy-wood-4.webp","contentUrl":"https:\/\/xstyle.md\/wp-content\/uploads\/2025\/08\/camp4-9105488-tisch-easy-wood-4.webp","width":1200,"height":1200,"caption":"\u0420\u0430\u0441\u043a\u043b\u0430\u0434\u043d\u043e\u0439 \u0441\u0442\u043e\u043b Camp4 9105488 Tisch Easy Wood \u0434\u043b\u044f \u0430\u043a\u0442\u0438\u0432\u043d\u043e\u0433\u043e \u043e\u0442\u0434\u044b\u0445\u0430 \u043f\u043e\u0445\u043e\u0434\u043e\u0432 \u043f\u0443\u0442\u0435\u0448\u0435\u0441\u0442\u0432\u0438\u0439 \u0438 \u0437\u0430\u043d\u044f\u0442\u0438\u0439 \u0441\u043f\u043e\u0440\u0442\u043e\u043c \u0432 \u0438\u043d\u0442\u0435\u0440\u043d\u0435\u0442-\u043c\u0430\u0433\u0430\u0437\u0438\u043d\u0435 \u0442\u043e\u0432\u0430\u0440\u043e\u0432 \u0434\u043b\u044f \u0430\u043a\u0442\u0438\u0432\u043d\u043e\u0439 \u0436\u0438\u0437\u043d\u0438, \u043e\u0434\u0435\u0436\u0434\u044b \u0438 \u043e\u0431\u0443\u0432\u0438"},{"@type":"BreadcrumbList","@id":"https:\/\/xstyle.md\/product\/raskladnoj-stol-camp4-9105488-tisch-easy-wood\/#breadcrumb","itemListElement":[{"@type":"ListItem","position":1,"name":"\u0413\u043b\u0430\u0432\u043d\u0430\u044f \u0441\u0442\u0440\u0430\u043d\u0438\u0446\u0430","item":"https:\/\/xstyle.md\/"},{"@type":"ListItem","position":2,"name":"\u041c\u0430\u0433\u0430\u0437\u0438\u043d","item":"https:\/\/xstyle.md\/shop\/"},{"@type":"ListItem","position":3,"name":"\u0420\u0430\u0441\u043a\u043b\u0430\u0434\u043d\u043e\u0439 \u0441\u0442\u043e\u043b Camp4 9105488 Tisch Easy Wood"}]},{"@type":"WebSite","@id":"https:\/\/xstyle.md\/#website","url":"https:\/\/xstyle.md\/","name":"Magazinul X-Style","description":"Echipamente pentru turism \u0219i sporturi extreme \u00een Moldova. Pre\u021buri, fotografii, caracteristici \u00een Moldova.","publisher":{"@id":"https:\/\/xstyle.md\/#organization"},"alternateName":"X-Style","potentialAction":[{"@type":"SearchAction","target":{"@type":"EntryPoint","urlTemplate":"https:\/\/xstyle.md\/?s={search_term_string}"},"query-input":{"@type":"PropertyValueSpecification","valueRequired":true,"valueName":"search_term_string"}}],"inLanguage":"ro-RO"},{"@type":"Organization","@id":"https:\/\/xstyle.md\/#organization","name":"Magazinul X-Style","alternateName":"x-style","url":"https:\/\/xstyle.md\/","logo":{"@type":"ImageObject","inLanguage":"ro-RO","@id":"https:\/\/xstyle.md\/#\/schema\/logo\/image\/","url":"https:\/\/xstyle.md\/wp-content\/uploads\/2020\/06\/logoicon.svg","contentUrl":"https:\/\/xstyle.md\/wp-content\/uploads\/2020\/06\/logoicon.svg","caption":"\u041c\u0430\u0433\u0430\u0437\u0438\u043d Xstyle"},"image":{"@id":"https:\/\/xstyle.md\/#\/schema\/logo\/image\/"},"sameAs":["https:\/\/www.facebook.com\/xstylemd","https:\/\/www.instagram.com\/xstyle_md\/","https:\/\/t.me\/xstyle_outdoor"],"hasMerchantReturnPolicy":{"@type":"MerchantReturnPolicy","merchantReturnLink":"https:\/\/xstyle.md\/ro\/conditions\/"}}]},"product_price_amount":"1890.00","product_price_currency":"MDL","og_availability":"out of stock","product_availability":"out of stock","product_retailer_item_id":"4043729170230","product_condition":"new"},"_links":{"self":[{"href":"https:\/\/xstyle.md\/ro\/wp-json\/wp\/v2\/product\/96233","targetHints":{"allow":["GET"]}}],"collection":[{"href":"https:\/\/xstyle.md\/ro\/wp-json\/wp\/v2\/product"}],"about":[{"href":"https:\/\/xstyle.md\/ro\/wp-json\/wp\/v2\/types\/product"}],"replies":[{"embeddable":true,"href":"https:\/\/xstyle.md\/ro\/wp-json\/wp\/v2\/comments?post=96233"}],"wp:featuredmedia":[{"embeddable":true,"href":"https:\/\/xstyle.md\/ro\/wp-json\/wp\/v2\/media\/101795"}],"wp:attachment":[{"href":"https:\/\/xstyle.md\/ro\/wp-json\/wp\/v2\/media?parent=96233"}],"wp:term":[{"taxonomy":"product_brand","embeddable":true,"href":"https:\/\/xstyle.md\/ro\/wp-json\/wp\/v2\/product_brand?post=96233"},{"taxonomy":"product_cat","embeddable":true,"href":"https:\/\/xstyle.md\/ro\/wp-json\/wp\/v2\/product_cat?post=96233"},{"taxonomy":"product_tag","embeddable":true,"href":"https:\/\/xstyle.md\/ro\/wp-json\/wp\/v2\/product_tag?post=96233"}],"curies":[{"name":"wp","href":"https:\/\/api.w.org\/{rel}","templated":true}]}}