{"id":96229,"date":"2025-08-21T13:19:17","date_gmt":"2025-08-21T10:19:17","guid":{"rendered":"https:\/\/xstyle.md\/?post_type=product&#038;p=96229"},"modified":"2026-03-04T12:41:43","modified_gmt":"2026-03-04T09:41:43","slug":"sandalii-keen-seacamp-ii-cnx-jr-y-dark-olive-gold-fame","status":"publish","type":"product","link":"https:\/\/xstyle.md\/ro\/produs\/sandalii-keen-seacamp-ii-cnx-jr-y-dark-olive-gold-fame\/","title":{"rendered":"Sandale Keen Seacamp II CNX JR Y dark olive\/gold fame"},"content":{"rendered":"<\/p>\n<p>Sandale <strong>Keen Seacamp II CNX<\/strong>\u00a0sunt concepute special pentru copii, cu tehnologia KEEN.CNX pentru flexibilitate maxim\u0103 \u0219i libertate a piciorului. Tupeul din poliester, talpa din microfibr\u0103 \u0219i plasa hidrofob\u0103 din zona de contact cu piciorul fac acest pantof rezistent la umezeal\u0103. Prin urmare, acesta poate fi utilizat \u00een diverse activit\u0103\u021bi acvatice. Partea interioar\u0103 a acestui model este confec\u021bionat\u0103 din material textil. Confortul suplimentar este asigurat de o talp\u0103 interioar\u0103 deta\u0219abil\u0103 realizat\u0103 din material sintetic. Talpa intermediar\u0103 anatomic\u0103 EVA pentru amortizare \u0219i flexibilitate, plus un stabilizator TPU pentru a preveni r\u0103sucirea, v\u0103 vor feri picioarele de accident\u0103ri. Arm\u0103tura KEEN.PROTECT din zona degetelor ofer\u0103 protec\u021bie \u00eempotriva impacturilor nea\u0219teptate. Talpa din cauciuc cu profil multidirec\u021bional cu fante mici asigur\u0103 trac\u021biune pe suprafe\u021be umede sau uscate \u0219i previne alunecarea. Talpa urmeaz\u0103 conturul piciorului pentru confort \u0219i comoditate maxime. Acest model este o op\u021biune excelent\u0103 at\u00e2t pentru ora\u0219, c\u00e2t \u0219i pentru plimb\u0103rile \u00een aer liber \u00een zilele c\u0103lduroase.<\/p>\n<h3>Particularit\u0103\u021bi<\/h3>\n<ul>\n<li>U\u0219oare \u0219i confortabile<\/li>\n<li>C\u0103ptu\u0219eal\u0103 respirabil\u0103<\/li>\n<li>Supinator pentru a sus\u021bine bolta piciorului<\/li>\n<li>Banda de rulare robust\u0103<\/li>\n<li>Velcro pe c\u0103lc\u00e2i<\/li>\n<li>Deget protejat<\/li>\n<li>F\u0103r\u0103 cus\u0103turi pe interior<\/li>\n<li>\u0218iret confortabil<\/li>\n<li>Sistem de reglare rapid\u0103 a l\u0103\u021bimii<\/li>\n<li>Talp\u0103 cu model multidirec\u021bional<\/li>\n<\/ul>\n<h3>Caracteristici<\/h3>\n<ul>\n<li>Material superior &#8212; material sintetic respirabil<\/li>\n<li>Talp\u0103 interioar\u0103 &#8212; anatomic\u0103 + supinator<\/li>\n<li>Talp\u0103 exterioar\u0103 &#8212; EVA<\/li>\n<li>Destina\u021bie &#8212; ora\u0219 \/ trekking<\/li>\n<li>Model &#8212; pentru copii<\/li>\n<\/ul>\n<h3>Tehnologie<\/h3>\n<ul>\n<li><strong>KEEN.PROTECT<\/strong>\u2013 protec\u021bia \u00een zona degetelor de la picioare \u0219i \u00een alt\u0103 parte va oferi confort \u00eempotriva denivel\u0103rilor nea\u0219teptate. Tehnologie brevetat\u0103.<\/li>\n<li><strong>Cleansport nxt \u2014\u00a0<\/strong> este procesul de utilizare a tehnologiei probiotice pentru a reduce mirosurile \u00een \u00eembr\u0103c\u0103mintea \u0219i \u00eenc\u0103l\u021b\u0103mintea sport. Microbii utili care se g\u0103sesc \u00een jurul nostru \u00een natur\u0103 sunt selecta\u021bi \u0219i combina\u021bi cu suprafa\u021ba \u021besutului. Acest proces inovator ecologic de aplicare a microorganismelor vii pe fibre are un efect pozitiv pentru proprietarul pantofilor \u0219i nu d\u0103uneaz\u0103 mediului, spre deosebire de tehnologiile chimice.<\/li>\n<\/ul>\n<h3>Marca<\/h3>\n<p>KEEN \u2014 compania outdoor cu cea mai rapid\u0103 cre\u0219tere din lume. Keen s-a n\u0103scut relativ recent, \u00een martie 2003. Fondatorii s\u0103i, Martin Keane \u0219i Rory Fuest, \u0219i-au propus s\u0103 creeze sandale care s\u0103 ofere protec\u021bie degetelor de la picioare.<\/p>\n<p>Primii pantofi KEEN au fost concepu\u021bi pentru sporturi nautice. O tr\u0103s\u0103tur\u0103 distinctiv\u0103 a modelelor este pernu\u021ba \u00eent\u0103rit\u0103 care protejeaz\u0103 degetele, de asemenea protejeaz\u0103 de uzur\u0103 \u0219i deteriorare.<\/p>\n<p>\u00cen prezent, KEEN ofer\u0103 at\u00e2t \u00eenc\u0103l\u021b\u0103minte conceput\u0103 pentru activit\u0103\u021bi \u00een aer liber \u0219i sport, c\u00e2t \u0219i \u00eenc\u0103l\u021b\u0103minte la mod\u0103 pentru ora\u0219. Compania este \u00een cre\u0219tere \u0219i se dezvolt\u0103 rapid, odat\u0103 cu cre\u0219terea, se schimb\u0103 constant: \u00ee\u0219i extinde gama, ad\u0103ug\u0103 noi stiluri \u0219i culori.<\/p>\n<p><\/p>","protected":false},"excerpt":{"rendered":"","protected":false},"featured_media":96190,"comment_status":"open","ping_status":"closed","template":"","meta":{"_acf_changed":false,"inline_featured_image":false},"product_brand":[1335],"product_cat":[888],"product_tag":[],"class_list":{"0":"post-96229","1":"product","2":"type-product","3":"status-publish","4":"has-post-thumbnail","6":"product_brand-keen","7":"product_cat-kids-summer-shoes","9":"first","10":"instock","11":"shipping-taxable","12":"purchasable","13":"product-type-simple"},"acf":[],"yoast_head":"<!-- This site is optimized with the Yoast SEO plugin v27.4 - https:\/\/yoast.com\/product\/yoast-seo-wordpress\/ -->\n<title>\u0421\u0430\u043d\u0434\u0430\u043b\u0438\u0438 Keen Seacamp II CNX JR Y dark olive\/gold fame - \u041c\u0430\u0433\u0430\u0437\u0438\u043d Xstyle<\/title>\n<meta name=\"robots\" content=\"index, follow, max-snippet:-1, max-image-preview:large, max-video-preview:-1\" \/>\n<link rel=\"canonical\" href=\"https:\/\/xstyle.md\/ro\/produs\/sandalii-keen-seacamp-ii-cnx-jr-y-dark-olive-gold-fame\/\" \/>\n<meta property=\"og:locale\" content=\"ro_RO\" \/>\n<meta property=\"og:type\" content=\"article\" \/>\n<meta property=\"og:title\" content=\"\u0421\u0430\u043d\u0434\u0430\u043b\u0438\u0438 Keen Seacamp II CNX JR Y dark olive\/gold fame - \u041c\u0430\u0433\u0430\u0437\u0438\u043d Xstyle\" \/>\n<meta property=\"og:url\" content=\"https:\/\/xstyle.md\/ro\/produs\/sandalii-keen-seacamp-ii-cnx-jr-y-dark-olive-gold-fame\/\" \/>\n<meta property=\"og:site_name\" content=\"\u041c\u0430\u0433\u0430\u0437\u0438\u043d Xstyle\" \/>\n<meta property=\"article:publisher\" content=\"https:\/\/www.facebook.com\/xstylemd\" \/>\n<meta property=\"article:modified_time\" content=\"2026-03-04T09:41:43+00:00\" \/>\n<meta property=\"og:image\" content=\"https:\/\/xstyle.md\/wp-content\/uploads\/2025\/07\/keen-seacamp-ii-cnx-y-dark-olive-gold-flame.webp\" \/>\n\t<meta property=\"og:image:width\" content=\"884\" \/>\n\t<meta property=\"og:image:height\" content=\"884\" \/>\n\t<meta property=\"og:image:type\" content=\"image\/webp\" \/>\n<meta name=\"twitter:card\" content=\"summary_large_image\" \/>\n<meta name=\"twitter:label1\" content=\"Pre\u021b\" \/>\n\t<meta name=\"twitter:data1\" content=\"1.650&nbsp;MDL\" \/>\n\t<meta name=\"twitter:label2\" content=\"Disponibilitate\" \/>\n\t<meta name=\"twitter:data2\" content=\"\u00cen stoc\" \/>\n<script type=\"application\/ld+json\" class=\"yoast-schema-graph\">{\"@context\":\"https:\\\/\\\/schema.org\",\"@graph\":[{\"@type\":\"WebPage\",\"@id\":\"https:\\\/\\\/xstyle.md\\\/product\\\/sandalii-keen-seacamp-ii-cnx-jr-y-dark-olive-gold-fame\\\/\",\"url\":\"https:\\\/\\\/xstyle.md\\\/product\\\/sandalii-keen-seacamp-ii-cnx-jr-y-dark-olive-gold-fame\\\/\",\"name\":\"\u0421\u0430\u043d\u0434\u0430\u043b\u0438\u0438 Keen Seacamp II CNX JR Y dark olive\\\/gold fame - \u041c\u0430\u0433\u0430\u0437\u0438\u043d Xstyle\",\"isPartOf\":{\"@id\":\"https:\\\/\\\/xstyle.md\\\/#website\"},\"primaryImageOfPage\":{\"@id\":\"https:\\\/\\\/xstyle.md\\\/product\\\/sandalii-keen-seacamp-ii-cnx-jr-y-dark-olive-gold-fame\\\/#primaryimage\"},\"image\":{\"@id\":\"https:\\\/\\\/xstyle.md\\\/product\\\/sandalii-keen-seacamp-ii-cnx-jr-y-dark-olive-gold-fame\\\/#primaryimage\"},\"thumbnailUrl\":\"https:\\\/\\\/xstyle.md\\\/wp-content\\\/uploads\\\/2025\\\/07\\\/keen-seacamp-ii-cnx-y-dark-olive-gold-flame.webp\",\"datePublished\":\"2025-08-21T10:19:17+00:00\",\"dateModified\":\"2026-03-04T09:41:43+00:00\",\"breadcrumb\":{\"@id\":\"https:\\\/\\\/xstyle.md\\\/product\\\/sandalii-keen-seacamp-ii-cnx-jr-y-dark-olive-gold-fame\\\/#breadcrumb\"},\"inLanguage\":\"ro-RO\",\"potentialAction\":[{\"@type\":\"ReadAction\",\"target\":[\"https:\\\/\\\/xstyle.md\\\/product\\\/sandalii-keen-seacamp-ii-cnx-jr-y-dark-olive-gold-fame\\\/\"]}]},{\"@type\":\"ImageObject\",\"inLanguage\":\"ro-RO\",\"@id\":\"https:\\\/\\\/xstyle.md\\\/product\\\/sandalii-keen-seacamp-ii-cnx-jr-y-dark-olive-gold-fame\\\/#primaryimage\",\"url\":\"https:\\\/\\\/xstyle.md\\\/wp-content\\\/uploads\\\/2025\\\/07\\\/keen-seacamp-ii-cnx-y-dark-olive-gold-flame.webp\",\"contentUrl\":\"https:\\\/\\\/xstyle.md\\\/wp-content\\\/uploads\\\/2025\\\/07\\\/keen-seacamp-ii-cnx-y-dark-olive-gold-flame.webp\",\"width\":884,\"height\":884,\"caption\":\"\u0422\u0430\u043f\u043e\u0447\u043a\u0438 Keen Seacamp II CNX Y \u0442\u0435\u043c\u043d\u043e-\u043e\u043b\u0438\u0432\u0430 \u0441 \u0437\u043e\u043b\u043e\u0442\u044b\u043c \u043f\u043b\u0430\u043c\u0435\u043d\u0435\u043c \u0434\u043b\u044f \u0430\u043a\u0442\u0438\u0432\u043d\u043e\u0433\u043e \u043e\u0442\u0434\u044b\u0445\u0430 \u0438 \u043f\u043e\u0445\u043e\u0434\u043e\u0432 \u043e\u0431\u0443\u0432\u044c \u0434\u043b\u044f \u043f\u043e\u0445\u043e\u0434\u043e\u0432 \u0438 \u043f\u0443\u0442\u0435\u0448\u0435\u0441\u0442\u0432\u0438\u0439 \u0432 \u0438\u043d\u0442\u0435\u0440\u043d\u0435\u0442 \u043c\u0430\u0433\u0430\u0437\u0438\u043d\u0435 \u0430\u043a\u0442\u0438\u0432\u043d\u043e\u0439 \u0436\u0438\u0437\u043d\u0438\"},{\"@type\":\"BreadcrumbList\",\"@id\":\"https:\\\/\\\/xstyle.md\\\/product\\\/sandalii-keen-seacamp-ii-cnx-jr-y-dark-olive-gold-fame\\\/#breadcrumb\",\"itemListElement\":[{\"@type\":\"ListItem\",\"position\":1,\"name\":\"\u0413\u043b\u0430\u0432\u043d\u0430\u044f \u0441\u0442\u0440\u0430\u043d\u0438\u0446\u0430\",\"item\":\"https:\\\/\\\/xstyle.md\\\/\"},{\"@type\":\"ListItem\",\"position\":2,\"name\":\"\u041c\u0430\u0433\u0430\u0437\u0438\u043d\",\"item\":\"https:\\\/\\\/xstyle.md\\\/shop\\\/\"},{\"@type\":\"ListItem\",\"position\":3,\"name\":\"\u0421\u0430\u043d\u0434\u0430\u043b\u0438\u0438 Keen Seacamp II CNX JR Y dark olive\\\/gold fame\"}]},{\"@type\":\"WebSite\",\"@id\":\"https:\\\/\\\/xstyle.md\\\/#website\",\"url\":\"https:\\\/\\\/xstyle.md\\\/\",\"name\":\"\u041c\u0430\u0433\u0430\u0437\u0438\u043d Xstyle\",\"description\":\"C\u043d\u0430\u0440\u044f\u0436\u0435\u043d\u0438\u0435 \u0434\u043b\u044f \u0442\u0443\u0440\u0438\u0437\u043c\u0430 \u0438 \u044d\u043a\u0441\u0442\u0440\u0435\u043c\u0430\u043b\u044c\u043d\u044b\u0445 \u0432\u0438\u0434\u043e\u0432 \u0441\u043f\u043e\u0440\u0442\u0430 \u0432 \u041c\u043e\u043b\u0434\u043e\u0432\u0435.. \u0426\u0435\u043d\u044b, \u0444\u043e\u0442\u043e, \u0445\u0430\u0440\u0430\u043a\u0442\u0435\u0440\u0438\u0441\u0442\u0438\u043a\u0438 \u0432 \u041c\u043e\u043b\u0434\u043e\u0432\u0435.\",\"publisher\":{\"@id\":\"https:\\\/\\\/xstyle.md\\\/#organization\"},\"alternateName\":\"X-Style\",\"potentialAction\":[{\"@type\":\"SearchAction\",\"target\":{\"@type\":\"EntryPoint\",\"urlTemplate\":\"https:\\\/\\\/xstyle.md\\\/?s={search_term_string}\"},\"query-input\":{\"@type\":\"PropertyValueSpecification\",\"valueRequired\":true,\"valueName\":\"search_term_string\"}}],\"inLanguage\":\"ro-RO\"},{\"@type\":\"Organization\",\"@id\":\"https:\\\/\\\/xstyle.md\\\/#organization\",\"name\":\"\u041c\u0430\u0433\u0430\u0437\u0438\u043d Xstyle\",\"alternateName\":\"x-style\",\"url\":\"https:\\\/\\\/xstyle.md\\\/\",\"logo\":{\"@type\":\"ImageObject\",\"inLanguage\":\"ro-RO\",\"@id\":\"https:\\\/\\\/xstyle.md\\\/#\\\/schema\\\/logo\\\/image\\\/\",\"url\":\"https:\\\/\\\/xstyle.md\\\/wp-content\\\/uploads\\\/2020\\\/06\\\/logoicon.svg\",\"contentUrl\":\"https:\\\/\\\/xstyle.md\\\/wp-content\\\/uploads\\\/2020\\\/06\\\/logoicon.svg\",\"caption\":\"\u041c\u0430\u0433\u0430\u0437\u0438\u043d Xstyle\"},\"image\":{\"@id\":\"https:\\\/\\\/xstyle.md\\\/#\\\/schema\\\/logo\\\/image\\\/\"},\"sameAs\":[\"https:\\\/\\\/www.facebook.com\\\/xstylemd\",\"https:\\\/\\\/www.instagram.com\\\/xstyle_md\\\/\",\"https:\\\/\\\/t.me\\\/xstyle_outdoor\"],\"hasMerchantReturnPolicy\":{\"@type\":\"MerchantReturnPolicy\",\"merchantReturnLink\":\"https:\\\/\\\/xstyle.md\\\/ro\\\/conditions\\\/\"}}]}<\/script>\n<meta property=\"product:price:amount\" content=\"1650.00\" \/>\n<meta property=\"product:price:currency\" content=\"MDL\" \/>\n<meta property=\"og:availability\" content=\"instock\" \/>\n<meta property=\"product:availability\" content=\"instock\" \/>\n<meta property=\"product:retailer_item_id\" content=\"195208386671\" \/>\n<meta property=\"product:condition\" content=\"new\" \/>\n<!-- \/ Yoast SEO plugin. -->","yoast_head_json":{"title":"\u0421\u0430\u043d\u0434\u0430\u043b\u0438\u0438 Keen Seacamp II CNX JR Y dark olive\/gold fame - \u041c\u0430\u0433\u0430\u0437\u0438\u043d Xstyle","robots":{"index":"index","follow":"follow","max-snippet":"max-snippet:-1","max-image-preview":"max-image-preview:large","max-video-preview":"max-video-preview:-1"},"canonical":"https:\/\/xstyle.md\/ro\/produs\/sandalii-keen-seacamp-ii-cnx-jr-y-dark-olive-gold-fame\/","og_locale":"ro_RO","og_type":"article","og_title":"\u0421\u0430\u043d\u0434\u0430\u043b\u0438\u0438 Keen Seacamp II CNX JR Y dark olive\/gold fame - \u041c\u0430\u0433\u0430\u0437\u0438\u043d Xstyle","og_url":"https:\/\/xstyle.md\/ro\/produs\/sandalii-keen-seacamp-ii-cnx-jr-y-dark-olive-gold-fame\/","og_site_name":"\u041c\u0430\u0433\u0430\u0437\u0438\u043d Xstyle","article_publisher":"https:\/\/www.facebook.com\/xstylemd","article_modified_time":"2026-03-04T09:41:43+00:00","og_image":[{"width":884,"height":884,"url":"https:\/\/xstyle.md\/wp-content\/uploads\/2025\/07\/keen-seacamp-ii-cnx-y-dark-olive-gold-flame.webp","type":"image\/webp"}],"twitter_card":"summary_large_image","twitter_misc":{"Pre\u021b":"1.650&nbsp;MDL","Disponibilitate":"\u00cen stoc"},"schema":{"@context":"https:\/\/schema.org","@graph":[{"@type":"WebPage","@id":"https:\/\/xstyle.md\/product\/sandalii-keen-seacamp-ii-cnx-jr-y-dark-olive-gold-fame\/","url":"https:\/\/xstyle.md\/product\/sandalii-keen-seacamp-ii-cnx-jr-y-dark-olive-gold-fame\/","name":"\u0421\u0430\u043d\u0434\u0430\u043b\u0438\u0438 Keen Seacamp II CNX JR Y dark olive\/gold fame - \u041c\u0430\u0433\u0430\u0437\u0438\u043d Xstyle","isPartOf":{"@id":"https:\/\/xstyle.md\/#website"},"primaryImageOfPage":{"@id":"https:\/\/xstyle.md\/product\/sandalii-keen-seacamp-ii-cnx-jr-y-dark-olive-gold-fame\/#primaryimage"},"image":{"@id":"https:\/\/xstyle.md\/product\/sandalii-keen-seacamp-ii-cnx-jr-y-dark-olive-gold-fame\/#primaryimage"},"thumbnailUrl":"https:\/\/xstyle.md\/wp-content\/uploads\/2025\/07\/keen-seacamp-ii-cnx-y-dark-olive-gold-flame.webp","datePublished":"2025-08-21T10:19:17+00:00","dateModified":"2026-03-04T09:41:43+00:00","breadcrumb":{"@id":"https:\/\/xstyle.md\/product\/sandalii-keen-seacamp-ii-cnx-jr-y-dark-olive-gold-fame\/#breadcrumb"},"inLanguage":"ro-RO","potentialAction":[{"@type":"ReadAction","target":["https:\/\/xstyle.md\/product\/sandalii-keen-seacamp-ii-cnx-jr-y-dark-olive-gold-fame\/"]}]},{"@type":"ImageObject","inLanguage":"ro-RO","@id":"https:\/\/xstyle.md\/product\/sandalii-keen-seacamp-ii-cnx-jr-y-dark-olive-gold-fame\/#primaryimage","url":"https:\/\/xstyle.md\/wp-content\/uploads\/2025\/07\/keen-seacamp-ii-cnx-y-dark-olive-gold-flame.webp","contentUrl":"https:\/\/xstyle.md\/wp-content\/uploads\/2025\/07\/keen-seacamp-ii-cnx-y-dark-olive-gold-flame.webp","width":884,"height":884,"caption":"\u0422\u0430\u043f\u043e\u0447\u043a\u0438 Keen Seacamp II CNX Y \u0442\u0435\u043c\u043d\u043e-\u043e\u043b\u0438\u0432\u0430 \u0441 \u0437\u043e\u043b\u043e\u0442\u044b\u043c \u043f\u043b\u0430\u043c\u0435\u043d\u0435\u043c \u0434\u043b\u044f \u0430\u043a\u0442\u0438\u0432\u043d\u043e\u0433\u043e \u043e\u0442\u0434\u044b\u0445\u0430 \u0438 \u043f\u043e\u0445\u043e\u0434\u043e\u0432 \u043e\u0431\u0443\u0432\u044c \u0434\u043b\u044f \u043f\u043e\u0445\u043e\u0434\u043e\u0432 \u0438 \u043f\u0443\u0442\u0435\u0448\u0435\u0441\u0442\u0432\u0438\u0439 \u0432 \u0438\u043d\u0442\u0435\u0440\u043d\u0435\u0442 \u043c\u0430\u0433\u0430\u0437\u0438\u043d\u0435 \u0430\u043a\u0442\u0438\u0432\u043d\u043e\u0439 \u0436\u0438\u0437\u043d\u0438"},{"@type":"BreadcrumbList","@id":"https:\/\/xstyle.md\/product\/sandalii-keen-seacamp-ii-cnx-jr-y-dark-olive-gold-fame\/#breadcrumb","itemListElement":[{"@type":"ListItem","position":1,"name":"\u0413\u043b\u0430\u0432\u043d\u0430\u044f \u0441\u0442\u0440\u0430\u043d\u0438\u0446\u0430","item":"https:\/\/xstyle.md\/"},{"@type":"ListItem","position":2,"name":"\u041c\u0430\u0433\u0430\u0437\u0438\u043d","item":"https:\/\/xstyle.md\/shop\/"},{"@type":"ListItem","position":3,"name":"\u0421\u0430\u043d\u0434\u0430\u043b\u0438\u0438 Keen Seacamp II CNX JR Y dark olive\/gold fame"}]},{"@type":"WebSite","@id":"https:\/\/xstyle.md\/#website","url":"https:\/\/xstyle.md\/","name":"Magazinul X-Style","description":"Echipamente pentru turism \u0219i sporturi extreme \u00een Moldova. Pre\u021buri, fotografii, caracteristici \u00een Moldova.","publisher":{"@id":"https:\/\/xstyle.md\/#organization"},"alternateName":"X-Style","potentialAction":[{"@type":"SearchAction","target":{"@type":"EntryPoint","urlTemplate":"https:\/\/xstyle.md\/?s={search_term_string}"},"query-input":{"@type":"PropertyValueSpecification","valueRequired":true,"valueName":"search_term_string"}}],"inLanguage":"ro-RO"},{"@type":"Organization","@id":"https:\/\/xstyle.md\/#organization","name":"Magazinul X-Style","alternateName":"x-style","url":"https:\/\/xstyle.md\/","logo":{"@type":"ImageObject","inLanguage":"ro-RO","@id":"https:\/\/xstyle.md\/#\/schema\/logo\/image\/","url":"https:\/\/xstyle.md\/wp-content\/uploads\/2020\/06\/logoicon.svg","contentUrl":"https:\/\/xstyle.md\/wp-content\/uploads\/2020\/06\/logoicon.svg","caption":"\u041c\u0430\u0433\u0430\u0437\u0438\u043d Xstyle"},"image":{"@id":"https:\/\/xstyle.md\/#\/schema\/logo\/image\/"},"sameAs":["https:\/\/www.facebook.com\/xstylemd","https:\/\/www.instagram.com\/xstyle_md\/","https:\/\/t.me\/xstyle_outdoor"],"hasMerchantReturnPolicy":{"@type":"MerchantReturnPolicy","merchantReturnLink":"https:\/\/xstyle.md\/ro\/conditions\/"}}]},"product_price_amount":"1650.00","product_price_currency":"MDL","og_availability":"instock","product_availability":"instock","product_retailer_item_id":"195208386671","product_condition":"new"},"_links":{"self":[{"href":"https:\/\/xstyle.md\/ro\/wp-json\/wp\/v2\/product\/96229","targetHints":{"allow":["GET"]}}],"collection":[{"href":"https:\/\/xstyle.md\/ro\/wp-json\/wp\/v2\/product"}],"about":[{"href":"https:\/\/xstyle.md\/ro\/wp-json\/wp\/v2\/types\/product"}],"replies":[{"embeddable":true,"href":"https:\/\/xstyle.md\/ro\/wp-json\/wp\/v2\/comments?post=96229"}],"wp:featuredmedia":[{"embeddable":true,"href":"https:\/\/xstyle.md\/ro\/wp-json\/wp\/v2\/media\/96190"}],"wp:attachment":[{"href":"https:\/\/xstyle.md\/ro\/wp-json\/wp\/v2\/media?parent=96229"}],"wp:term":[{"taxonomy":"product_brand","embeddable":true,"href":"https:\/\/xstyle.md\/ro\/wp-json\/wp\/v2\/product_brand?post=96229"},{"taxonomy":"product_cat","embeddable":true,"href":"https:\/\/xstyle.md\/ro\/wp-json\/wp\/v2\/product_cat?post=96229"},{"taxonomy":"product_tag","embeddable":true,"href":"https:\/\/xstyle.md\/ro\/wp-json\/wp\/v2\/product_tag?post=96229"}],"curies":[{"name":"wp","href":"https:\/\/api.w.org\/{rel}","templated":true}]}}